{"id":15507,"date":"2023-02-07T10:56:05","date_gmt":"2023-02-07T13:56:05","guid":{"rendered":"https:\/\/libreriaguadalupe.com.ar\/libreria\/?post_type=product&#038;p=15507"},"modified":"2025-02-04T14:21:13","modified_gmt":"2025-02-04T17:21:13","slug":"donde-estas-senor-simbolo-del-espacio-en-la-biblia-2","status":"publish","type":"product","link":"https:\/\/libreriaguadalupe.com.ar\/libreria\/producto\/donde-estas-senor-simbolo-del-espacio-en-la-biblia-2\/","title":{"rendered":"\u00bfD\u00f3nde est\u00e1s, Se\u00f1or?"},"content":{"rendered":"<h3>\u00bfD\u00f3nde est\u00e1s, Se\u00f1or?<\/h3>\n<h5 class=\"my-1 font-weight-normal\">S\u00edmbolos del espacio en la Biblia<\/h5>\n<ul>\n<li>Gianfranco Ravasi<\/li>\n<\/ul>\n<div id=\"textoPre0\" class=\"single-book-about-content TextoPre\">El cardenal Gianfranco Ravasi, a partir de una reflexi\u00f3n sobre el s\u00edmbolo, aborda un tema que recorre transversalmente las Escrituras: la dimensi\u00f3n del espacio y su constituci\u00f3n como horizonte de encuentro entre Dios y el hombre.<br \/>\nLa Biblia est\u00e1 impregnada de la percepci\u00f3n del espacio: algunos de sus lugares han llegado a ser familiares a culturas enteras; en muchos de ellos se articula aquel complejo entrelazamiento de relaciones que constituye la historia de la salvaci\u00f3n: Dios y el hombre se encuentran en un espacio, lo habitan e imprimen en \u00e9l las huellas de la propia presencia. Descifrar estas huellas significa reconocer tambi\u00e9n en ellas el signo luminoso, siempre cambiante, de una realidad diferente y m\u00e1s compleja: una realidad que a\u00fan no se ha dado del todo, sino que hay que esperar en la esperanza y en la fe.<\/div>\n<div><\/div>\n<div>ISBN: 8499459790<\/div>\n","protected":false},"excerpt":{"rendered":"<h5 class=\"my-1 font-weight-normal\">S\u00edmbolos del espacio en la Biblia<\/h5>\n<p>AUTOR: EVD<\/p>\n<p>ISBN: 8499459790<\/p>\n","protected":false},"featured_media":15777,"comment_status":"open","ping_status":"closed","template":"","meta":{"jetpack_publicize_message":"","jetpack_publicize_feature_enabled":true,"jetpack_social_post_already_shared":false,"jetpack_social_options":{"image_generator_settings":{"template":"highway","default_image_id":0,"font":"","enabled":false},"version":2}},"product_brand":[],"product_cat":[109],"product_tag":[127,131],"class_list":{"0":"post-15507","1":"product","2":"type-product","3":"status-publish","4":"has-post-thumbnail","6":"product_cat-verbo-divino","7":"product_tag-editorial-guadalupe-de-argentina","8":"product_tag-verbo-divino","10":"first","11":"instock","12":"shipping-taxable","13":"purchasable","14":"product-type-simple"},"yoast_head":"<!-- This site is optimized with the Yoast SEO plugin v27.4 - https:\/\/yoast.com\/product\/yoast-seo-wordpress\/ -->\n<title>\u00bfD\u00f3nde est\u00e1s, Se\u00f1or? - Editorial Guadalupe de Argentina<\/title>\n<meta name=\"robots\" content=\"index, follow, max-snippet:-1, max-image-preview:large, max-video-preview:-1\" \/>\n<link rel=\"canonical\" href=\"https:\/\/libreriaguadalupe.com.ar\/libreria\/producto\/donde-estas-senor-simbolo-del-espacio-en-la-biblia-2\/\" \/>\n<meta property=\"og:locale\" content=\"es_ES\" \/>\n<meta property=\"og:type\" content=\"article\" \/>\n<meta property=\"og:title\" content=\"\u00bfD\u00f3nde est\u00e1s, Se\u00f1or? - Editorial Guadalupe de Argentina\" \/>\n<meta property=\"og:description\" content=\"S\u00edmbolos del espacio en la Biblia AUTOR: EVD  ISBN: 8499459790\" \/>\n<meta property=\"og:url\" content=\"https:\/\/libreriaguadalupe.com.ar\/libreria\/producto\/donde-estas-senor-simbolo-del-espacio-en-la-biblia-2\/\" \/>\n<meta property=\"og:site_name\" content=\"Editorial Guadalupe de Argentina\" \/>\n<meta property=\"article:publisher\" content=\"https:\/\/www.facebook.com\/LibreriaGuadalupeAR\/\" \/>\n<meta property=\"article:modified_time\" content=\"2025-02-04T17:21:13+00:00\" \/>\n<meta property=\"og:image\" content=\"https:\/\/libreriaguadalupe.com.ar\/libreria\/wp-content\/uploads\/2023\/02\/Donde-estas-Senor.jpg\" \/>\n\t<meta property=\"og:image:width\" content=\"380\" \/>\n\t<meta property=\"og:image:height\" content=\"586\" \/>\n\t<meta property=\"og:image:type\" content=\"image\/jpeg\" \/>\n<meta name=\"twitter:card\" content=\"summary_large_image\" \/>\n<meta name=\"twitter:label1\" content=\"Tiempo de lectura\" \/>\n\t<meta name=\"twitter:data1\" content=\"1 minuto\" \/>\n<script type=\"application\/ld+json\" class=\"yoast-schema-graph\">{\"@context\":\"https:\\\/\\\/schema.org\",\"@graph\":[{\"@type\":\"WebPage\",\"@id\":\"https:\\\/\\\/libreriaguadalupe.com.ar\\\/libreria\\\/producto\\\/donde-estas-senor-simbolo-del-espacio-en-la-biblia-2\\\/\",\"url\":\"https:\\\/\\\/libreriaguadalupe.com.ar\\\/libreria\\\/producto\\\/donde-estas-senor-simbolo-del-espacio-en-la-biblia-2\\\/\",\"name\":\"\u00bfD\u00f3nde est\u00e1s, Se\u00f1or? - Editorial Guadalupe de Argentina\",\"isPartOf\":{\"@id\":\"https:\\\/\\\/libreriaguadalupe.com.ar\\\/libreria\\\/#website\"},\"primaryImageOfPage\":{\"@id\":\"https:\\\/\\\/libreriaguadalupe.com.ar\\\/libreria\\\/producto\\\/donde-estas-senor-simbolo-del-espacio-en-la-biblia-2\\\/#primaryimage\"},\"image\":{\"@id\":\"https:\\\/\\\/libreriaguadalupe.com.ar\\\/libreria\\\/producto\\\/donde-estas-senor-simbolo-del-espacio-en-la-biblia-2\\\/#primaryimage\"},\"thumbnailUrl\":\"https:\\\/\\\/i0.wp.com\\\/libreriaguadalupe.com.ar\\\/libreria\\\/wp-content\\\/uploads\\\/2023\\\/02\\\/Donde-estas-Senor.jpg?fit=380%2C586&ssl=1\",\"datePublished\":\"2023-02-07T13:56:05+00:00\",\"dateModified\":\"2025-02-04T17:21:13+00:00\",\"breadcrumb\":{\"@id\":\"https:\\\/\\\/libreriaguadalupe.com.ar\\\/libreria\\\/producto\\\/donde-estas-senor-simbolo-del-espacio-en-la-biblia-2\\\/#breadcrumb\"},\"inLanguage\":\"es\",\"potentialAction\":[{\"@type\":\"ReadAction\",\"target\":[\"https:\\\/\\\/libreriaguadalupe.com.ar\\\/libreria\\\/producto\\\/donde-estas-senor-simbolo-del-espacio-en-la-biblia-2\\\/\"]}]},{\"@type\":\"ImageObject\",\"inLanguage\":\"es\",\"@id\":\"https:\\\/\\\/libreriaguadalupe.com.ar\\\/libreria\\\/producto\\\/donde-estas-senor-simbolo-del-espacio-en-la-biblia-2\\\/#primaryimage\",\"url\":\"https:\\\/\\\/i0.wp.com\\\/libreriaguadalupe.com.ar\\\/libreria\\\/wp-content\\\/uploads\\\/2023\\\/02\\\/Donde-estas-Senor.jpg?fit=380%2C586&ssl=1\",\"contentUrl\":\"https:\\\/\\\/i0.wp.com\\\/libreriaguadalupe.com.ar\\\/libreria\\\/wp-content\\\/uploads\\\/2023\\\/02\\\/Donde-estas-Senor.jpg?fit=380%2C586&ssl=1\",\"width\":380,\"height\":586},{\"@type\":\"BreadcrumbList\",\"@id\":\"https:\\\/\\\/libreriaguadalupe.com.ar\\\/libreria\\\/producto\\\/donde-estas-senor-simbolo-del-espacio-en-la-biblia-2\\\/#breadcrumb\",\"itemListElement\":[{\"@type\":\"ListItem\",\"position\":1,\"name\":\"Portada\",\"item\":\"https:\\\/\\\/libreriaguadalupe.com.ar\\\/libreria\\\/\"},{\"@type\":\"ListItem\",\"position\":2,\"name\":\"Tienda\",\"item\":\"https:\\\/\\\/libreriaguadalupe.com.ar\\\/libreria\\\/\"},{\"@type\":\"ListItem\",\"position\":3,\"name\":\"\u00bfD\u00f3nde est\u00e1s, Se\u00f1or?\"}]},{\"@type\":\"WebSite\",\"@id\":\"https:\\\/\\\/libreriaguadalupe.com.ar\\\/libreria\\\/#website\",\"url\":\"https:\\\/\\\/libreriaguadalupe.com.ar\\\/libreria\\\/\",\"name\":\"Editorial Guadalupe de Argentina\",\"description\":\"Congregaci\u00f3n del Verbo Divino\",\"publisher\":{\"@id\":\"https:\\\/\\\/libreriaguadalupe.com.ar\\\/libreria\\\/#organization\"},\"alternateName\":\"Librer\u00eda Guadalupe\",\"potentialAction\":[{\"@type\":\"SearchAction\",\"target\":{\"@type\":\"EntryPoint\",\"urlTemplate\":\"https:\\\/\\\/libreriaguadalupe.com.ar\\\/libreria\\\/?s={search_term_string}\"},\"query-input\":{\"@type\":\"PropertyValueSpecification\",\"valueRequired\":true,\"valueName\":\"search_term_string\"}}],\"inLanguage\":\"es\"},{\"@type\":\"Organization\",\"@id\":\"https:\\\/\\\/libreriaguadalupe.com.ar\\\/libreria\\\/#organization\",\"name\":\"Editorial Guadalupe\",\"alternateName\":\"Librer\u00eda Guadalupe\",\"url\":\"https:\\\/\\\/libreriaguadalupe.com.ar\\\/libreria\\\/\",\"logo\":{\"@type\":\"ImageObject\",\"inLanguage\":\"es\",\"@id\":\"https:\\\/\\\/libreriaguadalupe.com.ar\\\/libreria\\\/#\\\/schema\\\/logo\\\/image\\\/\",\"url\":\"https:\\\/\\\/i0.wp.com\\\/libreriaguadalupe.com.ar\\\/libreria\\\/wp-content\\\/uploads\\\/2023\\\/01\\\/cropped-logo-editorial-guadalupe.webp?fit=500%2C100&ssl=1\",\"contentUrl\":\"https:\\\/\\\/i0.wp.com\\\/libreriaguadalupe.com.ar\\\/libreria\\\/wp-content\\\/uploads\\\/2023\\\/01\\\/cropped-logo-editorial-guadalupe.webp?fit=500%2C100&ssl=1\",\"width\":500,\"height\":100,\"caption\":\"Editorial Guadalupe\"},\"image\":{\"@id\":\"https:\\\/\\\/libreriaguadalupe.com.ar\\\/libreria\\\/#\\\/schema\\\/logo\\\/image\\\/\"},\"sameAs\":[\"https:\\\/\\\/www.facebook.com\\\/LibreriaGuadalupeAR\\\/\",\"https:\\\/\\\/www.instagram.com\\\/editorialguadalupe\\\/\",\"https:\\\/\\\/guadalupeeditorial.mercadoshops.com.ar\\\/\"]}]}<\/script>\n<!-- \/ Yoast SEO plugin. -->","yoast_head_json":{"title":"\u00bfD\u00f3nde est\u00e1s, Se\u00f1or? - Editorial Guadalupe de Argentina","robots":{"index":"index","follow":"follow","max-snippet":"max-snippet:-1","max-image-preview":"max-image-preview:large","max-video-preview":"max-video-preview:-1"},"canonical":"https:\/\/libreriaguadalupe.com.ar\/libreria\/producto\/donde-estas-senor-simbolo-del-espacio-en-la-biblia-2\/","og_locale":"es_ES","og_type":"article","og_title":"\u00bfD\u00f3nde est\u00e1s, Se\u00f1or? - Editorial Guadalupe de Argentina","og_description":"S\u00edmbolos del espacio en la Biblia AUTOR: EVD  ISBN: 8499459790","og_url":"https:\/\/libreriaguadalupe.com.ar\/libreria\/producto\/donde-estas-senor-simbolo-del-espacio-en-la-biblia-2\/","og_site_name":"Editorial Guadalupe de Argentina","article_publisher":"https:\/\/www.facebook.com\/LibreriaGuadalupeAR\/","article_modified_time":"2025-02-04T17:21:13+00:00","og_image":[{"width":380,"height":586,"url":"https:\/\/libreriaguadalupe.com.ar\/libreria\/wp-content\/uploads\/2023\/02\/Donde-estas-Senor.jpg","type":"image\/jpeg"}],"twitter_card":"summary_large_image","twitter_misc":{"Tiempo de lectura":"1 minuto"},"schema":{"@context":"https:\/\/schema.org","@graph":[{"@type":"WebPage","@id":"https:\/\/libreriaguadalupe.com.ar\/libreria\/producto\/donde-estas-senor-simbolo-del-espacio-en-la-biblia-2\/","url":"https:\/\/libreriaguadalupe.com.ar\/libreria\/producto\/donde-estas-senor-simbolo-del-espacio-en-la-biblia-2\/","name":"\u00bfD\u00f3nde est\u00e1s, Se\u00f1or? - Editorial Guadalupe de Argentina","isPartOf":{"@id":"https:\/\/libreriaguadalupe.com.ar\/libreria\/#website"},"primaryImageOfPage":{"@id":"https:\/\/libreriaguadalupe.com.ar\/libreria\/producto\/donde-estas-senor-simbolo-del-espacio-en-la-biblia-2\/#primaryimage"},"image":{"@id":"https:\/\/libreriaguadalupe.com.ar\/libreria\/producto\/donde-estas-senor-simbolo-del-espacio-en-la-biblia-2\/#primaryimage"},"thumbnailUrl":"https:\/\/i0.wp.com\/libreriaguadalupe.com.ar\/libreria\/wp-content\/uploads\/2023\/02\/Donde-estas-Senor.jpg?fit=380%2C586&ssl=1","datePublished":"2023-02-07T13:56:05+00:00","dateModified":"2025-02-04T17:21:13+00:00","breadcrumb":{"@id":"https:\/\/libreriaguadalupe.com.ar\/libreria\/producto\/donde-estas-senor-simbolo-del-espacio-en-la-biblia-2\/#breadcrumb"},"inLanguage":"es","potentialAction":[{"@type":"ReadAction","target":["https:\/\/libreriaguadalupe.com.ar\/libreria\/producto\/donde-estas-senor-simbolo-del-espacio-en-la-biblia-2\/"]}]},{"@type":"ImageObject","inLanguage":"es","@id":"https:\/\/libreriaguadalupe.com.ar\/libreria\/producto\/donde-estas-senor-simbolo-del-espacio-en-la-biblia-2\/#primaryimage","url":"https:\/\/i0.wp.com\/libreriaguadalupe.com.ar\/libreria\/wp-content\/uploads\/2023\/02\/Donde-estas-Senor.jpg?fit=380%2C586&ssl=1","contentUrl":"https:\/\/i0.wp.com\/libreriaguadalupe.com.ar\/libreria\/wp-content\/uploads\/2023\/02\/Donde-estas-Senor.jpg?fit=380%2C586&ssl=1","width":380,"height":586},{"@type":"BreadcrumbList","@id":"https:\/\/libreriaguadalupe.com.ar\/libreria\/producto\/donde-estas-senor-simbolo-del-espacio-en-la-biblia-2\/#breadcrumb","itemListElement":[{"@type":"ListItem","position":1,"name":"Portada","item":"https:\/\/libreriaguadalupe.com.ar\/libreria\/"},{"@type":"ListItem","position":2,"name":"Tienda","item":"https:\/\/libreriaguadalupe.com.ar\/libreria\/"},{"@type":"ListItem","position":3,"name":"\u00bfD\u00f3nde est\u00e1s, Se\u00f1or?"}]},{"@type":"WebSite","@id":"https:\/\/libreriaguadalupe.com.ar\/libreria\/#website","url":"https:\/\/libreriaguadalupe.com.ar\/libreria\/","name":"Editorial Guadalupe de Argentina","description":"Congregaci\u00f3n del Verbo Divino","publisher":{"@id":"https:\/\/libreriaguadalupe.com.ar\/libreria\/#organization"},"alternateName":"Librer\u00eda Guadalupe","potentialAction":[{"@type":"SearchAction","target":{"@type":"EntryPoint","urlTemplate":"https:\/\/libreriaguadalupe.com.ar\/libreria\/?s={search_term_string}"},"query-input":{"@type":"PropertyValueSpecification","valueRequired":true,"valueName":"search_term_string"}}],"inLanguage":"es"},{"@type":"Organization","@id":"https:\/\/libreriaguadalupe.com.ar\/libreria\/#organization","name":"Editorial Guadalupe","alternateName":"Librer\u00eda Guadalupe","url":"https:\/\/libreriaguadalupe.com.ar\/libreria\/","logo":{"@type":"ImageObject","inLanguage":"es","@id":"https:\/\/libreriaguadalupe.com.ar\/libreria\/#\/schema\/logo\/image\/","url":"https:\/\/i0.wp.com\/libreriaguadalupe.com.ar\/libreria\/wp-content\/uploads\/2023\/01\/cropped-logo-editorial-guadalupe.webp?fit=500%2C100&ssl=1","contentUrl":"https:\/\/i0.wp.com\/libreriaguadalupe.com.ar\/libreria\/wp-content\/uploads\/2023\/01\/cropped-logo-editorial-guadalupe.webp?fit=500%2C100&ssl=1","width":500,"height":100,"caption":"Editorial Guadalupe"},"image":{"@id":"https:\/\/libreriaguadalupe.com.ar\/libreria\/#\/schema\/logo\/image\/"},"sameAs":["https:\/\/www.facebook.com\/LibreriaGuadalupeAR\/","https:\/\/www.instagram.com\/editorialguadalupe\/","https:\/\/guadalupeeditorial.mercadoshops.com.ar\/"]}]}},"jetpack_publicize_connections":[],"jetpack_sharing_enabled":true,"jetpack-related-posts":[{"id":16817,"url":"https:\/\/libreriaguadalupe.com.ar\/libreria\/producto\/dios-perdona-y-olvida\/","url_meta":{"origin":15507,"position":0},"title":"Dios Perdona Y Olvida","author":"admin","date":"22\/03\/2023","format":false,"excerpt":"El Perd\u00f3n y el Amor de Dios Serie: Predicaciones Autor: Claudio Rizzo ISBN: 9789505008216 Dimensiones: 14 x 20 cm P\u00e1ginas: 80","rel":"","context":"Entrada similar","block_context":{"text":"Entrada similar","link":""},"img":{"alt_text":"","src":"https:\/\/i0.wp.com\/libreriaguadalupe.com.ar\/libreria\/wp-content\/uploads\/2023\/03\/Dios-Perdona-Y-Olvida.jpeg?fit=342%2C500&ssl=1&resize=350%2C200","width":350,"height":200},"classes":[]},{"id":16848,"url":"https:\/\/libreriaguadalupe.com.ar\/libreria\/producto\/al-encuentro-de-dios-en-la-escritura\/","url_meta":{"origin":15507,"position":1},"title":"Al encuentro de Dios en la Escritura","author":"admin","date":"22\/03\/2023","format":false,"excerpt":"Estudios de teolog\u00eda b\u00edblica Autor: F\u00e9lix Garc\u00eda L\u00f3pez ISBN: 9505008858 Dimensiones: 16 x 24 cm P\u00e1ginas: 256","rel":"","context":"Entrada similar","block_context":{"text":"Entrada similar","link":""},"img":{"alt_text":"","src":"https:\/\/i0.wp.com\/libreriaguadalupe.com.ar\/libreria\/wp-content\/uploads\/2023\/03\/Al-encuentro-de-Dios-en-la-Escritura.jpg?fit=380%2C586&ssl=1&resize=350%2C200","width":350,"height":200},"classes":[]},{"id":17548,"url":"https:\/\/libreriaguadalupe.com.ar\/libreria\/producto\/es-el-senor-rosario-biblico\/","url_meta":{"origin":15507,"position":2},"title":"\u00a1ES EL SE\u00d1OR! Rosario B\u00edblico","author":"admin","date":"12\/10\/2023","format":false,"excerpt":"\u00a0 Autor: AUGUSTO JOS\u00c9 ISBN: 978-950-500-907-7 Dimensiones: 11 x 17 cm P\u00e1ginas: 38","rel":"","context":"Entrada similar","block_context":{"text":"Entrada similar","link":""},"img":{"alt_text":"","src":"https:\/\/i0.wp.com\/libreriaguadalupe.com.ar\/libreria\/wp-content\/uploads\/2023\/10\/MES-DE-LA-BIBLIA-2024-guada3.jpg?fit=470%2C470&ssl=1&resize=350%2C200","width":350,"height":200},"classes":[]},{"id":15825,"url":"https:\/\/libreriaguadalupe.com.ar\/libreria\/producto\/venid-y-trabajad-es-tiempo-de-alabar\/","url_meta":{"origin":15507,"position":3},"title":"Venid y trabajad. \u00a1Es tiempo de alabar!","author":"admin","date":"11\/02\/2023","format":false,"excerpt":"La vocaci\u00f3n del hombre en los relatos de creaci\u00f3n mesopot\u00e1micos y b\u00edblicos Autor: EVD ISBN: 8490735466 Dimensiones: 17 x 24 cm P\u00e1ginas: 360","rel":"","context":"Entrada similar","block_context":{"text":"Entrada similar","link":""},"img":{"alt_text":"","src":"https:\/\/i0.wp.com\/libreriaguadalupe.com.ar\/libreria\/wp-content\/uploads\/2023\/02\/Venid-y-trabajad.-%C2%A1Es-tiempo-de-alabar.jpg?fit=380%2C586&ssl=1&resize=350%2C200","width":350,"height":200},"classes":[]},{"id":19024,"url":"https:\/\/libreriaguadalupe.com.ar\/libreria\/producto\/elementos-catequisticos-desde-la-biblia\/","url_meta":{"origin":15507,"position":4},"title":"Elementos catequ\u00edsticos desde la Biblia","author":"Mariano Zuqui","date":"24\/07\/2025","format":false,"excerpt":"Autor: Eduardo de la Serna T\u00edtulo: \"Elementos catequ\u00edsticos desde la Biblia\" ISBN:978-950-500-954-1 Formato: 15.5\u00a0 (ancho) x 22,5 (alto) cms. Interior: 1\/1 color Papel: Bookcel 80 grs. N\u00ba de P\u00e1ginas: 236 Tapa:4 Colores - Cartulina - Laminado mate Encuadernaci\u00f3n: Binder \u00a0 \u00a0","rel":"","context":"Entrada similar","block_context":{"text":"Entrada similar","link":""},"img":{"alt_text":"","src":"https:\/\/i0.wp.com\/libreriaguadalupe.com.ar\/libreria\/wp-content\/uploads\/2025\/07\/1-2.png?fit=960%2C1200&ssl=1&resize=350%2C200","width":350,"height":200,"srcset":"https:\/\/i0.wp.com\/libreriaguadalupe.com.ar\/libreria\/wp-content\/uploads\/2025\/07\/1-2.png?fit=960%2C1200&ssl=1&resize=350%2C200 1x, https:\/\/i0.wp.com\/libreriaguadalupe.com.ar\/libreria\/wp-content\/uploads\/2025\/07\/1-2.png?fit=960%2C1200&ssl=1&resize=525%2C300 1.5x, https:\/\/i0.wp.com\/libreriaguadalupe.com.ar\/libreria\/wp-content\/uploads\/2025\/07\/1-2.png?fit=960%2C1200&ssl=1&resize=700%2C400 2x"},"classes":[]},{"id":16845,"url":"https:\/\/libreriaguadalupe.com.ar\/libreria\/producto\/a-la-escucha-de-la-palabra\/","url_meta":{"origin":15507,"position":5},"title":"A LA ESCUCHA DE LA PALABRA","author":"admin","date":"22\/03\/2023","format":false,"excerpt":"Panor\u00e1mica b\u00edblica para la lectio divina y la catequesis Autor: Francesc Ramis Darder ISBN: 9505008858 Dimensiones: 16 x 24 cm P\u00e1ginas: 192","rel":"","context":"Entrada similar","block_context":{"text":"Entrada similar","link":""},"img":{"alt_text":"","src":"https:\/\/i0.wp.com\/libreriaguadalupe.com.ar\/libreria\/wp-content\/uploads\/2023\/03\/A-LA-ESCUCHA-DE-LA-PALABRA.jpg?fit=380%2C586&ssl=1&resize=350%2C200","width":350,"height":200},"classes":[]}],"_links":{"self":[{"href":"https:\/\/libreriaguadalupe.com.ar\/libreria\/wp-json\/wp\/v2\/product\/15507","targetHints":{"allow":["GET"]}}],"collection":[{"href":"https:\/\/libreriaguadalupe.com.ar\/libreria\/wp-json\/wp\/v2\/product"}],"about":[{"href":"https:\/\/libreriaguadalupe.com.ar\/libreria\/wp-json\/wp\/v2\/types\/product"}],"replies":[{"embeddable":true,"href":"https:\/\/libreriaguadalupe.com.ar\/libreria\/wp-json\/wp\/v2\/comments?post=15507"}],"version-history":[{"count":3,"href":"https:\/\/libreriaguadalupe.com.ar\/libreria\/wp-json\/wp\/v2\/product\/15507\/revisions"}],"predecessor-version":[{"id":15778,"href":"https:\/\/libreriaguadalupe.com.ar\/libreria\/wp-json\/wp\/v2\/product\/15507\/revisions\/15778"}],"wp:featuredmedia":[{"embeddable":true,"href":"https:\/\/libreriaguadalupe.com.ar\/libreria\/wp-json\/wp\/v2\/media\/15777"}],"wp:attachment":[{"href":"https:\/\/libreriaguadalupe.com.ar\/libreria\/wp-json\/wp\/v2\/media?parent=15507"}],"wp:term":[{"taxonomy":"product_brand","embeddable":true,"href":"https:\/\/libreriaguadalupe.com.ar\/libreria\/wp-json\/wp\/v2\/product_brand?post=15507"},{"taxonomy":"product_cat","embeddable":true,"href":"https:\/\/libreriaguadalupe.com.ar\/libreria\/wp-json\/wp\/v2\/product_cat?post=15507"},{"taxonomy":"product_tag","embeddable":true,"href":"https:\/\/libreriaguadalupe.com.ar\/libreria\/wp-json\/wp\/v2\/product_tag?post=15507"}],"curies":[{"name":"wp","href":"https:\/\/api.w.org\/{rel}","templated":true}]}}