{"id":15506,"date":"2023-02-07T10:56:05","date_gmt":"2023-02-07T13:56:05","guid":{"rendered":"https:\/\/libreriaguadalupe.com.ar\/libreria\/?post_type=product&#038;p=15506"},"modified":"2026-01-28T11:34:05","modified_gmt":"2026-01-28T14:34:05","slug":"las-mujeres-en-la-mirada-de-los-antiguos-cristianos-2","status":"publish","type":"product","link":"https:\/\/libreriaguadalupe.com.ar\/libreria\/producto\/las-mujeres-en-la-mirada-de-los-antiguos-cristianos-2\/","title":{"rendered":"Las mujeres en la mirada de los antiguos escritos cristianos (siglos I-VI)"},"content":{"rendered":"<h3>Las mujeres en la mirada de los antiguos escritos cristianos (siglos I-VI)<\/h3>\n<h5 class=\"my-1 font-weight-normal\">Los Padres de la Iglesia<\/h5>\n<ul>\n<li>Emanuela Prinzivalli<\/li>\n<li>Kari Elisabeth B\u00f8rresen<\/li>\n<\/ul>\n<div id=\"textoPre0\" class=\"single-book-about-content TextoPre\">La colecci\u00f3n \u00abLa Biblia y las mujeres\u00bb inaugura la secci\u00f3n dedicada a \u00abLos Padres de la Iglesia\u00bb. Su estudio se extiende desde los or\u00edgenes cristianos hasta comienzos del siglo VII y comprende obras y autores de lengua griega, latina y sir\u00edaca. Investiga la mirada de los autores cristianos antiguos hacia las mujeres y lo femenino a trav\u00e9s del prisma de la Biblia. La ex\u00e9gesis de las Escrituras se utiliza para crear la plataforma doctrinal de los modelos de g\u00e9nero que se hicieron normativos pr\u00e1cticamente hasta el d\u00eda de hoy. No obstante, el volumen reserva interesantes sorpresas, inesperadas desviaciones y abre pistas de pensamiento que desaf\u00edan normas y presupuestos.<\/div>\n<p>&nbsp;<\/p>\n","protected":false},"excerpt":{"rendered":"<h5 class=\"my-1 font-weight-normal\">Los Padres de la Iglesia<\/h5>\n<p>AUTOR: EVD<\/p>\n<p>ISBN: 8490730041<\/p>\n","protected":false},"featured_media":13379,"comment_status":"open","ping_status":"closed","template":"","meta":{"jetpack_publicize_message":"","jetpack_publicize_feature_enabled":true,"jetpack_social_post_already_shared":false,"jetpack_social_options":{"image_generator_settings":{"template":"highway","default_image_id":0,"font":"","enabled":false},"version":2}},"product_brand":[],"product_cat":[109],"product_tag":[127,131],"class_list":{"0":"post-15506","1":"product","2":"type-product","3":"status-publish","4":"has-post-thumbnail","6":"product_cat-verbo-divino","7":"product_tag-editorial-guadalupe-de-argentina","8":"product_tag-verbo-divino","10":"first","11":"outofstock","12":"shipping-taxable","13":"purchasable","14":"product-type-simple"},"yoast_head":"<!-- This site is optimized with the Yoast SEO plugin v27.4 - https:\/\/yoast.com\/product\/yoast-seo-wordpress\/ -->\n<title>Las mujeres en la mirada de los antiguos escritos cristianos (siglos I-VI) - Editorial Guadalupe de Argentina<\/title>\n<meta name=\"robots\" content=\"index, follow, max-snippet:-1, max-image-preview:large, max-video-preview:-1\" \/>\n<link rel=\"canonical\" href=\"https:\/\/libreriaguadalupe.com.ar\/libreria\/producto\/las-mujeres-en-la-mirada-de-los-antiguos-cristianos-2\/\" \/>\n<meta property=\"og:locale\" content=\"es_ES\" \/>\n<meta property=\"og:type\" content=\"article\" \/>\n<meta property=\"og:title\" content=\"Las mujeres en la mirada de los antiguos escritos cristianos (siglos I-VI) - Editorial Guadalupe de Argentina\" \/>\n<meta property=\"og:description\" content=\"Los Padres de la Iglesia AUTOR: EVD  ISBN: 8490730041\" \/>\n<meta property=\"og:url\" content=\"https:\/\/libreriaguadalupe.com.ar\/libreria\/producto\/las-mujeres-en-la-mirada-de-los-antiguos-cristianos-2\/\" \/>\n<meta property=\"og:site_name\" content=\"Editorial Guadalupe de Argentina\" \/>\n<meta property=\"article:publisher\" content=\"https:\/\/www.facebook.com\/LibreriaGuadalupeAR\/\" \/>\n<meta property=\"article:modified_time\" content=\"2026-01-28T14:34:05+00:00\" \/>\n<meta property=\"og:image\" content=\"https:\/\/libreriaguadalupe.com.ar\/libreria\/wp-content\/uploads\/1674\/33\/1186.jpg\" \/>\n\t<meta property=\"og:image:width\" content=\"315\" \/>\n\t<meta property=\"og:image:height\" content=\"440\" \/>\n\t<meta property=\"og:image:type\" content=\"image\/jpeg\" \/>\n<meta name=\"twitter:card\" content=\"summary_large_image\" \/>\n<meta name=\"twitter:label1\" content=\"Tiempo de lectura\" \/>\n\t<meta name=\"twitter:data1\" content=\"1 minuto\" \/>\n<script type=\"application\/ld+json\" class=\"yoast-schema-graph\">{\"@context\":\"https:\\\/\\\/schema.org\",\"@graph\":[{\"@type\":\"WebPage\",\"@id\":\"https:\\\/\\\/libreriaguadalupe.com.ar\\\/libreria\\\/producto\\\/las-mujeres-en-la-mirada-de-los-antiguos-cristianos-2\\\/\",\"url\":\"https:\\\/\\\/libreriaguadalupe.com.ar\\\/libreria\\\/producto\\\/las-mujeres-en-la-mirada-de-los-antiguos-cristianos-2\\\/\",\"name\":\"Las mujeres en la mirada de los antiguos escritos cristianos (siglos I-VI) - Editorial Guadalupe de Argentina\",\"isPartOf\":{\"@id\":\"https:\\\/\\\/libreriaguadalupe.com.ar\\\/libreria\\\/#website\"},\"primaryImageOfPage\":{\"@id\":\"https:\\\/\\\/libreriaguadalupe.com.ar\\\/libreria\\\/producto\\\/las-mujeres-en-la-mirada-de-los-antiguos-cristianos-2\\\/#primaryimage\"},\"image\":{\"@id\":\"https:\\\/\\\/libreriaguadalupe.com.ar\\\/libreria\\\/producto\\\/las-mujeres-en-la-mirada-de-los-antiguos-cristianos-2\\\/#primaryimage\"},\"thumbnailUrl\":\"https:\\\/\\\/i0.wp.com\\\/libreriaguadalupe.com.ar\\\/libreria\\\/wp-content\\\/uploads\\\/1674\\\/33\\\/1186.jpg?fit=315%2C440&ssl=1\",\"datePublished\":\"2023-02-07T13:56:05+00:00\",\"dateModified\":\"2026-01-28T14:34:05+00:00\",\"breadcrumb\":{\"@id\":\"https:\\\/\\\/libreriaguadalupe.com.ar\\\/libreria\\\/producto\\\/las-mujeres-en-la-mirada-de-los-antiguos-cristianos-2\\\/#breadcrumb\"},\"inLanguage\":\"es\",\"potentialAction\":[{\"@type\":\"ReadAction\",\"target\":[\"https:\\\/\\\/libreriaguadalupe.com.ar\\\/libreria\\\/producto\\\/las-mujeres-en-la-mirada-de-los-antiguos-cristianos-2\\\/\"]}]},{\"@type\":\"ImageObject\",\"inLanguage\":\"es\",\"@id\":\"https:\\\/\\\/libreriaguadalupe.com.ar\\\/libreria\\\/producto\\\/las-mujeres-en-la-mirada-de-los-antiguos-cristianos-2\\\/#primaryimage\",\"url\":\"https:\\\/\\\/i0.wp.com\\\/libreriaguadalupe.com.ar\\\/libreria\\\/wp-content\\\/uploads\\\/1674\\\/33\\\/1186.jpg?fit=315%2C440&ssl=1\",\"contentUrl\":\"https:\\\/\\\/i0.wp.com\\\/libreriaguadalupe.com.ar\\\/libreria\\\/wp-content\\\/uploads\\\/1674\\\/33\\\/1186.jpg?fit=315%2C440&ssl=1\",\"width\":315,\"height\":440},{\"@type\":\"BreadcrumbList\",\"@id\":\"https:\\\/\\\/libreriaguadalupe.com.ar\\\/libreria\\\/producto\\\/las-mujeres-en-la-mirada-de-los-antiguos-cristianos-2\\\/#breadcrumb\",\"itemListElement\":[{\"@type\":\"ListItem\",\"position\":1,\"name\":\"Portada\",\"item\":\"https:\\\/\\\/libreriaguadalupe.com.ar\\\/libreria\\\/\"},{\"@type\":\"ListItem\",\"position\":2,\"name\":\"Tienda\",\"item\":\"https:\\\/\\\/libreriaguadalupe.com.ar\\\/libreria\\\/\"},{\"@type\":\"ListItem\",\"position\":3,\"name\":\"Las mujeres en la mirada de los antiguos escritos cristianos (siglos I-VI)\"}]},{\"@type\":\"WebSite\",\"@id\":\"https:\\\/\\\/libreriaguadalupe.com.ar\\\/libreria\\\/#website\",\"url\":\"https:\\\/\\\/libreriaguadalupe.com.ar\\\/libreria\\\/\",\"name\":\"Editorial Guadalupe de Argentina\",\"description\":\"Congregaci\u00f3n del Verbo Divino\",\"publisher\":{\"@id\":\"https:\\\/\\\/libreriaguadalupe.com.ar\\\/libreria\\\/#organization\"},\"alternateName\":\"Librer\u00eda Guadalupe\",\"potentialAction\":[{\"@type\":\"SearchAction\",\"target\":{\"@type\":\"EntryPoint\",\"urlTemplate\":\"https:\\\/\\\/libreriaguadalupe.com.ar\\\/libreria\\\/?s={search_term_string}\"},\"query-input\":{\"@type\":\"PropertyValueSpecification\",\"valueRequired\":true,\"valueName\":\"search_term_string\"}}],\"inLanguage\":\"es\"},{\"@type\":\"Organization\",\"@id\":\"https:\\\/\\\/libreriaguadalupe.com.ar\\\/libreria\\\/#organization\",\"name\":\"Editorial Guadalupe\",\"alternateName\":\"Librer\u00eda Guadalupe\",\"url\":\"https:\\\/\\\/libreriaguadalupe.com.ar\\\/libreria\\\/\",\"logo\":{\"@type\":\"ImageObject\",\"inLanguage\":\"es\",\"@id\":\"https:\\\/\\\/libreriaguadalupe.com.ar\\\/libreria\\\/#\\\/schema\\\/logo\\\/image\\\/\",\"url\":\"https:\\\/\\\/i0.wp.com\\\/libreriaguadalupe.com.ar\\\/libreria\\\/wp-content\\\/uploads\\\/2023\\\/01\\\/cropped-logo-editorial-guadalupe.webp?fit=500%2C100&ssl=1\",\"contentUrl\":\"https:\\\/\\\/i0.wp.com\\\/libreriaguadalupe.com.ar\\\/libreria\\\/wp-content\\\/uploads\\\/2023\\\/01\\\/cropped-logo-editorial-guadalupe.webp?fit=500%2C100&ssl=1\",\"width\":500,\"height\":100,\"caption\":\"Editorial Guadalupe\"},\"image\":{\"@id\":\"https:\\\/\\\/libreriaguadalupe.com.ar\\\/libreria\\\/#\\\/schema\\\/logo\\\/image\\\/\"},\"sameAs\":[\"https:\\\/\\\/www.facebook.com\\\/LibreriaGuadalupeAR\\\/\",\"https:\\\/\\\/www.instagram.com\\\/editorialguadalupe\\\/\",\"https:\\\/\\\/guadalupeeditorial.mercadoshops.com.ar\\\/\"]}]}<\/script>\n<!-- \/ Yoast SEO plugin. -->","yoast_head_json":{"title":"Las mujeres en la mirada de los antiguos escritos cristianos (siglos I-VI) - Editorial Guadalupe de Argentina","robots":{"index":"index","follow":"follow","max-snippet":"max-snippet:-1","max-image-preview":"max-image-preview:large","max-video-preview":"max-video-preview:-1"},"canonical":"https:\/\/libreriaguadalupe.com.ar\/libreria\/producto\/las-mujeres-en-la-mirada-de-los-antiguos-cristianos-2\/","og_locale":"es_ES","og_type":"article","og_title":"Las mujeres en la mirada de los antiguos escritos cristianos (siglos I-VI) - Editorial Guadalupe de Argentina","og_description":"Los Padres de la Iglesia AUTOR: EVD  ISBN: 8490730041","og_url":"https:\/\/libreriaguadalupe.com.ar\/libreria\/producto\/las-mujeres-en-la-mirada-de-los-antiguos-cristianos-2\/","og_site_name":"Editorial Guadalupe de Argentina","article_publisher":"https:\/\/www.facebook.com\/LibreriaGuadalupeAR\/","article_modified_time":"2026-01-28T14:34:05+00:00","og_image":[{"width":315,"height":440,"url":"https:\/\/libreriaguadalupe.com.ar\/libreria\/wp-content\/uploads\/1674\/33\/1186.jpg","type":"image\/jpeg"}],"twitter_card":"summary_large_image","twitter_misc":{"Tiempo de lectura":"1 minuto"},"schema":{"@context":"https:\/\/schema.org","@graph":[{"@type":"WebPage","@id":"https:\/\/libreriaguadalupe.com.ar\/libreria\/producto\/las-mujeres-en-la-mirada-de-los-antiguos-cristianos-2\/","url":"https:\/\/libreriaguadalupe.com.ar\/libreria\/producto\/las-mujeres-en-la-mirada-de-los-antiguos-cristianos-2\/","name":"Las mujeres en la mirada de los antiguos escritos cristianos (siglos I-VI) - Editorial Guadalupe de Argentina","isPartOf":{"@id":"https:\/\/libreriaguadalupe.com.ar\/libreria\/#website"},"primaryImageOfPage":{"@id":"https:\/\/libreriaguadalupe.com.ar\/libreria\/producto\/las-mujeres-en-la-mirada-de-los-antiguos-cristianos-2\/#primaryimage"},"image":{"@id":"https:\/\/libreriaguadalupe.com.ar\/libreria\/producto\/las-mujeres-en-la-mirada-de-los-antiguos-cristianos-2\/#primaryimage"},"thumbnailUrl":"https:\/\/i0.wp.com\/libreriaguadalupe.com.ar\/libreria\/wp-content\/uploads\/1674\/33\/1186.jpg?fit=315%2C440&ssl=1","datePublished":"2023-02-07T13:56:05+00:00","dateModified":"2026-01-28T14:34:05+00:00","breadcrumb":{"@id":"https:\/\/libreriaguadalupe.com.ar\/libreria\/producto\/las-mujeres-en-la-mirada-de-los-antiguos-cristianos-2\/#breadcrumb"},"inLanguage":"es","potentialAction":[{"@type":"ReadAction","target":["https:\/\/libreriaguadalupe.com.ar\/libreria\/producto\/las-mujeres-en-la-mirada-de-los-antiguos-cristianos-2\/"]}]},{"@type":"ImageObject","inLanguage":"es","@id":"https:\/\/libreriaguadalupe.com.ar\/libreria\/producto\/las-mujeres-en-la-mirada-de-los-antiguos-cristianos-2\/#primaryimage","url":"https:\/\/i0.wp.com\/libreriaguadalupe.com.ar\/libreria\/wp-content\/uploads\/1674\/33\/1186.jpg?fit=315%2C440&ssl=1","contentUrl":"https:\/\/i0.wp.com\/libreriaguadalupe.com.ar\/libreria\/wp-content\/uploads\/1674\/33\/1186.jpg?fit=315%2C440&ssl=1","width":315,"height":440},{"@type":"BreadcrumbList","@id":"https:\/\/libreriaguadalupe.com.ar\/libreria\/producto\/las-mujeres-en-la-mirada-de-los-antiguos-cristianos-2\/#breadcrumb","itemListElement":[{"@type":"ListItem","position":1,"name":"Portada","item":"https:\/\/libreriaguadalupe.com.ar\/libreria\/"},{"@type":"ListItem","position":2,"name":"Tienda","item":"https:\/\/libreriaguadalupe.com.ar\/libreria\/"},{"@type":"ListItem","position":3,"name":"Las mujeres en la mirada de los antiguos escritos cristianos (siglos I-VI)"}]},{"@type":"WebSite","@id":"https:\/\/libreriaguadalupe.com.ar\/libreria\/#website","url":"https:\/\/libreriaguadalupe.com.ar\/libreria\/","name":"Editorial Guadalupe de Argentina","description":"Congregaci\u00f3n del Verbo Divino","publisher":{"@id":"https:\/\/libreriaguadalupe.com.ar\/libreria\/#organization"},"alternateName":"Librer\u00eda Guadalupe","potentialAction":[{"@type":"SearchAction","target":{"@type":"EntryPoint","urlTemplate":"https:\/\/libreriaguadalupe.com.ar\/libreria\/?s={search_term_string}"},"query-input":{"@type":"PropertyValueSpecification","valueRequired":true,"valueName":"search_term_string"}}],"inLanguage":"es"},{"@type":"Organization","@id":"https:\/\/libreriaguadalupe.com.ar\/libreria\/#organization","name":"Editorial Guadalupe","alternateName":"Librer\u00eda Guadalupe","url":"https:\/\/libreriaguadalupe.com.ar\/libreria\/","logo":{"@type":"ImageObject","inLanguage":"es","@id":"https:\/\/libreriaguadalupe.com.ar\/libreria\/#\/schema\/logo\/image\/","url":"https:\/\/i0.wp.com\/libreriaguadalupe.com.ar\/libreria\/wp-content\/uploads\/2023\/01\/cropped-logo-editorial-guadalupe.webp?fit=500%2C100&ssl=1","contentUrl":"https:\/\/i0.wp.com\/libreriaguadalupe.com.ar\/libreria\/wp-content\/uploads\/2023\/01\/cropped-logo-editorial-guadalupe.webp?fit=500%2C100&ssl=1","width":500,"height":100,"caption":"Editorial Guadalupe"},"image":{"@id":"https:\/\/libreriaguadalupe.com.ar\/libreria\/#\/schema\/logo\/image\/"},"sameAs":["https:\/\/www.facebook.com\/LibreriaGuadalupeAR\/","https:\/\/www.instagram.com\/editorialguadalupe\/","https:\/\/guadalupeeditorial.mercadoshops.com.ar\/"]}]}},"jetpack_publicize_connections":[],"jetpack_sharing_enabled":true,"jetpack-related-posts":[{"id":12772,"url":"https:\/\/libreriaguadalupe.com.ar\/libreria\/producto\/en-el-origen-de-la-palabra-cristiana\/","url_meta":{"origin":15506,"position":0},"title":"En el origen de la palabra cristiana","author":"admin","date":"18\/01\/2023","format":false,"excerpt":"Tradici\u00f3n y escrituras en el siglo II Autor: Francine Culdaut ISBN: 8471518500 Dimensiones: 20,5 x 19 cm P\u00e1ginas: 200","rel":"","context":"Entrada similar","block_context":{"text":"Entrada similar","link":""},"img":{"alt_text":"","src":"https:\/\/i0.wp.com\/libreriaguadalupe.com.ar\/libreria\/wp-content\/uploads\/2023\/01\/En-el-origen-de-la-palabra-cristiana.jpg?fit=380%2C586&ssl=1&resize=350%2C200","width":350,"height":200},"classes":[]},{"id":16918,"url":"https:\/\/libreriaguadalupe.com.ar\/libreria\/producto\/comunidades-religiosas-y-biblia-el-siglo-xix\/","url_meta":{"origin":15506,"position":1},"title":"Comunidades religiosas y Biblia: el siglo XIX","author":"admin","date":"23\/03\/2023","format":false,"excerpt":"El llamado \"siglo largo\" (l'Ottocento) Autor: Michaela Sohn-Kronthaler, Ruth Albrecht ISBN: 8490733813 Dimensiones: 17 x 24 cm P\u00e1ginas: 448","rel":"","context":"Entrada similar","block_context":{"text":"Entrada similar","link":""},"img":{"alt_text":"","src":"https:\/\/i0.wp.com\/libreriaguadalupe.com.ar\/libreria\/wp-content\/uploads\/2023\/03\/Comunidades-religiosas-y-Biblia-el-siglo-XIX.jpg?fit=380%2C586&ssl=1&resize=350%2C200","width":350,"height":200},"classes":[]},{"id":15930,"url":"https:\/\/libreriaguadalupe.com.ar\/libreria\/producto\/la-lectura-de-la-biblia-en-los-primeros-siglos-del-cristianismo\/","url_meta":{"origin":15506,"position":2},"title":"La lectura de la Biblia en los primeros siglos del cristianismo","author":"admin","date":"12\/02\/2023","format":false,"excerpt":"AUTOR: CAPBOSCQ ALBERTO ISBN: 9505007660","rel":"","context":"Entrada similar","block_context":{"text":"Entrada similar","link":""},"img":{"alt_text":"","src":"https:\/\/i0.wp.com\/libreriaguadalupe.com.ar\/libreria\/wp-content\/uploads\/2023\/02\/MES-DE-LA-BIBLIA-2024-guada6.jpg?fit=470%2C470&ssl=1&resize=350%2C200","width":350,"height":200},"classes":[]},{"id":12767,"url":"https:\/\/libreriaguadalupe.com.ar\/libreria\/producto\/diccionario-de-pensadores-cristianos\/","url_meta":{"origin":15506,"position":3},"title":"Diccionario de pensadores cristianos","author":"admin","date":"18\/01\/2023","format":false,"excerpt":"Autor:\u00a0Xabier Pikaza Ibarrondo ISBN: 8499451060 Dimensiones: 15,5 x 24 cm P\u00e1ginas: 992","rel":"","context":"Entrada similar","block_context":{"text":"Entrada similar","link":""},"img":{"alt_text":"","src":"https:\/\/i0.wp.com\/libreriaguadalupe.com.ar\/libreria\/wp-content\/uploads\/2023\/01\/Diccionario-de-pensadores-cristianos.jpg?fit=380%2C586&ssl=1&resize=350%2C200","width":350,"height":200},"classes":[]},{"id":18069,"url":"https:\/\/libreriaguadalupe.com.ar\/libreria\/producto\/raices-del-cristianismo\/","url_meta":{"origin":15506,"position":4},"title":"Ra\u00edces del Cristianismo","author":"admin","date":"23\/05\/2024","format":false,"excerpt":"S\u00edntesis panor\u00e1mica Acontecimientos hist\u00f3ricos previos al cristianismo y de sus primeros cuatrocientos cincuenta a\u00f1os Autor: \u00c1NGEL HUMBERTO MEDINA PALA ISBN: 978-950-500-913-8 Dimensiones: 16 x 23 cm P\u00e1ginas: 168","rel":"","context":"Entrada similar","block_context":{"text":"Entrada similar","link":""},"img":{"alt_text":"","src":"https:\/\/i0.wp.com\/libreriaguadalupe.com.ar\/libreria\/wp-content\/uploads\/2024\/05\/NOVEDAD-TIENDA-MAYO-4.jpg?fit=470%2C470&ssl=1&resize=350%2C200","width":350,"height":200},"classes":[]},{"id":15514,"url":"https:\/\/libreriaguadalupe.com.ar\/libreria\/producto\/pentateuco-la-biblia-hebrea-en-perspectiva-latinoamericana-2\/","url_meta":{"origin":15506,"position":5},"title":"Pentateuco &#8211; La Biblia Hebrea en perspectiva latinoamericana","author":"admin","date":"07\/02\/2023","format":false,"excerpt":"Introducci\u00f3n al Antiguo Testamento AUTOR: EVD ISBN 8490730744","rel":"","context":"Entrada similar","block_context":{"text":"Entrada similar","link":""},"img":{"alt_text":"","src":"https:\/\/i0.wp.com\/libreriaguadalupe.com.ar\/libreria\/wp-content\/uploads\/2023\/02\/Pentateuco-La-Biblia-Hebrea-en-perspectiva-latinoamericana.jpg?fit=380%2C586&ssl=1&resize=350%2C200","width":350,"height":200},"classes":[]}],"_links":{"self":[{"href":"https:\/\/libreriaguadalupe.com.ar\/libreria\/wp-json\/wp\/v2\/product\/15506","targetHints":{"allow":["GET"]}}],"collection":[{"href":"https:\/\/libreriaguadalupe.com.ar\/libreria\/wp-json\/wp\/v2\/product"}],"about":[{"href":"https:\/\/libreriaguadalupe.com.ar\/libreria\/wp-json\/wp\/v2\/types\/product"}],"replies":[{"embeddable":true,"href":"https:\/\/libreriaguadalupe.com.ar\/libreria\/wp-json\/wp\/v2\/comments?post=15506"}],"version-history":[{"count":3,"href":"https:\/\/libreriaguadalupe.com.ar\/libreria\/wp-json\/wp\/v2\/product\/15506\/revisions"}],"predecessor-version":[{"id":15780,"href":"https:\/\/libreriaguadalupe.com.ar\/libreria\/wp-json\/wp\/v2\/product\/15506\/revisions\/15780"}],"wp:featuredmedia":[{"embeddable":true,"href":"https:\/\/libreriaguadalupe.com.ar\/libreria\/wp-json\/wp\/v2\/media\/13379"}],"wp:attachment":[{"href":"https:\/\/libreriaguadalupe.com.ar\/libreria\/wp-json\/wp\/v2\/media?parent=15506"}],"wp:term":[{"taxonomy":"product_brand","embeddable":true,"href":"https:\/\/libreriaguadalupe.com.ar\/libreria\/wp-json\/wp\/v2\/product_brand?post=15506"},{"taxonomy":"product_cat","embeddable":true,"href":"https:\/\/libreriaguadalupe.com.ar\/libreria\/wp-json\/wp\/v2\/product_cat?post=15506"},{"taxonomy":"product_tag","embeddable":true,"href":"https:\/\/libreriaguadalupe.com.ar\/libreria\/wp-json\/wp\/v2\/product_tag?post=15506"}],"curies":[{"name":"wp","href":"https:\/\/api.w.org\/{rel}","templated":true}]}}