{"id":15475,"date":"2023-02-07T10:56:01","date_gmt":"2023-02-07T13:56:01","guid":{"rendered":"https:\/\/libreriaguadalupe.com.ar\/libreria\/?post_type=product&#038;p=15475"},"modified":"2025-05-05T23:59:37","modified_gmt":"2025-05-06T02:59:37","slug":"jesus-maestro-senor-resucitado-2","status":"publish","type":"product","link":"https:\/\/libreriaguadalupe.com.ar\/libreria\/producto\/jesus-maestro-senor-resucitado-2\/","title":{"rendered":"Jesus, Maestro, Senor resucitado"},"content":{"rendered":"<p>El primer evangelio que encontramos al abrir el Nuevo Testamento es el de san Mateo. Es un texto muy apreciado, citado y comentado en la Iglesia, entre otras razones, por su insistencia en la vida de la comunidad cristiana, por el tono catequ\u00edstico que manifiestan sus p\u00e1ginas y por el rostro de Jesucristo que revela.<\/p>\n<p>Jes\u00fas, Maestro, Se\u00f1or resucitado es una ayuda para introducirnos en este evangelio en clave de lectura creyente y orante. El Dios-con-nosotros que est\u00e1 presente en medio de su comunidad reunida, dar\u00e1 a nuestras iglesias la fortaleza y el empuje necesarios para mantenerse en el discipulado misionero \u201ctodos los d\u00edas hasta el fin del mundo\u201d.<\/p>\n<p>Estos materiales est\u00e1n pensados para el trabajo en grupo, pero tambi\u00e9n son v\u00e1lidos para la reflexi\u00f3n personal. Se componen de doce unidades, m\u00e1s una celebraci\u00f3n final. Dado que cada unidad est\u00e1 pensada para dos sesiones, resulta un total de veinticinco reuniones de grupo (que son los encuentros que suelen tener lugar a lo largo del a\u00f1o en la mayor\u00eda de nuestras parroquias y grupos b\u00edblicos).<\/p>\n<p>ISBN: 9505007400<\/p>\n","protected":false},"excerpt":{"rendered":"<p>AUTOR: Equipo B\u00edblico &#8211; Ed. Guadalupe<\/p>\n<p>ISBN: 9505007400<\/p>\n","protected":false},"featured_media":15793,"comment_status":"open","ping_status":"closed","template":"","meta":{"jetpack_publicize_message":"","jetpack_publicize_feature_enabled":true,"jetpack_social_post_already_shared":false,"jetpack_social_options":{"image_generator_settings":{"template":"highway","default_image_id":0,"font":"","enabled":false},"version":2}},"product_brand":[],"product_cat":[88,121],"product_tag":[127],"class_list":{"0":"post-15475","1":"product","2":"type-product","3":"status-publish","4":"has-post-thumbnail","6":"product_cat-espiritualidad-cultura-social","7":"product_cat-guadalupe","8":"product_tag-editorial-guadalupe-de-argentina","10":"first","11":"instock","12":"shipping-taxable","13":"purchasable","14":"product-type-simple"},"yoast_head":"<!-- This site is optimized with the Yoast SEO plugin v27.4 - https:\/\/yoast.com\/product\/yoast-seo-wordpress\/ -->\n<title>Jesus, Maestro, Senor resucitado - Editorial Guadalupe de Argentina<\/title>\n<meta name=\"description\" content=\"El primer evangelio que encontramos al abrir el Nuevo Testamento es el de san Mateo. Es un texto muy apreciado, citado y comentado en la Iglesia, entre otras razones, por su insistencia en la vida de la comunidad cristiana, por el tono catequ\u00edstico que manifiestan sus p\u00e1ginas y por el rostro de Jesucristo que revela.\" \/>\n<meta name=\"robots\" content=\"index, follow, max-snippet:-1, max-image-preview:large, max-video-preview:-1\" \/>\n<link rel=\"canonical\" href=\"https:\/\/libreriaguadalupe.com.ar\/libreria\/producto\/jesus-maestro-senor-resucitado-2\/\" \/>\n<meta property=\"og:locale\" content=\"es_ES\" \/>\n<meta property=\"og:type\" content=\"article\" \/>\n<meta property=\"og:title\" content=\"Jesus, Maestro, Senor resucitado - Editorial Guadalupe de Argentina\" \/>\n<meta property=\"og:description\" content=\"El primer evangelio que encontramos al abrir el Nuevo Testamento es el de san Mateo. Es un texto muy apreciado, citado y comentado en la Iglesia, entre otras razones, por su insistencia en la vida de la comunidad cristiana, por el tono catequ\u00edstico que manifiestan sus p\u00e1ginas y por el rostro de Jesucristo que revela.\" \/>\n<meta property=\"og:url\" content=\"https:\/\/libreriaguadalupe.com.ar\/libreria\/producto\/jesus-maestro-senor-resucitado-2\/\" \/>\n<meta property=\"og:site_name\" content=\"Editorial Guadalupe de Argentina\" \/>\n<meta property=\"article:publisher\" content=\"https:\/\/www.facebook.com\/LibreriaGuadalupeAR\/\" \/>\n<meta property=\"article:modified_time\" content=\"2025-05-06T02:59:37+00:00\" \/>\n<meta property=\"og:image\" content=\"https:\/\/libreriaguadalupe.com.ar\/libreria\/wp-content\/uploads\/2023\/02\/JesusMaestroSenioResucitado_01122016.jpg\" \/>\n\t<meta property=\"og:image:width\" content=\"1231\" \/>\n\t<meta property=\"og:image:height\" content=\"1838\" \/>\n\t<meta property=\"og:image:type\" content=\"image\/jpeg\" \/>\n<meta name=\"twitter:card\" content=\"summary_large_image\" \/>\n<meta name=\"twitter:label1\" content=\"Tiempo de lectura\" \/>\n\t<meta name=\"twitter:data1\" content=\"2 minutos\" \/>\n<script type=\"application\/ld+json\" class=\"yoast-schema-graph\">{\"@context\":\"https:\\\/\\\/schema.org\",\"@graph\":[{\"@type\":\"WebPage\",\"@id\":\"https:\\\/\\\/libreriaguadalupe.com.ar\\\/libreria\\\/producto\\\/jesus-maestro-senor-resucitado-2\\\/\",\"url\":\"https:\\\/\\\/libreriaguadalupe.com.ar\\\/libreria\\\/producto\\\/jesus-maestro-senor-resucitado-2\\\/\",\"name\":\"Jesus, Maestro, Senor resucitado - Editorial Guadalupe de Argentina\",\"isPartOf\":{\"@id\":\"https:\\\/\\\/libreriaguadalupe.com.ar\\\/libreria\\\/#website\"},\"primaryImageOfPage\":{\"@id\":\"https:\\\/\\\/libreriaguadalupe.com.ar\\\/libreria\\\/producto\\\/jesus-maestro-senor-resucitado-2\\\/#primaryimage\"},\"image\":{\"@id\":\"https:\\\/\\\/libreriaguadalupe.com.ar\\\/libreria\\\/producto\\\/jesus-maestro-senor-resucitado-2\\\/#primaryimage\"},\"thumbnailUrl\":\"https:\\\/\\\/i0.wp.com\\\/libreriaguadalupe.com.ar\\\/libreria\\\/wp-content\\\/uploads\\\/2023\\\/02\\\/JesusMaestroSenioResucitado_01122016.jpg?fit=1231%2C1838&ssl=1\",\"datePublished\":\"2023-02-07T13:56:01+00:00\",\"dateModified\":\"2025-05-06T02:59:37+00:00\",\"description\":\"El primer evangelio que encontramos al abrir el Nuevo Testamento es el de san Mateo. Es un texto muy apreciado, citado y comentado en la Iglesia, entre otras razones, por su insistencia en la vida de la comunidad cristiana, por el tono catequ\u00edstico que manifiestan sus p\u00e1ginas y por el rostro de Jesucristo que revela.\",\"breadcrumb\":{\"@id\":\"https:\\\/\\\/libreriaguadalupe.com.ar\\\/libreria\\\/producto\\\/jesus-maestro-senor-resucitado-2\\\/#breadcrumb\"},\"inLanguage\":\"es\",\"potentialAction\":[{\"@type\":\"ReadAction\",\"target\":[\"https:\\\/\\\/libreriaguadalupe.com.ar\\\/libreria\\\/producto\\\/jesus-maestro-senor-resucitado-2\\\/\"]}]},{\"@type\":\"ImageObject\",\"inLanguage\":\"es\",\"@id\":\"https:\\\/\\\/libreriaguadalupe.com.ar\\\/libreria\\\/producto\\\/jesus-maestro-senor-resucitado-2\\\/#primaryimage\",\"url\":\"https:\\\/\\\/i0.wp.com\\\/libreriaguadalupe.com.ar\\\/libreria\\\/wp-content\\\/uploads\\\/2023\\\/02\\\/JesusMaestroSenioResucitado_01122016.jpg?fit=1231%2C1838&ssl=1\",\"contentUrl\":\"https:\\\/\\\/i0.wp.com\\\/libreriaguadalupe.com.ar\\\/libreria\\\/wp-content\\\/uploads\\\/2023\\\/02\\\/JesusMaestroSenioResucitado_01122016.jpg?fit=1231%2C1838&ssl=1\",\"width\":1231,\"height\":1838},{\"@type\":\"BreadcrumbList\",\"@id\":\"https:\\\/\\\/libreriaguadalupe.com.ar\\\/libreria\\\/producto\\\/jesus-maestro-senor-resucitado-2\\\/#breadcrumb\",\"itemListElement\":[{\"@type\":\"ListItem\",\"position\":1,\"name\":\"Portada\",\"item\":\"https:\\\/\\\/libreriaguadalupe.com.ar\\\/libreria\\\/\"},{\"@type\":\"ListItem\",\"position\":2,\"name\":\"Tienda\",\"item\":\"https:\\\/\\\/libreriaguadalupe.com.ar\\\/libreria\\\/\"},{\"@type\":\"ListItem\",\"position\":3,\"name\":\"Jesus, Maestro, Senor resucitado\"}]},{\"@type\":\"WebSite\",\"@id\":\"https:\\\/\\\/libreriaguadalupe.com.ar\\\/libreria\\\/#website\",\"url\":\"https:\\\/\\\/libreriaguadalupe.com.ar\\\/libreria\\\/\",\"name\":\"Editorial Guadalupe de Argentina\",\"description\":\"Congregaci\u00f3n del Verbo Divino\",\"publisher\":{\"@id\":\"https:\\\/\\\/libreriaguadalupe.com.ar\\\/libreria\\\/#organization\"},\"alternateName\":\"Librer\u00eda Guadalupe\",\"potentialAction\":[{\"@type\":\"SearchAction\",\"target\":{\"@type\":\"EntryPoint\",\"urlTemplate\":\"https:\\\/\\\/libreriaguadalupe.com.ar\\\/libreria\\\/?s={search_term_string}\"},\"query-input\":{\"@type\":\"PropertyValueSpecification\",\"valueRequired\":true,\"valueName\":\"search_term_string\"}}],\"inLanguage\":\"es\"},{\"@type\":\"Organization\",\"@id\":\"https:\\\/\\\/libreriaguadalupe.com.ar\\\/libreria\\\/#organization\",\"name\":\"Editorial Guadalupe\",\"alternateName\":\"Librer\u00eda Guadalupe\",\"url\":\"https:\\\/\\\/libreriaguadalupe.com.ar\\\/libreria\\\/\",\"logo\":{\"@type\":\"ImageObject\",\"inLanguage\":\"es\",\"@id\":\"https:\\\/\\\/libreriaguadalupe.com.ar\\\/libreria\\\/#\\\/schema\\\/logo\\\/image\\\/\",\"url\":\"https:\\\/\\\/i0.wp.com\\\/libreriaguadalupe.com.ar\\\/libreria\\\/wp-content\\\/uploads\\\/2023\\\/01\\\/cropped-logo-editorial-guadalupe.webp?fit=500%2C100&ssl=1\",\"contentUrl\":\"https:\\\/\\\/i0.wp.com\\\/libreriaguadalupe.com.ar\\\/libreria\\\/wp-content\\\/uploads\\\/2023\\\/01\\\/cropped-logo-editorial-guadalupe.webp?fit=500%2C100&ssl=1\",\"width\":500,\"height\":100,\"caption\":\"Editorial Guadalupe\"},\"image\":{\"@id\":\"https:\\\/\\\/libreriaguadalupe.com.ar\\\/libreria\\\/#\\\/schema\\\/logo\\\/image\\\/\"},\"sameAs\":[\"https:\\\/\\\/www.facebook.com\\\/LibreriaGuadalupeAR\\\/\",\"https:\\\/\\\/www.instagram.com\\\/editorialguadalupe\\\/\",\"https:\\\/\\\/guadalupeeditorial.mercadoshops.com.ar\\\/\"]}]}<\/script>\n<!-- \/ Yoast SEO plugin. -->","yoast_head_json":{"title":"Jesus, Maestro, Senor resucitado - Editorial Guadalupe de Argentina","description":"El primer evangelio que encontramos al abrir el Nuevo Testamento es el de san Mateo. Es un texto muy apreciado, citado y comentado en la Iglesia, entre otras razones, por su insistencia en la vida de la comunidad cristiana, por el tono catequ\u00edstico que manifiestan sus p\u00e1ginas y por el rostro de Jesucristo que revela.","robots":{"index":"index","follow":"follow","max-snippet":"max-snippet:-1","max-image-preview":"max-image-preview:large","max-video-preview":"max-video-preview:-1"},"canonical":"https:\/\/libreriaguadalupe.com.ar\/libreria\/producto\/jesus-maestro-senor-resucitado-2\/","og_locale":"es_ES","og_type":"article","og_title":"Jesus, Maestro, Senor resucitado - Editorial Guadalupe de Argentina","og_description":"El primer evangelio que encontramos al abrir el Nuevo Testamento es el de san Mateo. Es un texto muy apreciado, citado y comentado en la Iglesia, entre otras razones, por su insistencia en la vida de la comunidad cristiana, por el tono catequ\u00edstico que manifiestan sus p\u00e1ginas y por el rostro de Jesucristo que revela.","og_url":"https:\/\/libreriaguadalupe.com.ar\/libreria\/producto\/jesus-maestro-senor-resucitado-2\/","og_site_name":"Editorial Guadalupe de Argentina","article_publisher":"https:\/\/www.facebook.com\/LibreriaGuadalupeAR\/","article_modified_time":"2025-05-06T02:59:37+00:00","og_image":[{"width":1231,"height":1838,"url":"https:\/\/libreriaguadalupe.com.ar\/libreria\/wp-content\/uploads\/2023\/02\/JesusMaestroSenioResucitado_01122016.jpg","type":"image\/jpeg"}],"twitter_card":"summary_large_image","twitter_misc":{"Tiempo de lectura":"2 minutos"},"schema":{"@context":"https:\/\/schema.org","@graph":[{"@type":"WebPage","@id":"https:\/\/libreriaguadalupe.com.ar\/libreria\/producto\/jesus-maestro-senor-resucitado-2\/","url":"https:\/\/libreriaguadalupe.com.ar\/libreria\/producto\/jesus-maestro-senor-resucitado-2\/","name":"Jesus, Maestro, Senor resucitado - Editorial Guadalupe de Argentina","isPartOf":{"@id":"https:\/\/libreriaguadalupe.com.ar\/libreria\/#website"},"primaryImageOfPage":{"@id":"https:\/\/libreriaguadalupe.com.ar\/libreria\/producto\/jesus-maestro-senor-resucitado-2\/#primaryimage"},"image":{"@id":"https:\/\/libreriaguadalupe.com.ar\/libreria\/producto\/jesus-maestro-senor-resucitado-2\/#primaryimage"},"thumbnailUrl":"https:\/\/i0.wp.com\/libreriaguadalupe.com.ar\/libreria\/wp-content\/uploads\/2023\/02\/JesusMaestroSenioResucitado_01122016.jpg?fit=1231%2C1838&ssl=1","datePublished":"2023-02-07T13:56:01+00:00","dateModified":"2025-05-06T02:59:37+00:00","description":"El primer evangelio que encontramos al abrir el Nuevo Testamento es el de san Mateo. Es un texto muy apreciado, citado y comentado en la Iglesia, entre otras razones, por su insistencia en la vida de la comunidad cristiana, por el tono catequ\u00edstico que manifiestan sus p\u00e1ginas y por el rostro de Jesucristo que revela.","breadcrumb":{"@id":"https:\/\/libreriaguadalupe.com.ar\/libreria\/producto\/jesus-maestro-senor-resucitado-2\/#breadcrumb"},"inLanguage":"es","potentialAction":[{"@type":"ReadAction","target":["https:\/\/libreriaguadalupe.com.ar\/libreria\/producto\/jesus-maestro-senor-resucitado-2\/"]}]},{"@type":"ImageObject","inLanguage":"es","@id":"https:\/\/libreriaguadalupe.com.ar\/libreria\/producto\/jesus-maestro-senor-resucitado-2\/#primaryimage","url":"https:\/\/i0.wp.com\/libreriaguadalupe.com.ar\/libreria\/wp-content\/uploads\/2023\/02\/JesusMaestroSenioResucitado_01122016.jpg?fit=1231%2C1838&ssl=1","contentUrl":"https:\/\/i0.wp.com\/libreriaguadalupe.com.ar\/libreria\/wp-content\/uploads\/2023\/02\/JesusMaestroSenioResucitado_01122016.jpg?fit=1231%2C1838&ssl=1","width":1231,"height":1838},{"@type":"BreadcrumbList","@id":"https:\/\/libreriaguadalupe.com.ar\/libreria\/producto\/jesus-maestro-senor-resucitado-2\/#breadcrumb","itemListElement":[{"@type":"ListItem","position":1,"name":"Portada","item":"https:\/\/libreriaguadalupe.com.ar\/libreria\/"},{"@type":"ListItem","position":2,"name":"Tienda","item":"https:\/\/libreriaguadalupe.com.ar\/libreria\/"},{"@type":"ListItem","position":3,"name":"Jesus, Maestro, Senor resucitado"}]},{"@type":"WebSite","@id":"https:\/\/libreriaguadalupe.com.ar\/libreria\/#website","url":"https:\/\/libreriaguadalupe.com.ar\/libreria\/","name":"Editorial Guadalupe de Argentina","description":"Congregaci\u00f3n del Verbo Divino","publisher":{"@id":"https:\/\/libreriaguadalupe.com.ar\/libreria\/#organization"},"alternateName":"Librer\u00eda Guadalupe","potentialAction":[{"@type":"SearchAction","target":{"@type":"EntryPoint","urlTemplate":"https:\/\/libreriaguadalupe.com.ar\/libreria\/?s={search_term_string}"},"query-input":{"@type":"PropertyValueSpecification","valueRequired":true,"valueName":"search_term_string"}}],"inLanguage":"es"},{"@type":"Organization","@id":"https:\/\/libreriaguadalupe.com.ar\/libreria\/#organization","name":"Editorial Guadalupe","alternateName":"Librer\u00eda Guadalupe","url":"https:\/\/libreriaguadalupe.com.ar\/libreria\/","logo":{"@type":"ImageObject","inLanguage":"es","@id":"https:\/\/libreriaguadalupe.com.ar\/libreria\/#\/schema\/logo\/image\/","url":"https:\/\/i0.wp.com\/libreriaguadalupe.com.ar\/libreria\/wp-content\/uploads\/2023\/01\/cropped-logo-editorial-guadalupe.webp?fit=500%2C100&ssl=1","contentUrl":"https:\/\/i0.wp.com\/libreriaguadalupe.com.ar\/libreria\/wp-content\/uploads\/2023\/01\/cropped-logo-editorial-guadalupe.webp?fit=500%2C100&ssl=1","width":500,"height":100,"caption":"Editorial Guadalupe"},"image":{"@id":"https:\/\/libreriaguadalupe.com.ar\/libreria\/#\/schema\/logo\/image\/"},"sameAs":["https:\/\/www.facebook.com\/LibreriaGuadalupeAR\/","https:\/\/www.instagram.com\/editorialguadalupe\/","https:\/\/guadalupeeditorial.mercadoshops.com.ar\/"]}]}},"jetpack_publicize_connections":[],"jetpack_sharing_enabled":true,"jetpack-related-posts":[{"id":15509,"url":"https:\/\/libreriaguadalupe.com.ar\/libreria\/producto\/evangelio-de-marcos-pikaza-2\/","url_meta":{"origin":15475,"position":0},"title":"Evangelio de Marcos","author":"admin","date":"07\/02\/2023","format":false,"excerpt":"La Buena Noticia de Jes\u00fas AUTOR: EVD ISBN: 8499452258","rel":"","context":"Entrada similar","block_context":{"text":"Entrada similar","link":""},"img":{"alt_text":"","src":"https:\/\/i0.wp.com\/libreriaguadalupe.com.ar\/libreria\/wp-content\/uploads\/2023\/02\/Evangelio-de-Marcos.jpg?fit=380%2C586&ssl=1&resize=350%2C200","width":350,"height":200},"classes":[]},{"id":16069,"url":"https:\/\/libreriaguadalupe.com.ar\/libreria\/producto\/los-relatos-del-nacimiento-de-jesus\/","url_meta":{"origin":15475,"position":1},"title":"Los relatos del nacimiento de Jes\u00fas","author":"admin","date":"12\/02\/2023","format":false,"excerpt":"Los or\u00edgenes del Mes\u00edas de Israel\u00a0 AUTOR: TARANZANO ADRIAN ISBN: 9505008155","rel":"","context":"Entrada similar","block_context":{"text":"Entrada similar","link":""},"img":{"alt_text":"","src":"https:\/\/i0.wp.com\/libreriaguadalupe.com.ar\/libreria\/wp-content\/uploads\/2023\/02\/Los-relatos-del-nacimiento-de-Jesus.jpg?fit=348%2C500&ssl=1&resize=350%2C200","width":350,"height":200},"classes":[]},{"id":16072,"url":"https:\/\/libreriaguadalupe.com.ar\/libreria\/producto\/los-relatos-del-nacimiento-de-jesus-e-book\/","url_meta":{"origin":15475,"position":2},"title":"Los relatos del nacimiento de Jes\u00fas (E-BOOK)","author":"admin","date":"12\/02\/2023","format":false,"excerpt":"EDICION DIGITAL AUTOR: TARANZANO ADRIAN ISBN: 9505008155","rel":"","context":"Entrada similar","block_context":{"text":"Entrada similar","link":""},"img":{"alt_text":"","src":"https:\/\/i0.wp.com\/libreriaguadalupe.com.ar\/libreria\/wp-content\/uploads\/2023\/02\/Los-relatos-del-nacimiento-de-Jesus.jpg?fit=348%2C500&ssl=1&resize=350%2C200","width":350,"height":200},"classes":[]},{"id":15503,"url":"https:\/\/libreriaguadalupe.com.ar\/libreria\/producto\/y-vosotros-quien-decis-que-soy-yo-2\/","url_meta":{"origin":15475,"position":3},"title":"Y vosotros, quien decis que soy yo","author":"admin","date":"07\/02\/2023","format":false,"excerpt":"Semana b\u00edblica con el evangelio de Marcos Autor: EVD ISBN: 8499452388 Dimensiones: 20 x 20 cm P\u00e1ginas: 32","rel":"","context":"Entrada similar","block_context":{"text":"Entrada similar","link":""},"img":{"alt_text":"","src":"https:\/\/i0.wp.com\/libreriaguadalupe.com.ar\/libreria\/wp-content\/uploads\/2023\/02\/Y-vosotros-%C2%BFquien-decis-que-soy-yo.jpg?fit=380%2C586&ssl=1&resize=350%2C200","width":350,"height":200},"classes":[]},{"id":12965,"url":"https:\/\/libreriaguadalupe.com.ar\/libreria\/producto\/hemos-visto-su-estrella\/","url_meta":{"origin":15475,"position":4},"title":"Hemos visto su estrella","author":"admin","date":"18\/01\/2023","format":false,"excerpt":"Semana b\u00edblica con el evangelio de Mateo Autor: La Casa de la Biblia - Hermandad de Sacerdotes Operarios Diocesanos del Coraz\u00f3n de Jes\u00fas ISBN: 8481697636 Dimensiones: 20 x 20 cm P\u00e1ginas: 32","rel":"","context":"Entrada similar","block_context":{"text":"Entrada similar","link":""},"img":{"alt_text":"","src":"https:\/\/i0.wp.com\/libreriaguadalupe.com.ar\/libreria\/wp-content\/uploads\/2023\/01\/Hemos-visto-su-estrella.jpg?fit=380%2C586&ssl=1&resize=350%2C200","width":350,"height":200},"classes":[]},{"id":16845,"url":"https:\/\/libreriaguadalupe.com.ar\/libreria\/producto\/a-la-escucha-de-la-palabra\/","url_meta":{"origin":15475,"position":5},"title":"A LA ESCUCHA DE LA PALABRA","author":"admin","date":"22\/03\/2023","format":false,"excerpt":"Panor\u00e1mica b\u00edblica para la lectio divina y la catequesis Autor: Francesc Ramis Darder ISBN: 9505008858 Dimensiones: 16 x 24 cm P\u00e1ginas: 192","rel":"","context":"Entrada similar","block_context":{"text":"Entrada similar","link":""},"img":{"alt_text":"","src":"https:\/\/i0.wp.com\/libreriaguadalupe.com.ar\/libreria\/wp-content\/uploads\/2023\/03\/A-LA-ESCUCHA-DE-LA-PALABRA.jpg?fit=380%2C586&ssl=1&resize=350%2C200","width":350,"height":200},"classes":[]}],"_links":{"self":[{"href":"https:\/\/libreriaguadalupe.com.ar\/libreria\/wp-json\/wp\/v2\/product\/15475","targetHints":{"allow":["GET"]}}],"collection":[{"href":"https:\/\/libreriaguadalupe.com.ar\/libreria\/wp-json\/wp\/v2\/product"}],"about":[{"href":"https:\/\/libreriaguadalupe.com.ar\/libreria\/wp-json\/wp\/v2\/types\/product"}],"replies":[{"embeddable":true,"href":"https:\/\/libreriaguadalupe.com.ar\/libreria\/wp-json\/wp\/v2\/comments?post=15475"}],"version-history":[{"count":3,"href":"https:\/\/libreriaguadalupe.com.ar\/libreria\/wp-json\/wp\/v2\/product\/15475\/revisions"}],"predecessor-version":[{"id":15794,"href":"https:\/\/libreriaguadalupe.com.ar\/libreria\/wp-json\/wp\/v2\/product\/15475\/revisions\/15794"}],"wp:featuredmedia":[{"embeddable":true,"href":"https:\/\/libreriaguadalupe.com.ar\/libreria\/wp-json\/wp\/v2\/media\/15793"}],"wp:attachment":[{"href":"https:\/\/libreriaguadalupe.com.ar\/libreria\/wp-json\/wp\/v2\/media?parent=15475"}],"wp:term":[{"taxonomy":"product_brand","embeddable":true,"href":"https:\/\/libreriaguadalupe.com.ar\/libreria\/wp-json\/wp\/v2\/product_brand?post=15475"},{"taxonomy":"product_cat","embeddable":true,"href":"https:\/\/libreriaguadalupe.com.ar\/libreria\/wp-json\/wp\/v2\/product_cat?post=15475"},{"taxonomy":"product_tag","embeddable":true,"href":"https:\/\/libreriaguadalupe.com.ar\/libreria\/wp-json\/wp\/v2\/product_tag?post=15475"}],"curies":[{"name":"wp","href":"https:\/\/api.w.org\/{rel}","templated":true}]}}