{"id":15471,"date":"2023-02-07T10:56:01","date_gmt":"2023-02-07T13:56:01","guid":{"rendered":"https:\/\/libreriaguadalupe.com.ar\/libreria\/?post_type=product&#038;p=15471"},"modified":"2024-07-01T11:10:24","modified_gmt":"2024-07-01T14:10:24","slug":"a-vueltas-con-la-parroquia-balance-y-perspectivas-2","status":"publish","type":"product","link":"https:\/\/libreriaguadalupe.com.ar\/libreria\/producto\/a-vueltas-con-la-parroquia-balance-y-perspectivas-2\/","title":{"rendered":"A vueltas con la parroquia: balance y perspectivas"},"content":{"rendered":"<p>\u00bfA vueltas con la parroquia? \u00bfNo es un tema agotado tanto en la reflexi\u00f3n teol\u00f3gico-pastoral como en su pr\u00e1ctica? La XVIII Semana de Teolog\u00eda Pastoral ha vuelto a abrir el debate y la reflexi\u00f3n sobre la parroquia, esa vieja novedad desde su mismo origen. En las ponencias recogidas en este volumen se ha afrontado su historia y evoluci\u00f3n, sus posibilidades y l\u00edmites, as\u00ed como la importancia que la teolog\u00eda y la eclesiolog\u00eda tienen en sus m\u00faltiples intentos de renovaci\u00f3n; tambi\u00e9n, el reto de la ciudad, sus habitantes y sus complejas interrelaciones como nuevo contexto en el que insertar la acci\u00f3n pastoral.<\/p>\n","protected":false},"excerpt":{"rendered":"<p><strong>XVIII Semana de estudios de Teolog\u00eda Pastoral<\/strong><\/p>\n<p>Autor: Instituto Superior de Pastoral Universidad Pontificia de Salamanca<strong><br \/>\n<\/strong>ISBN: 8481697872<br \/>\nDimensiones: 12,5 x 20 cm<br \/>\nP\u00e1ginas: 400<\/p>\n","protected":false},"featured_media":13357,"comment_status":"open","ping_status":"closed","template":"","meta":{"jetpack_publicize_message":"","jetpack_publicize_feature_enabled":true,"jetpack_social_post_already_shared":false,"jetpack_social_options":{"image_generator_settings":{"template":"highway","default_image_id":0,"font":"","enabled":false},"version":2}},"product_brand":[],"product_cat":[109],"product_tag":[127],"class_list":{"0":"post-15471","1":"product","2":"type-product","3":"status-publish","4":"has-post-thumbnail","6":"product_cat-verbo-divino","7":"product_tag-editorial-guadalupe-de-argentina","9":"first","10":"outofstock","11":"shipping-taxable","12":"purchasable","13":"product-type-simple"},"yoast_head":"<!-- This site is optimized with the Yoast SEO plugin v27.4 - https:\/\/yoast.com\/product\/yoast-seo-wordpress\/ -->\n<title>A vueltas con la parroquia: balance y perspectivas - Editorial Guadalupe de Argentina<\/title>\n<meta name=\"description\" content=\"\u00bfA vueltas con la parroquia? \u00bfNo es un tema agotado tanto en la reflexi\u00f3n teol\u00f3gico-pastoral como en su pr\u00e1ctica? La XVIII Semana de Teolog\u00eda Pastoral ha vuelto a abrir el debate y la reflexi\u00f3n sobre la parroquia, esa vieja novedad desde su mismo origen.\" \/>\n<meta name=\"robots\" content=\"index, follow, max-snippet:-1, max-image-preview:large, max-video-preview:-1\" \/>\n<link rel=\"canonical\" href=\"https:\/\/libreriaguadalupe.com.ar\/libreria\/producto\/a-vueltas-con-la-parroquia-balance-y-perspectivas-2\/\" \/>\n<meta property=\"og:locale\" content=\"es_ES\" \/>\n<meta property=\"og:type\" content=\"article\" \/>\n<meta property=\"og:title\" content=\"A vueltas con la parroquia: balance y perspectivas - Editorial Guadalupe de Argentina\" \/>\n<meta property=\"og:description\" content=\"\u00bfA vueltas con la parroquia? \u00bfNo es un tema agotado tanto en la reflexi\u00f3n teol\u00f3gico-pastoral como en su pr\u00e1ctica? La XVIII Semana de Teolog\u00eda Pastoral ha vuelto a abrir el debate y la reflexi\u00f3n sobre la parroquia, esa vieja novedad desde su mismo origen.\" \/>\n<meta property=\"og:url\" content=\"https:\/\/libreriaguadalupe.com.ar\/libreria\/producto\/a-vueltas-con-la-parroquia-balance-y-perspectivas-2\/\" \/>\n<meta property=\"og:site_name\" content=\"Editorial Guadalupe de Argentina\" \/>\n<meta property=\"article:publisher\" content=\"https:\/\/www.facebook.com\/LibreriaGuadalupeAR\/\" \/>\n<meta property=\"article:modified_time\" content=\"2024-07-01T14:10:24+00:00\" \/>\n<meta property=\"og:image\" content=\"https:\/\/libreriaguadalupe.com.ar\/libreria\/wp-content\/uploads\/1674\/33\/1150.jpg\" \/>\n\t<meta property=\"og:image:width\" content=\"227\" \/>\n\t<meta property=\"og:image:height\" content=\"380\" \/>\n\t<meta property=\"og:image:type\" content=\"image\/jpeg\" \/>\n<meta name=\"twitter:card\" content=\"summary_large_image\" \/>\n<meta name=\"twitter:label1\" content=\"Tiempo de lectura\" \/>\n\t<meta name=\"twitter:data1\" content=\"1 minuto\" \/>\n<script type=\"application\/ld+json\" class=\"yoast-schema-graph\">{\"@context\":\"https:\\\/\\\/schema.org\",\"@graph\":[{\"@type\":\"WebPage\",\"@id\":\"https:\\\/\\\/libreriaguadalupe.com.ar\\\/libreria\\\/producto\\\/a-vueltas-con-la-parroquia-balance-y-perspectivas-2\\\/\",\"url\":\"https:\\\/\\\/libreriaguadalupe.com.ar\\\/libreria\\\/producto\\\/a-vueltas-con-la-parroquia-balance-y-perspectivas-2\\\/\",\"name\":\"A vueltas con la parroquia: balance y perspectivas - Editorial Guadalupe de Argentina\",\"isPartOf\":{\"@id\":\"https:\\\/\\\/libreriaguadalupe.com.ar\\\/libreria\\\/#website\"},\"primaryImageOfPage\":{\"@id\":\"https:\\\/\\\/libreriaguadalupe.com.ar\\\/libreria\\\/producto\\\/a-vueltas-con-la-parroquia-balance-y-perspectivas-2\\\/#primaryimage\"},\"image\":{\"@id\":\"https:\\\/\\\/libreriaguadalupe.com.ar\\\/libreria\\\/producto\\\/a-vueltas-con-la-parroquia-balance-y-perspectivas-2\\\/#primaryimage\"},\"thumbnailUrl\":\"https:\\\/\\\/i0.wp.com\\\/libreriaguadalupe.com.ar\\\/libreria\\\/wp-content\\\/uploads\\\/1674\\\/33\\\/1150.jpg?fit=227%2C380&ssl=1\",\"datePublished\":\"2023-02-07T13:56:01+00:00\",\"dateModified\":\"2024-07-01T14:10:24+00:00\",\"description\":\"\u00bfA vueltas con la parroquia? \u00bfNo es un tema agotado tanto en la reflexi\u00f3n teol\u00f3gico-pastoral como en su pr\u00e1ctica? La XVIII Semana de Teolog\u00eda Pastoral ha vuelto a abrir el debate y la reflexi\u00f3n sobre la parroquia, esa vieja novedad desde su mismo origen.\",\"breadcrumb\":{\"@id\":\"https:\\\/\\\/libreriaguadalupe.com.ar\\\/libreria\\\/producto\\\/a-vueltas-con-la-parroquia-balance-y-perspectivas-2\\\/#breadcrumb\"},\"inLanguage\":\"es\",\"potentialAction\":[{\"@type\":\"ReadAction\",\"target\":[\"https:\\\/\\\/libreriaguadalupe.com.ar\\\/libreria\\\/producto\\\/a-vueltas-con-la-parroquia-balance-y-perspectivas-2\\\/\"]}]},{\"@type\":\"ImageObject\",\"inLanguage\":\"es\",\"@id\":\"https:\\\/\\\/libreriaguadalupe.com.ar\\\/libreria\\\/producto\\\/a-vueltas-con-la-parroquia-balance-y-perspectivas-2\\\/#primaryimage\",\"url\":\"https:\\\/\\\/i0.wp.com\\\/libreriaguadalupe.com.ar\\\/libreria\\\/wp-content\\\/uploads\\\/1674\\\/33\\\/1150.jpg?fit=227%2C380&ssl=1\",\"contentUrl\":\"https:\\\/\\\/i0.wp.com\\\/libreriaguadalupe.com.ar\\\/libreria\\\/wp-content\\\/uploads\\\/1674\\\/33\\\/1150.jpg?fit=227%2C380&ssl=1\",\"width\":227,\"height\":380},{\"@type\":\"BreadcrumbList\",\"@id\":\"https:\\\/\\\/libreriaguadalupe.com.ar\\\/libreria\\\/producto\\\/a-vueltas-con-la-parroquia-balance-y-perspectivas-2\\\/#breadcrumb\",\"itemListElement\":[{\"@type\":\"ListItem\",\"position\":1,\"name\":\"Portada\",\"item\":\"https:\\\/\\\/libreriaguadalupe.com.ar\\\/libreria\\\/\"},{\"@type\":\"ListItem\",\"position\":2,\"name\":\"Tienda\",\"item\":\"https:\\\/\\\/libreriaguadalupe.com.ar\\\/libreria\\\/\"},{\"@type\":\"ListItem\",\"position\":3,\"name\":\"A vueltas con la parroquia: balance y perspectivas\"}]},{\"@type\":\"WebSite\",\"@id\":\"https:\\\/\\\/libreriaguadalupe.com.ar\\\/libreria\\\/#website\",\"url\":\"https:\\\/\\\/libreriaguadalupe.com.ar\\\/libreria\\\/\",\"name\":\"Editorial Guadalupe de Argentina\",\"description\":\"Congregaci\u00f3n del Verbo Divino\",\"publisher\":{\"@id\":\"https:\\\/\\\/libreriaguadalupe.com.ar\\\/libreria\\\/#organization\"},\"alternateName\":\"Librer\u00eda Guadalupe\",\"potentialAction\":[{\"@type\":\"SearchAction\",\"target\":{\"@type\":\"EntryPoint\",\"urlTemplate\":\"https:\\\/\\\/libreriaguadalupe.com.ar\\\/libreria\\\/?s={search_term_string}\"},\"query-input\":{\"@type\":\"PropertyValueSpecification\",\"valueRequired\":true,\"valueName\":\"search_term_string\"}}],\"inLanguage\":\"es\"},{\"@type\":\"Organization\",\"@id\":\"https:\\\/\\\/libreriaguadalupe.com.ar\\\/libreria\\\/#organization\",\"name\":\"Editorial Guadalupe\",\"alternateName\":\"Librer\u00eda Guadalupe\",\"url\":\"https:\\\/\\\/libreriaguadalupe.com.ar\\\/libreria\\\/\",\"logo\":{\"@type\":\"ImageObject\",\"inLanguage\":\"es\",\"@id\":\"https:\\\/\\\/libreriaguadalupe.com.ar\\\/libreria\\\/#\\\/schema\\\/logo\\\/image\\\/\",\"url\":\"https:\\\/\\\/i0.wp.com\\\/libreriaguadalupe.com.ar\\\/libreria\\\/wp-content\\\/uploads\\\/2023\\\/01\\\/cropped-logo-editorial-guadalupe.webp?fit=500%2C100&ssl=1\",\"contentUrl\":\"https:\\\/\\\/i0.wp.com\\\/libreriaguadalupe.com.ar\\\/libreria\\\/wp-content\\\/uploads\\\/2023\\\/01\\\/cropped-logo-editorial-guadalupe.webp?fit=500%2C100&ssl=1\",\"width\":500,\"height\":100,\"caption\":\"Editorial Guadalupe\"},\"image\":{\"@id\":\"https:\\\/\\\/libreriaguadalupe.com.ar\\\/libreria\\\/#\\\/schema\\\/logo\\\/image\\\/\"},\"sameAs\":[\"https:\\\/\\\/www.facebook.com\\\/LibreriaGuadalupeAR\\\/\",\"https:\\\/\\\/www.instagram.com\\\/editorialguadalupe\\\/\",\"https:\\\/\\\/guadalupeeditorial.mercadoshops.com.ar\\\/\"]}]}<\/script>\n<!-- \/ Yoast SEO plugin. -->","yoast_head_json":{"title":"A vueltas con la parroquia: balance y perspectivas - Editorial Guadalupe de Argentina","description":"\u00bfA vueltas con la parroquia? \u00bfNo es un tema agotado tanto en la reflexi\u00f3n teol\u00f3gico-pastoral como en su pr\u00e1ctica? La XVIII Semana de Teolog\u00eda Pastoral ha vuelto a abrir el debate y la reflexi\u00f3n sobre la parroquia, esa vieja novedad desde su mismo origen.","robots":{"index":"index","follow":"follow","max-snippet":"max-snippet:-1","max-image-preview":"max-image-preview:large","max-video-preview":"max-video-preview:-1"},"canonical":"https:\/\/libreriaguadalupe.com.ar\/libreria\/producto\/a-vueltas-con-la-parroquia-balance-y-perspectivas-2\/","og_locale":"es_ES","og_type":"article","og_title":"A vueltas con la parroquia: balance y perspectivas - Editorial Guadalupe de Argentina","og_description":"\u00bfA vueltas con la parroquia? \u00bfNo es un tema agotado tanto en la reflexi\u00f3n teol\u00f3gico-pastoral como en su pr\u00e1ctica? La XVIII Semana de Teolog\u00eda Pastoral ha vuelto a abrir el debate y la reflexi\u00f3n sobre la parroquia, esa vieja novedad desde su mismo origen.","og_url":"https:\/\/libreriaguadalupe.com.ar\/libreria\/producto\/a-vueltas-con-la-parroquia-balance-y-perspectivas-2\/","og_site_name":"Editorial Guadalupe de Argentina","article_publisher":"https:\/\/www.facebook.com\/LibreriaGuadalupeAR\/","article_modified_time":"2024-07-01T14:10:24+00:00","og_image":[{"width":227,"height":380,"url":"https:\/\/libreriaguadalupe.com.ar\/libreria\/wp-content\/uploads\/1674\/33\/1150.jpg","type":"image\/jpeg"}],"twitter_card":"summary_large_image","twitter_misc":{"Tiempo de lectura":"1 minuto"},"schema":{"@context":"https:\/\/schema.org","@graph":[{"@type":"WebPage","@id":"https:\/\/libreriaguadalupe.com.ar\/libreria\/producto\/a-vueltas-con-la-parroquia-balance-y-perspectivas-2\/","url":"https:\/\/libreriaguadalupe.com.ar\/libreria\/producto\/a-vueltas-con-la-parroquia-balance-y-perspectivas-2\/","name":"A vueltas con la parroquia: balance y perspectivas - Editorial Guadalupe de Argentina","isPartOf":{"@id":"https:\/\/libreriaguadalupe.com.ar\/libreria\/#website"},"primaryImageOfPage":{"@id":"https:\/\/libreriaguadalupe.com.ar\/libreria\/producto\/a-vueltas-con-la-parroquia-balance-y-perspectivas-2\/#primaryimage"},"image":{"@id":"https:\/\/libreriaguadalupe.com.ar\/libreria\/producto\/a-vueltas-con-la-parroquia-balance-y-perspectivas-2\/#primaryimage"},"thumbnailUrl":"https:\/\/i0.wp.com\/libreriaguadalupe.com.ar\/libreria\/wp-content\/uploads\/1674\/33\/1150.jpg?fit=227%2C380&ssl=1","datePublished":"2023-02-07T13:56:01+00:00","dateModified":"2024-07-01T14:10:24+00:00","description":"\u00bfA vueltas con la parroquia? \u00bfNo es un tema agotado tanto en la reflexi\u00f3n teol\u00f3gico-pastoral como en su pr\u00e1ctica? La XVIII Semana de Teolog\u00eda Pastoral ha vuelto a abrir el debate y la reflexi\u00f3n sobre la parroquia, esa vieja novedad desde su mismo origen.","breadcrumb":{"@id":"https:\/\/libreriaguadalupe.com.ar\/libreria\/producto\/a-vueltas-con-la-parroquia-balance-y-perspectivas-2\/#breadcrumb"},"inLanguage":"es","potentialAction":[{"@type":"ReadAction","target":["https:\/\/libreriaguadalupe.com.ar\/libreria\/producto\/a-vueltas-con-la-parroquia-balance-y-perspectivas-2\/"]}]},{"@type":"ImageObject","inLanguage":"es","@id":"https:\/\/libreriaguadalupe.com.ar\/libreria\/producto\/a-vueltas-con-la-parroquia-balance-y-perspectivas-2\/#primaryimage","url":"https:\/\/i0.wp.com\/libreriaguadalupe.com.ar\/libreria\/wp-content\/uploads\/1674\/33\/1150.jpg?fit=227%2C380&ssl=1","contentUrl":"https:\/\/i0.wp.com\/libreriaguadalupe.com.ar\/libreria\/wp-content\/uploads\/1674\/33\/1150.jpg?fit=227%2C380&ssl=1","width":227,"height":380},{"@type":"BreadcrumbList","@id":"https:\/\/libreriaguadalupe.com.ar\/libreria\/producto\/a-vueltas-con-la-parroquia-balance-y-perspectivas-2\/#breadcrumb","itemListElement":[{"@type":"ListItem","position":1,"name":"Portada","item":"https:\/\/libreriaguadalupe.com.ar\/libreria\/"},{"@type":"ListItem","position":2,"name":"Tienda","item":"https:\/\/libreriaguadalupe.com.ar\/libreria\/"},{"@type":"ListItem","position":3,"name":"A vueltas con la parroquia: balance y perspectivas"}]},{"@type":"WebSite","@id":"https:\/\/libreriaguadalupe.com.ar\/libreria\/#website","url":"https:\/\/libreriaguadalupe.com.ar\/libreria\/","name":"Editorial Guadalupe de Argentina","description":"Congregaci\u00f3n del Verbo Divino","publisher":{"@id":"https:\/\/libreriaguadalupe.com.ar\/libreria\/#organization"},"alternateName":"Librer\u00eda Guadalupe","potentialAction":[{"@type":"SearchAction","target":{"@type":"EntryPoint","urlTemplate":"https:\/\/libreriaguadalupe.com.ar\/libreria\/?s={search_term_string}"},"query-input":{"@type":"PropertyValueSpecification","valueRequired":true,"valueName":"search_term_string"}}],"inLanguage":"es"},{"@type":"Organization","@id":"https:\/\/libreriaguadalupe.com.ar\/libreria\/#organization","name":"Editorial Guadalupe","alternateName":"Librer\u00eda Guadalupe","url":"https:\/\/libreriaguadalupe.com.ar\/libreria\/","logo":{"@type":"ImageObject","inLanguage":"es","@id":"https:\/\/libreriaguadalupe.com.ar\/libreria\/#\/schema\/logo\/image\/","url":"https:\/\/i0.wp.com\/libreriaguadalupe.com.ar\/libreria\/wp-content\/uploads\/2023\/01\/cropped-logo-editorial-guadalupe.webp?fit=500%2C100&ssl=1","contentUrl":"https:\/\/i0.wp.com\/libreriaguadalupe.com.ar\/libreria\/wp-content\/uploads\/2023\/01\/cropped-logo-editorial-guadalupe.webp?fit=500%2C100&ssl=1","width":500,"height":100,"caption":"Editorial Guadalupe"},"image":{"@id":"https:\/\/libreriaguadalupe.com.ar\/libreria\/#\/schema\/logo\/image\/"},"sameAs":["https:\/\/www.facebook.com\/LibreriaGuadalupeAR\/","https:\/\/www.instagram.com\/editorialguadalupe\/","https:\/\/guadalupeeditorial.mercadoshops.com.ar\/"]}]}},"jetpack_publicize_connections":[],"jetpack_sharing_enabled":true,"jetpack-related-posts":[{"id":13213,"url":"https:\/\/libreriaguadalupe.com.ar\/libreria\/producto\/a-la-escucha-de-dios-hoy-audacia-y-creatividad-xxvii-semana-de-teologia-pastoral\/","url_meta":{"origin":15471,"position":0},"title":"A la escucha de Dios hoy","author":"admin","date":"18\/01\/2023","format":false,"excerpt":"Audacia y creatividad XXVII Semana de Teolog\u00eda Pastoral","rel":"","context":"Entrada similar","block_context":{"text":"Entrada similar","link":""},"img":{"alt_text":"","src":"https:\/\/i0.wp.com\/libreriaguadalupe.com.ar\/libreria\/wp-content\/uploads\/1674\/33\/1210.jpg?fit=227%2C363&ssl=1&resize=350%2C200","width":350,"height":200},"classes":[]},{"id":13106,"url":"https:\/\/libreriaguadalupe.com.ar\/libreria\/producto\/utopias-y-esperanza-cristiana\/","url_meta":{"origin":15471,"position":1},"title":"Utopias y Esperanza Cristiana","author":"admin","date":"18\/01\/2023","format":false,"excerpt":"VII Semana de estudios de Teolog\u00eda Pastoral Autor: Instituto Superior de Pastoral Universidad Pontificia de Salamanca ISBN: 8481691443 Dimensiones: 12,5 x 20 cm P\u00e1ginas: 256 Autor: EVD ISBN 8481691443","rel":"","context":"Entrada similar","block_context":{"text":"Entrada similar","link":""},"img":{"alt_text":"","src":"","width":0,"height":0},"classes":[]},{"id":16936,"url":"https:\/\/libreriaguadalupe.com.ar\/libreria\/producto\/conversion-personal-conversion-pastoral\/","url_meta":{"origin":15471,"position":2},"title":"Conversi\u00f3n personal, conversi\u00f3n pastoral","author":"admin","date":"23\/03\/2023","format":false,"excerpt":"Vivir en cristiano en tiempos de incertidumbre XXIX Semana de Estudios de Teolog\u00eda Pastoral Autor: Instituto Superior de Pastoral Universidad Pontificia de Salamanca ISBN: 8490734575 Dimensiones: 12,5 x 20 cm P\u00e1ginas: 208","rel":"","context":"Entrada similar","block_context":{"text":"Entrada similar","link":""},"img":{"alt_text":"","src":"https:\/\/i0.wp.com\/libreriaguadalupe.com.ar\/libreria\/wp-content\/uploads\/2023\/03\/Conversion-personal-conversion-pastoral.jpg?fit=380%2C586&ssl=1&resize=350%2C200","width":350,"height":200},"classes":[]},{"id":15504,"url":"https:\/\/libreriaguadalupe.com.ar\/libreria\/producto\/mundo-en-crisis-fe-en-crisis-2\/","url_meta":{"origin":15471,"position":3},"title":"Mundo en Crisis, Fe en Crisis","author":"admin","date":"07\/02\/2023","format":false,"excerpt":"V Semana de estudios de Teolog\u00eda Pastoral AUTOR: EVD ISBN: 8481690866","rel":"","context":"Entrada similar","block_context":{"text":"Entrada similar","link":""},"img":{"alt_text":"","src":"","width":0,"height":0},"classes":[]},{"id":16842,"url":"https:\/\/libreriaguadalupe.com.ar\/libreria\/producto\/a-la-escucha-de-dios\/","url_meta":{"origin":15471,"position":4},"title":"A LA ESCUCHA DE DIOS","author":"admin","date":"22\/03\/2023","format":false,"excerpt":"Audacia y creatividad. XXVII Semana de Teolog\u00eda Pastoral Autor: Instituto Superior de Pastoral Universidad Pontificia de Salamanca ISBN: 8490732878 Dimensiones: 12,5 x 20 cm P\u00e1ginas: 288","rel":"","context":"Entrada similar","block_context":{"text":"Entrada similar","link":""},"img":{"alt_text":"","src":"https:\/\/i0.wp.com\/libreriaguadalupe.com.ar\/libreria\/wp-content\/uploads\/2023\/03\/A-LA-ESCUCHA-DE-DIOS.jpg?fit=380%2C586&ssl=1&resize=350%2C200","width":350,"height":200},"classes":[]},{"id":12872,"url":"https:\/\/libreriaguadalupe.com.ar\/libreria\/producto\/dar-razon-de-la-esperanza-hoy\/","url_meta":{"origin":15471,"position":5},"title":"Dar razon de la esperanza hoy","author":"admin","date":"18\/01\/2023","format":false,"excerpt":"XXI Semana de estudios de Teolog\u00eda Pastoral Autor: Instituto Superior de Pastoral Universidad Pontificia de Salamanca ISBN: 8499451381 Dimensiones: 12,5 x 20 cm P\u00e1ginas: 376","rel":"","context":"Entrada similar","block_context":{"text":"Entrada similar","link":""},"img":{"alt_text":"","src":"https:\/\/i0.wp.com\/libreriaguadalupe.com.ar\/libreria\/wp-content\/uploads\/2023\/01\/DAR-RAZON-DE-LA-ESPERANZA-HOY.jpg?fit=380%2C586&ssl=1&resize=350%2C200","width":350,"height":200},"classes":[]}],"_links":{"self":[{"href":"https:\/\/libreriaguadalupe.com.ar\/libreria\/wp-json\/wp\/v2\/product\/15471","targetHints":{"allow":["GET"]}}],"collection":[{"href":"https:\/\/libreriaguadalupe.com.ar\/libreria\/wp-json\/wp\/v2\/product"}],"about":[{"href":"https:\/\/libreriaguadalupe.com.ar\/libreria\/wp-json\/wp\/v2\/types\/product"}],"replies":[{"embeddable":true,"href":"https:\/\/libreriaguadalupe.com.ar\/libreria\/wp-json\/wp\/v2\/comments?post=15471"}],"version-history":[{"count":3,"href":"https:\/\/libreriaguadalupe.com.ar\/libreria\/wp-json\/wp\/v2\/product\/15471\/revisions"}],"predecessor-version":[{"id":16852,"href":"https:\/\/libreriaguadalupe.com.ar\/libreria\/wp-json\/wp\/v2\/product\/15471\/revisions\/16852"}],"wp:featuredmedia":[{"embeddable":true,"href":"https:\/\/libreriaguadalupe.com.ar\/libreria\/wp-json\/wp\/v2\/media\/13357"}],"wp:attachment":[{"href":"https:\/\/libreriaguadalupe.com.ar\/libreria\/wp-json\/wp\/v2\/media?parent=15471"}],"wp:term":[{"taxonomy":"product_brand","embeddable":true,"href":"https:\/\/libreriaguadalupe.com.ar\/libreria\/wp-json\/wp\/v2\/product_brand?post=15471"},{"taxonomy":"product_cat","embeddable":true,"href":"https:\/\/libreriaguadalupe.com.ar\/libreria\/wp-json\/wp\/v2\/product_cat?post=15471"},{"taxonomy":"product_tag","embeddable":true,"href":"https:\/\/libreriaguadalupe.com.ar\/libreria\/wp-json\/wp\/v2\/product_tag?post=15471"}],"curies":[{"name":"wp","href":"https:\/\/api.w.org\/{rel}","templated":true}]}}