{"id":15469,"date":"2023-02-07T10:56:01","date_gmt":"2023-02-07T13:56:01","guid":{"rendered":"https:\/\/libreriaguadalupe.com.ar\/libreria\/?post_type=product&#038;p=15469"},"modified":"2024-07-01T11:46:01","modified_gmt":"2024-07-01T14:46:01","slug":"interculturalidad-dialogo-interreligioso-y-liberacion-2","status":"publish","type":"product","link":"https:\/\/libreriaguadalupe.com.ar\/libreria\/producto\/interculturalidad-dialogo-interreligioso-y-liberacion-2\/","title":{"rendered":"Interculturalidad, dialogo interreligioso y liberaci\u00f3n"},"content":{"rendered":"<p>Este libro recoge las actas del I Simposio de Teolog\u00eda Intercultural e Interreligiosa de la Liberaci\u00f3n, celebrado en el marco del F\u00f3rum de las Culturas de 2004 en Barcelona. Los ponentes trataron de poner las bases para una teolog\u00eda capaz de responder a las desigualdades de nuestro tiempo y a los fundamentalismos.<\/p>\n","protected":false},"excerpt":{"rendered":"<h5 class=\"my-1 font-weight-normal\">I Simposio Internacional de Teolog\u00eda Intercultural e Interreligiosa de la Liberaci\u00f3n<\/h5>\n<p>Autor: Juan Jos\u00e9 Tamayo Acosta,\u00a0Ra\u00fal Fornet-Betancourt<strong><br \/>\n<\/strong>ISBN: 8481696897<br \/>\nDimensiones: 12,5 x 20 cm<br \/>\nP\u00e1ginas: 312<\/p>\n","protected":false},"featured_media":17122,"comment_status":"open","ping_status":"closed","template":"","meta":{"jetpack_publicize_message":"","jetpack_publicize_feature_enabled":true,"jetpack_social_post_already_shared":false,"jetpack_social_options":{"image_generator_settings":{"template":"highway","default_image_id":0,"font":"","enabled":false},"version":2}},"product_brand":[],"product_cat":[109],"product_tag":[127],"class_list":{"0":"post-15469","1":"product","2":"type-product","3":"status-publish","4":"has-post-thumbnail","6":"product_cat-verbo-divino","7":"product_tag-editorial-guadalupe-de-argentina","9":"first","10":"outofstock","11":"shipping-taxable","12":"purchasable","13":"product-type-simple"},"yoast_head":"<!-- This site is optimized with the Yoast SEO plugin v27.4 - https:\/\/yoast.com\/product\/yoast-seo-wordpress\/ -->\n<title>Interculturalidad, dialogo interreligioso y liberaci\u00f3n - Editorial Guadalupe de Argentina<\/title>\n<meta name=\"description\" content=\"Este libro recoge las actas del I Simposio de Teolog\u00eda Intercultural e Interreligiosa de la Liberaci\u00f3n, celebrado en el marco del F\u00f3rum de las Culturas de 2004 en Barcelona\" \/>\n<meta name=\"robots\" content=\"index, follow, max-snippet:-1, max-image-preview:large, max-video-preview:-1\" \/>\n<link rel=\"canonical\" href=\"https:\/\/libreriaguadalupe.com.ar\/libreria\/producto\/interculturalidad-dialogo-interreligioso-y-liberacion-2\/\" \/>\n<meta property=\"og:locale\" content=\"es_ES\" \/>\n<meta property=\"og:type\" content=\"article\" \/>\n<meta property=\"og:title\" content=\"Interculturalidad, dialogo interreligioso y liberaci\u00f3n - Editorial Guadalupe de Argentina\" \/>\n<meta property=\"og:description\" content=\"Este libro recoge las actas del I Simposio de Teolog\u00eda Intercultural e Interreligiosa de la Liberaci\u00f3n, celebrado en el marco del F\u00f3rum de las Culturas de 2004 en Barcelona\" \/>\n<meta property=\"og:url\" content=\"https:\/\/libreriaguadalupe.com.ar\/libreria\/producto\/interculturalidad-dialogo-interreligioso-y-liberacion-2\/\" \/>\n<meta property=\"og:site_name\" content=\"Editorial Guadalupe de Argentina\" \/>\n<meta property=\"article:publisher\" content=\"https:\/\/www.facebook.com\/LibreriaGuadalupeAR\/\" \/>\n<meta property=\"article:modified_time\" content=\"2024-07-01T14:46:01+00:00\" \/>\n<meta property=\"og:image\" content=\"https:\/\/libreriaguadalupe.com.ar\/libreria\/wp-content\/uploads\/2023\/02\/Interculturalidad-dialogo-interreligioso-y-liberacion.jpg\" \/>\n\t<meta property=\"og:image:width\" content=\"380\" \/>\n\t<meta property=\"og:image:height\" content=\"586\" \/>\n\t<meta property=\"og:image:type\" content=\"image\/jpeg\" \/>\n<meta name=\"twitter:card\" content=\"summary_large_image\" \/>\n<meta name=\"twitter:label1\" content=\"Tiempo de lectura\" \/>\n\t<meta name=\"twitter:data1\" content=\"1 minuto\" \/>\n<script type=\"application\/ld+json\" class=\"yoast-schema-graph\">{\"@context\":\"https:\\\/\\\/schema.org\",\"@graph\":[{\"@type\":\"WebPage\",\"@id\":\"https:\\\/\\\/libreriaguadalupe.com.ar\\\/libreria\\\/producto\\\/interculturalidad-dialogo-interreligioso-y-liberacion-2\\\/\",\"url\":\"https:\\\/\\\/libreriaguadalupe.com.ar\\\/libreria\\\/producto\\\/interculturalidad-dialogo-interreligioso-y-liberacion-2\\\/\",\"name\":\"Interculturalidad, dialogo interreligioso y liberaci\u00f3n - Editorial Guadalupe de Argentina\",\"isPartOf\":{\"@id\":\"https:\\\/\\\/libreriaguadalupe.com.ar\\\/libreria\\\/#website\"},\"primaryImageOfPage\":{\"@id\":\"https:\\\/\\\/libreriaguadalupe.com.ar\\\/libreria\\\/producto\\\/interculturalidad-dialogo-interreligioso-y-liberacion-2\\\/#primaryimage\"},\"image\":{\"@id\":\"https:\\\/\\\/libreriaguadalupe.com.ar\\\/libreria\\\/producto\\\/interculturalidad-dialogo-interreligioso-y-liberacion-2\\\/#primaryimage\"},\"thumbnailUrl\":\"https:\\\/\\\/i0.wp.com\\\/libreriaguadalupe.com.ar\\\/libreria\\\/wp-content\\\/uploads\\\/2023\\\/02\\\/Interculturalidad-dialogo-interreligioso-y-liberacion.jpg?fit=380%2C586&ssl=1\",\"datePublished\":\"2023-02-07T13:56:01+00:00\",\"dateModified\":\"2024-07-01T14:46:01+00:00\",\"description\":\"Este libro recoge las actas del I Simposio de Teolog\u00eda Intercultural e Interreligiosa de la Liberaci\u00f3n, celebrado en el marco del F\u00f3rum de las Culturas de 2004 en Barcelona\",\"breadcrumb\":{\"@id\":\"https:\\\/\\\/libreriaguadalupe.com.ar\\\/libreria\\\/producto\\\/interculturalidad-dialogo-interreligioso-y-liberacion-2\\\/#breadcrumb\"},\"inLanguage\":\"es\",\"potentialAction\":[{\"@type\":\"ReadAction\",\"target\":[\"https:\\\/\\\/libreriaguadalupe.com.ar\\\/libreria\\\/producto\\\/interculturalidad-dialogo-interreligioso-y-liberacion-2\\\/\"]}]},{\"@type\":\"ImageObject\",\"inLanguage\":\"es\",\"@id\":\"https:\\\/\\\/libreriaguadalupe.com.ar\\\/libreria\\\/producto\\\/interculturalidad-dialogo-interreligioso-y-liberacion-2\\\/#primaryimage\",\"url\":\"https:\\\/\\\/i0.wp.com\\\/libreriaguadalupe.com.ar\\\/libreria\\\/wp-content\\\/uploads\\\/2023\\\/02\\\/Interculturalidad-dialogo-interreligioso-y-liberacion.jpg?fit=380%2C586&ssl=1\",\"contentUrl\":\"https:\\\/\\\/i0.wp.com\\\/libreriaguadalupe.com.ar\\\/libreria\\\/wp-content\\\/uploads\\\/2023\\\/02\\\/Interculturalidad-dialogo-interreligioso-y-liberacion.jpg?fit=380%2C586&ssl=1\",\"width\":380,\"height\":586},{\"@type\":\"BreadcrumbList\",\"@id\":\"https:\\\/\\\/libreriaguadalupe.com.ar\\\/libreria\\\/producto\\\/interculturalidad-dialogo-interreligioso-y-liberacion-2\\\/#breadcrumb\",\"itemListElement\":[{\"@type\":\"ListItem\",\"position\":1,\"name\":\"Portada\",\"item\":\"https:\\\/\\\/libreriaguadalupe.com.ar\\\/libreria\\\/\"},{\"@type\":\"ListItem\",\"position\":2,\"name\":\"Tienda\",\"item\":\"https:\\\/\\\/libreriaguadalupe.com.ar\\\/libreria\\\/\"},{\"@type\":\"ListItem\",\"position\":3,\"name\":\"Interculturalidad, dialogo interreligioso y liberaci\u00f3n\"}]},{\"@type\":\"WebSite\",\"@id\":\"https:\\\/\\\/libreriaguadalupe.com.ar\\\/libreria\\\/#website\",\"url\":\"https:\\\/\\\/libreriaguadalupe.com.ar\\\/libreria\\\/\",\"name\":\"Editorial Guadalupe de Argentina\",\"description\":\"Congregaci\u00f3n del Verbo Divino\",\"publisher\":{\"@id\":\"https:\\\/\\\/libreriaguadalupe.com.ar\\\/libreria\\\/#organization\"},\"alternateName\":\"Librer\u00eda Guadalupe\",\"potentialAction\":[{\"@type\":\"SearchAction\",\"target\":{\"@type\":\"EntryPoint\",\"urlTemplate\":\"https:\\\/\\\/libreriaguadalupe.com.ar\\\/libreria\\\/?s={search_term_string}\"},\"query-input\":{\"@type\":\"PropertyValueSpecification\",\"valueRequired\":true,\"valueName\":\"search_term_string\"}}],\"inLanguage\":\"es\"},{\"@type\":\"Organization\",\"@id\":\"https:\\\/\\\/libreriaguadalupe.com.ar\\\/libreria\\\/#organization\",\"name\":\"Editorial Guadalupe\",\"alternateName\":\"Librer\u00eda Guadalupe\",\"url\":\"https:\\\/\\\/libreriaguadalupe.com.ar\\\/libreria\\\/\",\"logo\":{\"@type\":\"ImageObject\",\"inLanguage\":\"es\",\"@id\":\"https:\\\/\\\/libreriaguadalupe.com.ar\\\/libreria\\\/#\\\/schema\\\/logo\\\/image\\\/\",\"url\":\"https:\\\/\\\/i0.wp.com\\\/libreriaguadalupe.com.ar\\\/libreria\\\/wp-content\\\/uploads\\\/2023\\\/01\\\/cropped-logo-editorial-guadalupe.webp?fit=500%2C100&ssl=1\",\"contentUrl\":\"https:\\\/\\\/i0.wp.com\\\/libreriaguadalupe.com.ar\\\/libreria\\\/wp-content\\\/uploads\\\/2023\\\/01\\\/cropped-logo-editorial-guadalupe.webp?fit=500%2C100&ssl=1\",\"width\":500,\"height\":100,\"caption\":\"Editorial Guadalupe\"},\"image\":{\"@id\":\"https:\\\/\\\/libreriaguadalupe.com.ar\\\/libreria\\\/#\\\/schema\\\/logo\\\/image\\\/\"},\"sameAs\":[\"https:\\\/\\\/www.facebook.com\\\/LibreriaGuadalupeAR\\\/\",\"https:\\\/\\\/www.instagram.com\\\/editorialguadalupe\\\/\",\"https:\\\/\\\/guadalupeeditorial.mercadoshops.com.ar\\\/\"]}]}<\/script>\n<!-- \/ Yoast SEO plugin. -->","yoast_head_json":{"title":"Interculturalidad, dialogo interreligioso y liberaci\u00f3n - Editorial Guadalupe de Argentina","description":"Este libro recoge las actas del I Simposio de Teolog\u00eda Intercultural e Interreligiosa de la Liberaci\u00f3n, celebrado en el marco del F\u00f3rum de las Culturas de 2004 en Barcelona","robots":{"index":"index","follow":"follow","max-snippet":"max-snippet:-1","max-image-preview":"max-image-preview:large","max-video-preview":"max-video-preview:-1"},"canonical":"https:\/\/libreriaguadalupe.com.ar\/libreria\/producto\/interculturalidad-dialogo-interreligioso-y-liberacion-2\/","og_locale":"es_ES","og_type":"article","og_title":"Interculturalidad, dialogo interreligioso y liberaci\u00f3n - Editorial Guadalupe de Argentina","og_description":"Este libro recoge las actas del I Simposio de Teolog\u00eda Intercultural e Interreligiosa de la Liberaci\u00f3n, celebrado en el marco del F\u00f3rum de las Culturas de 2004 en Barcelona","og_url":"https:\/\/libreriaguadalupe.com.ar\/libreria\/producto\/interculturalidad-dialogo-interreligioso-y-liberacion-2\/","og_site_name":"Editorial Guadalupe de Argentina","article_publisher":"https:\/\/www.facebook.com\/LibreriaGuadalupeAR\/","article_modified_time":"2024-07-01T14:46:01+00:00","og_image":[{"width":380,"height":586,"url":"https:\/\/libreriaguadalupe.com.ar\/libreria\/wp-content\/uploads\/2023\/02\/Interculturalidad-dialogo-interreligioso-y-liberacion.jpg","type":"image\/jpeg"}],"twitter_card":"summary_large_image","twitter_misc":{"Tiempo de lectura":"1 minuto"},"schema":{"@context":"https:\/\/schema.org","@graph":[{"@type":"WebPage","@id":"https:\/\/libreriaguadalupe.com.ar\/libreria\/producto\/interculturalidad-dialogo-interreligioso-y-liberacion-2\/","url":"https:\/\/libreriaguadalupe.com.ar\/libreria\/producto\/interculturalidad-dialogo-interreligioso-y-liberacion-2\/","name":"Interculturalidad, dialogo interreligioso y liberaci\u00f3n - Editorial Guadalupe de Argentina","isPartOf":{"@id":"https:\/\/libreriaguadalupe.com.ar\/libreria\/#website"},"primaryImageOfPage":{"@id":"https:\/\/libreriaguadalupe.com.ar\/libreria\/producto\/interculturalidad-dialogo-interreligioso-y-liberacion-2\/#primaryimage"},"image":{"@id":"https:\/\/libreriaguadalupe.com.ar\/libreria\/producto\/interculturalidad-dialogo-interreligioso-y-liberacion-2\/#primaryimage"},"thumbnailUrl":"https:\/\/i0.wp.com\/libreriaguadalupe.com.ar\/libreria\/wp-content\/uploads\/2023\/02\/Interculturalidad-dialogo-interreligioso-y-liberacion.jpg?fit=380%2C586&ssl=1","datePublished":"2023-02-07T13:56:01+00:00","dateModified":"2024-07-01T14:46:01+00:00","description":"Este libro recoge las actas del I Simposio de Teolog\u00eda Intercultural e Interreligiosa de la Liberaci\u00f3n, celebrado en el marco del F\u00f3rum de las Culturas de 2004 en Barcelona","breadcrumb":{"@id":"https:\/\/libreriaguadalupe.com.ar\/libreria\/producto\/interculturalidad-dialogo-interreligioso-y-liberacion-2\/#breadcrumb"},"inLanguage":"es","potentialAction":[{"@type":"ReadAction","target":["https:\/\/libreriaguadalupe.com.ar\/libreria\/producto\/interculturalidad-dialogo-interreligioso-y-liberacion-2\/"]}]},{"@type":"ImageObject","inLanguage":"es","@id":"https:\/\/libreriaguadalupe.com.ar\/libreria\/producto\/interculturalidad-dialogo-interreligioso-y-liberacion-2\/#primaryimage","url":"https:\/\/i0.wp.com\/libreriaguadalupe.com.ar\/libreria\/wp-content\/uploads\/2023\/02\/Interculturalidad-dialogo-interreligioso-y-liberacion.jpg?fit=380%2C586&ssl=1","contentUrl":"https:\/\/i0.wp.com\/libreriaguadalupe.com.ar\/libreria\/wp-content\/uploads\/2023\/02\/Interculturalidad-dialogo-interreligioso-y-liberacion.jpg?fit=380%2C586&ssl=1","width":380,"height":586},{"@type":"BreadcrumbList","@id":"https:\/\/libreriaguadalupe.com.ar\/libreria\/producto\/interculturalidad-dialogo-interreligioso-y-liberacion-2\/#breadcrumb","itemListElement":[{"@type":"ListItem","position":1,"name":"Portada","item":"https:\/\/libreriaguadalupe.com.ar\/libreria\/"},{"@type":"ListItem","position":2,"name":"Tienda","item":"https:\/\/libreriaguadalupe.com.ar\/libreria\/"},{"@type":"ListItem","position":3,"name":"Interculturalidad, dialogo interreligioso y liberaci\u00f3n"}]},{"@type":"WebSite","@id":"https:\/\/libreriaguadalupe.com.ar\/libreria\/#website","url":"https:\/\/libreriaguadalupe.com.ar\/libreria\/","name":"Editorial Guadalupe de Argentina","description":"Congregaci\u00f3n del Verbo Divino","publisher":{"@id":"https:\/\/libreriaguadalupe.com.ar\/libreria\/#organization"},"alternateName":"Librer\u00eda Guadalupe","potentialAction":[{"@type":"SearchAction","target":{"@type":"EntryPoint","urlTemplate":"https:\/\/libreriaguadalupe.com.ar\/libreria\/?s={search_term_string}"},"query-input":{"@type":"PropertyValueSpecification","valueRequired":true,"valueName":"search_term_string"}}],"inLanguage":"es"},{"@type":"Organization","@id":"https:\/\/libreriaguadalupe.com.ar\/libreria\/#organization","name":"Editorial Guadalupe","alternateName":"Librer\u00eda Guadalupe","url":"https:\/\/libreriaguadalupe.com.ar\/libreria\/","logo":{"@type":"ImageObject","inLanguage":"es","@id":"https:\/\/libreriaguadalupe.com.ar\/libreria\/#\/schema\/logo\/image\/","url":"https:\/\/i0.wp.com\/libreriaguadalupe.com.ar\/libreria\/wp-content\/uploads\/2023\/01\/cropped-logo-editorial-guadalupe.webp?fit=500%2C100&ssl=1","contentUrl":"https:\/\/i0.wp.com\/libreriaguadalupe.com.ar\/libreria\/wp-content\/uploads\/2023\/01\/cropped-logo-editorial-guadalupe.webp?fit=500%2C100&ssl=1","width":500,"height":100,"caption":"Editorial Guadalupe"},"image":{"@id":"https:\/\/libreriaguadalupe.com.ar\/libreria\/#\/schema\/logo\/image\/"},"sameAs":["https:\/\/www.facebook.com\/LibreriaGuadalupeAR\/","https:\/\/www.instagram.com\/editorialguadalupe\/","https:\/\/guadalupeeditorial.mercadoshops.com.ar\/"]}]}},"jetpack_publicize_connections":[],"jetpack_sharing_enabled":true,"jetpack-related-posts":[{"id":13173,"url":"https:\/\/libreriaguadalupe.com.ar\/libreria\/producto\/interculturalidad-dialogo-interreligioso-y-liberacion\/","url_meta":{"origin":15469,"position":0},"title":"Interculturalidad, dialogo interreligioso y liberaci\u00f3n","author":"admin","date":"18\/01\/2023","format":false,"excerpt":"Juan Jos\u00e9 Tamayo - Ra\u00fal Fornet bentacourt (eds.) ISBN 8481696897","rel":"","context":"Entrada similar","block_context":{"text":"Entrada similar","link":""},"img":{"alt_text":"","src":"","width":0,"height":0},"classes":[]},{"id":15912,"url":"https:\/\/libreriaguadalupe.com.ar\/libreria\/producto\/monsenor-farrel-padre-de-la-teologia-del-pueblo\/","url_meta":{"origin":15469,"position":1},"title":"Monse\u00f1or Farrel, Padre de la teolog\u00eda del pueblo","author":"admin","date":"12\/02\/2023","format":false,"excerpt":"Las reflexiones de Lucio Gera, Rafael Tello y Gerardo Farrell, permanecen en las letras y en los corazones de quienes pudieron compartir con ellos la aventura de buscar a Dios por los caminos del pueblo; este libro es un intento de preservar es tesoro, divulg\u00e1ndolo. AUTOR: HERNAN ANTONIO ACOSTA ISBN:\u2026","rel":"","context":"Entrada similar","block_context":{"text":"Entrada similar","link":""},"img":{"alt_text":"","src":"https:\/\/i0.wp.com\/libreriaguadalupe.com.ar\/libreria\/wp-content\/uploads\/2023\/02\/Monsenor-Farrell-Padre-de-la-Teologia-del-Pueblo-chico.jpg?fit=335%2C500&ssl=1&resize=350%2C200","width":350,"height":200},"classes":[]},{"id":15513,"url":"https:\/\/libreriaguadalupe.com.ar\/libreria\/producto\/la-busqueda-de-la-armonia-de-la-diversidad-2\/","url_meta":{"origin":15469,"position":2},"title":"La B\u00fasqueda de la Armon\u00eda de la Diversidad","author":"admin","date":"07\/02\/2023","format":false,"excerpt":"El di\u00e1logo ecum\u00e9nico e interreligioso desde el Concilio Vaticano II AUTOR: EVD ISBN: 8499450810","rel":"","context":"Entrada similar","block_context":{"text":"Entrada similar","link":""},"img":{"alt_text":"","src":"https:\/\/i0.wp.com\/libreriaguadalupe.com.ar\/libreria\/wp-content\/uploads\/1674\/33\/1198.jpg?fit=227%2C353&ssl=1&resize=350%2C200","width":350,"height":200},"classes":[]},{"id":16725,"url":"https:\/\/libreriaguadalupe.com.ar\/libreria\/producto\/signos-en-la-iglesia-latinoamericana\/","url_meta":{"origin":15469,"position":3},"title":"Signos en la Iglesia Latinoamericana","author":"admin","date":"15\/03\/2023","format":false,"excerpt":"Evangelizaci\u00f3n y liberaci\u00f3n Colecci\u00f3n: Teolog\u00eda en camino Autor: PIRONIO EDUARDO ISBN: 9505006458","rel":"","context":"Entrada similar","block_context":{"text":"Entrada similar","link":""},"img":{"alt_text":"Signos en la Iglesia Latinoamericana","src":"https:\/\/i0.wp.com\/libreriaguadalupe.com.ar\/libreria\/wp-content\/uploads\/2023\/03\/Signos-de-la-Iglesia-Latinoamericana.jpg?fit=500%2C509&ssl=1&resize=350%2C200","width":350,"height":200},"classes":[]},{"id":13213,"url":"https:\/\/libreriaguadalupe.com.ar\/libreria\/producto\/a-la-escucha-de-dios-hoy-audacia-y-creatividad-xxvii-semana-de-teologia-pastoral\/","url_meta":{"origin":15469,"position":4},"title":"A la escucha de Dios hoy","author":"admin","date":"18\/01\/2023","format":false,"excerpt":"Audacia y creatividad XXVII Semana de Teolog\u00eda Pastoral","rel":"","context":"Entrada similar","block_context":{"text":"Entrada similar","link":""},"img":{"alt_text":"","src":"https:\/\/i0.wp.com\/libreriaguadalupe.com.ar\/libreria\/wp-content\/uploads\/1674\/33\/1210.jpg?fit=227%2C363&ssl=1&resize=350%2C200","width":350,"height":200},"classes":[]},{"id":15505,"url":"https:\/\/libreriaguadalupe.com.ar\/libreria\/producto\/trinidad-universo-persona-teologia-en-cosmovision-evolutiva-2\/","url_meta":{"origin":15469,"position":5},"title":"Trinidad, universo, persona","author":"admin","date":"07\/02\/2023","format":false,"excerpt":"Teolog\u00eda en cosmovisi\u00f3n evolutiva AUTOR: EVD ISBN: 8490730188","rel":"","context":"Entrada similar","block_context":{"text":"Entrada similar","link":""},"img":{"alt_text":"","src":"https:\/\/i0.wp.com\/libreriaguadalupe.com.ar\/libreria\/wp-content\/uploads\/2023\/02\/Trinidad-universo-persona.jpg?fit=380%2C586&ssl=1&resize=350%2C200","width":350,"height":200},"classes":[]}],"_links":{"self":[{"href":"https:\/\/libreriaguadalupe.com.ar\/libreria\/wp-json\/wp\/v2\/product\/15469","targetHints":{"allow":["GET"]}}],"collection":[{"href":"https:\/\/libreriaguadalupe.com.ar\/libreria\/wp-json\/wp\/v2\/product"}],"about":[{"href":"https:\/\/libreriaguadalupe.com.ar\/libreria\/wp-json\/wp\/v2\/types\/product"}],"replies":[{"embeddable":true,"href":"https:\/\/libreriaguadalupe.com.ar\/libreria\/wp-json\/wp\/v2\/comments?post=15469"}],"version-history":[{"count":3,"href":"https:\/\/libreriaguadalupe.com.ar\/libreria\/wp-json\/wp\/v2\/product\/15469\/revisions"}],"predecessor-version":[{"id":17124,"href":"https:\/\/libreriaguadalupe.com.ar\/libreria\/wp-json\/wp\/v2\/product\/15469\/revisions\/17124"}],"wp:featuredmedia":[{"embeddable":true,"href":"https:\/\/libreriaguadalupe.com.ar\/libreria\/wp-json\/wp\/v2\/media\/17122"}],"wp:attachment":[{"href":"https:\/\/libreriaguadalupe.com.ar\/libreria\/wp-json\/wp\/v2\/media?parent=15469"}],"wp:term":[{"taxonomy":"product_brand","embeddable":true,"href":"https:\/\/libreriaguadalupe.com.ar\/libreria\/wp-json\/wp\/v2\/product_brand?post=15469"},{"taxonomy":"product_cat","embeddable":true,"href":"https:\/\/libreriaguadalupe.com.ar\/libreria\/wp-json\/wp\/v2\/product_cat?post=15469"},{"taxonomy":"product_tag","embeddable":true,"href":"https:\/\/libreriaguadalupe.com.ar\/libreria\/wp-json\/wp\/v2\/product_tag?post=15469"}],"curies":[{"name":"wp","href":"https:\/\/api.w.org\/{rel}","templated":true}]}}