{"id":15372,"date":"2023-02-07T10:55:52","date_gmt":"2023-02-07T13:55:52","guid":{"rendered":"https:\/\/libreriaguadalupe.com.ar\/libreria\/?post_type=product&#038;p=15372"},"modified":"2025-02-05T15:58:57","modified_gmt":"2025-02-05T18:58:57","slug":"traducciones-arameas-de-la-biblia-iv-2","status":"publish","type":"product","link":"https:\/\/libreriaguadalupe.com.ar\/libreria\/producto\/traducciones-arameas-de-la-biblia-iv-2\/","title":{"rendered":"Traducciones arameas de la Biblia IV"},"content":{"rendered":"<p>El t\u00e9rmino<i>\u00a0Targum<\/i>, \u00abtraducci\u00f3n\u00bb, hace referencia, entre los estudiosos de la Sagrada Escritura, a las traducciones arameas de la Biblia. La traducci\u00f3n aramea del texto b\u00edblico lleg\u00f3 a formar parte de la liturgia sinagogal: el lector le\u00eda el texto y el traductor traduc\u00eda sin soporte escrito. Las traducciones que han llegado a nosotros son, pues, una versi\u00f3n\u00a0<i>escrita<\/i>, que se diversificar\u00eda en otras versiones.<\/p>\n","protected":false},"excerpt":{"rendered":"<p><strong>Los Targumim del Pentateuco IV Numeros<\/strong><\/p>\n<p>Autor: Miguel P\u00e9rez Fern\u00e1ndez<strong><br \/>\n<\/strong>ISBN: 8490732298<br \/>\nDimensiones: 16 x 24 cm<br \/>\nP\u00e1ginas: 380<\/p>\n","protected":false},"featured_media":17200,"comment_status":"open","ping_status":"closed","template":"","meta":{"jetpack_publicize_message":"","jetpack_publicize_feature_enabled":true,"jetpack_social_post_already_shared":false,"jetpack_social_options":{"image_generator_settings":{"template":"highway","default_image_id":0,"font":"","enabled":false},"version":2}},"product_brand":[],"product_cat":[109],"product_tag":[127],"class_list":{"0":"post-15372","1":"product","2":"type-product","3":"status-publish","4":"has-post-thumbnail","6":"product_cat-verbo-divino","7":"product_tag-editorial-guadalupe-de-argentina","9":"first","10":"instock","11":"shipping-taxable","12":"purchasable","13":"product-type-simple"},"yoast_head":"<!-- This site is optimized with the Yoast SEO plugin v27.4 - https:\/\/yoast.com\/product\/yoast-seo-wordpress\/ -->\n<title>Traducciones arameas de la Biblia IV - Editorial Guadalupe de Argentina<\/title>\n<meta name=\"description\" content=\"El t\u00e9rmino\u00a0Targum, \u00abtraducci\u00f3n\u00bb, hace referencia, entre los estudiosos de la Sagrada Escritura, a las traducciones arameas de la Biblia.\" \/>\n<meta name=\"robots\" content=\"index, follow, max-snippet:-1, max-image-preview:large, max-video-preview:-1\" \/>\n<link rel=\"canonical\" href=\"https:\/\/libreriaguadalupe.com.ar\/libreria\/producto\/traducciones-arameas-de-la-biblia-iv-2\/\" \/>\n<meta property=\"og:locale\" content=\"es_ES\" \/>\n<meta property=\"og:type\" content=\"article\" \/>\n<meta property=\"og:title\" content=\"Traducciones arameas de la Biblia IV - Editorial Guadalupe de Argentina\" \/>\n<meta property=\"og:description\" content=\"El t\u00e9rmino\u00a0Targum, \u00abtraducci\u00f3n\u00bb, hace referencia, entre los estudiosos de la Sagrada Escritura, a las traducciones arameas de la Biblia.\" \/>\n<meta property=\"og:url\" content=\"https:\/\/libreriaguadalupe.com.ar\/libreria\/producto\/traducciones-arameas-de-la-biblia-iv-2\/\" \/>\n<meta property=\"og:site_name\" content=\"Editorial Guadalupe de Argentina\" \/>\n<meta property=\"article:publisher\" content=\"https:\/\/www.facebook.com\/LibreriaGuadalupeAR\/\" \/>\n<meta property=\"article:modified_time\" content=\"2025-02-05T18:58:57+00:00\" \/>\n<meta property=\"og:image\" content=\"https:\/\/libreriaguadalupe.com.ar\/libreria\/wp-content\/uploads\/2023\/02\/Traducciones-arameas-de-la-Biblia-IV.jpg\" \/>\n\t<meta property=\"og:image:width\" content=\"380\" \/>\n\t<meta property=\"og:image:height\" content=\"586\" \/>\n\t<meta property=\"og:image:type\" content=\"image\/jpeg\" \/>\n<meta name=\"twitter:card\" content=\"summary_large_image\" \/>\n<meta name=\"twitter:label1\" content=\"Tiempo de lectura\" \/>\n\t<meta name=\"twitter:data1\" content=\"1 minuto\" \/>\n<script type=\"application\/ld+json\" class=\"yoast-schema-graph\">{\"@context\":\"https:\\\/\\\/schema.org\",\"@graph\":[{\"@type\":\"WebPage\",\"@id\":\"https:\\\/\\\/libreriaguadalupe.com.ar\\\/libreria\\\/producto\\\/traducciones-arameas-de-la-biblia-iv-2\\\/\",\"url\":\"https:\\\/\\\/libreriaguadalupe.com.ar\\\/libreria\\\/producto\\\/traducciones-arameas-de-la-biblia-iv-2\\\/\",\"name\":\"Traducciones arameas de la Biblia IV - Editorial Guadalupe de Argentina\",\"isPartOf\":{\"@id\":\"https:\\\/\\\/libreriaguadalupe.com.ar\\\/libreria\\\/#website\"},\"primaryImageOfPage\":{\"@id\":\"https:\\\/\\\/libreriaguadalupe.com.ar\\\/libreria\\\/producto\\\/traducciones-arameas-de-la-biblia-iv-2\\\/#primaryimage\"},\"image\":{\"@id\":\"https:\\\/\\\/libreriaguadalupe.com.ar\\\/libreria\\\/producto\\\/traducciones-arameas-de-la-biblia-iv-2\\\/#primaryimage\"},\"thumbnailUrl\":\"https:\\\/\\\/i0.wp.com\\\/libreriaguadalupe.com.ar\\\/libreria\\\/wp-content\\\/uploads\\\/2023\\\/02\\\/Traducciones-arameas-de-la-Biblia-IV.jpg?fit=380%2C586&ssl=1\",\"datePublished\":\"2023-02-07T13:55:52+00:00\",\"dateModified\":\"2025-02-05T18:58:57+00:00\",\"description\":\"El t\u00e9rmino\u00a0Targum, \u00abtraducci\u00f3n\u00bb, hace referencia, entre los estudiosos de la Sagrada Escritura, a las traducciones arameas de la Biblia.\",\"breadcrumb\":{\"@id\":\"https:\\\/\\\/libreriaguadalupe.com.ar\\\/libreria\\\/producto\\\/traducciones-arameas-de-la-biblia-iv-2\\\/#breadcrumb\"},\"inLanguage\":\"es\",\"potentialAction\":[{\"@type\":\"ReadAction\",\"target\":[\"https:\\\/\\\/libreriaguadalupe.com.ar\\\/libreria\\\/producto\\\/traducciones-arameas-de-la-biblia-iv-2\\\/\"]}]},{\"@type\":\"ImageObject\",\"inLanguage\":\"es\",\"@id\":\"https:\\\/\\\/libreriaguadalupe.com.ar\\\/libreria\\\/producto\\\/traducciones-arameas-de-la-biblia-iv-2\\\/#primaryimage\",\"url\":\"https:\\\/\\\/i0.wp.com\\\/libreriaguadalupe.com.ar\\\/libreria\\\/wp-content\\\/uploads\\\/2023\\\/02\\\/Traducciones-arameas-de-la-Biblia-IV.jpg?fit=380%2C586&ssl=1\",\"contentUrl\":\"https:\\\/\\\/i0.wp.com\\\/libreriaguadalupe.com.ar\\\/libreria\\\/wp-content\\\/uploads\\\/2023\\\/02\\\/Traducciones-arameas-de-la-Biblia-IV.jpg?fit=380%2C586&ssl=1\",\"width\":380,\"height\":586},{\"@type\":\"BreadcrumbList\",\"@id\":\"https:\\\/\\\/libreriaguadalupe.com.ar\\\/libreria\\\/producto\\\/traducciones-arameas-de-la-biblia-iv-2\\\/#breadcrumb\",\"itemListElement\":[{\"@type\":\"ListItem\",\"position\":1,\"name\":\"Portada\",\"item\":\"https:\\\/\\\/libreriaguadalupe.com.ar\\\/libreria\\\/\"},{\"@type\":\"ListItem\",\"position\":2,\"name\":\"Tienda\",\"item\":\"https:\\\/\\\/libreriaguadalupe.com.ar\\\/libreria\\\/\"},{\"@type\":\"ListItem\",\"position\":3,\"name\":\"Traducciones arameas de la Biblia IV\"}]},{\"@type\":\"WebSite\",\"@id\":\"https:\\\/\\\/libreriaguadalupe.com.ar\\\/libreria\\\/#website\",\"url\":\"https:\\\/\\\/libreriaguadalupe.com.ar\\\/libreria\\\/\",\"name\":\"Editorial Guadalupe de Argentina\",\"description\":\"Congregaci\u00f3n del Verbo Divino\",\"publisher\":{\"@id\":\"https:\\\/\\\/libreriaguadalupe.com.ar\\\/libreria\\\/#organization\"},\"alternateName\":\"Librer\u00eda Guadalupe\",\"potentialAction\":[{\"@type\":\"SearchAction\",\"target\":{\"@type\":\"EntryPoint\",\"urlTemplate\":\"https:\\\/\\\/libreriaguadalupe.com.ar\\\/libreria\\\/?s={search_term_string}\"},\"query-input\":{\"@type\":\"PropertyValueSpecification\",\"valueRequired\":true,\"valueName\":\"search_term_string\"}}],\"inLanguage\":\"es\"},{\"@type\":\"Organization\",\"@id\":\"https:\\\/\\\/libreriaguadalupe.com.ar\\\/libreria\\\/#organization\",\"name\":\"Editorial Guadalupe\",\"alternateName\":\"Librer\u00eda Guadalupe\",\"url\":\"https:\\\/\\\/libreriaguadalupe.com.ar\\\/libreria\\\/\",\"logo\":{\"@type\":\"ImageObject\",\"inLanguage\":\"es\",\"@id\":\"https:\\\/\\\/libreriaguadalupe.com.ar\\\/libreria\\\/#\\\/schema\\\/logo\\\/image\\\/\",\"url\":\"https:\\\/\\\/i0.wp.com\\\/libreriaguadalupe.com.ar\\\/libreria\\\/wp-content\\\/uploads\\\/2023\\\/01\\\/cropped-logo-editorial-guadalupe.webp?fit=500%2C100&ssl=1\",\"contentUrl\":\"https:\\\/\\\/i0.wp.com\\\/libreriaguadalupe.com.ar\\\/libreria\\\/wp-content\\\/uploads\\\/2023\\\/01\\\/cropped-logo-editorial-guadalupe.webp?fit=500%2C100&ssl=1\",\"width\":500,\"height\":100,\"caption\":\"Editorial Guadalupe\"},\"image\":{\"@id\":\"https:\\\/\\\/libreriaguadalupe.com.ar\\\/libreria\\\/#\\\/schema\\\/logo\\\/image\\\/\"},\"sameAs\":[\"https:\\\/\\\/www.facebook.com\\\/LibreriaGuadalupeAR\\\/\",\"https:\\\/\\\/www.instagram.com\\\/editorialguadalupe\\\/\",\"https:\\\/\\\/guadalupeeditorial.mercadoshops.com.ar\\\/\"]}]}<\/script>\n<!-- \/ Yoast SEO plugin. -->","yoast_head_json":{"title":"Traducciones arameas de la Biblia IV - Editorial Guadalupe de Argentina","description":"El t\u00e9rmino\u00a0Targum, \u00abtraducci\u00f3n\u00bb, hace referencia, entre los estudiosos de la Sagrada Escritura, a las traducciones arameas de la Biblia.","robots":{"index":"index","follow":"follow","max-snippet":"max-snippet:-1","max-image-preview":"max-image-preview:large","max-video-preview":"max-video-preview:-1"},"canonical":"https:\/\/libreriaguadalupe.com.ar\/libreria\/producto\/traducciones-arameas-de-la-biblia-iv-2\/","og_locale":"es_ES","og_type":"article","og_title":"Traducciones arameas de la Biblia IV - Editorial Guadalupe de Argentina","og_description":"El t\u00e9rmino\u00a0Targum, \u00abtraducci\u00f3n\u00bb, hace referencia, entre los estudiosos de la Sagrada Escritura, a las traducciones arameas de la Biblia.","og_url":"https:\/\/libreriaguadalupe.com.ar\/libreria\/producto\/traducciones-arameas-de-la-biblia-iv-2\/","og_site_name":"Editorial Guadalupe de Argentina","article_publisher":"https:\/\/www.facebook.com\/LibreriaGuadalupeAR\/","article_modified_time":"2025-02-05T18:58:57+00:00","og_image":[{"width":380,"height":586,"url":"https:\/\/libreriaguadalupe.com.ar\/libreria\/wp-content\/uploads\/2023\/02\/Traducciones-arameas-de-la-Biblia-IV.jpg","type":"image\/jpeg"}],"twitter_card":"summary_large_image","twitter_misc":{"Tiempo de lectura":"1 minuto"},"schema":{"@context":"https:\/\/schema.org","@graph":[{"@type":"WebPage","@id":"https:\/\/libreriaguadalupe.com.ar\/libreria\/producto\/traducciones-arameas-de-la-biblia-iv-2\/","url":"https:\/\/libreriaguadalupe.com.ar\/libreria\/producto\/traducciones-arameas-de-la-biblia-iv-2\/","name":"Traducciones arameas de la Biblia IV - Editorial Guadalupe de Argentina","isPartOf":{"@id":"https:\/\/libreriaguadalupe.com.ar\/libreria\/#website"},"primaryImageOfPage":{"@id":"https:\/\/libreriaguadalupe.com.ar\/libreria\/producto\/traducciones-arameas-de-la-biblia-iv-2\/#primaryimage"},"image":{"@id":"https:\/\/libreriaguadalupe.com.ar\/libreria\/producto\/traducciones-arameas-de-la-biblia-iv-2\/#primaryimage"},"thumbnailUrl":"https:\/\/i0.wp.com\/libreriaguadalupe.com.ar\/libreria\/wp-content\/uploads\/2023\/02\/Traducciones-arameas-de-la-Biblia-IV.jpg?fit=380%2C586&ssl=1","datePublished":"2023-02-07T13:55:52+00:00","dateModified":"2025-02-05T18:58:57+00:00","description":"El t\u00e9rmino\u00a0Targum, \u00abtraducci\u00f3n\u00bb, hace referencia, entre los estudiosos de la Sagrada Escritura, a las traducciones arameas de la Biblia.","breadcrumb":{"@id":"https:\/\/libreriaguadalupe.com.ar\/libreria\/producto\/traducciones-arameas-de-la-biblia-iv-2\/#breadcrumb"},"inLanguage":"es","potentialAction":[{"@type":"ReadAction","target":["https:\/\/libreriaguadalupe.com.ar\/libreria\/producto\/traducciones-arameas-de-la-biblia-iv-2\/"]}]},{"@type":"ImageObject","inLanguage":"es","@id":"https:\/\/libreriaguadalupe.com.ar\/libreria\/producto\/traducciones-arameas-de-la-biblia-iv-2\/#primaryimage","url":"https:\/\/i0.wp.com\/libreriaguadalupe.com.ar\/libreria\/wp-content\/uploads\/2023\/02\/Traducciones-arameas-de-la-Biblia-IV.jpg?fit=380%2C586&ssl=1","contentUrl":"https:\/\/i0.wp.com\/libreriaguadalupe.com.ar\/libreria\/wp-content\/uploads\/2023\/02\/Traducciones-arameas-de-la-Biblia-IV.jpg?fit=380%2C586&ssl=1","width":380,"height":586},{"@type":"BreadcrumbList","@id":"https:\/\/libreriaguadalupe.com.ar\/libreria\/producto\/traducciones-arameas-de-la-biblia-iv-2\/#breadcrumb","itemListElement":[{"@type":"ListItem","position":1,"name":"Portada","item":"https:\/\/libreriaguadalupe.com.ar\/libreria\/"},{"@type":"ListItem","position":2,"name":"Tienda","item":"https:\/\/libreriaguadalupe.com.ar\/libreria\/"},{"@type":"ListItem","position":3,"name":"Traducciones arameas de la Biblia IV"}]},{"@type":"WebSite","@id":"https:\/\/libreriaguadalupe.com.ar\/libreria\/#website","url":"https:\/\/libreriaguadalupe.com.ar\/libreria\/","name":"Editorial Guadalupe de Argentina","description":"Congregaci\u00f3n del Verbo Divino","publisher":{"@id":"https:\/\/libreriaguadalupe.com.ar\/libreria\/#organization"},"alternateName":"Librer\u00eda Guadalupe","potentialAction":[{"@type":"SearchAction","target":{"@type":"EntryPoint","urlTemplate":"https:\/\/libreriaguadalupe.com.ar\/libreria\/?s={search_term_string}"},"query-input":{"@type":"PropertyValueSpecification","valueRequired":true,"valueName":"search_term_string"}}],"inLanguage":"es"},{"@type":"Organization","@id":"https:\/\/libreriaguadalupe.com.ar\/libreria\/#organization","name":"Editorial Guadalupe","alternateName":"Librer\u00eda Guadalupe","url":"https:\/\/libreriaguadalupe.com.ar\/libreria\/","logo":{"@type":"ImageObject","inLanguage":"es","@id":"https:\/\/libreriaguadalupe.com.ar\/libreria\/#\/schema\/logo\/image\/","url":"https:\/\/i0.wp.com\/libreriaguadalupe.com.ar\/libreria\/wp-content\/uploads\/2023\/01\/cropped-logo-editorial-guadalupe.webp?fit=500%2C100&ssl=1","contentUrl":"https:\/\/i0.wp.com\/libreriaguadalupe.com.ar\/libreria\/wp-content\/uploads\/2023\/01\/cropped-logo-editorial-guadalupe.webp?fit=500%2C100&ssl=1","width":500,"height":100,"caption":"Editorial Guadalupe"},"image":{"@id":"https:\/\/libreriaguadalupe.com.ar\/libreria\/#\/schema\/logo\/image\/"},"sameAs":["https:\/\/www.facebook.com\/LibreriaGuadalupeAR\/","https:\/\/www.instagram.com\/editorialguadalupe\/","https:\/\/guadalupeeditorial.mercadoshops.com.ar\/"]}]}},"jetpack_publicize_connections":[],"jetpack_sharing_enabled":true,"jetpack-related-posts":[{"id":17196,"url":"https:\/\/libreriaguadalupe.com.ar\/libreria\/producto\/traducciones-arameas-de-la-biblia-v\/","url_meta":{"origin":15372,"position":0},"title":"Traducciones arameas de la Biblia &#8211; V","author":"admin","date":"04\/04\/2023","format":false,"excerpt":"Los targumin del Pentateuco. V. Deuteronomio Autor: Miguel P\u00e9rez Fern\u00e1ndez ISBN: 8490738238 Dimensiones: 16 x 24 cm P\u00e1ginas: 288","rel":"","context":"Entrada similar","block_context":{"text":"Entrada similar","link":""},"img":{"alt_text":"","src":"https:\/\/i0.wp.com\/libreriaguadalupe.com.ar\/libreria\/wp-content\/uploads\/2023\/04\/Traducciones-arameas-de-la-Biblia-V.jpg?fit=380%2C586&ssl=1&resize=350%2C200","width":350,"height":200},"classes":[]},{"id":17202,"url":"https:\/\/libreriaguadalupe.com.ar\/libreria\/producto\/traducciones-arameas-de-la-biblia-ii\/","url_meta":{"origin":15372,"position":1},"title":"Traducciones arameas de la Biblia &#8211; II","author":"admin","date":"04\/04\/2023","format":false,"excerpt":"Los targumin del Pentateuco. II. \u00c9xodo Autor: Miguel P\u00e9rez Fern\u00e1ndez, Teresa Mart\u00ednez S\u00e1iz ISBN: 8499451831 Dimensiones: 16 x 24 cm P\u00e1ginas: 416","rel":"","context":"Entrada similar","block_context":{"text":"Entrada similar","link":""},"img":{"alt_text":"","src":"https:\/\/i0.wp.com\/libreriaguadalupe.com.ar\/libreria\/wp-content\/uploads\/2023\/04\/Traducciones-arameas-de-la-Biblia-II.jpg?fit=380%2C586&ssl=1&resize=350%2C200","width":350,"height":200},"classes":[]},{"id":15545,"url":"https:\/\/libreriaguadalupe.com.ar\/libreria\/producto\/mi-biblia-ilustrada-infantil-de-bolsillo-edicion-tapa-dura-bolsillo\/","url_meta":{"origin":15372,"position":2},"title":"Mi Biblia. Ilustrada infantil","author":"admin","date":"07\/02\/2023","format":false,"excerpt":"[bolsillo - TAPA DURA - infantil] Versi\u00f3n bolsillo con cubierta en carton\u00e9 ilustrada especialmente para ni\u00f1os. AUTOR: EVD ISBN: 8490732588","rel":"","context":"Entrada similar","block_context":{"text":"Entrada similar","link":""},"img":{"alt_text":"","src":"https:\/\/i0.wp.com\/libreriaguadalupe.com.ar\/libreria\/wp-content\/uploads\/1674\/33\/1260.jpg?fit=300%2C450&ssl=1&resize=350%2C200","width":350,"height":200},"classes":[]},{"id":15547,"url":"https:\/\/libreriaguadalupe.com.ar\/libreria\/producto\/ybiblia-2\/","url_meta":{"origin":15372,"position":3},"title":"Y-Biblia","author":"admin","date":"07\/02\/2023","format":false,"excerpt":"Biblia de la Iglesia cat\u00f3lica para los j\u00f3venes [Edici\u00f3n Latinoam\u00e9rica] AUTOR: EDV ISBN: 8490733103","rel":"","context":"Entrada similar","block_context":{"text":"Entrada similar","link":""},"img":{"alt_text":"","src":"https:\/\/i0.wp.com\/libreriaguadalupe.com.ar\/libreria\/wp-content\/uploads\/2023\/02\/MES-DE-LA-BIBLIA-2024-ybiblia.jpg?fit=470%2C470&ssl=1&resize=350%2C200","width":350,"height":200},"classes":[]},{"id":12841,"url":"https:\/\/libreriaguadalupe.com.ar\/libreria\/producto\/el-mensaje-de-los-hechos-de-los-apostoles-en-el-codice-beza-ii\/","url_meta":{"origin":15372,"position":4},"title":"El mensaje de los Hechos de los Apostoles en el Codice Beza (II)","author":"admin","date":"18\/01\/2023","format":false,"excerpt":"Una comparaci\u00f3n con la tradici\u00f3n alejandrina. De Antioqu\u00eda a los confines de la tierra, Roma: Hechos 13\u201328 Autor: Jenny Read-Heimerdinger,\u00a0Josep Rius Camps ISBN: 8481699555 Dimensiones: 15,5 x 24cm P\u00e1ginas: 996","rel":"","context":"Entrada similar","block_context":{"text":"Entrada similar","link":""},"img":{"alt_text":"","src":"https:\/\/i0.wp.com\/libreriaguadalupe.com.ar\/libreria\/wp-content\/uploads\/2023\/01\/El-mensaje-de-los-Hechos-de-los-Apostoles-en-el-Codice-Beza.jpg?fit=380%2C586&ssl=1&resize=350%2C200","width":350,"height":200},"classes":[]},{"id":15476,"url":"https:\/\/libreriaguadalupe.com.ar\/libreria\/producto\/la-biblia-libro-del-pueblo-de-dios\/","url_meta":{"origin":15372,"position":5},"title":"La Biblia. Libro del Pueblo de Dios tapa rustica","author":"admin","date":"07\/02\/2023","format":false,"excerpt":"Impresi\u00f3n a un color - Encuadernaci\u00f3n r\u00fastica AUTOR: Alfredo Trusso -\u00a0Armando J. Levoratti ISBN: 8490731765","rel":"","context":"Entrada similar","block_context":{"text":"Entrada similar","link":""},"img":{"alt_text":"","src":"https:\/\/i0.wp.com\/libreriaguadalupe.com.ar\/libreria\/wp-content\/uploads\/2023\/02\/La_Biblia_El_Libro_del_Pueblo_de_Dios.jpg?fit=380%2C586&ssl=1&resize=350%2C200","width":350,"height":200},"classes":[]}],"_links":{"self":[{"href":"https:\/\/libreriaguadalupe.com.ar\/libreria\/wp-json\/wp\/v2\/product\/15372","targetHints":{"allow":["GET"]}}],"collection":[{"href":"https:\/\/libreriaguadalupe.com.ar\/libreria\/wp-json\/wp\/v2\/product"}],"about":[{"href":"https:\/\/libreriaguadalupe.com.ar\/libreria\/wp-json\/wp\/v2\/types\/product"}],"replies":[{"embeddable":true,"href":"https:\/\/libreriaguadalupe.com.ar\/libreria\/wp-json\/wp\/v2\/comments?post=15372"}],"version-history":[{"count":3,"href":"https:\/\/libreriaguadalupe.com.ar\/libreria\/wp-json\/wp\/v2\/product\/15372\/revisions"}],"predecessor-version":[{"id":17201,"href":"https:\/\/libreriaguadalupe.com.ar\/libreria\/wp-json\/wp\/v2\/product\/15372\/revisions\/17201"}],"wp:featuredmedia":[{"embeddable":true,"href":"https:\/\/libreriaguadalupe.com.ar\/libreria\/wp-json\/wp\/v2\/media\/17200"}],"wp:attachment":[{"href":"https:\/\/libreriaguadalupe.com.ar\/libreria\/wp-json\/wp\/v2\/media?parent=15372"}],"wp:term":[{"taxonomy":"product_brand","embeddable":true,"href":"https:\/\/libreriaguadalupe.com.ar\/libreria\/wp-json\/wp\/v2\/product_brand?post=15372"},{"taxonomy":"product_cat","embeddable":true,"href":"https:\/\/libreriaguadalupe.com.ar\/libreria\/wp-json\/wp\/v2\/product_cat?post=15372"},{"taxonomy":"product_tag","embeddable":true,"href":"https:\/\/libreriaguadalupe.com.ar\/libreria\/wp-json\/wp\/v2\/product_tag?post=15372"}],"curies":[{"name":"wp","href":"https:\/\/api.w.org\/{rel}","templated":true}]}}