{"id":15368,"date":"2023-02-07T10:55:52","date_gmt":"2023-02-07T13:55:52","guid":{"rendered":"https:\/\/libreriaguadalupe.com.ar\/libreria\/?post_type=product&#038;p=15368"},"modified":"2025-09-16T09:25:28","modified_gmt":"2025-09-16T12:25:28","slug":"un-pueblo-libre-y-sin-reyes-2","status":"publish","type":"product","link":"https:\/\/libreriaguadalupe.com.ar\/libreria\/producto\/un-pueblo-libre-y-sin-reyes-2\/","title":{"rendered":"Un pueblo libre y sin reyes"},"content":{"rendered":"<p>En este trabajo monogr\u00e1fico, Jos\u00e9 Ademar Kaefer se ocupa de la formaci\u00f3n del pueblo de Israel. Su punto de partida es el estudio de dos textos, Gn 49 y Dt 33, tanto a nivel sincr\u00f3nicocomo diacr\u00f3nico.<\/p>\n","protected":false},"excerpt":{"rendered":"<h5 class=\"my-1 font-weight-normal\">La funci\u00f3n de Gn 49 y Dt 33 en la composici\u00f3n del Pentateuco<\/h5>\n<p>Autor: Jos\u00e9 Ademar Kaefer<strong><br \/>\n<\/strong>ISBN: 8481692365<br \/>\nDimensiones: 16 x 24 cm<br \/>\nP\u00e1ginas: 352<\/p>\n","protected":false},"featured_media":17185,"comment_status":"open","ping_status":"closed","template":"","meta":{"jetpack_publicize_message":"","jetpack_publicize_feature_enabled":true,"jetpack_social_post_already_shared":false,"jetpack_social_options":{"image_generator_settings":{"template":"highway","default_image_id":0,"font":"","enabled":false},"version":2}},"product_brand":[],"product_cat":[109],"product_tag":[127],"class_list":{"0":"post-15368","1":"product","2":"type-product","3":"status-publish","4":"has-post-thumbnail","6":"product_cat-verbo-divino","7":"product_tag-editorial-guadalupe-de-argentina","9":"first","10":"instock","11":"shipping-taxable","12":"purchasable","13":"product-type-simple"},"yoast_head":"<!-- This site is optimized with the Yoast SEO plugin v27.4 - https:\/\/yoast.com\/product\/yoast-seo-wordpress\/ -->\n<title>Un pueblo libre y sin reyes - Editorial Guadalupe de Argentina<\/title>\n<meta name=\"description\" content=\"En este trabajo monogr\u00e1fico, Jos\u00e9 Ademar Kaefer se ocupa de la formaci\u00f3n del pueblo de Israel. Su punto de partida es el estudio de dos textos, Gn 49 y Dt 33, tanto a nivel sincr\u00f3nicocomo diacr\u00f3nico.\" \/>\n<meta name=\"robots\" content=\"index, follow, max-snippet:-1, max-image-preview:large, max-video-preview:-1\" \/>\n<link rel=\"canonical\" href=\"https:\/\/libreriaguadalupe.com.ar\/libreria\/producto\/un-pueblo-libre-y-sin-reyes-2\/\" \/>\n<meta property=\"og:locale\" content=\"es_ES\" \/>\n<meta property=\"og:type\" content=\"article\" \/>\n<meta property=\"og:title\" content=\"Un pueblo libre y sin reyes - Editorial Guadalupe de Argentina\" \/>\n<meta property=\"og:description\" content=\"En este trabajo monogr\u00e1fico, Jos\u00e9 Ademar Kaefer se ocupa de la formaci\u00f3n del pueblo de Israel. Su punto de partida es el estudio de dos textos, Gn 49 y Dt 33, tanto a nivel sincr\u00f3nicocomo diacr\u00f3nico.\" \/>\n<meta property=\"og:url\" content=\"https:\/\/libreriaguadalupe.com.ar\/libreria\/producto\/un-pueblo-libre-y-sin-reyes-2\/\" \/>\n<meta property=\"og:site_name\" content=\"Editorial Guadalupe de Argentina\" \/>\n<meta property=\"article:publisher\" content=\"https:\/\/www.facebook.com\/LibreriaGuadalupeAR\/\" \/>\n<meta property=\"article:modified_time\" content=\"2025-09-16T12:25:28+00:00\" \/>\n<meta property=\"og:image\" content=\"https:\/\/libreriaguadalupe.com.ar\/libreria\/wp-content\/uploads\/2023\/02\/Un-pueblo-libre-y-sin-reyes.jpg\" \/>\n\t<meta property=\"og:image:width\" content=\"380\" \/>\n\t<meta property=\"og:image:height\" content=\"586\" \/>\n\t<meta property=\"og:image:type\" content=\"image\/jpeg\" \/>\n<meta name=\"twitter:card\" content=\"summary_large_image\" \/>\n<meta name=\"twitter:label1\" content=\"Tiempo de lectura\" \/>\n\t<meta name=\"twitter:data1\" content=\"1 minuto\" \/>\n<script type=\"application\/ld+json\" class=\"yoast-schema-graph\">{\"@context\":\"https:\\\/\\\/schema.org\",\"@graph\":[{\"@type\":\"WebPage\",\"@id\":\"https:\\\/\\\/libreriaguadalupe.com.ar\\\/libreria\\\/producto\\\/un-pueblo-libre-y-sin-reyes-2\\\/\",\"url\":\"https:\\\/\\\/libreriaguadalupe.com.ar\\\/libreria\\\/producto\\\/un-pueblo-libre-y-sin-reyes-2\\\/\",\"name\":\"Un pueblo libre y sin reyes - Editorial Guadalupe de Argentina\",\"isPartOf\":{\"@id\":\"https:\\\/\\\/libreriaguadalupe.com.ar\\\/libreria\\\/#website\"},\"primaryImageOfPage\":{\"@id\":\"https:\\\/\\\/libreriaguadalupe.com.ar\\\/libreria\\\/producto\\\/un-pueblo-libre-y-sin-reyes-2\\\/#primaryimage\"},\"image\":{\"@id\":\"https:\\\/\\\/libreriaguadalupe.com.ar\\\/libreria\\\/producto\\\/un-pueblo-libre-y-sin-reyes-2\\\/#primaryimage\"},\"thumbnailUrl\":\"https:\\\/\\\/i0.wp.com\\\/libreriaguadalupe.com.ar\\\/libreria\\\/wp-content\\\/uploads\\\/2023\\\/02\\\/Un-pueblo-libre-y-sin-reyes.jpg?fit=380%2C586&ssl=1\",\"datePublished\":\"2023-02-07T13:55:52+00:00\",\"dateModified\":\"2025-09-16T12:25:28+00:00\",\"description\":\"En este trabajo monogr\u00e1fico, Jos\u00e9 Ademar Kaefer se ocupa de la formaci\u00f3n del pueblo de Israel. Su punto de partida es el estudio de dos textos, Gn 49 y Dt 33, tanto a nivel sincr\u00f3nicocomo diacr\u00f3nico.\",\"breadcrumb\":{\"@id\":\"https:\\\/\\\/libreriaguadalupe.com.ar\\\/libreria\\\/producto\\\/un-pueblo-libre-y-sin-reyes-2\\\/#breadcrumb\"},\"inLanguage\":\"es\",\"potentialAction\":[{\"@type\":\"ReadAction\",\"target\":[\"https:\\\/\\\/libreriaguadalupe.com.ar\\\/libreria\\\/producto\\\/un-pueblo-libre-y-sin-reyes-2\\\/\"]}]},{\"@type\":\"ImageObject\",\"inLanguage\":\"es\",\"@id\":\"https:\\\/\\\/libreriaguadalupe.com.ar\\\/libreria\\\/producto\\\/un-pueblo-libre-y-sin-reyes-2\\\/#primaryimage\",\"url\":\"https:\\\/\\\/i0.wp.com\\\/libreriaguadalupe.com.ar\\\/libreria\\\/wp-content\\\/uploads\\\/2023\\\/02\\\/Un-pueblo-libre-y-sin-reyes.jpg?fit=380%2C586&ssl=1\",\"contentUrl\":\"https:\\\/\\\/i0.wp.com\\\/libreriaguadalupe.com.ar\\\/libreria\\\/wp-content\\\/uploads\\\/2023\\\/02\\\/Un-pueblo-libre-y-sin-reyes.jpg?fit=380%2C586&ssl=1\",\"width\":380,\"height\":586},{\"@type\":\"BreadcrumbList\",\"@id\":\"https:\\\/\\\/libreriaguadalupe.com.ar\\\/libreria\\\/producto\\\/un-pueblo-libre-y-sin-reyes-2\\\/#breadcrumb\",\"itemListElement\":[{\"@type\":\"ListItem\",\"position\":1,\"name\":\"Portada\",\"item\":\"https:\\\/\\\/libreriaguadalupe.com.ar\\\/libreria\\\/\"},{\"@type\":\"ListItem\",\"position\":2,\"name\":\"Tienda\",\"item\":\"https:\\\/\\\/libreriaguadalupe.com.ar\\\/libreria\\\/\"},{\"@type\":\"ListItem\",\"position\":3,\"name\":\"Un pueblo libre y sin reyes\"}]},{\"@type\":\"WebSite\",\"@id\":\"https:\\\/\\\/libreriaguadalupe.com.ar\\\/libreria\\\/#website\",\"url\":\"https:\\\/\\\/libreriaguadalupe.com.ar\\\/libreria\\\/\",\"name\":\"Editorial Guadalupe de Argentina\",\"description\":\"Congregaci\u00f3n del Verbo Divino\",\"publisher\":{\"@id\":\"https:\\\/\\\/libreriaguadalupe.com.ar\\\/libreria\\\/#organization\"},\"alternateName\":\"Librer\u00eda Guadalupe\",\"potentialAction\":[{\"@type\":\"SearchAction\",\"target\":{\"@type\":\"EntryPoint\",\"urlTemplate\":\"https:\\\/\\\/libreriaguadalupe.com.ar\\\/libreria\\\/?s={search_term_string}\"},\"query-input\":{\"@type\":\"PropertyValueSpecification\",\"valueRequired\":true,\"valueName\":\"search_term_string\"}}],\"inLanguage\":\"es\"},{\"@type\":\"Organization\",\"@id\":\"https:\\\/\\\/libreriaguadalupe.com.ar\\\/libreria\\\/#organization\",\"name\":\"Editorial Guadalupe\",\"alternateName\":\"Librer\u00eda Guadalupe\",\"url\":\"https:\\\/\\\/libreriaguadalupe.com.ar\\\/libreria\\\/\",\"logo\":{\"@type\":\"ImageObject\",\"inLanguage\":\"es\",\"@id\":\"https:\\\/\\\/libreriaguadalupe.com.ar\\\/libreria\\\/#\\\/schema\\\/logo\\\/image\\\/\",\"url\":\"https:\\\/\\\/i0.wp.com\\\/libreriaguadalupe.com.ar\\\/libreria\\\/wp-content\\\/uploads\\\/2023\\\/01\\\/cropped-logo-editorial-guadalupe.webp?fit=500%2C100&ssl=1\",\"contentUrl\":\"https:\\\/\\\/i0.wp.com\\\/libreriaguadalupe.com.ar\\\/libreria\\\/wp-content\\\/uploads\\\/2023\\\/01\\\/cropped-logo-editorial-guadalupe.webp?fit=500%2C100&ssl=1\",\"width\":500,\"height\":100,\"caption\":\"Editorial Guadalupe\"},\"image\":{\"@id\":\"https:\\\/\\\/libreriaguadalupe.com.ar\\\/libreria\\\/#\\\/schema\\\/logo\\\/image\\\/\"},\"sameAs\":[\"https:\\\/\\\/www.facebook.com\\\/LibreriaGuadalupeAR\\\/\",\"https:\\\/\\\/www.instagram.com\\\/editorialguadalupe\\\/\",\"https:\\\/\\\/guadalupeeditorial.mercadoshops.com.ar\\\/\"]}]}<\/script>\n<!-- \/ Yoast SEO plugin. -->","yoast_head_json":{"title":"Un pueblo libre y sin reyes - Editorial Guadalupe de Argentina","description":"En este trabajo monogr\u00e1fico, Jos\u00e9 Ademar Kaefer se ocupa de la formaci\u00f3n del pueblo de Israel. Su punto de partida es el estudio de dos textos, Gn 49 y Dt 33, tanto a nivel sincr\u00f3nicocomo diacr\u00f3nico.","robots":{"index":"index","follow":"follow","max-snippet":"max-snippet:-1","max-image-preview":"max-image-preview:large","max-video-preview":"max-video-preview:-1"},"canonical":"https:\/\/libreriaguadalupe.com.ar\/libreria\/producto\/un-pueblo-libre-y-sin-reyes-2\/","og_locale":"es_ES","og_type":"article","og_title":"Un pueblo libre y sin reyes - Editorial Guadalupe de Argentina","og_description":"En este trabajo monogr\u00e1fico, Jos\u00e9 Ademar Kaefer se ocupa de la formaci\u00f3n del pueblo de Israel. Su punto de partida es el estudio de dos textos, Gn 49 y Dt 33, tanto a nivel sincr\u00f3nicocomo diacr\u00f3nico.","og_url":"https:\/\/libreriaguadalupe.com.ar\/libreria\/producto\/un-pueblo-libre-y-sin-reyes-2\/","og_site_name":"Editorial Guadalupe de Argentina","article_publisher":"https:\/\/www.facebook.com\/LibreriaGuadalupeAR\/","article_modified_time":"2025-09-16T12:25:28+00:00","og_image":[{"width":380,"height":586,"url":"https:\/\/libreriaguadalupe.com.ar\/libreria\/wp-content\/uploads\/2023\/02\/Un-pueblo-libre-y-sin-reyes.jpg","type":"image\/jpeg"}],"twitter_card":"summary_large_image","twitter_misc":{"Tiempo de lectura":"1 minuto"},"schema":{"@context":"https:\/\/schema.org","@graph":[{"@type":"WebPage","@id":"https:\/\/libreriaguadalupe.com.ar\/libreria\/producto\/un-pueblo-libre-y-sin-reyes-2\/","url":"https:\/\/libreriaguadalupe.com.ar\/libreria\/producto\/un-pueblo-libre-y-sin-reyes-2\/","name":"Un pueblo libre y sin reyes - Editorial Guadalupe de Argentina","isPartOf":{"@id":"https:\/\/libreriaguadalupe.com.ar\/libreria\/#website"},"primaryImageOfPage":{"@id":"https:\/\/libreriaguadalupe.com.ar\/libreria\/producto\/un-pueblo-libre-y-sin-reyes-2\/#primaryimage"},"image":{"@id":"https:\/\/libreriaguadalupe.com.ar\/libreria\/producto\/un-pueblo-libre-y-sin-reyes-2\/#primaryimage"},"thumbnailUrl":"https:\/\/i0.wp.com\/libreriaguadalupe.com.ar\/libreria\/wp-content\/uploads\/2023\/02\/Un-pueblo-libre-y-sin-reyes.jpg?fit=380%2C586&ssl=1","datePublished":"2023-02-07T13:55:52+00:00","dateModified":"2025-09-16T12:25:28+00:00","description":"En este trabajo monogr\u00e1fico, Jos\u00e9 Ademar Kaefer se ocupa de la formaci\u00f3n del pueblo de Israel. Su punto de partida es el estudio de dos textos, Gn 49 y Dt 33, tanto a nivel sincr\u00f3nicocomo diacr\u00f3nico.","breadcrumb":{"@id":"https:\/\/libreriaguadalupe.com.ar\/libreria\/producto\/un-pueblo-libre-y-sin-reyes-2\/#breadcrumb"},"inLanguage":"es","potentialAction":[{"@type":"ReadAction","target":["https:\/\/libreriaguadalupe.com.ar\/libreria\/producto\/un-pueblo-libre-y-sin-reyes-2\/"]}]},{"@type":"ImageObject","inLanguage":"es","@id":"https:\/\/libreriaguadalupe.com.ar\/libreria\/producto\/un-pueblo-libre-y-sin-reyes-2\/#primaryimage","url":"https:\/\/i0.wp.com\/libreriaguadalupe.com.ar\/libreria\/wp-content\/uploads\/2023\/02\/Un-pueblo-libre-y-sin-reyes.jpg?fit=380%2C586&ssl=1","contentUrl":"https:\/\/i0.wp.com\/libreriaguadalupe.com.ar\/libreria\/wp-content\/uploads\/2023\/02\/Un-pueblo-libre-y-sin-reyes.jpg?fit=380%2C586&ssl=1","width":380,"height":586},{"@type":"BreadcrumbList","@id":"https:\/\/libreriaguadalupe.com.ar\/libreria\/producto\/un-pueblo-libre-y-sin-reyes-2\/#breadcrumb","itemListElement":[{"@type":"ListItem","position":1,"name":"Portada","item":"https:\/\/libreriaguadalupe.com.ar\/libreria\/"},{"@type":"ListItem","position":2,"name":"Tienda","item":"https:\/\/libreriaguadalupe.com.ar\/libreria\/"},{"@type":"ListItem","position":3,"name":"Un pueblo libre y sin reyes"}]},{"@type":"WebSite","@id":"https:\/\/libreriaguadalupe.com.ar\/libreria\/#website","url":"https:\/\/libreriaguadalupe.com.ar\/libreria\/","name":"Editorial Guadalupe de Argentina","description":"Congregaci\u00f3n del Verbo Divino","publisher":{"@id":"https:\/\/libreriaguadalupe.com.ar\/libreria\/#organization"},"alternateName":"Librer\u00eda Guadalupe","potentialAction":[{"@type":"SearchAction","target":{"@type":"EntryPoint","urlTemplate":"https:\/\/libreriaguadalupe.com.ar\/libreria\/?s={search_term_string}"},"query-input":{"@type":"PropertyValueSpecification","valueRequired":true,"valueName":"search_term_string"}}],"inLanguage":"es"},{"@type":"Organization","@id":"https:\/\/libreriaguadalupe.com.ar\/libreria\/#organization","name":"Editorial Guadalupe","alternateName":"Librer\u00eda Guadalupe","url":"https:\/\/libreriaguadalupe.com.ar\/libreria\/","logo":{"@type":"ImageObject","inLanguage":"es","@id":"https:\/\/libreriaguadalupe.com.ar\/libreria\/#\/schema\/logo\/image\/","url":"https:\/\/i0.wp.com\/libreriaguadalupe.com.ar\/libreria\/wp-content\/uploads\/2023\/01\/cropped-logo-editorial-guadalupe.webp?fit=500%2C100&ssl=1","contentUrl":"https:\/\/i0.wp.com\/libreriaguadalupe.com.ar\/libreria\/wp-content\/uploads\/2023\/01\/cropped-logo-editorial-guadalupe.webp?fit=500%2C100&ssl=1","width":500,"height":100,"caption":"Editorial Guadalupe"},"image":{"@id":"https:\/\/libreriaguadalupe.com.ar\/libreria\/#\/schema\/logo\/image\/"},"sameAs":["https:\/\/www.facebook.com\/LibreriaGuadalupeAR\/","https:\/\/www.instagram.com\/editorialguadalupe\/","https:\/\/guadalupeeditorial.mercadoshops.com.ar\/"]}]}},"jetpack_publicize_connections":[],"jetpack_sharing_enabled":true,"jetpack-related-posts":[{"id":15541,"url":"https:\/\/libreriaguadalupe.com.ar\/libreria\/producto\/anagnorisis-en-la-historia-de-jose-gn-37-50-2\/","url_meta":{"origin":15368,"position":0},"title":"Anagn\u00f3risis en la historia de Jose (GN 37-50)","author":"admin","date":"07\/02\/2023","format":false,"excerpt":"Una aproximaci\u00f3n desde la narratolog\u00eda cognitiva Autor: Pedro Astorga Guerra ISBN: 8490731499 Dimensiones: 16 x 24 cm P\u00e1ginas: 274","rel":"","context":"Entrada similar","block_context":{"text":"Entrada similar","link":""},"img":{"alt_text":"","src":"https:\/\/i0.wp.com\/libreriaguadalupe.com.ar\/libreria\/wp-content\/uploads\/1674\/33\/1240.jpg?fit=227%2C323&ssl=1&resize=350%2C200","width":350,"height":200},"classes":[]},{"id":16882,"url":"https:\/\/libreriaguadalupe.com.ar\/libreria\/producto\/cain-donde-esta-tu-hermana\/","url_meta":{"origin":15368,"position":1},"title":"Ca\u00edn, \u00bfd\u00f3nde est\u00e1 tu hermana?","author":"admin","date":"23\/03\/2023","format":false,"excerpt":"Dios y la violencia contra las mujeres Autor: Adelaide Baracco Colombo ISBN: 8490733660 Dimensiones: 14 x 21 cm P\u00e1ginas: 168","rel":"","context":"Entrada similar","block_context":{"text":"Entrada similar","link":""},"img":{"alt_text":"","src":"https:\/\/i0.wp.com\/libreriaguadalupe.com.ar\/libreria\/wp-content\/uploads\/2023\/03\/Cain-donde-esta-tu-hermana.jpg?fit=380%2C586&ssl=1&resize=350%2C200","width":350,"height":200},"classes":[]},{"id":16689,"url":"https:\/\/libreriaguadalupe.com.ar\/libreria\/producto\/nuevo-testamento-del-pueblo-de-dios-comentado\/","url_meta":{"origin":15368,"position":2},"title":"Nuevo Testamento del Pueblo de Dios (comentado)","author":"admin","date":"15\/03\/2023","format":false,"excerpt":"Edici\u00f3n comentada [r\u00fastica azul, impresi\u00f3n una tinta] Colecci\u00f3n La Biblia. Libro del Pueblo de Dios Autor: Armando J. Levoratti ISBN: 978-84-9073-469-8 Dimensiones: 18 x 12 cm P\u00e1ginas: 680 Encuadernaci\u00f3n: R\u00fastica, fresada, tapa plastificada gofrada mate","rel":"","context":"Entrada similar","block_context":{"text":"Entrada similar","link":""},"img":{"alt_text":"","src":"https:\/\/i0.wp.com\/libreriaguadalupe.com.ar\/libreria\/wp-content\/uploads\/2023\/03\/MES-DE-LA-BIBLIA-2024-ntpd1.jpg?fit=470%2C470&ssl=1&resize=350%2C200","width":350,"height":200},"classes":[]},{"id":15542,"url":"https:\/\/libreriaguadalupe.com.ar\/libreria\/producto\/entranable-dios-2\/","url_meta":{"origin":15368,"position":3},"title":"Entra\u00f1able Dios","author":"admin","date":"07\/02\/2023","format":false,"excerpt":"Las obras de misericordia: hacia una cultura de la compasi\u00f3n AUTOR: Jos\u00e9 Antonio Pagola - Xabier Pikaza Ibarrondo ISBN: 8490732120","rel":"","context":"Entrada similar","block_context":{"text":"Entrada similar","link":""},"img":{"alt_text":"","src":"https:\/\/i0.wp.com\/libreriaguadalupe.com.ar\/libreria\/wp-content\/uploads\/2023\/02\/ENTRANABLE-DIOS.jpg?fit=380%2C586&ssl=1&resize=350%2C200","width":350,"height":200},"classes":[]},{"id":16693,"url":"https:\/\/libreriaguadalupe.com.ar\/libreria\/producto\/nuevo-testamento-del-pueblo-de-dios-simil-piel-bitono-mapa-america\/","url_meta":{"origin":15368,"position":4},"title":"Nuevo Testamento del Pueblo de Dios (simil piel bitono mapa am\u00e9rica)","author":"admin","date":"15\/03\/2023","format":false,"excerpt":"Edici\u00f3n comentada [s\u00edmil piel mapa Am\u00e9rica, impresi\u00f3n bitono] Colecci\u00f3n La Biblia. Libro del Pueblo de Dios Autor: Armando J. Levoratti ISBN: 978-84-9073-468-1 Dimensiones: 18 x 12 cm P\u00e1ginas: 680 Encuadernaci\u00f3n: Fexible, cosida, tapa s\u00edmil-piel impresa, con cabezadas, esquinas y lomo redondeados","rel":"","context":"Entrada similar","block_context":{"text":"Entrada similar","link":""},"img":{"alt_text":"","src":"https:\/\/i0.wp.com\/libreriaguadalupe.com.ar\/libreria\/wp-content\/uploads\/2023\/03\/MES-DE-LA-BIBLIA-2024-ntpd2.jpg?fit=470%2C470&ssl=1&resize=350%2C200","width":350,"height":200},"classes":[]},{"id":16697,"url":"https:\/\/libreriaguadalupe.com.ar\/libreria\/producto\/nuevo-testamento-del-pueblo-de-dios-simil-piel-marron-bitono\/","url_meta":{"origin":15368,"position":5},"title":"Nuevo Testamento del Pueblo de Dios (simil piel marr\u00f3n bitono)","author":"admin","date":"15\/03\/2023","format":false,"excerpt":"Edici\u00f3n comentada [s\u00edmil piel marr\u00f3n impresi\u00f3n bitono] Colecci\u00f3n La Biblia. Libro del Pueblo de Dios Autor: Armando J. Levoratti ISBN: 978-84-9073-470-4 Dimensiones: 18 x 12 cm P\u00e1ginas: 680 Encuadernaci\u00f3n: Flexible, cosida, tapa s\u00edmil piel marr\u00f3n, impresa oro en frente, lomo y trasera, con cabezadas, lomo y esquinas redondeadas","rel":"","context":"Entrada similar","block_context":{"text":"Entrada similar","link":""},"img":{"alt_text":"","src":"https:\/\/i0.wp.com\/libreriaguadalupe.com.ar\/libreria\/wp-content\/uploads\/2023\/03\/MES-DE-LA-BIBLIA-2024-ntpd3.jpg?fit=470%2C470&ssl=1&resize=350%2C200","width":350,"height":200},"classes":[]}],"_links":{"self":[{"href":"https:\/\/libreriaguadalupe.com.ar\/libreria\/wp-json\/wp\/v2\/product\/15368","targetHints":{"allow":["GET"]}}],"collection":[{"href":"https:\/\/libreriaguadalupe.com.ar\/libreria\/wp-json\/wp\/v2\/product"}],"about":[{"href":"https:\/\/libreriaguadalupe.com.ar\/libreria\/wp-json\/wp\/v2\/types\/product"}],"replies":[{"embeddable":true,"href":"https:\/\/libreriaguadalupe.com.ar\/libreria\/wp-json\/wp\/v2\/comments?post=15368"}],"version-history":[{"count":3,"href":"https:\/\/libreriaguadalupe.com.ar\/libreria\/wp-json\/wp\/v2\/product\/15368\/revisions"}],"predecessor-version":[{"id":17187,"href":"https:\/\/libreriaguadalupe.com.ar\/libreria\/wp-json\/wp\/v2\/product\/15368\/revisions\/17187"}],"wp:featuredmedia":[{"embeddable":true,"href":"https:\/\/libreriaguadalupe.com.ar\/libreria\/wp-json\/wp\/v2\/media\/17185"}],"wp:attachment":[{"href":"https:\/\/libreriaguadalupe.com.ar\/libreria\/wp-json\/wp\/v2\/media?parent=15368"}],"wp:term":[{"taxonomy":"product_brand","embeddable":true,"href":"https:\/\/libreriaguadalupe.com.ar\/libreria\/wp-json\/wp\/v2\/product_brand?post=15368"},{"taxonomy":"product_cat","embeddable":true,"href":"https:\/\/libreriaguadalupe.com.ar\/libreria\/wp-json\/wp\/v2\/product_cat?post=15368"},{"taxonomy":"product_tag","embeddable":true,"href":"https:\/\/libreriaguadalupe.com.ar\/libreria\/wp-json\/wp\/v2\/product_tag?post=15368"}],"curies":[{"name":"wp","href":"https:\/\/api.w.org\/{rel}","templated":true}]}}