{"id":15216,"date":"2023-02-07T10:55:30","date_gmt":"2023-02-07T13:55:30","guid":{"rendered":"https:\/\/libreriaguadalupe.com.ar\/libreria\/?post_type=product&#038;p=15216"},"modified":"2025-02-05T16:01:06","modified_gmt":"2025-02-05T19:01:06","slug":"investigacion-de-los-evang-sinop-y-hechos-de-los-apostoles-2","status":"publish","type":"product","link":"https:\/\/libreriaguadalupe.com.ar\/libreria\/producto\/investigacion-de-los-evang-sinop-y-hechos-de-los-apostoles-2\/","title":{"rendered":"Investigacion de los Evang sinop y Hechos de los Apostoles"},"content":{"rendered":"<p>AUTOR: Rodr\u00edguez Carmona<br \/>\nISBN:8481690293<\/p>\n","protected":false},"excerpt":{"rendered":"<p>AUTOR: Rodr\u00edguez Carmona ISBN:8481690293<\/p>\n","protected":false},"featured_media":14577,"comment_status":"open","ping_status":"closed","template":"","meta":{"jetpack_publicize_message":"","jetpack_publicize_feature_enabled":true,"jetpack_social_post_already_shared":false,"jetpack_social_options":{"image_generator_settings":{"template":"highway","default_image_id":0,"font":"","enabled":false},"version":2}},"product_brand":[],"product_cat":[109],"product_tag":[],"class_list":{"0":"post-15216","1":"product","2":"type-product","3":"status-publish","4":"has-post-thumbnail","6":"product_cat-verbo-divino","8":"first","9":"instock","10":"shipping-taxable","11":"purchasable","12":"product-type-simple"},"yoast_head":"<!-- This site is optimized with the Yoast SEO plugin v27.4 - https:\/\/yoast.com\/product\/yoast-seo-wordpress\/ -->\n<title>Investigacion de los Evang sinop y Hechos de los Apostoles - Editorial Guadalupe de Argentina<\/title>\n<meta name=\"robots\" content=\"index, follow, max-snippet:-1, max-image-preview:large, max-video-preview:-1\" \/>\n<link rel=\"canonical\" href=\"https:\/\/libreriaguadalupe.com.ar\/libreria\/producto\/investigacion-de-los-evang-sinop-y-hechos-de-los-apostoles-2\/\" \/>\n<meta property=\"og:locale\" content=\"es_ES\" \/>\n<meta property=\"og:type\" content=\"article\" \/>\n<meta property=\"og:title\" content=\"Investigacion de los Evang sinop y Hechos de los Apostoles - Editorial Guadalupe de Argentina\" \/>\n<meta property=\"og:description\" content=\"AUTOR: Rodr\u00edguez Carmona ISBN:8481690293\" \/>\n<meta property=\"og:url\" content=\"https:\/\/libreriaguadalupe.com.ar\/libreria\/producto\/investigacion-de-los-evang-sinop-y-hechos-de-los-apostoles-2\/\" \/>\n<meta property=\"og:site_name\" content=\"Editorial Guadalupe de Argentina\" \/>\n<meta property=\"article:publisher\" content=\"https:\/\/www.facebook.com\/LibreriaGuadalupeAR\/\" \/>\n<meta property=\"article:modified_time\" content=\"2025-02-05T19:01:06+00:00\" \/>\n<meta property=\"og:image\" content=\"https:\/\/libreriaguadalupe.com.ar\/libreria\/wp-content\/uploads\/2023\/01\/754.jpg\" \/>\n\t<meta property=\"og:image:width\" content=\"194\" \/>\n\t<meta property=\"og:image:height\" content=\"300\" \/>\n\t<meta property=\"og:image:type\" content=\"image\/jpeg\" \/>\n<meta name=\"twitter:card\" content=\"summary_large_image\" \/>\n<script type=\"application\/ld+json\" class=\"yoast-schema-graph\">{\"@context\":\"https:\\\/\\\/schema.org\",\"@graph\":[{\"@type\":\"WebPage\",\"@id\":\"https:\\\/\\\/libreriaguadalupe.com.ar\\\/libreria\\\/producto\\\/investigacion-de-los-evang-sinop-y-hechos-de-los-apostoles-2\\\/\",\"url\":\"https:\\\/\\\/libreriaguadalupe.com.ar\\\/libreria\\\/producto\\\/investigacion-de-los-evang-sinop-y-hechos-de-los-apostoles-2\\\/\",\"name\":\"Investigacion de los Evang sinop y Hechos de los Apostoles - Editorial Guadalupe de Argentina\",\"isPartOf\":{\"@id\":\"https:\\\/\\\/libreriaguadalupe.com.ar\\\/libreria\\\/#website\"},\"primaryImageOfPage\":{\"@id\":\"https:\\\/\\\/libreriaguadalupe.com.ar\\\/libreria\\\/producto\\\/investigacion-de-los-evang-sinop-y-hechos-de-los-apostoles-2\\\/#primaryimage\"},\"image\":{\"@id\":\"https:\\\/\\\/libreriaguadalupe.com.ar\\\/libreria\\\/producto\\\/investigacion-de-los-evang-sinop-y-hechos-de-los-apostoles-2\\\/#primaryimage\"},\"thumbnailUrl\":\"https:\\\/\\\/i0.wp.com\\\/libreriaguadalupe.com.ar\\\/libreria\\\/wp-content\\\/uploads\\\/2023\\\/01\\\/754.jpg?fit=194%2C300&ssl=1\",\"datePublished\":\"2023-02-07T13:55:30+00:00\",\"dateModified\":\"2025-02-05T19:01:06+00:00\",\"breadcrumb\":{\"@id\":\"https:\\\/\\\/libreriaguadalupe.com.ar\\\/libreria\\\/producto\\\/investigacion-de-los-evang-sinop-y-hechos-de-los-apostoles-2\\\/#breadcrumb\"},\"inLanguage\":\"es\",\"potentialAction\":[{\"@type\":\"ReadAction\",\"target\":[\"https:\\\/\\\/libreriaguadalupe.com.ar\\\/libreria\\\/producto\\\/investigacion-de-los-evang-sinop-y-hechos-de-los-apostoles-2\\\/\"]}]},{\"@type\":\"ImageObject\",\"inLanguage\":\"es\",\"@id\":\"https:\\\/\\\/libreriaguadalupe.com.ar\\\/libreria\\\/producto\\\/investigacion-de-los-evang-sinop-y-hechos-de-los-apostoles-2\\\/#primaryimage\",\"url\":\"https:\\\/\\\/i0.wp.com\\\/libreriaguadalupe.com.ar\\\/libreria\\\/wp-content\\\/uploads\\\/2023\\\/01\\\/754.jpg?fit=194%2C300&ssl=1\",\"contentUrl\":\"https:\\\/\\\/i0.wp.com\\\/libreriaguadalupe.com.ar\\\/libreria\\\/wp-content\\\/uploads\\\/2023\\\/01\\\/754.jpg?fit=194%2C300&ssl=1\",\"width\":194,\"height\":300},{\"@type\":\"BreadcrumbList\",\"@id\":\"https:\\\/\\\/libreriaguadalupe.com.ar\\\/libreria\\\/producto\\\/investigacion-de-los-evang-sinop-y-hechos-de-los-apostoles-2\\\/#breadcrumb\",\"itemListElement\":[{\"@type\":\"ListItem\",\"position\":1,\"name\":\"Portada\",\"item\":\"https:\\\/\\\/libreriaguadalupe.com.ar\\\/libreria\\\/\"},{\"@type\":\"ListItem\",\"position\":2,\"name\":\"Tienda\",\"item\":\"https:\\\/\\\/libreriaguadalupe.com.ar\\\/libreria\\\/\"},{\"@type\":\"ListItem\",\"position\":3,\"name\":\"Investigacion de los Evang sinop y Hechos de los Apostoles\"}]},{\"@type\":\"WebSite\",\"@id\":\"https:\\\/\\\/libreriaguadalupe.com.ar\\\/libreria\\\/#website\",\"url\":\"https:\\\/\\\/libreriaguadalupe.com.ar\\\/libreria\\\/\",\"name\":\"Editorial Guadalupe de Argentina\",\"description\":\"Congregaci\u00f3n del Verbo Divino\",\"publisher\":{\"@id\":\"https:\\\/\\\/libreriaguadalupe.com.ar\\\/libreria\\\/#organization\"},\"alternateName\":\"Librer\u00eda Guadalupe\",\"potentialAction\":[{\"@type\":\"SearchAction\",\"target\":{\"@type\":\"EntryPoint\",\"urlTemplate\":\"https:\\\/\\\/libreriaguadalupe.com.ar\\\/libreria\\\/?s={search_term_string}\"},\"query-input\":{\"@type\":\"PropertyValueSpecification\",\"valueRequired\":true,\"valueName\":\"search_term_string\"}}],\"inLanguage\":\"es\"},{\"@type\":\"Organization\",\"@id\":\"https:\\\/\\\/libreriaguadalupe.com.ar\\\/libreria\\\/#organization\",\"name\":\"Editorial Guadalupe\",\"alternateName\":\"Librer\u00eda Guadalupe\",\"url\":\"https:\\\/\\\/libreriaguadalupe.com.ar\\\/libreria\\\/\",\"logo\":{\"@type\":\"ImageObject\",\"inLanguage\":\"es\",\"@id\":\"https:\\\/\\\/libreriaguadalupe.com.ar\\\/libreria\\\/#\\\/schema\\\/logo\\\/image\\\/\",\"url\":\"https:\\\/\\\/i0.wp.com\\\/libreriaguadalupe.com.ar\\\/libreria\\\/wp-content\\\/uploads\\\/2023\\\/01\\\/cropped-logo-editorial-guadalupe.webp?fit=500%2C100&ssl=1\",\"contentUrl\":\"https:\\\/\\\/i0.wp.com\\\/libreriaguadalupe.com.ar\\\/libreria\\\/wp-content\\\/uploads\\\/2023\\\/01\\\/cropped-logo-editorial-guadalupe.webp?fit=500%2C100&ssl=1\",\"width\":500,\"height\":100,\"caption\":\"Editorial Guadalupe\"},\"image\":{\"@id\":\"https:\\\/\\\/libreriaguadalupe.com.ar\\\/libreria\\\/#\\\/schema\\\/logo\\\/image\\\/\"},\"sameAs\":[\"https:\\\/\\\/www.facebook.com\\\/LibreriaGuadalupeAR\\\/\",\"https:\\\/\\\/www.instagram.com\\\/editorialguadalupe\\\/\",\"https:\\\/\\\/guadalupeeditorial.mercadoshops.com.ar\\\/\"]}]}<\/script>\n<!-- \/ Yoast SEO plugin. -->","yoast_head_json":{"title":"Investigacion de los Evang sinop y Hechos de los Apostoles - Editorial Guadalupe de Argentina","robots":{"index":"index","follow":"follow","max-snippet":"max-snippet:-1","max-image-preview":"max-image-preview:large","max-video-preview":"max-video-preview:-1"},"canonical":"https:\/\/libreriaguadalupe.com.ar\/libreria\/producto\/investigacion-de-los-evang-sinop-y-hechos-de-los-apostoles-2\/","og_locale":"es_ES","og_type":"article","og_title":"Investigacion de los Evang sinop y Hechos de los Apostoles - Editorial Guadalupe de Argentina","og_description":"AUTOR: Rodr\u00edguez Carmona ISBN:8481690293","og_url":"https:\/\/libreriaguadalupe.com.ar\/libreria\/producto\/investigacion-de-los-evang-sinop-y-hechos-de-los-apostoles-2\/","og_site_name":"Editorial Guadalupe de Argentina","article_publisher":"https:\/\/www.facebook.com\/LibreriaGuadalupeAR\/","article_modified_time":"2025-02-05T19:01:06+00:00","og_image":[{"width":194,"height":300,"url":"https:\/\/libreriaguadalupe.com.ar\/libreria\/wp-content\/uploads\/2023\/01\/754.jpg","type":"image\/jpeg"}],"twitter_card":"summary_large_image","schema":{"@context":"https:\/\/schema.org","@graph":[{"@type":"WebPage","@id":"https:\/\/libreriaguadalupe.com.ar\/libreria\/producto\/investigacion-de-los-evang-sinop-y-hechos-de-los-apostoles-2\/","url":"https:\/\/libreriaguadalupe.com.ar\/libreria\/producto\/investigacion-de-los-evang-sinop-y-hechos-de-los-apostoles-2\/","name":"Investigacion de los Evang sinop y Hechos de los Apostoles - Editorial Guadalupe de Argentina","isPartOf":{"@id":"https:\/\/libreriaguadalupe.com.ar\/libreria\/#website"},"primaryImageOfPage":{"@id":"https:\/\/libreriaguadalupe.com.ar\/libreria\/producto\/investigacion-de-los-evang-sinop-y-hechos-de-los-apostoles-2\/#primaryimage"},"image":{"@id":"https:\/\/libreriaguadalupe.com.ar\/libreria\/producto\/investigacion-de-los-evang-sinop-y-hechos-de-los-apostoles-2\/#primaryimage"},"thumbnailUrl":"https:\/\/i0.wp.com\/libreriaguadalupe.com.ar\/libreria\/wp-content\/uploads\/2023\/01\/754.jpg?fit=194%2C300&ssl=1","datePublished":"2023-02-07T13:55:30+00:00","dateModified":"2025-02-05T19:01:06+00:00","breadcrumb":{"@id":"https:\/\/libreriaguadalupe.com.ar\/libreria\/producto\/investigacion-de-los-evang-sinop-y-hechos-de-los-apostoles-2\/#breadcrumb"},"inLanguage":"es","potentialAction":[{"@type":"ReadAction","target":["https:\/\/libreriaguadalupe.com.ar\/libreria\/producto\/investigacion-de-los-evang-sinop-y-hechos-de-los-apostoles-2\/"]}]},{"@type":"ImageObject","inLanguage":"es","@id":"https:\/\/libreriaguadalupe.com.ar\/libreria\/producto\/investigacion-de-los-evang-sinop-y-hechos-de-los-apostoles-2\/#primaryimage","url":"https:\/\/i0.wp.com\/libreriaguadalupe.com.ar\/libreria\/wp-content\/uploads\/2023\/01\/754.jpg?fit=194%2C300&ssl=1","contentUrl":"https:\/\/i0.wp.com\/libreriaguadalupe.com.ar\/libreria\/wp-content\/uploads\/2023\/01\/754.jpg?fit=194%2C300&ssl=1","width":194,"height":300},{"@type":"BreadcrumbList","@id":"https:\/\/libreriaguadalupe.com.ar\/libreria\/producto\/investigacion-de-los-evang-sinop-y-hechos-de-los-apostoles-2\/#breadcrumb","itemListElement":[{"@type":"ListItem","position":1,"name":"Portada","item":"https:\/\/libreriaguadalupe.com.ar\/libreria\/"},{"@type":"ListItem","position":2,"name":"Tienda","item":"https:\/\/libreriaguadalupe.com.ar\/libreria\/"},{"@type":"ListItem","position":3,"name":"Investigacion de los Evang sinop y Hechos de los Apostoles"}]},{"@type":"WebSite","@id":"https:\/\/libreriaguadalupe.com.ar\/libreria\/#website","url":"https:\/\/libreriaguadalupe.com.ar\/libreria\/","name":"Editorial Guadalupe de Argentina","description":"Congregaci\u00f3n del Verbo Divino","publisher":{"@id":"https:\/\/libreriaguadalupe.com.ar\/libreria\/#organization"},"alternateName":"Librer\u00eda Guadalupe","potentialAction":[{"@type":"SearchAction","target":{"@type":"EntryPoint","urlTemplate":"https:\/\/libreriaguadalupe.com.ar\/libreria\/?s={search_term_string}"},"query-input":{"@type":"PropertyValueSpecification","valueRequired":true,"valueName":"search_term_string"}}],"inLanguage":"es"},{"@type":"Organization","@id":"https:\/\/libreriaguadalupe.com.ar\/libreria\/#organization","name":"Editorial Guadalupe","alternateName":"Librer\u00eda Guadalupe","url":"https:\/\/libreriaguadalupe.com.ar\/libreria\/","logo":{"@type":"ImageObject","inLanguage":"es","@id":"https:\/\/libreriaguadalupe.com.ar\/libreria\/#\/schema\/logo\/image\/","url":"https:\/\/i0.wp.com\/libreriaguadalupe.com.ar\/libreria\/wp-content\/uploads\/2023\/01\/cropped-logo-editorial-guadalupe.webp?fit=500%2C100&ssl=1","contentUrl":"https:\/\/i0.wp.com\/libreriaguadalupe.com.ar\/libreria\/wp-content\/uploads\/2023\/01\/cropped-logo-editorial-guadalupe.webp?fit=500%2C100&ssl=1","width":500,"height":100,"caption":"Editorial Guadalupe"},"image":{"@id":"https:\/\/libreriaguadalupe.com.ar\/libreria\/#\/schema\/logo\/image\/"},"sameAs":["https:\/\/www.facebook.com\/LibreriaGuadalupeAR\/","https:\/\/www.instagram.com\/editorialguadalupe\/","https:\/\/guadalupeeditorial.mercadoshops.com.ar\/"]}]}},"jetpack_publicize_connections":[],"jetpack_sharing_enabled":true,"jetpack-related-posts":[{"id":12865,"url":"https:\/\/libreriaguadalupe.com.ar\/libreria\/producto\/hechos-de-los-apostoles-guia-lect-nt\/","url_meta":{"origin":15216,"position":0},"title":"Hechos de los apostoles (guia lect NT)","author":"admin","date":"18\/01\/2023","format":false,"excerpt":"Autor: Francesc Ramis Darder ISBN: 8481699333 Dimensiones: 17 x 24 cm P\u00e1ginas: 432","rel":"","context":"Entrada similar","block_context":{"text":"Entrada similar","link":""},"img":{"alt_text":"","src":"https:\/\/i0.wp.com\/libreriaguadalupe.com.ar\/libreria\/wp-content\/uploads\/2023\/01\/Hechos-de-los-apostoles-guia-lect-NT.jpg?fit=380%2C586&ssl=1&resize=350%2C200","width":350,"height":200},"classes":[]},{"id":16839,"url":"https:\/\/libreriaguadalupe.com.ar\/libreria\/producto\/a-la-biblia-por-la-liturgia-comentarios\/","url_meta":{"origin":15216,"position":1},"title":"A la Biblia por la liturgia. Comentarios","author":"admin","date":"22\/03\/2023","format":false,"excerpt":"(A\u00f1o impar) Comentarios a las primeras lecturas de las misas del tiempo ordinario Autor: Antonio Rodr\u00edguez Carmona ISBN: 8490734735 Dimensiones: 15,5 x 24 cm P\u00e1ginas: 312","rel":"","context":"Entrada similar","block_context":{"text":"Entrada similar","link":""},"img":{"alt_text":"","src":"https:\/\/i0.wp.com\/libreriaguadalupe.com.ar\/libreria\/wp-content\/uploads\/2023\/03\/A-la-Biblia-por-la-liturgia.-Comentarios.jpg?fit=380%2C586&ssl=1&resize=350%2C200","width":350,"height":200},"classes":[]},{"id":12871,"url":"https:\/\/libreriaguadalupe.com.ar\/libreria\/producto\/como-yo-os-he-amado-jn-1334\/","url_meta":{"origin":15216,"position":2},"title":"Como yo os he amado (Jn 13,34)","author":"admin","date":"18\/01\/2023","format":false,"excerpt":"Miscel\u00e1nea sobre los escritos jo\u00e1nicos. Homenaje a Francisco Contreras Molina CMF Autor: Antonio Rodr\u00edguez Carmona ISBN: 8499451909 Dimensiones: 16,5 x 23 cm P\u00e1ginas: 512","rel":"","context":"Entrada similar","block_context":{"text":"Entrada similar","link":""},"img":{"alt_text":"","src":"https:\/\/i0.wp.com\/libreriaguadalupe.com.ar\/libreria\/wp-content\/uploads\/2023\/01\/COMO-YO-OS-HE-AMADO.jpg?fit=380%2C586&ssl=1&resize=350%2C200","width":350,"height":200},"classes":[]},{"id":12841,"url":"https:\/\/libreriaguadalupe.com.ar\/libreria\/producto\/el-mensaje-de-los-hechos-de-los-apostoles-en-el-codice-beza-ii\/","url_meta":{"origin":15216,"position":3},"title":"El mensaje de los Hechos de los Apostoles en el Codice Beza (II)","author":"admin","date":"18\/01\/2023","format":false,"excerpt":"Una comparaci\u00f3n con la tradici\u00f3n alejandrina. De Antioqu\u00eda a los confines de la tierra, Roma: Hechos 13\u201328 Autor: Jenny Read-Heimerdinger,\u00a0Josep Rius Camps ISBN: 8481699555 Dimensiones: 15,5 x 24cm P\u00e1ginas: 996","rel":"","context":"Entrada similar","block_context":{"text":"Entrada similar","link":""},"img":{"alt_text":"","src":"https:\/\/i0.wp.com\/libreriaguadalupe.com.ar\/libreria\/wp-content\/uploads\/2023\/01\/El-mensaje-de-los-Hechos-de-los-Apostoles-en-el-Codice-Beza.jpg?fit=380%2C586&ssl=1&resize=350%2C200","width":350,"height":200},"classes":[]},{"id":17223,"url":"https:\/\/libreriaguadalupe.com.ar\/libreria\/producto\/vida-de-la-virgen-maria-de-los-apostoles-martires-y-santos\/","url_meta":{"origin":15216,"position":4},"title":"Vida De La Virgen Mar\u00eda, De Los Ap\u00f3stoles, M\u00e1rtires Y Santos","author":"admin","date":"13\/04\/2023","format":false,"excerpt":"Visiones y revelaciones Autor: EMMERICK ANA CATALINA ISBN: 9789505005932 Dimensiones: 15 x 21 cm P\u00e1ginas: 200","rel":"","context":"Entrada similar","block_context":{"text":"Entrada similar","link":""},"img":{"alt_text":"","src":"https:\/\/i0.wp.com\/libreriaguadalupe.com.ar\/libreria\/wp-content\/uploads\/2023\/04\/Vida-De-La-Virgen-Maria-De-Los-Apostoles-Martires-Y-Santos.jpeg?fit=343%2C500&ssl=1&resize=350%2C200","width":350,"height":200},"classes":[]},{"id":16803,"url":"https:\/\/libreriaguadalupe.com.ar\/libreria\/producto\/aventurero-y-apostol\/","url_meta":{"origin":15216,"position":5},"title":"Aventurero Y Apostol","author":"admin","date":"21\/03\/2023","format":false,"excerpt":"500 a\u00f1os de la primera misa en Argentina AUTOR: Fernando \u00c1lvarez ISBN: 9505007578 P\u00e1ginas: 148 Medidas: 14 x 20 cm","rel":"","context":"Entrada similar","block_context":{"text":"Entrada similar","link":""},"img":{"alt_text":"","src":"https:\/\/i0.wp.com\/libreriaguadalupe.com.ar\/libreria\/wp-content\/uploads\/2023\/03\/Aventurero-Y-Apostol.jpeg?fit=344%2C500&ssl=1&resize=350%2C200","width":350,"height":200},"classes":[]}],"_links":{"self":[{"href":"https:\/\/libreriaguadalupe.com.ar\/libreria\/wp-json\/wp\/v2\/product\/15216","targetHints":{"allow":["GET"]}}],"collection":[{"href":"https:\/\/libreriaguadalupe.com.ar\/libreria\/wp-json\/wp\/v2\/product"}],"about":[{"href":"https:\/\/libreriaguadalupe.com.ar\/libreria\/wp-json\/wp\/v2\/types\/product"}],"replies":[{"embeddable":true,"href":"https:\/\/libreriaguadalupe.com.ar\/libreria\/wp-json\/wp\/v2\/comments?post=15216"}],"version-history":[{"count":1,"href":"https:\/\/libreriaguadalupe.com.ar\/libreria\/wp-json\/wp\/v2\/product\/15216\/revisions"}],"predecessor-version":[{"id":15240,"href":"https:\/\/libreriaguadalupe.com.ar\/libreria\/wp-json\/wp\/v2\/product\/15216\/revisions\/15240"}],"wp:featuredmedia":[{"embeddable":true,"href":"https:\/\/libreriaguadalupe.com.ar\/libreria\/wp-json\/wp\/v2\/media\/14577"}],"wp:attachment":[{"href":"https:\/\/libreriaguadalupe.com.ar\/libreria\/wp-json\/wp\/v2\/media?parent=15216"}],"wp:term":[{"taxonomy":"product_brand","embeddable":true,"href":"https:\/\/libreriaguadalupe.com.ar\/libreria\/wp-json\/wp\/v2\/product_brand?post=15216"},{"taxonomy":"product_cat","embeddable":true,"href":"https:\/\/libreriaguadalupe.com.ar\/libreria\/wp-json\/wp\/v2\/product_cat?post=15216"},{"taxonomy":"product_tag","embeddable":true,"href":"https:\/\/libreriaguadalupe.com.ar\/libreria\/wp-json\/wp\/v2\/product_tag?post=15216"}],"curies":[{"name":"wp","href":"https:\/\/api.w.org\/{rel}","templated":true}]}}