{"id":15118,"date":"2023-02-07T10:55:19","date_gmt":"2023-02-07T13:55:19","guid":{"rendered":"https:\/\/libreriaguadalupe.com.ar\/libreria\/?post_type=product&#038;p=15118"},"modified":"2024-07-01T11:58:09","modified_gmt":"2024-07-01T14:58:09","slug":"como-sanar-sentimientos-heridos-2","status":"publish","type":"product","link":"https:\/\/libreriaguadalupe.com.ar\/libreria\/producto\/como-sanar-sentimientos-heridos-2\/","title":{"rendered":"Como sanar sentimientos heridos"},"content":{"rendered":"<p>Es posible vencer todas las lesiones que la vida nos ha deparado. Podemos sanar nuestros sentimientos heridos. Este libro proporciona consejo y ayuda para vivir m\u00e1s libremente, m\u00e1s plenamente. Descubrir\u00e1s dentro de ti una vasta y desconocida reserva de bienestar espiritual y emocional. \u00bfC\u00f3mo conocerme mejor? \u00bfC\u00f3mo relacionarme con los dem\u00e1s? \u00bfC\u00f3mo responder a los desaf\u00edos de la vida? C\u00f3mo sanar sentimientos heridos ha sido traducido a siete idiomas.<\/p>\n","protected":false},"excerpt":{"rendered":"<p>Autor: Martin H. Padovani<strong><br \/>\n<\/strong>ISBN: 8481694096<br \/>\nDimensiones: 12 x 19 cm<br \/>\nP\u00e1ginas: 164<\/p>\n","protected":false},"featured_media":16916,"comment_status":"open","ping_status":"closed","template":"","meta":{"jetpack_publicize_message":"","jetpack_publicize_feature_enabled":true,"jetpack_social_post_already_shared":false,"jetpack_social_options":{"image_generator_settings":{"template":"highway","default_image_id":0,"font":"","enabled":false},"version":2}},"product_brand":[],"product_cat":[109],"product_tag":[127],"class_list":{"0":"post-15118","1":"product","2":"type-product","3":"status-publish","4":"has-post-thumbnail","6":"product_cat-verbo-divino","7":"product_tag-editorial-guadalupe-de-argentina","9":"first","10":"outofstock","11":"shipping-taxable","12":"purchasable","13":"product-type-simple"},"yoast_head":"<!-- This site is optimized with the Yoast SEO plugin v27.4 - https:\/\/yoast.com\/product\/yoast-seo-wordpress\/ -->\n<title>Como sanar sentimientos heridos - Editorial Guadalupe de Argentina<\/title>\n<meta name=\"description\" content=\"Es posible vencer todas las lesiones que la vida nos ha deparado. Podemos sanar nuestros sentimientos heridos\" \/>\n<meta name=\"robots\" content=\"index, follow, max-snippet:-1, max-image-preview:large, max-video-preview:-1\" \/>\n<link rel=\"canonical\" href=\"https:\/\/libreriaguadalupe.com.ar\/libreria\/producto\/como-sanar-sentimientos-heridos-2\/\" \/>\n<meta property=\"og:locale\" content=\"es_ES\" \/>\n<meta property=\"og:type\" content=\"article\" \/>\n<meta property=\"og:title\" content=\"Como sanar sentimientos heridos - Editorial Guadalupe de Argentina\" \/>\n<meta property=\"og:description\" content=\"Es posible vencer todas las lesiones que la vida nos ha deparado. Podemos sanar nuestros sentimientos heridos\" \/>\n<meta property=\"og:url\" content=\"https:\/\/libreriaguadalupe.com.ar\/libreria\/producto\/como-sanar-sentimientos-heridos-2\/\" \/>\n<meta property=\"og:site_name\" content=\"Editorial Guadalupe de Argentina\" \/>\n<meta property=\"article:publisher\" content=\"https:\/\/www.facebook.com\/LibreriaGuadalupeAR\/\" \/>\n<meta property=\"article:modified_time\" content=\"2024-07-01T14:58:09+00:00\" \/>\n<meta property=\"og:image\" content=\"https:\/\/libreriaguadalupe.com.ar\/libreria\/wp-content\/uploads\/2023\/02\/COMO-SANAR-SENTIMIENTOS-HERIDOS.jpg\" \/>\n\t<meta property=\"og:image:width\" content=\"380\" \/>\n\t<meta property=\"og:image:height\" content=\"586\" \/>\n\t<meta property=\"og:image:type\" content=\"image\/jpeg\" \/>\n<meta name=\"twitter:card\" content=\"summary_large_image\" \/>\n<meta name=\"twitter:label1\" content=\"Tiempo de lectura\" \/>\n\t<meta name=\"twitter:data1\" content=\"1 minuto\" \/>\n<script type=\"application\/ld+json\" class=\"yoast-schema-graph\">{\"@context\":\"https:\\\/\\\/schema.org\",\"@graph\":[{\"@type\":\"WebPage\",\"@id\":\"https:\\\/\\\/libreriaguadalupe.com.ar\\\/libreria\\\/producto\\\/como-sanar-sentimientos-heridos-2\\\/\",\"url\":\"https:\\\/\\\/libreriaguadalupe.com.ar\\\/libreria\\\/producto\\\/como-sanar-sentimientos-heridos-2\\\/\",\"name\":\"Como sanar sentimientos heridos - Editorial Guadalupe de Argentina\",\"isPartOf\":{\"@id\":\"https:\\\/\\\/libreriaguadalupe.com.ar\\\/libreria\\\/#website\"},\"primaryImageOfPage\":{\"@id\":\"https:\\\/\\\/libreriaguadalupe.com.ar\\\/libreria\\\/producto\\\/como-sanar-sentimientos-heridos-2\\\/#primaryimage\"},\"image\":{\"@id\":\"https:\\\/\\\/libreriaguadalupe.com.ar\\\/libreria\\\/producto\\\/como-sanar-sentimientos-heridos-2\\\/#primaryimage\"},\"thumbnailUrl\":\"https:\\\/\\\/i0.wp.com\\\/libreriaguadalupe.com.ar\\\/libreria\\\/wp-content\\\/uploads\\\/2023\\\/02\\\/COMO-SANAR-SENTIMIENTOS-HERIDOS.jpg?fit=380%2C586&ssl=1\",\"datePublished\":\"2023-02-07T13:55:19+00:00\",\"dateModified\":\"2024-07-01T14:58:09+00:00\",\"description\":\"Es posible vencer todas las lesiones que la vida nos ha deparado. Podemos sanar nuestros sentimientos heridos\",\"breadcrumb\":{\"@id\":\"https:\\\/\\\/libreriaguadalupe.com.ar\\\/libreria\\\/producto\\\/como-sanar-sentimientos-heridos-2\\\/#breadcrumb\"},\"inLanguage\":\"es\",\"potentialAction\":[{\"@type\":\"ReadAction\",\"target\":[\"https:\\\/\\\/libreriaguadalupe.com.ar\\\/libreria\\\/producto\\\/como-sanar-sentimientos-heridos-2\\\/\"]}]},{\"@type\":\"ImageObject\",\"inLanguage\":\"es\",\"@id\":\"https:\\\/\\\/libreriaguadalupe.com.ar\\\/libreria\\\/producto\\\/como-sanar-sentimientos-heridos-2\\\/#primaryimage\",\"url\":\"https:\\\/\\\/i0.wp.com\\\/libreriaguadalupe.com.ar\\\/libreria\\\/wp-content\\\/uploads\\\/2023\\\/02\\\/COMO-SANAR-SENTIMIENTOS-HERIDOS.jpg?fit=380%2C586&ssl=1\",\"contentUrl\":\"https:\\\/\\\/i0.wp.com\\\/libreriaguadalupe.com.ar\\\/libreria\\\/wp-content\\\/uploads\\\/2023\\\/02\\\/COMO-SANAR-SENTIMIENTOS-HERIDOS.jpg?fit=380%2C586&ssl=1\",\"width\":380,\"height\":586},{\"@type\":\"BreadcrumbList\",\"@id\":\"https:\\\/\\\/libreriaguadalupe.com.ar\\\/libreria\\\/producto\\\/como-sanar-sentimientos-heridos-2\\\/#breadcrumb\",\"itemListElement\":[{\"@type\":\"ListItem\",\"position\":1,\"name\":\"Portada\",\"item\":\"https:\\\/\\\/libreriaguadalupe.com.ar\\\/libreria\\\/\"},{\"@type\":\"ListItem\",\"position\":2,\"name\":\"Tienda\",\"item\":\"https:\\\/\\\/libreriaguadalupe.com.ar\\\/libreria\\\/\"},{\"@type\":\"ListItem\",\"position\":3,\"name\":\"Como sanar sentimientos heridos\"}]},{\"@type\":\"WebSite\",\"@id\":\"https:\\\/\\\/libreriaguadalupe.com.ar\\\/libreria\\\/#website\",\"url\":\"https:\\\/\\\/libreriaguadalupe.com.ar\\\/libreria\\\/\",\"name\":\"Editorial Guadalupe de Argentina\",\"description\":\"Congregaci\u00f3n del Verbo Divino\",\"publisher\":{\"@id\":\"https:\\\/\\\/libreriaguadalupe.com.ar\\\/libreria\\\/#organization\"},\"alternateName\":\"Librer\u00eda Guadalupe\",\"potentialAction\":[{\"@type\":\"SearchAction\",\"target\":{\"@type\":\"EntryPoint\",\"urlTemplate\":\"https:\\\/\\\/libreriaguadalupe.com.ar\\\/libreria\\\/?s={search_term_string}\"},\"query-input\":{\"@type\":\"PropertyValueSpecification\",\"valueRequired\":true,\"valueName\":\"search_term_string\"}}],\"inLanguage\":\"es\"},{\"@type\":\"Organization\",\"@id\":\"https:\\\/\\\/libreriaguadalupe.com.ar\\\/libreria\\\/#organization\",\"name\":\"Editorial Guadalupe\",\"alternateName\":\"Librer\u00eda Guadalupe\",\"url\":\"https:\\\/\\\/libreriaguadalupe.com.ar\\\/libreria\\\/\",\"logo\":{\"@type\":\"ImageObject\",\"inLanguage\":\"es\",\"@id\":\"https:\\\/\\\/libreriaguadalupe.com.ar\\\/libreria\\\/#\\\/schema\\\/logo\\\/image\\\/\",\"url\":\"https:\\\/\\\/i0.wp.com\\\/libreriaguadalupe.com.ar\\\/libreria\\\/wp-content\\\/uploads\\\/2023\\\/01\\\/cropped-logo-editorial-guadalupe.webp?fit=500%2C100&ssl=1\",\"contentUrl\":\"https:\\\/\\\/i0.wp.com\\\/libreriaguadalupe.com.ar\\\/libreria\\\/wp-content\\\/uploads\\\/2023\\\/01\\\/cropped-logo-editorial-guadalupe.webp?fit=500%2C100&ssl=1\",\"width\":500,\"height\":100,\"caption\":\"Editorial Guadalupe\"},\"image\":{\"@id\":\"https:\\\/\\\/libreriaguadalupe.com.ar\\\/libreria\\\/#\\\/schema\\\/logo\\\/image\\\/\"},\"sameAs\":[\"https:\\\/\\\/www.facebook.com\\\/LibreriaGuadalupeAR\\\/\",\"https:\\\/\\\/www.instagram.com\\\/editorialguadalupe\\\/\",\"https:\\\/\\\/guadalupeeditorial.mercadoshops.com.ar\\\/\"]}]}<\/script>\n<!-- \/ Yoast SEO plugin. -->","yoast_head_json":{"title":"Como sanar sentimientos heridos - Editorial Guadalupe de Argentina","description":"Es posible vencer todas las lesiones que la vida nos ha deparado. Podemos sanar nuestros sentimientos heridos","robots":{"index":"index","follow":"follow","max-snippet":"max-snippet:-1","max-image-preview":"max-image-preview:large","max-video-preview":"max-video-preview:-1"},"canonical":"https:\/\/libreriaguadalupe.com.ar\/libreria\/producto\/como-sanar-sentimientos-heridos-2\/","og_locale":"es_ES","og_type":"article","og_title":"Como sanar sentimientos heridos - Editorial Guadalupe de Argentina","og_description":"Es posible vencer todas las lesiones que la vida nos ha deparado. Podemos sanar nuestros sentimientos heridos","og_url":"https:\/\/libreriaguadalupe.com.ar\/libreria\/producto\/como-sanar-sentimientos-heridos-2\/","og_site_name":"Editorial Guadalupe de Argentina","article_publisher":"https:\/\/www.facebook.com\/LibreriaGuadalupeAR\/","article_modified_time":"2024-07-01T14:58:09+00:00","og_image":[{"width":380,"height":586,"url":"https:\/\/libreriaguadalupe.com.ar\/libreria\/wp-content\/uploads\/2023\/02\/COMO-SANAR-SENTIMIENTOS-HERIDOS.jpg","type":"image\/jpeg"}],"twitter_card":"summary_large_image","twitter_misc":{"Tiempo de lectura":"1 minuto"},"schema":{"@context":"https:\/\/schema.org","@graph":[{"@type":"WebPage","@id":"https:\/\/libreriaguadalupe.com.ar\/libreria\/producto\/como-sanar-sentimientos-heridos-2\/","url":"https:\/\/libreriaguadalupe.com.ar\/libreria\/producto\/como-sanar-sentimientos-heridos-2\/","name":"Como sanar sentimientos heridos - Editorial Guadalupe de Argentina","isPartOf":{"@id":"https:\/\/libreriaguadalupe.com.ar\/libreria\/#website"},"primaryImageOfPage":{"@id":"https:\/\/libreriaguadalupe.com.ar\/libreria\/producto\/como-sanar-sentimientos-heridos-2\/#primaryimage"},"image":{"@id":"https:\/\/libreriaguadalupe.com.ar\/libreria\/producto\/como-sanar-sentimientos-heridos-2\/#primaryimage"},"thumbnailUrl":"https:\/\/i0.wp.com\/libreriaguadalupe.com.ar\/libreria\/wp-content\/uploads\/2023\/02\/COMO-SANAR-SENTIMIENTOS-HERIDOS.jpg?fit=380%2C586&ssl=1","datePublished":"2023-02-07T13:55:19+00:00","dateModified":"2024-07-01T14:58:09+00:00","description":"Es posible vencer todas las lesiones que la vida nos ha deparado. Podemos sanar nuestros sentimientos heridos","breadcrumb":{"@id":"https:\/\/libreriaguadalupe.com.ar\/libreria\/producto\/como-sanar-sentimientos-heridos-2\/#breadcrumb"},"inLanguage":"es","potentialAction":[{"@type":"ReadAction","target":["https:\/\/libreriaguadalupe.com.ar\/libreria\/producto\/como-sanar-sentimientos-heridos-2\/"]}]},{"@type":"ImageObject","inLanguage":"es","@id":"https:\/\/libreriaguadalupe.com.ar\/libreria\/producto\/como-sanar-sentimientos-heridos-2\/#primaryimage","url":"https:\/\/i0.wp.com\/libreriaguadalupe.com.ar\/libreria\/wp-content\/uploads\/2023\/02\/COMO-SANAR-SENTIMIENTOS-HERIDOS.jpg?fit=380%2C586&ssl=1","contentUrl":"https:\/\/i0.wp.com\/libreriaguadalupe.com.ar\/libreria\/wp-content\/uploads\/2023\/02\/COMO-SANAR-SENTIMIENTOS-HERIDOS.jpg?fit=380%2C586&ssl=1","width":380,"height":586},{"@type":"BreadcrumbList","@id":"https:\/\/libreriaguadalupe.com.ar\/libreria\/producto\/como-sanar-sentimientos-heridos-2\/#breadcrumb","itemListElement":[{"@type":"ListItem","position":1,"name":"Portada","item":"https:\/\/libreriaguadalupe.com.ar\/libreria\/"},{"@type":"ListItem","position":2,"name":"Tienda","item":"https:\/\/libreriaguadalupe.com.ar\/libreria\/"},{"@type":"ListItem","position":3,"name":"Como sanar sentimientos heridos"}]},{"@type":"WebSite","@id":"https:\/\/libreriaguadalupe.com.ar\/libreria\/#website","url":"https:\/\/libreriaguadalupe.com.ar\/libreria\/","name":"Editorial Guadalupe de Argentina","description":"Congregaci\u00f3n del Verbo Divino","publisher":{"@id":"https:\/\/libreriaguadalupe.com.ar\/libreria\/#organization"},"alternateName":"Librer\u00eda Guadalupe","potentialAction":[{"@type":"SearchAction","target":{"@type":"EntryPoint","urlTemplate":"https:\/\/libreriaguadalupe.com.ar\/libreria\/?s={search_term_string}"},"query-input":{"@type":"PropertyValueSpecification","valueRequired":true,"valueName":"search_term_string"}}],"inLanguage":"es"},{"@type":"Organization","@id":"https:\/\/libreriaguadalupe.com.ar\/libreria\/#organization","name":"Editorial Guadalupe","alternateName":"Librer\u00eda Guadalupe","url":"https:\/\/libreriaguadalupe.com.ar\/libreria\/","logo":{"@type":"ImageObject","inLanguage":"es","@id":"https:\/\/libreriaguadalupe.com.ar\/libreria\/#\/schema\/logo\/image\/","url":"https:\/\/i0.wp.com\/libreriaguadalupe.com.ar\/libreria\/wp-content\/uploads\/2023\/01\/cropped-logo-editorial-guadalupe.webp?fit=500%2C100&ssl=1","contentUrl":"https:\/\/i0.wp.com\/libreriaguadalupe.com.ar\/libreria\/wp-content\/uploads\/2023\/01\/cropped-logo-editorial-guadalupe.webp?fit=500%2C100&ssl=1","width":500,"height":100,"caption":"Editorial Guadalupe"},"image":{"@id":"https:\/\/libreriaguadalupe.com.ar\/libreria\/#\/schema\/logo\/image\/"},"sameAs":["https:\/\/www.facebook.com\/LibreriaGuadalupeAR\/","https:\/\/www.instagram.com\/editorialguadalupe\/","https:\/\/guadalupeeditorial.mercadoshops.com.ar\/"]}]}},"jetpack_publicize_connections":[],"jetpack_sharing_enabled":true,"jetpack-related-posts":[{"id":16963,"url":"https:\/\/libreriaguadalupe.com.ar\/libreria\/producto\/nuestros-enojos\/","url_meta":{"origin":15118,"position":0},"title":"Nuestros Enojos","author":"admin","date":"23\/03\/2023","format":false,"excerpt":"Conflictos Enigm\u00e1ticos Serie Prediciaciones Autor: Claudio Rizzo ISBN: 9789505008124 Dimensiones: 14 x 2 cm P\u00e1ginas: 128","rel":"","context":"Entrada similar","block_context":{"text":"Entrada similar","link":""},"img":{"alt_text":"","src":"https:\/\/i0.wp.com\/libreriaguadalupe.com.ar\/libreria\/wp-content\/uploads\/2023\/03\/Nuestros-Enojos-Conflictos-Enigmaticos.jpeg?fit=343%2C500&ssl=1&resize=350%2C200","width":350,"height":200},"classes":[]},{"id":16004,"url":"https:\/\/libreriaguadalupe.com.ar\/libreria\/producto\/los-duelos-de-jesus-y-de-maria\/","url_meta":{"origin":15118,"position":1},"title":"Los duelos de Jes\u00fas y de Mar\u00eda","author":"admin","date":"12\/02\/2023","format":false,"excerpt":"AUTOR: BAUTISTA MATEO [ VER M\u00c1S OBRAS ] ISBN: 9505007769","rel":"","context":"Entrada similar","block_context":{"text":"Entrada similar","link":""},"img":{"alt_text":"Los duelos de Jes\u00fas y de Mar\u00eda","src":"https:\/\/i0.wp.com\/libreriaguadalupe.com.ar\/libreria\/wp-content\/uploads\/2023\/02\/losduelosdejesusmaria_190919.jpg?fit=630%2C800&ssl=1&resize=350%2C200","width":350,"height":200,"srcset":"https:\/\/i0.wp.com\/libreriaguadalupe.com.ar\/libreria\/wp-content\/uploads\/2023\/02\/losduelosdejesusmaria_190919.jpg?fit=630%2C800&ssl=1&resize=350%2C200 1x, https:\/\/i0.wp.com\/libreriaguadalupe.com.ar\/libreria\/wp-content\/uploads\/2023\/02\/losduelosdejesusmaria_190919.jpg?fit=630%2C800&ssl=1&resize=525%2C300 1.5x"},"classes":[]},{"id":16035,"url":"https:\/\/libreriaguadalupe.com.ar\/libreria\/producto\/el-crecimiento-empieza-donde-la-acusacion-termina\/","url_meta":{"origin":15118,"position":2},"title":"El crecimiento empieza donde la acusaci\u00f3n termina","author":"admin","date":"12\/02\/2023","format":false,"excerpt":"El sentimiento de culpa.\u00a0La conciencia dudosa\/err\u00f3nea y los escr\u00fapulos AUTOR: CLAUDIO RIZZO ISBN: 9505008223","rel":"","context":"Entrada similar","block_context":{"text":"Entrada similar","link":""},"img":{"alt_text":"","src":"https:\/\/i0.wp.com\/libreriaguadalupe.com.ar\/libreria\/wp-content\/uploads\/2023\/02\/El-crecimiento-empieza-donde-la-acusacion-termina.jpeg?fit=359%2C515&ssl=1&resize=350%2C200","width":350,"height":200},"classes":[]},{"id":16817,"url":"https:\/\/libreriaguadalupe.com.ar\/libreria\/producto\/dios-perdona-y-olvida\/","url_meta":{"origin":15118,"position":3},"title":"Dios Perdona Y Olvida","author":"admin","date":"22\/03\/2023","format":false,"excerpt":"El Perd\u00f3n y el Amor de Dios Serie: Predicaciones Autor: Claudio Rizzo ISBN: 9789505008216 Dimensiones: 14 x 20 cm P\u00e1ginas: 80","rel":"","context":"Entrada similar","block_context":{"text":"Entrada similar","link":""},"img":{"alt_text":"","src":"https:\/\/i0.wp.com\/libreriaguadalupe.com.ar\/libreria\/wp-content\/uploads\/2023\/03\/Dios-Perdona-Y-Olvida.jpeg?fit=342%2C500&ssl=1&resize=350%2C200","width":350,"height":200},"classes":[]},{"id":17885,"url":"https:\/\/libreriaguadalupe.com.ar\/libreria\/producto\/mama-antula\/","url_meta":{"origin":15118,"position":4},"title":"Mama Antula","author":"admin","date":"14\/03\/2024","format":false,"excerpt":"La viajera que en sus pies solo llevaba la luna Autor: ANDREA CARLA CIANCAGLINI ISBN: 978-950-500-917-6 Dimensiones: 11 x 17 cm P\u00e1ginas: 20","rel":"","context":"Entrada similar","block_context":{"text":"Entrada similar","link":""},"img":{"alt_text":"","src":"https:\/\/i0.wp.com\/libreriaguadalupe.com.ar\/libreria\/wp-content\/uploads\/2024\/03\/NOVEDAD-TIENDA-FEBRERO.jpg?fit=470%2C470&ssl=1&resize=350%2C200","width":350,"height":200},"classes":[]},{"id":14714,"url":"https:\/\/libreriaguadalupe.com.ar\/libreria\/producto\/365-pensamientos-sanadores-2\/","url_meta":{"origin":15118,"position":5},"title":"365 Pensamientos sanadores","author":"admin","date":"07\/02\/2023","format":false,"excerpt":"El autor ofrece 365 reflexiones que servir\u00e1n al lector para ofrecerle a Dios, cada d\u00eda, el santuario interior de su alma, donde queda registrado todo el caminar de la vida. AUTOR: Jamut Gustavo ISBN: 9876670326","rel":"","context":"Entrada similar","block_context":{"text":"Entrada similar","link":""},"img":{"alt_text":"","src":"https:\/\/i0.wp.com\/libreriaguadalupe.com.ar\/libreria\/wp-content\/uploads\/2023\/01\/170.jpg?fit=630%2C800&ssl=1&resize=350%2C200","width":350,"height":200,"srcset":"https:\/\/i0.wp.com\/libreriaguadalupe.com.ar\/libreria\/wp-content\/uploads\/2023\/01\/170.jpg?fit=630%2C800&ssl=1&resize=350%2C200 1x, https:\/\/i0.wp.com\/libreriaguadalupe.com.ar\/libreria\/wp-content\/uploads\/2023\/01\/170.jpg?fit=630%2C800&ssl=1&resize=525%2C300 1.5x"},"classes":[]}],"_links":{"self":[{"href":"https:\/\/libreriaguadalupe.com.ar\/libreria\/wp-json\/wp\/v2\/product\/15118","targetHints":{"allow":["GET"]}}],"collection":[{"href":"https:\/\/libreriaguadalupe.com.ar\/libreria\/wp-json\/wp\/v2\/product"}],"about":[{"href":"https:\/\/libreriaguadalupe.com.ar\/libreria\/wp-json\/wp\/v2\/types\/product"}],"replies":[{"embeddable":true,"href":"https:\/\/libreriaguadalupe.com.ar\/libreria\/wp-json\/wp\/v2\/comments?post=15118"}],"version-history":[{"count":2,"href":"https:\/\/libreriaguadalupe.com.ar\/libreria\/wp-json\/wp\/v2\/product\/15118\/revisions"}],"predecessor-version":[{"id":16917,"href":"https:\/\/libreriaguadalupe.com.ar\/libreria\/wp-json\/wp\/v2\/product\/15118\/revisions\/16917"}],"wp:featuredmedia":[{"embeddable":true,"href":"https:\/\/libreriaguadalupe.com.ar\/libreria\/wp-json\/wp\/v2\/media\/16916"}],"wp:attachment":[{"href":"https:\/\/libreriaguadalupe.com.ar\/libreria\/wp-json\/wp\/v2\/media?parent=15118"}],"wp:term":[{"taxonomy":"product_brand","embeddable":true,"href":"https:\/\/libreriaguadalupe.com.ar\/libreria\/wp-json\/wp\/v2\/product_brand?post=15118"},{"taxonomy":"product_cat","embeddable":true,"href":"https:\/\/libreriaguadalupe.com.ar\/libreria\/wp-json\/wp\/v2\/product_cat?post=15118"},{"taxonomy":"product_tag","embeddable":true,"href":"https:\/\/libreriaguadalupe.com.ar\/libreria\/wp-json\/wp\/v2\/product_tag?post=15118"}],"curies":[{"name":"wp","href":"https:\/\/api.w.org\/{rel}","templated":true}]}}