{"id":14939,"date":"2023-02-07T10:54:56","date_gmt":"2023-02-07T13:54:56","guid":{"rendered":"https:\/\/libreriaguadalupe.com.ar\/libreria\/?post_type=product&#038;p=14939"},"modified":"2025-04-17T15:28:07","modified_gmt":"2025-04-17T18:28:07","slug":"biblia-e-infancia-reflexiones-y-recursos-para-adviento-navidad-cuaresma-y-pascua-2","status":"publish","type":"product","link":"https:\/\/libreriaguadalupe.com.ar\/libreria\/producto\/biblia-e-infancia-reflexiones-y-recursos-para-adviento-navidad-cuaresma-y-pascua-2\/","title":{"rendered":"Biblia e infancia"},"content":{"rendered":"<p>Reflexiones para la formaci\u00f3n de los agentes de pastoral sobre algunos textos b\u00edblicos propios de los tiempos lit\u00fargicos indicados. Recursos y pautas para leerlos e interpretarlos con ni\u00f1os y ni\u00f1as.<\/p>\n<p>Leer e interpretar la Biblia con ni\u00f1os y ni\u00f1as, nos genera siempre cuestionamientos, inquietudes, desafios que nos invitan a reflexionar, no s\u00f3lo sobre la Biblia misma, sino sobre c\u00f3mo transmi tirla: c\u00f3mo acompa\u00f1ar a ni\u00f1os y ni\u00f1as en su lec tura e interpretaci\u00f3n, para que puedan encon trarse con Dios entre sus lineas. El abordaje de este desafio en forma Interdisciplinar nos provee herramientas y criterios que las diferentes clencias y saberes han desarrollado. Cuantas m\u00e1s herramientas de di ferentes disciplinas poseamos, m\u00e1s fructifera va a ser nuestra tarea pastoral y educativa.<\/p>\n<p>Este volumen tiene continuidad con el libro: \u00abBiblia e infancia, un abor daje interdisciplinar\u00bb y a la vez, lo complementa. En esta ocasi\u00f3n, pre- sentamos algunas reflexiones de textos biblicos propios de los tiempos lit\u00fargicos de Adviento, Navidad, Cuaresma y Pascua, para la formaci\u00f3n de los agentes de pastoral y algunos recursos y pautas concretas para leer e interpretar estos textos con ni\u00f1os y ni\u00f1as.<\/p>\n","protected":false},"excerpt":{"rendered":"<p><em><strong>Reflexiones y recursos para Adviento, Navidad, Cuaresma y Pascua<\/strong><\/em><\/p>\n<p>AUTOR: LEVAGGI CONSTANZA<br \/>\n<a href=\"https:\/\/libreriaguadalupe.com.ar\/libreria\/?s=LEVAGGI+CONSTANZA&amp;post_type=product\"><strong><span style=\"color: #ffcc00;\">[ VER M\u00c1S OBRAS ]<\/span><\/strong><\/a><\/p>\n<p>ISBN: 9505007356<br \/>\n200 p\u00e1gs.<br \/>\n16 x 26 cm<\/p>\n","protected":false},"featured_media":17804,"comment_status":"open","ping_status":"closed","template":"","meta":{"jetpack_publicize_message":"","jetpack_publicize_feature_enabled":true,"jetpack_social_post_already_shared":false,"jetpack_social_options":{"image_generator_settings":{"template":"highway","default_image_id":0,"font":"","enabled":false},"version":2}},"product_brand":[],"product_cat":[73,143,121],"product_tag":[127],"class_list":{"0":"post-14939","1":"product","2":"type-product","3":"status-publish","4":"has-post-thumbnail","6":"product_cat-catequesis-y-educacion-en-la-fe","7":"product_cat-especial-navidad","8":"product_cat-guadalupe","9":"product_tag-editorial-guadalupe-de-argentina","11":"first","12":"instock","13":"shipping-taxable","14":"purchasable","15":"product-type-simple"},"yoast_head":"<!-- This site is optimized with the Yoast SEO plugin v27.3 - https:\/\/yoast.com\/product\/yoast-seo-wordpress\/ -->\n<title>Biblia e infancia - Editorial Guadalupe de Argentina<\/title>\n<meta name=\"description\" content=\"Reflexiones y recursos para Adviento, Navidad, Cuaresma y Pascua, para la formaci\u00f3n de los agentes de pastoral en los tiempos lit\u00fargicos indicados.\" \/>\n<meta name=\"robots\" content=\"index, follow, max-snippet:-1, max-image-preview:large, max-video-preview:-1\" \/>\n<link rel=\"canonical\" href=\"https:\/\/libreriaguadalupe.com.ar\/libreria\/producto\/biblia-e-infancia-reflexiones-y-recursos-para-adviento-navidad-cuaresma-y-pascua-2\/\" \/>\n<meta property=\"og:locale\" content=\"es_ES\" \/>\n<meta property=\"og:type\" content=\"article\" \/>\n<meta property=\"og:title\" content=\"Biblia e infancia - Editorial Guadalupe de Argentina\" \/>\n<meta property=\"og:description\" content=\"Reflexiones y recursos para Adviento, Navidad, Cuaresma y Pascua, para la formaci\u00f3n de los agentes de pastoral en los tiempos lit\u00fargicos indicados.\" \/>\n<meta property=\"og:url\" content=\"https:\/\/libreriaguadalupe.com.ar\/libreria\/producto\/biblia-e-infancia-reflexiones-y-recursos-para-adviento-navidad-cuaresma-y-pascua-2\/\" \/>\n<meta property=\"og:site_name\" content=\"Editorial Guadalupe de Argentina\" \/>\n<meta property=\"article:publisher\" content=\"https:\/\/www.facebook.com\/LibreriaGuadalupeAR\/\" \/>\n<meta property=\"article:modified_time\" content=\"2025-04-17T18:28:07+00:00\" \/>\n<meta property=\"og:image\" content=\"https:\/\/libreriaguadalupe.com.ar\/libreria\/wp-content\/uploads\/2023\/03\/BIBLIA-E-INFANCIA-Reflexiones-y-recursos.png\" \/>\n\t<meta property=\"og:image:width\" content=\"1108\" \/>\n\t<meta property=\"og:image:height\" content=\"1280\" \/>\n\t<meta property=\"og:image:type\" content=\"image\/png\" \/>\n<meta name=\"twitter:card\" content=\"summary_large_image\" \/>\n<meta name=\"twitter:label1\" content=\"Tiempo de lectura\" \/>\n\t<meta name=\"twitter:data1\" content=\"2 minutos\" \/>\n<script type=\"application\/ld+json\" class=\"yoast-schema-graph\">{\"@context\":\"https:\\\/\\\/schema.org\",\"@graph\":[{\"@type\":\"WebPage\",\"@id\":\"https:\\\/\\\/libreriaguadalupe.com.ar\\\/libreria\\\/producto\\\/biblia-e-infancia-reflexiones-y-recursos-para-adviento-navidad-cuaresma-y-pascua-2\\\/\",\"url\":\"https:\\\/\\\/libreriaguadalupe.com.ar\\\/libreria\\\/producto\\\/biblia-e-infancia-reflexiones-y-recursos-para-adviento-navidad-cuaresma-y-pascua-2\\\/\",\"name\":\"Biblia e infancia - Editorial Guadalupe de Argentina\",\"isPartOf\":{\"@id\":\"https:\\\/\\\/libreriaguadalupe.com.ar\\\/libreria\\\/#website\"},\"primaryImageOfPage\":{\"@id\":\"https:\\\/\\\/libreriaguadalupe.com.ar\\\/libreria\\\/producto\\\/biblia-e-infancia-reflexiones-y-recursos-para-adviento-navidad-cuaresma-y-pascua-2\\\/#primaryimage\"},\"image\":{\"@id\":\"https:\\\/\\\/libreriaguadalupe.com.ar\\\/libreria\\\/producto\\\/biblia-e-infancia-reflexiones-y-recursos-para-adviento-navidad-cuaresma-y-pascua-2\\\/#primaryimage\"},\"thumbnailUrl\":\"https:\\\/\\\/i0.wp.com\\\/libreriaguadalupe.com.ar\\\/libreria\\\/wp-content\\\/uploads\\\/2023\\\/03\\\/BIBLIA-E-INFANCIA-Reflexiones-y-recursos.png?fit=1108%2C1280&ssl=1\",\"datePublished\":\"2023-02-07T13:54:56+00:00\",\"dateModified\":\"2025-04-17T18:28:07+00:00\",\"description\":\"Reflexiones y recursos para Adviento, Navidad, Cuaresma y Pascua, para la formaci\u00f3n de los agentes de pastoral en los tiempos lit\u00fargicos indicados.\",\"breadcrumb\":{\"@id\":\"https:\\\/\\\/libreriaguadalupe.com.ar\\\/libreria\\\/producto\\\/biblia-e-infancia-reflexiones-y-recursos-para-adviento-navidad-cuaresma-y-pascua-2\\\/#breadcrumb\"},\"inLanguage\":\"es\",\"potentialAction\":[{\"@type\":\"ReadAction\",\"target\":[\"https:\\\/\\\/libreriaguadalupe.com.ar\\\/libreria\\\/producto\\\/biblia-e-infancia-reflexiones-y-recursos-para-adviento-navidad-cuaresma-y-pascua-2\\\/\"]}]},{\"@type\":\"ImageObject\",\"inLanguage\":\"es\",\"@id\":\"https:\\\/\\\/libreriaguadalupe.com.ar\\\/libreria\\\/producto\\\/biblia-e-infancia-reflexiones-y-recursos-para-adviento-navidad-cuaresma-y-pascua-2\\\/#primaryimage\",\"url\":\"https:\\\/\\\/i0.wp.com\\\/libreriaguadalupe.com.ar\\\/libreria\\\/wp-content\\\/uploads\\\/2023\\\/03\\\/BIBLIA-E-INFANCIA-Reflexiones-y-recursos.png?fit=1108%2C1280&ssl=1\",\"contentUrl\":\"https:\\\/\\\/i0.wp.com\\\/libreriaguadalupe.com.ar\\\/libreria\\\/wp-content\\\/uploads\\\/2023\\\/03\\\/BIBLIA-E-INFANCIA-Reflexiones-y-recursos.png?fit=1108%2C1280&ssl=1\",\"width\":1108,\"height\":1280,\"caption\":\"BIBLIA E INFANCIA Reflexiones y recursos\"},{\"@type\":\"BreadcrumbList\",\"@id\":\"https:\\\/\\\/libreriaguadalupe.com.ar\\\/libreria\\\/producto\\\/biblia-e-infancia-reflexiones-y-recursos-para-adviento-navidad-cuaresma-y-pascua-2\\\/#breadcrumb\",\"itemListElement\":[{\"@type\":\"ListItem\",\"position\":1,\"name\":\"Portada\",\"item\":\"https:\\\/\\\/libreriaguadalupe.com.ar\\\/libreria\\\/\"},{\"@type\":\"ListItem\",\"position\":2,\"name\":\"Tienda\",\"item\":\"https:\\\/\\\/libreriaguadalupe.com.ar\\\/libreria\\\/\"},{\"@type\":\"ListItem\",\"position\":3,\"name\":\"Biblia e infancia\"}]},{\"@type\":\"WebSite\",\"@id\":\"https:\\\/\\\/libreriaguadalupe.com.ar\\\/libreria\\\/#website\",\"url\":\"https:\\\/\\\/libreriaguadalupe.com.ar\\\/libreria\\\/\",\"name\":\"Editorial Guadalupe de Argentina\",\"description\":\"Congregaci\u00f3n del Verbo Divino\",\"publisher\":{\"@id\":\"https:\\\/\\\/libreriaguadalupe.com.ar\\\/libreria\\\/#organization\"},\"alternateName\":\"Librer\u00eda Guadalupe\",\"potentialAction\":[{\"@type\":\"SearchAction\",\"target\":{\"@type\":\"EntryPoint\",\"urlTemplate\":\"https:\\\/\\\/libreriaguadalupe.com.ar\\\/libreria\\\/?s={search_term_string}\"},\"query-input\":{\"@type\":\"PropertyValueSpecification\",\"valueRequired\":true,\"valueName\":\"search_term_string\"}}],\"inLanguage\":\"es\"},{\"@type\":\"Organization\",\"@id\":\"https:\\\/\\\/libreriaguadalupe.com.ar\\\/libreria\\\/#organization\",\"name\":\"Editorial Guadalupe\",\"alternateName\":\"Librer\u00eda Guadalupe\",\"url\":\"https:\\\/\\\/libreriaguadalupe.com.ar\\\/libreria\\\/\",\"logo\":{\"@type\":\"ImageObject\",\"inLanguage\":\"es\",\"@id\":\"https:\\\/\\\/libreriaguadalupe.com.ar\\\/libreria\\\/#\\\/schema\\\/logo\\\/image\\\/\",\"url\":\"https:\\\/\\\/i0.wp.com\\\/libreriaguadalupe.com.ar\\\/libreria\\\/wp-content\\\/uploads\\\/2023\\\/01\\\/cropped-logo-editorial-guadalupe.webp?fit=500%2C100&ssl=1\",\"contentUrl\":\"https:\\\/\\\/i0.wp.com\\\/libreriaguadalupe.com.ar\\\/libreria\\\/wp-content\\\/uploads\\\/2023\\\/01\\\/cropped-logo-editorial-guadalupe.webp?fit=500%2C100&ssl=1\",\"width\":500,\"height\":100,\"caption\":\"Editorial Guadalupe\"},\"image\":{\"@id\":\"https:\\\/\\\/libreriaguadalupe.com.ar\\\/libreria\\\/#\\\/schema\\\/logo\\\/image\\\/\"},\"sameAs\":[\"https:\\\/\\\/www.facebook.com\\\/LibreriaGuadalupeAR\\\/\",\"https:\\\/\\\/www.instagram.com\\\/editorialguadalupe\\\/\",\"https:\\\/\\\/guadalupeeditorial.mercadoshops.com.ar\\\/\"]}]}<\/script>\n<!-- \/ Yoast SEO plugin. -->","yoast_head_json":{"title":"Biblia e infancia - Editorial Guadalupe de Argentina","description":"Reflexiones y recursos para Adviento, Navidad, Cuaresma y Pascua, para la formaci\u00f3n de los agentes de pastoral en los tiempos lit\u00fargicos indicados.","robots":{"index":"index","follow":"follow","max-snippet":"max-snippet:-1","max-image-preview":"max-image-preview:large","max-video-preview":"max-video-preview:-1"},"canonical":"https:\/\/libreriaguadalupe.com.ar\/libreria\/producto\/biblia-e-infancia-reflexiones-y-recursos-para-adviento-navidad-cuaresma-y-pascua-2\/","og_locale":"es_ES","og_type":"article","og_title":"Biblia e infancia - Editorial Guadalupe de Argentina","og_description":"Reflexiones y recursos para Adviento, Navidad, Cuaresma y Pascua, para la formaci\u00f3n de los agentes de pastoral en los tiempos lit\u00fargicos indicados.","og_url":"https:\/\/libreriaguadalupe.com.ar\/libreria\/producto\/biblia-e-infancia-reflexiones-y-recursos-para-adviento-navidad-cuaresma-y-pascua-2\/","og_site_name":"Editorial Guadalupe de Argentina","article_publisher":"https:\/\/www.facebook.com\/LibreriaGuadalupeAR\/","article_modified_time":"2025-04-17T18:28:07+00:00","og_image":[{"width":1108,"height":1280,"url":"https:\/\/libreriaguadalupe.com.ar\/libreria\/wp-content\/uploads\/2023\/03\/BIBLIA-E-INFANCIA-Reflexiones-y-recursos.png","type":"image\/png"}],"twitter_card":"summary_large_image","twitter_misc":{"Tiempo de lectura":"2 minutos"},"schema":{"@context":"https:\/\/schema.org","@graph":[{"@type":"WebPage","@id":"https:\/\/libreriaguadalupe.com.ar\/libreria\/producto\/biblia-e-infancia-reflexiones-y-recursos-para-adviento-navidad-cuaresma-y-pascua-2\/","url":"https:\/\/libreriaguadalupe.com.ar\/libreria\/producto\/biblia-e-infancia-reflexiones-y-recursos-para-adviento-navidad-cuaresma-y-pascua-2\/","name":"Biblia e infancia - Editorial Guadalupe de Argentina","isPartOf":{"@id":"https:\/\/libreriaguadalupe.com.ar\/libreria\/#website"},"primaryImageOfPage":{"@id":"https:\/\/libreriaguadalupe.com.ar\/libreria\/producto\/biblia-e-infancia-reflexiones-y-recursos-para-adviento-navidad-cuaresma-y-pascua-2\/#primaryimage"},"image":{"@id":"https:\/\/libreriaguadalupe.com.ar\/libreria\/producto\/biblia-e-infancia-reflexiones-y-recursos-para-adviento-navidad-cuaresma-y-pascua-2\/#primaryimage"},"thumbnailUrl":"https:\/\/i0.wp.com\/libreriaguadalupe.com.ar\/libreria\/wp-content\/uploads\/2023\/03\/BIBLIA-E-INFANCIA-Reflexiones-y-recursos.png?fit=1108%2C1280&ssl=1","datePublished":"2023-02-07T13:54:56+00:00","dateModified":"2025-04-17T18:28:07+00:00","description":"Reflexiones y recursos para Adviento, Navidad, Cuaresma y Pascua, para la formaci\u00f3n de los agentes de pastoral en los tiempos lit\u00fargicos indicados.","breadcrumb":{"@id":"https:\/\/libreriaguadalupe.com.ar\/libreria\/producto\/biblia-e-infancia-reflexiones-y-recursos-para-adviento-navidad-cuaresma-y-pascua-2\/#breadcrumb"},"inLanguage":"es","potentialAction":[{"@type":"ReadAction","target":["https:\/\/libreriaguadalupe.com.ar\/libreria\/producto\/biblia-e-infancia-reflexiones-y-recursos-para-adviento-navidad-cuaresma-y-pascua-2\/"]}]},{"@type":"ImageObject","inLanguage":"es","@id":"https:\/\/libreriaguadalupe.com.ar\/libreria\/producto\/biblia-e-infancia-reflexiones-y-recursos-para-adviento-navidad-cuaresma-y-pascua-2\/#primaryimage","url":"https:\/\/i0.wp.com\/libreriaguadalupe.com.ar\/libreria\/wp-content\/uploads\/2023\/03\/BIBLIA-E-INFANCIA-Reflexiones-y-recursos.png?fit=1108%2C1280&ssl=1","contentUrl":"https:\/\/i0.wp.com\/libreriaguadalupe.com.ar\/libreria\/wp-content\/uploads\/2023\/03\/BIBLIA-E-INFANCIA-Reflexiones-y-recursos.png?fit=1108%2C1280&ssl=1","width":1108,"height":1280,"caption":"BIBLIA E INFANCIA Reflexiones y recursos"},{"@type":"BreadcrumbList","@id":"https:\/\/libreriaguadalupe.com.ar\/libreria\/producto\/biblia-e-infancia-reflexiones-y-recursos-para-adviento-navidad-cuaresma-y-pascua-2\/#breadcrumb","itemListElement":[{"@type":"ListItem","position":1,"name":"Portada","item":"https:\/\/libreriaguadalupe.com.ar\/libreria\/"},{"@type":"ListItem","position":2,"name":"Tienda","item":"https:\/\/libreriaguadalupe.com.ar\/libreria\/"},{"@type":"ListItem","position":3,"name":"Biblia e infancia"}]},{"@type":"WebSite","@id":"https:\/\/libreriaguadalupe.com.ar\/libreria\/#website","url":"https:\/\/libreriaguadalupe.com.ar\/libreria\/","name":"Editorial Guadalupe de Argentina","description":"Congregaci\u00f3n del Verbo Divino","publisher":{"@id":"https:\/\/libreriaguadalupe.com.ar\/libreria\/#organization"},"alternateName":"Librer\u00eda Guadalupe","potentialAction":[{"@type":"SearchAction","target":{"@type":"EntryPoint","urlTemplate":"https:\/\/libreriaguadalupe.com.ar\/libreria\/?s={search_term_string}"},"query-input":{"@type":"PropertyValueSpecification","valueRequired":true,"valueName":"search_term_string"}}],"inLanguage":"es"},{"@type":"Organization","@id":"https:\/\/libreriaguadalupe.com.ar\/libreria\/#organization","name":"Editorial Guadalupe","alternateName":"Librer\u00eda Guadalupe","url":"https:\/\/libreriaguadalupe.com.ar\/libreria\/","logo":{"@type":"ImageObject","inLanguage":"es","@id":"https:\/\/libreriaguadalupe.com.ar\/libreria\/#\/schema\/logo\/image\/","url":"https:\/\/i0.wp.com\/libreriaguadalupe.com.ar\/libreria\/wp-content\/uploads\/2023\/01\/cropped-logo-editorial-guadalupe.webp?fit=500%2C100&ssl=1","contentUrl":"https:\/\/i0.wp.com\/libreriaguadalupe.com.ar\/libreria\/wp-content\/uploads\/2023\/01\/cropped-logo-editorial-guadalupe.webp?fit=500%2C100&ssl=1","width":500,"height":100,"caption":"Editorial Guadalupe"},"image":{"@id":"https:\/\/libreriaguadalupe.com.ar\/libreria\/#\/schema\/logo\/image\/"},"sameAs":["https:\/\/www.facebook.com\/LibreriaGuadalupeAR\/","https:\/\/www.instagram.com\/editorialguadalupe\/","https:\/\/guadalupeeditorial.mercadoshops.com.ar\/"]}]}},"jetpack_publicize_connections":[],"jetpack_sharing_enabled":true,"jetpack-related-posts":[{"id":16797,"url":"https:\/\/libreriaguadalupe.com.ar\/libreria\/producto\/biblia-e-infancia\/","url_meta":{"origin":14939,"position":0},"title":"Biblia e infancia","author":"admin","date":"21\/03\/2023","format":false,"excerpt":"Un abordaje interdisciplinar AUTOR: LEVAGGI CONSTANZA [ VER M\u00c1S OBRAS ] ISBN: 9789505006915 P\u00e1ginas: 148 Medidas: 16 x 23 cm","rel":"","context":"Entrada similar","block_context":{"text":"Entrada similar","link":""},"img":{"alt_text":"","src":"https:\/\/i0.wp.com\/libreriaguadalupe.com.ar\/libreria\/wp-content\/uploads\/2023\/03\/Biblia-E-Infancia-1.jpeg?fit=343%2C500&ssl=1&resize=350%2C200","width":350,"height":200},"classes":[]},{"id":15545,"url":"https:\/\/libreriaguadalupe.com.ar\/libreria\/producto\/mi-biblia-ilustrada-infantil-de-bolsillo-edicion-tapa-dura-bolsillo\/","url_meta":{"origin":14939,"position":1},"title":"Mi Biblia. Ilustrada infantil","author":"admin","date":"07\/02\/2023","format":false,"excerpt":"[bolsillo - TAPA DURA - infantil] Versi\u00f3n bolsillo con cubierta en carton\u00e9 ilustrada especialmente para ni\u00f1os. AUTOR: EVD ISBN: 8490732588","rel":"","context":"Entrada similar","block_context":{"text":"Entrada similar","link":""},"img":{"alt_text":"","src":"https:\/\/i0.wp.com\/libreriaguadalupe.com.ar\/libreria\/wp-content\/uploads\/1674\/33\/1260.jpg?fit=300%2C450&ssl=1&resize=350%2C200","width":350,"height":200},"classes":[]},{"id":15519,"url":"https:\/\/libreriaguadalupe.com.ar\/libreria\/producto\/interpretar-las-escrituras-2\/","url_meta":{"origin":14939,"position":2},"title":"Interpretar las Escrituras","author":"admin","date":"07\/02\/2023","format":false,"excerpt":"Actas del coloquio pastoral \"Dei Verbum\". Cuaderno B\u00edblico 175 AUTOR: EVD ISBN: 8490732854","rel":"","context":"Entrada similar","block_context":{"text":"Entrada similar","link":""},"img":{"alt_text":"","src":"https:\/\/i0.wp.com\/libreriaguadalupe.com.ar\/libreria\/wp-content\/uploads\/2023\/02\/Interpretar-las-Escrituras.jpg?fit=380%2C586&ssl=1&resize=350%2C200","width":350,"height":200},"classes":[]},{"id":15547,"url":"https:\/\/libreriaguadalupe.com.ar\/libreria\/producto\/ybiblia-2\/","url_meta":{"origin":14939,"position":3},"title":"Y-Biblia","author":"admin","date":"07\/02\/2023","format":false,"excerpt":"Biblia de la Iglesia cat\u00f3lica para los j\u00f3venes [Edici\u00f3n Latinoam\u00e9rica] AUTOR: EDV ISBN: 8490733103","rel":"","context":"Entrada similar","block_context":{"text":"Entrada similar","link":""},"img":{"alt_text":"","src":"https:\/\/i0.wp.com\/libreriaguadalupe.com.ar\/libreria\/wp-content\/uploads\/2023\/02\/MES-DE-LA-BIBLIA-2024-ybiblia.jpg?fit=470%2C470&ssl=1&resize=350%2C200","width":350,"height":200},"classes":[]},{"id":16689,"url":"https:\/\/libreriaguadalupe.com.ar\/libreria\/producto\/nuevo-testamento-del-pueblo-de-dios-comentado\/","url_meta":{"origin":14939,"position":4},"title":"Nuevo Testamento del Pueblo de Dios (comentado)","author":"admin","date":"15\/03\/2023","format":false,"excerpt":"Edici\u00f3n comentada [r\u00fastica azul, impresi\u00f3n una tinta] Colecci\u00f3n La Biblia. Libro del Pueblo de Dios Autor: Armando J. Levoratti ISBN: 978-84-9073-469-8 Dimensiones: 18 x 12 cm P\u00e1ginas: 680 Encuadernaci\u00f3n: R\u00fastica, fresada, tapa plastificada gofrada mate","rel":"","context":"Entrada similar","block_context":{"text":"Entrada similar","link":""},"img":{"alt_text":"","src":"https:\/\/i0.wp.com\/libreriaguadalupe.com.ar\/libreria\/wp-content\/uploads\/2023\/03\/MES-DE-LA-BIBLIA-2024-ntpd1.jpg?fit=470%2C470&ssl=1&resize=350%2C200","width":350,"height":200},"classes":[]},{"id":16693,"url":"https:\/\/libreriaguadalupe.com.ar\/libreria\/producto\/nuevo-testamento-del-pueblo-de-dios-simil-piel-bitono-mapa-america\/","url_meta":{"origin":14939,"position":5},"title":"Nuevo Testamento del Pueblo de Dios (simil piel bitono mapa am\u00e9rica)","author":"admin","date":"15\/03\/2023","format":false,"excerpt":"Edici\u00f3n comentada [s\u00edmil piel mapa Am\u00e9rica, impresi\u00f3n bitono] Colecci\u00f3n La Biblia. Libro del Pueblo de Dios Autor: Armando J. Levoratti ISBN: 978-84-9073-468-1 Dimensiones: 18 x 12 cm P\u00e1ginas: 680 Encuadernaci\u00f3n: Fexible, cosida, tapa s\u00edmil-piel impresa, con cabezadas, esquinas y lomo redondeados","rel":"","context":"Entrada similar","block_context":{"text":"Entrada similar","link":""},"img":{"alt_text":"","src":"https:\/\/i0.wp.com\/libreriaguadalupe.com.ar\/libreria\/wp-content\/uploads\/2023\/03\/MES-DE-LA-BIBLIA-2024-ntpd2.jpg?fit=470%2C470&ssl=1&resize=350%2C200","width":350,"height":200},"classes":[]}],"_links":{"self":[{"href":"https:\/\/libreriaguadalupe.com.ar\/libreria\/wp-json\/wp\/v2\/product\/14939","targetHints":{"allow":["GET"]}}],"collection":[{"href":"https:\/\/libreriaguadalupe.com.ar\/libreria\/wp-json\/wp\/v2\/product"}],"about":[{"href":"https:\/\/libreriaguadalupe.com.ar\/libreria\/wp-json\/wp\/v2\/types\/product"}],"replies":[{"embeddable":true,"href":"https:\/\/libreriaguadalupe.com.ar\/libreria\/wp-json\/wp\/v2\/comments?post=14939"}],"version-history":[{"count":6,"href":"https:\/\/libreriaguadalupe.com.ar\/libreria\/wp-json\/wp\/v2\/product\/14939\/revisions"}],"predecessor-version":[{"id":17741,"href":"https:\/\/libreriaguadalupe.com.ar\/libreria\/wp-json\/wp\/v2\/product\/14939\/revisions\/17741"}],"wp:featuredmedia":[{"embeddable":true,"href":"https:\/\/libreriaguadalupe.com.ar\/libreria\/wp-json\/wp\/v2\/media\/17804"}],"wp:attachment":[{"href":"https:\/\/libreriaguadalupe.com.ar\/libreria\/wp-json\/wp\/v2\/media?parent=14939"}],"wp:term":[{"taxonomy":"product_brand","embeddable":true,"href":"https:\/\/libreriaguadalupe.com.ar\/libreria\/wp-json\/wp\/v2\/product_brand?post=14939"},{"taxonomy":"product_cat","embeddable":true,"href":"https:\/\/libreriaguadalupe.com.ar\/libreria\/wp-json\/wp\/v2\/product_cat?post=14939"},{"taxonomy":"product_tag","embeddable":true,"href":"https:\/\/libreriaguadalupe.com.ar\/libreria\/wp-json\/wp\/v2\/product_tag?post=14939"}],"curies":[{"name":"wp","href":"https:\/\/api.w.org\/{rel}","templated":true}]}}