{"id":14927,"date":"2023-02-07T10:54:55","date_gmt":"2023-02-07T13:54:55","guid":{"rendered":"https:\/\/libreriaguadalupe.com.ar\/libreria\/?post_type=product&#038;p=14927"},"modified":"2025-05-06T00:55:43","modified_gmt":"2025-05-06T03:55:43","slug":"los-obispos-argentinos-en-el-cvii-2","status":"publish","type":"product","link":"https:\/\/libreriaguadalupe.com.ar\/libreria\/producto\/los-obispos-argentinos-en-el-cvii-2\/","title":{"rendered":"Los Obispos Argentinos en el Concilio Vaticano II"},"content":{"rendered":"<p>LOS OBISPOS ARGENTINOS EN EL CONCILIO VATICANO II<br \/>\nLuis O. Liberti svd<br \/>\nEste trabajo presenta los diversos estudios que los Obispos argentinos<br \/>\ncolegiadamente efectuaron en agosto de 1963 sobre diez esquemas conciliares,<br \/>\nlo que esclareci\u00f3 otros temas acordes y la participaci\u00f3n en las deliberaciones del<br \/>\nVaticano II.<br \/>\n186 p\u00e1gs.<br \/>\n14 x 20 cm.<br \/>\nISBN 978-987-640-386-3<\/p>\n","protected":false},"excerpt":{"rendered":"<p>LOS OBISPOS ARGENTINOS EN EL CONCILIO VATICANO II<\/p>\n<p>AUTOR: Luis Liberti<\/p>\n<p>ISBN:\u00a09876403863<\/p>\n","protected":false},"featured_media":13801,"comment_status":"open","ping_status":"closed","template":"","meta":{"jetpack_publicize_message":"","jetpack_publicize_feature_enabled":true,"jetpack_social_post_already_shared":false,"jetpack_social_options":{"image_generator_settings":{"template":"highway","default_image_id":0,"font":"","enabled":false},"version":2}},"product_brand":[],"product_cat":[88,121],"product_tag":[127],"class_list":{"0":"post-14927","1":"product","2":"type-product","3":"status-publish","4":"has-post-thumbnail","6":"product_cat-espiritualidad-cultura-social","7":"product_cat-guadalupe","8":"product_tag-editorial-guadalupe-de-argentina","10":"first","11":"instock","12":"shipping-taxable","13":"purchasable","14":"product-type-simple"},"yoast_head":"<!-- This site is optimized with the Yoast SEO plugin v27.4 - https:\/\/yoast.com\/product\/yoast-seo-wordpress\/ -->\n<title>Los Obispos Argentinos en el Concilio Vaticano II - Editorial Guadalupe de Argentina<\/title>\n<meta name=\"robots\" content=\"index, follow, max-snippet:-1, max-image-preview:large, max-video-preview:-1\" \/>\n<link rel=\"canonical\" href=\"https:\/\/libreriaguadalupe.com.ar\/libreria\/producto\/los-obispos-argentinos-en-el-cvii-2\/\" \/>\n<meta property=\"og:locale\" content=\"es_ES\" \/>\n<meta property=\"og:type\" content=\"article\" \/>\n<meta property=\"og:title\" content=\"Los Obispos Argentinos en el Concilio Vaticano II - Editorial Guadalupe de Argentina\" \/>\n<meta property=\"og:description\" content=\"LOS OBISPOS ARGENTINOS EN EL CONCILIO VATICANO II  AUTOR: Luis Liberti  ISBN:\u00a09876403863\" \/>\n<meta property=\"og:url\" content=\"https:\/\/libreriaguadalupe.com.ar\/libreria\/producto\/los-obispos-argentinos-en-el-cvii-2\/\" \/>\n<meta property=\"og:site_name\" content=\"Editorial Guadalupe de Argentina\" \/>\n<meta property=\"article:publisher\" content=\"https:\/\/www.facebook.com\/LibreriaGuadalupeAR\/\" \/>\n<meta property=\"article:modified_time\" content=\"2025-05-06T03:55:43+00:00\" \/>\n<meta property=\"og:image\" content=\"https:\/\/libreriaguadalupe.com.ar\/libreria\/wp-content\/uploads\/1674\/33\/472.jpg\" \/>\n\t<meta property=\"og:image:width\" content=\"392\" \/>\n\t<meta property=\"og:image:height\" content=\"584\" \/>\n\t<meta property=\"og:image:type\" content=\"image\/jpeg\" \/>\n<meta name=\"twitter:card\" content=\"summary_large_image\" \/>\n<meta name=\"twitter:label1\" content=\"Tiempo de lectura\" \/>\n\t<meta name=\"twitter:data1\" content=\"1 minuto\" \/>\n<script type=\"application\/ld+json\" class=\"yoast-schema-graph\">{\"@context\":\"https:\\\/\\\/schema.org\",\"@graph\":[{\"@type\":\"WebPage\",\"@id\":\"https:\\\/\\\/libreriaguadalupe.com.ar\\\/libreria\\\/producto\\\/los-obispos-argentinos-en-el-cvii-2\\\/\",\"url\":\"https:\\\/\\\/libreriaguadalupe.com.ar\\\/libreria\\\/producto\\\/los-obispos-argentinos-en-el-cvii-2\\\/\",\"name\":\"Los Obispos Argentinos en el Concilio Vaticano II - Editorial Guadalupe de Argentina\",\"isPartOf\":{\"@id\":\"https:\\\/\\\/libreriaguadalupe.com.ar\\\/libreria\\\/#website\"},\"primaryImageOfPage\":{\"@id\":\"https:\\\/\\\/libreriaguadalupe.com.ar\\\/libreria\\\/producto\\\/los-obispos-argentinos-en-el-cvii-2\\\/#primaryimage\"},\"image\":{\"@id\":\"https:\\\/\\\/libreriaguadalupe.com.ar\\\/libreria\\\/producto\\\/los-obispos-argentinos-en-el-cvii-2\\\/#primaryimage\"},\"thumbnailUrl\":\"https:\\\/\\\/i0.wp.com\\\/libreriaguadalupe.com.ar\\\/libreria\\\/wp-content\\\/uploads\\\/1674\\\/33\\\/472.jpg?fit=392%2C584&ssl=1\",\"datePublished\":\"2023-02-07T13:54:55+00:00\",\"dateModified\":\"2025-05-06T03:55:43+00:00\",\"breadcrumb\":{\"@id\":\"https:\\\/\\\/libreriaguadalupe.com.ar\\\/libreria\\\/producto\\\/los-obispos-argentinos-en-el-cvii-2\\\/#breadcrumb\"},\"inLanguage\":\"es\",\"potentialAction\":[{\"@type\":\"ReadAction\",\"target\":[\"https:\\\/\\\/libreriaguadalupe.com.ar\\\/libreria\\\/producto\\\/los-obispos-argentinos-en-el-cvii-2\\\/\"]}]},{\"@type\":\"ImageObject\",\"inLanguage\":\"es\",\"@id\":\"https:\\\/\\\/libreriaguadalupe.com.ar\\\/libreria\\\/producto\\\/los-obispos-argentinos-en-el-cvii-2\\\/#primaryimage\",\"url\":\"https:\\\/\\\/i0.wp.com\\\/libreriaguadalupe.com.ar\\\/libreria\\\/wp-content\\\/uploads\\\/1674\\\/33\\\/472.jpg?fit=392%2C584&ssl=1\",\"contentUrl\":\"https:\\\/\\\/i0.wp.com\\\/libreriaguadalupe.com.ar\\\/libreria\\\/wp-content\\\/uploads\\\/1674\\\/33\\\/472.jpg?fit=392%2C584&ssl=1\",\"width\":392,\"height\":584},{\"@type\":\"BreadcrumbList\",\"@id\":\"https:\\\/\\\/libreriaguadalupe.com.ar\\\/libreria\\\/producto\\\/los-obispos-argentinos-en-el-cvii-2\\\/#breadcrumb\",\"itemListElement\":[{\"@type\":\"ListItem\",\"position\":1,\"name\":\"Portada\",\"item\":\"https:\\\/\\\/libreriaguadalupe.com.ar\\\/libreria\\\/\"},{\"@type\":\"ListItem\",\"position\":2,\"name\":\"Tienda\",\"item\":\"https:\\\/\\\/libreriaguadalupe.com.ar\\\/libreria\\\/\"},{\"@type\":\"ListItem\",\"position\":3,\"name\":\"Los Obispos Argentinos en el Concilio Vaticano II\"}]},{\"@type\":\"WebSite\",\"@id\":\"https:\\\/\\\/libreriaguadalupe.com.ar\\\/libreria\\\/#website\",\"url\":\"https:\\\/\\\/libreriaguadalupe.com.ar\\\/libreria\\\/\",\"name\":\"Editorial Guadalupe de Argentina\",\"description\":\"Congregaci\u00f3n del Verbo Divino\",\"publisher\":{\"@id\":\"https:\\\/\\\/libreriaguadalupe.com.ar\\\/libreria\\\/#organization\"},\"alternateName\":\"Librer\u00eda Guadalupe\",\"potentialAction\":[{\"@type\":\"SearchAction\",\"target\":{\"@type\":\"EntryPoint\",\"urlTemplate\":\"https:\\\/\\\/libreriaguadalupe.com.ar\\\/libreria\\\/?s={search_term_string}\"},\"query-input\":{\"@type\":\"PropertyValueSpecification\",\"valueRequired\":true,\"valueName\":\"search_term_string\"}}],\"inLanguage\":\"es\"},{\"@type\":\"Organization\",\"@id\":\"https:\\\/\\\/libreriaguadalupe.com.ar\\\/libreria\\\/#organization\",\"name\":\"Editorial Guadalupe\",\"alternateName\":\"Librer\u00eda Guadalupe\",\"url\":\"https:\\\/\\\/libreriaguadalupe.com.ar\\\/libreria\\\/\",\"logo\":{\"@type\":\"ImageObject\",\"inLanguage\":\"es\",\"@id\":\"https:\\\/\\\/libreriaguadalupe.com.ar\\\/libreria\\\/#\\\/schema\\\/logo\\\/image\\\/\",\"url\":\"https:\\\/\\\/i0.wp.com\\\/libreriaguadalupe.com.ar\\\/libreria\\\/wp-content\\\/uploads\\\/2023\\\/01\\\/cropped-logo-editorial-guadalupe.webp?fit=500%2C100&ssl=1\",\"contentUrl\":\"https:\\\/\\\/i0.wp.com\\\/libreriaguadalupe.com.ar\\\/libreria\\\/wp-content\\\/uploads\\\/2023\\\/01\\\/cropped-logo-editorial-guadalupe.webp?fit=500%2C100&ssl=1\",\"width\":500,\"height\":100,\"caption\":\"Editorial Guadalupe\"},\"image\":{\"@id\":\"https:\\\/\\\/libreriaguadalupe.com.ar\\\/libreria\\\/#\\\/schema\\\/logo\\\/image\\\/\"},\"sameAs\":[\"https:\\\/\\\/www.facebook.com\\\/LibreriaGuadalupeAR\\\/\",\"https:\\\/\\\/www.instagram.com\\\/editorialguadalupe\\\/\",\"https:\\\/\\\/guadalupeeditorial.mercadoshops.com.ar\\\/\"]}]}<\/script>\n<!-- \/ Yoast SEO plugin. -->","yoast_head_json":{"title":"Los Obispos Argentinos en el Concilio Vaticano II - Editorial Guadalupe de Argentina","robots":{"index":"index","follow":"follow","max-snippet":"max-snippet:-1","max-image-preview":"max-image-preview:large","max-video-preview":"max-video-preview:-1"},"canonical":"https:\/\/libreriaguadalupe.com.ar\/libreria\/producto\/los-obispos-argentinos-en-el-cvii-2\/","og_locale":"es_ES","og_type":"article","og_title":"Los Obispos Argentinos en el Concilio Vaticano II - Editorial Guadalupe de Argentina","og_description":"LOS OBISPOS ARGENTINOS EN EL CONCILIO VATICANO II  AUTOR: Luis Liberti  ISBN:\u00a09876403863","og_url":"https:\/\/libreriaguadalupe.com.ar\/libreria\/producto\/los-obispos-argentinos-en-el-cvii-2\/","og_site_name":"Editorial Guadalupe de Argentina","article_publisher":"https:\/\/www.facebook.com\/LibreriaGuadalupeAR\/","article_modified_time":"2025-05-06T03:55:43+00:00","og_image":[{"width":392,"height":584,"url":"https:\/\/libreriaguadalupe.com.ar\/libreria\/wp-content\/uploads\/1674\/33\/472.jpg","type":"image\/jpeg"}],"twitter_card":"summary_large_image","twitter_misc":{"Tiempo de lectura":"1 minuto"},"schema":{"@context":"https:\/\/schema.org","@graph":[{"@type":"WebPage","@id":"https:\/\/libreriaguadalupe.com.ar\/libreria\/producto\/los-obispos-argentinos-en-el-cvii-2\/","url":"https:\/\/libreriaguadalupe.com.ar\/libreria\/producto\/los-obispos-argentinos-en-el-cvii-2\/","name":"Los Obispos Argentinos en el Concilio Vaticano II - Editorial Guadalupe de Argentina","isPartOf":{"@id":"https:\/\/libreriaguadalupe.com.ar\/libreria\/#website"},"primaryImageOfPage":{"@id":"https:\/\/libreriaguadalupe.com.ar\/libreria\/producto\/los-obispos-argentinos-en-el-cvii-2\/#primaryimage"},"image":{"@id":"https:\/\/libreriaguadalupe.com.ar\/libreria\/producto\/los-obispos-argentinos-en-el-cvii-2\/#primaryimage"},"thumbnailUrl":"https:\/\/i0.wp.com\/libreriaguadalupe.com.ar\/libreria\/wp-content\/uploads\/1674\/33\/472.jpg?fit=392%2C584&ssl=1","datePublished":"2023-02-07T13:54:55+00:00","dateModified":"2025-05-06T03:55:43+00:00","breadcrumb":{"@id":"https:\/\/libreriaguadalupe.com.ar\/libreria\/producto\/los-obispos-argentinos-en-el-cvii-2\/#breadcrumb"},"inLanguage":"es","potentialAction":[{"@type":"ReadAction","target":["https:\/\/libreriaguadalupe.com.ar\/libreria\/producto\/los-obispos-argentinos-en-el-cvii-2\/"]}]},{"@type":"ImageObject","inLanguage":"es","@id":"https:\/\/libreriaguadalupe.com.ar\/libreria\/producto\/los-obispos-argentinos-en-el-cvii-2\/#primaryimage","url":"https:\/\/i0.wp.com\/libreriaguadalupe.com.ar\/libreria\/wp-content\/uploads\/1674\/33\/472.jpg?fit=392%2C584&ssl=1","contentUrl":"https:\/\/i0.wp.com\/libreriaguadalupe.com.ar\/libreria\/wp-content\/uploads\/1674\/33\/472.jpg?fit=392%2C584&ssl=1","width":392,"height":584},{"@type":"BreadcrumbList","@id":"https:\/\/libreriaguadalupe.com.ar\/libreria\/producto\/los-obispos-argentinos-en-el-cvii-2\/#breadcrumb","itemListElement":[{"@type":"ListItem","position":1,"name":"Portada","item":"https:\/\/libreriaguadalupe.com.ar\/libreria\/"},{"@type":"ListItem","position":2,"name":"Tienda","item":"https:\/\/libreriaguadalupe.com.ar\/libreria\/"},{"@type":"ListItem","position":3,"name":"Los Obispos Argentinos en el Concilio Vaticano II"}]},{"@type":"WebSite","@id":"https:\/\/libreriaguadalupe.com.ar\/libreria\/#website","url":"https:\/\/libreriaguadalupe.com.ar\/libreria\/","name":"Editorial Guadalupe de Argentina","description":"Congregaci\u00f3n del Verbo Divino","publisher":{"@id":"https:\/\/libreriaguadalupe.com.ar\/libreria\/#organization"},"alternateName":"Librer\u00eda Guadalupe","potentialAction":[{"@type":"SearchAction","target":{"@type":"EntryPoint","urlTemplate":"https:\/\/libreriaguadalupe.com.ar\/libreria\/?s={search_term_string}"},"query-input":{"@type":"PropertyValueSpecification","valueRequired":true,"valueName":"search_term_string"}}],"inLanguage":"es"},{"@type":"Organization","@id":"https:\/\/libreriaguadalupe.com.ar\/libreria\/#organization","name":"Editorial Guadalupe","alternateName":"Librer\u00eda Guadalupe","url":"https:\/\/libreriaguadalupe.com.ar\/libreria\/","logo":{"@type":"ImageObject","inLanguage":"es","@id":"https:\/\/libreriaguadalupe.com.ar\/libreria\/#\/schema\/logo\/image\/","url":"https:\/\/i0.wp.com\/libreriaguadalupe.com.ar\/libreria\/wp-content\/uploads\/2023\/01\/cropped-logo-editorial-guadalupe.webp?fit=500%2C100&ssl=1","contentUrl":"https:\/\/i0.wp.com\/libreriaguadalupe.com.ar\/libreria\/wp-content\/uploads\/2023\/01\/cropped-logo-editorial-guadalupe.webp?fit=500%2C100&ssl=1","width":500,"height":100,"caption":"Editorial Guadalupe"},"image":{"@id":"https:\/\/libreriaguadalupe.com.ar\/libreria\/#\/schema\/logo\/image\/"},"sameAs":["https:\/\/www.facebook.com\/LibreriaGuadalupeAR\/","https:\/\/www.instagram.com\/editorialguadalupe\/","https:\/\/guadalupeeditorial.mercadoshops.com.ar\/"]}]}},"jetpack_publicize_connections":[],"jetpack_sharing_enabled":true,"jetpack-related-posts":[{"id":16772,"url":"https:\/\/libreriaguadalupe.com.ar\/libreria\/producto\/celebrando-la-palabra-cuaresma-y-semana\/","url_meta":{"origin":14927,"position":0},"title":"Celebrando La Palabra Cuaresma Y Semana","author":"admin","date":"21\/03\/2023","format":false,"excerpt":"Autor:\u00a0 GONZALEZ EDUARDO ISBN: 9789505005123 P\u00e1ginas: 112 Medidas: 11 x 17 cm","rel":"","context":"Entrada similar","block_context":{"text":"Entrada similar","link":""},"img":{"alt_text":"","src":"https:\/\/i0.wp.com\/libreriaguadalupe.com.ar\/libreria\/wp-content\/uploads\/2023\/03\/Celebrando-La-Palabra-Cuaresma-Y-Semana.jpeg?fit=374%2C500&ssl=1&resize=350%2C200","width":350,"height":200},"classes":[]},{"id":15513,"url":"https:\/\/libreriaguadalupe.com.ar\/libreria\/producto\/la-busqueda-de-la-armonia-de-la-diversidad-2\/","url_meta":{"origin":14927,"position":1},"title":"La B\u00fasqueda de la Armon\u00eda de la Diversidad","author":"admin","date":"07\/02\/2023","format":false,"excerpt":"El di\u00e1logo ecum\u00e9nico e interreligioso desde el Concilio Vaticano II AUTOR: EVD ISBN: 8499450810","rel":"","context":"Entrada similar","block_context":{"text":"Entrada similar","link":""},"img":{"alt_text":"","src":"https:\/\/i0.wp.com\/libreriaguadalupe.com.ar\/libreria\/wp-content\/uploads\/1674\/33\/1198.jpg?fit=227%2C353&ssl=1&resize=350%2C200","width":350,"height":200},"classes":[]},{"id":14973,"url":"https:\/\/libreriaguadalupe.com.ar\/libreria\/producto\/santos-juan-pablo-ii-y-juan-xxiii-rezamos-con-ellos-2\/","url_meta":{"origin":14927,"position":2},"title":"Santos Juan Pablo II y Juan XXIII","author":"admin","date":"07\/02\/2023","format":false,"excerpt":"Rezamos con ellos 48 p\u00e1gs. 15 x 22 cm AUTOR: Luis O. Liberti svd ISBN: 9505006939","rel":"","context":"Entrada similar","block_context":{"text":"Entrada similar","link":""},"img":{"alt_text":"","src":"https:\/\/i0.wp.com\/libreriaguadalupe.com.ar\/libreria\/wp-content\/uploads\/2023\/03\/SANTOS-JUAN-PABLO-II-Y-JUAN-XXIII.jpg?fit=500%2C675&ssl=1&resize=350%2C200","width":350,"height":200},"classes":[]},{"id":15519,"url":"https:\/\/libreriaguadalupe.com.ar\/libreria\/producto\/interpretar-las-escrituras-2\/","url_meta":{"origin":14927,"position":3},"title":"Interpretar las Escrituras","author":"admin","date":"07\/02\/2023","format":false,"excerpt":"Actas del coloquio pastoral \"Dei Verbum\". Cuaderno B\u00edblico 175 AUTOR: EVD ISBN: 8490732854","rel":"","context":"Entrada similar","block_context":{"text":"Entrada similar","link":""},"img":{"alt_text":"","src":"https:\/\/i0.wp.com\/libreriaguadalupe.com.ar\/libreria\/wp-content\/uploads\/2023\/02\/Interpretar-las-Escrituras.jpg?fit=380%2C586&ssl=1&resize=350%2C200","width":350,"height":200},"classes":[]},{"id":18027,"url":"https:\/\/libreriaguadalupe.com.ar\/libreria\/producto\/la-iglesia-de-los-pobres\/","url_meta":{"origin":14927,"position":4},"title":"La iglesia de los pobres","author":"admin","date":"08\/05\/2024","format":false,"excerpt":"Movimiento de Sacerdotes para el Tercer Mundo Curas de villa Grupo de Curas en la Opci\u00f3n por los Pobres Rupturas y continuidades Autor: Rosana Luj\u00e1n Cirigliano ISBN: 978-950-500-920-6 Dimensiones: 14,5 x 22 cm P\u00e1ginas: 176","rel":"","context":"Entrada similar","block_context":{"text":"Entrada similar","link":""},"img":{"alt_text":"","src":"https:\/\/i0.wp.com\/libreriaguadalupe.com.ar\/libreria\/wp-content\/uploads\/2024\/05\/NOVEDAD-TIENDA-MAYO-2.jpg?fit=470%2C470&ssl=1&resize=350%2C200","width":350,"height":200},"classes":[]},{"id":18966,"url":"https:\/\/libreriaguadalupe.com.ar\/libreria\/producto\/itinerario-catequistico-permanente-en-argentina\/","url_meta":{"origin":14927,"position":5},"title":"Itinerario Catequ\u00edstico Permanente en Argentina","author":"Mariano Zuqui","date":"19\/06\/2025","format":false,"excerpt":"\u00a0 Autor: Marcelo Javier Franchini T\u00edtulo: \"Itinerario Catequ\u00edstico Permanente en Argentina\" ISBN:978-950-500-946-6 Formato: 15.5\u00a0 (ancho) x 22.5 (alto) cms. Interior: 1\/1 color Papel: Bookcel 80 grs. N\u00ba de P\u00e1ginas: 376 Tapa:4 Colores - Cartulina 512 grs -laminado mate Encuadernaci\u00f3n: Binder \u00a0 \u00a0","rel":"","context":"Entrada similar","block_context":{"text":"Entrada similar","link":""},"img":{"alt_text":"itinerario catequ\u00edstico permanente en Argentina","src":"https:\/\/i0.wp.com\/libreriaguadalupe.com.ar\/libreria\/wp-content\/uploads\/2025\/06\/1-4.png?fit=945%2C1181&ssl=1&resize=350%2C200","width":350,"height":200,"srcset":"https:\/\/i0.wp.com\/libreriaguadalupe.com.ar\/libreria\/wp-content\/uploads\/2025\/06\/1-4.png?fit=945%2C1181&ssl=1&resize=350%2C200 1x, https:\/\/i0.wp.com\/libreriaguadalupe.com.ar\/libreria\/wp-content\/uploads\/2025\/06\/1-4.png?fit=945%2C1181&ssl=1&resize=525%2C300 1.5x, https:\/\/i0.wp.com\/libreriaguadalupe.com.ar\/libreria\/wp-content\/uploads\/2025\/06\/1-4.png?fit=945%2C1181&ssl=1&resize=700%2C400 2x"},"classes":[]}],"_links":{"self":[{"href":"https:\/\/libreriaguadalupe.com.ar\/libreria\/wp-json\/wp\/v2\/product\/14927","targetHints":{"allow":["GET"]}}],"collection":[{"href":"https:\/\/libreriaguadalupe.com.ar\/libreria\/wp-json\/wp\/v2\/product"}],"about":[{"href":"https:\/\/libreriaguadalupe.com.ar\/libreria\/wp-json\/wp\/v2\/types\/product"}],"replies":[{"embeddable":true,"href":"https:\/\/libreriaguadalupe.com.ar\/libreria\/wp-json\/wp\/v2\/comments?post=14927"}],"version-history":[{"count":2,"href":"https:\/\/libreriaguadalupe.com.ar\/libreria\/wp-json\/wp\/v2\/product\/14927\/revisions"}],"predecessor-version":[{"id":16168,"href":"https:\/\/libreriaguadalupe.com.ar\/libreria\/wp-json\/wp\/v2\/product\/14927\/revisions\/16168"}],"wp:featuredmedia":[{"embeddable":true,"href":"https:\/\/libreriaguadalupe.com.ar\/libreria\/wp-json\/wp\/v2\/media\/13801"}],"wp:attachment":[{"href":"https:\/\/libreriaguadalupe.com.ar\/libreria\/wp-json\/wp\/v2\/media?parent=14927"}],"wp:term":[{"taxonomy":"product_brand","embeddable":true,"href":"https:\/\/libreriaguadalupe.com.ar\/libreria\/wp-json\/wp\/v2\/product_brand?post=14927"},{"taxonomy":"product_cat","embeddable":true,"href":"https:\/\/libreriaguadalupe.com.ar\/libreria\/wp-json\/wp\/v2\/product_cat?post=14927"},{"taxonomy":"product_tag","embeddable":true,"href":"https:\/\/libreriaguadalupe.com.ar\/libreria\/wp-json\/wp\/v2\/product_tag?post=14927"}],"curies":[{"name":"wp","href":"https:\/\/api.w.org\/{rel}","templated":true}]}}