{"id":14924,"date":"2023-02-07T10:54:55","date_gmt":"2023-02-07T13:54:55","guid":{"rendered":"https:\/\/libreriaguadalupe.com.ar\/libreria\/?post_type=product&#038;p=14924"},"modified":"2025-07-24T10:50:00","modified_gmt":"2025-07-24T13:50:00","slug":"la-misericordia-100-mensajes-del-papa-francisco-2","status":"publish","type":"product","link":"https:\/\/libreriaguadalupe.com.ar\/libreria\/producto\/la-misericordia-100-mensajes-del-papa-francisco-2\/","title":{"rendered":"La Misericordia. 100 mensajes del Papa Francisco"},"content":{"rendered":"<p>La Misericordia: 100 Mensajes del Papa Francisco El Papa Francisco sorprendi\u00f3 al mundo con su convocatoria a un A\u00f1o Santo Extraordinario o Jubileo de la Misericordia.\u00a0El s\u00e1bado 11 de abril de 2015 Francisco realiz\u00f3 un gran llamado a que vivamos juntos este A\u00f1o Santo como un momento especial de gracia, de acercamiento al Se\u00f1or y de comuni\u00f3n con nuestros hermanos.\u00a0Seg\u00fan Jorge Bergoglio, la misericordia es fuente de alegr\u00eda, de serenidad y de paz;\u00a0es la condici\u00f3n para nuestra salvaci\u00f3n.\u00a0Estas reflexiones del Papa Francisco sobre la misericordia abren pistas, caminos, intuiciones, preguntas;\u00a0y por qu\u00e9 no decirlo, tambi\u00e9n responde a nuestros interrogantes en el mundo de hoy.\u00a0Francisco, el Papa venido del fin del mundo, abre una puerta a la esperanza.\u00a0Nos llama a renovar la Iglesia, desde dentro;\u00a0sabiendo que \u00e9ste es el gran tiempo de la misericordia.<\/p>\n","protected":false},"excerpt":{"rendered":"<p>48 p\u00e1g.<br \/>\n5.85X8.70 cm<\/p>\n<p><b>AUTOR:\u00a0<\/b>BENAVIDES LUIS M.<br \/>\n<a href=\"https:\/\/libreriaguadalupe.com.ar\/libreria\/?s=Benavides+Luis&amp;post_type=product\"><strong><span style=\"color: #ffcc00\">[ VER M\u00c1S OBRAS ]<\/span><\/strong><\/a><\/p>\n<p>ISBN: 9505007295<\/p>\n","protected":false},"featured_media":16164,"comment_status":"open","ping_status":"closed","template":"","meta":{"jetpack_publicize_message":"","jetpack_publicize_feature_enabled":true,"jetpack_social_post_already_shared":false,"jetpack_social_options":{"image_generator_settings":{"template":"highway","default_image_id":0,"font":"","enabled":false},"version":2}},"product_brand":[],"product_cat":[88,121],"product_tag":[127],"class_list":{"0":"post-14924","1":"product","2":"type-product","3":"status-publish","4":"has-post-thumbnail","6":"product_cat-espiritualidad-cultura-social","7":"product_cat-guadalupe","8":"product_tag-editorial-guadalupe-de-argentina","10":"first","11":"instock","12":"shipping-taxable","13":"purchasable","14":"product-type-simple"},"yoast_head":"<!-- This site is optimized with the Yoast SEO plugin v27.4 - https:\/\/yoast.com\/product\/yoast-seo-wordpress\/ -->\n<title>La Misericordia. 100 mensajes del Papa Francisco - Editorial Guadalupe de Argentina<\/title>\n<meta name=\"description\" content=\"La Misericordia: 100 Mensajes del Papa Francisco El Papa Francisco sorprendi\u00f3 al mundo con su convocatoria a un A\u00f1o Santo Extraordinario o Jubileo de la\" \/>\n<meta name=\"robots\" content=\"index, follow, max-snippet:-1, max-image-preview:large, max-video-preview:-1\" \/>\n<link rel=\"canonical\" href=\"https:\/\/libreriaguadalupe.com.ar\/libreria\/producto\/la-misericordia-100-mensajes-del-papa-francisco-2\/\" \/>\n<meta property=\"og:locale\" content=\"es_ES\" \/>\n<meta property=\"og:type\" content=\"article\" \/>\n<meta property=\"og:title\" content=\"La Misericordia. 100 mensajes del Papa Francisco - Editorial Guadalupe de Argentina\" \/>\n<meta property=\"og:description\" content=\"La Misericordia: 100 Mensajes del Papa Francisco El Papa Francisco sorprendi\u00f3 al mundo con su convocatoria a un A\u00f1o Santo Extraordinario o Jubileo de la\" \/>\n<meta property=\"og:url\" content=\"https:\/\/libreriaguadalupe.com.ar\/libreria\/producto\/la-misericordia-100-mensajes-del-papa-francisco-2\/\" \/>\n<meta property=\"og:site_name\" content=\"Editorial Guadalupe de Argentina\" \/>\n<meta property=\"article:publisher\" content=\"https:\/\/www.facebook.com\/LibreriaGuadalupeAR\/\" \/>\n<meta property=\"article:modified_time\" content=\"2025-07-24T13:50:00+00:00\" \/>\n<meta property=\"og:image\" content=\"https:\/\/libreriaguadalupe.com.ar\/libreria\/wp-content\/uploads\/2023\/03\/LA-MISERICORDIA-100-mensajes-del-Papa-Francisco.png\" \/>\n\t<meta property=\"og:image:width\" content=\"1000\" \/>\n\t<meta property=\"og:image:height\" content=\"1000\" \/>\n\t<meta property=\"og:image:type\" content=\"image\/png\" \/>\n<meta name=\"twitter:card\" content=\"summary_large_image\" \/>\n<meta name=\"twitter:label1\" content=\"Tiempo de lectura\" \/>\n\t<meta name=\"twitter:data1\" content=\"1 minuto\" \/>\n<script type=\"application\/ld+json\" class=\"yoast-schema-graph\">{\"@context\":\"https:\\\/\\\/schema.org\",\"@graph\":[{\"@type\":\"WebPage\",\"@id\":\"https:\\\/\\\/libreriaguadalupe.com.ar\\\/libreria\\\/producto\\\/la-misericordia-100-mensajes-del-papa-francisco-2\\\/\",\"url\":\"https:\\\/\\\/libreriaguadalupe.com.ar\\\/libreria\\\/producto\\\/la-misericordia-100-mensajes-del-papa-francisco-2\\\/\",\"name\":\"La Misericordia. 100 mensajes del Papa Francisco - Editorial Guadalupe de Argentina\",\"isPartOf\":{\"@id\":\"https:\\\/\\\/libreriaguadalupe.com.ar\\\/libreria\\\/#website\"},\"primaryImageOfPage\":{\"@id\":\"https:\\\/\\\/libreriaguadalupe.com.ar\\\/libreria\\\/producto\\\/la-misericordia-100-mensajes-del-papa-francisco-2\\\/#primaryimage\"},\"image\":{\"@id\":\"https:\\\/\\\/libreriaguadalupe.com.ar\\\/libreria\\\/producto\\\/la-misericordia-100-mensajes-del-papa-francisco-2\\\/#primaryimage\"},\"thumbnailUrl\":\"https:\\\/\\\/i0.wp.com\\\/libreriaguadalupe.com.ar\\\/libreria\\\/wp-content\\\/uploads\\\/2023\\\/03\\\/LA-MISERICORDIA-100-mensajes-del-Papa-Francisco.png?fit=1000%2C1000&ssl=1\",\"datePublished\":\"2023-02-07T13:54:55+00:00\",\"dateModified\":\"2025-07-24T13:50:00+00:00\",\"description\":\"La Misericordia: 100 Mensajes del Papa Francisco El Papa Francisco sorprendi\u00f3 al mundo con su convocatoria a un A\u00f1o Santo Extraordinario o Jubileo de la\",\"breadcrumb\":{\"@id\":\"https:\\\/\\\/libreriaguadalupe.com.ar\\\/libreria\\\/producto\\\/la-misericordia-100-mensajes-del-papa-francisco-2\\\/#breadcrumb\"},\"inLanguage\":\"es\",\"potentialAction\":[{\"@type\":\"ReadAction\",\"target\":[\"https:\\\/\\\/libreriaguadalupe.com.ar\\\/libreria\\\/producto\\\/la-misericordia-100-mensajes-del-papa-francisco-2\\\/\"]}]},{\"@type\":\"ImageObject\",\"inLanguage\":\"es\",\"@id\":\"https:\\\/\\\/libreriaguadalupe.com.ar\\\/libreria\\\/producto\\\/la-misericordia-100-mensajes-del-papa-francisco-2\\\/#primaryimage\",\"url\":\"https:\\\/\\\/i0.wp.com\\\/libreriaguadalupe.com.ar\\\/libreria\\\/wp-content\\\/uploads\\\/2023\\\/03\\\/LA-MISERICORDIA-100-mensajes-del-Papa-Francisco.png?fit=1000%2C1000&ssl=1\",\"contentUrl\":\"https:\\\/\\\/i0.wp.com\\\/libreriaguadalupe.com.ar\\\/libreria\\\/wp-content\\\/uploads\\\/2023\\\/03\\\/LA-MISERICORDIA-100-mensajes-del-Papa-Francisco.png?fit=1000%2C1000&ssl=1\",\"width\":1000,\"height\":1000,\"caption\":\"La Misericordia. 100 mensajes del Papa Francisco\"},{\"@type\":\"BreadcrumbList\",\"@id\":\"https:\\\/\\\/libreriaguadalupe.com.ar\\\/libreria\\\/producto\\\/la-misericordia-100-mensajes-del-papa-francisco-2\\\/#breadcrumb\",\"itemListElement\":[{\"@type\":\"ListItem\",\"position\":1,\"name\":\"Portada\",\"item\":\"https:\\\/\\\/libreriaguadalupe.com.ar\\\/libreria\\\/\"},{\"@type\":\"ListItem\",\"position\":2,\"name\":\"Tienda\",\"item\":\"https:\\\/\\\/libreriaguadalupe.com.ar\\\/libreria\\\/\"},{\"@type\":\"ListItem\",\"position\":3,\"name\":\"La Misericordia. 100 mensajes del Papa Francisco\"}]},{\"@type\":\"WebSite\",\"@id\":\"https:\\\/\\\/libreriaguadalupe.com.ar\\\/libreria\\\/#website\",\"url\":\"https:\\\/\\\/libreriaguadalupe.com.ar\\\/libreria\\\/\",\"name\":\"Editorial Guadalupe de Argentina\",\"description\":\"Congregaci\u00f3n del Verbo Divino\",\"publisher\":{\"@id\":\"https:\\\/\\\/libreriaguadalupe.com.ar\\\/libreria\\\/#organization\"},\"alternateName\":\"Librer\u00eda Guadalupe\",\"potentialAction\":[{\"@type\":\"SearchAction\",\"target\":{\"@type\":\"EntryPoint\",\"urlTemplate\":\"https:\\\/\\\/libreriaguadalupe.com.ar\\\/libreria\\\/?s={search_term_string}\"},\"query-input\":{\"@type\":\"PropertyValueSpecification\",\"valueRequired\":true,\"valueName\":\"search_term_string\"}}],\"inLanguage\":\"es\"},{\"@type\":\"Organization\",\"@id\":\"https:\\\/\\\/libreriaguadalupe.com.ar\\\/libreria\\\/#organization\",\"name\":\"Editorial Guadalupe\",\"alternateName\":\"Librer\u00eda Guadalupe\",\"url\":\"https:\\\/\\\/libreriaguadalupe.com.ar\\\/libreria\\\/\",\"logo\":{\"@type\":\"ImageObject\",\"inLanguage\":\"es\",\"@id\":\"https:\\\/\\\/libreriaguadalupe.com.ar\\\/libreria\\\/#\\\/schema\\\/logo\\\/image\\\/\",\"url\":\"https:\\\/\\\/i0.wp.com\\\/libreriaguadalupe.com.ar\\\/libreria\\\/wp-content\\\/uploads\\\/2023\\\/01\\\/cropped-logo-editorial-guadalupe.webp?fit=500%2C100&ssl=1\",\"contentUrl\":\"https:\\\/\\\/i0.wp.com\\\/libreriaguadalupe.com.ar\\\/libreria\\\/wp-content\\\/uploads\\\/2023\\\/01\\\/cropped-logo-editorial-guadalupe.webp?fit=500%2C100&ssl=1\",\"width\":500,\"height\":100,\"caption\":\"Editorial Guadalupe\"},\"image\":{\"@id\":\"https:\\\/\\\/libreriaguadalupe.com.ar\\\/libreria\\\/#\\\/schema\\\/logo\\\/image\\\/\"},\"sameAs\":[\"https:\\\/\\\/www.facebook.com\\\/LibreriaGuadalupeAR\\\/\",\"https:\\\/\\\/www.instagram.com\\\/editorialguadalupe\\\/\",\"https:\\\/\\\/guadalupeeditorial.mercadoshops.com.ar\\\/\"]}]}<\/script>\n<!-- \/ Yoast SEO plugin. -->","yoast_head_json":{"title":"La Misericordia. 100 mensajes del Papa Francisco - Editorial Guadalupe de Argentina","description":"La Misericordia: 100 Mensajes del Papa Francisco El Papa Francisco sorprendi\u00f3 al mundo con su convocatoria a un A\u00f1o Santo Extraordinario o Jubileo de la","robots":{"index":"index","follow":"follow","max-snippet":"max-snippet:-1","max-image-preview":"max-image-preview:large","max-video-preview":"max-video-preview:-1"},"canonical":"https:\/\/libreriaguadalupe.com.ar\/libreria\/producto\/la-misericordia-100-mensajes-del-papa-francisco-2\/","og_locale":"es_ES","og_type":"article","og_title":"La Misericordia. 100 mensajes del Papa Francisco - Editorial Guadalupe de Argentina","og_description":"La Misericordia: 100 Mensajes del Papa Francisco El Papa Francisco sorprendi\u00f3 al mundo con su convocatoria a un A\u00f1o Santo Extraordinario o Jubileo de la","og_url":"https:\/\/libreriaguadalupe.com.ar\/libreria\/producto\/la-misericordia-100-mensajes-del-papa-francisco-2\/","og_site_name":"Editorial Guadalupe de Argentina","article_publisher":"https:\/\/www.facebook.com\/LibreriaGuadalupeAR\/","article_modified_time":"2025-07-24T13:50:00+00:00","og_image":[{"width":1000,"height":1000,"url":"https:\/\/libreriaguadalupe.com.ar\/libreria\/wp-content\/uploads\/2023\/03\/LA-MISERICORDIA-100-mensajes-del-Papa-Francisco.png","type":"image\/png"}],"twitter_card":"summary_large_image","twitter_misc":{"Tiempo de lectura":"1 minuto"},"schema":{"@context":"https:\/\/schema.org","@graph":[{"@type":"WebPage","@id":"https:\/\/libreriaguadalupe.com.ar\/libreria\/producto\/la-misericordia-100-mensajes-del-papa-francisco-2\/","url":"https:\/\/libreriaguadalupe.com.ar\/libreria\/producto\/la-misericordia-100-mensajes-del-papa-francisco-2\/","name":"La Misericordia. 100 mensajes del Papa Francisco - Editorial Guadalupe de Argentina","isPartOf":{"@id":"https:\/\/libreriaguadalupe.com.ar\/libreria\/#website"},"primaryImageOfPage":{"@id":"https:\/\/libreriaguadalupe.com.ar\/libreria\/producto\/la-misericordia-100-mensajes-del-papa-francisco-2\/#primaryimage"},"image":{"@id":"https:\/\/libreriaguadalupe.com.ar\/libreria\/producto\/la-misericordia-100-mensajes-del-papa-francisco-2\/#primaryimage"},"thumbnailUrl":"https:\/\/i0.wp.com\/libreriaguadalupe.com.ar\/libreria\/wp-content\/uploads\/2023\/03\/LA-MISERICORDIA-100-mensajes-del-Papa-Francisco.png?fit=1000%2C1000&ssl=1","datePublished":"2023-02-07T13:54:55+00:00","dateModified":"2025-07-24T13:50:00+00:00","description":"La Misericordia: 100 Mensajes del Papa Francisco El Papa Francisco sorprendi\u00f3 al mundo con su convocatoria a un A\u00f1o Santo Extraordinario o Jubileo de la","breadcrumb":{"@id":"https:\/\/libreriaguadalupe.com.ar\/libreria\/producto\/la-misericordia-100-mensajes-del-papa-francisco-2\/#breadcrumb"},"inLanguage":"es","potentialAction":[{"@type":"ReadAction","target":["https:\/\/libreriaguadalupe.com.ar\/libreria\/producto\/la-misericordia-100-mensajes-del-papa-francisco-2\/"]}]},{"@type":"ImageObject","inLanguage":"es","@id":"https:\/\/libreriaguadalupe.com.ar\/libreria\/producto\/la-misericordia-100-mensajes-del-papa-francisco-2\/#primaryimage","url":"https:\/\/i0.wp.com\/libreriaguadalupe.com.ar\/libreria\/wp-content\/uploads\/2023\/03\/LA-MISERICORDIA-100-mensajes-del-Papa-Francisco.png?fit=1000%2C1000&ssl=1","contentUrl":"https:\/\/i0.wp.com\/libreriaguadalupe.com.ar\/libreria\/wp-content\/uploads\/2023\/03\/LA-MISERICORDIA-100-mensajes-del-Papa-Francisco.png?fit=1000%2C1000&ssl=1","width":1000,"height":1000,"caption":"La Misericordia. 100 mensajes del Papa Francisco"},{"@type":"BreadcrumbList","@id":"https:\/\/libreriaguadalupe.com.ar\/libreria\/producto\/la-misericordia-100-mensajes-del-papa-francisco-2\/#breadcrumb","itemListElement":[{"@type":"ListItem","position":1,"name":"Portada","item":"https:\/\/libreriaguadalupe.com.ar\/libreria\/"},{"@type":"ListItem","position":2,"name":"Tienda","item":"https:\/\/libreriaguadalupe.com.ar\/libreria\/"},{"@type":"ListItem","position":3,"name":"La Misericordia. 100 mensajes del Papa Francisco"}]},{"@type":"WebSite","@id":"https:\/\/libreriaguadalupe.com.ar\/libreria\/#website","url":"https:\/\/libreriaguadalupe.com.ar\/libreria\/","name":"Editorial Guadalupe de Argentina","description":"Congregaci\u00f3n del Verbo Divino","publisher":{"@id":"https:\/\/libreriaguadalupe.com.ar\/libreria\/#organization"},"alternateName":"Librer\u00eda Guadalupe","potentialAction":[{"@type":"SearchAction","target":{"@type":"EntryPoint","urlTemplate":"https:\/\/libreriaguadalupe.com.ar\/libreria\/?s={search_term_string}"},"query-input":{"@type":"PropertyValueSpecification","valueRequired":true,"valueName":"search_term_string"}}],"inLanguage":"es"},{"@type":"Organization","@id":"https:\/\/libreriaguadalupe.com.ar\/libreria\/#organization","name":"Editorial Guadalupe","alternateName":"Librer\u00eda Guadalupe","url":"https:\/\/libreriaguadalupe.com.ar\/libreria\/","logo":{"@type":"ImageObject","inLanguage":"es","@id":"https:\/\/libreriaguadalupe.com.ar\/libreria\/#\/schema\/logo\/image\/","url":"https:\/\/i0.wp.com\/libreriaguadalupe.com.ar\/libreria\/wp-content\/uploads\/2023\/01\/cropped-logo-editorial-guadalupe.webp?fit=500%2C100&ssl=1","contentUrl":"https:\/\/i0.wp.com\/libreriaguadalupe.com.ar\/libreria\/wp-content\/uploads\/2023\/01\/cropped-logo-editorial-guadalupe.webp?fit=500%2C100&ssl=1","width":500,"height":100,"caption":"Editorial Guadalupe"},"image":{"@id":"https:\/\/libreriaguadalupe.com.ar\/libreria\/#\/schema\/logo\/image\/"},"sameAs":["https:\/\/www.facebook.com\/LibreriaGuadalupeAR\/","https:\/\/www.instagram.com\/editorialguadalupe\/","https:\/\/guadalupeeditorial.mercadoshops.com.ar\/"]}]}},"jetpack_publicize_connections":[],"jetpack_sharing_enabled":true,"jetpack-related-posts":[{"id":14921,"url":"https:\/\/libreriaguadalupe.com.ar\/libreria\/producto\/el-perdon-100-mensajes-del-papa-francisco-2\/","url_meta":{"origin":14924,"position":0},"title":"El Perdon 100 mensajes del Papa Francisco","author":"admin","date":"07\/02\/2023","format":false,"excerpt":"Autor: BENAVIDES LUIS [ VER M\u00c1S OBRAS ] ISBN: 9505007288","rel":"","context":"Entrada similar","block_context":{"text":"Entrada similar","link":""},"img":{"alt_text":"El Perdon 100 mensajes del Papa Francisco","src":"https:\/\/i0.wp.com\/libreriaguadalupe.com.ar\/libreria\/wp-content\/uploads\/2023\/02\/El-Perdon.jpeg?fit=379%2C500&ssl=1&resize=350%2C200","width":350,"height":200},"classes":[]},{"id":18566,"url":"https:\/\/libreriaguadalupe.com.ar\/libreria\/producto\/rezar-con-los-papas\/","url_meta":{"origin":14924,"position":1},"title":"Rezar con los Papas","author":"Mariano Zuqui","date":"29\/01\/2025","format":false,"excerpt":"Autor: Marco Gallo T\u00edtulo: \u201cRezar con los Papas\u201d ISBN: 978-950-500-942-0 Formato: 15.5 x 22.5 cms Interior: 1\/1 color Papel: Boockcel 80 N\u00ba de P\u00e1ginas: 246. Tapa: Cartulina - Laminado mate. Encuadernaci\u00f3n: Binder","rel":"","context":"Entrada similar","block_context":{"text":"Entrada similar","link":""},"img":{"alt_text":"","src":"https:\/\/i0.wp.com\/libreriaguadalupe.com.ar\/libreria\/wp-content\/uploads\/2025\/01\/LIBRO-TIENDA.png?fit=960%2C1200&ssl=1&resize=350%2C200","width":350,"height":200,"srcset":"https:\/\/i0.wp.com\/libreriaguadalupe.com.ar\/libreria\/wp-content\/uploads\/2025\/01\/LIBRO-TIENDA.png?fit=960%2C1200&ssl=1&resize=350%2C200 1x, https:\/\/i0.wp.com\/libreriaguadalupe.com.ar\/libreria\/wp-content\/uploads\/2025\/01\/LIBRO-TIENDA.png?fit=960%2C1200&ssl=1&resize=525%2C300 1.5x, https:\/\/i0.wp.com\/libreriaguadalupe.com.ar\/libreria\/wp-content\/uploads\/2025\/01\/LIBRO-TIENDA.png?fit=960%2C1200&ssl=1&resize=700%2C400 2x"},"classes":[]},{"id":16042,"url":"https:\/\/libreriaguadalupe.com.ar\/libreria\/producto\/la-fiesta-del-abrazo\/","url_meta":{"origin":14924,"position":2},"title":"La Fiesta del Abrazo","author":"admin","date":"12\/02\/2023","format":false,"excerpt":"AUTOR:\u00a0FLAVIA OUBI\u00d1A ISBN: 9505007042","rel":"","context":"Entrada similar","block_context":{"text":"Entrada similar","link":""},"img":{"alt_text":"","src":"https:\/\/i0.wp.com\/libreriaguadalupe.com.ar\/libreria\/wp-content\/uploads\/2023\/02\/La-fiesta-del-abrazo.jpg?fit=633%2C823&ssl=1&resize=350%2C200","width":350,"height":200,"srcset":"https:\/\/i0.wp.com\/libreriaguadalupe.com.ar\/libreria\/wp-content\/uploads\/2023\/02\/La-fiesta-del-abrazo.jpg?fit=633%2C823&ssl=1&resize=350%2C200 1x, https:\/\/i0.wp.com\/libreriaguadalupe.com.ar\/libreria\/wp-content\/uploads\/2023\/02\/La-fiesta-del-abrazo.jpg?fit=633%2C823&ssl=1&resize=525%2C300 1.5x"},"classes":[]},{"id":17295,"url":"https:\/\/libreriaguadalupe.com.ar\/libreria\/producto\/diario-de-santa-maria-faustina-kowalska\/","url_meta":{"origin":14924,"position":3},"title":"Diario de Santa Mar\u00eda Faustina Kowalska","author":"admin","date":"30\/05\/2023","format":false,"excerpt":"LA DIVINA MISERICORDIA EN MI ALMA Autor: SANTA MAR\u00cdA FAUSTINA KOWALSKA ISBN: 9872221308 Dimensiones: 13 x 20 cm P\u00e1ginas: 720","rel":"","context":"Entrada similar","block_context":{"text":"Entrada similar","link":""},"img":{"alt_text":"","src":"https:\/\/i0.wp.com\/libreriaguadalupe.com.ar\/libreria\/wp-content\/uploads\/2023\/05\/DIARIO-DE-SANTA-MARIA-FAUSTINA-KOWALSKA.png?fit=414%2C603&ssl=1&resize=350%2C200","width":350,"height":200},"classes":[]},{"id":17987,"url":"https:\/\/libreriaguadalupe.com.ar\/libreria\/producto\/mama-antula-una-santa-argentina-para-el-mundo\/","url_meta":{"origin":14924,"position":4},"title":"Mama Antula, una santa argentina para el mundo","author":"admin","date":"19\/04\/2024","format":false,"excerpt":"Autor: Alicia Fraschina ISBN: 9789877621624 Dimensiones: 14 x 20 cm P\u00e1ginas: 128","rel":"","context":"Entrada similar","block_context":{"text":"Entrada similar","link":""},"img":{"alt_text":"","src":"https:\/\/i0.wp.com\/libreriaguadalupe.com.ar\/libreria\/wp-content\/uploads\/2024\/04\/NOVEDAD-TIENDA-ABRIL-3.jpg?fit=470%2C470&ssl=1&resize=350%2C200","width":350,"height":200},"classes":[]},{"id":16625,"url":"https:\/\/libreriaguadalupe.com.ar\/libreria\/producto\/para-conocer-al-papa-bergoglio\/","url_meta":{"origin":14924,"position":5},"title":"Para conocer al papa Bergoglio","author":"admin","date":"13\/03\/2023","format":false,"excerpt":"Autor: Francesco Strazzari ISBN: 8499459783","rel":"","context":"Entrada similar","block_context":{"text":"Entrada similar","link":""},"img":{"alt_text":"","src":"https:\/\/i0.wp.com\/libreriaguadalupe.com.ar\/libreria\/wp-content\/uploads\/2023\/03\/Para-conocer-al-Papa-Bergoglio.jpeg?fit=380%2C586&ssl=1&resize=350%2C200","width":350,"height":200},"classes":[]}],"_links":{"self":[{"href":"https:\/\/libreriaguadalupe.com.ar\/libreria\/wp-json\/wp\/v2\/product\/14924","targetHints":{"allow":["GET"]}}],"collection":[{"href":"https:\/\/libreriaguadalupe.com.ar\/libreria\/wp-json\/wp\/v2\/product"}],"about":[{"href":"https:\/\/libreriaguadalupe.com.ar\/libreria\/wp-json\/wp\/v2\/types\/product"}],"replies":[{"embeddable":true,"href":"https:\/\/libreriaguadalupe.com.ar\/libreria\/wp-json\/wp\/v2\/comments?post=14924"}],"version-history":[{"count":5,"href":"https:\/\/libreriaguadalupe.com.ar\/libreria\/wp-json\/wp\/v2\/product\/14924\/revisions"}],"predecessor-version":[{"id":19022,"href":"https:\/\/libreriaguadalupe.com.ar\/libreria\/wp-json\/wp\/v2\/product\/14924\/revisions\/19022"}],"wp:featuredmedia":[{"embeddable":true,"href":"https:\/\/libreriaguadalupe.com.ar\/libreria\/wp-json\/wp\/v2\/media\/16164"}],"wp:attachment":[{"href":"https:\/\/libreriaguadalupe.com.ar\/libreria\/wp-json\/wp\/v2\/media?parent=14924"}],"wp:term":[{"taxonomy":"product_brand","embeddable":true,"href":"https:\/\/libreriaguadalupe.com.ar\/libreria\/wp-json\/wp\/v2\/product_brand?post=14924"},{"taxonomy":"product_cat","embeddable":true,"href":"https:\/\/libreriaguadalupe.com.ar\/libreria\/wp-json\/wp\/v2\/product_cat?post=14924"},{"taxonomy":"product_tag","embeddable":true,"href":"https:\/\/libreriaguadalupe.com.ar\/libreria\/wp-json\/wp\/v2\/product_tag?post=14924"}],"curies":[{"name":"wp","href":"https:\/\/api.w.org\/{rel}","templated":true}]}}