{"id":14819,"date":"2023-02-07T10:54:45","date_gmt":"2023-02-07T13:54:45","guid":{"rendered":"https:\/\/libreriaguadalupe.com.ar\/libreria\/?post_type=product&#038;p=14819"},"modified":"2024-07-01T11:25:22","modified_gmt":"2024-07-01T14:25:22","slug":"comentario-al-antiguo-testamento-ii-2","status":"publish","type":"product","link":"https:\/\/libreriaguadalupe.com.ar\/libreria\/producto\/comentario-al-antiguo-testamento-ii-2\/","title":{"rendered":"Comentario al Antiguo Testamento II"},"content":{"rendered":"<p>Con este volumen de comentarios a los libros prof\u00e9ticos, po\u00e9ticos y sapienciales del Antiguo Testamento se completa el breve pero profundo comentario a esta parte de la Biblia. Con un lenguaje \u00e1gil y accesible incluso a lectores no especialistas, pero con profundidad y solvencias exeg\u00e9ticas, tratan de proporcionar las claves principales para leer y comprender adecuadamente el texto b\u00edblico.<\/p>\n","protected":false},"excerpt":{"rendered":"<p>Autor: La Casa de la Biblia &#8211; Hermandad de Sacerdotes Operarios Diocesanos del Coraz\u00f3n de Jes\u00fas<strong><br \/>\n<\/strong>ISBN: 8481692131<br \/>\nDimensiones: 17,5 x 25 cm<br \/>\nP\u00e1ginas: 824<\/p>\n","protected":false},"featured_media":16898,"comment_status":"open","ping_status":"closed","template":"","meta":{"jetpack_publicize_message":"","jetpack_publicize_feature_enabled":true,"jetpack_social_post_already_shared":false,"jetpack_social_options":{"image_generator_settings":{"template":"highway","default_image_id":0,"font":"","enabled":false},"version":2}},"product_brand":[],"product_cat":[109],"product_tag":[127],"class_list":{"0":"post-14819","1":"product","2":"type-product","3":"status-publish","4":"has-post-thumbnail","6":"product_cat-verbo-divino","7":"product_tag-editorial-guadalupe-de-argentina","9":"first","10":"outofstock","11":"shipping-taxable","12":"purchasable","13":"product-type-simple"},"yoast_head":"<!-- This site is optimized with the Yoast SEO plugin v27.4 - https:\/\/yoast.com\/product\/yoast-seo-wordpress\/ -->\n<title>Comentario al Antiguo Testamento II - Editorial Guadalupe de Argentina<\/title>\n<meta name=\"description\" content=\"Con este volumen de comentarios a los libros prof\u00e9ticos, po\u00e9ticos y sapienciales del Antiguo Testamento se completa el breve pero profundo comentario a esta parte de la Biblia. Con un lenguaje \u00e1gil y accesible incluso a lectores no especialistas, pero con profundidad y solvencias exeg\u00e9ticas, tratan de proporcionar las claves principales para leer y comprender adecuadamente el texto b\u00edblico.\" \/>\n<meta name=\"robots\" content=\"index, follow, max-snippet:-1, max-image-preview:large, max-video-preview:-1\" \/>\n<link rel=\"canonical\" href=\"https:\/\/libreriaguadalupe.com.ar\/libreria\/producto\/comentario-al-antiguo-testamento-ii-2\/\" \/>\n<meta property=\"og:locale\" content=\"es_ES\" \/>\n<meta property=\"og:type\" content=\"article\" \/>\n<meta property=\"og:title\" content=\"Comentario al Antiguo Testamento II - Editorial Guadalupe de Argentina\" \/>\n<meta property=\"og:description\" content=\"Con este volumen de comentarios a los libros prof\u00e9ticos, po\u00e9ticos y sapienciales del Antiguo Testamento se completa el breve pero profundo comentario a esta parte de la Biblia. Con un lenguaje \u00e1gil y accesible incluso a lectores no especialistas, pero con profundidad y solvencias exeg\u00e9ticas, tratan de proporcionar las claves principales para leer y comprender adecuadamente el texto b\u00edblico.\" \/>\n<meta property=\"og:url\" content=\"https:\/\/libreriaguadalupe.com.ar\/libreria\/producto\/comentario-al-antiguo-testamento-ii-2\/\" \/>\n<meta property=\"og:site_name\" content=\"Editorial Guadalupe de Argentina\" \/>\n<meta property=\"article:publisher\" content=\"https:\/\/www.facebook.com\/LibreriaGuadalupeAR\/\" \/>\n<meta property=\"article:modified_time\" content=\"2024-07-01T14:25:22+00:00\" \/>\n<meta property=\"og:image\" content=\"https:\/\/libreriaguadalupe.com.ar\/libreria\/wp-content\/uploads\/2023\/02\/Comentario-al-Antiguo-Testamento-II.jpg\" \/>\n\t<meta property=\"og:image:width\" content=\"380\" \/>\n\t<meta property=\"og:image:height\" content=\"586\" \/>\n\t<meta property=\"og:image:type\" content=\"image\/jpeg\" \/>\n<meta name=\"twitter:card\" content=\"summary_large_image\" \/>\n<meta name=\"twitter:label1\" content=\"Tiempo de lectura\" \/>\n\t<meta name=\"twitter:data1\" content=\"1 minuto\" \/>\n<script type=\"application\/ld+json\" class=\"yoast-schema-graph\">{\"@context\":\"https:\\\/\\\/schema.org\",\"@graph\":[{\"@type\":\"WebPage\",\"@id\":\"https:\\\/\\\/libreriaguadalupe.com.ar\\\/libreria\\\/producto\\\/comentario-al-antiguo-testamento-ii-2\\\/\",\"url\":\"https:\\\/\\\/libreriaguadalupe.com.ar\\\/libreria\\\/producto\\\/comentario-al-antiguo-testamento-ii-2\\\/\",\"name\":\"Comentario al Antiguo Testamento II - Editorial Guadalupe de Argentina\",\"isPartOf\":{\"@id\":\"https:\\\/\\\/libreriaguadalupe.com.ar\\\/libreria\\\/#website\"},\"primaryImageOfPage\":{\"@id\":\"https:\\\/\\\/libreriaguadalupe.com.ar\\\/libreria\\\/producto\\\/comentario-al-antiguo-testamento-ii-2\\\/#primaryimage\"},\"image\":{\"@id\":\"https:\\\/\\\/libreriaguadalupe.com.ar\\\/libreria\\\/producto\\\/comentario-al-antiguo-testamento-ii-2\\\/#primaryimage\"},\"thumbnailUrl\":\"https:\\\/\\\/i0.wp.com\\\/libreriaguadalupe.com.ar\\\/libreria\\\/wp-content\\\/uploads\\\/2023\\\/02\\\/Comentario-al-Antiguo-Testamento-II.jpg?fit=380%2C586&ssl=1\",\"datePublished\":\"2023-02-07T13:54:45+00:00\",\"dateModified\":\"2024-07-01T14:25:22+00:00\",\"description\":\"Con este volumen de comentarios a los libros prof\u00e9ticos, po\u00e9ticos y sapienciales del Antiguo Testamento se completa el breve pero profundo comentario a esta parte de la Biblia. Con un lenguaje \u00e1gil y accesible incluso a lectores no especialistas, pero con profundidad y solvencias exeg\u00e9ticas, tratan de proporcionar las claves principales para leer y comprender adecuadamente el texto b\u00edblico.\",\"breadcrumb\":{\"@id\":\"https:\\\/\\\/libreriaguadalupe.com.ar\\\/libreria\\\/producto\\\/comentario-al-antiguo-testamento-ii-2\\\/#breadcrumb\"},\"inLanguage\":\"es\",\"potentialAction\":[{\"@type\":\"ReadAction\",\"target\":[\"https:\\\/\\\/libreriaguadalupe.com.ar\\\/libreria\\\/producto\\\/comentario-al-antiguo-testamento-ii-2\\\/\"]}]},{\"@type\":\"ImageObject\",\"inLanguage\":\"es\",\"@id\":\"https:\\\/\\\/libreriaguadalupe.com.ar\\\/libreria\\\/producto\\\/comentario-al-antiguo-testamento-ii-2\\\/#primaryimage\",\"url\":\"https:\\\/\\\/i0.wp.com\\\/libreriaguadalupe.com.ar\\\/libreria\\\/wp-content\\\/uploads\\\/2023\\\/02\\\/Comentario-al-Antiguo-Testamento-II.jpg?fit=380%2C586&ssl=1\",\"contentUrl\":\"https:\\\/\\\/i0.wp.com\\\/libreriaguadalupe.com.ar\\\/libreria\\\/wp-content\\\/uploads\\\/2023\\\/02\\\/Comentario-al-Antiguo-Testamento-II.jpg?fit=380%2C586&ssl=1\",\"width\":380,\"height\":586},{\"@type\":\"BreadcrumbList\",\"@id\":\"https:\\\/\\\/libreriaguadalupe.com.ar\\\/libreria\\\/producto\\\/comentario-al-antiguo-testamento-ii-2\\\/#breadcrumb\",\"itemListElement\":[{\"@type\":\"ListItem\",\"position\":1,\"name\":\"Portada\",\"item\":\"https:\\\/\\\/libreriaguadalupe.com.ar\\\/libreria\\\/\"},{\"@type\":\"ListItem\",\"position\":2,\"name\":\"Tienda\",\"item\":\"https:\\\/\\\/libreriaguadalupe.com.ar\\\/libreria\\\/\"},{\"@type\":\"ListItem\",\"position\":3,\"name\":\"Comentario al Antiguo Testamento II\"}]},{\"@type\":\"WebSite\",\"@id\":\"https:\\\/\\\/libreriaguadalupe.com.ar\\\/libreria\\\/#website\",\"url\":\"https:\\\/\\\/libreriaguadalupe.com.ar\\\/libreria\\\/\",\"name\":\"Editorial Guadalupe de Argentina\",\"description\":\"Congregaci\u00f3n del Verbo Divino\",\"publisher\":{\"@id\":\"https:\\\/\\\/libreriaguadalupe.com.ar\\\/libreria\\\/#organization\"},\"alternateName\":\"Librer\u00eda Guadalupe\",\"potentialAction\":[{\"@type\":\"SearchAction\",\"target\":{\"@type\":\"EntryPoint\",\"urlTemplate\":\"https:\\\/\\\/libreriaguadalupe.com.ar\\\/libreria\\\/?s={search_term_string}\"},\"query-input\":{\"@type\":\"PropertyValueSpecification\",\"valueRequired\":true,\"valueName\":\"search_term_string\"}}],\"inLanguage\":\"es\"},{\"@type\":\"Organization\",\"@id\":\"https:\\\/\\\/libreriaguadalupe.com.ar\\\/libreria\\\/#organization\",\"name\":\"Editorial Guadalupe\",\"alternateName\":\"Librer\u00eda Guadalupe\",\"url\":\"https:\\\/\\\/libreriaguadalupe.com.ar\\\/libreria\\\/\",\"logo\":{\"@type\":\"ImageObject\",\"inLanguage\":\"es\",\"@id\":\"https:\\\/\\\/libreriaguadalupe.com.ar\\\/libreria\\\/#\\\/schema\\\/logo\\\/image\\\/\",\"url\":\"https:\\\/\\\/i0.wp.com\\\/libreriaguadalupe.com.ar\\\/libreria\\\/wp-content\\\/uploads\\\/2023\\\/01\\\/cropped-logo-editorial-guadalupe.webp?fit=500%2C100&ssl=1\",\"contentUrl\":\"https:\\\/\\\/i0.wp.com\\\/libreriaguadalupe.com.ar\\\/libreria\\\/wp-content\\\/uploads\\\/2023\\\/01\\\/cropped-logo-editorial-guadalupe.webp?fit=500%2C100&ssl=1\",\"width\":500,\"height\":100,\"caption\":\"Editorial Guadalupe\"},\"image\":{\"@id\":\"https:\\\/\\\/libreriaguadalupe.com.ar\\\/libreria\\\/#\\\/schema\\\/logo\\\/image\\\/\"},\"sameAs\":[\"https:\\\/\\\/www.facebook.com\\\/LibreriaGuadalupeAR\\\/\",\"https:\\\/\\\/www.instagram.com\\\/editorialguadalupe\\\/\",\"https:\\\/\\\/guadalupeeditorial.mercadoshops.com.ar\\\/\"]}]}<\/script>\n<!-- \/ Yoast SEO plugin. -->","yoast_head_json":{"title":"Comentario al Antiguo Testamento II - Editorial Guadalupe de Argentina","description":"Con este volumen de comentarios a los libros prof\u00e9ticos, po\u00e9ticos y sapienciales del Antiguo Testamento se completa el breve pero profundo comentario a esta parte de la Biblia. Con un lenguaje \u00e1gil y accesible incluso a lectores no especialistas, pero con profundidad y solvencias exeg\u00e9ticas, tratan de proporcionar las claves principales para leer y comprender adecuadamente el texto b\u00edblico.","robots":{"index":"index","follow":"follow","max-snippet":"max-snippet:-1","max-image-preview":"max-image-preview:large","max-video-preview":"max-video-preview:-1"},"canonical":"https:\/\/libreriaguadalupe.com.ar\/libreria\/producto\/comentario-al-antiguo-testamento-ii-2\/","og_locale":"es_ES","og_type":"article","og_title":"Comentario al Antiguo Testamento II - Editorial Guadalupe de Argentina","og_description":"Con este volumen de comentarios a los libros prof\u00e9ticos, po\u00e9ticos y sapienciales del Antiguo Testamento se completa el breve pero profundo comentario a esta parte de la Biblia. Con un lenguaje \u00e1gil y accesible incluso a lectores no especialistas, pero con profundidad y solvencias exeg\u00e9ticas, tratan de proporcionar las claves principales para leer y comprender adecuadamente el texto b\u00edblico.","og_url":"https:\/\/libreriaguadalupe.com.ar\/libreria\/producto\/comentario-al-antiguo-testamento-ii-2\/","og_site_name":"Editorial Guadalupe de Argentina","article_publisher":"https:\/\/www.facebook.com\/LibreriaGuadalupeAR\/","article_modified_time":"2024-07-01T14:25:22+00:00","og_image":[{"width":380,"height":586,"url":"https:\/\/libreriaguadalupe.com.ar\/libreria\/wp-content\/uploads\/2023\/02\/Comentario-al-Antiguo-Testamento-II.jpg","type":"image\/jpeg"}],"twitter_card":"summary_large_image","twitter_misc":{"Tiempo de lectura":"1 minuto"},"schema":{"@context":"https:\/\/schema.org","@graph":[{"@type":"WebPage","@id":"https:\/\/libreriaguadalupe.com.ar\/libreria\/producto\/comentario-al-antiguo-testamento-ii-2\/","url":"https:\/\/libreriaguadalupe.com.ar\/libreria\/producto\/comentario-al-antiguo-testamento-ii-2\/","name":"Comentario al Antiguo Testamento II - Editorial Guadalupe de Argentina","isPartOf":{"@id":"https:\/\/libreriaguadalupe.com.ar\/libreria\/#website"},"primaryImageOfPage":{"@id":"https:\/\/libreriaguadalupe.com.ar\/libreria\/producto\/comentario-al-antiguo-testamento-ii-2\/#primaryimage"},"image":{"@id":"https:\/\/libreriaguadalupe.com.ar\/libreria\/producto\/comentario-al-antiguo-testamento-ii-2\/#primaryimage"},"thumbnailUrl":"https:\/\/i0.wp.com\/libreriaguadalupe.com.ar\/libreria\/wp-content\/uploads\/2023\/02\/Comentario-al-Antiguo-Testamento-II.jpg?fit=380%2C586&ssl=1","datePublished":"2023-02-07T13:54:45+00:00","dateModified":"2024-07-01T14:25:22+00:00","description":"Con este volumen de comentarios a los libros prof\u00e9ticos, po\u00e9ticos y sapienciales del Antiguo Testamento se completa el breve pero profundo comentario a esta parte de la Biblia. Con un lenguaje \u00e1gil y accesible incluso a lectores no especialistas, pero con profundidad y solvencias exeg\u00e9ticas, tratan de proporcionar las claves principales para leer y comprender adecuadamente el texto b\u00edblico.","breadcrumb":{"@id":"https:\/\/libreriaguadalupe.com.ar\/libreria\/producto\/comentario-al-antiguo-testamento-ii-2\/#breadcrumb"},"inLanguage":"es","potentialAction":[{"@type":"ReadAction","target":["https:\/\/libreriaguadalupe.com.ar\/libreria\/producto\/comentario-al-antiguo-testamento-ii-2\/"]}]},{"@type":"ImageObject","inLanguage":"es","@id":"https:\/\/libreriaguadalupe.com.ar\/libreria\/producto\/comentario-al-antiguo-testamento-ii-2\/#primaryimage","url":"https:\/\/i0.wp.com\/libreriaguadalupe.com.ar\/libreria\/wp-content\/uploads\/2023\/02\/Comentario-al-Antiguo-Testamento-II.jpg?fit=380%2C586&ssl=1","contentUrl":"https:\/\/i0.wp.com\/libreriaguadalupe.com.ar\/libreria\/wp-content\/uploads\/2023\/02\/Comentario-al-Antiguo-Testamento-II.jpg?fit=380%2C586&ssl=1","width":380,"height":586},{"@type":"BreadcrumbList","@id":"https:\/\/libreriaguadalupe.com.ar\/libreria\/producto\/comentario-al-antiguo-testamento-ii-2\/#breadcrumb","itemListElement":[{"@type":"ListItem","position":1,"name":"Portada","item":"https:\/\/libreriaguadalupe.com.ar\/libreria\/"},{"@type":"ListItem","position":2,"name":"Tienda","item":"https:\/\/libreriaguadalupe.com.ar\/libreria\/"},{"@type":"ListItem","position":3,"name":"Comentario al Antiguo Testamento II"}]},{"@type":"WebSite","@id":"https:\/\/libreriaguadalupe.com.ar\/libreria\/#website","url":"https:\/\/libreriaguadalupe.com.ar\/libreria\/","name":"Editorial Guadalupe de Argentina","description":"Congregaci\u00f3n del Verbo Divino","publisher":{"@id":"https:\/\/libreriaguadalupe.com.ar\/libreria\/#organization"},"alternateName":"Librer\u00eda Guadalupe","potentialAction":[{"@type":"SearchAction","target":{"@type":"EntryPoint","urlTemplate":"https:\/\/libreriaguadalupe.com.ar\/libreria\/?s={search_term_string}"},"query-input":{"@type":"PropertyValueSpecification","valueRequired":true,"valueName":"search_term_string"}}],"inLanguage":"es"},{"@type":"Organization","@id":"https:\/\/libreriaguadalupe.com.ar\/libreria\/#organization","name":"Editorial Guadalupe","alternateName":"Librer\u00eda Guadalupe","url":"https:\/\/libreriaguadalupe.com.ar\/libreria\/","logo":{"@type":"ImageObject","inLanguage":"es","@id":"https:\/\/libreriaguadalupe.com.ar\/libreria\/#\/schema\/logo\/image\/","url":"https:\/\/i0.wp.com\/libreriaguadalupe.com.ar\/libreria\/wp-content\/uploads\/2023\/01\/cropped-logo-editorial-guadalupe.webp?fit=500%2C100&ssl=1","contentUrl":"https:\/\/i0.wp.com\/libreriaguadalupe.com.ar\/libreria\/wp-content\/uploads\/2023\/01\/cropped-logo-editorial-guadalupe.webp?fit=500%2C100&ssl=1","width":500,"height":100,"caption":"Editorial Guadalupe"},"image":{"@id":"https:\/\/libreriaguadalupe.com.ar\/libreria\/#\/schema\/logo\/image\/"},"sameAs":["https:\/\/www.facebook.com\/LibreriaGuadalupeAR\/","https:\/\/www.instagram.com\/editorialguadalupe\/","https:\/\/guadalupeeditorial.mercadoshops.com.ar\/"]}]}},"jetpack_publicize_connections":[],"jetpack_sharing_enabled":true,"jetpack-related-posts":[{"id":15576,"url":"https:\/\/libreriaguadalupe.com.ar\/libreria\/producto\/biblia-del-peregrino-i-2\/","url_meta":{"origin":14819,"position":0},"title":"Biblia del Peregrino  I","author":"admin","date":"07\/02\/2023","format":false,"excerpt":"Edici\u00f3n de Estudio Antiguo Testamento. Prosa Autor: Luis Alonso Sch\u00f6kel ISBN: 8481691252 Dimensiones: 17,5 x 24,5 cm P\u00e1ginas: 1096","rel":"","context":"Entrada similar","block_context":{"text":"Entrada similar","link":""},"img":{"alt_text":"","src":"https:\/\/i0.wp.com\/libreriaguadalupe.com.ar\/libreria\/wp-content\/uploads\/1674\/33\/37.jpg?fit=281%2C401&ssl=1&resize=350%2C200","width":350,"height":200},"classes":[]},{"id":16864,"url":"https:\/\/libreriaguadalupe.com.ar\/libreria\/producto\/biblia-del-peregrino-i-i\/","url_meta":{"origin":14819,"position":1},"title":"Biblia del Peregrino I I","author":"admin","date":"23\/03\/2023","format":false,"excerpt":"Edici\u00f3n de Estudio Antiguo Testamento. Poes\u00eda Autor: Luis Alonso Sch\u00f6kel ISBN: 8481691719 Dimensiones: 17,5 x 24,5 cm P\u00e1ginas: 1152","rel":"","context":"Entrada similar","block_context":{"text":"Entrada similar","link":""},"img":{"alt_text":"","src":"https:\/\/i0.wp.com\/libreriaguadalupe.com.ar\/libreria\/wp-content\/uploads\/2023\/03\/BIBLIA-DEL-PEREGRINO-II.jpg?fit=380%2C586&ssl=1&resize=350%2C200","width":350,"height":200},"classes":[]},{"id":16839,"url":"https:\/\/libreriaguadalupe.com.ar\/libreria\/producto\/a-la-biblia-por-la-liturgia-comentarios\/","url_meta":{"origin":14819,"position":2},"title":"A la Biblia por la liturgia. Comentarios","author":"admin","date":"22\/03\/2023","format":false,"excerpt":"(A\u00f1o impar) Comentarios a las primeras lecturas de las misas del tiempo ordinario Autor: Antonio Rodr\u00edguez Carmona ISBN: 8490734735 Dimensiones: 15,5 x 24 cm P\u00e1ginas: 312","rel":"","context":"Entrada similar","block_context":{"text":"Entrada similar","link":""},"img":{"alt_text":"","src":"https:\/\/i0.wp.com\/libreriaguadalupe.com.ar\/libreria\/wp-content\/uploads\/2023\/03\/A-la-Biblia-por-la-liturgia.-Comentarios.jpg?fit=380%2C586&ssl=1&resize=350%2C200","width":350,"height":200},"classes":[]},{"id":16867,"url":"https:\/\/libreriaguadalupe.com.ar\/libreria\/producto\/biblia-hebraica-quinta-bhq-13\/","url_meta":{"origin":14819,"position":3},"title":"Biblia Hebraica Quinta (BHQ) \/ 13.","author":"admin","date":"23\/03\/2023","format":false,"excerpt":"The Twelve Minor Prophets Idioma: hebreo Autor: Anthony Gelston ISBN: 3438052735 Dimensiones: 15,8 x 23,7 cm P\u00e1ginas: 320","rel":"","context":"Entrada similar","block_context":{"text":"Entrada similar","link":""},"img":{"alt_text":"","src":"https:\/\/i0.wp.com\/libreriaguadalupe.com.ar\/libreria\/wp-content\/uploads\/2023\/03\/Biblia-Hebraica-Quinta-13.png?fit=200%2C308&ssl=1&resize=350%2C200","width":350,"height":200},"classes":[]},{"id":16870,"url":"https:\/\/libreriaguadalupe.com.ar\/libreria\/producto\/biblia-hebraica-quinta-bhq-20\/","url_meta":{"origin":14819,"position":4},"title":"Biblia Hebraica Quinta (BHQ) \/ 20","author":"admin","date":"23\/03\/2023","format":false,"excerpt":"Ezra and Nehemiah Idioma: hebreo Autor: David Marcus ISBN: 3438052806 Dimensiones: 15,8 x 23,7 cm P\u00e1ginas: 170","rel":"","context":"Entrada similar","block_context":{"text":"Entrada similar","link":""},"img":{"alt_text":"","src":"https:\/\/i0.wp.com\/libreriaguadalupe.com.ar\/libreria\/wp-content\/uploads\/2023\/03\/Biblia-Hebraica-Quinta-20.png?fit=200%2C312&ssl=1&resize=350%2C200","width":350,"height":200},"classes":[]},{"id":16873,"url":"https:\/\/libreriaguadalupe.com.ar\/libreria\/producto\/biblia-hebraica-quinta-bhq-5\/","url_meta":{"origin":14819,"position":5},"title":"Biblia Hebraica Quinta (BHQ) \/ 5","author":"admin","date":"23\/03\/2023","format":false,"excerpt":"Deuteronomy Idioma: hebreo Autor: Carmel McCarthy ISBN: 3438052650 Dimensiones: 15,8 x 23,7 cm P\u00e1ginas: 320","rel":"","context":"Entrada similar","block_context":{"text":"Entrada similar","link":""},"img":{"alt_text":"","src":"https:\/\/i0.wp.com\/libreriaguadalupe.com.ar\/libreria\/wp-content\/uploads\/2023\/03\/Biblia-Hebraica-Quinta-5.png?fit=200%2C310&ssl=1&resize=350%2C200","width":350,"height":200},"classes":[]}],"_links":{"self":[{"href":"https:\/\/libreriaguadalupe.com.ar\/libreria\/wp-json\/wp\/v2\/product\/14819","targetHints":{"allow":["GET"]}}],"collection":[{"href":"https:\/\/libreriaguadalupe.com.ar\/libreria\/wp-json\/wp\/v2\/product"}],"about":[{"href":"https:\/\/libreriaguadalupe.com.ar\/libreria\/wp-json\/wp\/v2\/types\/product"}],"replies":[{"embeddable":true,"href":"https:\/\/libreriaguadalupe.com.ar\/libreria\/wp-json\/wp\/v2\/comments?post=14819"}],"version-history":[{"count":3,"href":"https:\/\/libreriaguadalupe.com.ar\/libreria\/wp-json\/wp\/v2\/product\/14819\/revisions"}],"predecessor-version":[{"id":16900,"href":"https:\/\/libreriaguadalupe.com.ar\/libreria\/wp-json\/wp\/v2\/product\/14819\/revisions\/16900"}],"wp:featuredmedia":[{"embeddable":true,"href":"https:\/\/libreriaguadalupe.com.ar\/libreria\/wp-json\/wp\/v2\/media\/16898"}],"wp:attachment":[{"href":"https:\/\/libreriaguadalupe.com.ar\/libreria\/wp-json\/wp\/v2\/media?parent=14819"}],"wp:term":[{"taxonomy":"product_brand","embeddable":true,"href":"https:\/\/libreriaguadalupe.com.ar\/libreria\/wp-json\/wp\/v2\/product_brand?post=14819"},{"taxonomy":"product_cat","embeddable":true,"href":"https:\/\/libreriaguadalupe.com.ar\/libreria\/wp-json\/wp\/v2\/product_cat?post=14819"},{"taxonomy":"product_tag","embeddable":true,"href":"https:\/\/libreriaguadalupe.com.ar\/libreria\/wp-json\/wp\/v2\/product_tag?post=14819"}],"curies":[{"name":"wp","href":"https:\/\/api.w.org\/{rel}","templated":true}]}}