{"id":14714,"date":"2023-02-07T10:54:35","date_gmt":"2023-02-07T13:54:35","guid":{"rendered":"https:\/\/libreriaguadalupe.com.ar\/libreria\/?post_type=product&#038;p=14714"},"modified":"2026-01-13T01:01:19","modified_gmt":"2026-01-13T04:01:19","slug":"365-pensamientos-sanadores-2","status":"publish","type":"product","link":"https:\/\/libreriaguadalupe.com.ar\/libreria\/producto\/365-pensamientos-sanadores-2\/","title":{"rendered":"365 Pensamientos sanadores"},"content":{"rendered":"<p>\u201cCuando uno ha realizado un largo viaje, necesita reposo, a causa del cansancio acumulado. Quiz\u00e1s tu tambi\u00e9n est\u00e9s experimentando, en esta etapa de tu peregrinar terreno, alguna forma de desaliento. Por eso, unos minutos de meditaci\u00f3n diaria te ayudar\u00e1n a aprender a descansar entre los brazos de Dios\u201d, afirma Gustavo E. Jamut.<\/p>\n<p>En estas p\u00e1ginas, el autor ofrece 365 reflexiones que servir\u00e1n al lector para ofrecerle a Dios, cada d\u00eda, el santuario interior de su alma, donde queda registrado todo el caminar de la vida. \u201cUn transitar signado con las huellas invisibles e indelebles de alegr\u00edas y pesares, que s\u00f3lo t\u00fa y el Se\u00f1or conocen en profundidad. Prepara tu coraz\u00f3n, pues cada d\u00eda el Se\u00f1or te entrega un mensaje nuevo y diferente, mediante el cual \u00e9l te hablar\u00e1, te invitar\u00e1 a disponerte para recibir una gracia, sanar\u00e1 una herida, te librar\u00e1 de un pesar, traer\u00e1 nueva luz a tu mente. Seguramente, despu\u00e9s de caminar estos 365 d\u00edas, notar\u00e1s cambios asombrosos en tu vida\u201d.<\/p>\n<p>Autor Jamut Gustavo<\/p>\n","protected":false},"excerpt":{"rendered":"<h5>El autor ofrece 365 reflexiones que servir\u00e1n al lector para ofrecerle a Dios, cada d\u00eda, el santuario interior de su alma, donde queda registrado todo el caminar de la vida.<\/h5>\n<p>AUTOR: Jamut Gustavo<\/p>\n<p>ISBN: 9876670326<\/p>\n","protected":false},"featured_media":14095,"comment_status":"open","ping_status":"closed","template":"","meta":{"jetpack_publicize_message":"","jetpack_publicize_feature_enabled":true,"jetpack_social_post_already_shared":false,"jetpack_social_options":{"image_generator_settings":{"template":"highway","default_image_id":0,"font":"","enabled":false},"version":2}},"product_brand":[],"product_cat":[88,121],"product_tag":[127],"class_list":{"0":"post-14714","1":"product","2":"type-product","3":"status-publish","4":"has-post-thumbnail","6":"product_cat-espiritualidad-cultura-social","7":"product_cat-guadalupe","8":"product_tag-editorial-guadalupe-de-argentina","10":"first","11":"instock","12":"shipping-taxable","13":"purchasable","14":"product-type-simple"},"yoast_head":"<!-- This site is optimized with the Yoast SEO plugin v27.4 - https:\/\/yoast.com\/product\/yoast-seo-wordpress\/ -->\n<title>365 Pensamientos sanadores - Editorial Guadalupe de Argentina<\/title>\n<meta name=\"robots\" content=\"index, follow, max-snippet:-1, max-image-preview:large, max-video-preview:-1\" \/>\n<link rel=\"canonical\" href=\"https:\/\/libreriaguadalupe.com.ar\/libreria\/producto\/365-pensamientos-sanadores-2\/\" \/>\n<meta property=\"og:locale\" content=\"es_ES\" \/>\n<meta property=\"og:type\" content=\"article\" \/>\n<meta property=\"og:title\" content=\"365 Pensamientos sanadores - Editorial Guadalupe de Argentina\" \/>\n<meta property=\"og:description\" content=\"El autor ofrece 365 reflexiones que servir\u00e1n al lector para ofrecerle a Dios, cada d\u00eda, el santuario interior de su alma, donde queda registrado todo el caminar de la vida. AUTOR: Jamut Gustavo  ISBN: 9876670326\" \/>\n<meta property=\"og:url\" content=\"https:\/\/libreriaguadalupe.com.ar\/libreria\/producto\/365-pensamientos-sanadores-2\/\" \/>\n<meta property=\"og:site_name\" content=\"Editorial Guadalupe de Argentina\" \/>\n<meta property=\"article:publisher\" content=\"https:\/\/www.facebook.com\/LibreriaGuadalupeAR\/\" \/>\n<meta property=\"article:modified_time\" content=\"2026-01-13T04:01:19+00:00\" \/>\n<meta property=\"og:image\" content=\"https:\/\/libreriaguadalupe.com.ar\/libreria\/wp-content\/uploads\/2023\/01\/170.jpg\" \/>\n\t<meta property=\"og:image:width\" content=\"630\" \/>\n\t<meta property=\"og:image:height\" content=\"800\" \/>\n\t<meta property=\"og:image:type\" content=\"image\/jpeg\" \/>\n<meta name=\"twitter:card\" content=\"summary_large_image\" \/>\n<meta name=\"twitter:label1\" content=\"Tiempo de lectura\" \/>\n\t<meta name=\"twitter:data1\" content=\"1 minuto\" \/>\n<script type=\"application\/ld+json\" class=\"yoast-schema-graph\">{\"@context\":\"https:\\\/\\\/schema.org\",\"@graph\":[{\"@type\":\"WebPage\",\"@id\":\"https:\\\/\\\/libreriaguadalupe.com.ar\\\/libreria\\\/producto\\\/365-pensamientos-sanadores-2\\\/\",\"url\":\"https:\\\/\\\/libreriaguadalupe.com.ar\\\/libreria\\\/producto\\\/365-pensamientos-sanadores-2\\\/\",\"name\":\"365 Pensamientos sanadores - Editorial Guadalupe de Argentina\",\"isPartOf\":{\"@id\":\"https:\\\/\\\/libreriaguadalupe.com.ar\\\/libreria\\\/#website\"},\"primaryImageOfPage\":{\"@id\":\"https:\\\/\\\/libreriaguadalupe.com.ar\\\/libreria\\\/producto\\\/365-pensamientos-sanadores-2\\\/#primaryimage\"},\"image\":{\"@id\":\"https:\\\/\\\/libreriaguadalupe.com.ar\\\/libreria\\\/producto\\\/365-pensamientos-sanadores-2\\\/#primaryimage\"},\"thumbnailUrl\":\"https:\\\/\\\/i0.wp.com\\\/libreriaguadalupe.com.ar\\\/libreria\\\/wp-content\\\/uploads\\\/2023\\\/01\\\/170.jpg?fit=630%2C800&ssl=1\",\"datePublished\":\"2023-02-07T13:54:35+00:00\",\"dateModified\":\"2026-01-13T04:01:19+00:00\",\"breadcrumb\":{\"@id\":\"https:\\\/\\\/libreriaguadalupe.com.ar\\\/libreria\\\/producto\\\/365-pensamientos-sanadores-2\\\/#breadcrumb\"},\"inLanguage\":\"es\",\"potentialAction\":[{\"@type\":\"ReadAction\",\"target\":[\"https:\\\/\\\/libreriaguadalupe.com.ar\\\/libreria\\\/producto\\\/365-pensamientos-sanadores-2\\\/\"]}]},{\"@type\":\"ImageObject\",\"inLanguage\":\"es\",\"@id\":\"https:\\\/\\\/libreriaguadalupe.com.ar\\\/libreria\\\/producto\\\/365-pensamientos-sanadores-2\\\/#primaryimage\",\"url\":\"https:\\\/\\\/i0.wp.com\\\/libreriaguadalupe.com.ar\\\/libreria\\\/wp-content\\\/uploads\\\/2023\\\/01\\\/170.jpg?fit=630%2C800&ssl=1\",\"contentUrl\":\"https:\\\/\\\/i0.wp.com\\\/libreriaguadalupe.com.ar\\\/libreria\\\/wp-content\\\/uploads\\\/2023\\\/01\\\/170.jpg?fit=630%2C800&ssl=1\",\"width\":630,\"height\":800},{\"@type\":\"BreadcrumbList\",\"@id\":\"https:\\\/\\\/libreriaguadalupe.com.ar\\\/libreria\\\/producto\\\/365-pensamientos-sanadores-2\\\/#breadcrumb\",\"itemListElement\":[{\"@type\":\"ListItem\",\"position\":1,\"name\":\"Portada\",\"item\":\"https:\\\/\\\/libreriaguadalupe.com.ar\\\/libreria\\\/\"},{\"@type\":\"ListItem\",\"position\":2,\"name\":\"Tienda\",\"item\":\"https:\\\/\\\/libreriaguadalupe.com.ar\\\/libreria\\\/\"},{\"@type\":\"ListItem\",\"position\":3,\"name\":\"365 Pensamientos sanadores\"}]},{\"@type\":\"WebSite\",\"@id\":\"https:\\\/\\\/libreriaguadalupe.com.ar\\\/libreria\\\/#website\",\"url\":\"https:\\\/\\\/libreriaguadalupe.com.ar\\\/libreria\\\/\",\"name\":\"Editorial Guadalupe de Argentina\",\"description\":\"Congregaci\u00f3n del Verbo Divino\",\"publisher\":{\"@id\":\"https:\\\/\\\/libreriaguadalupe.com.ar\\\/libreria\\\/#organization\"},\"alternateName\":\"Librer\u00eda Guadalupe\",\"potentialAction\":[{\"@type\":\"SearchAction\",\"target\":{\"@type\":\"EntryPoint\",\"urlTemplate\":\"https:\\\/\\\/libreriaguadalupe.com.ar\\\/libreria\\\/?s={search_term_string}\"},\"query-input\":{\"@type\":\"PropertyValueSpecification\",\"valueRequired\":true,\"valueName\":\"search_term_string\"}}],\"inLanguage\":\"es\"},{\"@type\":\"Organization\",\"@id\":\"https:\\\/\\\/libreriaguadalupe.com.ar\\\/libreria\\\/#organization\",\"name\":\"Editorial Guadalupe\",\"alternateName\":\"Librer\u00eda Guadalupe\",\"url\":\"https:\\\/\\\/libreriaguadalupe.com.ar\\\/libreria\\\/\",\"logo\":{\"@type\":\"ImageObject\",\"inLanguage\":\"es\",\"@id\":\"https:\\\/\\\/libreriaguadalupe.com.ar\\\/libreria\\\/#\\\/schema\\\/logo\\\/image\\\/\",\"url\":\"https:\\\/\\\/i0.wp.com\\\/libreriaguadalupe.com.ar\\\/libreria\\\/wp-content\\\/uploads\\\/2023\\\/01\\\/cropped-logo-editorial-guadalupe.webp?fit=500%2C100&ssl=1\",\"contentUrl\":\"https:\\\/\\\/i0.wp.com\\\/libreriaguadalupe.com.ar\\\/libreria\\\/wp-content\\\/uploads\\\/2023\\\/01\\\/cropped-logo-editorial-guadalupe.webp?fit=500%2C100&ssl=1\",\"width\":500,\"height\":100,\"caption\":\"Editorial Guadalupe\"},\"image\":{\"@id\":\"https:\\\/\\\/libreriaguadalupe.com.ar\\\/libreria\\\/#\\\/schema\\\/logo\\\/image\\\/\"},\"sameAs\":[\"https:\\\/\\\/www.facebook.com\\\/LibreriaGuadalupeAR\\\/\",\"https:\\\/\\\/www.instagram.com\\\/editorialguadalupe\\\/\",\"https:\\\/\\\/guadalupeeditorial.mercadoshops.com.ar\\\/\"]}]}<\/script>\n<!-- \/ Yoast SEO plugin. -->","yoast_head_json":{"title":"365 Pensamientos sanadores - Editorial Guadalupe de Argentina","robots":{"index":"index","follow":"follow","max-snippet":"max-snippet:-1","max-image-preview":"max-image-preview:large","max-video-preview":"max-video-preview:-1"},"canonical":"https:\/\/libreriaguadalupe.com.ar\/libreria\/producto\/365-pensamientos-sanadores-2\/","og_locale":"es_ES","og_type":"article","og_title":"365 Pensamientos sanadores - Editorial Guadalupe de Argentina","og_description":"El autor ofrece 365 reflexiones que servir\u00e1n al lector para ofrecerle a Dios, cada d\u00eda, el santuario interior de su alma, donde queda registrado todo el caminar de la vida. AUTOR: Jamut Gustavo  ISBN: 9876670326","og_url":"https:\/\/libreriaguadalupe.com.ar\/libreria\/producto\/365-pensamientos-sanadores-2\/","og_site_name":"Editorial Guadalupe de Argentina","article_publisher":"https:\/\/www.facebook.com\/LibreriaGuadalupeAR\/","article_modified_time":"2026-01-13T04:01:19+00:00","og_image":[{"width":630,"height":800,"url":"https:\/\/libreriaguadalupe.com.ar\/libreria\/wp-content\/uploads\/2023\/01\/170.jpg","type":"image\/jpeg"}],"twitter_card":"summary_large_image","twitter_misc":{"Tiempo de lectura":"1 minuto"},"schema":{"@context":"https:\/\/schema.org","@graph":[{"@type":"WebPage","@id":"https:\/\/libreriaguadalupe.com.ar\/libreria\/producto\/365-pensamientos-sanadores-2\/","url":"https:\/\/libreriaguadalupe.com.ar\/libreria\/producto\/365-pensamientos-sanadores-2\/","name":"365 Pensamientos sanadores - Editorial Guadalupe de Argentina","isPartOf":{"@id":"https:\/\/libreriaguadalupe.com.ar\/libreria\/#website"},"primaryImageOfPage":{"@id":"https:\/\/libreriaguadalupe.com.ar\/libreria\/producto\/365-pensamientos-sanadores-2\/#primaryimage"},"image":{"@id":"https:\/\/libreriaguadalupe.com.ar\/libreria\/producto\/365-pensamientos-sanadores-2\/#primaryimage"},"thumbnailUrl":"https:\/\/i0.wp.com\/libreriaguadalupe.com.ar\/libreria\/wp-content\/uploads\/2023\/01\/170.jpg?fit=630%2C800&ssl=1","datePublished":"2023-02-07T13:54:35+00:00","dateModified":"2026-01-13T04:01:19+00:00","breadcrumb":{"@id":"https:\/\/libreriaguadalupe.com.ar\/libreria\/producto\/365-pensamientos-sanadores-2\/#breadcrumb"},"inLanguage":"es","potentialAction":[{"@type":"ReadAction","target":["https:\/\/libreriaguadalupe.com.ar\/libreria\/producto\/365-pensamientos-sanadores-2\/"]}]},{"@type":"ImageObject","inLanguage":"es","@id":"https:\/\/libreriaguadalupe.com.ar\/libreria\/producto\/365-pensamientos-sanadores-2\/#primaryimage","url":"https:\/\/i0.wp.com\/libreriaguadalupe.com.ar\/libreria\/wp-content\/uploads\/2023\/01\/170.jpg?fit=630%2C800&ssl=1","contentUrl":"https:\/\/i0.wp.com\/libreriaguadalupe.com.ar\/libreria\/wp-content\/uploads\/2023\/01\/170.jpg?fit=630%2C800&ssl=1","width":630,"height":800},{"@type":"BreadcrumbList","@id":"https:\/\/libreriaguadalupe.com.ar\/libreria\/producto\/365-pensamientos-sanadores-2\/#breadcrumb","itemListElement":[{"@type":"ListItem","position":1,"name":"Portada","item":"https:\/\/libreriaguadalupe.com.ar\/libreria\/"},{"@type":"ListItem","position":2,"name":"Tienda","item":"https:\/\/libreriaguadalupe.com.ar\/libreria\/"},{"@type":"ListItem","position":3,"name":"365 Pensamientos sanadores"}]},{"@type":"WebSite","@id":"https:\/\/libreriaguadalupe.com.ar\/libreria\/#website","url":"https:\/\/libreriaguadalupe.com.ar\/libreria\/","name":"Editorial Guadalupe de Argentina","description":"Congregaci\u00f3n del Verbo Divino","publisher":{"@id":"https:\/\/libreriaguadalupe.com.ar\/libreria\/#organization"},"alternateName":"Librer\u00eda Guadalupe","potentialAction":[{"@type":"SearchAction","target":{"@type":"EntryPoint","urlTemplate":"https:\/\/libreriaguadalupe.com.ar\/libreria\/?s={search_term_string}"},"query-input":{"@type":"PropertyValueSpecification","valueRequired":true,"valueName":"search_term_string"}}],"inLanguage":"es"},{"@type":"Organization","@id":"https:\/\/libreriaguadalupe.com.ar\/libreria\/#organization","name":"Editorial Guadalupe","alternateName":"Librer\u00eda Guadalupe","url":"https:\/\/libreriaguadalupe.com.ar\/libreria\/","logo":{"@type":"ImageObject","inLanguage":"es","@id":"https:\/\/libreriaguadalupe.com.ar\/libreria\/#\/schema\/logo\/image\/","url":"https:\/\/i0.wp.com\/libreriaguadalupe.com.ar\/libreria\/wp-content\/uploads\/2023\/01\/cropped-logo-editorial-guadalupe.webp?fit=500%2C100&ssl=1","contentUrl":"https:\/\/i0.wp.com\/libreriaguadalupe.com.ar\/libreria\/wp-content\/uploads\/2023\/01\/cropped-logo-editorial-guadalupe.webp?fit=500%2C100&ssl=1","width":500,"height":100,"caption":"Editorial Guadalupe"},"image":{"@id":"https:\/\/libreriaguadalupe.com.ar\/libreria\/#\/schema\/logo\/image\/"},"sameAs":["https:\/\/www.facebook.com\/LibreriaGuadalupeAR\/","https:\/\/www.instagram.com\/editorialguadalupe\/","https:\/\/guadalupeeditorial.mercadoshops.com.ar\/"]}]}},"jetpack_publicize_connections":[],"jetpack_sharing_enabled":true,"jetpack-related-posts":[{"id":14937,"url":"https:\/\/libreriaguadalupe.com.ar\/libreria\/producto\/365-dias-con-la-virgen-maria-2\/","url_meta":{"origin":14714,"position":0},"title":"365 d\u00edas con la Virgen Maria","author":"admin","date":"07\/02\/2023","format":false,"excerpt":"Es un libro para rezar y para volver a escribirlo de la mano de Mar\u00eda, a fin de reconocer los hermosos trazos de la voluntad diaria de Dios en la vida. AUTOR: GUSTAVO JAMUT ISBN: 9505007301","rel":"","context":"Entrada similar","block_context":{"text":"Entrada similar","link":""},"img":{"alt_text":"","src":"https:\/\/i0.wp.com\/libreriaguadalupe.com.ar\/libreria\/wp-content\/uploads\/2023\/01\/483.webp?fit=458%2C458&ssl=1&resize=350%2C200","width":350,"height":200},"classes":[]},{"id":17548,"url":"https:\/\/libreriaguadalupe.com.ar\/libreria\/producto\/es-el-senor-rosario-biblico\/","url_meta":{"origin":14714,"position":1},"title":"\u00a1ES EL SE\u00d1OR! Rosario B\u00edblico","author":"admin","date":"12\/10\/2023","format":false,"excerpt":"\u00a0 Autor: AUGUSTO JOS\u00c9 ISBN: 978-950-500-907-7 Dimensiones: 11 x 17 cm P\u00e1ginas: 38","rel":"","context":"Entrada similar","block_context":{"text":"Entrada similar","link":""},"img":{"alt_text":"","src":"https:\/\/i0.wp.com\/libreriaguadalupe.com.ar\/libreria\/wp-content\/uploads\/2023\/10\/MES-DE-LA-BIBLIA-2024-guada3.jpg?fit=470%2C470&ssl=1&resize=350%2C200","width":350,"height":200},"classes":[]},{"id":15475,"url":"https:\/\/libreriaguadalupe.com.ar\/libreria\/producto\/jesus-maestro-senor-resucitado-2\/","url_meta":{"origin":14714,"position":2},"title":"Jesus, Maestro, Senor resucitado","author":"admin","date":"07\/02\/2023","format":false,"excerpt":"AUTOR: Equipo B\u00edblico - Ed. Guadalupe ISBN: 9505007400","rel":"","context":"Entrada similar","block_context":{"text":"Entrada similar","link":""},"img":{"alt_text":"","src":"https:\/\/i0.wp.com\/libreriaguadalupe.com.ar\/libreria\/wp-content\/uploads\/2023\/02\/JesusMaestroSenioResucitado_01122016.jpg?fit=804%2C1200&ssl=1&resize=350%2C200","width":350,"height":200,"srcset":"https:\/\/i0.wp.com\/libreriaguadalupe.com.ar\/libreria\/wp-content\/uploads\/2023\/02\/JesusMaestroSenioResucitado_01122016.jpg?fit=804%2C1200&ssl=1&resize=350%2C200 1x, https:\/\/i0.wp.com\/libreriaguadalupe.com.ar\/libreria\/wp-content\/uploads\/2023\/02\/JesusMaestroSenioResucitado_01122016.jpg?fit=804%2C1200&ssl=1&resize=525%2C300 1.5x, https:\/\/i0.wp.com\/libreriaguadalupe.com.ar\/libreria\/wp-content\/uploads\/2023\/02\/JesusMaestroSenioResucitado_01122016.jpg?fit=804%2C1200&ssl=1&resize=700%2C400 2x"},"classes":[]},{"id":16063,"url":"https:\/\/libreriaguadalupe.com.ar\/libreria\/producto\/asumir-para-transformar\/","url_meta":{"origin":14714,"position":3},"title":"Asumir para transformar","author":"admin","date":"12\/02\/2023","format":false,"excerpt":"Psico-teolog\u00eda de la conversi\u00f3n y la madurez afectiva (Predicaciones n\u00ba 10) AUTOR: CLAUDIO RIZZO ISBN: 9505008353","rel":"","context":"Entrada similar","block_context":{"text":"Entrada similar","link":""},"img":{"alt_text":"","src":"https:\/\/i0.wp.com\/libreriaguadalupe.com.ar\/libreria\/wp-content\/uploads\/2023\/02\/ASUMIR-PARA-TRANSFORMAR.jpg?fit=351%2C500&ssl=1&resize=350%2C200","width":350,"height":200},"classes":[]},{"id":12950,"url":"https:\/\/libreriaguadalupe.com.ar\/libreria\/producto\/en-medio-de-la-asamblea\/","url_meta":{"origin":14714,"position":4},"title":"En medio de la asamblea","author":"admin","date":"18\/01\/2023","format":false,"excerpt":"Homil\u00edas A-B-C Autor: Guillermo Guti\u00e9rrez Andr\u00e9s ISBN: 8471518804 Dimensiones: 15,5 x 24 cm P\u00e1ginas: 440","rel":"","context":"Entrada similar","block_context":{"text":"Entrada similar","link":""},"img":{"alt_text":"","src":"https:\/\/i0.wp.com\/libreriaguadalupe.com.ar\/libreria\/wp-content\/uploads\/2023\/01\/En-medio-de-la-asamblea.jpg?fit=288%2C470&ssl=1&resize=350%2C200","width":350,"height":200},"classes":[]},{"id":16817,"url":"https:\/\/libreriaguadalupe.com.ar\/libreria\/producto\/dios-perdona-y-olvida\/","url_meta":{"origin":14714,"position":5},"title":"Dios Perdona Y Olvida","author":"admin","date":"22\/03\/2023","format":false,"excerpt":"El Perd\u00f3n y el Amor de Dios Serie: Predicaciones Autor: Claudio Rizzo ISBN: 9789505008216 Dimensiones: 14 x 20 cm P\u00e1ginas: 80","rel":"","context":"Entrada similar","block_context":{"text":"Entrada similar","link":""},"img":{"alt_text":"","src":"https:\/\/i0.wp.com\/libreriaguadalupe.com.ar\/libreria\/wp-content\/uploads\/2023\/03\/Dios-Perdona-Y-Olvida.jpeg?fit=342%2C500&ssl=1&resize=350%2C200","width":350,"height":200},"classes":[]}],"_links":{"self":[{"href":"https:\/\/libreriaguadalupe.com.ar\/libreria\/wp-json\/wp\/v2\/product\/14714","targetHints":{"allow":["GET"]}}],"collection":[{"href":"https:\/\/libreriaguadalupe.com.ar\/libreria\/wp-json\/wp\/v2\/product"}],"about":[{"href":"https:\/\/libreriaguadalupe.com.ar\/libreria\/wp-json\/wp\/v2\/types\/product"}],"replies":[{"embeddable":true,"href":"https:\/\/libreriaguadalupe.com.ar\/libreria\/wp-json\/wp\/v2\/comments?post=14714"}],"version-history":[{"count":3,"href":"https:\/\/libreriaguadalupe.com.ar\/libreria\/wp-json\/wp\/v2\/product\/14714\/revisions"}],"predecessor-version":[{"id":16029,"href":"https:\/\/libreriaguadalupe.com.ar\/libreria\/wp-json\/wp\/v2\/product\/14714\/revisions\/16029"}],"wp:featuredmedia":[{"embeddable":true,"href":"https:\/\/libreriaguadalupe.com.ar\/libreria\/wp-json\/wp\/v2\/media\/14095"}],"wp:attachment":[{"href":"https:\/\/libreriaguadalupe.com.ar\/libreria\/wp-json\/wp\/v2\/media?parent=14714"}],"wp:term":[{"taxonomy":"product_brand","embeddable":true,"href":"https:\/\/libreriaguadalupe.com.ar\/libreria\/wp-json\/wp\/v2\/product_brand?post=14714"},{"taxonomy":"product_cat","embeddable":true,"href":"https:\/\/libreriaguadalupe.com.ar\/libreria\/wp-json\/wp\/v2\/product_cat?post=14714"},{"taxonomy":"product_tag","embeddable":true,"href":"https:\/\/libreriaguadalupe.com.ar\/libreria\/wp-json\/wp\/v2\/product_tag?post=14714"}],"curies":[{"name":"wp","href":"https:\/\/api.w.org\/{rel}","templated":true}]}}