{"id":13209,"date":"2023-01-18T18:47:11","date_gmt":"2023-01-18T21:47:11","guid":{"rendered":"https:\/\/libreriaguadalupe.com.ar\/libreria\/?post_type=product&#038;p=13209"},"modified":"2024-07-01T12:03:18","modified_gmt":"2024-07-01T15:03:18","slug":"vocabulario-razonado-de-la-exegesis-biblica","status":"publish","type":"product","link":"https:\/\/libreriaguadalupe.com.ar\/libreria\/producto\/vocabulario-razonado-de-la-exegesis-biblica\/","title":{"rendered":"Vocabulario razonado de la exegesis biblica"},"content":{"rendered":"<p>ISBN 694<\/p>\n","protected":false},"excerpt":{"rendered":"<p>Los t\u00e9rminos, las aproximaciones, los autores.<\/p>\n","protected":false},"featured_media":0,"comment_status":"open","ping_status":"closed","template":"","meta":{"jetpack_publicize_message":"","jetpack_publicize_feature_enabled":true,"jetpack_social_post_already_shared":false,"jetpack_social_options":{"image_generator_settings":{"template":"highway","default_image_id":0,"font":"","enabled":false},"version":2}},"product_brand":[],"product_cat":[109],"product_tag":[],"class_list":{"0":"post-13209","1":"product","2":"type-product","3":"status-publish","5":"product_cat-verbo-divino","7":"first","8":"outofstock","9":"shipping-taxable","10":"purchasable","11":"product-type-simple"},"yoast_head":"<!-- This site is optimized with the Yoast SEO plugin v27.4 - https:\/\/yoast.com\/product\/yoast-seo-wordpress\/ -->\n<title>Vocabulario razonado de la exegesis biblica - Editorial Guadalupe de Argentina<\/title>\n<meta name=\"robots\" content=\"index, follow, max-snippet:-1, max-image-preview:large, max-video-preview:-1\" \/>\n<link rel=\"canonical\" href=\"https:\/\/libreriaguadalupe.com.ar\/libreria\/producto\/vocabulario-razonado-de-la-exegesis-biblica\/\" \/>\n<meta property=\"og:locale\" content=\"es_ES\" \/>\n<meta property=\"og:type\" content=\"article\" \/>\n<meta property=\"og:title\" content=\"Vocabulario razonado de la exegesis biblica - Editorial Guadalupe de Argentina\" \/>\n<meta property=\"og:description\" content=\"Los t\u00e9rminos, las aproximaciones, los autores.\" \/>\n<meta property=\"og:url\" content=\"https:\/\/libreriaguadalupe.com.ar\/libreria\/producto\/vocabulario-razonado-de-la-exegesis-biblica\/\" \/>\n<meta property=\"og:site_name\" content=\"Editorial Guadalupe de Argentina\" \/>\n<meta property=\"article:publisher\" content=\"https:\/\/www.facebook.com\/LibreriaGuadalupeAR\/\" \/>\n<meta property=\"article:modified_time\" content=\"2024-07-01T15:03:18+00:00\" \/>\n<meta property=\"og:image\" content=\"https:\/\/i0.wp.com\/libreriaguadalupe.com.ar\/libreria\/wp-content\/uploads\/2023\/01\/cropped-logo-editorial-guadalupe.webp?fit=500%2C100&ssl=1\" \/>\n\t<meta property=\"og:image:width\" content=\"500\" \/>\n\t<meta property=\"og:image:height\" content=\"100\" \/>\n\t<meta property=\"og:image:type\" content=\"image\/webp\" \/>\n<meta name=\"twitter:card\" content=\"summary_large_image\" \/>\n<script type=\"application\/ld+json\" class=\"yoast-schema-graph\">{\"@context\":\"https:\\\/\\\/schema.org\",\"@graph\":[{\"@type\":\"WebPage\",\"@id\":\"https:\\\/\\\/libreriaguadalupe.com.ar\\\/libreria\\\/producto\\\/vocabulario-razonado-de-la-exegesis-biblica\\\/\",\"url\":\"https:\\\/\\\/libreriaguadalupe.com.ar\\\/libreria\\\/producto\\\/vocabulario-razonado-de-la-exegesis-biblica\\\/\",\"name\":\"Vocabulario razonado de la exegesis biblica - Editorial Guadalupe de Argentina\",\"isPartOf\":{\"@id\":\"https:\\\/\\\/libreriaguadalupe.com.ar\\\/libreria\\\/#website\"},\"datePublished\":\"2023-01-18T21:47:11+00:00\",\"dateModified\":\"2024-07-01T15:03:18+00:00\",\"breadcrumb\":{\"@id\":\"https:\\\/\\\/libreriaguadalupe.com.ar\\\/libreria\\\/producto\\\/vocabulario-razonado-de-la-exegesis-biblica\\\/#breadcrumb\"},\"inLanguage\":\"es\",\"potentialAction\":[{\"@type\":\"ReadAction\",\"target\":[\"https:\\\/\\\/libreriaguadalupe.com.ar\\\/libreria\\\/producto\\\/vocabulario-razonado-de-la-exegesis-biblica\\\/\"]}]},{\"@type\":\"BreadcrumbList\",\"@id\":\"https:\\\/\\\/libreriaguadalupe.com.ar\\\/libreria\\\/producto\\\/vocabulario-razonado-de-la-exegesis-biblica\\\/#breadcrumb\",\"itemListElement\":[{\"@type\":\"ListItem\",\"position\":1,\"name\":\"Portada\",\"item\":\"https:\\\/\\\/libreriaguadalupe.com.ar\\\/libreria\\\/\"},{\"@type\":\"ListItem\",\"position\":2,\"name\":\"Tienda\",\"item\":\"https:\\\/\\\/libreriaguadalupe.com.ar\\\/libreria\\\/\"},{\"@type\":\"ListItem\",\"position\":3,\"name\":\"Vocabulario razonado de la exegesis biblica\"}]},{\"@type\":\"WebSite\",\"@id\":\"https:\\\/\\\/libreriaguadalupe.com.ar\\\/libreria\\\/#website\",\"url\":\"https:\\\/\\\/libreriaguadalupe.com.ar\\\/libreria\\\/\",\"name\":\"Editorial Guadalupe de Argentina\",\"description\":\"Congregaci\u00f3n del Verbo Divino\",\"publisher\":{\"@id\":\"https:\\\/\\\/libreriaguadalupe.com.ar\\\/libreria\\\/#organization\"},\"alternateName\":\"Librer\u00eda Guadalupe\",\"potentialAction\":[{\"@type\":\"SearchAction\",\"target\":{\"@type\":\"EntryPoint\",\"urlTemplate\":\"https:\\\/\\\/libreriaguadalupe.com.ar\\\/libreria\\\/?s={search_term_string}\"},\"query-input\":{\"@type\":\"PropertyValueSpecification\",\"valueRequired\":true,\"valueName\":\"search_term_string\"}}],\"inLanguage\":\"es\"},{\"@type\":\"Organization\",\"@id\":\"https:\\\/\\\/libreriaguadalupe.com.ar\\\/libreria\\\/#organization\",\"name\":\"Editorial Guadalupe\",\"alternateName\":\"Librer\u00eda Guadalupe\",\"url\":\"https:\\\/\\\/libreriaguadalupe.com.ar\\\/libreria\\\/\",\"logo\":{\"@type\":\"ImageObject\",\"inLanguage\":\"es\",\"@id\":\"https:\\\/\\\/libreriaguadalupe.com.ar\\\/libreria\\\/#\\\/schema\\\/logo\\\/image\\\/\",\"url\":\"https:\\\/\\\/i0.wp.com\\\/libreriaguadalupe.com.ar\\\/libreria\\\/wp-content\\\/uploads\\\/2023\\\/01\\\/cropped-logo-editorial-guadalupe.webp?fit=500%2C100&ssl=1\",\"contentUrl\":\"https:\\\/\\\/i0.wp.com\\\/libreriaguadalupe.com.ar\\\/libreria\\\/wp-content\\\/uploads\\\/2023\\\/01\\\/cropped-logo-editorial-guadalupe.webp?fit=500%2C100&ssl=1\",\"width\":500,\"height\":100,\"caption\":\"Editorial Guadalupe\"},\"image\":{\"@id\":\"https:\\\/\\\/libreriaguadalupe.com.ar\\\/libreria\\\/#\\\/schema\\\/logo\\\/image\\\/\"},\"sameAs\":[\"https:\\\/\\\/www.facebook.com\\\/LibreriaGuadalupeAR\\\/\",\"https:\\\/\\\/www.instagram.com\\\/editorialguadalupe\\\/\",\"https:\\\/\\\/guadalupeeditorial.mercadoshops.com.ar\\\/\"]}]}<\/script>\n<!-- \/ Yoast SEO plugin. -->","yoast_head_json":{"title":"Vocabulario razonado de la exegesis biblica - Editorial Guadalupe de Argentina","robots":{"index":"index","follow":"follow","max-snippet":"max-snippet:-1","max-image-preview":"max-image-preview:large","max-video-preview":"max-video-preview:-1"},"canonical":"https:\/\/libreriaguadalupe.com.ar\/libreria\/producto\/vocabulario-razonado-de-la-exegesis-biblica\/","og_locale":"es_ES","og_type":"article","og_title":"Vocabulario razonado de la exegesis biblica - Editorial Guadalupe de Argentina","og_description":"Los t\u00e9rminos, las aproximaciones, los autores.","og_url":"https:\/\/libreriaguadalupe.com.ar\/libreria\/producto\/vocabulario-razonado-de-la-exegesis-biblica\/","og_site_name":"Editorial Guadalupe de Argentina","article_publisher":"https:\/\/www.facebook.com\/LibreriaGuadalupeAR\/","article_modified_time":"2024-07-01T15:03:18+00:00","og_image":[{"width":500,"height":100,"url":"https:\/\/i0.wp.com\/libreriaguadalupe.com.ar\/libreria\/wp-content\/uploads\/2023\/01\/cropped-logo-editorial-guadalupe.webp?fit=500%2C100&ssl=1","type":"image\/webp"}],"twitter_card":"summary_large_image","schema":{"@context":"https:\/\/schema.org","@graph":[{"@type":"WebPage","@id":"https:\/\/libreriaguadalupe.com.ar\/libreria\/producto\/vocabulario-razonado-de-la-exegesis-biblica\/","url":"https:\/\/libreriaguadalupe.com.ar\/libreria\/producto\/vocabulario-razonado-de-la-exegesis-biblica\/","name":"Vocabulario razonado de la exegesis biblica - Editorial Guadalupe de Argentina","isPartOf":{"@id":"https:\/\/libreriaguadalupe.com.ar\/libreria\/#website"},"datePublished":"2023-01-18T21:47:11+00:00","dateModified":"2024-07-01T15:03:18+00:00","breadcrumb":{"@id":"https:\/\/libreriaguadalupe.com.ar\/libreria\/producto\/vocabulario-razonado-de-la-exegesis-biblica\/#breadcrumb"},"inLanguage":"es","potentialAction":[{"@type":"ReadAction","target":["https:\/\/libreriaguadalupe.com.ar\/libreria\/producto\/vocabulario-razonado-de-la-exegesis-biblica\/"]}]},{"@type":"BreadcrumbList","@id":"https:\/\/libreriaguadalupe.com.ar\/libreria\/producto\/vocabulario-razonado-de-la-exegesis-biblica\/#breadcrumb","itemListElement":[{"@type":"ListItem","position":1,"name":"Portada","item":"https:\/\/libreriaguadalupe.com.ar\/libreria\/"},{"@type":"ListItem","position":2,"name":"Tienda","item":"https:\/\/libreriaguadalupe.com.ar\/libreria\/"},{"@type":"ListItem","position":3,"name":"Vocabulario razonado de la exegesis biblica"}]},{"@type":"WebSite","@id":"https:\/\/libreriaguadalupe.com.ar\/libreria\/#website","url":"https:\/\/libreriaguadalupe.com.ar\/libreria\/","name":"Editorial Guadalupe de Argentina","description":"Congregaci\u00f3n del Verbo Divino","publisher":{"@id":"https:\/\/libreriaguadalupe.com.ar\/libreria\/#organization"},"alternateName":"Librer\u00eda Guadalupe","potentialAction":[{"@type":"SearchAction","target":{"@type":"EntryPoint","urlTemplate":"https:\/\/libreriaguadalupe.com.ar\/libreria\/?s={search_term_string}"},"query-input":{"@type":"PropertyValueSpecification","valueRequired":true,"valueName":"search_term_string"}}],"inLanguage":"es"},{"@type":"Organization","@id":"https:\/\/libreriaguadalupe.com.ar\/libreria\/#organization","name":"Editorial Guadalupe","alternateName":"Librer\u00eda Guadalupe","url":"https:\/\/libreriaguadalupe.com.ar\/libreria\/","logo":{"@type":"ImageObject","inLanguage":"es","@id":"https:\/\/libreriaguadalupe.com.ar\/libreria\/#\/schema\/logo\/image\/","url":"https:\/\/i0.wp.com\/libreriaguadalupe.com.ar\/libreria\/wp-content\/uploads\/2023\/01\/cropped-logo-editorial-guadalupe.webp?fit=500%2C100&ssl=1","contentUrl":"https:\/\/i0.wp.com\/libreriaguadalupe.com.ar\/libreria\/wp-content\/uploads\/2023\/01\/cropped-logo-editorial-guadalupe.webp?fit=500%2C100&ssl=1","width":500,"height":100,"caption":"Editorial Guadalupe"},"image":{"@id":"https:\/\/libreriaguadalupe.com.ar\/libreria\/#\/schema\/logo\/image\/"},"sameAs":["https:\/\/www.facebook.com\/LibreriaGuadalupeAR\/","https:\/\/www.instagram.com\/editorialguadalupe\/","https:\/\/guadalupeeditorial.mercadoshops.com.ar\/"]}]}},"jetpack_publicize_connections":[],"jetpack_sharing_enabled":true,"jetpack-related-posts":[{"id":15516,"url":"https:\/\/libreriaguadalupe.com.ar\/libreria\/producto\/vocabulario-razonado-de-la-exegesis-biblica-2\/","url_meta":{"origin":13209,"position":0},"title":"Vocabulario razonado de ex\u00e9gesis b\u00edblica","author":"admin","date":"07\/02\/2023","format":false,"excerpt":"Los t\u00e9rminos, las aproximaciones, los autores AUTOR: Ska, Jean-Louis ISBN: 8481697216","rel":"","context":"Entrada similar","block_context":{"text":"Entrada similar","link":""},"img":{"alt_text":"","src":"https:\/\/i0.wp.com\/libreriaguadalupe.com.ar\/libreria\/wp-content\/uploads\/2023\/02\/Vocabulario-razonado-de-exegesis-biblica.jpg?fit=380%2C586&ssl=1&resize=350%2C200","width":350,"height":200},"classes":[]},{"id":12586,"url":"https:\/\/libreriaguadalupe.com.ar\/libreria\/producto\/comentario-biblico-latinoamericano-nuevo-testamento\/","url_meta":{"origin":13209,"position":1},"title":"Comentario biblico Latinoamericano Nuevo Testamento","author":"admin","date":"18\/01\/2023","format":false,"excerpt":"Autor: Armando J. Levoratti ISBN: 8481694690 Dimensiones: 18 x 25 cm P\u00e1ginas: 1248","rel":"","context":"Entrada similar","block_context":{"text":"Entrada similar","link":""},"img":{"alt_text":"","src":"https:\/\/i0.wp.com\/libreriaguadalupe.com.ar\/libreria\/wp-content\/uploads\/2023\/01\/Comentario-Biblico-Latinoamericano.jpg?fit=380%2C586&ssl=1&resize=350%2C200","width":350,"height":200},"classes":[]},{"id":18113,"url":"https:\/\/libreriaguadalupe.com.ar\/libreria\/producto\/biblia-exegesis-y-religion\/","url_meta":{"origin":13209,"position":2},"title":"Biblia, ex\u00e9gesis y religi\u00f3n","author":"admin","date":"13\/06\/2024","format":false,"excerpt":"Una lectura cr\u00edtico-hist\u00f3rica del juda\u00edsmo Colecci\u00f3n: El mundo de la Biblia Subcolecci\u00f3n: El mundo de la Biblia Encuadernaci\u00f3n: R\u00fastica, fresada, tapa plastificada mate, con solapas Autor: Adolfo D. Roitman ISBN: 978-84-9945-100-8 Dimensiones: 17 x 24 cm P\u00e1ginas: 312","rel":"","context":"Entrada similar","block_context":{"text":"Entrada similar","link":""},"img":{"alt_text":"","src":"https:\/\/i0.wp.com\/libreriaguadalupe.com.ar\/libreria\/wp-content\/uploads\/2024\/06\/NOVEDAD-TIENDA-JUNIO-1.jpg?fit=470%2C470&ssl=1&resize=350%2C200","width":350,"height":200},"classes":[]},{"id":14820,"url":"https:\/\/libreriaguadalupe.com.ar\/libreria\/producto\/comentario-biblico-latinoamericano-antiguo-testamento-i-2\/","url_meta":{"origin":13209,"position":3},"title":"Comentario biblico Latinoamericano Antiguo Testamento I","author":"admin","date":"07\/02\/2023","format":false,"excerpt":"Pentateuco y textos narrativos Autor: Armando J. Levoratti ISBN: 8481696111 Dimensiones: 18 x 25 cm P\u00e1ginas: 976","rel":"","context":"Entrada similar","block_context":{"text":"Entrada similar","link":""},"img":{"alt_text":"","src":"https:\/\/i0.wp.com\/libreriaguadalupe.com.ar\/libreria\/wp-content\/uploads\/2023\/02\/Comentario-Biblico-Latinoamericano-Antiguo-Testamento-I.jpg?fit=380%2C586&ssl=1&resize=350%2C200","width":350,"height":200},"classes":[]},{"id":15512,"url":"https:\/\/libreriaguadalupe.com.ar\/libreria\/producto\/la-memoria-de-jesus-y-los-cristianismos-de-los-origenes-2\/","url_meta":{"origin":13209,"position":4},"title":"La memoria de Jesus y los cristianismos de los origenes","author":"admin","date":"07\/02\/2023","format":false,"excerpt":"Autor: EVD ISBN: 8490731062","rel":"","context":"Entrada similar","block_context":{"text":"Entrada similar","link":""},"img":{"alt_text":"","src":"https:\/\/i0.wp.com\/libreriaguadalupe.com.ar\/libreria\/wp-content\/uploads\/2023\/02\/La-memoria-de-Jesus-y-los-cristianismos-de-los-origenes.jpg?fit=380%2C586&ssl=1&resize=350%2C200","width":350,"height":200},"classes":[]},{"id":12585,"url":"https:\/\/libreriaguadalupe.com.ar\/libreria\/producto\/comentario-biblico-latinoamericano-antiguo-testamento-ii\/","url_meta":{"origin":13209,"position":5},"title":"Comentario Biblico Latinoamericano Antiguo Testamento II","author":"admin","date":"18\/01\/2023","format":false,"excerpt":"Libros prof\u00e9ticos y sapienciales Autor: Armando J. Levoratti ISBN: 8481697208 Dimensiones: 18 x 25 cm P\u00e1ginas: 976","rel":"","context":"Entrada similar","block_context":{"text":"Entrada similar","link":""},"img":{"alt_text":"","src":"https:\/\/i0.wp.com\/libreriaguadalupe.com.ar\/libreria\/wp-content\/uploads\/2023\/01\/Comentario-Biblico-Latinoamericano-Antiguo-Testamento-II.jpg?fit=380%2C586&ssl=1&resize=350%2C200","width":350,"height":200},"classes":[]}],"_links":{"self":[{"href":"https:\/\/libreriaguadalupe.com.ar\/libreria\/wp-json\/wp\/v2\/product\/13209","targetHints":{"allow":["GET"]}}],"collection":[{"href":"https:\/\/libreriaguadalupe.com.ar\/libreria\/wp-json\/wp\/v2\/product"}],"about":[{"href":"https:\/\/libreriaguadalupe.com.ar\/libreria\/wp-json\/wp\/v2\/types\/product"}],"replies":[{"embeddable":true,"href":"https:\/\/libreriaguadalupe.com.ar\/libreria\/wp-json\/wp\/v2\/comments?post=13209"}],"version-history":[{"count":1,"href":"https:\/\/libreriaguadalupe.com.ar\/libreria\/wp-json\/wp\/v2\/product\/13209\/revisions"}],"predecessor-version":[{"id":16310,"href":"https:\/\/libreriaguadalupe.com.ar\/libreria\/wp-json\/wp\/v2\/product\/13209\/revisions\/16310"}],"wp:attachment":[{"href":"https:\/\/libreriaguadalupe.com.ar\/libreria\/wp-json\/wp\/v2\/media?parent=13209"}],"wp:term":[{"taxonomy":"product_brand","embeddable":true,"href":"https:\/\/libreriaguadalupe.com.ar\/libreria\/wp-json\/wp\/v2\/product_brand?post=13209"},{"taxonomy":"product_cat","embeddable":true,"href":"https:\/\/libreriaguadalupe.com.ar\/libreria\/wp-json\/wp\/v2\/product_cat?post=13209"},{"taxonomy":"product_tag","embeddable":true,"href":"https:\/\/libreriaguadalupe.com.ar\/libreria\/wp-json\/wp\/v2\/product_tag?post=13209"}],"curies":[{"name":"wp","href":"https:\/\/api.w.org\/{rel}","templated":true}]}}