{"id":13187,"date":"2023-01-18T18:47:10","date_gmt":"2023-01-18T21:47:10","guid":{"rendered":"https:\/\/libreriaguadalupe.com.ar\/libreria\/?post_type=product&#038;p=13187"},"modified":"2024-03-14T10:33:39","modified_gmt":"2024-03-14T13:33:39","slug":"diez-palabras-clave-sobre-la-vida-consagrada","status":"publish","type":"product","link":"https:\/\/libreriaguadalupe.com.ar\/libreria\/producto\/diez-palabras-clave-sobre-la-vida-consagrada\/","title":{"rendered":"10 Palabras Clave Sobre la Vida Consagrada"},"content":{"rendered":"<p>Con esta expresi\u00f3n, \u00abVida Consagrada\u00bb, se pretende abarcar todas las formas de vida, hist\u00f3ricas y de reciente nacimiento, que en la Iglesia cat\u00f3lica profesan los consejos evang\u00e9licos. El objetivo de este libro se sit\u00faa en dos metas: por una parte profundizar en el significado real de la forma de vida eclesial que denominamos ahora. La segunda meta se sit\u00faa en la praxis de vida consagrada.<\/p>\n","protected":false},"excerpt":{"rendered":"<p>Autor: Marciano Vidal Garc\u00eda<strong><br \/>\n<\/strong>ISBN: 8481692051<br \/>\nDimensiones: 10,3 x 21,5 cm<br \/>\nP\u00e1ginas: 464<\/p>\n","protected":false},"featured_media":17101,"comment_status":"open","ping_status":"closed","template":"","meta":{"jetpack_publicize_message":"","jetpack_publicize_feature_enabled":true,"jetpack_social_post_already_shared":false,"jetpack_social_options":{"image_generator_settings":{"template":"highway","default_image_id":0,"font":"","enabled":false},"version":2}},"product_brand":[],"product_cat":[109],"product_tag":[127],"class_list":{"0":"post-13187","1":"product","2":"type-product","3":"status-publish","4":"has-post-thumbnail","6":"product_cat-verbo-divino","7":"product_tag-editorial-guadalupe-de-argentina","9":"first","10":"instock","11":"shipping-taxable","12":"purchasable","13":"product-type-simple"},"yoast_head":"<!-- This site is optimized with the Yoast SEO plugin v27.4 - https:\/\/yoast.com\/product\/yoast-seo-wordpress\/ -->\n<title>10 Palabras Clave Sobre la Vida Consagrada - Editorial Guadalupe de Argentina<\/title>\n<meta name=\"description\" content=\"Con esta expresi\u00f3n, &quot;Vida Consagrada&quot;, se pretende abarcar todas las formas de vida, hist\u00f3ricas y de reciente nacimiento, que en la Iglesia cat\u00f3lica profesan los consejos evang\u00e9licos.\" \/>\n<meta name=\"robots\" content=\"index, follow, max-snippet:-1, max-image-preview:large, max-video-preview:-1\" \/>\n<link rel=\"canonical\" href=\"https:\/\/libreriaguadalupe.com.ar\/libreria\/producto\/diez-palabras-clave-sobre-la-vida-consagrada\/\" \/>\n<meta property=\"og:locale\" content=\"es_ES\" \/>\n<meta property=\"og:type\" content=\"article\" \/>\n<meta property=\"og:title\" content=\"10 Palabras Clave Sobre la Vida Consagrada - Editorial Guadalupe de Argentina\" \/>\n<meta property=\"og:description\" content=\"Con esta expresi\u00f3n, &quot;Vida Consagrada&quot;, se pretende abarcar todas las formas de vida, hist\u00f3ricas y de reciente nacimiento, que en la Iglesia cat\u00f3lica profesan los consejos evang\u00e9licos.\" \/>\n<meta property=\"og:url\" content=\"https:\/\/libreriaguadalupe.com.ar\/libreria\/producto\/diez-palabras-clave-sobre-la-vida-consagrada\/\" \/>\n<meta property=\"og:site_name\" content=\"Editorial Guadalupe de Argentina\" \/>\n<meta property=\"article:publisher\" content=\"https:\/\/www.facebook.com\/LibreriaGuadalupeAR\/\" \/>\n<meta property=\"article:modified_time\" content=\"2024-03-14T13:33:39+00:00\" \/>\n<meta property=\"og:image\" content=\"https:\/\/libreriaguadalupe.com.ar\/libreria\/wp-content\/uploads\/2023\/01\/10-Palabras-Clave-Sobre-la-Vida-Consagrada-1.jpg\" \/>\n\t<meta property=\"og:image:width\" content=\"400\" \/>\n\t<meta property=\"og:image:height\" content=\"857\" \/>\n\t<meta property=\"og:image:type\" content=\"image\/jpeg\" \/>\n<meta name=\"twitter:card\" content=\"summary_large_image\" \/>\n<meta name=\"twitter:label1\" content=\"Tiempo de lectura\" \/>\n\t<meta name=\"twitter:data1\" content=\"1 minuto\" \/>\n<script type=\"application\/ld+json\" class=\"yoast-schema-graph\">{\"@context\":\"https:\\\/\\\/schema.org\",\"@graph\":[{\"@type\":\"WebPage\",\"@id\":\"https:\\\/\\\/libreriaguadalupe.com.ar\\\/libreria\\\/producto\\\/diez-palabras-clave-sobre-la-vida-consagrada\\\/\",\"url\":\"https:\\\/\\\/libreriaguadalupe.com.ar\\\/libreria\\\/producto\\\/diez-palabras-clave-sobre-la-vida-consagrada\\\/\",\"name\":\"10 Palabras Clave Sobre la Vida Consagrada - Editorial Guadalupe de Argentina\",\"isPartOf\":{\"@id\":\"https:\\\/\\\/libreriaguadalupe.com.ar\\\/libreria\\\/#website\"},\"primaryImageOfPage\":{\"@id\":\"https:\\\/\\\/libreriaguadalupe.com.ar\\\/libreria\\\/producto\\\/diez-palabras-clave-sobre-la-vida-consagrada\\\/#primaryimage\"},\"image\":{\"@id\":\"https:\\\/\\\/libreriaguadalupe.com.ar\\\/libreria\\\/producto\\\/diez-palabras-clave-sobre-la-vida-consagrada\\\/#primaryimage\"},\"thumbnailUrl\":\"https:\\\/\\\/i0.wp.com\\\/libreriaguadalupe.com.ar\\\/libreria\\\/wp-content\\\/uploads\\\/2023\\\/01\\\/10-Palabras-Clave-Sobre-la-Vida-Consagrada-1.jpg?fit=400%2C857&ssl=1\",\"datePublished\":\"2023-01-18T21:47:10+00:00\",\"dateModified\":\"2024-03-14T13:33:39+00:00\",\"description\":\"Con esta expresi\u00f3n, \\\"Vida Consagrada\\\", se pretende abarcar todas las formas de vida, hist\u00f3ricas y de reciente nacimiento, que en la Iglesia cat\u00f3lica profesan los consejos evang\u00e9licos.\",\"breadcrumb\":{\"@id\":\"https:\\\/\\\/libreriaguadalupe.com.ar\\\/libreria\\\/producto\\\/diez-palabras-clave-sobre-la-vida-consagrada\\\/#breadcrumb\"},\"inLanguage\":\"es\",\"potentialAction\":[{\"@type\":\"ReadAction\",\"target\":[\"https:\\\/\\\/libreriaguadalupe.com.ar\\\/libreria\\\/producto\\\/diez-palabras-clave-sobre-la-vida-consagrada\\\/\"]}]},{\"@type\":\"ImageObject\",\"inLanguage\":\"es\",\"@id\":\"https:\\\/\\\/libreriaguadalupe.com.ar\\\/libreria\\\/producto\\\/diez-palabras-clave-sobre-la-vida-consagrada\\\/#primaryimage\",\"url\":\"https:\\\/\\\/i0.wp.com\\\/libreriaguadalupe.com.ar\\\/libreria\\\/wp-content\\\/uploads\\\/2023\\\/01\\\/10-Palabras-Clave-Sobre-la-Vida-Consagrada-1.jpg?fit=400%2C857&ssl=1\",\"contentUrl\":\"https:\\\/\\\/i0.wp.com\\\/libreriaguadalupe.com.ar\\\/libreria\\\/wp-content\\\/uploads\\\/2023\\\/01\\\/10-Palabras-Clave-Sobre-la-Vida-Consagrada-1.jpg?fit=400%2C857&ssl=1\",\"width\":400,\"height\":857},{\"@type\":\"BreadcrumbList\",\"@id\":\"https:\\\/\\\/libreriaguadalupe.com.ar\\\/libreria\\\/producto\\\/diez-palabras-clave-sobre-la-vida-consagrada\\\/#breadcrumb\",\"itemListElement\":[{\"@type\":\"ListItem\",\"position\":1,\"name\":\"Portada\",\"item\":\"https:\\\/\\\/libreriaguadalupe.com.ar\\\/libreria\\\/\"},{\"@type\":\"ListItem\",\"position\":2,\"name\":\"Tienda\",\"item\":\"https:\\\/\\\/libreriaguadalupe.com.ar\\\/libreria\\\/\"},{\"@type\":\"ListItem\",\"position\":3,\"name\":\"10 Palabras Clave Sobre la Vida Consagrada\"}]},{\"@type\":\"WebSite\",\"@id\":\"https:\\\/\\\/libreriaguadalupe.com.ar\\\/libreria\\\/#website\",\"url\":\"https:\\\/\\\/libreriaguadalupe.com.ar\\\/libreria\\\/\",\"name\":\"Editorial Guadalupe de Argentina\",\"description\":\"Congregaci\u00f3n del Verbo Divino\",\"publisher\":{\"@id\":\"https:\\\/\\\/libreriaguadalupe.com.ar\\\/libreria\\\/#organization\"},\"alternateName\":\"Librer\u00eda Guadalupe\",\"potentialAction\":[{\"@type\":\"SearchAction\",\"target\":{\"@type\":\"EntryPoint\",\"urlTemplate\":\"https:\\\/\\\/libreriaguadalupe.com.ar\\\/libreria\\\/?s={search_term_string}\"},\"query-input\":{\"@type\":\"PropertyValueSpecification\",\"valueRequired\":true,\"valueName\":\"search_term_string\"}}],\"inLanguage\":\"es\"},{\"@type\":\"Organization\",\"@id\":\"https:\\\/\\\/libreriaguadalupe.com.ar\\\/libreria\\\/#organization\",\"name\":\"Editorial Guadalupe\",\"alternateName\":\"Librer\u00eda Guadalupe\",\"url\":\"https:\\\/\\\/libreriaguadalupe.com.ar\\\/libreria\\\/\",\"logo\":{\"@type\":\"ImageObject\",\"inLanguage\":\"es\",\"@id\":\"https:\\\/\\\/libreriaguadalupe.com.ar\\\/libreria\\\/#\\\/schema\\\/logo\\\/image\\\/\",\"url\":\"https:\\\/\\\/i0.wp.com\\\/libreriaguadalupe.com.ar\\\/libreria\\\/wp-content\\\/uploads\\\/2023\\\/01\\\/cropped-logo-editorial-guadalupe.webp?fit=500%2C100&ssl=1\",\"contentUrl\":\"https:\\\/\\\/i0.wp.com\\\/libreriaguadalupe.com.ar\\\/libreria\\\/wp-content\\\/uploads\\\/2023\\\/01\\\/cropped-logo-editorial-guadalupe.webp?fit=500%2C100&ssl=1\",\"width\":500,\"height\":100,\"caption\":\"Editorial Guadalupe\"},\"image\":{\"@id\":\"https:\\\/\\\/libreriaguadalupe.com.ar\\\/libreria\\\/#\\\/schema\\\/logo\\\/image\\\/\"},\"sameAs\":[\"https:\\\/\\\/www.facebook.com\\\/LibreriaGuadalupeAR\\\/\",\"https:\\\/\\\/www.instagram.com\\\/editorialguadalupe\\\/\",\"https:\\\/\\\/guadalupeeditorial.mercadoshops.com.ar\\\/\"]}]}<\/script>\n<!-- \/ Yoast SEO plugin. -->","yoast_head_json":{"title":"10 Palabras Clave Sobre la Vida Consagrada - Editorial Guadalupe de Argentina","description":"Con esta expresi\u00f3n, \"Vida Consagrada\", se pretende abarcar todas las formas de vida, hist\u00f3ricas y de reciente nacimiento, que en la Iglesia cat\u00f3lica profesan los consejos evang\u00e9licos.","robots":{"index":"index","follow":"follow","max-snippet":"max-snippet:-1","max-image-preview":"max-image-preview:large","max-video-preview":"max-video-preview:-1"},"canonical":"https:\/\/libreriaguadalupe.com.ar\/libreria\/producto\/diez-palabras-clave-sobre-la-vida-consagrada\/","og_locale":"es_ES","og_type":"article","og_title":"10 Palabras Clave Sobre la Vida Consagrada - Editorial Guadalupe de Argentina","og_description":"Con esta expresi\u00f3n, \"Vida Consagrada\", se pretende abarcar todas las formas de vida, hist\u00f3ricas y de reciente nacimiento, que en la Iglesia cat\u00f3lica profesan los consejos evang\u00e9licos.","og_url":"https:\/\/libreriaguadalupe.com.ar\/libreria\/producto\/diez-palabras-clave-sobre-la-vida-consagrada\/","og_site_name":"Editorial Guadalupe de Argentina","article_publisher":"https:\/\/www.facebook.com\/LibreriaGuadalupeAR\/","article_modified_time":"2024-03-14T13:33:39+00:00","og_image":[{"width":400,"height":857,"url":"https:\/\/libreriaguadalupe.com.ar\/libreria\/wp-content\/uploads\/2023\/01\/10-Palabras-Clave-Sobre-la-Vida-Consagrada-1.jpg","type":"image\/jpeg"}],"twitter_card":"summary_large_image","twitter_misc":{"Tiempo de lectura":"1 minuto"},"schema":{"@context":"https:\/\/schema.org","@graph":[{"@type":"WebPage","@id":"https:\/\/libreriaguadalupe.com.ar\/libreria\/producto\/diez-palabras-clave-sobre-la-vida-consagrada\/","url":"https:\/\/libreriaguadalupe.com.ar\/libreria\/producto\/diez-palabras-clave-sobre-la-vida-consagrada\/","name":"10 Palabras Clave Sobre la Vida Consagrada - Editorial Guadalupe de Argentina","isPartOf":{"@id":"https:\/\/libreriaguadalupe.com.ar\/libreria\/#website"},"primaryImageOfPage":{"@id":"https:\/\/libreriaguadalupe.com.ar\/libreria\/producto\/diez-palabras-clave-sobre-la-vida-consagrada\/#primaryimage"},"image":{"@id":"https:\/\/libreriaguadalupe.com.ar\/libreria\/producto\/diez-palabras-clave-sobre-la-vida-consagrada\/#primaryimage"},"thumbnailUrl":"https:\/\/i0.wp.com\/libreriaguadalupe.com.ar\/libreria\/wp-content\/uploads\/2023\/01\/10-Palabras-Clave-Sobre-la-Vida-Consagrada-1.jpg?fit=400%2C857&ssl=1","datePublished":"2023-01-18T21:47:10+00:00","dateModified":"2024-03-14T13:33:39+00:00","description":"Con esta expresi\u00f3n, \"Vida Consagrada\", se pretende abarcar todas las formas de vida, hist\u00f3ricas y de reciente nacimiento, que en la Iglesia cat\u00f3lica profesan los consejos evang\u00e9licos.","breadcrumb":{"@id":"https:\/\/libreriaguadalupe.com.ar\/libreria\/producto\/diez-palabras-clave-sobre-la-vida-consagrada\/#breadcrumb"},"inLanguage":"es","potentialAction":[{"@type":"ReadAction","target":["https:\/\/libreriaguadalupe.com.ar\/libreria\/producto\/diez-palabras-clave-sobre-la-vida-consagrada\/"]}]},{"@type":"ImageObject","inLanguage":"es","@id":"https:\/\/libreriaguadalupe.com.ar\/libreria\/producto\/diez-palabras-clave-sobre-la-vida-consagrada\/#primaryimage","url":"https:\/\/i0.wp.com\/libreriaguadalupe.com.ar\/libreria\/wp-content\/uploads\/2023\/01\/10-Palabras-Clave-Sobre-la-Vida-Consagrada-1.jpg?fit=400%2C857&ssl=1","contentUrl":"https:\/\/i0.wp.com\/libreriaguadalupe.com.ar\/libreria\/wp-content\/uploads\/2023\/01\/10-Palabras-Clave-Sobre-la-Vida-Consagrada-1.jpg?fit=400%2C857&ssl=1","width":400,"height":857},{"@type":"BreadcrumbList","@id":"https:\/\/libreriaguadalupe.com.ar\/libreria\/producto\/diez-palabras-clave-sobre-la-vida-consagrada\/#breadcrumb","itemListElement":[{"@type":"ListItem","position":1,"name":"Portada","item":"https:\/\/libreriaguadalupe.com.ar\/libreria\/"},{"@type":"ListItem","position":2,"name":"Tienda","item":"https:\/\/libreriaguadalupe.com.ar\/libreria\/"},{"@type":"ListItem","position":3,"name":"10 Palabras Clave Sobre la Vida Consagrada"}]},{"@type":"WebSite","@id":"https:\/\/libreriaguadalupe.com.ar\/libreria\/#website","url":"https:\/\/libreriaguadalupe.com.ar\/libreria\/","name":"Editorial Guadalupe de Argentina","description":"Congregaci\u00f3n del Verbo Divino","publisher":{"@id":"https:\/\/libreriaguadalupe.com.ar\/libreria\/#organization"},"alternateName":"Librer\u00eda Guadalupe","potentialAction":[{"@type":"SearchAction","target":{"@type":"EntryPoint","urlTemplate":"https:\/\/libreriaguadalupe.com.ar\/libreria\/?s={search_term_string}"},"query-input":{"@type":"PropertyValueSpecification","valueRequired":true,"valueName":"search_term_string"}}],"inLanguage":"es"},{"@type":"Organization","@id":"https:\/\/libreriaguadalupe.com.ar\/libreria\/#organization","name":"Editorial Guadalupe","alternateName":"Librer\u00eda Guadalupe","url":"https:\/\/libreriaguadalupe.com.ar\/libreria\/","logo":{"@type":"ImageObject","inLanguage":"es","@id":"https:\/\/libreriaguadalupe.com.ar\/libreria\/#\/schema\/logo\/image\/","url":"https:\/\/i0.wp.com\/libreriaguadalupe.com.ar\/libreria\/wp-content\/uploads\/2023\/01\/cropped-logo-editorial-guadalupe.webp?fit=500%2C100&ssl=1","contentUrl":"https:\/\/i0.wp.com\/libreriaguadalupe.com.ar\/libreria\/wp-content\/uploads\/2023\/01\/cropped-logo-editorial-guadalupe.webp?fit=500%2C100&ssl=1","width":500,"height":100,"caption":"Editorial Guadalupe"},"image":{"@id":"https:\/\/libreriaguadalupe.com.ar\/libreria\/#\/schema\/logo\/image\/"},"sameAs":["https:\/\/www.facebook.com\/LibreriaGuadalupeAR\/","https:\/\/www.instagram.com\/editorialguadalupe\/","https:\/\/guadalupeeditorial.mercadoshops.com.ar\/"]}]}},"jetpack_publicize_connections":[],"jetpack_sharing_enabled":true,"jetpack-related-posts":[{"id":15264,"url":"https:\/\/libreriaguadalupe.com.ar\/libreria\/producto\/lectio-divina-para-la-vida-diaria-textos-biblicos-de-la-vida-consagrada-2\/","url_meta":{"origin":13187,"position":0},"title":"Lectio divina para la vida diaria: Textos biblicos de la vida consagrada","author":"admin","date":"07\/02\/2023","format":false,"excerpt":"AUTOR: Zevini, Giorgio ISBN 8481694383","rel":"","context":"Entrada similar","block_context":{"text":"Entrada similar","link":""},"img":{"alt_text":"","src":"","width":0,"height":0},"classes":[]},{"id":14937,"url":"https:\/\/libreriaguadalupe.com.ar\/libreria\/producto\/365-dias-con-la-virgen-maria-2\/","url_meta":{"origin":13187,"position":1},"title":"365 d\u00edas con la Virgen Maria","author":"admin","date":"07\/02\/2023","format":false,"excerpt":"Es un libro para rezar y para volver a escribirlo de la mano de Mar\u00eda, a fin de reconocer los hermosos trazos de la voluntad diaria de Dios en la vida. AUTOR: GUSTAVO JAMUT ISBN: 9505007301","rel":"","context":"Entrada similar","block_context":{"text":"Entrada similar","link":""},"img":{"alt_text":"","src":"https:\/\/i0.wp.com\/libreriaguadalupe.com.ar\/libreria\/wp-content\/uploads\/2023\/01\/483.webp?fit=458%2C458&ssl=1&resize=350%2C200","width":350,"height":200},"classes":[]},{"id":16045,"url":"https:\/\/libreriaguadalupe.com.ar\/libreria\/producto\/san-jose-custodio-de-soledades\/","url_meta":{"origin":13187,"position":2},"title":"San Jos\u00e9, Custodio De Soledades","author":"admin","date":"12\/02\/2023","format":false,"excerpt":"AUTOR: BASILE AUGUSTO ISBN: 9505008247 P\u00e1ginas: 42 Medidas: 11 x 17 cm","rel":"","context":"Entrada similar","block_context":{"text":"Entrada similar","link":""},"img":{"alt_text":"","src":"https:\/\/i0.wp.com\/libreriaguadalupe.com.ar\/libreria\/wp-content\/uploads\/2023\/02\/San-Jose-custodio-de-soledades.webp?fit=374%2C500&ssl=1&resize=350%2C200","width":350,"height":200},"classes":[]},{"id":16625,"url":"https:\/\/libreriaguadalupe.com.ar\/libreria\/producto\/para-conocer-al-papa-bergoglio\/","url_meta":{"origin":13187,"position":3},"title":"Para conocer al papa Bergoglio","author":"admin","date":"13\/03\/2023","format":false,"excerpt":"Autor: Francesco Strazzari ISBN: 8499459783","rel":"","context":"Entrada similar","block_context":{"text":"Entrada similar","link":""},"img":{"alt_text":"","src":"https:\/\/i0.wp.com\/libreriaguadalupe.com.ar\/libreria\/wp-content\/uploads\/2023\/03\/Para-conocer-al-Papa-Bergoglio.jpeg?fit=380%2C586&ssl=1&resize=350%2C200","width":350,"height":200},"classes":[]},{"id":12827,"url":"https:\/\/libreriaguadalupe.com.ar\/libreria\/producto\/simone-weil-la-fuerza-y-la-debilidad\/","url_meta":{"origin":13187,"position":4},"title":"Simone Weil: la fuerza y la debilidad","author":"admin","date":"18\/01\/2023","format":false,"excerpt":"Autor: Bingemer, Mar\u00eda ISBN: 8481699203 Dimensiones: 12 x 19 cm P\u00e1ginas: 440","rel":"","context":"Entrada similar","block_context":{"text":"Entrada similar","link":""},"img":{"alt_text":"","src":"https:\/\/i0.wp.com\/libreriaguadalupe.com.ar\/libreria\/wp-content\/uploads\/2023\/01\/Simone-Weil-la-fuerza-y-la-debilidad.jpg?fit=380%2C586&ssl=1&resize=350%2C200","width":350,"height":200},"classes":[]},{"id":17680,"url":"https:\/\/libreriaguadalupe.com.ar\/libreria\/producto\/escuela-de-silencio\/","url_meta":{"origin":13187,"position":5},"title":"Escuela de Silencio","author":"admin","date":"23\/11\/2023","format":false,"excerpt":"Aprendiendo a silenciar nuestra mente, para que nuestra vida sea m\u00e1s plena y m\u00e1s fecunda Autor: IRENE ROSA KLEIN [ VER M\u00c1S OBRAS ] ISBN: 978-950-500-910-7 Dimensiones: 16 x 23 cm P\u00e1ginas: 216","rel":"","context":"Entrada similar","block_context":{"text":"Entrada similar","link":""},"img":{"alt_text":"","src":"https:\/\/i0.wp.com\/libreriaguadalupe.com.ar\/libreria\/wp-content\/uploads\/2023\/11\/Escuela-de-silencio.png?fit=470%2C682&ssl=1&resize=350%2C200","width":350,"height":200},"classes":[]}],"_links":{"self":[{"href":"https:\/\/libreriaguadalupe.com.ar\/libreria\/wp-json\/wp\/v2\/product\/13187","targetHints":{"allow":["GET"]}}],"collection":[{"href":"https:\/\/libreriaguadalupe.com.ar\/libreria\/wp-json\/wp\/v2\/product"}],"about":[{"href":"https:\/\/libreriaguadalupe.com.ar\/libreria\/wp-json\/wp\/v2\/types\/product"}],"replies":[{"embeddable":true,"href":"https:\/\/libreriaguadalupe.com.ar\/libreria\/wp-json\/wp\/v2\/comments?post=13187"}],"version-history":[{"count":3,"href":"https:\/\/libreriaguadalupe.com.ar\/libreria\/wp-json\/wp\/v2\/product\/13187\/revisions"}],"predecessor-version":[{"id":17102,"href":"https:\/\/libreriaguadalupe.com.ar\/libreria\/wp-json\/wp\/v2\/product\/13187\/revisions\/17102"}],"wp:featuredmedia":[{"embeddable":true,"href":"https:\/\/libreriaguadalupe.com.ar\/libreria\/wp-json\/wp\/v2\/media\/17101"}],"wp:attachment":[{"href":"https:\/\/libreriaguadalupe.com.ar\/libreria\/wp-json\/wp\/v2\/media?parent=13187"}],"wp:term":[{"taxonomy":"product_brand","embeddable":true,"href":"https:\/\/libreriaguadalupe.com.ar\/libreria\/wp-json\/wp\/v2\/product_brand?post=13187"},{"taxonomy":"product_cat","embeddable":true,"href":"https:\/\/libreriaguadalupe.com.ar\/libreria\/wp-json\/wp\/v2\/product_cat?post=13187"},{"taxonomy":"product_tag","embeddable":true,"href":"https:\/\/libreriaguadalupe.com.ar\/libreria\/wp-json\/wp\/v2\/product_tag?post=13187"}],"curies":[{"name":"wp","href":"https:\/\/api.w.org\/{rel}","templated":true}]}}