{"id":13146,"date":"2023-01-18T18:47:03","date_gmt":"2023-01-18T21:47:03","guid":{"rendered":"https:\/\/libreriaguadalupe.com.ar\/libreria\/?post_type=product&#038;p=13146"},"modified":"2024-07-01T12:07:42","modified_gmt":"2024-07-01T15:07:42","slug":"diccionario-de-las-ciencias-humanas","status":"publish","type":"product","link":"https:\/\/libreriaguadalupe.com.ar\/libreria\/producto\/diccionario-de-las-ciencias-humanas\/","title":{"rendered":"Diccionario de las ciencias humanas"},"content":{"rendered":"<p>El objetivo de este diccionario es el de contribuir a un conocimiento m\u00e1s cabal de la realidad del hombre en su evoluci\u00f3n hist\u00f3rico-cultura, y as\u00ed aportar una visi\u00f3n m\u00e1s unitaria y globalizadora de los conocimientos. Cada t\u00e9rmino es presentado a partir de su etimolog\u00eda y se le sigue en sus diferentes usos en los distintos \u00e1mbitos cient\u00edficos, en la filosof\u00eda, religi\u00f3n, antropolog\u00eda, sociolog\u00eda, historia, arte, literatura&#8230;<\/p>\n","protected":false},"excerpt":{"rendered":"<p>Autor: Feliciano Bl\u00e1zquez Carmona<strong><br \/>\n<\/strong>ISBN: 8481691674<br \/>\nDimensiones: 15,4 x 24 cm<br \/>\nP\u00e1ginas: 528<\/p>\n","protected":false},"featured_media":17108,"comment_status":"open","ping_status":"closed","template":"","meta":{"jetpack_publicize_message":"","jetpack_publicize_feature_enabled":true,"jetpack_social_post_already_shared":false,"jetpack_social_options":{"image_generator_settings":{"template":"highway","default_image_id":0,"font":"","enabled":false},"version":2}},"product_brand":[],"product_cat":[109],"product_tag":[127],"class_list":{"0":"post-13146","1":"product","2":"type-product","3":"status-publish","4":"has-post-thumbnail","6":"product_cat-verbo-divino","7":"product_tag-editorial-guadalupe-de-argentina","9":"first","10":"outofstock","11":"shipping-taxable","12":"purchasable","13":"product-type-simple"},"yoast_head":"<!-- This site is optimized with the Yoast SEO plugin v27.4 - https:\/\/yoast.com\/product\/yoast-seo-wordpress\/ -->\n<title>Diccionario de las ciencias humanas - Editorial Guadalupe de Argentina<\/title>\n<meta name=\"description\" content=\"El objetivo de este diccionario es el de contribuir a un conocimiento m\u00e1s cabal de la realidad del hombre en su evoluci\u00f3n hist\u00f3rico-cultura, y as\u00ed aportar una visi\u00f3n m\u00e1s unitaria y globalizadora de los conocimientos.\" \/>\n<meta name=\"robots\" content=\"index, follow, max-snippet:-1, max-image-preview:large, max-video-preview:-1\" \/>\n<link rel=\"canonical\" href=\"https:\/\/libreriaguadalupe.com.ar\/libreria\/producto\/diccionario-de-las-ciencias-humanas\/\" \/>\n<meta property=\"og:locale\" content=\"es_ES\" \/>\n<meta property=\"og:type\" content=\"article\" \/>\n<meta property=\"og:title\" content=\"Diccionario de las ciencias humanas - Editorial Guadalupe de Argentina\" \/>\n<meta property=\"og:description\" content=\"El objetivo de este diccionario es el de contribuir a un conocimiento m\u00e1s cabal de la realidad del hombre en su evoluci\u00f3n hist\u00f3rico-cultura, y as\u00ed aportar una visi\u00f3n m\u00e1s unitaria y globalizadora de los conocimientos.\" \/>\n<meta property=\"og:url\" content=\"https:\/\/libreriaguadalupe.com.ar\/libreria\/producto\/diccionario-de-las-ciencias-humanas\/\" \/>\n<meta property=\"og:site_name\" content=\"Editorial Guadalupe de Argentina\" \/>\n<meta property=\"article:publisher\" content=\"https:\/\/www.facebook.com\/LibreriaGuadalupeAR\/\" \/>\n<meta property=\"article:modified_time\" content=\"2024-07-01T15:07:42+00:00\" \/>\n<meta property=\"og:image\" content=\"https:\/\/libreriaguadalupe.com.ar\/libreria\/wp-content\/uploads\/2023\/01\/Diccionario-de-las-ciencias-humanas-1.jpg\" \/>\n\t<meta property=\"og:image:width\" content=\"299\" \/>\n\t<meta property=\"og:image:height\" content=\"470\" \/>\n\t<meta property=\"og:image:type\" content=\"image\/jpeg\" \/>\n<meta name=\"twitter:card\" content=\"summary_large_image\" \/>\n<meta name=\"twitter:label1\" content=\"Tiempo de lectura\" \/>\n\t<meta name=\"twitter:data1\" content=\"1 minuto\" \/>\n<script type=\"application\/ld+json\" class=\"yoast-schema-graph\">{\"@context\":\"https:\\\/\\\/schema.org\",\"@graph\":[{\"@type\":\"WebPage\",\"@id\":\"https:\\\/\\\/libreriaguadalupe.com.ar\\\/libreria\\\/producto\\\/diccionario-de-las-ciencias-humanas\\\/\",\"url\":\"https:\\\/\\\/libreriaguadalupe.com.ar\\\/libreria\\\/producto\\\/diccionario-de-las-ciencias-humanas\\\/\",\"name\":\"Diccionario de las ciencias humanas - Editorial Guadalupe de Argentina\",\"isPartOf\":{\"@id\":\"https:\\\/\\\/libreriaguadalupe.com.ar\\\/libreria\\\/#website\"},\"primaryImageOfPage\":{\"@id\":\"https:\\\/\\\/libreriaguadalupe.com.ar\\\/libreria\\\/producto\\\/diccionario-de-las-ciencias-humanas\\\/#primaryimage\"},\"image\":{\"@id\":\"https:\\\/\\\/libreriaguadalupe.com.ar\\\/libreria\\\/producto\\\/diccionario-de-las-ciencias-humanas\\\/#primaryimage\"},\"thumbnailUrl\":\"https:\\\/\\\/i0.wp.com\\\/libreriaguadalupe.com.ar\\\/libreria\\\/wp-content\\\/uploads\\\/2023\\\/01\\\/Diccionario-de-las-ciencias-humanas-1.jpg?fit=299%2C470&ssl=1\",\"datePublished\":\"2023-01-18T21:47:03+00:00\",\"dateModified\":\"2024-07-01T15:07:42+00:00\",\"description\":\"El objetivo de este diccionario es el de contribuir a un conocimiento m\u00e1s cabal de la realidad del hombre en su evoluci\u00f3n hist\u00f3rico-cultura, y as\u00ed aportar una visi\u00f3n m\u00e1s unitaria y globalizadora de los conocimientos.\",\"breadcrumb\":{\"@id\":\"https:\\\/\\\/libreriaguadalupe.com.ar\\\/libreria\\\/producto\\\/diccionario-de-las-ciencias-humanas\\\/#breadcrumb\"},\"inLanguage\":\"es\",\"potentialAction\":[{\"@type\":\"ReadAction\",\"target\":[\"https:\\\/\\\/libreriaguadalupe.com.ar\\\/libreria\\\/producto\\\/diccionario-de-las-ciencias-humanas\\\/\"]}]},{\"@type\":\"ImageObject\",\"inLanguage\":\"es\",\"@id\":\"https:\\\/\\\/libreriaguadalupe.com.ar\\\/libreria\\\/producto\\\/diccionario-de-las-ciencias-humanas\\\/#primaryimage\",\"url\":\"https:\\\/\\\/i0.wp.com\\\/libreriaguadalupe.com.ar\\\/libreria\\\/wp-content\\\/uploads\\\/2023\\\/01\\\/Diccionario-de-las-ciencias-humanas-1.jpg?fit=299%2C470&ssl=1\",\"contentUrl\":\"https:\\\/\\\/i0.wp.com\\\/libreriaguadalupe.com.ar\\\/libreria\\\/wp-content\\\/uploads\\\/2023\\\/01\\\/Diccionario-de-las-ciencias-humanas-1.jpg?fit=299%2C470&ssl=1\",\"width\":299,\"height\":470},{\"@type\":\"BreadcrumbList\",\"@id\":\"https:\\\/\\\/libreriaguadalupe.com.ar\\\/libreria\\\/producto\\\/diccionario-de-las-ciencias-humanas\\\/#breadcrumb\",\"itemListElement\":[{\"@type\":\"ListItem\",\"position\":1,\"name\":\"Portada\",\"item\":\"https:\\\/\\\/libreriaguadalupe.com.ar\\\/libreria\\\/\"},{\"@type\":\"ListItem\",\"position\":2,\"name\":\"Tienda\",\"item\":\"https:\\\/\\\/libreriaguadalupe.com.ar\\\/libreria\\\/\"},{\"@type\":\"ListItem\",\"position\":3,\"name\":\"Diccionario de las ciencias humanas\"}]},{\"@type\":\"WebSite\",\"@id\":\"https:\\\/\\\/libreriaguadalupe.com.ar\\\/libreria\\\/#website\",\"url\":\"https:\\\/\\\/libreriaguadalupe.com.ar\\\/libreria\\\/\",\"name\":\"Editorial Guadalupe de Argentina\",\"description\":\"Congregaci\u00f3n del Verbo Divino\",\"publisher\":{\"@id\":\"https:\\\/\\\/libreriaguadalupe.com.ar\\\/libreria\\\/#organization\"},\"alternateName\":\"Librer\u00eda Guadalupe\",\"potentialAction\":[{\"@type\":\"SearchAction\",\"target\":{\"@type\":\"EntryPoint\",\"urlTemplate\":\"https:\\\/\\\/libreriaguadalupe.com.ar\\\/libreria\\\/?s={search_term_string}\"},\"query-input\":{\"@type\":\"PropertyValueSpecification\",\"valueRequired\":true,\"valueName\":\"search_term_string\"}}],\"inLanguage\":\"es\"},{\"@type\":\"Organization\",\"@id\":\"https:\\\/\\\/libreriaguadalupe.com.ar\\\/libreria\\\/#organization\",\"name\":\"Editorial Guadalupe\",\"alternateName\":\"Librer\u00eda Guadalupe\",\"url\":\"https:\\\/\\\/libreriaguadalupe.com.ar\\\/libreria\\\/\",\"logo\":{\"@type\":\"ImageObject\",\"inLanguage\":\"es\",\"@id\":\"https:\\\/\\\/libreriaguadalupe.com.ar\\\/libreria\\\/#\\\/schema\\\/logo\\\/image\\\/\",\"url\":\"https:\\\/\\\/i0.wp.com\\\/libreriaguadalupe.com.ar\\\/libreria\\\/wp-content\\\/uploads\\\/2023\\\/01\\\/cropped-logo-editorial-guadalupe.webp?fit=500%2C100&ssl=1\",\"contentUrl\":\"https:\\\/\\\/i0.wp.com\\\/libreriaguadalupe.com.ar\\\/libreria\\\/wp-content\\\/uploads\\\/2023\\\/01\\\/cropped-logo-editorial-guadalupe.webp?fit=500%2C100&ssl=1\",\"width\":500,\"height\":100,\"caption\":\"Editorial Guadalupe\"},\"image\":{\"@id\":\"https:\\\/\\\/libreriaguadalupe.com.ar\\\/libreria\\\/#\\\/schema\\\/logo\\\/image\\\/\"},\"sameAs\":[\"https:\\\/\\\/www.facebook.com\\\/LibreriaGuadalupeAR\\\/\",\"https:\\\/\\\/www.instagram.com\\\/editorialguadalupe\\\/\",\"https:\\\/\\\/guadalupeeditorial.mercadoshops.com.ar\\\/\"]}]}<\/script>\n<!-- \/ Yoast SEO plugin. -->","yoast_head_json":{"title":"Diccionario de las ciencias humanas - Editorial Guadalupe de Argentina","description":"El objetivo de este diccionario es el de contribuir a un conocimiento m\u00e1s cabal de la realidad del hombre en su evoluci\u00f3n hist\u00f3rico-cultura, y as\u00ed aportar una visi\u00f3n m\u00e1s unitaria y globalizadora de los conocimientos.","robots":{"index":"index","follow":"follow","max-snippet":"max-snippet:-1","max-image-preview":"max-image-preview:large","max-video-preview":"max-video-preview:-1"},"canonical":"https:\/\/libreriaguadalupe.com.ar\/libreria\/producto\/diccionario-de-las-ciencias-humanas\/","og_locale":"es_ES","og_type":"article","og_title":"Diccionario de las ciencias humanas - Editorial Guadalupe de Argentina","og_description":"El objetivo de este diccionario es el de contribuir a un conocimiento m\u00e1s cabal de la realidad del hombre en su evoluci\u00f3n hist\u00f3rico-cultura, y as\u00ed aportar una visi\u00f3n m\u00e1s unitaria y globalizadora de los conocimientos.","og_url":"https:\/\/libreriaguadalupe.com.ar\/libreria\/producto\/diccionario-de-las-ciencias-humanas\/","og_site_name":"Editorial Guadalupe de Argentina","article_publisher":"https:\/\/www.facebook.com\/LibreriaGuadalupeAR\/","article_modified_time":"2024-07-01T15:07:42+00:00","og_image":[{"width":299,"height":470,"url":"https:\/\/libreriaguadalupe.com.ar\/libreria\/wp-content\/uploads\/2023\/01\/Diccionario-de-las-ciencias-humanas-1.jpg","type":"image\/jpeg"}],"twitter_card":"summary_large_image","twitter_misc":{"Tiempo de lectura":"1 minuto"},"schema":{"@context":"https:\/\/schema.org","@graph":[{"@type":"WebPage","@id":"https:\/\/libreriaguadalupe.com.ar\/libreria\/producto\/diccionario-de-las-ciencias-humanas\/","url":"https:\/\/libreriaguadalupe.com.ar\/libreria\/producto\/diccionario-de-las-ciencias-humanas\/","name":"Diccionario de las ciencias humanas - Editorial Guadalupe de Argentina","isPartOf":{"@id":"https:\/\/libreriaguadalupe.com.ar\/libreria\/#website"},"primaryImageOfPage":{"@id":"https:\/\/libreriaguadalupe.com.ar\/libreria\/producto\/diccionario-de-las-ciencias-humanas\/#primaryimage"},"image":{"@id":"https:\/\/libreriaguadalupe.com.ar\/libreria\/producto\/diccionario-de-las-ciencias-humanas\/#primaryimage"},"thumbnailUrl":"https:\/\/i0.wp.com\/libreriaguadalupe.com.ar\/libreria\/wp-content\/uploads\/2023\/01\/Diccionario-de-las-ciencias-humanas-1.jpg?fit=299%2C470&ssl=1","datePublished":"2023-01-18T21:47:03+00:00","dateModified":"2024-07-01T15:07:42+00:00","description":"El objetivo de este diccionario es el de contribuir a un conocimiento m\u00e1s cabal de la realidad del hombre en su evoluci\u00f3n hist\u00f3rico-cultura, y as\u00ed aportar una visi\u00f3n m\u00e1s unitaria y globalizadora de los conocimientos.","breadcrumb":{"@id":"https:\/\/libreriaguadalupe.com.ar\/libreria\/producto\/diccionario-de-las-ciencias-humanas\/#breadcrumb"},"inLanguage":"es","potentialAction":[{"@type":"ReadAction","target":["https:\/\/libreriaguadalupe.com.ar\/libreria\/producto\/diccionario-de-las-ciencias-humanas\/"]}]},{"@type":"ImageObject","inLanguage":"es","@id":"https:\/\/libreriaguadalupe.com.ar\/libreria\/producto\/diccionario-de-las-ciencias-humanas\/#primaryimage","url":"https:\/\/i0.wp.com\/libreriaguadalupe.com.ar\/libreria\/wp-content\/uploads\/2023\/01\/Diccionario-de-las-ciencias-humanas-1.jpg?fit=299%2C470&ssl=1","contentUrl":"https:\/\/i0.wp.com\/libreriaguadalupe.com.ar\/libreria\/wp-content\/uploads\/2023\/01\/Diccionario-de-las-ciencias-humanas-1.jpg?fit=299%2C470&ssl=1","width":299,"height":470},{"@type":"BreadcrumbList","@id":"https:\/\/libreriaguadalupe.com.ar\/libreria\/producto\/diccionario-de-las-ciencias-humanas\/#breadcrumb","itemListElement":[{"@type":"ListItem","position":1,"name":"Portada","item":"https:\/\/libreriaguadalupe.com.ar\/libreria\/"},{"@type":"ListItem","position":2,"name":"Tienda","item":"https:\/\/libreriaguadalupe.com.ar\/libreria\/"},{"@type":"ListItem","position":3,"name":"Diccionario de las ciencias humanas"}]},{"@type":"WebSite","@id":"https:\/\/libreriaguadalupe.com.ar\/libreria\/#website","url":"https:\/\/libreriaguadalupe.com.ar\/libreria\/","name":"Editorial Guadalupe de Argentina","description":"Congregaci\u00f3n del Verbo Divino","publisher":{"@id":"https:\/\/libreriaguadalupe.com.ar\/libreria\/#organization"},"alternateName":"Librer\u00eda Guadalupe","potentialAction":[{"@type":"SearchAction","target":{"@type":"EntryPoint","urlTemplate":"https:\/\/libreriaguadalupe.com.ar\/libreria\/?s={search_term_string}"},"query-input":{"@type":"PropertyValueSpecification","valueRequired":true,"valueName":"search_term_string"}}],"inLanguage":"es"},{"@type":"Organization","@id":"https:\/\/libreriaguadalupe.com.ar\/libreria\/#organization","name":"Editorial Guadalupe","alternateName":"Librer\u00eda Guadalupe","url":"https:\/\/libreriaguadalupe.com.ar\/libreria\/","logo":{"@type":"ImageObject","inLanguage":"es","@id":"https:\/\/libreriaguadalupe.com.ar\/libreria\/#\/schema\/logo\/image\/","url":"https:\/\/i0.wp.com\/libreriaguadalupe.com.ar\/libreria\/wp-content\/uploads\/2023\/01\/cropped-logo-editorial-guadalupe.webp?fit=500%2C100&ssl=1","contentUrl":"https:\/\/i0.wp.com\/libreriaguadalupe.com.ar\/libreria\/wp-content\/uploads\/2023\/01\/cropped-logo-editorial-guadalupe.webp?fit=500%2C100&ssl=1","width":500,"height":100,"caption":"Editorial Guadalupe"},"image":{"@id":"https:\/\/libreriaguadalupe.com.ar\/libreria\/#\/schema\/logo\/image\/"},"sameAs":["https:\/\/www.facebook.com\/LibreriaGuadalupeAR\/","https:\/\/www.instagram.com\/editorialguadalupe\/","https:\/\/guadalupeeditorial.mercadoshops.com.ar\/"]}]}},"jetpack_publicize_connections":[],"jetpack_sharing_enabled":true,"jetpack-related-posts":[{"id":12767,"url":"https:\/\/libreriaguadalupe.com.ar\/libreria\/producto\/diccionario-de-pensadores-cristianos\/","url_meta":{"origin":13146,"position":0},"title":"Diccionario de pensadores cristianos","author":"admin","date":"18\/01\/2023","format":false,"excerpt":"Autor:\u00a0Xabier Pikaza Ibarrondo ISBN: 8499451060 Dimensiones: 15,5 x 24 cm P\u00e1ginas: 992","rel":"","context":"Entrada similar","block_context":{"text":"Entrada similar","link":""},"img":{"alt_text":"","src":"https:\/\/i0.wp.com\/libreriaguadalupe.com.ar\/libreria\/wp-content\/uploads\/2023\/01\/Diccionario-de-pensadores-cristianos.jpg?fit=380%2C586&ssl=1&resize=350%2C200","width":350,"height":200},"classes":[]},{"id":12765,"url":"https:\/\/libreriaguadalupe.com.ar\/libreria\/producto\/diccionario-abreviado-de-liturgia\/","url_meta":{"origin":13146,"position":1},"title":"Diccionario abreviado de liturgia","author":"admin","date":"18\/01\/2023","format":false,"excerpt":"Autor: Casiano Florist\u00e1n Samanes ISBN: 8481694512 Dimensiones: 10,3 x 21,5 cm P\u00e1ginas: 324","rel":"","context":"Entrada similar","block_context":{"text":"Entrada similar","link":""},"img":{"alt_text":"","src":"https:\/\/i0.wp.com\/libreriaguadalupe.com.ar\/libreria\/wp-content\/uploads\/2023\/01\/Diccionario-abreviado-de-liturgia.jpg?fit=380%2C586&ssl=1&resize=350%2C200","width":350,"height":200},"classes":[]},{"id":15082,"url":"https:\/\/libreriaguadalupe.com.ar\/libreria\/producto\/diccionario-abreviado-de-liturgia-2\/","url_meta":{"origin":13146,"position":2},"title":"Diccionario abreviado de liturgia","author":"admin","date":"07\/02\/2023","format":false,"excerpt":"","rel":"","context":"Entrada similar","block_context":{"text":"Entrada similar","link":""},"img":{"alt_text":"","src":"","width":0,"height":0},"classes":[]},{"id":15083,"url":"https:\/\/libreriaguadalupe.com.ar\/libreria\/producto\/diccionario-biblico-abreviado-2\/","url_meta":{"origin":13146,"position":3},"title":"Diccionario biblico abreviado","author":"admin","date":"07\/02\/2023","format":false,"excerpt":"","rel":"","context":"Entrada similar","block_context":{"text":"Entrada similar","link":""},"img":{"alt_text":"","src":"","width":0,"height":0},"classes":[]},{"id":15084,"url":"https:\/\/libreriaguadalupe.com.ar\/libreria\/producto\/diccionario-de-pensadores-cristianos-2\/","url_meta":{"origin":13146,"position":4},"title":"Diccionario de pensadores cristianos","author":"admin","date":"07\/02\/2023","format":false,"excerpt":"","rel":"","context":"Entrada similar","block_context":{"text":"Entrada similar","link":""},"img":{"alt_text":"","src":"","width":0,"height":0},"classes":[]},{"id":15378,"url":"https:\/\/libreriaguadalupe.com.ar\/libreria\/producto\/gran-diccionario-de-la-biblia-2\/","url_meta":{"origin":13146,"position":5},"title":"Gran diccionario de la Biblia","author":"admin","date":"07\/02\/2023","format":false,"excerpt":"","rel":"","context":"Entrada similar","block_context":{"text":"Entrada similar","link":""},"img":{"alt_text":"","src":"https:\/\/i0.wp.com\/libreriaguadalupe.com.ar\/libreria\/wp-content\/uploads\/2023\/02\/Gran-diccionario.jpg?fit=380%2C586&ssl=1&resize=350%2C200","width":350,"height":200},"classes":[]}],"_links":{"self":[{"href":"https:\/\/libreriaguadalupe.com.ar\/libreria\/wp-json\/wp\/v2\/product\/13146","targetHints":{"allow":["GET"]}}],"collection":[{"href":"https:\/\/libreriaguadalupe.com.ar\/libreria\/wp-json\/wp\/v2\/product"}],"about":[{"href":"https:\/\/libreriaguadalupe.com.ar\/libreria\/wp-json\/wp\/v2\/types\/product"}],"replies":[{"embeddable":true,"href":"https:\/\/libreriaguadalupe.com.ar\/libreria\/wp-json\/wp\/v2\/comments?post=13146"}],"version-history":[{"count":3,"href":"https:\/\/libreriaguadalupe.com.ar\/libreria\/wp-json\/wp\/v2\/product\/13146\/revisions"}],"predecessor-version":[{"id":17109,"href":"https:\/\/libreriaguadalupe.com.ar\/libreria\/wp-json\/wp\/v2\/product\/13146\/revisions\/17109"}],"wp:featuredmedia":[{"embeddable":true,"href":"https:\/\/libreriaguadalupe.com.ar\/libreria\/wp-json\/wp\/v2\/media\/17108"}],"wp:attachment":[{"href":"https:\/\/libreriaguadalupe.com.ar\/libreria\/wp-json\/wp\/v2\/media?parent=13146"}],"wp:term":[{"taxonomy":"product_brand","embeddable":true,"href":"https:\/\/libreriaguadalupe.com.ar\/libreria\/wp-json\/wp\/v2\/product_brand?post=13146"},{"taxonomy":"product_cat","embeddable":true,"href":"https:\/\/libreriaguadalupe.com.ar\/libreria\/wp-json\/wp\/v2\/product_cat?post=13146"},{"taxonomy":"product_tag","embeddable":true,"href":"https:\/\/libreriaguadalupe.com.ar\/libreria\/wp-json\/wp\/v2\/product_tag?post=13146"}],"curies":[{"name":"wp","href":"https:\/\/api.w.org\/{rel}","templated":true}]}}