{"id":13100,"date":"2023-01-18T15:46:53","date_gmt":"2023-01-18T18:46:53","guid":{"rendered":"https:\/\/libreriaguadalupe.com.ar\/libreria\/?post_type=product&#038;p=13100"},"modified":"2024-03-14T10:35:33","modified_gmt":"2024-03-14T13:35:33","slug":"con-jesus-de-nazareth-ser-otros-cristos","status":"publish","type":"product","link":"https:\/\/libreriaguadalupe.com.ar\/libreria\/producto\/con-jesus-de-nazareth-ser-otros-cristos\/","title":{"rendered":"Con Jes\u00fas de Nazaret, ser otros Cristos"},"content":{"rendered":"<p>Vivimos inmersos en un cambio de \u00e9poca, en un cambio de consciencia en el que la actualizaci\u00f3n de la fe se vuelve impostergable. Por ello se vuelve a\u00fan m\u00e1s necesario volver la mirada a Jes\u00fas de Nazaret.<\/p>\n<p>Jes\u00fas de Nazaret, el Cristo, es el fundamento central de nuestra fe. Su persona sigue teniendo plena vigencia y actualidad para nosotros.<\/p>\n<p>En este libro, acogemos la invitaci\u00f3n de Jes\u00fas a descubrir al Dios en quien vivimos, nos movemos y existimos, y a experimentar el mismo estado de consciencia en el que \u00c9l vivi\u00f3: Que todos sean uno; como t\u00fa, Padre, est\u00e1s en m\u00ed y yo en ti, que tambi\u00e9n ellos sean uno en nosotros&#8230; Yo en ellos y t\u00fa en m\u00ed, para que sean plenamente uno (Jn 17,21.23).<\/p>\n<p>Hacer de Jes\u00fas nuestro compa\u00f1ero de camino es el objeto central de este estudio: recorrer los momentos importantes de su vida para descubrir en ellos un itinerario espiritual que nos conduce a la libertad, a la vida plena y la felicidad.<\/p>\n","protected":false},"excerpt":{"rendered":"<p>Autor: Antonio Kuri Bre\u00f1a Romero de Terreros<strong><br \/>\n<\/strong>ISBN: 8499456058<br \/>\nDimensiones: 14 x 22 cm<br \/>\nP\u00e1ginas: 280<\/p>\n","protected":false},"featured_media":13280,"comment_status":"open","ping_status":"closed","template":"","meta":{"jetpack_publicize_message":"","jetpack_publicize_feature_enabled":true,"jetpack_social_post_already_shared":false,"jetpack_social_options":{"image_generator_settings":{"template":"highway","default_image_id":0,"font":"","enabled":false},"version":2}},"product_brand":[],"product_cat":[109],"product_tag":[127],"class_list":{"0":"post-13100","1":"product","2":"type-product","3":"status-publish","4":"has-post-thumbnail","6":"product_cat-verbo-divino","7":"product_tag-editorial-guadalupe-de-argentina","9":"first","10":"instock","11":"shipping-taxable","12":"purchasable","13":"product-type-simple"},"yoast_head":"<!-- This site is optimized with the Yoast SEO plugin v27.4 - https:\/\/yoast.com\/product\/yoast-seo-wordpress\/ -->\n<title>Con Jes\u00fas de Nazaret, ser otros Cristos - Editorial Guadalupe de Argentina<\/title>\n<meta name=\"description\" content=\"Vivimos inmersos en un cambio de \u00e9poca, en un cambio de consciencia en el que la actualizaci\u00f3n de la fe se vuelve impostergable. Por ello se vuelve a\u00fan m\u00e1s necesario volver la mirada a Jes\u00fas de Nazaret.\" \/>\n<meta name=\"robots\" content=\"index, follow, max-snippet:-1, max-image-preview:large, max-video-preview:-1\" \/>\n<link rel=\"canonical\" href=\"https:\/\/libreriaguadalupe.com.ar\/libreria\/producto\/con-jesus-de-nazareth-ser-otros-cristos\/\" \/>\n<meta property=\"og:locale\" content=\"es_ES\" \/>\n<meta property=\"og:type\" content=\"article\" \/>\n<meta property=\"og:title\" content=\"Con Jes\u00fas de Nazaret, ser otros Cristos - Editorial Guadalupe de Argentina\" \/>\n<meta property=\"og:description\" content=\"Vivimos inmersos en un cambio de \u00e9poca, en un cambio de consciencia en el que la actualizaci\u00f3n de la fe se vuelve impostergable. Por ello se vuelve a\u00fan m\u00e1s necesario volver la mirada a Jes\u00fas de Nazaret.\" \/>\n<meta property=\"og:url\" content=\"https:\/\/libreriaguadalupe.com.ar\/libreria\/producto\/con-jesus-de-nazareth-ser-otros-cristos\/\" \/>\n<meta property=\"og:site_name\" content=\"Editorial Guadalupe de Argentina\" \/>\n<meta property=\"article:publisher\" content=\"https:\/\/www.facebook.com\/LibreriaGuadalupeAR\/\" \/>\n<meta property=\"article:modified_time\" content=\"2024-03-14T13:35:33+00:00\" \/>\n<meta property=\"og:image\" content=\"https:\/\/libreriaguadalupe.com.ar\/libreria\/wp-content\/uploads\/1674\/33\/1017.jpg\" \/>\n\t<meta property=\"og:image:width\" content=\"309\" \/>\n\t<meta property=\"og:image:height\" content=\"493\" \/>\n\t<meta property=\"og:image:type\" content=\"image\/jpeg\" \/>\n<meta name=\"twitter:card\" content=\"summary_large_image\" \/>\n<meta name=\"twitter:label1\" content=\"Tiempo de lectura\" \/>\n\t<meta name=\"twitter:data1\" content=\"1 minuto\" \/>\n<script type=\"application\/ld+json\" class=\"yoast-schema-graph\">{\"@context\":\"https:\\\/\\\/schema.org\",\"@graph\":[{\"@type\":\"WebPage\",\"@id\":\"https:\\\/\\\/libreriaguadalupe.com.ar\\\/libreria\\\/producto\\\/con-jesus-de-nazareth-ser-otros-cristos\\\/\",\"url\":\"https:\\\/\\\/libreriaguadalupe.com.ar\\\/libreria\\\/producto\\\/con-jesus-de-nazareth-ser-otros-cristos\\\/\",\"name\":\"Con Jes\u00fas de Nazaret, ser otros Cristos - Editorial Guadalupe de Argentina\",\"isPartOf\":{\"@id\":\"https:\\\/\\\/libreriaguadalupe.com.ar\\\/libreria\\\/#website\"},\"primaryImageOfPage\":{\"@id\":\"https:\\\/\\\/libreriaguadalupe.com.ar\\\/libreria\\\/producto\\\/con-jesus-de-nazareth-ser-otros-cristos\\\/#primaryimage\"},\"image\":{\"@id\":\"https:\\\/\\\/libreriaguadalupe.com.ar\\\/libreria\\\/producto\\\/con-jesus-de-nazareth-ser-otros-cristos\\\/#primaryimage\"},\"thumbnailUrl\":\"https:\\\/\\\/i0.wp.com\\\/libreriaguadalupe.com.ar\\\/libreria\\\/wp-content\\\/uploads\\\/1674\\\/33\\\/1017.jpg?fit=309%2C493&ssl=1\",\"datePublished\":\"2023-01-18T18:46:53+00:00\",\"dateModified\":\"2024-03-14T13:35:33+00:00\",\"description\":\"Vivimos inmersos en un cambio de \u00e9poca, en un cambio de consciencia en el que la actualizaci\u00f3n de la fe se vuelve impostergable. Por ello se vuelve a\u00fan m\u00e1s necesario volver la mirada a Jes\u00fas de Nazaret.\",\"breadcrumb\":{\"@id\":\"https:\\\/\\\/libreriaguadalupe.com.ar\\\/libreria\\\/producto\\\/con-jesus-de-nazareth-ser-otros-cristos\\\/#breadcrumb\"},\"inLanguage\":\"es\",\"potentialAction\":[{\"@type\":\"ReadAction\",\"target\":[\"https:\\\/\\\/libreriaguadalupe.com.ar\\\/libreria\\\/producto\\\/con-jesus-de-nazareth-ser-otros-cristos\\\/\"]}]},{\"@type\":\"ImageObject\",\"inLanguage\":\"es\",\"@id\":\"https:\\\/\\\/libreriaguadalupe.com.ar\\\/libreria\\\/producto\\\/con-jesus-de-nazareth-ser-otros-cristos\\\/#primaryimage\",\"url\":\"https:\\\/\\\/i0.wp.com\\\/libreriaguadalupe.com.ar\\\/libreria\\\/wp-content\\\/uploads\\\/1674\\\/33\\\/1017.jpg?fit=309%2C493&ssl=1\",\"contentUrl\":\"https:\\\/\\\/i0.wp.com\\\/libreriaguadalupe.com.ar\\\/libreria\\\/wp-content\\\/uploads\\\/1674\\\/33\\\/1017.jpg?fit=309%2C493&ssl=1\",\"width\":309,\"height\":493},{\"@type\":\"BreadcrumbList\",\"@id\":\"https:\\\/\\\/libreriaguadalupe.com.ar\\\/libreria\\\/producto\\\/con-jesus-de-nazareth-ser-otros-cristos\\\/#breadcrumb\",\"itemListElement\":[{\"@type\":\"ListItem\",\"position\":1,\"name\":\"Portada\",\"item\":\"https:\\\/\\\/libreriaguadalupe.com.ar\\\/libreria\\\/\"},{\"@type\":\"ListItem\",\"position\":2,\"name\":\"Tienda\",\"item\":\"https:\\\/\\\/libreriaguadalupe.com.ar\\\/libreria\\\/\"},{\"@type\":\"ListItem\",\"position\":3,\"name\":\"Con Jes\u00fas de Nazaret, ser otros Cristos\"}]},{\"@type\":\"WebSite\",\"@id\":\"https:\\\/\\\/libreriaguadalupe.com.ar\\\/libreria\\\/#website\",\"url\":\"https:\\\/\\\/libreriaguadalupe.com.ar\\\/libreria\\\/\",\"name\":\"Editorial Guadalupe de Argentina\",\"description\":\"Congregaci\u00f3n del Verbo Divino\",\"publisher\":{\"@id\":\"https:\\\/\\\/libreriaguadalupe.com.ar\\\/libreria\\\/#organization\"},\"alternateName\":\"Librer\u00eda Guadalupe\",\"potentialAction\":[{\"@type\":\"SearchAction\",\"target\":{\"@type\":\"EntryPoint\",\"urlTemplate\":\"https:\\\/\\\/libreriaguadalupe.com.ar\\\/libreria\\\/?s={search_term_string}\"},\"query-input\":{\"@type\":\"PropertyValueSpecification\",\"valueRequired\":true,\"valueName\":\"search_term_string\"}}],\"inLanguage\":\"es\"},{\"@type\":\"Organization\",\"@id\":\"https:\\\/\\\/libreriaguadalupe.com.ar\\\/libreria\\\/#organization\",\"name\":\"Editorial Guadalupe\",\"alternateName\":\"Librer\u00eda Guadalupe\",\"url\":\"https:\\\/\\\/libreriaguadalupe.com.ar\\\/libreria\\\/\",\"logo\":{\"@type\":\"ImageObject\",\"inLanguage\":\"es\",\"@id\":\"https:\\\/\\\/libreriaguadalupe.com.ar\\\/libreria\\\/#\\\/schema\\\/logo\\\/image\\\/\",\"url\":\"https:\\\/\\\/i0.wp.com\\\/libreriaguadalupe.com.ar\\\/libreria\\\/wp-content\\\/uploads\\\/2023\\\/01\\\/cropped-logo-editorial-guadalupe.webp?fit=500%2C100&ssl=1\",\"contentUrl\":\"https:\\\/\\\/i0.wp.com\\\/libreriaguadalupe.com.ar\\\/libreria\\\/wp-content\\\/uploads\\\/2023\\\/01\\\/cropped-logo-editorial-guadalupe.webp?fit=500%2C100&ssl=1\",\"width\":500,\"height\":100,\"caption\":\"Editorial Guadalupe\"},\"image\":{\"@id\":\"https:\\\/\\\/libreriaguadalupe.com.ar\\\/libreria\\\/#\\\/schema\\\/logo\\\/image\\\/\"},\"sameAs\":[\"https:\\\/\\\/www.facebook.com\\\/LibreriaGuadalupeAR\\\/\",\"https:\\\/\\\/www.instagram.com\\\/editorialguadalupe\\\/\",\"https:\\\/\\\/guadalupeeditorial.mercadoshops.com.ar\\\/\"]}]}<\/script>\n<!-- \/ Yoast SEO plugin. -->","yoast_head_json":{"title":"Con Jes\u00fas de Nazaret, ser otros Cristos - Editorial Guadalupe de Argentina","description":"Vivimos inmersos en un cambio de \u00e9poca, en un cambio de consciencia en el que la actualizaci\u00f3n de la fe se vuelve impostergable. Por ello se vuelve a\u00fan m\u00e1s necesario volver la mirada a Jes\u00fas de Nazaret.","robots":{"index":"index","follow":"follow","max-snippet":"max-snippet:-1","max-image-preview":"max-image-preview:large","max-video-preview":"max-video-preview:-1"},"canonical":"https:\/\/libreriaguadalupe.com.ar\/libreria\/producto\/con-jesus-de-nazareth-ser-otros-cristos\/","og_locale":"es_ES","og_type":"article","og_title":"Con Jes\u00fas de Nazaret, ser otros Cristos - Editorial Guadalupe de Argentina","og_description":"Vivimos inmersos en un cambio de \u00e9poca, en un cambio de consciencia en el que la actualizaci\u00f3n de la fe se vuelve impostergable. Por ello se vuelve a\u00fan m\u00e1s necesario volver la mirada a Jes\u00fas de Nazaret.","og_url":"https:\/\/libreriaguadalupe.com.ar\/libreria\/producto\/con-jesus-de-nazareth-ser-otros-cristos\/","og_site_name":"Editorial Guadalupe de Argentina","article_publisher":"https:\/\/www.facebook.com\/LibreriaGuadalupeAR\/","article_modified_time":"2024-03-14T13:35:33+00:00","og_image":[{"width":309,"height":493,"url":"https:\/\/libreriaguadalupe.com.ar\/libreria\/wp-content\/uploads\/1674\/33\/1017.jpg","type":"image\/jpeg"}],"twitter_card":"summary_large_image","twitter_misc":{"Tiempo de lectura":"1 minuto"},"schema":{"@context":"https:\/\/schema.org","@graph":[{"@type":"WebPage","@id":"https:\/\/libreriaguadalupe.com.ar\/libreria\/producto\/con-jesus-de-nazareth-ser-otros-cristos\/","url":"https:\/\/libreriaguadalupe.com.ar\/libreria\/producto\/con-jesus-de-nazareth-ser-otros-cristos\/","name":"Con Jes\u00fas de Nazaret, ser otros Cristos - Editorial Guadalupe de Argentina","isPartOf":{"@id":"https:\/\/libreriaguadalupe.com.ar\/libreria\/#website"},"primaryImageOfPage":{"@id":"https:\/\/libreriaguadalupe.com.ar\/libreria\/producto\/con-jesus-de-nazareth-ser-otros-cristos\/#primaryimage"},"image":{"@id":"https:\/\/libreriaguadalupe.com.ar\/libreria\/producto\/con-jesus-de-nazareth-ser-otros-cristos\/#primaryimage"},"thumbnailUrl":"https:\/\/i0.wp.com\/libreriaguadalupe.com.ar\/libreria\/wp-content\/uploads\/1674\/33\/1017.jpg?fit=309%2C493&ssl=1","datePublished":"2023-01-18T18:46:53+00:00","dateModified":"2024-03-14T13:35:33+00:00","description":"Vivimos inmersos en un cambio de \u00e9poca, en un cambio de consciencia en el que la actualizaci\u00f3n de la fe se vuelve impostergable. Por ello se vuelve a\u00fan m\u00e1s necesario volver la mirada a Jes\u00fas de Nazaret.","breadcrumb":{"@id":"https:\/\/libreriaguadalupe.com.ar\/libreria\/producto\/con-jesus-de-nazareth-ser-otros-cristos\/#breadcrumb"},"inLanguage":"es","potentialAction":[{"@type":"ReadAction","target":["https:\/\/libreriaguadalupe.com.ar\/libreria\/producto\/con-jesus-de-nazareth-ser-otros-cristos\/"]}]},{"@type":"ImageObject","inLanguage":"es","@id":"https:\/\/libreriaguadalupe.com.ar\/libreria\/producto\/con-jesus-de-nazareth-ser-otros-cristos\/#primaryimage","url":"https:\/\/i0.wp.com\/libreriaguadalupe.com.ar\/libreria\/wp-content\/uploads\/1674\/33\/1017.jpg?fit=309%2C493&ssl=1","contentUrl":"https:\/\/i0.wp.com\/libreriaguadalupe.com.ar\/libreria\/wp-content\/uploads\/1674\/33\/1017.jpg?fit=309%2C493&ssl=1","width":309,"height":493},{"@type":"BreadcrumbList","@id":"https:\/\/libreriaguadalupe.com.ar\/libreria\/producto\/con-jesus-de-nazareth-ser-otros-cristos\/#breadcrumb","itemListElement":[{"@type":"ListItem","position":1,"name":"Portada","item":"https:\/\/libreriaguadalupe.com.ar\/libreria\/"},{"@type":"ListItem","position":2,"name":"Tienda","item":"https:\/\/libreriaguadalupe.com.ar\/libreria\/"},{"@type":"ListItem","position":3,"name":"Con Jes\u00fas de Nazaret, ser otros Cristos"}]},{"@type":"WebSite","@id":"https:\/\/libreriaguadalupe.com.ar\/libreria\/#website","url":"https:\/\/libreriaguadalupe.com.ar\/libreria\/","name":"Editorial Guadalupe de Argentina","description":"Congregaci\u00f3n del Verbo Divino","publisher":{"@id":"https:\/\/libreriaguadalupe.com.ar\/libreria\/#organization"},"alternateName":"Librer\u00eda Guadalupe","potentialAction":[{"@type":"SearchAction","target":{"@type":"EntryPoint","urlTemplate":"https:\/\/libreriaguadalupe.com.ar\/libreria\/?s={search_term_string}"},"query-input":{"@type":"PropertyValueSpecification","valueRequired":true,"valueName":"search_term_string"}}],"inLanguage":"es"},{"@type":"Organization","@id":"https:\/\/libreriaguadalupe.com.ar\/libreria\/#organization","name":"Editorial Guadalupe","alternateName":"Librer\u00eda Guadalupe","url":"https:\/\/libreriaguadalupe.com.ar\/libreria\/","logo":{"@type":"ImageObject","inLanguage":"es","@id":"https:\/\/libreriaguadalupe.com.ar\/libreria\/#\/schema\/logo\/image\/","url":"https:\/\/i0.wp.com\/libreriaguadalupe.com.ar\/libreria\/wp-content\/uploads\/2023\/01\/cropped-logo-editorial-guadalupe.webp?fit=500%2C100&ssl=1","contentUrl":"https:\/\/i0.wp.com\/libreriaguadalupe.com.ar\/libreria\/wp-content\/uploads\/2023\/01\/cropped-logo-editorial-guadalupe.webp?fit=500%2C100&ssl=1","width":500,"height":100,"caption":"Editorial Guadalupe"},"image":{"@id":"https:\/\/libreriaguadalupe.com.ar\/libreria\/#\/schema\/logo\/image\/"},"sameAs":["https:\/\/www.facebook.com\/LibreriaGuadalupeAR\/","https:\/\/www.instagram.com\/editorialguadalupe\/","https:\/\/guadalupeeditorial.mercadoshops.com.ar\/"]}]}},"jetpack_publicize_connections":[],"jetpack_sharing_enabled":true,"jetpack-related-posts":[{"id":16069,"url":"https:\/\/libreriaguadalupe.com.ar\/libreria\/producto\/los-relatos-del-nacimiento-de-jesus\/","url_meta":{"origin":13100,"position":0},"title":"Los relatos del nacimiento de Jes\u00fas","author":"admin","date":"12\/02\/2023","format":false,"excerpt":"Los or\u00edgenes del Mes\u00edas de Israel\u00a0 AUTOR: TARANZANO ADRIAN ISBN: 9505008155","rel":"","context":"Entrada similar","block_context":{"text":"Entrada similar","link":""},"img":{"alt_text":"","src":"https:\/\/i0.wp.com\/libreriaguadalupe.com.ar\/libreria\/wp-content\/uploads\/2023\/02\/Los-relatos-del-nacimiento-de-Jesus.jpg?fit=348%2C500&ssl=1&resize=350%2C200","width":350,"height":200},"classes":[]},{"id":16072,"url":"https:\/\/libreriaguadalupe.com.ar\/libreria\/producto\/los-relatos-del-nacimiento-de-jesus-e-book\/","url_meta":{"origin":13100,"position":1},"title":"Los relatos del nacimiento de Jes\u00fas (E-BOOK)","author":"admin","date":"12\/02\/2023","format":false,"excerpt":"EDICION DIGITAL AUTOR: TARANZANO ADRIAN ISBN: 9505008155","rel":"","context":"Entrada similar","block_context":{"text":"Entrada similar","link":""},"img":{"alt_text":"","src":"https:\/\/i0.wp.com\/libreriaguadalupe.com.ar\/libreria\/wp-content\/uploads\/2023\/02\/Los-relatos-del-nacimiento-de-Jesus.jpg?fit=348%2C500&ssl=1&resize=350%2C200","width":350,"height":200},"classes":[]},{"id":17131,"url":"https:\/\/libreriaguadalupe.com.ar\/libreria\/producto\/la-vigencia-de-jesus-de-nazaret\/","url_meta":{"origin":13100,"position":2},"title":"La Vigencia De Jes\u00fas De Nazaret","author":"admin","date":"28\/03\/2023","format":false,"excerpt":"VOLUMEN I Autor: Oscar Correa ISBN: 9789505008438 Dimensiones: 15 x 22 cm P\u00e1ginas: 288","rel":"","context":"Entrada similar","block_context":{"text":"Entrada similar","link":""},"img":{"alt_text":"","src":"https:\/\/i0.wp.com\/libreriaguadalupe.com.ar\/libreria\/wp-content\/uploads\/2023\/03\/La-Vigencia-De-Jesus-De-Nazaret.jpeg?fit=365%2C500&ssl=1&resize=350%2C200","width":350,"height":200},"classes":[]},{"id":15512,"url":"https:\/\/libreriaguadalupe.com.ar\/libreria\/producto\/la-memoria-de-jesus-y-los-cristianismos-de-los-origenes-2\/","url_meta":{"origin":13100,"position":3},"title":"La memoria de Jesus y los cristianismos de los origenes","author":"admin","date":"07\/02\/2023","format":false,"excerpt":"Autor: EVD ISBN: 8490731062","rel":"","context":"Entrada similar","block_context":{"text":"Entrada similar","link":""},"img":{"alt_text":"","src":"https:\/\/i0.wp.com\/libreriaguadalupe.com.ar\/libreria\/wp-content\/uploads\/2023\/02\/La-memoria-de-Jesus-y-los-cristianismos-de-los-origenes.jpg?fit=380%2C586&ssl=1&resize=350%2C200","width":350,"height":200},"classes":[]},{"id":18058,"url":"https:\/\/libreriaguadalupe.com.ar\/libreria\/producto\/la-vigencia-de-jesus-de-nazaret-vol-iii\/","url_meta":{"origin":13100,"position":4},"title":"La vigencia de Jes\u00fas de Nazaret &#8211; Vol. III","author":"admin","date":"22\/05\/2024","format":false,"excerpt":"Autor: Oscar Correa ISBN: 978-950-500-922-0 Dimensiones: 16 x 23 cm P\u00e1ginas: 428","rel":"","context":"Entrada similar","block_context":{"text":"Entrada similar","link":""},"img":{"alt_text":"","src":"https:\/\/i0.wp.com\/libreriaguadalupe.com.ar\/libreria\/wp-content\/uploads\/2024\/05\/NOVEDAD-TIENDA-MAYO-3.jpg?fit=470%2C470&ssl=1&resize=350%2C200","width":350,"height":200},"classes":[]},{"id":14646,"url":"https:\/\/libreriaguadalupe.com.ar\/libreria\/producto\/what-is-lorem-ipsum\/","url_meta":{"origin":13100,"position":5},"title":"LA VIGENCIA DE JES\u00daS DE NAZARET VOL.II","author":"admin","date":"30\/01\/2023","format":false,"excerpt":"AUTOR: CORREA, OSCAR ISBN: 9505008841","rel":"","context":"Entrada similar","block_context":{"text":"Entrada similar","link":""},"img":{"alt_text":"","src":"https:\/\/i0.wp.com\/libreriaguadalupe.com.ar\/libreria\/wp-content\/uploads\/2023\/01\/La-vigencia-de-Jesus-de-Nazaret-Tapa-chico.jpg?fit=345%2C500&ssl=1&resize=350%2C200","width":350,"height":200},"classes":[]}],"_links":{"self":[{"href":"https:\/\/libreriaguadalupe.com.ar\/libreria\/wp-json\/wp\/v2\/product\/13100","targetHints":{"allow":["GET"]}}],"collection":[{"href":"https:\/\/libreriaguadalupe.com.ar\/libreria\/wp-json\/wp\/v2\/product"}],"about":[{"href":"https:\/\/libreriaguadalupe.com.ar\/libreria\/wp-json\/wp\/v2\/types\/product"}],"replies":[{"embeddable":true,"href":"https:\/\/libreriaguadalupe.com.ar\/libreria\/wp-json\/wp\/v2\/comments?post=13100"}],"version-history":[{"count":3,"href":"https:\/\/libreriaguadalupe.com.ar\/libreria\/wp-json\/wp\/v2\/product\/13100\/revisions"}],"predecessor-version":[{"id":16932,"href":"https:\/\/libreriaguadalupe.com.ar\/libreria\/wp-json\/wp\/v2\/product\/13100\/revisions\/16932"}],"wp:featuredmedia":[{"embeddable":true,"href":"https:\/\/libreriaguadalupe.com.ar\/libreria\/wp-json\/wp\/v2\/media\/13280"}],"wp:attachment":[{"href":"https:\/\/libreriaguadalupe.com.ar\/libreria\/wp-json\/wp\/v2\/media?parent=13100"}],"wp:term":[{"taxonomy":"product_brand","embeddable":true,"href":"https:\/\/libreriaguadalupe.com.ar\/libreria\/wp-json\/wp\/v2\/product_brand?post=13100"},{"taxonomy":"product_cat","embeddable":true,"href":"https:\/\/libreriaguadalupe.com.ar\/libreria\/wp-json\/wp\/v2\/product_cat?post=13100"},{"taxonomy":"product_tag","embeddable":true,"href":"https:\/\/libreriaguadalupe.com.ar\/libreria\/wp-json\/wp\/v2\/product_tag?post=13100"}],"curies":[{"name":"wp","href":"https:\/\/api.w.org\/{rel}","templated":true}]}}