{"id":12999,"date":"2023-01-18T18:46:40","date_gmt":"2023-01-18T21:46:40","guid":{"rendered":"https:\/\/libreriaguadalupe.com.ar\/libreria\/?post_type=product&#038;p=12999"},"modified":"2024-07-05T11:23:36","modified_gmt":"2024-07-05T14:23:36","slug":"la-biblia-catolica-para-jovenes-tapa-dura","status":"publish","type":"product","link":"https:\/\/libreriaguadalupe.com.ar\/libreria\/producto\/la-biblia-catolica-para-jovenes-tapa-dura\/","title":{"rendered":"La Biblia Cat\u00f3lica para J\u00f3venes &#8211; Tapa Dura"},"content":{"rendered":"","protected":false},"excerpt":{"rendered":"<p>ISBN: 8490731222<\/p>\n","protected":false},"featured_media":14311,"comment_status":"open","ping_status":"closed","template":"","meta":{"jetpack_publicize_message":"","jetpack_publicize_feature_enabled":true,"jetpack_social_post_already_shared":false,"jetpack_social_options":{"image_generator_settings":{"template":"highway","default_image_id":0,"font":"","enabled":false},"version":2}},"product_brand":[],"product_cat":[63],"product_tag":[131],"class_list":{"0":"post-12999","1":"product","2":"type-product","3":"status-publish","4":"has-post-thumbnail","6":"product_cat-biblias","7":"product_tag-verbo-divino","9":"first","10":"outofstock","11":"shipping-taxable","12":"purchasable","13":"product-type-simple"},"yoast_head":"<!-- This site is optimized with the Yoast SEO plugin v27.4 - https:\/\/yoast.com\/product\/yoast-seo-wordpress\/ -->\n<title>La Biblia Cat\u00f3lica para J\u00f3venes - Tapa Dura - Editorial Guadalupe de Argentina<\/title>\n<meta name=\"robots\" content=\"index, follow, max-snippet:-1, max-image-preview:large, max-video-preview:-1\" \/>\n<link rel=\"canonical\" href=\"https:\/\/libreriaguadalupe.com.ar\/libreria\/producto\/la-biblia-catolica-para-jovenes-tapa-dura\/\" \/>\n<meta property=\"og:locale\" content=\"es_ES\" \/>\n<meta property=\"og:type\" content=\"article\" \/>\n<meta property=\"og:title\" content=\"La Biblia Cat\u00f3lica para J\u00f3venes - Tapa Dura - Editorial Guadalupe de Argentina\" \/>\n<meta property=\"og:description\" content=\"ISBN: 8490731222\" \/>\n<meta property=\"og:url\" content=\"https:\/\/libreriaguadalupe.com.ar\/libreria\/producto\/la-biblia-catolica-para-jovenes-tapa-dura\/\" \/>\n<meta property=\"og:site_name\" content=\"Editorial Guadalupe de Argentina\" \/>\n<meta property=\"article:publisher\" content=\"https:\/\/www.facebook.com\/LibreriaGuadalupeAR\/\" \/>\n<meta property=\"article:modified_time\" content=\"2024-07-05T14:23:36+00:00\" \/>\n<meta property=\"og:image\" content=\"https:\/\/libreriaguadalupe.com.ar\/libreria\/wp-content\/uploads\/2023\/01\/877.jpg\" \/>\n\t<meta property=\"og:image:width\" content=\"300\" \/>\n\t<meta property=\"og:image:height\" content=\"488\" \/>\n\t<meta property=\"og:image:type\" content=\"image\/jpeg\" \/>\n<meta name=\"twitter:card\" content=\"summary_large_image\" \/>\n<meta name=\"twitter:label1\" content=\"Tiempo de lectura\" \/>\n\t<meta name=\"twitter:data1\" content=\"1 minuto\" \/>\n<script type=\"application\/ld+json\" class=\"yoast-schema-graph\">{\"@context\":\"https:\\\/\\\/schema.org\",\"@graph\":[{\"@type\":\"WebPage\",\"@id\":\"https:\\\/\\\/libreriaguadalupe.com.ar\\\/libreria\\\/producto\\\/la-biblia-catolica-para-jovenes-tapa-dura\\\/\",\"url\":\"https:\\\/\\\/libreriaguadalupe.com.ar\\\/libreria\\\/producto\\\/la-biblia-catolica-para-jovenes-tapa-dura\\\/\",\"name\":\"La Biblia Cat\u00f3lica para J\u00f3venes - Tapa Dura - Editorial Guadalupe de Argentina\",\"isPartOf\":{\"@id\":\"https:\\\/\\\/libreriaguadalupe.com.ar\\\/libreria\\\/#website\"},\"primaryImageOfPage\":{\"@id\":\"https:\\\/\\\/libreriaguadalupe.com.ar\\\/libreria\\\/producto\\\/la-biblia-catolica-para-jovenes-tapa-dura\\\/#primaryimage\"},\"image\":{\"@id\":\"https:\\\/\\\/libreriaguadalupe.com.ar\\\/libreria\\\/producto\\\/la-biblia-catolica-para-jovenes-tapa-dura\\\/#primaryimage\"},\"thumbnailUrl\":\"https:\\\/\\\/i0.wp.com\\\/libreriaguadalupe.com.ar\\\/libreria\\\/wp-content\\\/uploads\\\/2023\\\/01\\\/877.jpg?fit=300%2C488&ssl=1\",\"datePublished\":\"2023-01-18T21:46:40+00:00\",\"dateModified\":\"2024-07-05T14:23:36+00:00\",\"breadcrumb\":{\"@id\":\"https:\\\/\\\/libreriaguadalupe.com.ar\\\/libreria\\\/producto\\\/la-biblia-catolica-para-jovenes-tapa-dura\\\/#breadcrumb\"},\"inLanguage\":\"es\",\"potentialAction\":[{\"@type\":\"ReadAction\",\"target\":[\"https:\\\/\\\/libreriaguadalupe.com.ar\\\/libreria\\\/producto\\\/la-biblia-catolica-para-jovenes-tapa-dura\\\/\"]}]},{\"@type\":\"ImageObject\",\"inLanguage\":\"es\",\"@id\":\"https:\\\/\\\/libreriaguadalupe.com.ar\\\/libreria\\\/producto\\\/la-biblia-catolica-para-jovenes-tapa-dura\\\/#primaryimage\",\"url\":\"https:\\\/\\\/i0.wp.com\\\/libreriaguadalupe.com.ar\\\/libreria\\\/wp-content\\\/uploads\\\/2023\\\/01\\\/877.jpg?fit=300%2C488&ssl=1\",\"contentUrl\":\"https:\\\/\\\/i0.wp.com\\\/libreriaguadalupe.com.ar\\\/libreria\\\/wp-content\\\/uploads\\\/2023\\\/01\\\/877.jpg?fit=300%2C488&ssl=1\",\"width\":300,\"height\":488},{\"@type\":\"BreadcrumbList\",\"@id\":\"https:\\\/\\\/libreriaguadalupe.com.ar\\\/libreria\\\/producto\\\/la-biblia-catolica-para-jovenes-tapa-dura\\\/#breadcrumb\",\"itemListElement\":[{\"@type\":\"ListItem\",\"position\":1,\"name\":\"Portada\",\"item\":\"https:\\\/\\\/libreriaguadalupe.com.ar\\\/libreria\\\/\"},{\"@type\":\"ListItem\",\"position\":2,\"name\":\"Tienda\",\"item\":\"https:\\\/\\\/libreriaguadalupe.com.ar\\\/libreria\\\/\"},{\"@type\":\"ListItem\",\"position\":3,\"name\":\"La Biblia Cat\u00f3lica para J\u00f3venes &#8211; Tapa Dura\"}]},{\"@type\":\"WebSite\",\"@id\":\"https:\\\/\\\/libreriaguadalupe.com.ar\\\/libreria\\\/#website\",\"url\":\"https:\\\/\\\/libreriaguadalupe.com.ar\\\/libreria\\\/\",\"name\":\"Editorial Guadalupe de Argentina\",\"description\":\"Congregaci\u00f3n del Verbo Divino\",\"publisher\":{\"@id\":\"https:\\\/\\\/libreriaguadalupe.com.ar\\\/libreria\\\/#organization\"},\"alternateName\":\"Librer\u00eda Guadalupe\",\"potentialAction\":[{\"@type\":\"SearchAction\",\"target\":{\"@type\":\"EntryPoint\",\"urlTemplate\":\"https:\\\/\\\/libreriaguadalupe.com.ar\\\/libreria\\\/?s={search_term_string}\"},\"query-input\":{\"@type\":\"PropertyValueSpecification\",\"valueRequired\":true,\"valueName\":\"search_term_string\"}}],\"inLanguage\":\"es\"},{\"@type\":\"Organization\",\"@id\":\"https:\\\/\\\/libreriaguadalupe.com.ar\\\/libreria\\\/#organization\",\"name\":\"Editorial Guadalupe\",\"alternateName\":\"Librer\u00eda Guadalupe\",\"url\":\"https:\\\/\\\/libreriaguadalupe.com.ar\\\/libreria\\\/\",\"logo\":{\"@type\":\"ImageObject\",\"inLanguage\":\"es\",\"@id\":\"https:\\\/\\\/libreriaguadalupe.com.ar\\\/libreria\\\/#\\\/schema\\\/logo\\\/image\\\/\",\"url\":\"https:\\\/\\\/i0.wp.com\\\/libreriaguadalupe.com.ar\\\/libreria\\\/wp-content\\\/uploads\\\/2023\\\/01\\\/cropped-logo-editorial-guadalupe.webp?fit=500%2C100&ssl=1\",\"contentUrl\":\"https:\\\/\\\/i0.wp.com\\\/libreriaguadalupe.com.ar\\\/libreria\\\/wp-content\\\/uploads\\\/2023\\\/01\\\/cropped-logo-editorial-guadalupe.webp?fit=500%2C100&ssl=1\",\"width\":500,\"height\":100,\"caption\":\"Editorial Guadalupe\"},\"image\":{\"@id\":\"https:\\\/\\\/libreriaguadalupe.com.ar\\\/libreria\\\/#\\\/schema\\\/logo\\\/image\\\/\"},\"sameAs\":[\"https:\\\/\\\/www.facebook.com\\\/LibreriaGuadalupeAR\\\/\",\"https:\\\/\\\/www.instagram.com\\\/editorialguadalupe\\\/\",\"https:\\\/\\\/guadalupeeditorial.mercadoshops.com.ar\\\/\"]}]}<\/script>\n<!-- \/ Yoast SEO plugin. -->","yoast_head_json":{"title":"La Biblia Cat\u00f3lica para J\u00f3venes - Tapa Dura - Editorial Guadalupe de Argentina","robots":{"index":"index","follow":"follow","max-snippet":"max-snippet:-1","max-image-preview":"max-image-preview:large","max-video-preview":"max-video-preview:-1"},"canonical":"https:\/\/libreriaguadalupe.com.ar\/libreria\/producto\/la-biblia-catolica-para-jovenes-tapa-dura\/","og_locale":"es_ES","og_type":"article","og_title":"La Biblia Cat\u00f3lica para J\u00f3venes - Tapa Dura - Editorial Guadalupe de Argentina","og_description":"ISBN: 8490731222","og_url":"https:\/\/libreriaguadalupe.com.ar\/libreria\/producto\/la-biblia-catolica-para-jovenes-tapa-dura\/","og_site_name":"Editorial Guadalupe de Argentina","article_publisher":"https:\/\/www.facebook.com\/LibreriaGuadalupeAR\/","article_modified_time":"2024-07-05T14:23:36+00:00","og_image":[{"width":300,"height":488,"url":"https:\/\/libreriaguadalupe.com.ar\/libreria\/wp-content\/uploads\/2023\/01\/877.jpg","type":"image\/jpeg"}],"twitter_card":"summary_large_image","twitter_misc":{"Tiempo de lectura":"1 minuto"},"schema":{"@context":"https:\/\/schema.org","@graph":[{"@type":"WebPage","@id":"https:\/\/libreriaguadalupe.com.ar\/libreria\/producto\/la-biblia-catolica-para-jovenes-tapa-dura\/","url":"https:\/\/libreriaguadalupe.com.ar\/libreria\/producto\/la-biblia-catolica-para-jovenes-tapa-dura\/","name":"La Biblia Cat\u00f3lica para J\u00f3venes - Tapa Dura - Editorial Guadalupe de Argentina","isPartOf":{"@id":"https:\/\/libreriaguadalupe.com.ar\/libreria\/#website"},"primaryImageOfPage":{"@id":"https:\/\/libreriaguadalupe.com.ar\/libreria\/producto\/la-biblia-catolica-para-jovenes-tapa-dura\/#primaryimage"},"image":{"@id":"https:\/\/libreriaguadalupe.com.ar\/libreria\/producto\/la-biblia-catolica-para-jovenes-tapa-dura\/#primaryimage"},"thumbnailUrl":"https:\/\/i0.wp.com\/libreriaguadalupe.com.ar\/libreria\/wp-content\/uploads\/2023\/01\/877.jpg?fit=300%2C488&ssl=1","datePublished":"2023-01-18T21:46:40+00:00","dateModified":"2024-07-05T14:23:36+00:00","breadcrumb":{"@id":"https:\/\/libreriaguadalupe.com.ar\/libreria\/producto\/la-biblia-catolica-para-jovenes-tapa-dura\/#breadcrumb"},"inLanguage":"es","potentialAction":[{"@type":"ReadAction","target":["https:\/\/libreriaguadalupe.com.ar\/libreria\/producto\/la-biblia-catolica-para-jovenes-tapa-dura\/"]}]},{"@type":"ImageObject","inLanguage":"es","@id":"https:\/\/libreriaguadalupe.com.ar\/libreria\/producto\/la-biblia-catolica-para-jovenes-tapa-dura\/#primaryimage","url":"https:\/\/i0.wp.com\/libreriaguadalupe.com.ar\/libreria\/wp-content\/uploads\/2023\/01\/877.jpg?fit=300%2C488&ssl=1","contentUrl":"https:\/\/i0.wp.com\/libreriaguadalupe.com.ar\/libreria\/wp-content\/uploads\/2023\/01\/877.jpg?fit=300%2C488&ssl=1","width":300,"height":488},{"@type":"BreadcrumbList","@id":"https:\/\/libreriaguadalupe.com.ar\/libreria\/producto\/la-biblia-catolica-para-jovenes-tapa-dura\/#breadcrumb","itemListElement":[{"@type":"ListItem","position":1,"name":"Portada","item":"https:\/\/libreriaguadalupe.com.ar\/libreria\/"},{"@type":"ListItem","position":2,"name":"Tienda","item":"https:\/\/libreriaguadalupe.com.ar\/libreria\/"},{"@type":"ListItem","position":3,"name":"La Biblia Cat\u00f3lica para J\u00f3venes &#8211; Tapa Dura"}]},{"@type":"WebSite","@id":"https:\/\/libreriaguadalupe.com.ar\/libreria\/#website","url":"https:\/\/libreriaguadalupe.com.ar\/libreria\/","name":"Editorial Guadalupe de Argentina","description":"Congregaci\u00f3n del Verbo Divino","publisher":{"@id":"https:\/\/libreriaguadalupe.com.ar\/libreria\/#organization"},"alternateName":"Librer\u00eda Guadalupe","potentialAction":[{"@type":"SearchAction","target":{"@type":"EntryPoint","urlTemplate":"https:\/\/libreriaguadalupe.com.ar\/libreria\/?s={search_term_string}"},"query-input":{"@type":"PropertyValueSpecification","valueRequired":true,"valueName":"search_term_string"}}],"inLanguage":"es"},{"@type":"Organization","@id":"https:\/\/libreriaguadalupe.com.ar\/libreria\/#organization","name":"Editorial Guadalupe","alternateName":"Librer\u00eda Guadalupe","url":"https:\/\/libreriaguadalupe.com.ar\/libreria\/","logo":{"@type":"ImageObject","inLanguage":"es","@id":"https:\/\/libreriaguadalupe.com.ar\/libreria\/#\/schema\/logo\/image\/","url":"https:\/\/i0.wp.com\/libreriaguadalupe.com.ar\/libreria\/wp-content\/uploads\/2023\/01\/cropped-logo-editorial-guadalupe.webp?fit=500%2C100&ssl=1","contentUrl":"https:\/\/i0.wp.com\/libreriaguadalupe.com.ar\/libreria\/wp-content\/uploads\/2023\/01\/cropped-logo-editorial-guadalupe.webp?fit=500%2C100&ssl=1","width":500,"height":100,"caption":"Editorial Guadalupe"},"image":{"@id":"https:\/\/libreriaguadalupe.com.ar\/libreria\/#\/schema\/logo\/image\/"},"sameAs":["https:\/\/www.facebook.com\/LibreriaGuadalupeAR\/","https:\/\/www.instagram.com\/editorialguadalupe\/","https:\/\/guadalupeeditorial.mercadoshops.com.ar\/"]}]}},"jetpack_publicize_connections":[],"jetpack_sharing_enabled":true,"jetpack-related-posts":[{"id":16660,"url":"https:\/\/libreriaguadalupe.com.ar\/libreria\/producto\/la-biblia-catolica-para-jovenes-tapa-dura-con-unero\/","url_meta":{"origin":12999,"position":0},"title":"La Biblia Cat\u00f3lica para J\u00f3venes (tapa dura con u\u00f1ero)","author":"admin","date":"14\/03\/2023","format":false,"excerpt":"edici\u00f3n dos tintas \/ Junior carton\u00e9 Colecci\u00f3n Biblia Cat\u00f3lica para J\u00f3venes ISBN: 8490731222 Dimensiones: 19 x 13 cm P\u00e1ginas: 1776 Encuadernaci\u00f3n: tapa dura, cosida, tapa plastificada gofrada mate, con cabezadas, cinta registro, lomo redondeado y 21 u\u00f1eros","rel":"","context":"Entrada similar","block_context":{"text":"Entrada similar","link":""},"img":{"alt_text":"","src":"https:\/\/i0.wp.com\/libreriaguadalupe.com.ar\/libreria\/wp-content\/uploads\/2023\/03\/La-Biblia-Catolica-para-Jovenes-unero1.jpeg?fit=380%2C586&ssl=1&resize=350%2C200","width":350,"height":200},"classes":[]},{"id":12998,"url":"https:\/\/libreriaguadalupe.com.ar\/libreria\/producto\/la-biblia-catolica-para-jovenes-tapa-blanda\/","url_meta":{"origin":12999,"position":1},"title":"La Biblia Cat\u00f3lica para J\u00f3venes Mision &#8211; Tapa Blanda","author":"admin","date":"18\/01\/2023","format":false,"excerpt":"ISBN: 8490731253","rel":"","context":"Entrada similar","block_context":{"text":"Entrada similar","link":""},"img":{"alt_text":"","src":"https:\/\/i0.wp.com\/libreriaguadalupe.com.ar\/libreria\/wp-content\/uploads\/2023\/01\/MES-DE-LA-BIBLIA-2024-jovenes3.jpg?fit=470%2C470&ssl=1&resize=350%2C200","width":350,"height":200},"classes":[]},{"id":16646,"url":"https:\/\/libreriaguadalupe.com.ar\/libreria\/producto\/la-biblia-catolica-para-la-fe-y-la-vida-tapa-dura\/","url_meta":{"origin":12999,"position":2},"title":"La Biblia Cat\u00f3lica para la Fe y la Vida tapa RUSTICA edici\u00f3n una tinta","author":"admin","date":"14\/03\/2023","format":false,"excerpt":"[edici\u00f3n dos tintas \/ carton\u00e9] Colecci\u00f3n La Biblia Cat\u00f3lica para la Fe y la Vida ISBN: 978-84-9073-420-9 Dimensiones: 24 x 15 cm P\u00e1ginas: 1920 Encuadernaci\u00f3n: tapa dura, cosida, tapa plastificada gofrada mate, con cinta registro, 42 u\u00f1eros \u00a0","rel":"","context":"Entrada similar","block_context":{"text":"Entrada similar","link":""},"img":{"alt_text":"","src":"https:\/\/i0.wp.com\/libreriaguadalupe.com.ar\/libreria\/wp-content\/uploads\/2023\/03\/La-Biblia-Catolica-para-la-Fe-y-la-Vida-unero1.jpeg?fit=380%2C586&ssl=1&resize=350%2C200","width":350,"height":200},"classes":[]},{"id":16658,"url":"https:\/\/libreriaguadalupe.com.ar\/libreria\/producto\/la-biblia-catolica-para-jovenes\/","url_meta":{"origin":12999,"position":3},"title":"La Biblia Cat\u00f3lica para J\u00f3venes Junior Tapa rustica.","author":"admin","date":"14\/03\/2023","format":false,"excerpt":"edici\u00f3n Misi\u00f3n Junior: una tinta Colecci\u00f3n Biblia Cat\u00f3lica para J\u00f3venes ISBN: 8490731260 Dimensiones: 18 x 12 cm P\u00e1ginas: 1776 Encuadernaci\u00f3n: R\u00fastica, fresada, tapa plastificada gofrada \u00a0","rel":"","context":"Entrada similar","block_context":{"text":"Entrada similar","link":""},"img":{"alt_text":"","src":"https:\/\/i0.wp.com\/libreriaguadalupe.com.ar\/libreria\/wp-content\/uploads\/2023\/03\/MES-DE-LA-BIBLIA-2024-jovenes1.jpg?fit=470%2C470&ssl=1&resize=350%2C200","width":350,"height":200},"classes":[]},{"id":16654,"url":"https:\/\/libreriaguadalupe.com.ar\/libreria\/producto\/la-biblia-catolica-para-jovenes-cierre\/","url_meta":{"origin":12999,"position":4},"title":"La Biblia Cat\u00f3lica para J\u00f3venes (cierre)","author":"admin","date":"14\/03\/2023","format":false,"excerpt":"edici\u00f3n dos tintas - Junior [s\u00edmil piel azul con cremallera] Colecci\u00f3n Biblia Cat\u00f3lica para J\u00f3venes ISBN: 978-84-9073-794-1 Dimensiones: 19 x 13 cm P\u00e1ginas: 1776 Encuadernaci\u00f3n: Cosida, tapa s\u00edmil piel impresa a 4 colores, con cabezadas, cinta registro, 21 u\u00f1eros, con cierre \u00a0","rel":"","context":"Entrada similar","block_context":{"text":"Entrada similar","link":""},"img":{"alt_text":"","src":"https:\/\/i0.wp.com\/libreriaguadalupe.com.ar\/libreria\/wp-content\/uploads\/2023\/03\/MES-DE-LA-BIBLIA-2024-jovenes2.jpg?fit=470%2C470&ssl=1&resize=350%2C200","width":350,"height":200},"classes":[]},{"id":16650,"url":"https:\/\/libreriaguadalupe.com.ar\/libreria\/producto\/la-biblia-catolica-para-la-fe-y-la-vida-cierre\/","url_meta":{"origin":12999,"position":5},"title":"La Biblia Cat\u00f3lica para la Fe y la Vida (cierre)","author":"admin","date":"14\/03\/2023","format":false,"excerpt":"[edici\u00f3n dos tintas \/ s\u00edmil piel con cremallera] Colecci\u00f3n La Biblia Cat\u00f3lica para la Fe y la Vida ISBN: 978-84-9073-421-6 Dimensiones: 24 x 15 cm P\u00e1ginas: 1920 Encuadernaci\u00f3n:\u00a0Cosida, tapa s\u00edmil piel impresa a 4 colores, con cabezadas, cinta registro, 42 u\u00f1eros, con cierre \u00a0 \u00a0","rel":"","context":"Entrada similar","block_context":{"text":"Entrada similar","link":""},"img":{"alt_text":"","src":"https:\/\/i0.wp.com\/libreriaguadalupe.com.ar\/libreria\/wp-content\/uploads\/2023\/03\/La-Biblia-Catolica-para-la-Fe-y-la-Vida-unero4.jpeg?fit=380%2C586&ssl=1&resize=350%2C200","width":350,"height":200},"classes":[]}],"_links":{"self":[{"href":"https:\/\/libreriaguadalupe.com.ar\/libreria\/wp-json\/wp\/v2\/product\/12999","targetHints":{"allow":["GET"]}}],"collection":[{"href":"https:\/\/libreriaguadalupe.com.ar\/libreria\/wp-json\/wp\/v2\/product"}],"about":[{"href":"https:\/\/libreriaguadalupe.com.ar\/libreria\/wp-json\/wp\/v2\/types\/product"}],"replies":[{"embeddable":true,"href":"https:\/\/libreriaguadalupe.com.ar\/libreria\/wp-json\/wp\/v2\/comments?post=12999"}],"version-history":[{"count":2,"href":"https:\/\/libreriaguadalupe.com.ar\/libreria\/wp-json\/wp\/v2\/product\/12999\/revisions"}],"predecessor-version":[{"id":16143,"href":"https:\/\/libreriaguadalupe.com.ar\/libreria\/wp-json\/wp\/v2\/product\/12999\/revisions\/16143"}],"wp:featuredmedia":[{"embeddable":true,"href":"https:\/\/libreriaguadalupe.com.ar\/libreria\/wp-json\/wp\/v2\/media\/14311"}],"wp:attachment":[{"href":"https:\/\/libreriaguadalupe.com.ar\/libreria\/wp-json\/wp\/v2\/media?parent=12999"}],"wp:term":[{"taxonomy":"product_brand","embeddable":true,"href":"https:\/\/libreriaguadalupe.com.ar\/libreria\/wp-json\/wp\/v2\/product_brand?post=12999"},{"taxonomy":"product_cat","embeddable":true,"href":"https:\/\/libreriaguadalupe.com.ar\/libreria\/wp-json\/wp\/v2\/product_cat?post=12999"},{"taxonomy":"product_tag","embeddable":true,"href":"https:\/\/libreriaguadalupe.com.ar\/libreria\/wp-json\/wp\/v2\/product_tag?post=12999"}],"curies":[{"name":"wp","href":"https:\/\/api.w.org\/{rel}","templated":true}]}}