{"id":12950,"date":"2023-01-18T18:46:32","date_gmt":"2023-01-18T21:46:32","guid":{"rendered":"https:\/\/libreriaguadalupe.com.ar\/libreria\/?post_type=product&#038;p=12950"},"modified":"2024-07-01T12:11:56","modified_gmt":"2024-07-01T15:11:56","slug":"en-medio-de-la-asamblea","status":"publish","type":"product","link":"https:\/\/libreriaguadalupe.com.ar\/libreria\/producto\/en-medio-de-la-asamblea\/","title":{"rendered":"En medio de la asamblea"},"content":{"rendered":"<p>Las homil\u00edas que conforman \u00abEn medio de la asamblea\u00bb pretenden ofrecer un servicio al p\u00e1rroco en su tarea de anunciar la palabra de Dios al pueblo que le ha sido confiado. Mientras un parlamentario, por ejemplo, encuentra motivos variados en los acontecimientos de cada d\u00eda, el sacerdote tiene que comentar, a\u00f1o tras a\u00f1o, los mismos textos a los mismos oyentes. Se pretende aqu\u00ed ofrecer alg\u00fan aspecto nuevo para romper la monoton\u00eda de lo o\u00eddo y sabido.Este proyecto prescinde del saludo y oraciones con el pueblo, disponibles en los libros lit\u00fargicos, en hojas parroquiales y en nuestra serie anterior, lo mismo que las introducciones exeg\u00e9ticas a las lecturas lit\u00fargicas.Los textos de esta obra reproducen muchas veces el anuncio vivo del mensaje en la iglesia del Sagrado Coraz\u00f3n de Santander; otros han sido elaborados sobre la mesa de estudio. El lector descubrir\u00e1 pronto la diferencia. Pero todos coinciden en el intento de ofrecer alg\u00fan aspecto o sugerencia nueva.<\/p>\n","protected":false},"excerpt":{"rendered":"<h5 class=\"my-1 font-weight-normal\">Homil\u00edas A-B-C<\/h5>\n<p>Autor: Guillermo Guti\u00e9rrez Andr\u00e9s<strong><br \/>\n<\/strong>ISBN: 8471518804<br \/>\nDimensiones: 15,5 x 24 cm<br \/>\nP\u00e1ginas: 440<\/p>\n","protected":false},"featured_media":17094,"comment_status":"open","ping_status":"closed","template":"","meta":{"jetpack_publicize_message":"","jetpack_publicize_feature_enabled":true,"jetpack_social_post_already_shared":false,"jetpack_social_options":{"image_generator_settings":{"template":"highway","default_image_id":0,"font":"","enabled":false},"version":2}},"product_brand":[],"product_cat":[109],"product_tag":[127],"class_list":{"0":"post-12950","1":"product","2":"type-product","3":"status-publish","4":"has-post-thumbnail","6":"product_cat-verbo-divino","7":"product_tag-editorial-guadalupe-de-argentina","9":"first","10":"instock","11":"shipping-taxable","12":"purchasable","13":"product-type-simple"},"yoast_head":"<!-- This site is optimized with the Yoast SEO plugin v27.4 - https:\/\/yoast.com\/product\/yoast-seo-wordpress\/ -->\n<title>En medio de la asamblea - Editorial Guadalupe de Argentina<\/title>\n<meta name=\"description\" content=\"Las homil\u00edas que conforman &quot;En medio de la asamblea&quot; pretenden ofrecer un servicio al p\u00e1rroco en su tarea de anunciar la palabra de Dios al pueblo que le ha sido confiado.\" \/>\n<meta name=\"robots\" content=\"index, follow, max-snippet:-1, max-image-preview:large, max-video-preview:-1\" \/>\n<link rel=\"canonical\" href=\"https:\/\/libreriaguadalupe.com.ar\/libreria\/producto\/en-medio-de-la-asamblea\/\" \/>\n<meta property=\"og:locale\" content=\"es_ES\" \/>\n<meta property=\"og:type\" content=\"article\" \/>\n<meta property=\"og:title\" content=\"En medio de la asamblea - Editorial Guadalupe de Argentina\" \/>\n<meta property=\"og:description\" content=\"Las homil\u00edas que conforman &quot;En medio de la asamblea&quot; pretenden ofrecer un servicio al p\u00e1rroco en su tarea de anunciar la palabra de Dios al pueblo que le ha sido confiado.\" \/>\n<meta property=\"og:url\" content=\"https:\/\/libreriaguadalupe.com.ar\/libreria\/producto\/en-medio-de-la-asamblea\/\" \/>\n<meta property=\"og:site_name\" content=\"Editorial Guadalupe de Argentina\" \/>\n<meta property=\"article:publisher\" content=\"https:\/\/www.facebook.com\/LibreriaGuadalupeAR\/\" \/>\n<meta property=\"article:modified_time\" content=\"2024-07-01T15:11:56+00:00\" \/>\n<meta property=\"og:image\" content=\"https:\/\/libreriaguadalupe.com.ar\/libreria\/wp-content\/uploads\/2023\/01\/En-medio-de-la-asamblea.jpg\" \/>\n\t<meta property=\"og:image:width\" content=\"288\" \/>\n\t<meta property=\"og:image:height\" content=\"470\" \/>\n\t<meta property=\"og:image:type\" content=\"image\/jpeg\" \/>\n<meta name=\"twitter:card\" content=\"summary_large_image\" \/>\n<meta name=\"twitter:label1\" content=\"Tiempo de lectura\" \/>\n\t<meta name=\"twitter:data1\" content=\"1 minuto\" \/>\n<script type=\"application\/ld+json\" class=\"yoast-schema-graph\">{\"@context\":\"https:\\\/\\\/schema.org\",\"@graph\":[{\"@type\":\"WebPage\",\"@id\":\"https:\\\/\\\/libreriaguadalupe.com.ar\\\/libreria\\\/producto\\\/en-medio-de-la-asamblea\\\/\",\"url\":\"https:\\\/\\\/libreriaguadalupe.com.ar\\\/libreria\\\/producto\\\/en-medio-de-la-asamblea\\\/\",\"name\":\"En medio de la asamblea - Editorial Guadalupe de Argentina\",\"isPartOf\":{\"@id\":\"https:\\\/\\\/libreriaguadalupe.com.ar\\\/libreria\\\/#website\"},\"primaryImageOfPage\":{\"@id\":\"https:\\\/\\\/libreriaguadalupe.com.ar\\\/libreria\\\/producto\\\/en-medio-de-la-asamblea\\\/#primaryimage\"},\"image\":{\"@id\":\"https:\\\/\\\/libreriaguadalupe.com.ar\\\/libreria\\\/producto\\\/en-medio-de-la-asamblea\\\/#primaryimage\"},\"thumbnailUrl\":\"https:\\\/\\\/i0.wp.com\\\/libreriaguadalupe.com.ar\\\/libreria\\\/wp-content\\\/uploads\\\/2023\\\/01\\\/En-medio-de-la-asamblea.jpg?fit=288%2C470&ssl=1\",\"datePublished\":\"2023-01-18T21:46:32+00:00\",\"dateModified\":\"2024-07-01T15:11:56+00:00\",\"description\":\"Las homil\u00edas que conforman \\\"En medio de la asamblea\\\" pretenden ofrecer un servicio al p\u00e1rroco en su tarea de anunciar la palabra de Dios al pueblo que le ha sido confiado.\",\"breadcrumb\":{\"@id\":\"https:\\\/\\\/libreriaguadalupe.com.ar\\\/libreria\\\/producto\\\/en-medio-de-la-asamblea\\\/#breadcrumb\"},\"inLanguage\":\"es\",\"potentialAction\":[{\"@type\":\"ReadAction\",\"target\":[\"https:\\\/\\\/libreriaguadalupe.com.ar\\\/libreria\\\/producto\\\/en-medio-de-la-asamblea\\\/\"]}]},{\"@type\":\"ImageObject\",\"inLanguage\":\"es\",\"@id\":\"https:\\\/\\\/libreriaguadalupe.com.ar\\\/libreria\\\/producto\\\/en-medio-de-la-asamblea\\\/#primaryimage\",\"url\":\"https:\\\/\\\/i0.wp.com\\\/libreriaguadalupe.com.ar\\\/libreria\\\/wp-content\\\/uploads\\\/2023\\\/01\\\/En-medio-de-la-asamblea.jpg?fit=288%2C470&ssl=1\",\"contentUrl\":\"https:\\\/\\\/i0.wp.com\\\/libreriaguadalupe.com.ar\\\/libreria\\\/wp-content\\\/uploads\\\/2023\\\/01\\\/En-medio-de-la-asamblea.jpg?fit=288%2C470&ssl=1\",\"width\":288,\"height\":470},{\"@type\":\"BreadcrumbList\",\"@id\":\"https:\\\/\\\/libreriaguadalupe.com.ar\\\/libreria\\\/producto\\\/en-medio-de-la-asamblea\\\/#breadcrumb\",\"itemListElement\":[{\"@type\":\"ListItem\",\"position\":1,\"name\":\"Portada\",\"item\":\"https:\\\/\\\/libreriaguadalupe.com.ar\\\/libreria\\\/\"},{\"@type\":\"ListItem\",\"position\":2,\"name\":\"Tienda\",\"item\":\"https:\\\/\\\/libreriaguadalupe.com.ar\\\/libreria\\\/\"},{\"@type\":\"ListItem\",\"position\":3,\"name\":\"En medio de la asamblea\"}]},{\"@type\":\"WebSite\",\"@id\":\"https:\\\/\\\/libreriaguadalupe.com.ar\\\/libreria\\\/#website\",\"url\":\"https:\\\/\\\/libreriaguadalupe.com.ar\\\/libreria\\\/\",\"name\":\"Editorial Guadalupe de Argentina\",\"description\":\"Congregaci\u00f3n del Verbo Divino\",\"publisher\":{\"@id\":\"https:\\\/\\\/libreriaguadalupe.com.ar\\\/libreria\\\/#organization\"},\"alternateName\":\"Librer\u00eda Guadalupe\",\"potentialAction\":[{\"@type\":\"SearchAction\",\"target\":{\"@type\":\"EntryPoint\",\"urlTemplate\":\"https:\\\/\\\/libreriaguadalupe.com.ar\\\/libreria\\\/?s={search_term_string}\"},\"query-input\":{\"@type\":\"PropertyValueSpecification\",\"valueRequired\":true,\"valueName\":\"search_term_string\"}}],\"inLanguage\":\"es\"},{\"@type\":\"Organization\",\"@id\":\"https:\\\/\\\/libreriaguadalupe.com.ar\\\/libreria\\\/#organization\",\"name\":\"Editorial Guadalupe\",\"alternateName\":\"Librer\u00eda Guadalupe\",\"url\":\"https:\\\/\\\/libreriaguadalupe.com.ar\\\/libreria\\\/\",\"logo\":{\"@type\":\"ImageObject\",\"inLanguage\":\"es\",\"@id\":\"https:\\\/\\\/libreriaguadalupe.com.ar\\\/libreria\\\/#\\\/schema\\\/logo\\\/image\\\/\",\"url\":\"https:\\\/\\\/i0.wp.com\\\/libreriaguadalupe.com.ar\\\/libreria\\\/wp-content\\\/uploads\\\/2023\\\/01\\\/cropped-logo-editorial-guadalupe.webp?fit=500%2C100&ssl=1\",\"contentUrl\":\"https:\\\/\\\/i0.wp.com\\\/libreriaguadalupe.com.ar\\\/libreria\\\/wp-content\\\/uploads\\\/2023\\\/01\\\/cropped-logo-editorial-guadalupe.webp?fit=500%2C100&ssl=1\",\"width\":500,\"height\":100,\"caption\":\"Editorial Guadalupe\"},\"image\":{\"@id\":\"https:\\\/\\\/libreriaguadalupe.com.ar\\\/libreria\\\/#\\\/schema\\\/logo\\\/image\\\/\"},\"sameAs\":[\"https:\\\/\\\/www.facebook.com\\\/LibreriaGuadalupeAR\\\/\",\"https:\\\/\\\/www.instagram.com\\\/editorialguadalupe\\\/\",\"https:\\\/\\\/guadalupeeditorial.mercadoshops.com.ar\\\/\"]}]}<\/script>\n<!-- \/ Yoast SEO plugin. -->","yoast_head_json":{"title":"En medio de la asamblea - Editorial Guadalupe de Argentina","description":"Las homil\u00edas que conforman \"En medio de la asamblea\" pretenden ofrecer un servicio al p\u00e1rroco en su tarea de anunciar la palabra de Dios al pueblo que le ha sido confiado.","robots":{"index":"index","follow":"follow","max-snippet":"max-snippet:-1","max-image-preview":"max-image-preview:large","max-video-preview":"max-video-preview:-1"},"canonical":"https:\/\/libreriaguadalupe.com.ar\/libreria\/producto\/en-medio-de-la-asamblea\/","og_locale":"es_ES","og_type":"article","og_title":"En medio de la asamblea - Editorial Guadalupe de Argentina","og_description":"Las homil\u00edas que conforman \"En medio de la asamblea\" pretenden ofrecer un servicio al p\u00e1rroco en su tarea de anunciar la palabra de Dios al pueblo que le ha sido confiado.","og_url":"https:\/\/libreriaguadalupe.com.ar\/libreria\/producto\/en-medio-de-la-asamblea\/","og_site_name":"Editorial Guadalupe de Argentina","article_publisher":"https:\/\/www.facebook.com\/LibreriaGuadalupeAR\/","article_modified_time":"2024-07-01T15:11:56+00:00","og_image":[{"width":288,"height":470,"url":"https:\/\/libreriaguadalupe.com.ar\/libreria\/wp-content\/uploads\/2023\/01\/En-medio-de-la-asamblea.jpg","type":"image\/jpeg"}],"twitter_card":"summary_large_image","twitter_misc":{"Tiempo de lectura":"1 minuto"},"schema":{"@context":"https:\/\/schema.org","@graph":[{"@type":"WebPage","@id":"https:\/\/libreriaguadalupe.com.ar\/libreria\/producto\/en-medio-de-la-asamblea\/","url":"https:\/\/libreriaguadalupe.com.ar\/libreria\/producto\/en-medio-de-la-asamblea\/","name":"En medio de la asamblea - Editorial Guadalupe de Argentina","isPartOf":{"@id":"https:\/\/libreriaguadalupe.com.ar\/libreria\/#website"},"primaryImageOfPage":{"@id":"https:\/\/libreriaguadalupe.com.ar\/libreria\/producto\/en-medio-de-la-asamblea\/#primaryimage"},"image":{"@id":"https:\/\/libreriaguadalupe.com.ar\/libreria\/producto\/en-medio-de-la-asamblea\/#primaryimage"},"thumbnailUrl":"https:\/\/i0.wp.com\/libreriaguadalupe.com.ar\/libreria\/wp-content\/uploads\/2023\/01\/En-medio-de-la-asamblea.jpg?fit=288%2C470&ssl=1","datePublished":"2023-01-18T21:46:32+00:00","dateModified":"2024-07-01T15:11:56+00:00","description":"Las homil\u00edas que conforman \"En medio de la asamblea\" pretenden ofrecer un servicio al p\u00e1rroco en su tarea de anunciar la palabra de Dios al pueblo que le ha sido confiado.","breadcrumb":{"@id":"https:\/\/libreriaguadalupe.com.ar\/libreria\/producto\/en-medio-de-la-asamblea\/#breadcrumb"},"inLanguage":"es","potentialAction":[{"@type":"ReadAction","target":["https:\/\/libreriaguadalupe.com.ar\/libreria\/producto\/en-medio-de-la-asamblea\/"]}]},{"@type":"ImageObject","inLanguage":"es","@id":"https:\/\/libreriaguadalupe.com.ar\/libreria\/producto\/en-medio-de-la-asamblea\/#primaryimage","url":"https:\/\/i0.wp.com\/libreriaguadalupe.com.ar\/libreria\/wp-content\/uploads\/2023\/01\/En-medio-de-la-asamblea.jpg?fit=288%2C470&ssl=1","contentUrl":"https:\/\/i0.wp.com\/libreriaguadalupe.com.ar\/libreria\/wp-content\/uploads\/2023\/01\/En-medio-de-la-asamblea.jpg?fit=288%2C470&ssl=1","width":288,"height":470},{"@type":"BreadcrumbList","@id":"https:\/\/libreriaguadalupe.com.ar\/libreria\/producto\/en-medio-de-la-asamblea\/#breadcrumb","itemListElement":[{"@type":"ListItem","position":1,"name":"Portada","item":"https:\/\/libreriaguadalupe.com.ar\/libreria\/"},{"@type":"ListItem","position":2,"name":"Tienda","item":"https:\/\/libreriaguadalupe.com.ar\/libreria\/"},{"@type":"ListItem","position":3,"name":"En medio de la asamblea"}]},{"@type":"WebSite","@id":"https:\/\/libreriaguadalupe.com.ar\/libreria\/#website","url":"https:\/\/libreriaguadalupe.com.ar\/libreria\/","name":"Editorial Guadalupe de Argentina","description":"Congregaci\u00f3n del Verbo Divino","publisher":{"@id":"https:\/\/libreriaguadalupe.com.ar\/libreria\/#organization"},"alternateName":"Librer\u00eda Guadalupe","potentialAction":[{"@type":"SearchAction","target":{"@type":"EntryPoint","urlTemplate":"https:\/\/libreriaguadalupe.com.ar\/libreria\/?s={search_term_string}"},"query-input":{"@type":"PropertyValueSpecification","valueRequired":true,"valueName":"search_term_string"}}],"inLanguage":"es"},{"@type":"Organization","@id":"https:\/\/libreriaguadalupe.com.ar\/libreria\/#organization","name":"Editorial Guadalupe","alternateName":"Librer\u00eda Guadalupe","url":"https:\/\/libreriaguadalupe.com.ar\/libreria\/","logo":{"@type":"ImageObject","inLanguage":"es","@id":"https:\/\/libreriaguadalupe.com.ar\/libreria\/#\/schema\/logo\/image\/","url":"https:\/\/i0.wp.com\/libreriaguadalupe.com.ar\/libreria\/wp-content\/uploads\/2023\/01\/cropped-logo-editorial-guadalupe.webp?fit=500%2C100&ssl=1","contentUrl":"https:\/\/i0.wp.com\/libreriaguadalupe.com.ar\/libreria\/wp-content\/uploads\/2023\/01\/cropped-logo-editorial-guadalupe.webp?fit=500%2C100&ssl=1","width":500,"height":100,"caption":"Editorial Guadalupe"},"image":{"@id":"https:\/\/libreriaguadalupe.com.ar\/libreria\/#\/schema\/logo\/image\/"},"sameAs":["https:\/\/www.facebook.com\/LibreriaGuadalupeAR\/","https:\/\/www.instagram.com\/editorialguadalupe\/","https:\/\/guadalupeeditorial.mercadoshops.com.ar\/"]}]}},"jetpack_publicize_connections":[],"jetpack_sharing_enabled":true,"jetpack-related-posts":[{"id":12951,"url":"https:\/\/libreriaguadalupe.com.ar\/libreria\/producto\/ensename-tus-caminos\/","url_meta":{"origin":12950,"position":0},"title":"Ensename tus caminos","author":"admin","date":"18\/01\/2023","format":false,"excerpt":"La Palabra de Dios d\u00eda a d\u00eda Autor: Guillermo Guti\u00e9rrez Andr\u00e9s ISBN: 8481691399 Dimensiones: 15,5 x 24 cm P\u00e1ginas: 512","rel":"","context":"Entrada similar","block_context":{"text":"Entrada similar","link":""},"img":{"alt_text":"","src":"https:\/\/i0.wp.com\/libreriaguadalupe.com.ar\/libreria\/wp-content\/uploads\/2023\/01\/Ensename-tus-caminos.jpg?fit=380%2C586&ssl=1&resize=350%2C200","width":350,"height":200},"classes":[]},{"id":16689,"url":"https:\/\/libreriaguadalupe.com.ar\/libreria\/producto\/nuevo-testamento-del-pueblo-de-dios-comentado\/","url_meta":{"origin":12950,"position":1},"title":"Nuevo Testamento del Pueblo de Dios (comentado)","author":"admin","date":"15\/03\/2023","format":false,"excerpt":"Edici\u00f3n comentada [r\u00fastica azul, impresi\u00f3n una tinta] Colecci\u00f3n La Biblia. Libro del Pueblo de Dios Autor: Armando J. Levoratti ISBN: 978-84-9073-469-8 Dimensiones: 18 x 12 cm P\u00e1ginas: 680 Encuadernaci\u00f3n: R\u00fastica, fresada, tapa plastificada gofrada mate","rel":"","context":"Entrada similar","block_context":{"text":"Entrada similar","link":""},"img":{"alt_text":"","src":"https:\/\/i0.wp.com\/libreriaguadalupe.com.ar\/libreria\/wp-content\/uploads\/2023\/03\/MES-DE-LA-BIBLIA-2024-ntpd1.jpg?fit=470%2C470&ssl=1&resize=350%2C200","width":350,"height":200},"classes":[]},{"id":16693,"url":"https:\/\/libreriaguadalupe.com.ar\/libreria\/producto\/nuevo-testamento-del-pueblo-de-dios-simil-piel-bitono-mapa-america\/","url_meta":{"origin":12950,"position":2},"title":"Nuevo Testamento del Pueblo de Dios (simil piel bitono mapa am\u00e9rica)","author":"admin","date":"15\/03\/2023","format":false,"excerpt":"Edici\u00f3n comentada [s\u00edmil piel mapa Am\u00e9rica, impresi\u00f3n bitono] Colecci\u00f3n La Biblia. Libro del Pueblo de Dios Autor: Armando J. Levoratti ISBN: 978-84-9073-468-1 Dimensiones: 18 x 12 cm P\u00e1ginas: 680 Encuadernaci\u00f3n: Fexible, cosida, tapa s\u00edmil-piel impresa, con cabezadas, esquinas y lomo redondeados","rel":"","context":"Entrada similar","block_context":{"text":"Entrada similar","link":""},"img":{"alt_text":"","src":"https:\/\/i0.wp.com\/libreriaguadalupe.com.ar\/libreria\/wp-content\/uploads\/2023\/03\/MES-DE-LA-BIBLIA-2024-ntpd2.jpg?fit=470%2C470&ssl=1&resize=350%2C200","width":350,"height":200},"classes":[]},{"id":16697,"url":"https:\/\/libreriaguadalupe.com.ar\/libreria\/producto\/nuevo-testamento-del-pueblo-de-dios-simil-piel-marron-bitono\/","url_meta":{"origin":12950,"position":3},"title":"Nuevo Testamento del Pueblo de Dios (simil piel marr\u00f3n bitono)","author":"admin","date":"15\/03\/2023","format":false,"excerpt":"Edici\u00f3n comentada [s\u00edmil piel marr\u00f3n impresi\u00f3n bitono] Colecci\u00f3n La Biblia. Libro del Pueblo de Dios Autor: Armando J. Levoratti ISBN: 978-84-9073-470-4 Dimensiones: 18 x 12 cm P\u00e1ginas: 680 Encuadernaci\u00f3n: Flexible, cosida, tapa s\u00edmil piel marr\u00f3n, impresa oro en frente, lomo y trasera, con cabezadas, lomo y esquinas redondeadas","rel":"","context":"Entrada similar","block_context":{"text":"Entrada similar","link":""},"img":{"alt_text":"","src":"https:\/\/i0.wp.com\/libreriaguadalupe.com.ar\/libreria\/wp-content\/uploads\/2023\/03\/MES-DE-LA-BIBLIA-2024-ntpd3.jpg?fit=470%2C470&ssl=1&resize=350%2C200","width":350,"height":200},"classes":[]},{"id":17799,"url":"https:\/\/libreriaguadalupe.com.ar\/libreria\/producto\/adviento-y-navidad-la-vida-es-un-don-y-un-compromiso\/","url_meta":{"origin":12950,"position":4},"title":"Adviento y Navidad, la vida es un don y un compromiso","author":"admin","date":"18\/12\/2023","format":false,"excerpt":"Hacia la humanizaci\u00f3n integral Autor: MARCELO CATT\u00c1NEO svd ISBN: 978-950-500-708-0 Dimensiones: 14 x 20 cm P\u00e1ginas: 40","rel":"","context":"Entrada similar","block_context":{"text":"Entrada similar","link":""},"img":{"alt_text":"","src":"https:\/\/i0.wp.com\/libreriaguadalupe.com.ar\/libreria\/wp-content\/uploads\/2023\/12\/Adviento-y-Navidad.png?fit=1039%2C1200&ssl=1&resize=350%2C200","width":350,"height":200,"srcset":"https:\/\/i0.wp.com\/libreriaguadalupe.com.ar\/libreria\/wp-content\/uploads\/2023\/12\/Adviento-y-Navidad.png?fit=1039%2C1200&ssl=1&resize=350%2C200 1x, https:\/\/i0.wp.com\/libreriaguadalupe.com.ar\/libreria\/wp-content\/uploads\/2023\/12\/Adviento-y-Navidad.png?fit=1039%2C1200&ssl=1&resize=525%2C300 1.5x, https:\/\/i0.wp.com\/libreriaguadalupe.com.ar\/libreria\/wp-content\/uploads\/2023\/12\/Adviento-y-Navidad.png?fit=1039%2C1200&ssl=1&resize=700%2C400 2x"},"classes":[]},{"id":18217,"url":"https:\/\/libreriaguadalupe.com.ar\/libreria\/producto\/en-busca-del-hilo-dorado\/","url_meta":{"origin":12950,"position":5},"title":"En busca del hilo dorado","author":"admin","date":"15\/08\/2024","format":false,"excerpt":"La Biblia y su mensaje central Autor: NIELS BERTHEL JOHANSEN ISBN: 978 950 500 933 6 Dimensiones: 15 x 23 cm P\u00e1ginas: 252","rel":"","context":"Entrada similar","block_context":{"text":"Entrada similar","link":""},"img":{"alt_text":"","src":"https:\/\/i0.wp.com\/libreriaguadalupe.com.ar\/libreria\/wp-content\/uploads\/2024\/08\/MES-DE-LA-BIBLIA-2024-guada1.jpg?fit=470%2C470&ssl=1&resize=350%2C200","width":350,"height":200},"classes":[]}],"_links":{"self":[{"href":"https:\/\/libreriaguadalupe.com.ar\/libreria\/wp-json\/wp\/v2\/product\/12950","targetHints":{"allow":["GET"]}}],"collection":[{"href":"https:\/\/libreriaguadalupe.com.ar\/libreria\/wp-json\/wp\/v2\/product"}],"about":[{"href":"https:\/\/libreriaguadalupe.com.ar\/libreria\/wp-json\/wp\/v2\/types\/product"}],"replies":[{"embeddable":true,"href":"https:\/\/libreriaguadalupe.com.ar\/libreria\/wp-json\/wp\/v2\/comments?post=12950"}],"version-history":[{"count":3,"href":"https:\/\/libreriaguadalupe.com.ar\/libreria\/wp-json\/wp\/v2\/product\/12950\/revisions"}],"predecessor-version":[{"id":17095,"href":"https:\/\/libreriaguadalupe.com.ar\/libreria\/wp-json\/wp\/v2\/product\/12950\/revisions\/17095"}],"wp:featuredmedia":[{"embeddable":true,"href":"https:\/\/libreriaguadalupe.com.ar\/libreria\/wp-json\/wp\/v2\/media\/17094"}],"wp:attachment":[{"href":"https:\/\/libreriaguadalupe.com.ar\/libreria\/wp-json\/wp\/v2\/media?parent=12950"}],"wp:term":[{"taxonomy":"product_brand","embeddable":true,"href":"https:\/\/libreriaguadalupe.com.ar\/libreria\/wp-json\/wp\/v2\/product_brand?post=12950"},{"taxonomy":"product_cat","embeddable":true,"href":"https:\/\/libreriaguadalupe.com.ar\/libreria\/wp-json\/wp\/v2\/product_cat?post=12950"},{"taxonomy":"product_tag","embeddable":true,"href":"https:\/\/libreriaguadalupe.com.ar\/libreria\/wp-json\/wp\/v2\/product_tag?post=12950"}],"curies":[{"name":"wp","href":"https:\/\/api.w.org\/{rel}","templated":true}]}}