{"id":12946,"date":"2023-01-18T18:46:32","date_gmt":"2023-01-18T21:46:32","guid":{"rendered":"https:\/\/libreriaguadalupe.com.ar\/libreria\/?post_type=product&#038;p=12946"},"modified":"2024-07-01T12:12:38","modified_gmt":"2024-07-01T15:12:38","slug":"anunciar-la-buena-noticia","status":"publish","type":"product","link":"https:\/\/libreriaguadalupe.com.ar\/libreria\/producto\/anunciar-la-buena-noticia\/","title":{"rendered":"Anunciar la buena noticia"},"content":{"rendered":"<p>Obra conformada por homil\u00edas para los 52 domingos del a\u00f1o (ciclo C). Todas ellas, desde su variedad de estilos y sus diferentes planteamientos, est\u00e1n destinadas a prestar un servicio en las celebraciones dominicales de las comunidades eclesiales. Fieles a las lecturas b\u00edblicas de cada domingo, los autores nos proponen unos textos para llevar a cabo la misi\u00f3n fundamental que la Iglesia tiene encomendada: la extensi\u00f3n de la Buena Noticia de Jes\u00fas por todos los lugares de la tierra. Sus homil\u00edas sugieren algunas luces que pueden iluminar la experiencia vivida por los creyentes de todas las \u00e9pocas y, a la vez, indican posibles pistas para alcanzar un estilo de vida m\u00e1s cristiano.<\/p>\n","protected":false},"excerpt":{"rendered":"<p><strong>Homil\u00edas &#8211; Ciclo C<\/strong><\/p>\n<p>Autor: \u00c1lvaro Franch Arruga, F\u00e9lix Felipe Cebollada, Javier Calvo Guinda, Jos\u00e9 Alegre Arag\u00fces, Lucio Arauzo G\u00f3mez, Luis G. Bet\u00e9s Palomo, Santiago Aparicio Felipe<strong><br \/>\n<\/strong>ISBN: 8481693774<br \/>\nDimensiones: 15,5 x 24 cm<br \/>\nP\u00e1ginas: 176<\/p>\n","protected":false},"featured_media":13917,"comment_status":"open","ping_status":"closed","template":"","meta":{"jetpack_publicize_message":"","jetpack_publicize_feature_enabled":true,"jetpack_social_post_already_shared":false,"jetpack_social_options":{"image_generator_settings":{"template":"highway","default_image_id":0,"font":"","enabled":false},"version":2}},"product_brand":[],"product_cat":[109],"product_tag":[127],"class_list":{"0":"post-12946","1":"product","2":"type-product","3":"status-publish","4":"has-post-thumbnail","6":"product_cat-verbo-divino","7":"product_tag-editorial-guadalupe-de-argentina","9":"first","10":"instock","11":"shipping-taxable","12":"purchasable","13":"product-type-simple"},"yoast_head":"<!-- This site is optimized with the Yoast SEO plugin v27.4 - https:\/\/yoast.com\/product\/yoast-seo-wordpress\/ -->\n<title>Anunciar la buena noticia - Editorial Guadalupe de Argentina<\/title>\n<meta name=\"description\" content=\"Obra conformada por homil\u00edas para los 52 domingos del a\u00f1o (ciclo C). Todas ellas, desde su variedad de estilos y sus diferentes planteamientos, est\u00e1n destinadas a prestar un servicio en las celebraciones dominicales de las comunidades eclesiales.\" \/>\n<meta name=\"robots\" content=\"index, follow, max-snippet:-1, max-image-preview:large, max-video-preview:-1\" \/>\n<link rel=\"canonical\" href=\"https:\/\/libreriaguadalupe.com.ar\/libreria\/producto\/anunciar-la-buena-noticia\/\" \/>\n<meta property=\"og:locale\" content=\"es_ES\" \/>\n<meta property=\"og:type\" content=\"article\" \/>\n<meta property=\"og:title\" content=\"Anunciar la buena noticia - Editorial Guadalupe de Argentina\" \/>\n<meta property=\"og:description\" content=\"Obra conformada por homil\u00edas para los 52 domingos del a\u00f1o (ciclo C). Todas ellas, desde su variedad de estilos y sus diferentes planteamientos, est\u00e1n destinadas a prestar un servicio en las celebraciones dominicales de las comunidades eclesiales.\" \/>\n<meta property=\"og:url\" content=\"https:\/\/libreriaguadalupe.com.ar\/libreria\/producto\/anunciar-la-buena-noticia\/\" \/>\n<meta property=\"og:site_name\" content=\"Editorial Guadalupe de Argentina\" \/>\n<meta property=\"article:publisher\" content=\"https:\/\/www.facebook.com\/LibreriaGuadalupeAR\/\" \/>\n<meta property=\"article:modified_time\" content=\"2024-07-01T15:12:38+00:00\" \/>\n<meta property=\"og:image\" content=\"https:\/\/libreriaguadalupe.com.ar\/libreria\/wp-content\/uploads\/2023\/01\/814.jpg\" \/>\n\t<meta property=\"og:image:width\" content=\"227\" \/>\n\t<meta property=\"og:image:height\" content=\"357\" \/>\n\t<meta property=\"og:image:type\" content=\"image\/jpeg\" \/>\n<meta name=\"twitter:card\" content=\"summary_large_image\" \/>\n<meta name=\"twitter:label1\" content=\"Tiempo de lectura\" \/>\n\t<meta name=\"twitter:data1\" content=\"1 minuto\" \/>\n<script type=\"application\/ld+json\" class=\"yoast-schema-graph\">{\"@context\":\"https:\\\/\\\/schema.org\",\"@graph\":[{\"@type\":\"WebPage\",\"@id\":\"https:\\\/\\\/libreriaguadalupe.com.ar\\\/libreria\\\/producto\\\/anunciar-la-buena-noticia\\\/\",\"url\":\"https:\\\/\\\/libreriaguadalupe.com.ar\\\/libreria\\\/producto\\\/anunciar-la-buena-noticia\\\/\",\"name\":\"Anunciar la buena noticia - Editorial Guadalupe de Argentina\",\"isPartOf\":{\"@id\":\"https:\\\/\\\/libreriaguadalupe.com.ar\\\/libreria\\\/#website\"},\"primaryImageOfPage\":{\"@id\":\"https:\\\/\\\/libreriaguadalupe.com.ar\\\/libreria\\\/producto\\\/anunciar-la-buena-noticia\\\/#primaryimage\"},\"image\":{\"@id\":\"https:\\\/\\\/libreriaguadalupe.com.ar\\\/libreria\\\/producto\\\/anunciar-la-buena-noticia\\\/#primaryimage\"},\"thumbnailUrl\":\"https:\\\/\\\/i0.wp.com\\\/libreriaguadalupe.com.ar\\\/libreria\\\/wp-content\\\/uploads\\\/2023\\\/01\\\/814.jpg?fit=227%2C357&ssl=1\",\"datePublished\":\"2023-01-18T21:46:32+00:00\",\"dateModified\":\"2024-07-01T15:12:38+00:00\",\"description\":\"Obra conformada por homil\u00edas para los 52 domingos del a\u00f1o (ciclo C). Todas ellas, desde su variedad de estilos y sus diferentes planteamientos, est\u00e1n destinadas a prestar un servicio en las celebraciones dominicales de las comunidades eclesiales.\",\"breadcrumb\":{\"@id\":\"https:\\\/\\\/libreriaguadalupe.com.ar\\\/libreria\\\/producto\\\/anunciar-la-buena-noticia\\\/#breadcrumb\"},\"inLanguage\":\"es\",\"potentialAction\":[{\"@type\":\"ReadAction\",\"target\":[\"https:\\\/\\\/libreriaguadalupe.com.ar\\\/libreria\\\/producto\\\/anunciar-la-buena-noticia\\\/\"]}]},{\"@type\":\"ImageObject\",\"inLanguage\":\"es\",\"@id\":\"https:\\\/\\\/libreriaguadalupe.com.ar\\\/libreria\\\/producto\\\/anunciar-la-buena-noticia\\\/#primaryimage\",\"url\":\"https:\\\/\\\/i0.wp.com\\\/libreriaguadalupe.com.ar\\\/libreria\\\/wp-content\\\/uploads\\\/2023\\\/01\\\/814.jpg?fit=227%2C357&ssl=1\",\"contentUrl\":\"https:\\\/\\\/i0.wp.com\\\/libreriaguadalupe.com.ar\\\/libreria\\\/wp-content\\\/uploads\\\/2023\\\/01\\\/814.jpg?fit=227%2C357&ssl=1\",\"width\":227,\"height\":357},{\"@type\":\"BreadcrumbList\",\"@id\":\"https:\\\/\\\/libreriaguadalupe.com.ar\\\/libreria\\\/producto\\\/anunciar-la-buena-noticia\\\/#breadcrumb\",\"itemListElement\":[{\"@type\":\"ListItem\",\"position\":1,\"name\":\"Portada\",\"item\":\"https:\\\/\\\/libreriaguadalupe.com.ar\\\/libreria\\\/\"},{\"@type\":\"ListItem\",\"position\":2,\"name\":\"Tienda\",\"item\":\"https:\\\/\\\/libreriaguadalupe.com.ar\\\/libreria\\\/\"},{\"@type\":\"ListItem\",\"position\":3,\"name\":\"Anunciar la buena noticia\"}]},{\"@type\":\"WebSite\",\"@id\":\"https:\\\/\\\/libreriaguadalupe.com.ar\\\/libreria\\\/#website\",\"url\":\"https:\\\/\\\/libreriaguadalupe.com.ar\\\/libreria\\\/\",\"name\":\"Editorial Guadalupe de Argentina\",\"description\":\"Congregaci\u00f3n del Verbo Divino\",\"publisher\":{\"@id\":\"https:\\\/\\\/libreriaguadalupe.com.ar\\\/libreria\\\/#organization\"},\"alternateName\":\"Librer\u00eda Guadalupe\",\"potentialAction\":[{\"@type\":\"SearchAction\",\"target\":{\"@type\":\"EntryPoint\",\"urlTemplate\":\"https:\\\/\\\/libreriaguadalupe.com.ar\\\/libreria\\\/?s={search_term_string}\"},\"query-input\":{\"@type\":\"PropertyValueSpecification\",\"valueRequired\":true,\"valueName\":\"search_term_string\"}}],\"inLanguage\":\"es\"},{\"@type\":\"Organization\",\"@id\":\"https:\\\/\\\/libreriaguadalupe.com.ar\\\/libreria\\\/#organization\",\"name\":\"Editorial Guadalupe\",\"alternateName\":\"Librer\u00eda Guadalupe\",\"url\":\"https:\\\/\\\/libreriaguadalupe.com.ar\\\/libreria\\\/\",\"logo\":{\"@type\":\"ImageObject\",\"inLanguage\":\"es\",\"@id\":\"https:\\\/\\\/libreriaguadalupe.com.ar\\\/libreria\\\/#\\\/schema\\\/logo\\\/image\\\/\",\"url\":\"https:\\\/\\\/i0.wp.com\\\/libreriaguadalupe.com.ar\\\/libreria\\\/wp-content\\\/uploads\\\/2023\\\/01\\\/cropped-logo-editorial-guadalupe.webp?fit=500%2C100&ssl=1\",\"contentUrl\":\"https:\\\/\\\/i0.wp.com\\\/libreriaguadalupe.com.ar\\\/libreria\\\/wp-content\\\/uploads\\\/2023\\\/01\\\/cropped-logo-editorial-guadalupe.webp?fit=500%2C100&ssl=1\",\"width\":500,\"height\":100,\"caption\":\"Editorial Guadalupe\"},\"image\":{\"@id\":\"https:\\\/\\\/libreriaguadalupe.com.ar\\\/libreria\\\/#\\\/schema\\\/logo\\\/image\\\/\"},\"sameAs\":[\"https:\\\/\\\/www.facebook.com\\\/LibreriaGuadalupeAR\\\/\",\"https:\\\/\\\/www.instagram.com\\\/editorialguadalupe\\\/\",\"https:\\\/\\\/guadalupeeditorial.mercadoshops.com.ar\\\/\"]}]}<\/script>\n<!-- \/ Yoast SEO plugin. -->","yoast_head_json":{"title":"Anunciar la buena noticia - Editorial Guadalupe de Argentina","description":"Obra conformada por homil\u00edas para los 52 domingos del a\u00f1o (ciclo C). Todas ellas, desde su variedad de estilos y sus diferentes planteamientos, est\u00e1n destinadas a prestar un servicio en las celebraciones dominicales de las comunidades eclesiales.","robots":{"index":"index","follow":"follow","max-snippet":"max-snippet:-1","max-image-preview":"max-image-preview:large","max-video-preview":"max-video-preview:-1"},"canonical":"https:\/\/libreriaguadalupe.com.ar\/libreria\/producto\/anunciar-la-buena-noticia\/","og_locale":"es_ES","og_type":"article","og_title":"Anunciar la buena noticia - Editorial Guadalupe de Argentina","og_description":"Obra conformada por homil\u00edas para los 52 domingos del a\u00f1o (ciclo C). Todas ellas, desde su variedad de estilos y sus diferentes planteamientos, est\u00e1n destinadas a prestar un servicio en las celebraciones dominicales de las comunidades eclesiales.","og_url":"https:\/\/libreriaguadalupe.com.ar\/libreria\/producto\/anunciar-la-buena-noticia\/","og_site_name":"Editorial Guadalupe de Argentina","article_publisher":"https:\/\/www.facebook.com\/LibreriaGuadalupeAR\/","article_modified_time":"2024-07-01T15:12:38+00:00","og_image":[{"width":227,"height":357,"url":"https:\/\/libreriaguadalupe.com.ar\/libreria\/wp-content\/uploads\/2023\/01\/814.jpg","type":"image\/jpeg"}],"twitter_card":"summary_large_image","twitter_misc":{"Tiempo de lectura":"1 minuto"},"schema":{"@context":"https:\/\/schema.org","@graph":[{"@type":"WebPage","@id":"https:\/\/libreriaguadalupe.com.ar\/libreria\/producto\/anunciar-la-buena-noticia\/","url":"https:\/\/libreriaguadalupe.com.ar\/libreria\/producto\/anunciar-la-buena-noticia\/","name":"Anunciar la buena noticia - Editorial Guadalupe de Argentina","isPartOf":{"@id":"https:\/\/libreriaguadalupe.com.ar\/libreria\/#website"},"primaryImageOfPage":{"@id":"https:\/\/libreriaguadalupe.com.ar\/libreria\/producto\/anunciar-la-buena-noticia\/#primaryimage"},"image":{"@id":"https:\/\/libreriaguadalupe.com.ar\/libreria\/producto\/anunciar-la-buena-noticia\/#primaryimage"},"thumbnailUrl":"https:\/\/i0.wp.com\/libreriaguadalupe.com.ar\/libreria\/wp-content\/uploads\/2023\/01\/814.jpg?fit=227%2C357&ssl=1","datePublished":"2023-01-18T21:46:32+00:00","dateModified":"2024-07-01T15:12:38+00:00","description":"Obra conformada por homil\u00edas para los 52 domingos del a\u00f1o (ciclo C). Todas ellas, desde su variedad de estilos y sus diferentes planteamientos, est\u00e1n destinadas a prestar un servicio en las celebraciones dominicales de las comunidades eclesiales.","breadcrumb":{"@id":"https:\/\/libreriaguadalupe.com.ar\/libreria\/producto\/anunciar-la-buena-noticia\/#breadcrumb"},"inLanguage":"es","potentialAction":[{"@type":"ReadAction","target":["https:\/\/libreriaguadalupe.com.ar\/libreria\/producto\/anunciar-la-buena-noticia\/"]}]},{"@type":"ImageObject","inLanguage":"es","@id":"https:\/\/libreriaguadalupe.com.ar\/libreria\/producto\/anunciar-la-buena-noticia\/#primaryimage","url":"https:\/\/i0.wp.com\/libreriaguadalupe.com.ar\/libreria\/wp-content\/uploads\/2023\/01\/814.jpg?fit=227%2C357&ssl=1","contentUrl":"https:\/\/i0.wp.com\/libreriaguadalupe.com.ar\/libreria\/wp-content\/uploads\/2023\/01\/814.jpg?fit=227%2C357&ssl=1","width":227,"height":357},{"@type":"BreadcrumbList","@id":"https:\/\/libreriaguadalupe.com.ar\/libreria\/producto\/anunciar-la-buena-noticia\/#breadcrumb","itemListElement":[{"@type":"ListItem","position":1,"name":"Portada","item":"https:\/\/libreriaguadalupe.com.ar\/libreria\/"},{"@type":"ListItem","position":2,"name":"Tienda","item":"https:\/\/libreriaguadalupe.com.ar\/libreria\/"},{"@type":"ListItem","position":3,"name":"Anunciar la buena noticia"}]},{"@type":"WebSite","@id":"https:\/\/libreriaguadalupe.com.ar\/libreria\/#website","url":"https:\/\/libreriaguadalupe.com.ar\/libreria\/","name":"Editorial Guadalupe de Argentina","description":"Congregaci\u00f3n del Verbo Divino","publisher":{"@id":"https:\/\/libreriaguadalupe.com.ar\/libreria\/#organization"},"alternateName":"Librer\u00eda Guadalupe","potentialAction":[{"@type":"SearchAction","target":{"@type":"EntryPoint","urlTemplate":"https:\/\/libreriaguadalupe.com.ar\/libreria\/?s={search_term_string}"},"query-input":{"@type":"PropertyValueSpecification","valueRequired":true,"valueName":"search_term_string"}}],"inLanguage":"es"},{"@type":"Organization","@id":"https:\/\/libreriaguadalupe.com.ar\/libreria\/#organization","name":"Editorial Guadalupe","alternateName":"Librer\u00eda Guadalupe","url":"https:\/\/libreriaguadalupe.com.ar\/libreria\/","logo":{"@type":"ImageObject","inLanguage":"es","@id":"https:\/\/libreriaguadalupe.com.ar\/libreria\/#\/schema\/logo\/image\/","url":"https:\/\/i0.wp.com\/libreriaguadalupe.com.ar\/libreria\/wp-content\/uploads\/2023\/01\/cropped-logo-editorial-guadalupe.webp?fit=500%2C100&ssl=1","contentUrl":"https:\/\/i0.wp.com\/libreriaguadalupe.com.ar\/libreria\/wp-content\/uploads\/2023\/01\/cropped-logo-editorial-guadalupe.webp?fit=500%2C100&ssl=1","width":500,"height":100,"caption":"Editorial Guadalupe"},"image":{"@id":"https:\/\/libreriaguadalupe.com.ar\/libreria\/#\/schema\/logo\/image\/"},"sameAs":["https:\/\/www.facebook.com\/LibreriaGuadalupeAR\/","https:\/\/www.instagram.com\/editorialguadalupe\/","https:\/\/guadalupeeditorial.mercadoshops.com.ar\/"]}]}},"jetpack_publicize_connections":[],"jetpack_sharing_enabled":true,"jetpack-related-posts":[{"id":16988,"url":"https:\/\/libreriaguadalupe.com.ar\/libreria\/producto\/verdaderamente-este-hombre-era-hijo-de-dios-2\/","url_meta":{"origin":12946,"position":0},"title":"Verdaderamente este hombre era hijo de Dios","author":"admin","date":"23\/03\/2023","format":false,"excerpt":"Homil\u00edas - Ciclo B Autor: \u00c1lvaro Franch Arruga, F\u00e9lix Felipe Cebollada, Javier Calvo Guinda, Jos\u00e9 Alegre Arag\u00fces, Lucio Arauzo G\u00f3mez, Luis G. Bet\u00e9s Palomo, Santiago Aparicio Felipe ISBN: 8481698473 Dimensiones: 15,5 x 24 cm P\u00e1ginas: 304","rel":"","context":"Entrada similar","block_context":{"text":"Entrada similar","link":""},"img":{"alt_text":"","src":"https:\/\/i0.wp.com\/libreriaguadalupe.com.ar\/libreria\/wp-content\/uploads\/2023\/03\/Verdaderamente-este-hombre-era-hijo-de-Dios.jpg?fit=380%2C586&ssl=1&resize=350%2C200","width":350,"height":200},"classes":[]},{"id":13215,"url":"https:\/\/libreriaguadalupe.com.ar\/libreria\/producto\/cinco-homilias-para-cada-domingo-1\/","url_meta":{"origin":12946,"position":1},"title":"Cinco homil\u00edas para cada domingo (Ciclo B)","author":"admin","date":"18\/01\/2023","format":false,"excerpt":"Autor: Vicente Collado Bertomeu ISBN: 8490733417 Dimensiones: 15,5 x 24 cm P\u00e1ginas: 400","rel":"","context":"Entrada similar","block_context":{"text":"Entrada similar","link":""},"img":{"alt_text":"","src":"https:\/\/i0.wp.com\/libreriaguadalupe.com.ar\/libreria\/wp-content\/uploads\/2023\/01\/CINCO-HOMILIAS-PARA-CADA-DOMINGO-CICLO-B.jpg?fit=380%2C586&ssl=1&resize=350%2C200","width":350,"height":200},"classes":[]},{"id":16979,"url":"https:\/\/libreriaguadalupe.com.ar\/libreria\/producto\/y-yo-te-digo-imagina\/","url_meta":{"origin":12946,"position":2},"title":"Y yo te digo: \u00a1imagina!","author":"admin","date":"23\/03\/2023","format":false,"excerpt":"El dif\u00edcil arte de la predicaci\u00f3n Autor: Gaetano Piccolo, Nicolas Steeves ISBN: 8490734919 Dimensiones: 14 x 21 cm P\u00e1ginas: 176","rel":"","context":"Entrada similar","block_context":{"text":"Entrada similar","link":""},"img":{"alt_text":"","src":"https:\/\/i0.wp.com\/libreriaguadalupe.com.ar\/libreria\/wp-content\/uploads\/2023\/03\/Y-YO-TE-DIGO-IMAGINA.jpg?fit=380%2C586&ssl=1&resize=350%2C200","width":350,"height":200},"classes":[]},{"id":16779,"url":"https:\/\/libreriaguadalupe.com.ar\/libreria\/producto\/celebremos-a-jesus-pan-de-vida-ciclo-c\/","url_meta":{"origin":12946,"position":3},"title":"Celebremos A Jes\u00fas, Pan De Vida Ciclo C","author":"admin","date":"21\/03\/2023","format":false,"excerpt":"Autor: Miguel Angel D\u2019Annibale ISBN: 9789505006625 P\u00e1ginas: 192 Medidas: 14 x 20 cm","rel":"","context":"Entrada similar","block_context":{"text":"Entrada similar","link":""},"img":{"alt_text":"","src":"https:\/\/i0.wp.com\/libreriaguadalupe.com.ar\/libreria\/wp-content\/uploads\/2023\/03\/Celebremos-A-Jesus-Pan-De-Vida-Ciclo-C.jpeg?fit=344%2C500&ssl=1&resize=350%2C200","width":350,"height":200},"classes":[]},{"id":12676,"url":"https:\/\/libreriaguadalupe.com.ar\/libreria\/producto\/dialogos-semanales-con-jesus-ciclo-c-nro-5\/","url_meta":{"origin":12946,"position":4},"title":"Dialogos semanales con Jesus Ciclo C Nro 5","author":"admin","date":"18\/01\/2023","format":false,"excerpt":"Adviento, Navidad, Cuaresma, Pascua Autor: Carmen Mar\u00eda Cervantes, Instituto Fe y Vida, Jos\u00e9 Antonio Medina Arellano ISBN: 8499450582 Dimensiones: 16 x 24 cm P\u00e1ginas: 200","rel":"","context":"Entrada similar","block_context":{"text":"Entrada similar","link":""},"img":{"alt_text":"","src":"https:\/\/i0.wp.com\/libreriaguadalupe.com.ar\/libreria\/wp-content\/uploads\/2023\/01\/Dialogos-semanales-con-Jesus-Ciclo-C-Nro-5.jpg?fit=380%2C586&ssl=1&resize=350%2C200","width":350,"height":200},"classes":[]},{"id":12950,"url":"https:\/\/libreriaguadalupe.com.ar\/libreria\/producto\/en-medio-de-la-asamblea\/","url_meta":{"origin":12946,"position":5},"title":"En medio de la asamblea","author":"admin","date":"18\/01\/2023","format":false,"excerpt":"Homil\u00edas A-B-C Autor: Guillermo Guti\u00e9rrez Andr\u00e9s ISBN: 8471518804 Dimensiones: 15,5 x 24 cm P\u00e1ginas: 440","rel":"","context":"Entrada similar","block_context":{"text":"Entrada similar","link":""},"img":{"alt_text":"","src":"https:\/\/i0.wp.com\/libreriaguadalupe.com.ar\/libreria\/wp-content\/uploads\/2023\/01\/En-medio-de-la-asamblea.jpg?fit=288%2C470&ssl=1&resize=350%2C200","width":350,"height":200},"classes":[]}],"_links":{"self":[{"href":"https:\/\/libreriaguadalupe.com.ar\/libreria\/wp-json\/wp\/v2\/product\/12946","targetHints":{"allow":["GET"]}}],"collection":[{"href":"https:\/\/libreriaguadalupe.com.ar\/libreria\/wp-json\/wp\/v2\/product"}],"about":[{"href":"https:\/\/libreriaguadalupe.com.ar\/libreria\/wp-json\/wp\/v2\/types\/product"}],"replies":[{"embeddable":true,"href":"https:\/\/libreriaguadalupe.com.ar\/libreria\/wp-json\/wp\/v2\/comments?post=12946"}],"version-history":[{"count":3,"href":"https:\/\/libreriaguadalupe.com.ar\/libreria\/wp-json\/wp\/v2\/product\/12946\/revisions"}],"predecessor-version":[{"id":16858,"href":"https:\/\/libreriaguadalupe.com.ar\/libreria\/wp-json\/wp\/v2\/product\/12946\/revisions\/16858"}],"wp:featuredmedia":[{"embeddable":true,"href":"https:\/\/libreriaguadalupe.com.ar\/libreria\/wp-json\/wp\/v2\/media\/13917"}],"wp:attachment":[{"href":"https:\/\/libreriaguadalupe.com.ar\/libreria\/wp-json\/wp\/v2\/media?parent=12946"}],"wp:term":[{"taxonomy":"product_brand","embeddable":true,"href":"https:\/\/libreriaguadalupe.com.ar\/libreria\/wp-json\/wp\/v2\/product_brand?post=12946"},{"taxonomy":"product_cat","embeddable":true,"href":"https:\/\/libreriaguadalupe.com.ar\/libreria\/wp-json\/wp\/v2\/product_cat?post=12946"},{"taxonomy":"product_tag","embeddable":true,"href":"https:\/\/libreriaguadalupe.com.ar\/libreria\/wp-json\/wp\/v2\/product_tag?post=12946"}],"curies":[{"name":"wp","href":"https:\/\/api.w.org\/{rel}","templated":true}]}}