{"id":12945,"date":"2023-01-18T18:46:32","date_gmt":"2023-01-18T21:46:32","guid":{"rendered":"https:\/\/libreriaguadalupe.com.ar\/libreria\/?post_type=product&#038;p=12945"},"modified":"2024-07-01T12:12:19","modified_gmt":"2024-07-01T15:12:19","slug":"para-leer-la-historia-de-la-iglesia","status":"publish","type":"product","link":"https:\/\/libreriaguadalupe.com.ar\/libreria\/producto\/para-leer-la-historia-de-la-iglesia\/","title":{"rendered":"Para leer la historia de la Iglesia"},"content":{"rendered":"<p>He aqu\u00ed un recorrido de veinte siglos de historia de la Iglesia. \u00bfCu\u00e1les son los rasgos principales de su proceso hist\u00f3rico y de su m\u00e9todo? En primer lugar, no separar la historia de la Iglesia de la historia general de la humanidad. Los cristianos viven en el mundo y muchos acontecimientos pol\u00edticos, sociales y econ\u00f3micos han determinado la vida de la Iglesia.Despu\u00e9s, utilizar todas las huellas del pasado: edificios, obras de arte, excavaciones arqueol\u00f3gicas.Por \u00faltimo, presentar directamente a los lectores las fuentes escritas.Este volumen concede un lugar tan importante a los textos del pasado como a la presentaci\u00f3n de los acontecimientos. Y ofrece las claves para situar los textos, entenderlos y valorarlos.Jean Comby, profesor en las Facultades cat\u00f3licas de Lyon, plantea la pregunta: \u00bfEn qu\u00e9 consiste ser cristiano? Y muestra con vigor que estudiar la condici\u00f3n del cristiano de los primeros siglos o de la Edad Media puede proporcionar una respuesta parcial, aunque capital, a los interrogantes m\u00e1s actuales.<\/p>\n","protected":false},"excerpt":{"rendered":"<h5 class=\"my-1 font-weight-normal\">Desde los or\u00edgenes hasta el siglo XXI<\/h5>\n<p>Autor: Jean Comby<strong><br \/>\n<\/strong>ISBN: 8481697278<br \/>\nDimensiones: 22 x 22 cm<br \/>\nP\u00e1ginas: 456<\/p>\n","protected":false},"featured_media":17090,"comment_status":"open","ping_status":"closed","template":"","meta":{"jetpack_publicize_message":"","jetpack_publicize_feature_enabled":true,"jetpack_social_post_already_shared":false,"jetpack_social_options":{"image_generator_settings":{"template":"highway","default_image_id":0,"font":"","enabled":false},"version":2}},"product_brand":[],"product_cat":[109],"product_tag":[127],"class_list":{"0":"post-12945","1":"product","2":"type-product","3":"status-publish","4":"has-post-thumbnail","6":"product_cat-verbo-divino","7":"product_tag-editorial-guadalupe-de-argentina","9":"first","10":"outofstock","11":"shipping-taxable","12":"purchasable","13":"product-type-simple"},"yoast_head":"<!-- This site is optimized with the Yoast SEO plugin v27.4 - https:\/\/yoast.com\/product\/yoast-seo-wordpress\/ -->\n<title>Para leer la historia de la Iglesia - Editorial Guadalupe de Argentina<\/title>\n<meta name=\"description\" content=\"He aqu\u00ed un recorrido de veinte siglos de historia de la Iglesia. \u00bfCu\u00e1les son los rasgos principales de su proceso hist\u00f3rico y de su m\u00e9todo?\" \/>\n<meta name=\"robots\" content=\"index, follow, max-snippet:-1, max-image-preview:large, max-video-preview:-1\" \/>\n<link rel=\"canonical\" href=\"https:\/\/libreriaguadalupe.com.ar\/libreria\/producto\/para-leer-la-historia-de-la-iglesia\/\" \/>\n<meta property=\"og:locale\" content=\"es_ES\" \/>\n<meta property=\"og:type\" content=\"article\" \/>\n<meta property=\"og:title\" content=\"Para leer la historia de la Iglesia - Editorial Guadalupe de Argentina\" \/>\n<meta property=\"og:description\" content=\"He aqu\u00ed un recorrido de veinte siglos de historia de la Iglesia. \u00bfCu\u00e1les son los rasgos principales de su proceso hist\u00f3rico y de su m\u00e9todo?\" \/>\n<meta property=\"og:url\" content=\"https:\/\/libreriaguadalupe.com.ar\/libreria\/producto\/para-leer-la-historia-de-la-iglesia\/\" \/>\n<meta property=\"og:site_name\" content=\"Editorial Guadalupe de Argentina\" \/>\n<meta property=\"article:publisher\" content=\"https:\/\/www.facebook.com\/LibreriaGuadalupeAR\/\" \/>\n<meta property=\"article:modified_time\" content=\"2024-07-01T15:12:19+00:00\" \/>\n<meta property=\"og:image\" content=\"https:\/\/libreriaguadalupe.com.ar\/libreria\/wp-content\/uploads\/2023\/01\/Para-leer-la-historia-de-la-Iglesia.jpg\" \/>\n\t<meta property=\"og:image:width\" content=\"380\" \/>\n\t<meta property=\"og:image:height\" content=\"586\" \/>\n\t<meta property=\"og:image:type\" content=\"image\/jpeg\" \/>\n<meta name=\"twitter:card\" content=\"summary_large_image\" \/>\n<meta name=\"twitter:label1\" content=\"Tiempo de lectura\" \/>\n\t<meta name=\"twitter:data1\" content=\"1 minuto\" \/>\n<script type=\"application\/ld+json\" class=\"yoast-schema-graph\">{\"@context\":\"https:\\\/\\\/schema.org\",\"@graph\":[{\"@type\":\"WebPage\",\"@id\":\"https:\\\/\\\/libreriaguadalupe.com.ar\\\/libreria\\\/producto\\\/para-leer-la-historia-de-la-iglesia\\\/\",\"url\":\"https:\\\/\\\/libreriaguadalupe.com.ar\\\/libreria\\\/producto\\\/para-leer-la-historia-de-la-iglesia\\\/\",\"name\":\"Para leer la historia de la Iglesia - Editorial Guadalupe de Argentina\",\"isPartOf\":{\"@id\":\"https:\\\/\\\/libreriaguadalupe.com.ar\\\/libreria\\\/#website\"},\"primaryImageOfPage\":{\"@id\":\"https:\\\/\\\/libreriaguadalupe.com.ar\\\/libreria\\\/producto\\\/para-leer-la-historia-de-la-iglesia\\\/#primaryimage\"},\"image\":{\"@id\":\"https:\\\/\\\/libreriaguadalupe.com.ar\\\/libreria\\\/producto\\\/para-leer-la-historia-de-la-iglesia\\\/#primaryimage\"},\"thumbnailUrl\":\"https:\\\/\\\/i0.wp.com\\\/libreriaguadalupe.com.ar\\\/libreria\\\/wp-content\\\/uploads\\\/2023\\\/01\\\/Para-leer-la-historia-de-la-Iglesia.jpg?fit=380%2C586&ssl=1\",\"datePublished\":\"2023-01-18T21:46:32+00:00\",\"dateModified\":\"2024-07-01T15:12:19+00:00\",\"description\":\"He aqu\u00ed un recorrido de veinte siglos de historia de la Iglesia. \u00bfCu\u00e1les son los rasgos principales de su proceso hist\u00f3rico y de su m\u00e9todo?\",\"breadcrumb\":{\"@id\":\"https:\\\/\\\/libreriaguadalupe.com.ar\\\/libreria\\\/producto\\\/para-leer-la-historia-de-la-iglesia\\\/#breadcrumb\"},\"inLanguage\":\"es\",\"potentialAction\":[{\"@type\":\"ReadAction\",\"target\":[\"https:\\\/\\\/libreriaguadalupe.com.ar\\\/libreria\\\/producto\\\/para-leer-la-historia-de-la-iglesia\\\/\"]}]},{\"@type\":\"ImageObject\",\"inLanguage\":\"es\",\"@id\":\"https:\\\/\\\/libreriaguadalupe.com.ar\\\/libreria\\\/producto\\\/para-leer-la-historia-de-la-iglesia\\\/#primaryimage\",\"url\":\"https:\\\/\\\/i0.wp.com\\\/libreriaguadalupe.com.ar\\\/libreria\\\/wp-content\\\/uploads\\\/2023\\\/01\\\/Para-leer-la-historia-de-la-Iglesia.jpg?fit=380%2C586&ssl=1\",\"contentUrl\":\"https:\\\/\\\/i0.wp.com\\\/libreriaguadalupe.com.ar\\\/libreria\\\/wp-content\\\/uploads\\\/2023\\\/01\\\/Para-leer-la-historia-de-la-Iglesia.jpg?fit=380%2C586&ssl=1\",\"width\":380,\"height\":586},{\"@type\":\"BreadcrumbList\",\"@id\":\"https:\\\/\\\/libreriaguadalupe.com.ar\\\/libreria\\\/producto\\\/para-leer-la-historia-de-la-iglesia\\\/#breadcrumb\",\"itemListElement\":[{\"@type\":\"ListItem\",\"position\":1,\"name\":\"Portada\",\"item\":\"https:\\\/\\\/libreriaguadalupe.com.ar\\\/libreria\\\/\"},{\"@type\":\"ListItem\",\"position\":2,\"name\":\"Tienda\",\"item\":\"https:\\\/\\\/libreriaguadalupe.com.ar\\\/libreria\\\/\"},{\"@type\":\"ListItem\",\"position\":3,\"name\":\"Para leer la historia de la Iglesia\"}]},{\"@type\":\"WebSite\",\"@id\":\"https:\\\/\\\/libreriaguadalupe.com.ar\\\/libreria\\\/#website\",\"url\":\"https:\\\/\\\/libreriaguadalupe.com.ar\\\/libreria\\\/\",\"name\":\"Editorial Guadalupe de Argentina\",\"description\":\"Congregaci\u00f3n del Verbo Divino\",\"publisher\":{\"@id\":\"https:\\\/\\\/libreriaguadalupe.com.ar\\\/libreria\\\/#organization\"},\"alternateName\":\"Librer\u00eda Guadalupe\",\"potentialAction\":[{\"@type\":\"SearchAction\",\"target\":{\"@type\":\"EntryPoint\",\"urlTemplate\":\"https:\\\/\\\/libreriaguadalupe.com.ar\\\/libreria\\\/?s={search_term_string}\"},\"query-input\":{\"@type\":\"PropertyValueSpecification\",\"valueRequired\":true,\"valueName\":\"search_term_string\"}}],\"inLanguage\":\"es\"},{\"@type\":\"Organization\",\"@id\":\"https:\\\/\\\/libreriaguadalupe.com.ar\\\/libreria\\\/#organization\",\"name\":\"Editorial Guadalupe\",\"alternateName\":\"Librer\u00eda Guadalupe\",\"url\":\"https:\\\/\\\/libreriaguadalupe.com.ar\\\/libreria\\\/\",\"logo\":{\"@type\":\"ImageObject\",\"inLanguage\":\"es\",\"@id\":\"https:\\\/\\\/libreriaguadalupe.com.ar\\\/libreria\\\/#\\\/schema\\\/logo\\\/image\\\/\",\"url\":\"https:\\\/\\\/i0.wp.com\\\/libreriaguadalupe.com.ar\\\/libreria\\\/wp-content\\\/uploads\\\/2023\\\/01\\\/cropped-logo-editorial-guadalupe.webp?fit=500%2C100&ssl=1\",\"contentUrl\":\"https:\\\/\\\/i0.wp.com\\\/libreriaguadalupe.com.ar\\\/libreria\\\/wp-content\\\/uploads\\\/2023\\\/01\\\/cropped-logo-editorial-guadalupe.webp?fit=500%2C100&ssl=1\",\"width\":500,\"height\":100,\"caption\":\"Editorial Guadalupe\"},\"image\":{\"@id\":\"https:\\\/\\\/libreriaguadalupe.com.ar\\\/libreria\\\/#\\\/schema\\\/logo\\\/image\\\/\"},\"sameAs\":[\"https:\\\/\\\/www.facebook.com\\\/LibreriaGuadalupeAR\\\/\",\"https:\\\/\\\/www.instagram.com\\\/editorialguadalupe\\\/\",\"https:\\\/\\\/guadalupeeditorial.mercadoshops.com.ar\\\/\"]}]}<\/script>\n<!-- \/ Yoast SEO plugin. -->","yoast_head_json":{"title":"Para leer la historia de la Iglesia - Editorial Guadalupe de Argentina","description":"He aqu\u00ed un recorrido de veinte siglos de historia de la Iglesia. \u00bfCu\u00e1les son los rasgos principales de su proceso hist\u00f3rico y de su m\u00e9todo?","robots":{"index":"index","follow":"follow","max-snippet":"max-snippet:-1","max-image-preview":"max-image-preview:large","max-video-preview":"max-video-preview:-1"},"canonical":"https:\/\/libreriaguadalupe.com.ar\/libreria\/producto\/para-leer-la-historia-de-la-iglesia\/","og_locale":"es_ES","og_type":"article","og_title":"Para leer la historia de la Iglesia - Editorial Guadalupe de Argentina","og_description":"He aqu\u00ed un recorrido de veinte siglos de historia de la Iglesia. \u00bfCu\u00e1les son los rasgos principales de su proceso hist\u00f3rico y de su m\u00e9todo?","og_url":"https:\/\/libreriaguadalupe.com.ar\/libreria\/producto\/para-leer-la-historia-de-la-iglesia\/","og_site_name":"Editorial Guadalupe de Argentina","article_publisher":"https:\/\/www.facebook.com\/LibreriaGuadalupeAR\/","article_modified_time":"2024-07-01T15:12:19+00:00","og_image":[{"width":380,"height":586,"url":"https:\/\/libreriaguadalupe.com.ar\/libreria\/wp-content\/uploads\/2023\/01\/Para-leer-la-historia-de-la-Iglesia.jpg","type":"image\/jpeg"}],"twitter_card":"summary_large_image","twitter_misc":{"Tiempo de lectura":"1 minuto"},"schema":{"@context":"https:\/\/schema.org","@graph":[{"@type":"WebPage","@id":"https:\/\/libreriaguadalupe.com.ar\/libreria\/producto\/para-leer-la-historia-de-la-iglesia\/","url":"https:\/\/libreriaguadalupe.com.ar\/libreria\/producto\/para-leer-la-historia-de-la-iglesia\/","name":"Para leer la historia de la Iglesia - Editorial Guadalupe de Argentina","isPartOf":{"@id":"https:\/\/libreriaguadalupe.com.ar\/libreria\/#website"},"primaryImageOfPage":{"@id":"https:\/\/libreriaguadalupe.com.ar\/libreria\/producto\/para-leer-la-historia-de-la-iglesia\/#primaryimage"},"image":{"@id":"https:\/\/libreriaguadalupe.com.ar\/libreria\/producto\/para-leer-la-historia-de-la-iglesia\/#primaryimage"},"thumbnailUrl":"https:\/\/i0.wp.com\/libreriaguadalupe.com.ar\/libreria\/wp-content\/uploads\/2023\/01\/Para-leer-la-historia-de-la-Iglesia.jpg?fit=380%2C586&ssl=1","datePublished":"2023-01-18T21:46:32+00:00","dateModified":"2024-07-01T15:12:19+00:00","description":"He aqu\u00ed un recorrido de veinte siglos de historia de la Iglesia. \u00bfCu\u00e1les son los rasgos principales de su proceso hist\u00f3rico y de su m\u00e9todo?","breadcrumb":{"@id":"https:\/\/libreriaguadalupe.com.ar\/libreria\/producto\/para-leer-la-historia-de-la-iglesia\/#breadcrumb"},"inLanguage":"es","potentialAction":[{"@type":"ReadAction","target":["https:\/\/libreriaguadalupe.com.ar\/libreria\/producto\/para-leer-la-historia-de-la-iglesia\/"]}]},{"@type":"ImageObject","inLanguage":"es","@id":"https:\/\/libreriaguadalupe.com.ar\/libreria\/producto\/para-leer-la-historia-de-la-iglesia\/#primaryimage","url":"https:\/\/i0.wp.com\/libreriaguadalupe.com.ar\/libreria\/wp-content\/uploads\/2023\/01\/Para-leer-la-historia-de-la-Iglesia.jpg?fit=380%2C586&ssl=1","contentUrl":"https:\/\/i0.wp.com\/libreriaguadalupe.com.ar\/libreria\/wp-content\/uploads\/2023\/01\/Para-leer-la-historia-de-la-Iglesia.jpg?fit=380%2C586&ssl=1","width":380,"height":586},{"@type":"BreadcrumbList","@id":"https:\/\/libreriaguadalupe.com.ar\/libreria\/producto\/para-leer-la-historia-de-la-iglesia\/#breadcrumb","itemListElement":[{"@type":"ListItem","position":1,"name":"Portada","item":"https:\/\/libreriaguadalupe.com.ar\/libreria\/"},{"@type":"ListItem","position":2,"name":"Tienda","item":"https:\/\/libreriaguadalupe.com.ar\/libreria\/"},{"@type":"ListItem","position":3,"name":"Para leer la historia de la Iglesia"}]},{"@type":"WebSite","@id":"https:\/\/libreriaguadalupe.com.ar\/libreria\/#website","url":"https:\/\/libreriaguadalupe.com.ar\/libreria\/","name":"Editorial Guadalupe de Argentina","description":"Congregaci\u00f3n del Verbo Divino","publisher":{"@id":"https:\/\/libreriaguadalupe.com.ar\/libreria\/#organization"},"alternateName":"Librer\u00eda Guadalupe","potentialAction":[{"@type":"SearchAction","target":{"@type":"EntryPoint","urlTemplate":"https:\/\/libreriaguadalupe.com.ar\/libreria\/?s={search_term_string}"},"query-input":{"@type":"PropertyValueSpecification","valueRequired":true,"valueName":"search_term_string"}}],"inLanguage":"es"},{"@type":"Organization","@id":"https:\/\/libreriaguadalupe.com.ar\/libreria\/#organization","name":"Editorial Guadalupe","alternateName":"Librer\u00eda Guadalupe","url":"https:\/\/libreriaguadalupe.com.ar\/libreria\/","logo":{"@type":"ImageObject","inLanguage":"es","@id":"https:\/\/libreriaguadalupe.com.ar\/libreria\/#\/schema\/logo\/image\/","url":"https:\/\/i0.wp.com\/libreriaguadalupe.com.ar\/libreria\/wp-content\/uploads\/2023\/01\/cropped-logo-editorial-guadalupe.webp?fit=500%2C100&ssl=1","contentUrl":"https:\/\/i0.wp.com\/libreriaguadalupe.com.ar\/libreria\/wp-content\/uploads\/2023\/01\/cropped-logo-editorial-guadalupe.webp?fit=500%2C100&ssl=1","width":500,"height":100,"caption":"Editorial Guadalupe"},"image":{"@id":"https:\/\/libreriaguadalupe.com.ar\/libreria\/#\/schema\/logo\/image\/"},"sameAs":["https:\/\/www.facebook.com\/LibreriaGuadalupeAR\/","https:\/\/www.instagram.com\/editorialguadalupe\/","https:\/\/guadalupeeditorial.mercadoshops.com.ar\/"]}]}},"jetpack_publicize_connections":[],"jetpack_sharing_enabled":true,"jetpack-related-posts":[{"id":18069,"url":"https:\/\/libreriaguadalupe.com.ar\/libreria\/producto\/raices-del-cristianismo\/","url_meta":{"origin":12945,"position":0},"title":"Ra\u00edces del Cristianismo","author":"admin","date":"23\/05\/2024","format":false,"excerpt":"S\u00edntesis panor\u00e1mica Acontecimientos hist\u00f3ricos previos al cristianismo y de sus primeros cuatrocientos cincuenta a\u00f1os Autor: \u00c1NGEL HUMBERTO MEDINA PALA ISBN: 978-950-500-913-8 Dimensiones: 16 x 23 cm P\u00e1ginas: 168","rel":"","context":"Entrada similar","block_context":{"text":"Entrada similar","link":""},"img":{"alt_text":"","src":"https:\/\/i0.wp.com\/libreriaguadalupe.com.ar\/libreria\/wp-content\/uploads\/2024\/05\/NOVEDAD-TIENDA-MAYO-4.jpg?fit=470%2C470&ssl=1&resize=350%2C200","width":350,"height":200},"classes":[]},{"id":18953,"url":"https:\/\/libreriaguadalupe.com.ar\/libreria\/producto\/eduardo-francisco-pironio-biografia-de-un-cristiano-latinoamericano\/","url_meta":{"origin":12945,"position":1},"title":"Eduardo Francisco Pironio &#8211; Biograf\u00eda de un cristiano latinoamericano","author":"Mariano Zuqui","date":"17\/06\/2025","format":false,"excerpt":"Autor: Gianni La Bella T\u00edtulo: \"Eduardo Francisco Pironio - Biograf\u00eda de un cristiano latinoamericano\" ISBN:978-950-500-956-5 Formato: 15.5\u00a0 (ancho) x 22.5 (alto) cms. Interior: 1\/1 color Papel: Bookcel 80 grs. N\u00ba de P\u00e1ginas: 366 Tapa:4 Colores - Cartulina 500 grs -laminado mate Encuadernaci\u00f3n: Binder \u00a0 \u00a0","rel":"","context":"Entrada similar","block_context":{"text":"Entrada similar","link":""},"img":{"alt_text":"","src":"https:\/\/i0.wp.com\/libreriaguadalupe.com.ar\/libreria\/wp-content\/uploads\/2025\/06\/1-2.png?fit=960%2C1200&ssl=1&resize=350%2C200","width":350,"height":200,"srcset":"https:\/\/i0.wp.com\/libreriaguadalupe.com.ar\/libreria\/wp-content\/uploads\/2025\/06\/1-2.png?fit=960%2C1200&ssl=1&resize=350%2C200 1x, https:\/\/i0.wp.com\/libreriaguadalupe.com.ar\/libreria\/wp-content\/uploads\/2025\/06\/1-2.png?fit=960%2C1200&ssl=1&resize=525%2C300 1.5x, https:\/\/i0.wp.com\/libreriaguadalupe.com.ar\/libreria\/wp-content\/uploads\/2025\/06\/1-2.png?fit=960%2C1200&ssl=1&resize=700%2C400 2x"},"classes":[]},{"id":15509,"url":"https:\/\/libreriaguadalupe.com.ar\/libreria\/producto\/evangelio-de-marcos-pikaza-2\/","url_meta":{"origin":12945,"position":2},"title":"Evangelio de Marcos","author":"admin","date":"07\/02\/2023","format":false,"excerpt":"La Buena Noticia de Jes\u00fas AUTOR: EVD ISBN: 8499452258","rel":"","context":"Entrada similar","block_context":{"text":"Entrada similar","link":""},"img":{"alt_text":"","src":"https:\/\/i0.wp.com\/libreriaguadalupe.com.ar\/libreria\/wp-content\/uploads\/2023\/02\/Evangelio-de-Marcos.jpg?fit=380%2C586&ssl=1&resize=350%2C200","width":350,"height":200},"classes":[]},{"id":12772,"url":"https:\/\/libreriaguadalupe.com.ar\/libreria\/producto\/en-el-origen-de-la-palabra-cristiana\/","url_meta":{"origin":12945,"position":3},"title":"En el origen de la palabra cristiana","author":"admin","date":"18\/01\/2023","format":false,"excerpt":"Tradici\u00f3n y escrituras en el siglo II Autor: Francine Culdaut ISBN: 8471518500 Dimensiones: 20,5 x 19 cm P\u00e1ginas: 200","rel":"","context":"Entrada similar","block_context":{"text":"Entrada similar","link":""},"img":{"alt_text":"","src":"https:\/\/i0.wp.com\/libreriaguadalupe.com.ar\/libreria\/wp-content\/uploads\/2023\/01\/En-el-origen-de-la-palabra-cristiana.jpg?fit=380%2C586&ssl=1&resize=350%2C200","width":350,"height":200},"classes":[]},{"id":15512,"url":"https:\/\/libreriaguadalupe.com.ar\/libreria\/producto\/la-memoria-de-jesus-y-los-cristianismos-de-los-origenes-2\/","url_meta":{"origin":12945,"position":4},"title":"La memoria de Jesus y los cristianismos de los origenes","author":"admin","date":"07\/02\/2023","format":false,"excerpt":"Autor: EVD ISBN: 8490731062","rel":"","context":"Entrada similar","block_context":{"text":"Entrada similar","link":""},"img":{"alt_text":"","src":"https:\/\/i0.wp.com\/libreriaguadalupe.com.ar\/libreria\/wp-content\/uploads\/2023\/02\/La-memoria-de-Jesus-y-los-cristianismos-de-los-origenes.jpg?fit=380%2C586&ssl=1&resize=350%2C200","width":350,"height":200},"classes":[]},{"id":15510,"url":"https:\/\/libreriaguadalupe.com.ar\/libreria\/producto\/lectio-divina-para-la-vida-diaria-los-salmos-y-los-canticos-de-laudes-y-visperas-semana-4-2\/","url_meta":{"origin":12945,"position":5},"title":"Lectio divina para la vida diaria: Los salmos y los c\u00e1nticos de laudes y v\u00edsperas (Semana 4)","author":"admin","date":"07\/02\/2023","format":false,"excerpt":"Volumen 16 AUTOR: EVD ISBN: 8499451824","rel":"","context":"Entrada similar","block_context":{"text":"Entrada similar","link":""},"img":{"alt_text":"","src":"https:\/\/i0.wp.com\/libreriaguadalupe.com.ar\/libreria\/wp-content\/uploads\/1674\/33\/1195.jpg?fit=227%2C355&ssl=1&resize=350%2C200","width":350,"height":200},"classes":[]}],"_links":{"self":[{"href":"https:\/\/libreriaguadalupe.com.ar\/libreria\/wp-json\/wp\/v2\/product\/12945","targetHints":{"allow":["GET"]}}],"collection":[{"href":"https:\/\/libreriaguadalupe.com.ar\/libreria\/wp-json\/wp\/v2\/product"}],"about":[{"href":"https:\/\/libreriaguadalupe.com.ar\/libreria\/wp-json\/wp\/v2\/types\/product"}],"replies":[{"embeddable":true,"href":"https:\/\/libreriaguadalupe.com.ar\/libreria\/wp-json\/wp\/v2\/comments?post=12945"}],"version-history":[{"count":3,"href":"https:\/\/libreriaguadalupe.com.ar\/libreria\/wp-json\/wp\/v2\/product\/12945\/revisions"}],"predecessor-version":[{"id":17092,"href":"https:\/\/libreriaguadalupe.com.ar\/libreria\/wp-json\/wp\/v2\/product\/12945\/revisions\/17092"}],"wp:featuredmedia":[{"embeddable":true,"href":"https:\/\/libreriaguadalupe.com.ar\/libreria\/wp-json\/wp\/v2\/media\/17090"}],"wp:attachment":[{"href":"https:\/\/libreriaguadalupe.com.ar\/libreria\/wp-json\/wp\/v2\/media?parent=12945"}],"wp:term":[{"taxonomy":"product_brand","embeddable":true,"href":"https:\/\/libreriaguadalupe.com.ar\/libreria\/wp-json\/wp\/v2\/product_brand?post=12945"},{"taxonomy":"product_cat","embeddable":true,"href":"https:\/\/libreriaguadalupe.com.ar\/libreria\/wp-json\/wp\/v2\/product_cat?post=12945"},{"taxonomy":"product_tag","embeddable":true,"href":"https:\/\/libreriaguadalupe.com.ar\/libreria\/wp-json\/wp\/v2\/product_tag?post=12945"}],"curies":[{"name":"wp","href":"https:\/\/api.w.org\/{rel}","templated":true}]}}