{"id":12940,"date":"2023-01-18T15:46:31","date_gmt":"2023-01-18T18:46:31","guid":{"rendered":"https:\/\/libreriaguadalupe.com.ar\/libreria\/?post_type=product&#038;p=12940"},"modified":"2024-10-29T11:10:06","modified_gmt":"2024-10-29T14:10:06","slug":"memorias-del-paraiso","status":"publish","type":"product","link":"https:\/\/libreriaguadalupe.com.ar\/libreria\/producto\/memorias-del-paraiso\/","title":{"rendered":"Memorias del Paraiso"},"content":{"rendered":"<p>Una novela de formaci\u00f3n, fruto de muchos a\u00f1os de estudio de la Biblia, de lecturas y reflexi\u00f3n, de experiencia y de proceso espiritual del autor. Su trama pone la vida concreta del protagonista en di\u00e1logo profundo con la palabra de Dios. \u00abMemorias del Para\u00edso\u00bb es una meditaci\u00f3n hecha desde la cabeza y el coraz\u00f3n, elaborada a partir de la convicci\u00f3n de que la realidad personal de cada cual (por desesperante o tr\u00e1gica que sea) constituye el lugar donde hemos de encontrarnos con Dios y realizar el seguimiento de Jes\u00fas.<\/p>\n<p>Autor: Tosaus Abad\u00eda, Jos\u00e9<\/p>\n<p>ISBN 8481693799<\/p>\n","protected":false},"excerpt":{"rendered":"<p>Autor: Tosaus Abad\u00eda, Jos\u00e9<strong><br \/>\n<\/strong>ISBN: 8481693799<br \/>\nDimensiones: 14 x 21 cm<br \/>\nP\u00e1ginas: 184<\/p>\n","protected":false},"featured_media":17007,"comment_status":"open","ping_status":"closed","template":"","meta":{"jetpack_publicize_message":"","jetpack_publicize_feature_enabled":true,"jetpack_social_post_already_shared":false,"jetpack_social_options":{"image_generator_settings":{"template":"highway","default_image_id":0,"font":"","enabled":false},"version":2}},"product_brand":[],"product_cat":[109],"product_tag":[127],"class_list":{"0":"post-12940","1":"product","2":"type-product","3":"status-publish","4":"has-post-thumbnail","6":"product_cat-verbo-divino","7":"product_tag-editorial-guadalupe-de-argentina","9":"first","10":"instock","11":"shipping-taxable","12":"purchasable","13":"product-type-simple"},"yoast_head":"<!-- This site is optimized with the Yoast SEO plugin v27.4 - https:\/\/yoast.com\/product\/yoast-seo-wordpress\/ -->\n<title>Memorias del Paraiso - Editorial Guadalupe de Argentina<\/title>\n<meta name=\"description\" content=\"Una novela de formaci\u00f3n, fruto de muchos a\u00f1os de estudio de la Biblia, de lecturas y reflexi\u00f3n, de experiencia y de proceso espiritual del autor. Su trama pone la vida concreta del protagonista en di\u00e1logo profundo con la palabra de Dios.\" \/>\n<meta name=\"robots\" content=\"index, follow, max-snippet:-1, max-image-preview:large, max-video-preview:-1\" \/>\n<link rel=\"canonical\" href=\"https:\/\/libreriaguadalupe.com.ar\/libreria\/producto\/memorias-del-paraiso\/\" \/>\n<meta property=\"og:locale\" content=\"es_ES\" \/>\n<meta property=\"og:type\" content=\"article\" \/>\n<meta property=\"og:title\" content=\"Memorias del Paraiso - Editorial Guadalupe de Argentina\" \/>\n<meta property=\"og:description\" content=\"Una novela de formaci\u00f3n, fruto de muchos a\u00f1os de estudio de la Biblia, de lecturas y reflexi\u00f3n, de experiencia y de proceso espiritual del autor. Su trama pone la vida concreta del protagonista en di\u00e1logo profundo con la palabra de Dios.\" \/>\n<meta property=\"og:url\" content=\"https:\/\/libreriaguadalupe.com.ar\/libreria\/producto\/memorias-del-paraiso\/\" \/>\n<meta property=\"og:site_name\" content=\"Editorial Guadalupe de Argentina\" \/>\n<meta property=\"article:publisher\" content=\"https:\/\/www.facebook.com\/LibreriaGuadalupeAR\/\" \/>\n<meta property=\"article:modified_time\" content=\"2024-10-29T14:10:06+00:00\" \/>\n<meta property=\"og:image\" content=\"https:\/\/libreriaguadalupe.com.ar\/libreria\/wp-content\/uploads\/2023\/01\/Memorias-del-Paraiso.jpg\" \/>\n\t<meta property=\"og:image:width\" content=\"380\" \/>\n\t<meta property=\"og:image:height\" content=\"586\" \/>\n\t<meta property=\"og:image:type\" content=\"image\/jpeg\" \/>\n<meta name=\"twitter:card\" content=\"summary_large_image\" \/>\n<meta name=\"twitter:label1\" content=\"Tiempo de lectura\" \/>\n\t<meta name=\"twitter:data1\" content=\"1 minuto\" \/>\n<script type=\"application\/ld+json\" class=\"yoast-schema-graph\">{\"@context\":\"https:\\\/\\\/schema.org\",\"@graph\":[{\"@type\":\"WebPage\",\"@id\":\"https:\\\/\\\/libreriaguadalupe.com.ar\\\/libreria\\\/producto\\\/memorias-del-paraiso\\\/\",\"url\":\"https:\\\/\\\/libreriaguadalupe.com.ar\\\/libreria\\\/producto\\\/memorias-del-paraiso\\\/\",\"name\":\"Memorias del Paraiso - Editorial Guadalupe de Argentina\",\"isPartOf\":{\"@id\":\"https:\\\/\\\/libreriaguadalupe.com.ar\\\/libreria\\\/#website\"},\"primaryImageOfPage\":{\"@id\":\"https:\\\/\\\/libreriaguadalupe.com.ar\\\/libreria\\\/producto\\\/memorias-del-paraiso\\\/#primaryimage\"},\"image\":{\"@id\":\"https:\\\/\\\/libreriaguadalupe.com.ar\\\/libreria\\\/producto\\\/memorias-del-paraiso\\\/#primaryimage\"},\"thumbnailUrl\":\"https:\\\/\\\/i0.wp.com\\\/libreriaguadalupe.com.ar\\\/libreria\\\/wp-content\\\/uploads\\\/2023\\\/01\\\/Memorias-del-Paraiso.jpg?fit=380%2C586&ssl=1\",\"datePublished\":\"2023-01-18T18:46:31+00:00\",\"dateModified\":\"2024-10-29T14:10:06+00:00\",\"description\":\"Una novela de formaci\u00f3n, fruto de muchos a\u00f1os de estudio de la Biblia, de lecturas y reflexi\u00f3n, de experiencia y de proceso espiritual del autor. Su trama pone la vida concreta del protagonista en di\u00e1logo profundo con la palabra de Dios.\",\"breadcrumb\":{\"@id\":\"https:\\\/\\\/libreriaguadalupe.com.ar\\\/libreria\\\/producto\\\/memorias-del-paraiso\\\/#breadcrumb\"},\"inLanguage\":\"es\",\"potentialAction\":[{\"@type\":\"ReadAction\",\"target\":[\"https:\\\/\\\/libreriaguadalupe.com.ar\\\/libreria\\\/producto\\\/memorias-del-paraiso\\\/\"]}]},{\"@type\":\"ImageObject\",\"inLanguage\":\"es\",\"@id\":\"https:\\\/\\\/libreriaguadalupe.com.ar\\\/libreria\\\/producto\\\/memorias-del-paraiso\\\/#primaryimage\",\"url\":\"https:\\\/\\\/i0.wp.com\\\/libreriaguadalupe.com.ar\\\/libreria\\\/wp-content\\\/uploads\\\/2023\\\/01\\\/Memorias-del-Paraiso.jpg?fit=380%2C586&ssl=1\",\"contentUrl\":\"https:\\\/\\\/i0.wp.com\\\/libreriaguadalupe.com.ar\\\/libreria\\\/wp-content\\\/uploads\\\/2023\\\/01\\\/Memorias-del-Paraiso.jpg?fit=380%2C586&ssl=1\",\"width\":380,\"height\":586},{\"@type\":\"BreadcrumbList\",\"@id\":\"https:\\\/\\\/libreriaguadalupe.com.ar\\\/libreria\\\/producto\\\/memorias-del-paraiso\\\/#breadcrumb\",\"itemListElement\":[{\"@type\":\"ListItem\",\"position\":1,\"name\":\"Portada\",\"item\":\"https:\\\/\\\/libreriaguadalupe.com.ar\\\/libreria\\\/\"},{\"@type\":\"ListItem\",\"position\":2,\"name\":\"Tienda\",\"item\":\"https:\\\/\\\/libreriaguadalupe.com.ar\\\/libreria\\\/\"},{\"@type\":\"ListItem\",\"position\":3,\"name\":\"Memorias del Paraiso\"}]},{\"@type\":\"WebSite\",\"@id\":\"https:\\\/\\\/libreriaguadalupe.com.ar\\\/libreria\\\/#website\",\"url\":\"https:\\\/\\\/libreriaguadalupe.com.ar\\\/libreria\\\/\",\"name\":\"Editorial Guadalupe de Argentina\",\"description\":\"Congregaci\u00f3n del Verbo Divino\",\"publisher\":{\"@id\":\"https:\\\/\\\/libreriaguadalupe.com.ar\\\/libreria\\\/#organization\"},\"alternateName\":\"Librer\u00eda Guadalupe\",\"potentialAction\":[{\"@type\":\"SearchAction\",\"target\":{\"@type\":\"EntryPoint\",\"urlTemplate\":\"https:\\\/\\\/libreriaguadalupe.com.ar\\\/libreria\\\/?s={search_term_string}\"},\"query-input\":{\"@type\":\"PropertyValueSpecification\",\"valueRequired\":true,\"valueName\":\"search_term_string\"}}],\"inLanguage\":\"es\"},{\"@type\":\"Organization\",\"@id\":\"https:\\\/\\\/libreriaguadalupe.com.ar\\\/libreria\\\/#organization\",\"name\":\"Editorial Guadalupe\",\"alternateName\":\"Librer\u00eda Guadalupe\",\"url\":\"https:\\\/\\\/libreriaguadalupe.com.ar\\\/libreria\\\/\",\"logo\":{\"@type\":\"ImageObject\",\"inLanguage\":\"es\",\"@id\":\"https:\\\/\\\/libreriaguadalupe.com.ar\\\/libreria\\\/#\\\/schema\\\/logo\\\/image\\\/\",\"url\":\"https:\\\/\\\/i0.wp.com\\\/libreriaguadalupe.com.ar\\\/libreria\\\/wp-content\\\/uploads\\\/2023\\\/01\\\/cropped-logo-editorial-guadalupe.webp?fit=500%2C100&ssl=1\",\"contentUrl\":\"https:\\\/\\\/i0.wp.com\\\/libreriaguadalupe.com.ar\\\/libreria\\\/wp-content\\\/uploads\\\/2023\\\/01\\\/cropped-logo-editorial-guadalupe.webp?fit=500%2C100&ssl=1\",\"width\":500,\"height\":100,\"caption\":\"Editorial Guadalupe\"},\"image\":{\"@id\":\"https:\\\/\\\/libreriaguadalupe.com.ar\\\/libreria\\\/#\\\/schema\\\/logo\\\/image\\\/\"},\"sameAs\":[\"https:\\\/\\\/www.facebook.com\\\/LibreriaGuadalupeAR\\\/\",\"https:\\\/\\\/www.instagram.com\\\/editorialguadalupe\\\/\",\"https:\\\/\\\/guadalupeeditorial.mercadoshops.com.ar\\\/\"]}]}<\/script>\n<!-- \/ Yoast SEO plugin. -->","yoast_head_json":{"title":"Memorias del Paraiso - Editorial Guadalupe de Argentina","description":"Una novela de formaci\u00f3n, fruto de muchos a\u00f1os de estudio de la Biblia, de lecturas y reflexi\u00f3n, de experiencia y de proceso espiritual del autor. Su trama pone la vida concreta del protagonista en di\u00e1logo profundo con la palabra de Dios.","robots":{"index":"index","follow":"follow","max-snippet":"max-snippet:-1","max-image-preview":"max-image-preview:large","max-video-preview":"max-video-preview:-1"},"canonical":"https:\/\/libreriaguadalupe.com.ar\/libreria\/producto\/memorias-del-paraiso\/","og_locale":"es_ES","og_type":"article","og_title":"Memorias del Paraiso - Editorial Guadalupe de Argentina","og_description":"Una novela de formaci\u00f3n, fruto de muchos a\u00f1os de estudio de la Biblia, de lecturas y reflexi\u00f3n, de experiencia y de proceso espiritual del autor. Su trama pone la vida concreta del protagonista en di\u00e1logo profundo con la palabra de Dios.","og_url":"https:\/\/libreriaguadalupe.com.ar\/libreria\/producto\/memorias-del-paraiso\/","og_site_name":"Editorial Guadalupe de Argentina","article_publisher":"https:\/\/www.facebook.com\/LibreriaGuadalupeAR\/","article_modified_time":"2024-10-29T14:10:06+00:00","og_image":[{"width":380,"height":586,"url":"https:\/\/libreriaguadalupe.com.ar\/libreria\/wp-content\/uploads\/2023\/01\/Memorias-del-Paraiso.jpg","type":"image\/jpeg"}],"twitter_card":"summary_large_image","twitter_misc":{"Tiempo de lectura":"1 minuto"},"schema":{"@context":"https:\/\/schema.org","@graph":[{"@type":"WebPage","@id":"https:\/\/libreriaguadalupe.com.ar\/libreria\/producto\/memorias-del-paraiso\/","url":"https:\/\/libreriaguadalupe.com.ar\/libreria\/producto\/memorias-del-paraiso\/","name":"Memorias del Paraiso - Editorial Guadalupe de Argentina","isPartOf":{"@id":"https:\/\/libreriaguadalupe.com.ar\/libreria\/#website"},"primaryImageOfPage":{"@id":"https:\/\/libreriaguadalupe.com.ar\/libreria\/producto\/memorias-del-paraiso\/#primaryimage"},"image":{"@id":"https:\/\/libreriaguadalupe.com.ar\/libreria\/producto\/memorias-del-paraiso\/#primaryimage"},"thumbnailUrl":"https:\/\/i0.wp.com\/libreriaguadalupe.com.ar\/libreria\/wp-content\/uploads\/2023\/01\/Memorias-del-Paraiso.jpg?fit=380%2C586&ssl=1","datePublished":"2023-01-18T18:46:31+00:00","dateModified":"2024-10-29T14:10:06+00:00","description":"Una novela de formaci\u00f3n, fruto de muchos a\u00f1os de estudio de la Biblia, de lecturas y reflexi\u00f3n, de experiencia y de proceso espiritual del autor. Su trama pone la vida concreta del protagonista en di\u00e1logo profundo con la palabra de Dios.","breadcrumb":{"@id":"https:\/\/libreriaguadalupe.com.ar\/libreria\/producto\/memorias-del-paraiso\/#breadcrumb"},"inLanguage":"es","potentialAction":[{"@type":"ReadAction","target":["https:\/\/libreriaguadalupe.com.ar\/libreria\/producto\/memorias-del-paraiso\/"]}]},{"@type":"ImageObject","inLanguage":"es","@id":"https:\/\/libreriaguadalupe.com.ar\/libreria\/producto\/memorias-del-paraiso\/#primaryimage","url":"https:\/\/i0.wp.com\/libreriaguadalupe.com.ar\/libreria\/wp-content\/uploads\/2023\/01\/Memorias-del-Paraiso.jpg?fit=380%2C586&ssl=1","contentUrl":"https:\/\/i0.wp.com\/libreriaguadalupe.com.ar\/libreria\/wp-content\/uploads\/2023\/01\/Memorias-del-Paraiso.jpg?fit=380%2C586&ssl=1","width":380,"height":586},{"@type":"BreadcrumbList","@id":"https:\/\/libreriaguadalupe.com.ar\/libreria\/producto\/memorias-del-paraiso\/#breadcrumb","itemListElement":[{"@type":"ListItem","position":1,"name":"Portada","item":"https:\/\/libreriaguadalupe.com.ar\/libreria\/"},{"@type":"ListItem","position":2,"name":"Tienda","item":"https:\/\/libreriaguadalupe.com.ar\/libreria\/"},{"@type":"ListItem","position":3,"name":"Memorias del Paraiso"}]},{"@type":"WebSite","@id":"https:\/\/libreriaguadalupe.com.ar\/libreria\/#website","url":"https:\/\/libreriaguadalupe.com.ar\/libreria\/","name":"Editorial Guadalupe de Argentina","description":"Congregaci\u00f3n del Verbo Divino","publisher":{"@id":"https:\/\/libreriaguadalupe.com.ar\/libreria\/#organization"},"alternateName":"Librer\u00eda Guadalupe","potentialAction":[{"@type":"SearchAction","target":{"@type":"EntryPoint","urlTemplate":"https:\/\/libreriaguadalupe.com.ar\/libreria\/?s={search_term_string}"},"query-input":{"@type":"PropertyValueSpecification","valueRequired":true,"valueName":"search_term_string"}}],"inLanguage":"es"},{"@type":"Organization","@id":"https:\/\/libreriaguadalupe.com.ar\/libreria\/#organization","name":"Editorial Guadalupe","alternateName":"Librer\u00eda Guadalupe","url":"https:\/\/libreriaguadalupe.com.ar\/libreria\/","logo":{"@type":"ImageObject","inLanguage":"es","@id":"https:\/\/libreriaguadalupe.com.ar\/libreria\/#\/schema\/logo\/image\/","url":"https:\/\/i0.wp.com\/libreriaguadalupe.com.ar\/libreria\/wp-content\/uploads\/2023\/01\/cropped-logo-editorial-guadalupe.webp?fit=500%2C100&ssl=1","contentUrl":"https:\/\/i0.wp.com\/libreriaguadalupe.com.ar\/libreria\/wp-content\/uploads\/2023\/01\/cropped-logo-editorial-guadalupe.webp?fit=500%2C100&ssl=1","width":500,"height":100,"caption":"Editorial Guadalupe"},"image":{"@id":"https:\/\/libreriaguadalupe.com.ar\/libreria\/#\/schema\/logo\/image\/"},"sameAs":["https:\/\/www.facebook.com\/LibreriaGuadalupeAR\/","https:\/\/www.instagram.com\/editorialguadalupe\/","https:\/\/guadalupeeditorial.mercadoshops.com.ar\/"]}]}},"jetpack_publicize_connections":[],"jetpack_sharing_enabled":true,"jetpack-related-posts":[{"id":16045,"url":"https:\/\/libreriaguadalupe.com.ar\/libreria\/producto\/san-jose-custodio-de-soledades\/","url_meta":{"origin":12940,"position":0},"title":"San Jos\u00e9, Custodio De Soledades","author":"admin","date":"12\/02\/2023","format":false,"excerpt":"AUTOR: BASILE AUGUSTO ISBN: 9505008247 P\u00e1ginas: 42 Medidas: 11 x 17 cm","rel":"","context":"Entrada similar","block_context":{"text":"Entrada similar","link":""},"img":{"alt_text":"","src":"https:\/\/i0.wp.com\/libreriaguadalupe.com.ar\/libreria\/wp-content\/uploads\/2023\/02\/San-Jose-custodio-de-soledades.webp?fit=374%2C500&ssl=1&resize=350%2C200","width":350,"height":200},"classes":[]},{"id":15542,"url":"https:\/\/libreriaguadalupe.com.ar\/libreria\/producto\/entranable-dios-2\/","url_meta":{"origin":12940,"position":1},"title":"Entra\u00f1able Dios","author":"admin","date":"07\/02\/2023","format":false,"excerpt":"Las obras de misericordia: hacia una cultura de la compasi\u00f3n AUTOR: Jos\u00e9 Antonio Pagola - Xabier Pikaza Ibarrondo ISBN: 8490732120","rel":"","context":"Entrada similar","block_context":{"text":"Entrada similar","link":""},"img":{"alt_text":"","src":"https:\/\/i0.wp.com\/libreriaguadalupe.com.ar\/libreria\/wp-content\/uploads\/2023\/02\/ENTRANABLE-DIOS.jpg?fit=380%2C586&ssl=1&resize=350%2C200","width":350,"height":200},"classes":[]},{"id":18260,"url":"https:\/\/libreriaguadalupe.com.ar\/libreria\/producto\/chip\/","url_meta":{"origin":12940,"position":2},"title":"Chip","author":"admin","date":"29\/08\/2024","format":false,"excerpt":"Autor: JOSE LUIS KAUFMANN [ VER M\u00c1S OBRAS ] ISBN: 978 950 500 926 8 Dimensiones: 15 x 22 cm P\u00e1ginas: 64","rel":"","context":"Entrada similar","block_context":{"text":"Entrada similar","link":""},"img":{"alt_text":"","src":"https:\/\/i0.wp.com\/libreriaguadalupe.com.ar\/libreria\/wp-content\/uploads\/2024\/08\/NOVEDAD-TIENDA-AGOSTO-6.jpg?fit=470%2C470&ssl=1&resize=350%2C200","width":350,"height":200},"classes":[]},{"id":15697,"url":"https:\/\/libreriaguadalupe.com.ar\/libreria\/producto\/poemas-con-dios-de-fondo\/","url_meta":{"origin":12940,"position":3},"title":"Poemas con Dios de fondo","author":"admin","date":"11\/02\/2023","format":false,"excerpt":"AUTOR: RAFAEL VELASCO, sj ISBN 9789505008612","rel":"","context":"Entrada similar","block_context":{"text":"Entrada similar","link":""},"img":{"alt_text":"","src":"https:\/\/i0.wp.com\/libreriaguadalupe.com.ar\/libreria\/wp-content\/uploads\/2023\/02\/Poemas-con-Dios-de-fondo-chico.jpg?fit=740%2C500&ssl=1&resize=350%2C200","width":350,"height":200,"srcset":"https:\/\/i0.wp.com\/libreriaguadalupe.com.ar\/libreria\/wp-content\/uploads\/2023\/02\/Poemas-con-Dios-de-fondo-chico.jpg?fit=740%2C500&ssl=1&resize=350%2C200 1x, https:\/\/i0.wp.com\/libreriaguadalupe.com.ar\/libreria\/wp-content\/uploads\/2023\/02\/Poemas-con-Dios-de-fondo-chico.jpg?fit=740%2C500&ssl=1&resize=525%2C300 1.5x, https:\/\/i0.wp.com\/libreriaguadalupe.com.ar\/libreria\/wp-content\/uploads\/2023\/02\/Poemas-con-Dios-de-fondo-chico.jpg?fit=740%2C500&ssl=1&resize=700%2C400 2x"},"classes":[]},{"id":15474,"url":"https:\/\/libreriaguadalupe.com.ar\/libreria\/producto\/encontrar-a-dios-mar-adentro-2\/","url_meta":{"origin":12940,"position":4},"title":"Encontrar a Dios mar adentro","author":"admin","date":"07\/02\/2023","format":false,"excerpt":"AUTOR: CATTANEO MARCELO [ VER M\u00c1S OBRAS ] ISBN: 9505007394","rel":"","context":"Entrada similar","block_context":{"text":"Entrada similar","link":""},"img":{"alt_text":"","src":"https:\/\/i0.wp.com\/libreriaguadalupe.com.ar\/libreria\/wp-content\/uploads\/2023\/02\/Encontrar-a-Dios-mar-adentro.jpg?fit=220%2C320&ssl=1&resize=350%2C200","width":350,"height":200},"classes":[]},{"id":16101,"url":"https:\/\/libreriaguadalupe.com.ar\/libreria\/producto\/trigo-y-cizana\/","url_meta":{"origin":12940,"position":5},"title":"Trigo y ciza\u00f1a","author":"admin","date":"12\/02\/2023","format":false,"excerpt":"Nos dejamos conducir en la existencia por Quien nos ama y nos ha dado la vida por Amor. AUTOR: KAUFMANN JOSE [ VER M\u00c1S OBRAS ] ISBN: 9505008667","rel":"","context":"Entrada similar","block_context":{"text":"Entrada similar","link":""},"img":{"alt_text":"","src":"https:\/\/i0.wp.com\/libreriaguadalupe.com.ar\/libreria\/wp-content\/uploads\/2023\/02\/Trigo-y-cizana-chico.jpg?fit=354%2C500&ssl=1&resize=350%2C200","width":350,"height":200},"classes":[]}],"_links":{"self":[{"href":"https:\/\/libreriaguadalupe.com.ar\/libreria\/wp-json\/wp\/v2\/product\/12940","targetHints":{"allow":["GET"]}}],"collection":[{"href":"https:\/\/libreriaguadalupe.com.ar\/libreria\/wp-json\/wp\/v2\/product"}],"about":[{"href":"https:\/\/libreriaguadalupe.com.ar\/libreria\/wp-json\/wp\/v2\/types\/product"}],"replies":[{"embeddable":true,"href":"https:\/\/libreriaguadalupe.com.ar\/libreria\/wp-json\/wp\/v2\/comments?post=12940"}],"version-history":[{"count":3,"href":"https:\/\/libreriaguadalupe.com.ar\/libreria\/wp-json\/wp\/v2\/product\/12940\/revisions"}],"predecessor-version":[{"id":17009,"href":"https:\/\/libreriaguadalupe.com.ar\/libreria\/wp-json\/wp\/v2\/product\/12940\/revisions\/17009"}],"wp:featuredmedia":[{"embeddable":true,"href":"https:\/\/libreriaguadalupe.com.ar\/libreria\/wp-json\/wp\/v2\/media\/17007"}],"wp:attachment":[{"href":"https:\/\/libreriaguadalupe.com.ar\/libreria\/wp-json\/wp\/v2\/media?parent=12940"}],"wp:term":[{"taxonomy":"product_brand","embeddable":true,"href":"https:\/\/libreriaguadalupe.com.ar\/libreria\/wp-json\/wp\/v2\/product_brand?post=12940"},{"taxonomy":"product_cat","embeddable":true,"href":"https:\/\/libreriaguadalupe.com.ar\/libreria\/wp-json\/wp\/v2\/product_cat?post=12940"},{"taxonomy":"product_tag","embeddable":true,"href":"https:\/\/libreriaguadalupe.com.ar\/libreria\/wp-json\/wp\/v2\/product_tag?post=12940"}],"curies":[{"name":"wp","href":"https:\/\/api.w.org\/{rel}","templated":true}]}}