{"id":12937,"date":"2023-01-18T18:46:27","date_gmt":"2023-01-18T21:46:27","guid":{"rendered":"https:\/\/libreriaguadalupe.com.ar\/libreria\/?post_type=product&#038;p=12937"},"modified":"2024-07-01T12:13:27","modified_gmt":"2024-07-01T15:13:27","slug":"hasta-los-confines-de-la-tierra-parte-iii","status":"publish","type":"product","link":"https:\/\/libreriaguadalupe.com.ar\/libreria\/producto\/hasta-los-confines-de-la-tierra-parte-iii\/","title":{"rendered":"Hasta los confines de la tierra Parte III"},"content":{"rendered":"<p>En este tercer volumen, Andr\u00f3nico y su familia terminan de comentar el libro de los Hechos de los Ap\u00f3stoles (actuales cap\u00edtulos 19-28).<\/p>\n<p>Los grandes viajes misioneros de Pablo (comentados en\u00a0<i>El macedonio<\/i>) ceden ahora el puesto a largos per\u00edodos sedentarios (dos a\u00f1os en \u00c9feso, dos en Cesarea, dos en Roma) y a los viajes finales (de \u00c9feso a Corinto, de Corinto a Jerusal\u00e9n, de Cesarea a Roma).<\/p>\n<p>Los bienios de \u00c9feso y Cesarea, sobre los que Lucas ofrece pocos datos, sugieren a Andr\u00f3nico la posibilidad de rellenarlos con la lectura de cartas de Pablo escritas en esos momentos: 1 y 2 Corintios, Romanos, Filem\u00f3n y Filipenses.<\/p>\n<p>Los ap\u00e9ndices de este tercer tomo se centran en cuatro cartas de Pablo, trat\u00e1ndolas de manera muy desigual. Los ocho primeros est\u00e1n dedicados a diversos temas de la primera carta a los corintios; el 9 ofrece una posible reconstrucci\u00f3n de los conflictos y viajes subyacentes a 2 Corintios; el 10, una gu\u00eda de lectura a la carta a los filipenses; el 11 presenta los ocho primeros cap\u00edtulos de la carta a los romanos, con una mezcla de ficci\u00f3n y exposici\u00f3n; el 12 intenta responder, sin conseguirlo, al misterio que plantea el final abrupto de Lucas: \u00bfqu\u00e9 le ocurri\u00f3 a Pablo tras la llegada a Roma?; el 13, en una tarea igualmente descabellada, ofrece una nota sobre la cronolog\u00eda paulina.<\/p>\n","protected":false},"excerpt":{"rendered":"<h5 class=\"my-1 font-weight-normal\">La profec\u00eda<\/h5>\n<p>Autor: Jos\u00e9 Luis Sicre D\u00edaz<strong><br \/>\n<\/strong>ISBN: 8481697452<br \/>\nDimensiones: 14 x 21 cm<br \/>\nP\u00e1ginas: 432<\/p>\n","protected":false},"featured_media":17087,"comment_status":"open","ping_status":"closed","template":"","meta":{"jetpack_publicize_message":"","jetpack_publicize_feature_enabled":true,"jetpack_social_post_already_shared":false,"jetpack_social_options":{"image_generator_settings":{"template":"highway","default_image_id":0,"font":"","enabled":false},"version":2}},"product_brand":[],"product_cat":[109],"product_tag":[127],"class_list":{"0":"post-12937","1":"product","2":"type-product","3":"status-publish","4":"has-post-thumbnail","6":"product_cat-verbo-divino","7":"product_tag-editorial-guadalupe-de-argentina","9":"first","10":"instock","11":"shipping-taxable","12":"purchasable","13":"product-type-simple"},"yoast_head":"<!-- This site is optimized with the Yoast SEO plugin v27.4 - https:\/\/yoast.com\/product\/yoast-seo-wordpress\/ -->\n<title>Hasta los confines de la tierra Parte III - Editorial Guadalupe de Argentina<\/title>\n<meta name=\"description\" content=\"En este tercer volumen, Andr\u00f3nico y su familia terminan de comentar el libro de los Hechos de los Ap\u00f3stoles (actuales cap\u00edtulos 19-28).\" \/>\n<meta name=\"robots\" content=\"index, follow, max-snippet:-1, max-image-preview:large, max-video-preview:-1\" \/>\n<link rel=\"canonical\" href=\"https:\/\/libreriaguadalupe.com.ar\/libreria\/producto\/hasta-los-confines-de-la-tierra-parte-iii\/\" \/>\n<meta property=\"og:locale\" content=\"es_ES\" \/>\n<meta property=\"og:type\" content=\"article\" \/>\n<meta property=\"og:title\" content=\"Hasta los confines de la tierra Parte III - Editorial Guadalupe de Argentina\" \/>\n<meta property=\"og:description\" content=\"En este tercer volumen, Andr\u00f3nico y su familia terminan de comentar el libro de los Hechos de los Ap\u00f3stoles (actuales cap\u00edtulos 19-28).\" \/>\n<meta property=\"og:url\" content=\"https:\/\/libreriaguadalupe.com.ar\/libreria\/producto\/hasta-los-confines-de-la-tierra-parte-iii\/\" \/>\n<meta property=\"og:site_name\" content=\"Editorial Guadalupe de Argentina\" \/>\n<meta property=\"article:publisher\" content=\"https:\/\/www.facebook.com\/LibreriaGuadalupeAR\/\" \/>\n<meta property=\"article:modified_time\" content=\"2024-07-01T15:13:27+00:00\" \/>\n<meta property=\"og:image\" content=\"https:\/\/libreriaguadalupe.com.ar\/libreria\/wp-content\/uploads\/2023\/01\/Hasta-los-confines-de-la-tierra-3.jpg\" \/>\n\t<meta property=\"og:image:width\" content=\"380\" \/>\n\t<meta property=\"og:image:height\" content=\"586\" \/>\n\t<meta property=\"og:image:type\" content=\"image\/jpeg\" \/>\n<meta name=\"twitter:card\" content=\"summary_large_image\" \/>\n<meta name=\"twitter:label1\" content=\"Tiempo de lectura\" \/>\n\t<meta name=\"twitter:data1\" content=\"2 minutos\" \/>\n<script type=\"application\/ld+json\" class=\"yoast-schema-graph\">{\"@context\":\"https:\\\/\\\/schema.org\",\"@graph\":[{\"@type\":\"WebPage\",\"@id\":\"https:\\\/\\\/libreriaguadalupe.com.ar\\\/libreria\\\/producto\\\/hasta-los-confines-de-la-tierra-parte-iii\\\/\",\"url\":\"https:\\\/\\\/libreriaguadalupe.com.ar\\\/libreria\\\/producto\\\/hasta-los-confines-de-la-tierra-parte-iii\\\/\",\"name\":\"Hasta los confines de la tierra Parte III - Editorial Guadalupe de Argentina\",\"isPartOf\":{\"@id\":\"https:\\\/\\\/libreriaguadalupe.com.ar\\\/libreria\\\/#website\"},\"primaryImageOfPage\":{\"@id\":\"https:\\\/\\\/libreriaguadalupe.com.ar\\\/libreria\\\/producto\\\/hasta-los-confines-de-la-tierra-parte-iii\\\/#primaryimage\"},\"image\":{\"@id\":\"https:\\\/\\\/libreriaguadalupe.com.ar\\\/libreria\\\/producto\\\/hasta-los-confines-de-la-tierra-parte-iii\\\/#primaryimage\"},\"thumbnailUrl\":\"https:\\\/\\\/i0.wp.com\\\/libreriaguadalupe.com.ar\\\/libreria\\\/wp-content\\\/uploads\\\/2023\\\/01\\\/Hasta-los-confines-de-la-tierra-3.jpg?fit=380%2C586&ssl=1\",\"datePublished\":\"2023-01-18T21:46:27+00:00\",\"dateModified\":\"2024-07-01T15:13:27+00:00\",\"description\":\"En este tercer volumen, Andr\u00f3nico y su familia terminan de comentar el libro de los Hechos de los Ap\u00f3stoles (actuales cap\u00edtulos 19-28).\",\"breadcrumb\":{\"@id\":\"https:\\\/\\\/libreriaguadalupe.com.ar\\\/libreria\\\/producto\\\/hasta-los-confines-de-la-tierra-parte-iii\\\/#breadcrumb\"},\"inLanguage\":\"es\",\"potentialAction\":[{\"@type\":\"ReadAction\",\"target\":[\"https:\\\/\\\/libreriaguadalupe.com.ar\\\/libreria\\\/producto\\\/hasta-los-confines-de-la-tierra-parte-iii\\\/\"]}]},{\"@type\":\"ImageObject\",\"inLanguage\":\"es\",\"@id\":\"https:\\\/\\\/libreriaguadalupe.com.ar\\\/libreria\\\/producto\\\/hasta-los-confines-de-la-tierra-parte-iii\\\/#primaryimage\",\"url\":\"https:\\\/\\\/i0.wp.com\\\/libreriaguadalupe.com.ar\\\/libreria\\\/wp-content\\\/uploads\\\/2023\\\/01\\\/Hasta-los-confines-de-la-tierra-3.jpg?fit=380%2C586&ssl=1\",\"contentUrl\":\"https:\\\/\\\/i0.wp.com\\\/libreriaguadalupe.com.ar\\\/libreria\\\/wp-content\\\/uploads\\\/2023\\\/01\\\/Hasta-los-confines-de-la-tierra-3.jpg?fit=380%2C586&ssl=1\",\"width\":380,\"height\":586},{\"@type\":\"BreadcrumbList\",\"@id\":\"https:\\\/\\\/libreriaguadalupe.com.ar\\\/libreria\\\/producto\\\/hasta-los-confines-de-la-tierra-parte-iii\\\/#breadcrumb\",\"itemListElement\":[{\"@type\":\"ListItem\",\"position\":1,\"name\":\"Portada\",\"item\":\"https:\\\/\\\/libreriaguadalupe.com.ar\\\/libreria\\\/\"},{\"@type\":\"ListItem\",\"position\":2,\"name\":\"Tienda\",\"item\":\"https:\\\/\\\/libreriaguadalupe.com.ar\\\/libreria\\\/\"},{\"@type\":\"ListItem\",\"position\":3,\"name\":\"Hasta los confines de la tierra Parte III\"}]},{\"@type\":\"WebSite\",\"@id\":\"https:\\\/\\\/libreriaguadalupe.com.ar\\\/libreria\\\/#website\",\"url\":\"https:\\\/\\\/libreriaguadalupe.com.ar\\\/libreria\\\/\",\"name\":\"Editorial Guadalupe de Argentina\",\"description\":\"Congregaci\u00f3n del Verbo Divino\",\"publisher\":{\"@id\":\"https:\\\/\\\/libreriaguadalupe.com.ar\\\/libreria\\\/#organization\"},\"alternateName\":\"Librer\u00eda Guadalupe\",\"potentialAction\":[{\"@type\":\"SearchAction\",\"target\":{\"@type\":\"EntryPoint\",\"urlTemplate\":\"https:\\\/\\\/libreriaguadalupe.com.ar\\\/libreria\\\/?s={search_term_string}\"},\"query-input\":{\"@type\":\"PropertyValueSpecification\",\"valueRequired\":true,\"valueName\":\"search_term_string\"}}],\"inLanguage\":\"es\"},{\"@type\":\"Organization\",\"@id\":\"https:\\\/\\\/libreriaguadalupe.com.ar\\\/libreria\\\/#organization\",\"name\":\"Editorial Guadalupe\",\"alternateName\":\"Librer\u00eda Guadalupe\",\"url\":\"https:\\\/\\\/libreriaguadalupe.com.ar\\\/libreria\\\/\",\"logo\":{\"@type\":\"ImageObject\",\"inLanguage\":\"es\",\"@id\":\"https:\\\/\\\/libreriaguadalupe.com.ar\\\/libreria\\\/#\\\/schema\\\/logo\\\/image\\\/\",\"url\":\"https:\\\/\\\/i0.wp.com\\\/libreriaguadalupe.com.ar\\\/libreria\\\/wp-content\\\/uploads\\\/2023\\\/01\\\/cropped-logo-editorial-guadalupe.webp?fit=500%2C100&ssl=1\",\"contentUrl\":\"https:\\\/\\\/i0.wp.com\\\/libreriaguadalupe.com.ar\\\/libreria\\\/wp-content\\\/uploads\\\/2023\\\/01\\\/cropped-logo-editorial-guadalupe.webp?fit=500%2C100&ssl=1\",\"width\":500,\"height\":100,\"caption\":\"Editorial Guadalupe\"},\"image\":{\"@id\":\"https:\\\/\\\/libreriaguadalupe.com.ar\\\/libreria\\\/#\\\/schema\\\/logo\\\/image\\\/\"},\"sameAs\":[\"https:\\\/\\\/www.facebook.com\\\/LibreriaGuadalupeAR\\\/\",\"https:\\\/\\\/www.instagram.com\\\/editorialguadalupe\\\/\",\"https:\\\/\\\/guadalupeeditorial.mercadoshops.com.ar\\\/\"]}]}<\/script>\n<!-- \/ Yoast SEO plugin. -->","yoast_head_json":{"title":"Hasta los confines de la tierra Parte III - Editorial Guadalupe de Argentina","description":"En este tercer volumen, Andr\u00f3nico y su familia terminan de comentar el libro de los Hechos de los Ap\u00f3stoles (actuales cap\u00edtulos 19-28).","robots":{"index":"index","follow":"follow","max-snippet":"max-snippet:-1","max-image-preview":"max-image-preview:large","max-video-preview":"max-video-preview:-1"},"canonical":"https:\/\/libreriaguadalupe.com.ar\/libreria\/producto\/hasta-los-confines-de-la-tierra-parte-iii\/","og_locale":"es_ES","og_type":"article","og_title":"Hasta los confines de la tierra Parte III - Editorial Guadalupe de Argentina","og_description":"En este tercer volumen, Andr\u00f3nico y su familia terminan de comentar el libro de los Hechos de los Ap\u00f3stoles (actuales cap\u00edtulos 19-28).","og_url":"https:\/\/libreriaguadalupe.com.ar\/libreria\/producto\/hasta-los-confines-de-la-tierra-parte-iii\/","og_site_name":"Editorial Guadalupe de Argentina","article_publisher":"https:\/\/www.facebook.com\/LibreriaGuadalupeAR\/","article_modified_time":"2024-07-01T15:13:27+00:00","og_image":[{"width":380,"height":586,"url":"https:\/\/libreriaguadalupe.com.ar\/libreria\/wp-content\/uploads\/2023\/01\/Hasta-los-confines-de-la-tierra-3.jpg","type":"image\/jpeg"}],"twitter_card":"summary_large_image","twitter_misc":{"Tiempo de lectura":"2 minutos"},"schema":{"@context":"https:\/\/schema.org","@graph":[{"@type":"WebPage","@id":"https:\/\/libreriaguadalupe.com.ar\/libreria\/producto\/hasta-los-confines-de-la-tierra-parte-iii\/","url":"https:\/\/libreriaguadalupe.com.ar\/libreria\/producto\/hasta-los-confines-de-la-tierra-parte-iii\/","name":"Hasta los confines de la tierra Parte III - Editorial Guadalupe de Argentina","isPartOf":{"@id":"https:\/\/libreriaguadalupe.com.ar\/libreria\/#website"},"primaryImageOfPage":{"@id":"https:\/\/libreriaguadalupe.com.ar\/libreria\/producto\/hasta-los-confines-de-la-tierra-parte-iii\/#primaryimage"},"image":{"@id":"https:\/\/libreriaguadalupe.com.ar\/libreria\/producto\/hasta-los-confines-de-la-tierra-parte-iii\/#primaryimage"},"thumbnailUrl":"https:\/\/i0.wp.com\/libreriaguadalupe.com.ar\/libreria\/wp-content\/uploads\/2023\/01\/Hasta-los-confines-de-la-tierra-3.jpg?fit=380%2C586&ssl=1","datePublished":"2023-01-18T21:46:27+00:00","dateModified":"2024-07-01T15:13:27+00:00","description":"En este tercer volumen, Andr\u00f3nico y su familia terminan de comentar el libro de los Hechos de los Ap\u00f3stoles (actuales cap\u00edtulos 19-28).","breadcrumb":{"@id":"https:\/\/libreriaguadalupe.com.ar\/libreria\/producto\/hasta-los-confines-de-la-tierra-parte-iii\/#breadcrumb"},"inLanguage":"es","potentialAction":[{"@type":"ReadAction","target":["https:\/\/libreriaguadalupe.com.ar\/libreria\/producto\/hasta-los-confines-de-la-tierra-parte-iii\/"]}]},{"@type":"ImageObject","inLanguage":"es","@id":"https:\/\/libreriaguadalupe.com.ar\/libreria\/producto\/hasta-los-confines-de-la-tierra-parte-iii\/#primaryimage","url":"https:\/\/i0.wp.com\/libreriaguadalupe.com.ar\/libreria\/wp-content\/uploads\/2023\/01\/Hasta-los-confines-de-la-tierra-3.jpg?fit=380%2C586&ssl=1","contentUrl":"https:\/\/i0.wp.com\/libreriaguadalupe.com.ar\/libreria\/wp-content\/uploads\/2023\/01\/Hasta-los-confines-de-la-tierra-3.jpg?fit=380%2C586&ssl=1","width":380,"height":586},{"@type":"BreadcrumbList","@id":"https:\/\/libreriaguadalupe.com.ar\/libreria\/producto\/hasta-los-confines-de-la-tierra-parte-iii\/#breadcrumb","itemListElement":[{"@type":"ListItem","position":1,"name":"Portada","item":"https:\/\/libreriaguadalupe.com.ar\/libreria\/"},{"@type":"ListItem","position":2,"name":"Tienda","item":"https:\/\/libreriaguadalupe.com.ar\/libreria\/"},{"@type":"ListItem","position":3,"name":"Hasta los confines de la tierra Parte III"}]},{"@type":"WebSite","@id":"https:\/\/libreriaguadalupe.com.ar\/libreria\/#website","url":"https:\/\/libreriaguadalupe.com.ar\/libreria\/","name":"Editorial Guadalupe de Argentina","description":"Congregaci\u00f3n del Verbo Divino","publisher":{"@id":"https:\/\/libreriaguadalupe.com.ar\/libreria\/#organization"},"alternateName":"Librer\u00eda Guadalupe","potentialAction":[{"@type":"SearchAction","target":{"@type":"EntryPoint","urlTemplate":"https:\/\/libreriaguadalupe.com.ar\/libreria\/?s={search_term_string}"},"query-input":{"@type":"PropertyValueSpecification","valueRequired":true,"valueName":"search_term_string"}}],"inLanguage":"es"},{"@type":"Organization","@id":"https:\/\/libreriaguadalupe.com.ar\/libreria\/#organization","name":"Editorial Guadalupe","alternateName":"Librer\u00eda Guadalupe","url":"https:\/\/libreriaguadalupe.com.ar\/libreria\/","logo":{"@type":"ImageObject","inLanguage":"es","@id":"https:\/\/libreriaguadalupe.com.ar\/libreria\/#\/schema\/logo\/image\/","url":"https:\/\/i0.wp.com\/libreriaguadalupe.com.ar\/libreria\/wp-content\/uploads\/2023\/01\/cropped-logo-editorial-guadalupe.webp?fit=500%2C100&ssl=1","contentUrl":"https:\/\/i0.wp.com\/libreriaguadalupe.com.ar\/libreria\/wp-content\/uploads\/2023\/01\/cropped-logo-editorial-guadalupe.webp?fit=500%2C100&ssl=1","width":500,"height":100,"caption":"Editorial Guadalupe"},"image":{"@id":"https:\/\/libreriaguadalupe.com.ar\/libreria\/#\/schema\/logo\/image\/"},"sameAs":["https:\/\/www.facebook.com\/LibreriaGuadalupeAR\/","https:\/\/www.instagram.com\/editorialguadalupe\/","https:\/\/guadalupeeditorial.mercadoshops.com.ar\/"]}]}},"jetpack_publicize_connections":[],"jetpack_sharing_enabled":true,"jetpack-related-posts":[{"id":15551,"url":"https:\/\/libreriaguadalupe.com.ar\/libreria\/producto\/1-y-2-corintios-1-y-2-tesalonicenses-2\/","url_meta":{"origin":12937,"position":0},"title":"1 Y 2 CORINTIOS 1 Y 2 TESALONICENSES","author":"admin","date":"07\/02\/2023","format":false,"excerpt":"Autor: EDUARDO C\u00f3rdova Gonz\u00e1lez ISBN: 8490732212 Dimensiones: 14 x 21 cm P\u00e1ginas: 400","rel":"","context":"Entrada similar","block_context":{"text":"Entrada similar","link":""},"img":{"alt_text":"","src":"https:\/\/i0.wp.com\/libreriaguadalupe.com.ar\/libreria\/wp-content\/uploads\/2023\/01\/0.jpg?fit=337%2C500&ssl=1&resize=350%2C200","width":350,"height":200},"classes":[]},{"id":12834,"url":"https:\/\/libreriaguadalupe.com.ar\/libreria\/producto\/efesios-y-colosenses-dos-cartas-de-pablo\/","url_meta":{"origin":12937,"position":1},"title":"Efesios y colosenses,  \u00bfdos cartas de Pablo?","author":"admin","date":"18\/01\/2023","format":false,"excerpt":"Autor: Jordi S\u00e1nchez Bosch ISBN: 8481699029 Dimensiones: 14 x 22 cm P\u00e1ginas: 276","rel":"","context":"Entrada similar","block_context":{"text":"Entrada similar","link":""},"img":{"alt_text":"","src":"https:\/\/i0.wp.com\/libreriaguadalupe.com.ar\/libreria\/wp-content\/uploads\/2023\/01\/Efesios-y-colosenses-dos-cartas-de-Pablo.jpg?fit=380%2C586&ssl=1&resize=350%2C200","width":350,"height":200},"classes":[]},{"id":16823,"url":"https:\/\/libreriaguadalupe.com.ar\/libreria\/producto\/dios-es-imparcial\/","url_meta":{"origin":12937,"position":2},"title":"Dios Es Imparcial?","author":"admin","date":"22\/03\/2023","format":false,"excerpt":"Una lectura clave de la Carta a los Romanos Autor: DE LA SERNA EDUARDO ISBN: 9789505005802 Dimensiones: 20 x 20 cm P\u00e1ginas: 72","rel":"","context":"Entrada similar","block_context":{"text":"Entrada similar","link":""},"img":{"alt_text":"","src":"https:\/\/i0.wp.com\/libreriaguadalupe.com.ar\/libreria\/wp-content\/uploads\/2023\/03\/Dios-Es-Imparcial.jpeg?fit=500%2C447&ssl=1&resize=350%2C200","width":350,"height":200},"classes":[]},{"id":18953,"url":"https:\/\/libreriaguadalupe.com.ar\/libreria\/producto\/eduardo-francisco-pironio-biografia-de-un-cristiano-latinoamericano\/","url_meta":{"origin":12937,"position":3},"title":"Eduardo Francisco Pironio &#8211; Biograf\u00eda de un cristiano latinoamericano","author":"Mariano Zuqui","date":"17\/06\/2025","format":false,"excerpt":"Autor: Gianni La Bella T\u00edtulo: \"Eduardo Francisco Pironio - Biograf\u00eda de un cristiano latinoamericano\" ISBN:978-950-500-956-5 Formato: 15.5\u00a0 (ancho) x 22.5 (alto) cms. Interior: 1\/1 color Papel: Bookcel 80 grs. N\u00ba de P\u00e1ginas: 366 Tapa:4 Colores - Cartulina 500 grs -laminado mate Encuadernaci\u00f3n: Binder \u00a0 \u00a0","rel":"","context":"Entrada similar","block_context":{"text":"Entrada similar","link":""},"img":{"alt_text":"","src":"https:\/\/i0.wp.com\/libreriaguadalupe.com.ar\/libreria\/wp-content\/uploads\/2025\/06\/1-2.png?fit=960%2C1200&ssl=1&resize=350%2C200","width":350,"height":200,"srcset":"https:\/\/i0.wp.com\/libreriaguadalupe.com.ar\/libreria\/wp-content\/uploads\/2025\/06\/1-2.png?fit=960%2C1200&ssl=1&resize=350%2C200 1x, https:\/\/i0.wp.com\/libreriaguadalupe.com.ar\/libreria\/wp-content\/uploads\/2025\/06\/1-2.png?fit=960%2C1200&ssl=1&resize=525%2C300 1.5x, https:\/\/i0.wp.com\/libreriaguadalupe.com.ar\/libreria\/wp-content\/uploads\/2025\/06\/1-2.png?fit=960%2C1200&ssl=1&resize=700%2C400 2x"},"classes":[]},{"id":15516,"url":"https:\/\/libreriaguadalupe.com.ar\/libreria\/producto\/vocabulario-razonado-de-la-exegesis-biblica-2\/","url_meta":{"origin":12937,"position":4},"title":"Vocabulario razonado de ex\u00e9gesis b\u00edblica","author":"admin","date":"07\/02\/2023","format":false,"excerpt":"Los t\u00e9rminos, las aproximaciones, los autores AUTOR: Ska, Jean-Louis ISBN: 8481697216","rel":"","context":"Entrada similar","block_context":{"text":"Entrada similar","link":""},"img":{"alt_text":"","src":"https:\/\/i0.wp.com\/libreriaguadalupe.com.ar\/libreria\/wp-content\/uploads\/2023\/02\/Vocabulario-razonado-de-exegesis-biblica.jpg?fit=380%2C586&ssl=1&resize=350%2C200","width":350,"height":200},"classes":[]},{"id":12835,"url":"https:\/\/libreriaguadalupe.com.ar\/libreria\/producto\/el-evangelio-de-marcos-etapas-de-su-redaccion\/","url_meta":{"origin":12937,"position":5},"title":"El evangelio de Marcos Etapas de su redaccion","author":"admin","date":"18\/01\/2023","format":false,"excerpt":"Redacci\u00f3n jerosolimitana, refundici\u00f3n a partir de Chipre, redacci\u00f3n final en Roma o Alejandr\u00eda Autor: Josep Rius Camps ISBN: 8481698220 Dimensiones: 16 x 24 cm P\u00e1ginas: 408","rel":"","context":"Entrada similar","block_context":{"text":"Entrada similar","link":""},"img":{"alt_text":"","src":"https:\/\/i0.wp.com\/libreriaguadalupe.com.ar\/libreria\/wp-content\/uploads\/2023\/01\/El-evangelio-de-Marcos-Etapas-de-su-redaccion.jpg?fit=380%2C586&ssl=1&resize=350%2C200","width":350,"height":200},"classes":[]}],"_links":{"self":[{"href":"https:\/\/libreriaguadalupe.com.ar\/libreria\/wp-json\/wp\/v2\/product\/12937","targetHints":{"allow":["GET"]}}],"collection":[{"href":"https:\/\/libreriaguadalupe.com.ar\/libreria\/wp-json\/wp\/v2\/product"}],"about":[{"href":"https:\/\/libreriaguadalupe.com.ar\/libreria\/wp-json\/wp\/v2\/types\/product"}],"replies":[{"embeddable":true,"href":"https:\/\/libreriaguadalupe.com.ar\/libreria\/wp-json\/wp\/v2\/comments?post=12937"}],"version-history":[{"count":3,"href":"https:\/\/libreriaguadalupe.com.ar\/libreria\/wp-json\/wp\/v2\/product\/12937\/revisions"}],"predecessor-version":[{"id":17089,"href":"https:\/\/libreriaguadalupe.com.ar\/libreria\/wp-json\/wp\/v2\/product\/12937\/revisions\/17089"}],"wp:featuredmedia":[{"embeddable":true,"href":"https:\/\/libreriaguadalupe.com.ar\/libreria\/wp-json\/wp\/v2\/media\/17087"}],"wp:attachment":[{"href":"https:\/\/libreriaguadalupe.com.ar\/libreria\/wp-json\/wp\/v2\/media?parent=12937"}],"wp:term":[{"taxonomy":"product_brand","embeddable":true,"href":"https:\/\/libreriaguadalupe.com.ar\/libreria\/wp-json\/wp\/v2\/product_brand?post=12937"},{"taxonomy":"product_cat","embeddable":true,"href":"https:\/\/libreriaguadalupe.com.ar\/libreria\/wp-json\/wp\/v2\/product_cat?post=12937"},{"taxonomy":"product_tag","embeddable":true,"href":"https:\/\/libreriaguadalupe.com.ar\/libreria\/wp-json\/wp\/v2\/product_tag?post=12937"}],"curies":[{"name":"wp","href":"https:\/\/api.w.org\/{rel}","templated":true}]}}