{"id":12901,"date":"2023-01-18T15:46:22","date_gmt":"2023-01-18T18:46:22","guid":{"rendered":"https:\/\/libreriaguadalupe.com.ar\/libreria\/?post_type=product&#038;p=12901"},"modified":"2024-10-29T11:05:08","modified_gmt":"2024-10-29T14:05:08","slug":"sabiduria","status":"publish","type":"product","link":"https:\/\/libreriaguadalupe.com.ar\/libreria\/producto\/sabiduria\/","title":{"rendered":"Sabiduria"},"content":{"rendered":"<p>El autor se ha informado de todo lo que se ha escrito sobre el libro de la Sabidur\u00eda desde mediados del siglo pasado hasta el momento presente. Se tiene en cuenta tambi\u00e9n esa inmensa franja intermedia que va desde los Santos Padres a la Edad Moderna, pasando por la Edad Media cristiana y jud\u00eda.<\/p>\n<p>Autor: Jose Vilchez<\/p>\n<p>ISBN 8471516659<\/p>\n","protected":false},"excerpt":{"rendered":"<p>Autor: Jose Vilchez<strong><br \/>\n<\/strong>ISBN: 8471516659<br \/>\nDimensiones: 15,5 x 22 cm<br \/>\nP\u00e1ginas: 572<\/p>\n","protected":false},"featured_media":17005,"comment_status":"open","ping_status":"closed","template":"","meta":{"jetpack_publicize_message":"","jetpack_publicize_feature_enabled":true,"jetpack_social_post_already_shared":false,"jetpack_social_options":{"image_generator_settings":{"template":"highway","default_image_id":0,"font":"","enabled":false},"version":2}},"product_brand":[],"product_cat":[109],"product_tag":[127],"class_list":{"0":"post-12901","1":"product","2":"type-product","3":"status-publish","4":"has-post-thumbnail","6":"product_cat-verbo-divino","7":"product_tag-editorial-guadalupe-de-argentina","9":"first","10":"instock","11":"shipping-taxable","12":"purchasable","13":"product-type-simple"},"yoast_head":"<!-- This site is optimized with the Yoast SEO plugin v27.4 - https:\/\/yoast.com\/product\/yoast-seo-wordpress\/ -->\n<title>Sabiduria - Editorial Guadalupe de Argentina<\/title>\n<meta name=\"description\" content=\"El autor se ha informado de todo lo que se ha escrito sobre el libro de la Sabidur\u00eda desde mediados del siglo pasado hasta el momento presente. Se tiene en cuenta tambi\u00e9n esa inmensa franja intermedia que va desde los Santos Padres a la Edad Moderna, pasando por la Edad Media cristiana y jud\u00eda.\" \/>\n<meta name=\"robots\" content=\"index, follow, max-snippet:-1, max-image-preview:large, max-video-preview:-1\" \/>\n<link rel=\"canonical\" href=\"https:\/\/libreriaguadalupe.com.ar\/libreria\/producto\/sabiduria\/\" \/>\n<meta property=\"og:locale\" content=\"es_ES\" \/>\n<meta property=\"og:type\" content=\"article\" \/>\n<meta property=\"og:title\" content=\"Sabiduria - Editorial Guadalupe de Argentina\" \/>\n<meta property=\"og:description\" content=\"El autor se ha informado de todo lo que se ha escrito sobre el libro de la Sabidur\u00eda desde mediados del siglo pasado hasta el momento presente. Se tiene en cuenta tambi\u00e9n esa inmensa franja intermedia que va desde los Santos Padres a la Edad Moderna, pasando por la Edad Media cristiana y jud\u00eda.\" \/>\n<meta property=\"og:url\" content=\"https:\/\/libreriaguadalupe.com.ar\/libreria\/producto\/sabiduria\/\" \/>\n<meta property=\"og:site_name\" content=\"Editorial Guadalupe de Argentina\" \/>\n<meta property=\"article:publisher\" content=\"https:\/\/www.facebook.com\/LibreriaGuadalupeAR\/\" \/>\n<meta property=\"article:modified_time\" content=\"2024-10-29T14:05:08+00:00\" \/>\n<meta property=\"og:image\" content=\"https:\/\/libreriaguadalupe.com.ar\/libreria\/wp-content\/uploads\/2023\/01\/Sabiduria-1.jpg\" \/>\n\t<meta property=\"og:image:width\" content=\"306\" \/>\n\t<meta property=\"og:image:height\" content=\"470\" \/>\n\t<meta property=\"og:image:type\" content=\"image\/jpeg\" \/>\n<meta name=\"twitter:card\" content=\"summary_large_image\" \/>\n<meta name=\"twitter:label1\" content=\"Tiempo de lectura\" \/>\n\t<meta name=\"twitter:data1\" content=\"1 minuto\" \/>\n<script type=\"application\/ld+json\" class=\"yoast-schema-graph\">{\"@context\":\"https:\\\/\\\/schema.org\",\"@graph\":[{\"@type\":\"WebPage\",\"@id\":\"https:\\\/\\\/libreriaguadalupe.com.ar\\\/libreria\\\/producto\\\/sabiduria\\\/\",\"url\":\"https:\\\/\\\/libreriaguadalupe.com.ar\\\/libreria\\\/producto\\\/sabiduria\\\/\",\"name\":\"Sabiduria - Editorial Guadalupe de Argentina\",\"isPartOf\":{\"@id\":\"https:\\\/\\\/libreriaguadalupe.com.ar\\\/libreria\\\/#website\"},\"primaryImageOfPage\":{\"@id\":\"https:\\\/\\\/libreriaguadalupe.com.ar\\\/libreria\\\/producto\\\/sabiduria\\\/#primaryimage\"},\"image\":{\"@id\":\"https:\\\/\\\/libreriaguadalupe.com.ar\\\/libreria\\\/producto\\\/sabiduria\\\/#primaryimage\"},\"thumbnailUrl\":\"https:\\\/\\\/i0.wp.com\\\/libreriaguadalupe.com.ar\\\/libreria\\\/wp-content\\\/uploads\\\/2023\\\/01\\\/Sabiduria-1.jpg?fit=306%2C470&ssl=1\",\"datePublished\":\"2023-01-18T18:46:22+00:00\",\"dateModified\":\"2024-10-29T14:05:08+00:00\",\"description\":\"El autor se ha informado de todo lo que se ha escrito sobre el libro de la Sabidur\u00eda desde mediados del siglo pasado hasta el momento presente. Se tiene en cuenta tambi\u00e9n esa inmensa franja intermedia que va desde los Santos Padres a la Edad Moderna, pasando por la Edad Media cristiana y jud\u00eda.\",\"breadcrumb\":{\"@id\":\"https:\\\/\\\/libreriaguadalupe.com.ar\\\/libreria\\\/producto\\\/sabiduria\\\/#breadcrumb\"},\"inLanguage\":\"es\",\"potentialAction\":[{\"@type\":\"ReadAction\",\"target\":[\"https:\\\/\\\/libreriaguadalupe.com.ar\\\/libreria\\\/producto\\\/sabiduria\\\/\"]}]},{\"@type\":\"ImageObject\",\"inLanguage\":\"es\",\"@id\":\"https:\\\/\\\/libreriaguadalupe.com.ar\\\/libreria\\\/producto\\\/sabiduria\\\/#primaryimage\",\"url\":\"https:\\\/\\\/i0.wp.com\\\/libreriaguadalupe.com.ar\\\/libreria\\\/wp-content\\\/uploads\\\/2023\\\/01\\\/Sabiduria-1.jpg?fit=306%2C470&ssl=1\",\"contentUrl\":\"https:\\\/\\\/i0.wp.com\\\/libreriaguadalupe.com.ar\\\/libreria\\\/wp-content\\\/uploads\\\/2023\\\/01\\\/Sabiduria-1.jpg?fit=306%2C470&ssl=1\",\"width\":306,\"height\":470},{\"@type\":\"BreadcrumbList\",\"@id\":\"https:\\\/\\\/libreriaguadalupe.com.ar\\\/libreria\\\/producto\\\/sabiduria\\\/#breadcrumb\",\"itemListElement\":[{\"@type\":\"ListItem\",\"position\":1,\"name\":\"Portada\",\"item\":\"https:\\\/\\\/libreriaguadalupe.com.ar\\\/libreria\\\/\"},{\"@type\":\"ListItem\",\"position\":2,\"name\":\"Tienda\",\"item\":\"https:\\\/\\\/libreriaguadalupe.com.ar\\\/libreria\\\/\"},{\"@type\":\"ListItem\",\"position\":3,\"name\":\"Sabiduria\"}]},{\"@type\":\"WebSite\",\"@id\":\"https:\\\/\\\/libreriaguadalupe.com.ar\\\/libreria\\\/#website\",\"url\":\"https:\\\/\\\/libreriaguadalupe.com.ar\\\/libreria\\\/\",\"name\":\"Editorial Guadalupe de Argentina\",\"description\":\"Congregaci\u00f3n del Verbo Divino\",\"publisher\":{\"@id\":\"https:\\\/\\\/libreriaguadalupe.com.ar\\\/libreria\\\/#organization\"},\"alternateName\":\"Librer\u00eda Guadalupe\",\"potentialAction\":[{\"@type\":\"SearchAction\",\"target\":{\"@type\":\"EntryPoint\",\"urlTemplate\":\"https:\\\/\\\/libreriaguadalupe.com.ar\\\/libreria\\\/?s={search_term_string}\"},\"query-input\":{\"@type\":\"PropertyValueSpecification\",\"valueRequired\":true,\"valueName\":\"search_term_string\"}}],\"inLanguage\":\"es\"},{\"@type\":\"Organization\",\"@id\":\"https:\\\/\\\/libreriaguadalupe.com.ar\\\/libreria\\\/#organization\",\"name\":\"Editorial Guadalupe\",\"alternateName\":\"Librer\u00eda Guadalupe\",\"url\":\"https:\\\/\\\/libreriaguadalupe.com.ar\\\/libreria\\\/\",\"logo\":{\"@type\":\"ImageObject\",\"inLanguage\":\"es\",\"@id\":\"https:\\\/\\\/libreriaguadalupe.com.ar\\\/libreria\\\/#\\\/schema\\\/logo\\\/image\\\/\",\"url\":\"https:\\\/\\\/i0.wp.com\\\/libreriaguadalupe.com.ar\\\/libreria\\\/wp-content\\\/uploads\\\/2023\\\/01\\\/cropped-logo-editorial-guadalupe.webp?fit=500%2C100&ssl=1\",\"contentUrl\":\"https:\\\/\\\/i0.wp.com\\\/libreriaguadalupe.com.ar\\\/libreria\\\/wp-content\\\/uploads\\\/2023\\\/01\\\/cropped-logo-editorial-guadalupe.webp?fit=500%2C100&ssl=1\",\"width\":500,\"height\":100,\"caption\":\"Editorial Guadalupe\"},\"image\":{\"@id\":\"https:\\\/\\\/libreriaguadalupe.com.ar\\\/libreria\\\/#\\\/schema\\\/logo\\\/image\\\/\"},\"sameAs\":[\"https:\\\/\\\/www.facebook.com\\\/LibreriaGuadalupeAR\\\/\",\"https:\\\/\\\/www.instagram.com\\\/editorialguadalupe\\\/\",\"https:\\\/\\\/guadalupeeditorial.mercadoshops.com.ar\\\/\"]}]}<\/script>\n<!-- \/ Yoast SEO plugin. -->","yoast_head_json":{"title":"Sabiduria - Editorial Guadalupe de Argentina","description":"El autor se ha informado de todo lo que se ha escrito sobre el libro de la Sabidur\u00eda desde mediados del siglo pasado hasta el momento presente. Se tiene en cuenta tambi\u00e9n esa inmensa franja intermedia que va desde los Santos Padres a la Edad Moderna, pasando por la Edad Media cristiana y jud\u00eda.","robots":{"index":"index","follow":"follow","max-snippet":"max-snippet:-1","max-image-preview":"max-image-preview:large","max-video-preview":"max-video-preview:-1"},"canonical":"https:\/\/libreriaguadalupe.com.ar\/libreria\/producto\/sabiduria\/","og_locale":"es_ES","og_type":"article","og_title":"Sabiduria - Editorial Guadalupe de Argentina","og_description":"El autor se ha informado de todo lo que se ha escrito sobre el libro de la Sabidur\u00eda desde mediados del siglo pasado hasta el momento presente. Se tiene en cuenta tambi\u00e9n esa inmensa franja intermedia que va desde los Santos Padres a la Edad Moderna, pasando por la Edad Media cristiana y jud\u00eda.","og_url":"https:\/\/libreriaguadalupe.com.ar\/libreria\/producto\/sabiduria\/","og_site_name":"Editorial Guadalupe de Argentina","article_publisher":"https:\/\/www.facebook.com\/LibreriaGuadalupeAR\/","article_modified_time":"2024-10-29T14:05:08+00:00","og_image":[{"width":306,"height":470,"url":"https:\/\/libreriaguadalupe.com.ar\/libreria\/wp-content\/uploads\/2023\/01\/Sabiduria-1.jpg","type":"image\/jpeg"}],"twitter_card":"summary_large_image","twitter_misc":{"Tiempo de lectura":"1 minuto"},"schema":{"@context":"https:\/\/schema.org","@graph":[{"@type":"WebPage","@id":"https:\/\/libreriaguadalupe.com.ar\/libreria\/producto\/sabiduria\/","url":"https:\/\/libreriaguadalupe.com.ar\/libreria\/producto\/sabiduria\/","name":"Sabiduria - Editorial Guadalupe de Argentina","isPartOf":{"@id":"https:\/\/libreriaguadalupe.com.ar\/libreria\/#website"},"primaryImageOfPage":{"@id":"https:\/\/libreriaguadalupe.com.ar\/libreria\/producto\/sabiduria\/#primaryimage"},"image":{"@id":"https:\/\/libreriaguadalupe.com.ar\/libreria\/producto\/sabiduria\/#primaryimage"},"thumbnailUrl":"https:\/\/i0.wp.com\/libreriaguadalupe.com.ar\/libreria\/wp-content\/uploads\/2023\/01\/Sabiduria-1.jpg?fit=306%2C470&ssl=1","datePublished":"2023-01-18T18:46:22+00:00","dateModified":"2024-10-29T14:05:08+00:00","description":"El autor se ha informado de todo lo que se ha escrito sobre el libro de la Sabidur\u00eda desde mediados del siglo pasado hasta el momento presente. Se tiene en cuenta tambi\u00e9n esa inmensa franja intermedia que va desde los Santos Padres a la Edad Moderna, pasando por la Edad Media cristiana y jud\u00eda.","breadcrumb":{"@id":"https:\/\/libreriaguadalupe.com.ar\/libreria\/producto\/sabiduria\/#breadcrumb"},"inLanguage":"es","potentialAction":[{"@type":"ReadAction","target":["https:\/\/libreriaguadalupe.com.ar\/libreria\/producto\/sabiduria\/"]}]},{"@type":"ImageObject","inLanguage":"es","@id":"https:\/\/libreriaguadalupe.com.ar\/libreria\/producto\/sabiduria\/#primaryimage","url":"https:\/\/i0.wp.com\/libreriaguadalupe.com.ar\/libreria\/wp-content\/uploads\/2023\/01\/Sabiduria-1.jpg?fit=306%2C470&ssl=1","contentUrl":"https:\/\/i0.wp.com\/libreriaguadalupe.com.ar\/libreria\/wp-content\/uploads\/2023\/01\/Sabiduria-1.jpg?fit=306%2C470&ssl=1","width":306,"height":470},{"@type":"BreadcrumbList","@id":"https:\/\/libreriaguadalupe.com.ar\/libreria\/producto\/sabiduria\/#breadcrumb","itemListElement":[{"@type":"ListItem","position":1,"name":"Portada","item":"https:\/\/libreriaguadalupe.com.ar\/libreria\/"},{"@type":"ListItem","position":2,"name":"Tienda","item":"https:\/\/libreriaguadalupe.com.ar\/libreria\/"},{"@type":"ListItem","position":3,"name":"Sabiduria"}]},{"@type":"WebSite","@id":"https:\/\/libreriaguadalupe.com.ar\/libreria\/#website","url":"https:\/\/libreriaguadalupe.com.ar\/libreria\/","name":"Editorial Guadalupe de Argentina","description":"Congregaci\u00f3n del Verbo Divino","publisher":{"@id":"https:\/\/libreriaguadalupe.com.ar\/libreria\/#organization"},"alternateName":"Librer\u00eda Guadalupe","potentialAction":[{"@type":"SearchAction","target":{"@type":"EntryPoint","urlTemplate":"https:\/\/libreriaguadalupe.com.ar\/libreria\/?s={search_term_string}"},"query-input":{"@type":"PropertyValueSpecification","valueRequired":true,"valueName":"search_term_string"}}],"inLanguage":"es"},{"@type":"Organization","@id":"https:\/\/libreriaguadalupe.com.ar\/libreria\/#organization","name":"Editorial Guadalupe","alternateName":"Librer\u00eda Guadalupe","url":"https:\/\/libreriaguadalupe.com.ar\/libreria\/","logo":{"@type":"ImageObject","inLanguage":"es","@id":"https:\/\/libreriaguadalupe.com.ar\/libreria\/#\/schema\/logo\/image\/","url":"https:\/\/i0.wp.com\/libreriaguadalupe.com.ar\/libreria\/wp-content\/uploads\/2023\/01\/cropped-logo-editorial-guadalupe.webp?fit=500%2C100&ssl=1","contentUrl":"https:\/\/i0.wp.com\/libreriaguadalupe.com.ar\/libreria\/wp-content\/uploads\/2023\/01\/cropped-logo-editorial-guadalupe.webp?fit=500%2C100&ssl=1","width":500,"height":100,"caption":"Editorial Guadalupe"},"image":{"@id":"https:\/\/libreriaguadalupe.com.ar\/libreria\/#\/schema\/logo\/image\/"},"sameAs":["https:\/\/www.facebook.com\/LibreriaGuadalupeAR\/","https:\/\/www.instagram.com\/editorialguadalupe\/","https:\/\/guadalupeeditorial.mercadoshops.com.ar\/"]}]}},"jetpack_publicize_connections":[],"jetpack_sharing_enabled":true,"jetpack-related-posts":[{"id":15221,"url":"https:\/\/libreriaguadalupe.com.ar\/libreria\/producto\/sabiduria-2\/","url_meta":{"origin":12901,"position":0},"title":"Sabiduria","author":"admin","date":"07\/02\/2023","format":false,"excerpt":"Autor: Jose Vilchez ISBN 8471516659","rel":"","context":"Entrada similar","block_context":{"text":"Entrada similar","link":""},"img":{"alt_text":"","src":"","width":0,"height":0},"classes":[]},{"id":14728,"url":"https:\/\/libreriaguadalupe.com.ar\/libreria\/producto\/de-amar-la-sabiduria-a-creer-y-esperar-en-la-sabiduria-del-amor-2\/","url_meta":{"origin":12901,"position":1},"title":"De amar la sabiduria a creer y esperar en la sabiduria del Amor","author":"admin","date":"07\/02\/2023","format":false,"excerpt":"ISBN: 9505006564 Autor: GALLI CARLOS MARIA","rel":"","context":"Entrada similar","block_context":{"text":"Entrada similar","link":""},"img":{"alt_text":"","src":"https:\/\/i0.wp.com\/libreriaguadalupe.com.ar\/libreria\/wp-content\/uploads\/2023\/02\/De-amar-la-sabiduria-a-creer-y-esperar-1.webp?fit=458%2C458&ssl=1&resize=350%2C200","width":350,"height":200},"classes":[]},{"id":17892,"url":"https:\/\/libreriaguadalupe.com.ar\/libreria\/producto\/eclesiastico\/","url_meta":{"origin":12901,"position":2},"title":"Eclesi\u00e1stico","author":"admin","date":"14\/03\/2024","format":false,"excerpt":"Un sabio en la trinchera [2 vol\u00famenes] Colecci\u00f3n: Comentarios teol\u00f3gicos y literarios del AT y NT Subcolecci\u00f3n: Antiguo Testamento Encuadernaci\u00f3n: Carton\u00e9, cosida, tapa en geltex rojo, estampada oro en lomo, con sobrecubierta plastificada brillo Autor: V\u00edctor Morla Asensio ISBN: 978-84-9073-975-4 Dimensiones: 15 x 23 cm P\u00e1ginas: 1776","rel":"","context":"Entrada similar","block_context":{"text":"Entrada similar","link":""},"img":{"alt_text":"","src":"https:\/\/i0.wp.com\/libreriaguadalupe.com.ar\/libreria\/wp-content\/uploads\/2024\/03\/NOVEDAD-TIENDA-MARZO.jpg?fit=470%2C470&ssl=1&resize=350%2C200","width":350,"height":200},"classes":[]},{"id":15976,"url":"https:\/\/libreriaguadalupe.com.ar\/libreria\/producto\/vuelve-a-nosotros-tus-ojos-misericordiosos\/","url_meta":{"origin":12901,"position":3},"title":"Vuelve a nosotros tus ojos misericordiosos","author":"admin","date":"12\/02\/2023","format":false,"excerpt":"AUTOR: JOSE DANIEL BLANCHOUD ISBN: 9505007929","rel":"","context":"Entrada similar","block_context":{"text":"Entrada similar","link":""},"img":{"alt_text":"","src":"https:\/\/i0.wp.com\/libreriaguadalupe.com.ar\/libreria\/wp-content\/uploads\/2023\/02\/Vuelve-a-nosotros-tus-ojos-misericordiosos.jpg?fit=804%2C796&ssl=1&resize=350%2C200","width":350,"height":200,"srcset":"https:\/\/i0.wp.com\/libreriaguadalupe.com.ar\/libreria\/wp-content\/uploads\/2023\/02\/Vuelve-a-nosotros-tus-ojos-misericordiosos.jpg?fit=804%2C796&ssl=1&resize=350%2C200 1x, https:\/\/i0.wp.com\/libreriaguadalupe.com.ar\/libreria\/wp-content\/uploads\/2023\/02\/Vuelve-a-nosotros-tus-ojos-misericordiosos.jpg?fit=804%2C796&ssl=1&resize=525%2C300 1.5x, https:\/\/i0.wp.com\/libreriaguadalupe.com.ar\/libreria\/wp-content\/uploads\/2023\/02\/Vuelve-a-nosotros-tus-ojos-misericordiosos.jpg?fit=804%2C796&ssl=1&resize=700%2C400 2x"},"classes":[]},{"id":15896,"url":"https:\/\/libreriaguadalupe.com.ar\/libreria\/producto\/duelo-por-la-muerte-del-amigo-y-la-amistad\/","url_meta":{"origin":12901,"position":4},"title":"Duelo por la muerte del amigo y la amistad","author":"admin","date":"12\/02\/2023","format":false,"excerpt":"Es una obra muy personal, pero muy comunitaria, donde nunca hay que aislarse, ni desvincularse. AUTOR: Mateo Bautista [ VER M\u00c1S OBRAS ] ISBN:","rel":"","context":"Entrada similar","block_context":{"text":"Entrada similar","link":""},"img":{"alt_text":"Duelo por la muerte del amigo y la amistad","src":"https:\/\/i0.wp.com\/libreriaguadalupe.com.ar\/libreria\/wp-content\/uploads\/2023\/02\/Duelo-por-la-muerte-del-amigo-y-de-la-amistad-chico.jpg?fit=370%2C500&ssl=1&resize=350%2C200","width":350,"height":200},"classes":[]},{"id":15541,"url":"https:\/\/libreriaguadalupe.com.ar\/libreria\/producto\/anagnorisis-en-la-historia-de-jose-gn-37-50-2\/","url_meta":{"origin":12901,"position":5},"title":"Anagn\u00f3risis en la historia de Jose (GN 37-50)","author":"admin","date":"07\/02\/2023","format":false,"excerpt":"Una aproximaci\u00f3n desde la narratolog\u00eda cognitiva Autor: Pedro Astorga Guerra ISBN: 8490731499 Dimensiones: 16 x 24 cm P\u00e1ginas: 274","rel":"","context":"Entrada similar","block_context":{"text":"Entrada similar","link":""},"img":{"alt_text":"","src":"https:\/\/i0.wp.com\/libreriaguadalupe.com.ar\/libreria\/wp-content\/uploads\/1674\/33\/1240.jpg?fit=227%2C323&ssl=1&resize=350%2C200","width":350,"height":200},"classes":[]}],"_links":{"self":[{"href":"https:\/\/libreriaguadalupe.com.ar\/libreria\/wp-json\/wp\/v2\/product\/12901","targetHints":{"allow":["GET"]}}],"collection":[{"href":"https:\/\/libreriaguadalupe.com.ar\/libreria\/wp-json\/wp\/v2\/product"}],"about":[{"href":"https:\/\/libreriaguadalupe.com.ar\/libreria\/wp-json\/wp\/v2\/types\/product"}],"replies":[{"embeddable":true,"href":"https:\/\/libreriaguadalupe.com.ar\/libreria\/wp-json\/wp\/v2\/comments?post=12901"}],"version-history":[{"count":3,"href":"https:\/\/libreriaguadalupe.com.ar\/libreria\/wp-json\/wp\/v2\/product\/12901\/revisions"}],"predecessor-version":[{"id":17006,"href":"https:\/\/libreriaguadalupe.com.ar\/libreria\/wp-json\/wp\/v2\/product\/12901\/revisions\/17006"}],"wp:featuredmedia":[{"embeddable":true,"href":"https:\/\/libreriaguadalupe.com.ar\/libreria\/wp-json\/wp\/v2\/media\/17005"}],"wp:attachment":[{"href":"https:\/\/libreriaguadalupe.com.ar\/libreria\/wp-json\/wp\/v2\/media?parent=12901"}],"wp:term":[{"taxonomy":"product_brand","embeddable":true,"href":"https:\/\/libreriaguadalupe.com.ar\/libreria\/wp-json\/wp\/v2\/product_brand?post=12901"},{"taxonomy":"product_cat","embeddable":true,"href":"https:\/\/libreriaguadalupe.com.ar\/libreria\/wp-json\/wp\/v2\/product_cat?post=12901"},{"taxonomy":"product_tag","embeddable":true,"href":"https:\/\/libreriaguadalupe.com.ar\/libreria\/wp-json\/wp\/v2\/product_tag?post=12901"}],"curies":[{"name":"wp","href":"https:\/\/api.w.org\/{rel}","templated":true}]}}