{"id":12871,"date":"2023-01-18T18:46:19","date_gmt":"2023-01-18T21:46:19","guid":{"rendered":"https:\/\/libreriaguadalupe.com.ar\/libreria\/?post_type=product&#038;p=12871"},"modified":"2024-03-14T10:34:35","modified_gmt":"2024-03-14T13:34:35","slug":"como-yo-os-he-amado-jn-1334","status":"publish","type":"product","link":"https:\/\/libreriaguadalupe.com.ar\/libreria\/producto\/como-yo-os-he-amado-jn-1334\/","title":{"rendered":"Como yo os he amado (Jn 13,34)"},"content":{"rendered":"<p>Libro en homenaje al profesor Francisco Contreras Molina con art\u00edculos sobre su vida y su obra y colaboraciones de prestigiosos biblistas sobre la Sagrada Escritura, con especial atenci\u00f3n a los textos jo\u00e1nicos.<\/p>\n","protected":false},"excerpt":{"rendered":"<p><strong>Miscel\u00e1nea sobre los escritos jo\u00e1nicos. Homenaje a Francisco Contreras Molina CMF<\/strong><\/p>\n<p>Autor: Antonio Rodr\u00edguez Carmona<strong><br \/>\n<\/strong>ISBN: 8499451909<br \/>\nDimensiones: 16,5 x 23 cm<br \/>\nP\u00e1ginas: 512<\/p>\n","protected":false},"featured_media":16921,"comment_status":"open","ping_status":"closed","template":"","meta":{"jetpack_publicize_message":"","jetpack_publicize_feature_enabled":true,"jetpack_social_post_already_shared":false,"jetpack_social_options":{"image_generator_settings":{"template":"highway","default_image_id":0,"font":"","enabled":false},"version":2}},"product_brand":[],"product_cat":[109],"product_tag":[127],"class_list":{"0":"post-12871","1":"product","2":"type-product","3":"status-publish","4":"has-post-thumbnail","6":"product_cat-verbo-divino","7":"product_tag-editorial-guadalupe-de-argentina","9":"first","10":"instock","11":"shipping-taxable","12":"purchasable","13":"product-type-simple"},"yoast_head":"<!-- This site is optimized with the Yoast SEO plugin v27.4 - https:\/\/yoast.com\/product\/yoast-seo-wordpress\/ -->\n<title>Como yo os he amado (Jn 13,34) - Editorial Guadalupe de Argentina<\/title>\n<meta name=\"description\" content=\"Libro en homenaje al profesor Francisco Contreras Molina con art\u00edculos sobre su vida y su obra y colaboraciones de prestigiosos biblistas sobre la Sagrada Escritura, con especial atenci\u00f3n a los textos jo\u00e1nicos.\" \/>\n<meta name=\"robots\" content=\"index, follow, max-snippet:-1, max-image-preview:large, max-video-preview:-1\" \/>\n<link rel=\"canonical\" href=\"https:\/\/libreriaguadalupe.com.ar\/libreria\/producto\/como-yo-os-he-amado-jn-1334\/\" \/>\n<meta property=\"og:locale\" content=\"es_ES\" \/>\n<meta property=\"og:type\" content=\"article\" \/>\n<meta property=\"og:title\" content=\"Como yo os he amado (Jn 13,34) - Editorial Guadalupe de Argentina\" \/>\n<meta property=\"og:description\" content=\"Libro en homenaje al profesor Francisco Contreras Molina con art\u00edculos sobre su vida y su obra y colaboraciones de prestigiosos biblistas sobre la Sagrada Escritura, con especial atenci\u00f3n a los textos jo\u00e1nicos.\" \/>\n<meta property=\"og:url\" content=\"https:\/\/libreriaguadalupe.com.ar\/libreria\/producto\/como-yo-os-he-amado-jn-1334\/\" \/>\n<meta property=\"og:site_name\" content=\"Editorial Guadalupe de Argentina\" \/>\n<meta property=\"article:publisher\" content=\"https:\/\/www.facebook.com\/LibreriaGuadalupeAR\/\" \/>\n<meta property=\"article:modified_time\" content=\"2024-03-14T13:34:35+00:00\" \/>\n<meta property=\"og:image\" content=\"https:\/\/libreriaguadalupe.com.ar\/libreria\/wp-content\/uploads\/2023\/01\/COMO-YO-OS-HE-AMADO.jpg\" \/>\n\t<meta property=\"og:image:width\" content=\"380\" \/>\n\t<meta property=\"og:image:height\" content=\"586\" \/>\n\t<meta property=\"og:image:type\" content=\"image\/jpeg\" \/>\n<meta name=\"twitter:card\" content=\"summary_large_image\" \/>\n<meta name=\"twitter:label1\" content=\"Tiempo de lectura\" \/>\n\t<meta name=\"twitter:data1\" content=\"1 minuto\" \/>\n<script type=\"application\/ld+json\" class=\"yoast-schema-graph\">{\"@context\":\"https:\\\/\\\/schema.org\",\"@graph\":[{\"@type\":\"WebPage\",\"@id\":\"https:\\\/\\\/libreriaguadalupe.com.ar\\\/libreria\\\/producto\\\/como-yo-os-he-amado-jn-1334\\\/\",\"url\":\"https:\\\/\\\/libreriaguadalupe.com.ar\\\/libreria\\\/producto\\\/como-yo-os-he-amado-jn-1334\\\/\",\"name\":\"Como yo os he amado (Jn 13,34) - Editorial Guadalupe de Argentina\",\"isPartOf\":{\"@id\":\"https:\\\/\\\/libreriaguadalupe.com.ar\\\/libreria\\\/#website\"},\"primaryImageOfPage\":{\"@id\":\"https:\\\/\\\/libreriaguadalupe.com.ar\\\/libreria\\\/producto\\\/como-yo-os-he-amado-jn-1334\\\/#primaryimage\"},\"image\":{\"@id\":\"https:\\\/\\\/libreriaguadalupe.com.ar\\\/libreria\\\/producto\\\/como-yo-os-he-amado-jn-1334\\\/#primaryimage\"},\"thumbnailUrl\":\"https:\\\/\\\/i0.wp.com\\\/libreriaguadalupe.com.ar\\\/libreria\\\/wp-content\\\/uploads\\\/2023\\\/01\\\/COMO-YO-OS-HE-AMADO.jpg?fit=380%2C586&ssl=1\",\"datePublished\":\"2023-01-18T21:46:19+00:00\",\"dateModified\":\"2024-03-14T13:34:35+00:00\",\"description\":\"Libro en homenaje al profesor Francisco Contreras Molina con art\u00edculos sobre su vida y su obra y colaboraciones de prestigiosos biblistas sobre la Sagrada Escritura, con especial atenci\u00f3n a los textos jo\u00e1nicos.\",\"breadcrumb\":{\"@id\":\"https:\\\/\\\/libreriaguadalupe.com.ar\\\/libreria\\\/producto\\\/como-yo-os-he-amado-jn-1334\\\/#breadcrumb\"},\"inLanguage\":\"es\",\"potentialAction\":[{\"@type\":\"ReadAction\",\"target\":[\"https:\\\/\\\/libreriaguadalupe.com.ar\\\/libreria\\\/producto\\\/como-yo-os-he-amado-jn-1334\\\/\"]}]},{\"@type\":\"ImageObject\",\"inLanguage\":\"es\",\"@id\":\"https:\\\/\\\/libreriaguadalupe.com.ar\\\/libreria\\\/producto\\\/como-yo-os-he-amado-jn-1334\\\/#primaryimage\",\"url\":\"https:\\\/\\\/i0.wp.com\\\/libreriaguadalupe.com.ar\\\/libreria\\\/wp-content\\\/uploads\\\/2023\\\/01\\\/COMO-YO-OS-HE-AMADO.jpg?fit=380%2C586&ssl=1\",\"contentUrl\":\"https:\\\/\\\/i0.wp.com\\\/libreriaguadalupe.com.ar\\\/libreria\\\/wp-content\\\/uploads\\\/2023\\\/01\\\/COMO-YO-OS-HE-AMADO.jpg?fit=380%2C586&ssl=1\",\"width\":380,\"height\":586},{\"@type\":\"BreadcrumbList\",\"@id\":\"https:\\\/\\\/libreriaguadalupe.com.ar\\\/libreria\\\/producto\\\/como-yo-os-he-amado-jn-1334\\\/#breadcrumb\",\"itemListElement\":[{\"@type\":\"ListItem\",\"position\":1,\"name\":\"Portada\",\"item\":\"https:\\\/\\\/libreriaguadalupe.com.ar\\\/libreria\\\/\"},{\"@type\":\"ListItem\",\"position\":2,\"name\":\"Tienda\",\"item\":\"https:\\\/\\\/libreriaguadalupe.com.ar\\\/libreria\\\/\"},{\"@type\":\"ListItem\",\"position\":3,\"name\":\"Como yo os he amado (Jn 13,34)\"}]},{\"@type\":\"WebSite\",\"@id\":\"https:\\\/\\\/libreriaguadalupe.com.ar\\\/libreria\\\/#website\",\"url\":\"https:\\\/\\\/libreriaguadalupe.com.ar\\\/libreria\\\/\",\"name\":\"Editorial Guadalupe de Argentina\",\"description\":\"Congregaci\u00f3n del Verbo Divino\",\"publisher\":{\"@id\":\"https:\\\/\\\/libreriaguadalupe.com.ar\\\/libreria\\\/#organization\"},\"alternateName\":\"Librer\u00eda Guadalupe\",\"potentialAction\":[{\"@type\":\"SearchAction\",\"target\":{\"@type\":\"EntryPoint\",\"urlTemplate\":\"https:\\\/\\\/libreriaguadalupe.com.ar\\\/libreria\\\/?s={search_term_string}\"},\"query-input\":{\"@type\":\"PropertyValueSpecification\",\"valueRequired\":true,\"valueName\":\"search_term_string\"}}],\"inLanguage\":\"es\"},{\"@type\":\"Organization\",\"@id\":\"https:\\\/\\\/libreriaguadalupe.com.ar\\\/libreria\\\/#organization\",\"name\":\"Editorial Guadalupe\",\"alternateName\":\"Librer\u00eda Guadalupe\",\"url\":\"https:\\\/\\\/libreriaguadalupe.com.ar\\\/libreria\\\/\",\"logo\":{\"@type\":\"ImageObject\",\"inLanguage\":\"es\",\"@id\":\"https:\\\/\\\/libreriaguadalupe.com.ar\\\/libreria\\\/#\\\/schema\\\/logo\\\/image\\\/\",\"url\":\"https:\\\/\\\/i0.wp.com\\\/libreriaguadalupe.com.ar\\\/libreria\\\/wp-content\\\/uploads\\\/2023\\\/01\\\/cropped-logo-editorial-guadalupe.webp?fit=500%2C100&ssl=1\",\"contentUrl\":\"https:\\\/\\\/i0.wp.com\\\/libreriaguadalupe.com.ar\\\/libreria\\\/wp-content\\\/uploads\\\/2023\\\/01\\\/cropped-logo-editorial-guadalupe.webp?fit=500%2C100&ssl=1\",\"width\":500,\"height\":100,\"caption\":\"Editorial Guadalupe\"},\"image\":{\"@id\":\"https:\\\/\\\/libreriaguadalupe.com.ar\\\/libreria\\\/#\\\/schema\\\/logo\\\/image\\\/\"},\"sameAs\":[\"https:\\\/\\\/www.facebook.com\\\/LibreriaGuadalupeAR\\\/\",\"https:\\\/\\\/www.instagram.com\\\/editorialguadalupe\\\/\",\"https:\\\/\\\/guadalupeeditorial.mercadoshops.com.ar\\\/\"]}]}<\/script>\n<!-- \/ Yoast SEO plugin. -->","yoast_head_json":{"title":"Como yo os he amado (Jn 13,34) - Editorial Guadalupe de Argentina","description":"Libro en homenaje al profesor Francisco Contreras Molina con art\u00edculos sobre su vida y su obra y colaboraciones de prestigiosos biblistas sobre la Sagrada Escritura, con especial atenci\u00f3n a los textos jo\u00e1nicos.","robots":{"index":"index","follow":"follow","max-snippet":"max-snippet:-1","max-image-preview":"max-image-preview:large","max-video-preview":"max-video-preview:-1"},"canonical":"https:\/\/libreriaguadalupe.com.ar\/libreria\/producto\/como-yo-os-he-amado-jn-1334\/","og_locale":"es_ES","og_type":"article","og_title":"Como yo os he amado (Jn 13,34) - Editorial Guadalupe de Argentina","og_description":"Libro en homenaje al profesor Francisco Contreras Molina con art\u00edculos sobre su vida y su obra y colaboraciones de prestigiosos biblistas sobre la Sagrada Escritura, con especial atenci\u00f3n a los textos jo\u00e1nicos.","og_url":"https:\/\/libreriaguadalupe.com.ar\/libreria\/producto\/como-yo-os-he-amado-jn-1334\/","og_site_name":"Editorial Guadalupe de Argentina","article_publisher":"https:\/\/www.facebook.com\/LibreriaGuadalupeAR\/","article_modified_time":"2024-03-14T13:34:35+00:00","og_image":[{"width":380,"height":586,"url":"https:\/\/libreriaguadalupe.com.ar\/libreria\/wp-content\/uploads\/2023\/01\/COMO-YO-OS-HE-AMADO.jpg","type":"image\/jpeg"}],"twitter_card":"summary_large_image","twitter_misc":{"Tiempo de lectura":"1 minuto"},"schema":{"@context":"https:\/\/schema.org","@graph":[{"@type":"WebPage","@id":"https:\/\/libreriaguadalupe.com.ar\/libreria\/producto\/como-yo-os-he-amado-jn-1334\/","url":"https:\/\/libreriaguadalupe.com.ar\/libreria\/producto\/como-yo-os-he-amado-jn-1334\/","name":"Como yo os he amado (Jn 13,34) - Editorial Guadalupe de Argentina","isPartOf":{"@id":"https:\/\/libreriaguadalupe.com.ar\/libreria\/#website"},"primaryImageOfPage":{"@id":"https:\/\/libreriaguadalupe.com.ar\/libreria\/producto\/como-yo-os-he-amado-jn-1334\/#primaryimage"},"image":{"@id":"https:\/\/libreriaguadalupe.com.ar\/libreria\/producto\/como-yo-os-he-amado-jn-1334\/#primaryimage"},"thumbnailUrl":"https:\/\/i0.wp.com\/libreriaguadalupe.com.ar\/libreria\/wp-content\/uploads\/2023\/01\/COMO-YO-OS-HE-AMADO.jpg?fit=380%2C586&ssl=1","datePublished":"2023-01-18T21:46:19+00:00","dateModified":"2024-03-14T13:34:35+00:00","description":"Libro en homenaje al profesor Francisco Contreras Molina con art\u00edculos sobre su vida y su obra y colaboraciones de prestigiosos biblistas sobre la Sagrada Escritura, con especial atenci\u00f3n a los textos jo\u00e1nicos.","breadcrumb":{"@id":"https:\/\/libreriaguadalupe.com.ar\/libreria\/producto\/como-yo-os-he-amado-jn-1334\/#breadcrumb"},"inLanguage":"es","potentialAction":[{"@type":"ReadAction","target":["https:\/\/libreriaguadalupe.com.ar\/libreria\/producto\/como-yo-os-he-amado-jn-1334\/"]}]},{"@type":"ImageObject","inLanguage":"es","@id":"https:\/\/libreriaguadalupe.com.ar\/libreria\/producto\/como-yo-os-he-amado-jn-1334\/#primaryimage","url":"https:\/\/i0.wp.com\/libreriaguadalupe.com.ar\/libreria\/wp-content\/uploads\/2023\/01\/COMO-YO-OS-HE-AMADO.jpg?fit=380%2C586&ssl=1","contentUrl":"https:\/\/i0.wp.com\/libreriaguadalupe.com.ar\/libreria\/wp-content\/uploads\/2023\/01\/COMO-YO-OS-HE-AMADO.jpg?fit=380%2C586&ssl=1","width":380,"height":586},{"@type":"BreadcrumbList","@id":"https:\/\/libreriaguadalupe.com.ar\/libreria\/producto\/como-yo-os-he-amado-jn-1334\/#breadcrumb","itemListElement":[{"@type":"ListItem","position":1,"name":"Portada","item":"https:\/\/libreriaguadalupe.com.ar\/libreria\/"},{"@type":"ListItem","position":2,"name":"Tienda","item":"https:\/\/libreriaguadalupe.com.ar\/libreria\/"},{"@type":"ListItem","position":3,"name":"Como yo os he amado (Jn 13,34)"}]},{"@type":"WebSite","@id":"https:\/\/libreriaguadalupe.com.ar\/libreria\/#website","url":"https:\/\/libreriaguadalupe.com.ar\/libreria\/","name":"Editorial Guadalupe de Argentina","description":"Congregaci\u00f3n del Verbo Divino","publisher":{"@id":"https:\/\/libreriaguadalupe.com.ar\/libreria\/#organization"},"alternateName":"Librer\u00eda Guadalupe","potentialAction":[{"@type":"SearchAction","target":{"@type":"EntryPoint","urlTemplate":"https:\/\/libreriaguadalupe.com.ar\/libreria\/?s={search_term_string}"},"query-input":{"@type":"PropertyValueSpecification","valueRequired":true,"valueName":"search_term_string"}}],"inLanguage":"es"},{"@type":"Organization","@id":"https:\/\/libreriaguadalupe.com.ar\/libreria\/#organization","name":"Editorial Guadalupe","alternateName":"Librer\u00eda Guadalupe","url":"https:\/\/libreriaguadalupe.com.ar\/libreria\/","logo":{"@type":"ImageObject","inLanguage":"es","@id":"https:\/\/libreriaguadalupe.com.ar\/libreria\/#\/schema\/logo\/image\/","url":"https:\/\/i0.wp.com\/libreriaguadalupe.com.ar\/libreria\/wp-content\/uploads\/2023\/01\/cropped-logo-editorial-guadalupe.webp?fit=500%2C100&ssl=1","contentUrl":"https:\/\/i0.wp.com\/libreriaguadalupe.com.ar\/libreria\/wp-content\/uploads\/2023\/01\/cropped-logo-editorial-guadalupe.webp?fit=500%2C100&ssl=1","width":500,"height":100,"caption":"Editorial Guadalupe"},"image":{"@id":"https:\/\/libreriaguadalupe.com.ar\/libreria\/#\/schema\/logo\/image\/"},"sameAs":["https:\/\/www.facebook.com\/LibreriaGuadalupeAR\/","https:\/\/www.instagram.com\/editorialguadalupe\/","https:\/\/guadalupeeditorial.mercadoshops.com.ar\/"]}]}},"jetpack_publicize_connections":[],"jetpack_sharing_enabled":true,"jetpack-related-posts":[{"id":14924,"url":"https:\/\/libreriaguadalupe.com.ar\/libreria\/producto\/la-misericordia-100-mensajes-del-papa-francisco-2\/","url_meta":{"origin":12871,"position":0},"title":"La Misericordia. 100 mensajes del Papa Francisco","author":"admin","date":"07\/02\/2023","format":false,"excerpt":"48 p\u00e1g. 5.85X8.70 cm AUTOR:\u00a0BENAVIDES LUIS M. [ VER M\u00c1S OBRAS ] ISBN: 9505007295","rel":"","context":"Entrada similar","block_context":{"text":"Entrada similar","link":""},"img":{"alt_text":"La Misericordia. 100 mensajes del Papa Francisco","src":"https:\/\/i0.wp.com\/libreriaguadalupe.com.ar\/libreria\/wp-content\/uploads\/2023\/03\/LA-MISERICORDIA-100-mensajes-del-Papa-Francisco.png?fit=1000%2C1000&ssl=1&resize=350%2C200","width":350,"height":200,"srcset":"https:\/\/i0.wp.com\/libreriaguadalupe.com.ar\/libreria\/wp-content\/uploads\/2023\/03\/LA-MISERICORDIA-100-mensajes-del-Papa-Francisco.png?fit=1000%2C1000&ssl=1&resize=350%2C200 1x, https:\/\/i0.wp.com\/libreriaguadalupe.com.ar\/libreria\/wp-content\/uploads\/2023\/03\/LA-MISERICORDIA-100-mensajes-del-Papa-Francisco.png?fit=1000%2C1000&ssl=1&resize=525%2C300 1.5x, https:\/\/i0.wp.com\/libreriaguadalupe.com.ar\/libreria\/wp-content\/uploads\/2023\/03\/LA-MISERICORDIA-100-mensajes-del-Papa-Francisco.png?fit=1000%2C1000&ssl=1&resize=700%2C400 2x"},"classes":[]},{"id":14921,"url":"https:\/\/libreriaguadalupe.com.ar\/libreria\/producto\/el-perdon-100-mensajes-del-papa-francisco-2\/","url_meta":{"origin":12871,"position":1},"title":"El Perdon 100 mensajes del Papa Francisco","author":"admin","date":"07\/02\/2023","format":false,"excerpt":"Autor: BENAVIDES LUIS [ VER M\u00c1S OBRAS ] ISBN: 9505007288","rel":"","context":"Entrada similar","block_context":{"text":"Entrada similar","link":""},"img":{"alt_text":"El Perdon 100 mensajes del Papa Francisco","src":"https:\/\/i0.wp.com\/libreriaguadalupe.com.ar\/libreria\/wp-content\/uploads\/2023\/02\/El-Perdon.jpeg?fit=379%2C500&ssl=1&resize=350%2C200","width":350,"height":200},"classes":[]},{"id":18953,"url":"https:\/\/libreriaguadalupe.com.ar\/libreria\/producto\/eduardo-francisco-pironio-biografia-de-un-cristiano-latinoamericano\/","url_meta":{"origin":12871,"position":2},"title":"Eduardo Francisco Pironio &#8211; Biograf\u00eda de un cristiano latinoamericano","author":"Mariano Zuqui","date":"17\/06\/2025","format":false,"excerpt":"Autor: Gianni La Bella T\u00edtulo: \"Eduardo Francisco Pironio - Biograf\u00eda de un cristiano latinoamericano\" ISBN:978-950-500-956-5 Formato: 15.5\u00a0 (ancho) x 22.5 (alto) cms. Interior: 1\/1 color Papel: Bookcel 80 grs. N\u00ba de P\u00e1ginas: 366 Tapa:4 Colores - Cartulina 500 grs -laminado mate Encuadernaci\u00f3n: Binder \u00a0 \u00a0","rel":"","context":"Entrada similar","block_context":{"text":"Entrada similar","link":""},"img":{"alt_text":"","src":"https:\/\/i0.wp.com\/libreriaguadalupe.com.ar\/libreria\/wp-content\/uploads\/2025\/06\/1-2.png?fit=960%2C1200&ssl=1&resize=350%2C200","width":350,"height":200,"srcset":"https:\/\/i0.wp.com\/libreriaguadalupe.com.ar\/libreria\/wp-content\/uploads\/2025\/06\/1-2.png?fit=960%2C1200&ssl=1&resize=350%2C200 1x, https:\/\/i0.wp.com\/libreriaguadalupe.com.ar\/libreria\/wp-content\/uploads\/2025\/06\/1-2.png?fit=960%2C1200&ssl=1&resize=525%2C300 1.5x, https:\/\/i0.wp.com\/libreriaguadalupe.com.ar\/libreria\/wp-content\/uploads\/2025\/06\/1-2.png?fit=960%2C1200&ssl=1&resize=700%2C400 2x"},"classes":[]},{"id":13101,"url":"https:\/\/libreriaguadalupe.com.ar\/libreria\/producto\/la-pasion-por-la-libertad\/","url_meta":{"origin":12871,"position":3},"title":"La pasion por la libertad","author":"admin","date":"18\/01\/2023","format":false,"excerpt":"Homenaje a Ignacio Ellacur\u00eda","rel":"","context":"Entrada similar","block_context":{"text":"Entrada similar","link":""},"img":{"alt_text":"","src":"","width":0,"height":0},"classes":[]},{"id":19012,"url":"https:\/\/libreriaguadalupe.com.ar\/libreria\/producto\/eduardo-francisco-pironio-beato\/","url_meta":{"origin":12871,"position":4},"title":"Eduardo Francisco Pironio &#8211; Beato","author":"Mariano Zuqui","date":"23\/07\/2025","format":false,"excerpt":"Autor: Jos\u00e9 Luis Kaufmann T\u00edtulo: \"Eduardo Francisco Pironio - Beato\" ISBN:978-950-500-962-6 Formato: 15.5\u00a0 (ancho) x 22,5 (alto) cms. Interior: 1\/1 color Papel: Bookcel 80 grs. N\u00ba de P\u00e1ginas: 176 Tapa:4 Colores - Cartulina - Laminado mate Encuadernaci\u00f3n: Binder \u00a0 \u00a0","rel":"","context":"Entrada similar","block_context":{"text":"Entrada similar","link":""},"img":{"alt_text":"El cardenal Pironio ha sido un testigo fiel de la elecci\u00f3n divina y del llamado a la santidad, respondiendo con gozosa docilidad a los designios de Dios.","src":"https:\/\/i0.wp.com\/libreriaguadalupe.com.ar\/libreria\/wp-content\/uploads\/2025\/07\/1-1.png?fit=960%2C1200&ssl=1&resize=350%2C200","width":350,"height":200,"srcset":"https:\/\/i0.wp.com\/libreriaguadalupe.com.ar\/libreria\/wp-content\/uploads\/2025\/07\/1-1.png?fit=960%2C1200&ssl=1&resize=350%2C200 1x, https:\/\/i0.wp.com\/libreriaguadalupe.com.ar\/libreria\/wp-content\/uploads\/2025\/07\/1-1.png?fit=960%2C1200&ssl=1&resize=525%2C300 1.5x, https:\/\/i0.wp.com\/libreriaguadalupe.com.ar\/libreria\/wp-content\/uploads\/2025\/07\/1-1.png?fit=960%2C1200&ssl=1&resize=700%2C400 2x"},"classes":[]},{"id":12815,"url":"https:\/\/libreriaguadalupe.com.ar\/libreria\/producto\/la-cruz-como-raiz-de-la-perfecta-alegria\/","url_meta":{"origin":12871,"position":5},"title":"La cruz como raiz de la perfecta alegria","author":"admin","date":"18\/01\/2023","format":false,"excerpt":"Francisco de As\u00eds habla a los sacerdotes Autor: Carlo Maria Martini,\u00a0Raniero Cantalamessa ISBN: 8481695748 Dimensiones: 12 x 19 cm P\u00e1ginas: 144","rel":"","context":"Entrada similar","block_context":{"text":"Entrada similar","link":""},"img":{"alt_text":"","src":"https:\/\/i0.wp.com\/libreriaguadalupe.com.ar\/libreria\/wp-content\/uploads\/2023\/01\/La-cruz-como-raiz-de-la-perfecta-alegria.jpg?fit=380%2C586&ssl=1&resize=350%2C200","width":350,"height":200},"classes":[]}],"_links":{"self":[{"href":"https:\/\/libreriaguadalupe.com.ar\/libreria\/wp-json\/wp\/v2\/product\/12871","targetHints":{"allow":["GET"]}}],"collection":[{"href":"https:\/\/libreriaguadalupe.com.ar\/libreria\/wp-json\/wp\/v2\/product"}],"about":[{"href":"https:\/\/libreriaguadalupe.com.ar\/libreria\/wp-json\/wp\/v2\/types\/product"}],"replies":[{"embeddable":true,"href":"https:\/\/libreriaguadalupe.com.ar\/libreria\/wp-json\/wp\/v2\/comments?post=12871"}],"version-history":[{"count":3,"href":"https:\/\/libreriaguadalupe.com.ar\/libreria\/wp-json\/wp\/v2\/product\/12871\/revisions"}],"predecessor-version":[{"id":16923,"href":"https:\/\/libreriaguadalupe.com.ar\/libreria\/wp-json\/wp\/v2\/product\/12871\/revisions\/16923"}],"wp:featuredmedia":[{"embeddable":true,"href":"https:\/\/libreriaguadalupe.com.ar\/libreria\/wp-json\/wp\/v2\/media\/16921"}],"wp:attachment":[{"href":"https:\/\/libreriaguadalupe.com.ar\/libreria\/wp-json\/wp\/v2\/media?parent=12871"}],"wp:term":[{"taxonomy":"product_brand","embeddable":true,"href":"https:\/\/libreriaguadalupe.com.ar\/libreria\/wp-json\/wp\/v2\/product_brand?post=12871"},{"taxonomy":"product_cat","embeddable":true,"href":"https:\/\/libreriaguadalupe.com.ar\/libreria\/wp-json\/wp\/v2\/product_cat?post=12871"},{"taxonomy":"product_tag","embeddable":true,"href":"https:\/\/libreriaguadalupe.com.ar\/libreria\/wp-json\/wp\/v2\/product_tag?post=12871"}],"curies":[{"name":"wp","href":"https:\/\/api.w.org\/{rel}","templated":true}]}}