{"id":12865,"date":"2023-01-18T18:46:19","date_gmt":"2023-01-18T21:46:19","guid":{"rendered":"https:\/\/libreriaguadalupe.com.ar\/libreria\/?post_type=product&#038;p=12865"},"modified":"2024-07-01T12:15:37","modified_gmt":"2024-07-01T15:15:37","slug":"hechos-de-los-apostoles-guia-lect-nt","status":"publish","type":"product","link":"https:\/\/libreriaguadalupe.com.ar\/libreria\/producto\/hechos-de-los-apostoles-guia-lect-nt\/","title":{"rendered":"Hechos de los apostoles (guia lect NT)"},"content":{"rendered":"<p>La pluma de Lucas ha legado una obra de alta calidad literaria y de gran hondura teol\u00f3gica: el tercer evangelio y el libro de los Hechos de los Ap\u00f3stoles. La intenci\u00f3n de esta gu\u00eda es alcanzar dos objetivos complementarios. Por una parte, presentar una visi\u00f3n panor\u00e1mica y espec\u00edfica del libro de los Hechos para que el lector pueda zambullirse en su mensaje y sea capaz de percibir la riqueza teol\u00f3gica y literaria de la obra lucana. Por otra parte, ofrecer tambi\u00e9n a todo cristiano la posibilidad de interiorizar la Palabra tal como aparece en el texto lucano, para que fructifique en la vida orante y comprometida.<\/p>\n","protected":false},"excerpt":{"rendered":"<p>Autor: Francesc Ramis Darder<strong><br \/>\n<\/strong>ISBN: 8481699333<br \/>\nDimensiones: 17 x 24 cm<br \/>\nP\u00e1ginas: 432<\/p>\n","protected":false},"featured_media":17075,"comment_status":"open","ping_status":"closed","template":"","meta":{"jetpack_publicize_message":"","jetpack_publicize_feature_enabled":true,"jetpack_social_post_already_shared":false,"jetpack_social_options":{"image_generator_settings":{"template":"highway","default_image_id":0,"font":"","enabled":false},"version":2}},"product_brand":[],"product_cat":[109],"product_tag":[127],"class_list":{"0":"post-12865","1":"product","2":"type-product","3":"status-publish","4":"has-post-thumbnail","6":"product_cat-verbo-divino","7":"product_tag-editorial-guadalupe-de-argentina","9":"first","10":"outofstock","11":"shipping-taxable","12":"purchasable","13":"product-type-simple"},"yoast_head":"<!-- This site is optimized with the Yoast SEO plugin v27.4 - https:\/\/yoast.com\/product\/yoast-seo-wordpress\/ -->\n<title>Hechos de los apostoles (guia lect NT) - Editorial Guadalupe de Argentina<\/title>\n<meta name=\"description\" content=\"La pluma de Lucas ha legado una obra de alta calidad literaria y de gran hondura teol\u00f3gica: el tercer evangelio y el libro de los Hechos de los Ap\u00f3stoles.\" \/>\n<meta name=\"robots\" content=\"index, follow, max-snippet:-1, max-image-preview:large, max-video-preview:-1\" \/>\n<link rel=\"canonical\" href=\"https:\/\/libreriaguadalupe.com.ar\/libreria\/producto\/hechos-de-los-apostoles-guia-lect-nt\/\" \/>\n<meta property=\"og:locale\" content=\"es_ES\" \/>\n<meta property=\"og:type\" content=\"article\" \/>\n<meta property=\"og:title\" content=\"Hechos de los apostoles (guia lect NT) - Editorial Guadalupe de Argentina\" \/>\n<meta property=\"og:description\" content=\"La pluma de Lucas ha legado una obra de alta calidad literaria y de gran hondura teol\u00f3gica: el tercer evangelio y el libro de los Hechos de los Ap\u00f3stoles.\" \/>\n<meta property=\"og:url\" content=\"https:\/\/libreriaguadalupe.com.ar\/libreria\/producto\/hechos-de-los-apostoles-guia-lect-nt\/\" \/>\n<meta property=\"og:site_name\" content=\"Editorial Guadalupe de Argentina\" \/>\n<meta property=\"article:publisher\" content=\"https:\/\/www.facebook.com\/LibreriaGuadalupeAR\/\" \/>\n<meta property=\"article:modified_time\" content=\"2024-07-01T15:15:37+00:00\" \/>\n<meta property=\"og:image\" content=\"https:\/\/libreriaguadalupe.com.ar\/libreria\/wp-content\/uploads\/2023\/01\/Hechos-de-los-apostoles-guia-lect-NT.jpg\" \/>\n\t<meta property=\"og:image:width\" content=\"380\" \/>\n\t<meta property=\"og:image:height\" content=\"586\" \/>\n\t<meta property=\"og:image:type\" content=\"image\/jpeg\" \/>\n<meta name=\"twitter:card\" content=\"summary_large_image\" \/>\n<meta name=\"twitter:label1\" content=\"Tiempo de lectura\" \/>\n\t<meta name=\"twitter:data1\" content=\"1 minuto\" \/>\n<script type=\"application\/ld+json\" class=\"yoast-schema-graph\">{\"@context\":\"https:\\\/\\\/schema.org\",\"@graph\":[{\"@type\":\"WebPage\",\"@id\":\"https:\\\/\\\/libreriaguadalupe.com.ar\\\/libreria\\\/producto\\\/hechos-de-los-apostoles-guia-lect-nt\\\/\",\"url\":\"https:\\\/\\\/libreriaguadalupe.com.ar\\\/libreria\\\/producto\\\/hechos-de-los-apostoles-guia-lect-nt\\\/\",\"name\":\"Hechos de los apostoles (guia lect NT) - Editorial Guadalupe de Argentina\",\"isPartOf\":{\"@id\":\"https:\\\/\\\/libreriaguadalupe.com.ar\\\/libreria\\\/#website\"},\"primaryImageOfPage\":{\"@id\":\"https:\\\/\\\/libreriaguadalupe.com.ar\\\/libreria\\\/producto\\\/hechos-de-los-apostoles-guia-lect-nt\\\/#primaryimage\"},\"image\":{\"@id\":\"https:\\\/\\\/libreriaguadalupe.com.ar\\\/libreria\\\/producto\\\/hechos-de-los-apostoles-guia-lect-nt\\\/#primaryimage\"},\"thumbnailUrl\":\"https:\\\/\\\/i0.wp.com\\\/libreriaguadalupe.com.ar\\\/libreria\\\/wp-content\\\/uploads\\\/2023\\\/01\\\/Hechos-de-los-apostoles-guia-lect-NT.jpg?fit=380%2C586&ssl=1\",\"datePublished\":\"2023-01-18T21:46:19+00:00\",\"dateModified\":\"2024-07-01T15:15:37+00:00\",\"description\":\"La pluma de Lucas ha legado una obra de alta calidad literaria y de gran hondura teol\u00f3gica: el tercer evangelio y el libro de los Hechos de los Ap\u00f3stoles.\",\"breadcrumb\":{\"@id\":\"https:\\\/\\\/libreriaguadalupe.com.ar\\\/libreria\\\/producto\\\/hechos-de-los-apostoles-guia-lect-nt\\\/#breadcrumb\"},\"inLanguage\":\"es\",\"potentialAction\":[{\"@type\":\"ReadAction\",\"target\":[\"https:\\\/\\\/libreriaguadalupe.com.ar\\\/libreria\\\/producto\\\/hechos-de-los-apostoles-guia-lect-nt\\\/\"]}]},{\"@type\":\"ImageObject\",\"inLanguage\":\"es\",\"@id\":\"https:\\\/\\\/libreriaguadalupe.com.ar\\\/libreria\\\/producto\\\/hechos-de-los-apostoles-guia-lect-nt\\\/#primaryimage\",\"url\":\"https:\\\/\\\/i0.wp.com\\\/libreriaguadalupe.com.ar\\\/libreria\\\/wp-content\\\/uploads\\\/2023\\\/01\\\/Hechos-de-los-apostoles-guia-lect-NT.jpg?fit=380%2C586&ssl=1\",\"contentUrl\":\"https:\\\/\\\/i0.wp.com\\\/libreriaguadalupe.com.ar\\\/libreria\\\/wp-content\\\/uploads\\\/2023\\\/01\\\/Hechos-de-los-apostoles-guia-lect-NT.jpg?fit=380%2C586&ssl=1\",\"width\":380,\"height\":586},{\"@type\":\"BreadcrumbList\",\"@id\":\"https:\\\/\\\/libreriaguadalupe.com.ar\\\/libreria\\\/producto\\\/hechos-de-los-apostoles-guia-lect-nt\\\/#breadcrumb\",\"itemListElement\":[{\"@type\":\"ListItem\",\"position\":1,\"name\":\"Portada\",\"item\":\"https:\\\/\\\/libreriaguadalupe.com.ar\\\/libreria\\\/\"},{\"@type\":\"ListItem\",\"position\":2,\"name\":\"Tienda\",\"item\":\"https:\\\/\\\/libreriaguadalupe.com.ar\\\/libreria\\\/\"},{\"@type\":\"ListItem\",\"position\":3,\"name\":\"Hechos de los apostoles (guia lect NT)\"}]},{\"@type\":\"WebSite\",\"@id\":\"https:\\\/\\\/libreriaguadalupe.com.ar\\\/libreria\\\/#website\",\"url\":\"https:\\\/\\\/libreriaguadalupe.com.ar\\\/libreria\\\/\",\"name\":\"Editorial Guadalupe de Argentina\",\"description\":\"Congregaci\u00f3n del Verbo Divino\",\"publisher\":{\"@id\":\"https:\\\/\\\/libreriaguadalupe.com.ar\\\/libreria\\\/#organization\"},\"alternateName\":\"Librer\u00eda Guadalupe\",\"potentialAction\":[{\"@type\":\"SearchAction\",\"target\":{\"@type\":\"EntryPoint\",\"urlTemplate\":\"https:\\\/\\\/libreriaguadalupe.com.ar\\\/libreria\\\/?s={search_term_string}\"},\"query-input\":{\"@type\":\"PropertyValueSpecification\",\"valueRequired\":true,\"valueName\":\"search_term_string\"}}],\"inLanguage\":\"es\"},{\"@type\":\"Organization\",\"@id\":\"https:\\\/\\\/libreriaguadalupe.com.ar\\\/libreria\\\/#organization\",\"name\":\"Editorial Guadalupe\",\"alternateName\":\"Librer\u00eda Guadalupe\",\"url\":\"https:\\\/\\\/libreriaguadalupe.com.ar\\\/libreria\\\/\",\"logo\":{\"@type\":\"ImageObject\",\"inLanguage\":\"es\",\"@id\":\"https:\\\/\\\/libreriaguadalupe.com.ar\\\/libreria\\\/#\\\/schema\\\/logo\\\/image\\\/\",\"url\":\"https:\\\/\\\/i0.wp.com\\\/libreriaguadalupe.com.ar\\\/libreria\\\/wp-content\\\/uploads\\\/2023\\\/01\\\/cropped-logo-editorial-guadalupe.webp?fit=500%2C100&ssl=1\",\"contentUrl\":\"https:\\\/\\\/i0.wp.com\\\/libreriaguadalupe.com.ar\\\/libreria\\\/wp-content\\\/uploads\\\/2023\\\/01\\\/cropped-logo-editorial-guadalupe.webp?fit=500%2C100&ssl=1\",\"width\":500,\"height\":100,\"caption\":\"Editorial Guadalupe\"},\"image\":{\"@id\":\"https:\\\/\\\/libreriaguadalupe.com.ar\\\/libreria\\\/#\\\/schema\\\/logo\\\/image\\\/\"},\"sameAs\":[\"https:\\\/\\\/www.facebook.com\\\/LibreriaGuadalupeAR\\\/\",\"https:\\\/\\\/www.instagram.com\\\/editorialguadalupe\\\/\",\"https:\\\/\\\/guadalupeeditorial.mercadoshops.com.ar\\\/\"]}]}<\/script>\n<!-- \/ Yoast SEO plugin. -->","yoast_head_json":{"title":"Hechos de los apostoles (guia lect NT) - Editorial Guadalupe de Argentina","description":"La pluma de Lucas ha legado una obra de alta calidad literaria y de gran hondura teol\u00f3gica: el tercer evangelio y el libro de los Hechos de los Ap\u00f3stoles.","robots":{"index":"index","follow":"follow","max-snippet":"max-snippet:-1","max-image-preview":"max-image-preview:large","max-video-preview":"max-video-preview:-1"},"canonical":"https:\/\/libreriaguadalupe.com.ar\/libreria\/producto\/hechos-de-los-apostoles-guia-lect-nt\/","og_locale":"es_ES","og_type":"article","og_title":"Hechos de los apostoles (guia lect NT) - Editorial Guadalupe de Argentina","og_description":"La pluma de Lucas ha legado una obra de alta calidad literaria y de gran hondura teol\u00f3gica: el tercer evangelio y el libro de los Hechos de los Ap\u00f3stoles.","og_url":"https:\/\/libreriaguadalupe.com.ar\/libreria\/producto\/hechos-de-los-apostoles-guia-lect-nt\/","og_site_name":"Editorial Guadalupe de Argentina","article_publisher":"https:\/\/www.facebook.com\/LibreriaGuadalupeAR\/","article_modified_time":"2024-07-01T15:15:37+00:00","og_image":[{"width":380,"height":586,"url":"https:\/\/libreriaguadalupe.com.ar\/libreria\/wp-content\/uploads\/2023\/01\/Hechos-de-los-apostoles-guia-lect-NT.jpg","type":"image\/jpeg"}],"twitter_card":"summary_large_image","twitter_misc":{"Tiempo de lectura":"1 minuto"},"schema":{"@context":"https:\/\/schema.org","@graph":[{"@type":"WebPage","@id":"https:\/\/libreriaguadalupe.com.ar\/libreria\/producto\/hechos-de-los-apostoles-guia-lect-nt\/","url":"https:\/\/libreriaguadalupe.com.ar\/libreria\/producto\/hechos-de-los-apostoles-guia-lect-nt\/","name":"Hechos de los apostoles (guia lect NT) - Editorial Guadalupe de Argentina","isPartOf":{"@id":"https:\/\/libreriaguadalupe.com.ar\/libreria\/#website"},"primaryImageOfPage":{"@id":"https:\/\/libreriaguadalupe.com.ar\/libreria\/producto\/hechos-de-los-apostoles-guia-lect-nt\/#primaryimage"},"image":{"@id":"https:\/\/libreriaguadalupe.com.ar\/libreria\/producto\/hechos-de-los-apostoles-guia-lect-nt\/#primaryimage"},"thumbnailUrl":"https:\/\/i0.wp.com\/libreriaguadalupe.com.ar\/libreria\/wp-content\/uploads\/2023\/01\/Hechos-de-los-apostoles-guia-lect-NT.jpg?fit=380%2C586&ssl=1","datePublished":"2023-01-18T21:46:19+00:00","dateModified":"2024-07-01T15:15:37+00:00","description":"La pluma de Lucas ha legado una obra de alta calidad literaria y de gran hondura teol\u00f3gica: el tercer evangelio y el libro de los Hechos de los Ap\u00f3stoles.","breadcrumb":{"@id":"https:\/\/libreriaguadalupe.com.ar\/libreria\/producto\/hechos-de-los-apostoles-guia-lect-nt\/#breadcrumb"},"inLanguage":"es","potentialAction":[{"@type":"ReadAction","target":["https:\/\/libreriaguadalupe.com.ar\/libreria\/producto\/hechos-de-los-apostoles-guia-lect-nt\/"]}]},{"@type":"ImageObject","inLanguage":"es","@id":"https:\/\/libreriaguadalupe.com.ar\/libreria\/producto\/hechos-de-los-apostoles-guia-lect-nt\/#primaryimage","url":"https:\/\/i0.wp.com\/libreriaguadalupe.com.ar\/libreria\/wp-content\/uploads\/2023\/01\/Hechos-de-los-apostoles-guia-lect-NT.jpg?fit=380%2C586&ssl=1","contentUrl":"https:\/\/i0.wp.com\/libreriaguadalupe.com.ar\/libreria\/wp-content\/uploads\/2023\/01\/Hechos-de-los-apostoles-guia-lect-NT.jpg?fit=380%2C586&ssl=1","width":380,"height":586},{"@type":"BreadcrumbList","@id":"https:\/\/libreriaguadalupe.com.ar\/libreria\/producto\/hechos-de-los-apostoles-guia-lect-nt\/#breadcrumb","itemListElement":[{"@type":"ListItem","position":1,"name":"Portada","item":"https:\/\/libreriaguadalupe.com.ar\/libreria\/"},{"@type":"ListItem","position":2,"name":"Tienda","item":"https:\/\/libreriaguadalupe.com.ar\/libreria\/"},{"@type":"ListItem","position":3,"name":"Hechos de los apostoles (guia lect NT)"}]},{"@type":"WebSite","@id":"https:\/\/libreriaguadalupe.com.ar\/libreria\/#website","url":"https:\/\/libreriaguadalupe.com.ar\/libreria\/","name":"Editorial Guadalupe de Argentina","description":"Congregaci\u00f3n del Verbo Divino","publisher":{"@id":"https:\/\/libreriaguadalupe.com.ar\/libreria\/#organization"},"alternateName":"Librer\u00eda Guadalupe","potentialAction":[{"@type":"SearchAction","target":{"@type":"EntryPoint","urlTemplate":"https:\/\/libreriaguadalupe.com.ar\/libreria\/?s={search_term_string}"},"query-input":{"@type":"PropertyValueSpecification","valueRequired":true,"valueName":"search_term_string"}}],"inLanguage":"es"},{"@type":"Organization","@id":"https:\/\/libreriaguadalupe.com.ar\/libreria\/#organization","name":"Editorial Guadalupe","alternateName":"Librer\u00eda Guadalupe","url":"https:\/\/libreriaguadalupe.com.ar\/libreria\/","logo":{"@type":"ImageObject","inLanguage":"es","@id":"https:\/\/libreriaguadalupe.com.ar\/libreria\/#\/schema\/logo\/image\/","url":"https:\/\/i0.wp.com\/libreriaguadalupe.com.ar\/libreria\/wp-content\/uploads\/2023\/01\/cropped-logo-editorial-guadalupe.webp?fit=500%2C100&ssl=1","contentUrl":"https:\/\/i0.wp.com\/libreriaguadalupe.com.ar\/libreria\/wp-content\/uploads\/2023\/01\/cropped-logo-editorial-guadalupe.webp?fit=500%2C100&ssl=1","width":500,"height":100,"caption":"Editorial Guadalupe"},"image":{"@id":"https:\/\/libreriaguadalupe.com.ar\/libreria\/#\/schema\/logo\/image\/"},"sameAs":["https:\/\/www.facebook.com\/LibreriaGuadalupeAR\/","https:\/\/www.instagram.com\/editorialguadalupe\/","https:\/\/guadalupeeditorial.mercadoshops.com.ar\/"]}]}},"jetpack_publicize_connections":[],"jetpack_sharing_enabled":true,"jetpack-related-posts":[{"id":12890,"url":"https:\/\/libreriaguadalupe.com.ar\/libreria\/producto\/escritos-joanicos-y-cartas-catolicas\/","url_meta":{"origin":12865,"position":0},"title":"Escritos joanicos y cartas catolicas","author":"admin","date":"18\/01\/2023","format":false,"excerpt":"Autor: Josep Oriol Tu\u00f1\u00ed Vancells, Xavier Alegre Santamar\u00eda ISBN: 8471519092 Dimensiones: 16 x 24 cm P\u00e1ginas: 424","rel":"","context":"Entrada similar","block_context":{"text":"Entrada similar","link":""},"img":{"alt_text":"","src":"https:\/\/i0.wp.com\/libreriaguadalupe.com.ar\/libreria\/wp-content\/uploads\/2023\/01\/Escritos-joanicos-y-cartas-catolicas.jpg?fit=380%2C586&ssl=1&resize=350%2C200","width":350,"height":200},"classes":[]},{"id":15417,"url":"https:\/\/libreriaguadalupe.com.ar\/libreria\/producto\/lectio-divina-para-la-vida-diaria-el-libro-de-los-hechos-de-los-apostoles-lectio-12-2\/","url_meta":{"origin":12865,"position":1},"title":"Lectio divina para la vida diaria: El libro de los Hechos de los Apostoles Lectio 12","author":"admin","date":"07\/02\/2023","format":false,"excerpt":"","rel":"","context":"Entrada similar","block_context":{"text":"Entrada similar","link":""},"img":{"alt_text":"","src":"","width":0,"height":0},"classes":[]},{"id":13220,"url":"https:\/\/libreriaguadalupe.com.ar\/libreria\/producto\/de-la-oscuridad-a-jerusalen-estudio-exegeticoteologico-de-tobias-13\/","url_meta":{"origin":12865,"position":2},"title":"De la oscuridad a Jerusalen","author":"admin","date":"18\/01\/2023","format":false,"excerpt":"Estudio exeg\u00e9tico-teol\u00f3gico de Tob\u00edas 13 Autor: Emilio L\u00f3pez Navas ISBN: 8490732519 Dimensiones: 16 x 24 cm P\u00e1ginas: 496","rel":"","context":"Entrada similar","block_context":{"text":"Entrada similar","link":""},"img":{"alt_text":"","src":"https:\/\/i0.wp.com\/libreriaguadalupe.com.ar\/libreria\/wp-content\/uploads\/2023\/01\/De-la-oscuridad-a-Jerusalen.jpg?fit=380%2C586&ssl=1&resize=350%2C200","width":350,"height":200},"classes":[]},{"id":15216,"url":"https:\/\/libreriaguadalupe.com.ar\/libreria\/producto\/investigacion-de-los-evang-sinop-y-hechos-de-los-apostoles-2\/","url_meta":{"origin":12865,"position":3},"title":"Investigacion de los Evang sinop y Hechos de los Apostoles","author":"admin","date":"07\/02\/2023","format":false,"excerpt":"AUTOR: Rodr\u00edguez Carmona ISBN:8481690293","rel":"","context":"Entrada similar","block_context":{"text":"Entrada similar","link":""},"img":{"alt_text":"","src":"","width":0,"height":0},"classes":[]},{"id":12841,"url":"https:\/\/libreriaguadalupe.com.ar\/libreria\/producto\/el-mensaje-de-los-hechos-de-los-apostoles-en-el-codice-beza-ii\/","url_meta":{"origin":12865,"position":4},"title":"El mensaje de los Hechos de los Apostoles en el Codice Beza (II)","author":"admin","date":"18\/01\/2023","format":false,"excerpt":"Una comparaci\u00f3n con la tradici\u00f3n alejandrina. De Antioqu\u00eda a los confines de la tierra, Roma: Hechos 13\u201328 Autor: Jenny Read-Heimerdinger,\u00a0Josep Rius Camps ISBN: 8481699555 Dimensiones: 15,5 x 24cm P\u00e1ginas: 996","rel":"","context":"Entrada similar","block_context":{"text":"Entrada similar","link":""},"img":{"alt_text":"","src":"https:\/\/i0.wp.com\/libreriaguadalupe.com.ar\/libreria\/wp-content\/uploads\/2023\/01\/El-mensaje-de-los-Hechos-de-los-Apostoles-en-el-Codice-Beza.jpg?fit=380%2C586&ssl=1&resize=350%2C200","width":350,"height":200},"classes":[]},{"id":15551,"url":"https:\/\/libreriaguadalupe.com.ar\/libreria\/producto\/1-y-2-corintios-1-y-2-tesalonicenses-2\/","url_meta":{"origin":12865,"position":5},"title":"1 Y 2 CORINTIOS 1 Y 2 TESALONICENSES","author":"admin","date":"07\/02\/2023","format":false,"excerpt":"Autor: EDUARDO C\u00f3rdova Gonz\u00e1lez ISBN: 8490732212 Dimensiones: 14 x 21 cm P\u00e1ginas: 400","rel":"","context":"Entrada similar","block_context":{"text":"Entrada similar","link":""},"img":{"alt_text":"","src":"https:\/\/i0.wp.com\/libreriaguadalupe.com.ar\/libreria\/wp-content\/uploads\/2023\/01\/0.jpg?fit=337%2C500&ssl=1&resize=350%2C200","width":350,"height":200},"classes":[]}],"_links":{"self":[{"href":"https:\/\/libreriaguadalupe.com.ar\/libreria\/wp-json\/wp\/v2\/product\/12865","targetHints":{"allow":["GET"]}}],"collection":[{"href":"https:\/\/libreriaguadalupe.com.ar\/libreria\/wp-json\/wp\/v2\/product"}],"about":[{"href":"https:\/\/libreriaguadalupe.com.ar\/libreria\/wp-json\/wp\/v2\/types\/product"}],"replies":[{"embeddable":true,"href":"https:\/\/libreriaguadalupe.com.ar\/libreria\/wp-json\/wp\/v2\/comments?post=12865"}],"version-history":[{"count":3,"href":"https:\/\/libreriaguadalupe.com.ar\/libreria\/wp-json\/wp\/v2\/product\/12865\/revisions"}],"predecessor-version":[{"id":17077,"href":"https:\/\/libreriaguadalupe.com.ar\/libreria\/wp-json\/wp\/v2\/product\/12865\/revisions\/17077"}],"wp:featuredmedia":[{"embeddable":true,"href":"https:\/\/libreriaguadalupe.com.ar\/libreria\/wp-json\/wp\/v2\/media\/17075"}],"wp:attachment":[{"href":"https:\/\/libreriaguadalupe.com.ar\/libreria\/wp-json\/wp\/v2\/media?parent=12865"}],"wp:term":[{"taxonomy":"product_brand","embeddable":true,"href":"https:\/\/libreriaguadalupe.com.ar\/libreria\/wp-json\/wp\/v2\/product_brand?post=12865"},{"taxonomy":"product_cat","embeddable":true,"href":"https:\/\/libreriaguadalupe.com.ar\/libreria\/wp-json\/wp\/v2\/product_cat?post=12865"},{"taxonomy":"product_tag","embeddable":true,"href":"https:\/\/libreriaguadalupe.com.ar\/libreria\/wp-json\/wp\/v2\/product_tag?post=12865"}],"curies":[{"name":"wp","href":"https:\/\/api.w.org\/{rel}","templated":true}]}}