{"id":12859,"date":"2023-01-18T18:46:19","date_gmt":"2023-01-18T21:46:19","guid":{"rendered":"https:\/\/libreriaguadalupe.com.ar\/libreria\/?post_type=product&#038;p=12859"},"modified":"2025-07-28T10:10:41","modified_gmt":"2025-07-28T13:10:41","slug":"un-judio-marginal-nueva-vision-del-jesus-historico-iv","status":"publish","type":"product","link":"https:\/\/libreriaguadalupe.com.ar\/libreria\/producto\/un-judio-marginal-nueva-vision-del-jesus-historico-iv\/","title":{"rendered":"Un judio marginal Nueva vision del Jesus historico IV"},"content":{"rendered":"<p>En este tomo IV, Meier aborda un nuevo asunto -las ense\u00f1anzas del Jes\u00fas hist\u00f3rico concernientes a la Ley mosaica y la moral- con el mismo rigor de que hizo gala en los tomos anteriores. Despu\u00e9s de corregir conceptos err\u00f3neos respecto a la Ley mosaica en tiempos de Jes\u00fas, este volumen se ocupa de las ense\u00f1anzas de Jes\u00fas sobre importantes materias legales como el divorcio, los juramentos, el s\u00e1bado, las leyes de pureza y los diversos mandamientos de amor contenidos en los Evangelios. Lo que resulta de la investigaci\u00f3n de Meier es el perfil de un complicado jud\u00edo palestino del siglo primero, que, lejos de intentar abolir la Ley, entr\u00f3 a fondo en debates concernientes a su observancia. Para Meier, s\u00f3lo teniendo presente esta imagen del Jes\u00fas hist\u00f3rico tan interesado en cuestiones de la Tor\u00e1 se puede evitar el com\u00fan error de construir teolog\u00eda moral cristiana so capa de estudiar \u00abJes\u00fas y la Ley\u00bb.<\/p>\n","protected":false},"excerpt":{"rendered":"<h5 class=\"my-1 font-weight-normal\">Ley y amor<\/h5>\n<p>Autor: John Paul Meier<strong><br \/>\n<\/strong>ISBN: 8499450025<br \/>\nDimensiones: 15,5 x 24 cm<br \/>\nP\u00e1ginas: 736<\/p>\n","protected":false},"featured_media":17072,"comment_status":"open","ping_status":"closed","template":"","meta":{"jetpack_publicize_message":"","jetpack_publicize_feature_enabled":true,"jetpack_social_post_already_shared":false,"jetpack_social_options":{"image_generator_settings":{"template":"highway","default_image_id":0,"font":"","enabled":false},"version":2}},"product_brand":[],"product_cat":[109],"product_tag":[127],"class_list":{"0":"post-12859","1":"product","2":"type-product","3":"status-publish","4":"has-post-thumbnail","6":"product_cat-verbo-divino","7":"product_tag-editorial-guadalupe-de-argentina","9":"first","10":"instock","11":"shipping-taxable","12":"purchasable","13":"product-type-simple"},"yoast_head":"<!-- This site is optimized with the Yoast SEO plugin v27.4 - https:\/\/yoast.com\/product\/yoast-seo-wordpress\/ -->\n<title>Un judio marginal Nueva vision del Jesus historico IV - Editorial Guadalupe de Argentina<\/title>\n<meta name=\"description\" content=\"En este tomo IV, Meier aborda un nuevo asunto -las ense\u00f1anzas del Jes\u00fas hist\u00f3rico concernientes a la Ley mosaica y la moral- con el mismo rigor de que hizo gala en los tomos anteriores.\" \/>\n<meta name=\"robots\" content=\"index, follow, max-snippet:-1, max-image-preview:large, max-video-preview:-1\" \/>\n<link rel=\"canonical\" href=\"https:\/\/libreriaguadalupe.com.ar\/libreria\/producto\/un-judio-marginal-nueva-vision-del-jesus-historico-iv\/\" \/>\n<meta property=\"og:locale\" content=\"es_ES\" \/>\n<meta property=\"og:type\" content=\"article\" \/>\n<meta property=\"og:title\" content=\"Un judio marginal Nueva vision del Jesus historico IV - Editorial Guadalupe de Argentina\" \/>\n<meta property=\"og:description\" content=\"En este tomo IV, Meier aborda un nuevo asunto -las ense\u00f1anzas del Jes\u00fas hist\u00f3rico concernientes a la Ley mosaica y la moral- con el mismo rigor de que hizo gala en los tomos anteriores.\" \/>\n<meta property=\"og:url\" content=\"https:\/\/libreriaguadalupe.com.ar\/libreria\/producto\/un-judio-marginal-nueva-vision-del-jesus-historico-iv\/\" \/>\n<meta property=\"og:site_name\" content=\"Editorial Guadalupe de Argentina\" \/>\n<meta property=\"article:publisher\" content=\"https:\/\/www.facebook.com\/LibreriaGuadalupeAR\/\" \/>\n<meta property=\"article:modified_time\" content=\"2025-07-28T13:10:41+00:00\" \/>\n<meta property=\"og:image\" content=\"https:\/\/libreriaguadalupe.com.ar\/libreria\/wp-content\/uploads\/2023\/01\/Un-judio-marginal-Nueva-vision-del-Jesus-historico-IV.jpg\" \/>\n\t<meta property=\"og:image:width\" content=\"380\" \/>\n\t<meta property=\"og:image:height\" content=\"586\" \/>\n\t<meta property=\"og:image:type\" content=\"image\/jpeg\" \/>\n<meta name=\"twitter:card\" content=\"summary_large_image\" \/>\n<meta name=\"twitter:label1\" content=\"Tiempo de lectura\" \/>\n\t<meta name=\"twitter:data1\" content=\"1 minuto\" \/>\n<script type=\"application\/ld+json\" class=\"yoast-schema-graph\">{\"@context\":\"https:\\\/\\\/schema.org\",\"@graph\":[{\"@type\":\"WebPage\",\"@id\":\"https:\\\/\\\/libreriaguadalupe.com.ar\\\/libreria\\\/producto\\\/un-judio-marginal-nueva-vision-del-jesus-historico-iv\\\/\",\"url\":\"https:\\\/\\\/libreriaguadalupe.com.ar\\\/libreria\\\/producto\\\/un-judio-marginal-nueva-vision-del-jesus-historico-iv\\\/\",\"name\":\"Un judio marginal Nueva vision del Jesus historico IV - Editorial Guadalupe de Argentina\",\"isPartOf\":{\"@id\":\"https:\\\/\\\/libreriaguadalupe.com.ar\\\/libreria\\\/#website\"},\"primaryImageOfPage\":{\"@id\":\"https:\\\/\\\/libreriaguadalupe.com.ar\\\/libreria\\\/producto\\\/un-judio-marginal-nueva-vision-del-jesus-historico-iv\\\/#primaryimage\"},\"image\":{\"@id\":\"https:\\\/\\\/libreriaguadalupe.com.ar\\\/libreria\\\/producto\\\/un-judio-marginal-nueva-vision-del-jesus-historico-iv\\\/#primaryimage\"},\"thumbnailUrl\":\"https:\\\/\\\/i0.wp.com\\\/libreriaguadalupe.com.ar\\\/libreria\\\/wp-content\\\/uploads\\\/2023\\\/01\\\/Un-judio-marginal-Nueva-vision-del-Jesus-historico-IV.jpg?fit=380%2C586&ssl=1\",\"datePublished\":\"2023-01-18T21:46:19+00:00\",\"dateModified\":\"2025-07-28T13:10:41+00:00\",\"description\":\"En este tomo IV, Meier aborda un nuevo asunto -las ense\u00f1anzas del Jes\u00fas hist\u00f3rico concernientes a la Ley mosaica y la moral- con el mismo rigor de que hizo gala en los tomos anteriores.\",\"breadcrumb\":{\"@id\":\"https:\\\/\\\/libreriaguadalupe.com.ar\\\/libreria\\\/producto\\\/un-judio-marginal-nueva-vision-del-jesus-historico-iv\\\/#breadcrumb\"},\"inLanguage\":\"es\",\"potentialAction\":[{\"@type\":\"ReadAction\",\"target\":[\"https:\\\/\\\/libreriaguadalupe.com.ar\\\/libreria\\\/producto\\\/un-judio-marginal-nueva-vision-del-jesus-historico-iv\\\/\"]}]},{\"@type\":\"ImageObject\",\"inLanguage\":\"es\",\"@id\":\"https:\\\/\\\/libreriaguadalupe.com.ar\\\/libreria\\\/producto\\\/un-judio-marginal-nueva-vision-del-jesus-historico-iv\\\/#primaryimage\",\"url\":\"https:\\\/\\\/i0.wp.com\\\/libreriaguadalupe.com.ar\\\/libreria\\\/wp-content\\\/uploads\\\/2023\\\/01\\\/Un-judio-marginal-Nueva-vision-del-Jesus-historico-IV.jpg?fit=380%2C586&ssl=1\",\"contentUrl\":\"https:\\\/\\\/i0.wp.com\\\/libreriaguadalupe.com.ar\\\/libreria\\\/wp-content\\\/uploads\\\/2023\\\/01\\\/Un-judio-marginal-Nueva-vision-del-Jesus-historico-IV.jpg?fit=380%2C586&ssl=1\",\"width\":380,\"height\":586},{\"@type\":\"BreadcrumbList\",\"@id\":\"https:\\\/\\\/libreriaguadalupe.com.ar\\\/libreria\\\/producto\\\/un-judio-marginal-nueva-vision-del-jesus-historico-iv\\\/#breadcrumb\",\"itemListElement\":[{\"@type\":\"ListItem\",\"position\":1,\"name\":\"Portada\",\"item\":\"https:\\\/\\\/libreriaguadalupe.com.ar\\\/libreria\\\/\"},{\"@type\":\"ListItem\",\"position\":2,\"name\":\"Tienda\",\"item\":\"https:\\\/\\\/libreriaguadalupe.com.ar\\\/libreria\\\/\"},{\"@type\":\"ListItem\",\"position\":3,\"name\":\"Un judio marginal Nueva vision del Jesus historico IV\"}]},{\"@type\":\"WebSite\",\"@id\":\"https:\\\/\\\/libreriaguadalupe.com.ar\\\/libreria\\\/#website\",\"url\":\"https:\\\/\\\/libreriaguadalupe.com.ar\\\/libreria\\\/\",\"name\":\"Editorial Guadalupe de Argentina\",\"description\":\"Congregaci\u00f3n del Verbo Divino\",\"publisher\":{\"@id\":\"https:\\\/\\\/libreriaguadalupe.com.ar\\\/libreria\\\/#organization\"},\"alternateName\":\"Librer\u00eda Guadalupe\",\"potentialAction\":[{\"@type\":\"SearchAction\",\"target\":{\"@type\":\"EntryPoint\",\"urlTemplate\":\"https:\\\/\\\/libreriaguadalupe.com.ar\\\/libreria\\\/?s={search_term_string}\"},\"query-input\":{\"@type\":\"PropertyValueSpecification\",\"valueRequired\":true,\"valueName\":\"search_term_string\"}}],\"inLanguage\":\"es\"},{\"@type\":\"Organization\",\"@id\":\"https:\\\/\\\/libreriaguadalupe.com.ar\\\/libreria\\\/#organization\",\"name\":\"Editorial Guadalupe\",\"alternateName\":\"Librer\u00eda Guadalupe\",\"url\":\"https:\\\/\\\/libreriaguadalupe.com.ar\\\/libreria\\\/\",\"logo\":{\"@type\":\"ImageObject\",\"inLanguage\":\"es\",\"@id\":\"https:\\\/\\\/libreriaguadalupe.com.ar\\\/libreria\\\/#\\\/schema\\\/logo\\\/image\\\/\",\"url\":\"https:\\\/\\\/i0.wp.com\\\/libreriaguadalupe.com.ar\\\/libreria\\\/wp-content\\\/uploads\\\/2023\\\/01\\\/cropped-logo-editorial-guadalupe.webp?fit=500%2C100&ssl=1\",\"contentUrl\":\"https:\\\/\\\/i0.wp.com\\\/libreriaguadalupe.com.ar\\\/libreria\\\/wp-content\\\/uploads\\\/2023\\\/01\\\/cropped-logo-editorial-guadalupe.webp?fit=500%2C100&ssl=1\",\"width\":500,\"height\":100,\"caption\":\"Editorial Guadalupe\"},\"image\":{\"@id\":\"https:\\\/\\\/libreriaguadalupe.com.ar\\\/libreria\\\/#\\\/schema\\\/logo\\\/image\\\/\"},\"sameAs\":[\"https:\\\/\\\/www.facebook.com\\\/LibreriaGuadalupeAR\\\/\",\"https:\\\/\\\/www.instagram.com\\\/editorialguadalupe\\\/\",\"https:\\\/\\\/guadalupeeditorial.mercadoshops.com.ar\\\/\"]}]}<\/script>\n<!-- \/ Yoast SEO plugin. -->","yoast_head_json":{"title":"Un judio marginal Nueva vision del Jesus historico IV - Editorial Guadalupe de Argentina","description":"En este tomo IV, Meier aborda un nuevo asunto -las ense\u00f1anzas del Jes\u00fas hist\u00f3rico concernientes a la Ley mosaica y la moral- con el mismo rigor de que hizo gala en los tomos anteriores.","robots":{"index":"index","follow":"follow","max-snippet":"max-snippet:-1","max-image-preview":"max-image-preview:large","max-video-preview":"max-video-preview:-1"},"canonical":"https:\/\/libreriaguadalupe.com.ar\/libreria\/producto\/un-judio-marginal-nueva-vision-del-jesus-historico-iv\/","og_locale":"es_ES","og_type":"article","og_title":"Un judio marginal Nueva vision del Jesus historico IV - Editorial Guadalupe de Argentina","og_description":"En este tomo IV, Meier aborda un nuevo asunto -las ense\u00f1anzas del Jes\u00fas hist\u00f3rico concernientes a la Ley mosaica y la moral- con el mismo rigor de que hizo gala en los tomos anteriores.","og_url":"https:\/\/libreriaguadalupe.com.ar\/libreria\/producto\/un-judio-marginal-nueva-vision-del-jesus-historico-iv\/","og_site_name":"Editorial Guadalupe de Argentina","article_publisher":"https:\/\/www.facebook.com\/LibreriaGuadalupeAR\/","article_modified_time":"2025-07-28T13:10:41+00:00","og_image":[{"width":380,"height":586,"url":"https:\/\/libreriaguadalupe.com.ar\/libreria\/wp-content\/uploads\/2023\/01\/Un-judio-marginal-Nueva-vision-del-Jesus-historico-IV.jpg","type":"image\/jpeg"}],"twitter_card":"summary_large_image","twitter_misc":{"Tiempo de lectura":"1 minuto"},"schema":{"@context":"https:\/\/schema.org","@graph":[{"@type":"WebPage","@id":"https:\/\/libreriaguadalupe.com.ar\/libreria\/producto\/un-judio-marginal-nueva-vision-del-jesus-historico-iv\/","url":"https:\/\/libreriaguadalupe.com.ar\/libreria\/producto\/un-judio-marginal-nueva-vision-del-jesus-historico-iv\/","name":"Un judio marginal Nueva vision del Jesus historico IV - Editorial Guadalupe de Argentina","isPartOf":{"@id":"https:\/\/libreriaguadalupe.com.ar\/libreria\/#website"},"primaryImageOfPage":{"@id":"https:\/\/libreriaguadalupe.com.ar\/libreria\/producto\/un-judio-marginal-nueva-vision-del-jesus-historico-iv\/#primaryimage"},"image":{"@id":"https:\/\/libreriaguadalupe.com.ar\/libreria\/producto\/un-judio-marginal-nueva-vision-del-jesus-historico-iv\/#primaryimage"},"thumbnailUrl":"https:\/\/i0.wp.com\/libreriaguadalupe.com.ar\/libreria\/wp-content\/uploads\/2023\/01\/Un-judio-marginal-Nueva-vision-del-Jesus-historico-IV.jpg?fit=380%2C586&ssl=1","datePublished":"2023-01-18T21:46:19+00:00","dateModified":"2025-07-28T13:10:41+00:00","description":"En este tomo IV, Meier aborda un nuevo asunto -las ense\u00f1anzas del Jes\u00fas hist\u00f3rico concernientes a la Ley mosaica y la moral- con el mismo rigor de que hizo gala en los tomos anteriores.","breadcrumb":{"@id":"https:\/\/libreriaguadalupe.com.ar\/libreria\/producto\/un-judio-marginal-nueva-vision-del-jesus-historico-iv\/#breadcrumb"},"inLanguage":"es","potentialAction":[{"@type":"ReadAction","target":["https:\/\/libreriaguadalupe.com.ar\/libreria\/producto\/un-judio-marginal-nueva-vision-del-jesus-historico-iv\/"]}]},{"@type":"ImageObject","inLanguage":"es","@id":"https:\/\/libreriaguadalupe.com.ar\/libreria\/producto\/un-judio-marginal-nueva-vision-del-jesus-historico-iv\/#primaryimage","url":"https:\/\/i0.wp.com\/libreriaguadalupe.com.ar\/libreria\/wp-content\/uploads\/2023\/01\/Un-judio-marginal-Nueva-vision-del-Jesus-historico-IV.jpg?fit=380%2C586&ssl=1","contentUrl":"https:\/\/i0.wp.com\/libreriaguadalupe.com.ar\/libreria\/wp-content\/uploads\/2023\/01\/Un-judio-marginal-Nueva-vision-del-Jesus-historico-IV.jpg?fit=380%2C586&ssl=1","width":380,"height":586},{"@type":"BreadcrumbList","@id":"https:\/\/libreriaguadalupe.com.ar\/libreria\/producto\/un-judio-marginal-nueva-vision-del-jesus-historico-iv\/#breadcrumb","itemListElement":[{"@type":"ListItem","position":1,"name":"Portada","item":"https:\/\/libreriaguadalupe.com.ar\/libreria\/"},{"@type":"ListItem","position":2,"name":"Tienda","item":"https:\/\/libreriaguadalupe.com.ar\/libreria\/"},{"@type":"ListItem","position":3,"name":"Un judio marginal Nueva vision del Jesus historico IV"}]},{"@type":"WebSite","@id":"https:\/\/libreriaguadalupe.com.ar\/libreria\/#website","url":"https:\/\/libreriaguadalupe.com.ar\/libreria\/","name":"Editorial Guadalupe de Argentina","description":"Congregaci\u00f3n del Verbo Divino","publisher":{"@id":"https:\/\/libreriaguadalupe.com.ar\/libreria\/#organization"},"alternateName":"Librer\u00eda Guadalupe","potentialAction":[{"@type":"SearchAction","target":{"@type":"EntryPoint","urlTemplate":"https:\/\/libreriaguadalupe.com.ar\/libreria\/?s={search_term_string}"},"query-input":{"@type":"PropertyValueSpecification","valueRequired":true,"valueName":"search_term_string"}}],"inLanguage":"es"},{"@type":"Organization","@id":"https:\/\/libreriaguadalupe.com.ar\/libreria\/#organization","name":"Editorial Guadalupe","alternateName":"Librer\u00eda Guadalupe","url":"https:\/\/libreriaguadalupe.com.ar\/libreria\/","logo":{"@type":"ImageObject","inLanguage":"es","@id":"https:\/\/libreriaguadalupe.com.ar\/libreria\/#\/schema\/logo\/image\/","url":"https:\/\/i0.wp.com\/libreriaguadalupe.com.ar\/libreria\/wp-content\/uploads\/2023\/01\/cropped-logo-editorial-guadalupe.webp?fit=500%2C100&ssl=1","contentUrl":"https:\/\/i0.wp.com\/libreriaguadalupe.com.ar\/libreria\/wp-content\/uploads\/2023\/01\/cropped-logo-editorial-guadalupe.webp?fit=500%2C100&ssl=1","width":500,"height":100,"caption":"Editorial Guadalupe"},"image":{"@id":"https:\/\/libreriaguadalupe.com.ar\/libreria\/#\/schema\/logo\/image\/"},"sameAs":["https:\/\/www.facebook.com\/LibreriaGuadalupeAR\/","https:\/\/www.instagram.com\/editorialguadalupe\/","https:\/\/guadalupeeditorial.mercadoshops.com.ar\/"]}]}},"jetpack_publicize_connections":[],"jetpack_sharing_enabled":true,"jetpack-related-posts":[{"id":17182,"url":"https:\/\/libreriaguadalupe.com.ar\/libreria\/producto\/un-judio-marginal-nueva-vision-del-jesus-historico-v\/","url_meta":{"origin":12859,"position":0},"title":"Un judio marginal Nueva vision del Jesus historico V","author":"admin","date":"04\/04\/2023","format":false,"excerpt":"La autenticidad de las par\u00e1bolas a examen Autor: John Paul Meier ISBN: 8490733097 Dimensiones: 15,5 x 24 cm P\u00e1ginas: 464","rel":"","context":"Entrada similar","block_context":{"text":"Entrada similar","link":""},"img":{"alt_text":"","src":"https:\/\/i0.wp.com\/libreriaguadalupe.com.ar\/libreria\/wp-content\/uploads\/2023\/04\/Un-judio-marginal-Nueva-vision-del-Jesus-historico-V.jpg?fit=380%2C586&ssl=1&resize=350%2C200","width":350,"height":200},"classes":[]},{"id":12855,"url":"https:\/\/libreriaguadalupe.com.ar\/libreria\/producto\/un-judio-marginal-nueva-vision-del-jesus-historico-i\/","url_meta":{"origin":12859,"position":1},"title":"Un judio marginal Nueva vision del Jesus historico I","author":"admin","date":"18\/01\/2023","format":false,"excerpt":"Las ra\u00edces del problema y de la persona Autor: John Paul Meier ISBN: 8481692034 Dimensiones: 15,5 x 24 cm P\u00e1ginas: 472","rel":"","context":"Entrada similar","block_context":{"text":"Entrada similar","link":""},"img":{"alt_text":"","src":"https:\/\/i0.wp.com\/libreriaguadalupe.com.ar\/libreria\/wp-content\/uploads\/2023\/01\/Un-judio-marginal-Nueva-vision-del-Jesus-historico-I.jpg?fit=380%2C586&ssl=1&resize=350%2C200","width":350,"height":200},"classes":[]},{"id":12962,"url":"https:\/\/libreriaguadalupe.com.ar\/libreria\/producto\/de-la-comunidad-nace-la-nueva-vida\/","url_meta":{"origin":12859,"position":2},"title":"\u00a1De la comunidad nace la nueva vida!","author":"admin","date":"18\/01\/2023","format":false,"excerpt":"Encuentros b\u00edblicos sobre el evangelio de Juan Autor: CENTRO BIBLICO ISBN: 8481694833 Dimensiones: 14 x 21 cm P\u00e1ginas: 120","rel":"","context":"Entrada similar","block_context":{"text":"Entrada similar","link":""},"img":{"alt_text":"","src":"https:\/\/i0.wp.com\/libreriaguadalupe.com.ar\/libreria\/wp-content\/uploads\/2023\/01\/%C2%A1De-la-comunidad-nace-la-nueva-vida.jpg?fit=380%2C586&ssl=1&resize=350%2C200","width":350,"height":200},"classes":[]},{"id":15509,"url":"https:\/\/libreriaguadalupe.com.ar\/libreria\/producto\/evangelio-de-marcos-pikaza-2\/","url_meta":{"origin":12859,"position":3},"title":"Evangelio de Marcos","author":"admin","date":"07\/02\/2023","format":false,"excerpt":"La Buena Noticia de Jes\u00fas AUTOR: EVD ISBN: 8499452258","rel":"","context":"Entrada similar","block_context":{"text":"Entrada similar","link":""},"img":{"alt_text":"","src":"https:\/\/i0.wp.com\/libreriaguadalupe.com.ar\/libreria\/wp-content\/uploads\/2023\/02\/Evangelio-de-Marcos.jpg?fit=380%2C586&ssl=1&resize=350%2C200","width":350,"height":200},"classes":[]},{"id":16069,"url":"https:\/\/libreriaguadalupe.com.ar\/libreria\/producto\/los-relatos-del-nacimiento-de-jesus\/","url_meta":{"origin":12859,"position":4},"title":"Los relatos del nacimiento de Jes\u00fas","author":"admin","date":"12\/02\/2023","format":false,"excerpt":"Los or\u00edgenes del Mes\u00edas de Israel\u00a0 AUTOR: TARANZANO ADRIAN ISBN: 9505008155","rel":"","context":"Entrada similar","block_context":{"text":"Entrada similar","link":""},"img":{"alt_text":"","src":"https:\/\/i0.wp.com\/libreriaguadalupe.com.ar\/libreria\/wp-content\/uploads\/2023\/02\/Los-relatos-del-nacimiento-de-Jesus.jpg?fit=348%2C500&ssl=1&resize=350%2C200","width":350,"height":200},"classes":[]},{"id":16072,"url":"https:\/\/libreriaguadalupe.com.ar\/libreria\/producto\/los-relatos-del-nacimiento-de-jesus-e-book\/","url_meta":{"origin":12859,"position":5},"title":"Los relatos del nacimiento de Jes\u00fas (E-BOOK)","author":"admin","date":"12\/02\/2023","format":false,"excerpt":"EDICION DIGITAL AUTOR: TARANZANO ADRIAN ISBN: 9505008155","rel":"","context":"Entrada similar","block_context":{"text":"Entrada similar","link":""},"img":{"alt_text":"","src":"https:\/\/i0.wp.com\/libreriaguadalupe.com.ar\/libreria\/wp-content\/uploads\/2023\/02\/Los-relatos-del-nacimiento-de-Jesus.jpg?fit=348%2C500&ssl=1&resize=350%2C200","width":350,"height":200},"classes":[]}],"_links":{"self":[{"href":"https:\/\/libreriaguadalupe.com.ar\/libreria\/wp-json\/wp\/v2\/product\/12859","targetHints":{"allow":["GET"]}}],"collection":[{"href":"https:\/\/libreriaguadalupe.com.ar\/libreria\/wp-json\/wp\/v2\/product"}],"about":[{"href":"https:\/\/libreriaguadalupe.com.ar\/libreria\/wp-json\/wp\/v2\/types\/product"}],"replies":[{"embeddable":true,"href":"https:\/\/libreriaguadalupe.com.ar\/libreria\/wp-json\/wp\/v2\/comments?post=12859"}],"version-history":[{"count":3,"href":"https:\/\/libreriaguadalupe.com.ar\/libreria\/wp-json\/wp\/v2\/product\/12859\/revisions"}],"predecessor-version":[{"id":17074,"href":"https:\/\/libreriaguadalupe.com.ar\/libreria\/wp-json\/wp\/v2\/product\/12859\/revisions\/17074"}],"wp:featuredmedia":[{"embeddable":true,"href":"https:\/\/libreriaguadalupe.com.ar\/libreria\/wp-json\/wp\/v2\/media\/17072"}],"wp:attachment":[{"href":"https:\/\/libreriaguadalupe.com.ar\/libreria\/wp-json\/wp\/v2\/media?parent=12859"}],"wp:term":[{"taxonomy":"product_brand","embeddable":true,"href":"https:\/\/libreriaguadalupe.com.ar\/libreria\/wp-json\/wp\/v2\/product_brand?post=12859"},{"taxonomy":"product_cat","embeddable":true,"href":"https:\/\/libreriaguadalupe.com.ar\/libreria\/wp-json\/wp\/v2\/product_cat?post=12859"},{"taxonomy":"product_tag","embeddable":true,"href":"https:\/\/libreriaguadalupe.com.ar\/libreria\/wp-json\/wp\/v2\/product_tag?post=12859"}],"curies":[{"name":"wp","href":"https:\/\/api.w.org\/{rel}","templated":true}]}}