{"id":12841,"date":"2023-01-18T18:46:16","date_gmt":"2023-01-18T21:46:16","guid":{"rendered":"https:\/\/libreriaguadalupe.com.ar\/libreria\/?post_type=product&#038;p=12841"},"modified":"2024-07-01T11:27:32","modified_gmt":"2024-07-01T14:27:32","slug":"el-mensaje-de-los-hechos-de-los-apostoles-en-el-codice-beza-ii","status":"publish","type":"product","link":"https:\/\/libreriaguadalupe.com.ar\/libreria\/producto\/el-mensaje-de-los-hechos-de-los-apostoles-en-el-codice-beza-ii\/","title":{"rendered":"El mensaje de los Hechos de los Apostoles en el Codice Beza (II)"},"content":{"rendered":"<p>Este libro constituye una comparaci\u00f3n del mensaje de Hechos transmitido por el C\u00f3dice Beza con el m\u00e1s familiar del texto Alejandrino, representado por el C\u00f3dice Vaticano. Para cada secci\u00f3n de Hechos, se ofrece a doble columna una traducci\u00f3n de los c\u00f3dices Beza y Vaticano, seguida de un aparato cr\u00edtico donde se analizan todas las variantes aplicando las reglas del An\u00e1lisis del Discurso y, finalmente, de un comentario que explora las diferencias que se aprecian en el mensaje de ambos textos. Josep Rius-Camps y Jenny Read-Heimerdinger han llegado a la conclusi\u00f3n de que el texto del C\u00f3dice Beza, con su inter\u00e9s por los asuntos internos del juda\u00edsmo reflejados tanto en la tradici\u00f3n oral como escrita y su focalizaci\u00f3n en los esfuerzos de los primeros disc\u00edpulos para liberarse a s\u00ed mismos de sus tradicionales expectativas jud\u00edas y de lograr, a pesar de sus malentendidos, una comprensi\u00f3n m\u00e1s exacta de la ense\u00f1anza de su maestro, es el m\u00e1s primitivo de los dos textos.El presente volumen re\u00fane los vol\u00famenes III y IV del original ingl\u00e9s.<\/p>\n","protected":false},"excerpt":{"rendered":"<h5 class=\"my-1 font-weight-normal\">Una comparaci\u00f3n con la tradici\u00f3n alejandrina. De Antioqu\u00eda a los confines de la tierra, Roma: Hechos 13\u201328<\/h5>\n<p>Autor: Jenny Read-Heimerdinger,\u00a0Josep Rius Camps<strong><br \/>\n<\/strong>ISBN: 8481699555<br \/>\nDimensiones: 15,5 x 24cm<br \/>\nP\u00e1ginas: 996<\/p>\n","protected":false},"featured_media":17067,"comment_status":"open","ping_status":"closed","template":"","meta":{"jetpack_publicize_message":"","jetpack_publicize_feature_enabled":true,"jetpack_social_post_already_shared":false,"jetpack_social_options":{"image_generator_settings":{"template":"highway","default_image_id":0,"font":"","enabled":false},"version":2}},"product_brand":[],"product_cat":[109],"product_tag":[127],"class_list":{"0":"post-12841","1":"product","2":"type-product","3":"status-publish","4":"has-post-thumbnail","6":"product_cat-verbo-divino","7":"product_tag-editorial-guadalupe-de-argentina","9":"first","10":"outofstock","11":"shipping-taxable","12":"purchasable","13":"product-type-simple"},"yoast_head":"<!-- This site is optimized with the Yoast SEO plugin v27.4 - https:\/\/yoast.com\/product\/yoast-seo-wordpress\/ -->\n<title>El mensaje de los Hechos de los Apostoles en el Codice Beza (II) - Editorial Guadalupe de Argentina<\/title>\n<meta name=\"description\" content=\"Este libro constituye una comparaci\u00f3n del mensaje de Hechos transmitido por el C\u00f3dice Beza con el m\u00e1s familiar del texto Alejandrino, representado por el C\u00f3dice Vaticano.\" \/>\n<meta name=\"robots\" content=\"index, follow, max-snippet:-1, max-image-preview:large, max-video-preview:-1\" \/>\n<link rel=\"canonical\" href=\"https:\/\/libreriaguadalupe.com.ar\/libreria\/producto\/el-mensaje-de-los-hechos-de-los-apostoles-en-el-codice-beza-ii\/\" \/>\n<meta property=\"og:locale\" content=\"es_ES\" \/>\n<meta property=\"og:type\" content=\"article\" \/>\n<meta property=\"og:title\" content=\"El mensaje de los Hechos de los Apostoles en el Codice Beza (II) - Editorial Guadalupe de Argentina\" \/>\n<meta property=\"og:description\" content=\"Este libro constituye una comparaci\u00f3n del mensaje de Hechos transmitido por el C\u00f3dice Beza con el m\u00e1s familiar del texto Alejandrino, representado por el C\u00f3dice Vaticano.\" \/>\n<meta property=\"og:url\" content=\"https:\/\/libreriaguadalupe.com.ar\/libreria\/producto\/el-mensaje-de-los-hechos-de-los-apostoles-en-el-codice-beza-ii\/\" \/>\n<meta property=\"og:site_name\" content=\"Editorial Guadalupe de Argentina\" \/>\n<meta property=\"article:publisher\" content=\"https:\/\/www.facebook.com\/LibreriaGuadalupeAR\/\" \/>\n<meta property=\"article:modified_time\" content=\"2024-07-01T14:27:32+00:00\" \/>\n<meta property=\"og:image\" content=\"https:\/\/libreriaguadalupe.com.ar\/libreria\/wp-content\/uploads\/2023\/01\/El-mensaje-de-los-Hechos-de-los-Apostoles-en-el-Codice-Beza.jpg\" \/>\n\t<meta property=\"og:image:width\" content=\"380\" \/>\n\t<meta property=\"og:image:height\" content=\"586\" \/>\n\t<meta property=\"og:image:type\" content=\"image\/jpeg\" \/>\n<meta name=\"twitter:card\" content=\"summary_large_image\" \/>\n<meta name=\"twitter:label1\" content=\"Tiempo de lectura\" \/>\n\t<meta name=\"twitter:data1\" content=\"1 minuto\" \/>\n<script type=\"application\/ld+json\" class=\"yoast-schema-graph\">{\"@context\":\"https:\\\/\\\/schema.org\",\"@graph\":[{\"@type\":\"WebPage\",\"@id\":\"https:\\\/\\\/libreriaguadalupe.com.ar\\\/libreria\\\/producto\\\/el-mensaje-de-los-hechos-de-los-apostoles-en-el-codice-beza-ii\\\/\",\"url\":\"https:\\\/\\\/libreriaguadalupe.com.ar\\\/libreria\\\/producto\\\/el-mensaje-de-los-hechos-de-los-apostoles-en-el-codice-beza-ii\\\/\",\"name\":\"El mensaje de los Hechos de los Apostoles en el Codice Beza (II) - Editorial Guadalupe de Argentina\",\"isPartOf\":{\"@id\":\"https:\\\/\\\/libreriaguadalupe.com.ar\\\/libreria\\\/#website\"},\"primaryImageOfPage\":{\"@id\":\"https:\\\/\\\/libreriaguadalupe.com.ar\\\/libreria\\\/producto\\\/el-mensaje-de-los-hechos-de-los-apostoles-en-el-codice-beza-ii\\\/#primaryimage\"},\"image\":{\"@id\":\"https:\\\/\\\/libreriaguadalupe.com.ar\\\/libreria\\\/producto\\\/el-mensaje-de-los-hechos-de-los-apostoles-en-el-codice-beza-ii\\\/#primaryimage\"},\"thumbnailUrl\":\"https:\\\/\\\/i0.wp.com\\\/libreriaguadalupe.com.ar\\\/libreria\\\/wp-content\\\/uploads\\\/2023\\\/01\\\/El-mensaje-de-los-Hechos-de-los-Apostoles-en-el-Codice-Beza.jpg?fit=380%2C586&ssl=1\",\"datePublished\":\"2023-01-18T21:46:16+00:00\",\"dateModified\":\"2024-07-01T14:27:32+00:00\",\"description\":\"Este libro constituye una comparaci\u00f3n del mensaje de Hechos transmitido por el C\u00f3dice Beza con el m\u00e1s familiar del texto Alejandrino, representado por el C\u00f3dice Vaticano.\",\"breadcrumb\":{\"@id\":\"https:\\\/\\\/libreriaguadalupe.com.ar\\\/libreria\\\/producto\\\/el-mensaje-de-los-hechos-de-los-apostoles-en-el-codice-beza-ii\\\/#breadcrumb\"},\"inLanguage\":\"es\",\"potentialAction\":[{\"@type\":\"ReadAction\",\"target\":[\"https:\\\/\\\/libreriaguadalupe.com.ar\\\/libreria\\\/producto\\\/el-mensaje-de-los-hechos-de-los-apostoles-en-el-codice-beza-ii\\\/\"]}]},{\"@type\":\"ImageObject\",\"inLanguage\":\"es\",\"@id\":\"https:\\\/\\\/libreriaguadalupe.com.ar\\\/libreria\\\/producto\\\/el-mensaje-de-los-hechos-de-los-apostoles-en-el-codice-beza-ii\\\/#primaryimage\",\"url\":\"https:\\\/\\\/i0.wp.com\\\/libreriaguadalupe.com.ar\\\/libreria\\\/wp-content\\\/uploads\\\/2023\\\/01\\\/El-mensaje-de-los-Hechos-de-los-Apostoles-en-el-Codice-Beza.jpg?fit=380%2C586&ssl=1\",\"contentUrl\":\"https:\\\/\\\/i0.wp.com\\\/libreriaguadalupe.com.ar\\\/libreria\\\/wp-content\\\/uploads\\\/2023\\\/01\\\/El-mensaje-de-los-Hechos-de-los-Apostoles-en-el-Codice-Beza.jpg?fit=380%2C586&ssl=1\",\"width\":380,\"height\":586},{\"@type\":\"BreadcrumbList\",\"@id\":\"https:\\\/\\\/libreriaguadalupe.com.ar\\\/libreria\\\/producto\\\/el-mensaje-de-los-hechos-de-los-apostoles-en-el-codice-beza-ii\\\/#breadcrumb\",\"itemListElement\":[{\"@type\":\"ListItem\",\"position\":1,\"name\":\"Portada\",\"item\":\"https:\\\/\\\/libreriaguadalupe.com.ar\\\/libreria\\\/\"},{\"@type\":\"ListItem\",\"position\":2,\"name\":\"Tienda\",\"item\":\"https:\\\/\\\/libreriaguadalupe.com.ar\\\/libreria\\\/\"},{\"@type\":\"ListItem\",\"position\":3,\"name\":\"El mensaje de los Hechos de los Apostoles en el Codice Beza (II)\"}]},{\"@type\":\"WebSite\",\"@id\":\"https:\\\/\\\/libreriaguadalupe.com.ar\\\/libreria\\\/#website\",\"url\":\"https:\\\/\\\/libreriaguadalupe.com.ar\\\/libreria\\\/\",\"name\":\"Editorial Guadalupe de Argentina\",\"description\":\"Congregaci\u00f3n del Verbo Divino\",\"publisher\":{\"@id\":\"https:\\\/\\\/libreriaguadalupe.com.ar\\\/libreria\\\/#organization\"},\"alternateName\":\"Librer\u00eda Guadalupe\",\"potentialAction\":[{\"@type\":\"SearchAction\",\"target\":{\"@type\":\"EntryPoint\",\"urlTemplate\":\"https:\\\/\\\/libreriaguadalupe.com.ar\\\/libreria\\\/?s={search_term_string}\"},\"query-input\":{\"@type\":\"PropertyValueSpecification\",\"valueRequired\":true,\"valueName\":\"search_term_string\"}}],\"inLanguage\":\"es\"},{\"@type\":\"Organization\",\"@id\":\"https:\\\/\\\/libreriaguadalupe.com.ar\\\/libreria\\\/#organization\",\"name\":\"Editorial Guadalupe\",\"alternateName\":\"Librer\u00eda Guadalupe\",\"url\":\"https:\\\/\\\/libreriaguadalupe.com.ar\\\/libreria\\\/\",\"logo\":{\"@type\":\"ImageObject\",\"inLanguage\":\"es\",\"@id\":\"https:\\\/\\\/libreriaguadalupe.com.ar\\\/libreria\\\/#\\\/schema\\\/logo\\\/image\\\/\",\"url\":\"https:\\\/\\\/i0.wp.com\\\/libreriaguadalupe.com.ar\\\/libreria\\\/wp-content\\\/uploads\\\/2023\\\/01\\\/cropped-logo-editorial-guadalupe.webp?fit=500%2C100&ssl=1\",\"contentUrl\":\"https:\\\/\\\/i0.wp.com\\\/libreriaguadalupe.com.ar\\\/libreria\\\/wp-content\\\/uploads\\\/2023\\\/01\\\/cropped-logo-editorial-guadalupe.webp?fit=500%2C100&ssl=1\",\"width\":500,\"height\":100,\"caption\":\"Editorial Guadalupe\"},\"image\":{\"@id\":\"https:\\\/\\\/libreriaguadalupe.com.ar\\\/libreria\\\/#\\\/schema\\\/logo\\\/image\\\/\"},\"sameAs\":[\"https:\\\/\\\/www.facebook.com\\\/LibreriaGuadalupeAR\\\/\",\"https:\\\/\\\/www.instagram.com\\\/editorialguadalupe\\\/\",\"https:\\\/\\\/guadalupeeditorial.mercadoshops.com.ar\\\/\"]}]}<\/script>\n<!-- \/ Yoast SEO plugin. -->","yoast_head_json":{"title":"El mensaje de los Hechos de los Apostoles en el Codice Beza (II) - Editorial Guadalupe de Argentina","description":"Este libro constituye una comparaci\u00f3n del mensaje de Hechos transmitido por el C\u00f3dice Beza con el m\u00e1s familiar del texto Alejandrino, representado por el C\u00f3dice Vaticano.","robots":{"index":"index","follow":"follow","max-snippet":"max-snippet:-1","max-image-preview":"max-image-preview:large","max-video-preview":"max-video-preview:-1"},"canonical":"https:\/\/libreriaguadalupe.com.ar\/libreria\/producto\/el-mensaje-de-los-hechos-de-los-apostoles-en-el-codice-beza-ii\/","og_locale":"es_ES","og_type":"article","og_title":"El mensaje de los Hechos de los Apostoles en el Codice Beza (II) - Editorial Guadalupe de Argentina","og_description":"Este libro constituye una comparaci\u00f3n del mensaje de Hechos transmitido por el C\u00f3dice Beza con el m\u00e1s familiar del texto Alejandrino, representado por el C\u00f3dice Vaticano.","og_url":"https:\/\/libreriaguadalupe.com.ar\/libreria\/producto\/el-mensaje-de-los-hechos-de-los-apostoles-en-el-codice-beza-ii\/","og_site_name":"Editorial Guadalupe de Argentina","article_publisher":"https:\/\/www.facebook.com\/LibreriaGuadalupeAR\/","article_modified_time":"2024-07-01T14:27:32+00:00","og_image":[{"width":380,"height":586,"url":"https:\/\/libreriaguadalupe.com.ar\/libreria\/wp-content\/uploads\/2023\/01\/El-mensaje-de-los-Hechos-de-los-Apostoles-en-el-Codice-Beza.jpg","type":"image\/jpeg"}],"twitter_card":"summary_large_image","twitter_misc":{"Tiempo de lectura":"1 minuto"},"schema":{"@context":"https:\/\/schema.org","@graph":[{"@type":"WebPage","@id":"https:\/\/libreriaguadalupe.com.ar\/libreria\/producto\/el-mensaje-de-los-hechos-de-los-apostoles-en-el-codice-beza-ii\/","url":"https:\/\/libreriaguadalupe.com.ar\/libreria\/producto\/el-mensaje-de-los-hechos-de-los-apostoles-en-el-codice-beza-ii\/","name":"El mensaje de los Hechos de los Apostoles en el Codice Beza (II) - Editorial Guadalupe de Argentina","isPartOf":{"@id":"https:\/\/libreriaguadalupe.com.ar\/libreria\/#website"},"primaryImageOfPage":{"@id":"https:\/\/libreriaguadalupe.com.ar\/libreria\/producto\/el-mensaje-de-los-hechos-de-los-apostoles-en-el-codice-beza-ii\/#primaryimage"},"image":{"@id":"https:\/\/libreriaguadalupe.com.ar\/libreria\/producto\/el-mensaje-de-los-hechos-de-los-apostoles-en-el-codice-beza-ii\/#primaryimage"},"thumbnailUrl":"https:\/\/i0.wp.com\/libreriaguadalupe.com.ar\/libreria\/wp-content\/uploads\/2023\/01\/El-mensaje-de-los-Hechos-de-los-Apostoles-en-el-Codice-Beza.jpg?fit=380%2C586&ssl=1","datePublished":"2023-01-18T21:46:16+00:00","dateModified":"2024-07-01T14:27:32+00:00","description":"Este libro constituye una comparaci\u00f3n del mensaje de Hechos transmitido por el C\u00f3dice Beza con el m\u00e1s familiar del texto Alejandrino, representado por el C\u00f3dice Vaticano.","breadcrumb":{"@id":"https:\/\/libreriaguadalupe.com.ar\/libreria\/producto\/el-mensaje-de-los-hechos-de-los-apostoles-en-el-codice-beza-ii\/#breadcrumb"},"inLanguage":"es","potentialAction":[{"@type":"ReadAction","target":["https:\/\/libreriaguadalupe.com.ar\/libreria\/producto\/el-mensaje-de-los-hechos-de-los-apostoles-en-el-codice-beza-ii\/"]}]},{"@type":"ImageObject","inLanguage":"es","@id":"https:\/\/libreriaguadalupe.com.ar\/libreria\/producto\/el-mensaje-de-los-hechos-de-los-apostoles-en-el-codice-beza-ii\/#primaryimage","url":"https:\/\/i0.wp.com\/libreriaguadalupe.com.ar\/libreria\/wp-content\/uploads\/2023\/01\/El-mensaje-de-los-Hechos-de-los-Apostoles-en-el-Codice-Beza.jpg?fit=380%2C586&ssl=1","contentUrl":"https:\/\/i0.wp.com\/libreriaguadalupe.com.ar\/libreria\/wp-content\/uploads\/2023\/01\/El-mensaje-de-los-Hechos-de-los-Apostoles-en-el-Codice-Beza.jpg?fit=380%2C586&ssl=1","width":380,"height":586},{"@type":"BreadcrumbList","@id":"https:\/\/libreriaguadalupe.com.ar\/libreria\/producto\/el-mensaje-de-los-hechos-de-los-apostoles-en-el-codice-beza-ii\/#breadcrumb","itemListElement":[{"@type":"ListItem","position":1,"name":"Portada","item":"https:\/\/libreriaguadalupe.com.ar\/libreria\/"},{"@type":"ListItem","position":2,"name":"Tienda","item":"https:\/\/libreriaguadalupe.com.ar\/libreria\/"},{"@type":"ListItem","position":3,"name":"El mensaje de los Hechos de los Apostoles en el Codice Beza (II)"}]},{"@type":"WebSite","@id":"https:\/\/libreriaguadalupe.com.ar\/libreria\/#website","url":"https:\/\/libreriaguadalupe.com.ar\/libreria\/","name":"Editorial Guadalupe de Argentina","description":"Congregaci\u00f3n del Verbo Divino","publisher":{"@id":"https:\/\/libreriaguadalupe.com.ar\/libreria\/#organization"},"alternateName":"Librer\u00eda Guadalupe","potentialAction":[{"@type":"SearchAction","target":{"@type":"EntryPoint","urlTemplate":"https:\/\/libreriaguadalupe.com.ar\/libreria\/?s={search_term_string}"},"query-input":{"@type":"PropertyValueSpecification","valueRequired":true,"valueName":"search_term_string"}}],"inLanguage":"es"},{"@type":"Organization","@id":"https:\/\/libreriaguadalupe.com.ar\/libreria\/#organization","name":"Editorial Guadalupe","alternateName":"Librer\u00eda Guadalupe","url":"https:\/\/libreriaguadalupe.com.ar\/libreria\/","logo":{"@type":"ImageObject","inLanguage":"es","@id":"https:\/\/libreriaguadalupe.com.ar\/libreria\/#\/schema\/logo\/image\/","url":"https:\/\/i0.wp.com\/libreriaguadalupe.com.ar\/libreria\/wp-content\/uploads\/2023\/01\/cropped-logo-editorial-guadalupe.webp?fit=500%2C100&ssl=1","contentUrl":"https:\/\/i0.wp.com\/libreriaguadalupe.com.ar\/libreria\/wp-content\/uploads\/2023\/01\/cropped-logo-editorial-guadalupe.webp?fit=500%2C100&ssl=1","width":500,"height":100,"caption":"Editorial Guadalupe"},"image":{"@id":"https:\/\/libreriaguadalupe.com.ar\/libreria\/#\/schema\/logo\/image\/"},"sameAs":["https:\/\/www.facebook.com\/LibreriaGuadalupeAR\/","https:\/\/www.instagram.com\/editorialguadalupe\/","https:\/\/guadalupeeditorial.mercadoshops.com.ar\/"]}]}},"jetpack_publicize_connections":[],"jetpack_sharing_enabled":true,"jetpack-related-posts":[{"id":12835,"url":"https:\/\/libreriaguadalupe.com.ar\/libreria\/producto\/el-evangelio-de-marcos-etapas-de-su-redaccion\/","url_meta":{"origin":12841,"position":0},"title":"El evangelio de Marcos Etapas de su redaccion","author":"admin","date":"18\/01\/2023","format":false,"excerpt":"Redacci\u00f3n jerosolimitana, refundici\u00f3n a partir de Chipre, redacci\u00f3n final en Roma o Alejandr\u00eda Autor: Josep Rius Camps ISBN: 8481698220 Dimensiones: 16 x 24 cm P\u00e1ginas: 408","rel":"","context":"Entrada similar","block_context":{"text":"Entrada similar","link":""},"img":{"alt_text":"","src":"https:\/\/i0.wp.com\/libreriaguadalupe.com.ar\/libreria\/wp-content\/uploads\/2023\/01\/El-evangelio-de-Marcos-Etapas-de-su-redaccion.jpg?fit=380%2C586&ssl=1&resize=350%2C200","width":350,"height":200},"classes":[]},{"id":12865,"url":"https:\/\/libreriaguadalupe.com.ar\/libreria\/producto\/hechos-de-los-apostoles-guia-lect-nt\/","url_meta":{"origin":12841,"position":1},"title":"Hechos de los apostoles (guia lect NT)","author":"admin","date":"18\/01\/2023","format":false,"excerpt":"Autor: Francesc Ramis Darder ISBN: 8481699333 Dimensiones: 17 x 24 cm P\u00e1ginas: 432","rel":"","context":"Entrada similar","block_context":{"text":"Entrada similar","link":""},"img":{"alt_text":"","src":"https:\/\/i0.wp.com\/libreriaguadalupe.com.ar\/libreria\/wp-content\/uploads\/2023\/01\/Hechos-de-los-apostoles-guia-lect-NT.jpg?fit=380%2C586&ssl=1&resize=350%2C200","width":350,"height":200},"classes":[]},{"id":14927,"url":"https:\/\/libreriaguadalupe.com.ar\/libreria\/producto\/los-obispos-argentinos-en-el-cvii-2\/","url_meta":{"origin":12841,"position":2},"title":"Los Obispos Argentinos en el Concilio Vaticano II","author":"admin","date":"07\/02\/2023","format":false,"excerpt":"LOS OBISPOS ARGENTINOS EN EL CONCILIO VATICANO II AUTOR: Luis Liberti ISBN:\u00a09876403863","rel":"","context":"Entrada similar","block_context":{"text":"Entrada similar","link":""},"img":{"alt_text":"","src":"https:\/\/i0.wp.com\/libreriaguadalupe.com.ar\/libreria\/wp-content\/uploads\/1674\/33\/472.jpg?fit=392%2C584&ssl=1&resize=350%2C200","width":350,"height":200},"classes":[]},{"id":13220,"url":"https:\/\/libreriaguadalupe.com.ar\/libreria\/producto\/de-la-oscuridad-a-jerusalen-estudio-exegeticoteologico-de-tobias-13\/","url_meta":{"origin":12841,"position":3},"title":"De la oscuridad a Jerusalen","author":"admin","date":"18\/01\/2023","format":false,"excerpt":"Estudio exeg\u00e9tico-teol\u00f3gico de Tob\u00edas 13 Autor: Emilio L\u00f3pez Navas ISBN: 8490732519 Dimensiones: 16 x 24 cm P\u00e1ginas: 496","rel":"","context":"Entrada similar","block_context":{"text":"Entrada similar","link":""},"img":{"alt_text":"","src":"https:\/\/i0.wp.com\/libreriaguadalupe.com.ar\/libreria\/wp-content\/uploads\/2023\/01\/De-la-oscuridad-a-Jerusalen.jpg?fit=380%2C586&ssl=1&resize=350%2C200","width":350,"height":200},"classes":[]},{"id":17179,"url":"https:\/\/libreriaguadalupe.com.ar\/libreria\/producto\/una-lectura-social-del-nuevo-testamento\/","url_meta":{"origin":12841,"position":4},"title":"Una lectura social del Nuevo Testamento","author":"admin","date":"04\/04\/2023","format":false,"excerpt":"Autor: Fidel Aizpurua Donazar ISBN: 8490734612 Dimensiones: 16 x 24 cm P\u00e1ginas: 272","rel":"","context":"Entrada similar","block_context":{"text":"Entrada similar","link":""},"img":{"alt_text":"","src":"https:\/\/i0.wp.com\/libreriaguadalupe.com.ar\/libreria\/wp-content\/uploads\/2023\/04\/Una-lectura-social-del-Nuevo-Testamento.jpg?fit=380%2C586&ssl=1&resize=350%2C200","width":350,"height":200},"classes":[]},{"id":16772,"url":"https:\/\/libreriaguadalupe.com.ar\/libreria\/producto\/celebrando-la-palabra-cuaresma-y-semana\/","url_meta":{"origin":12841,"position":5},"title":"Celebrando La Palabra Cuaresma Y Semana","author":"admin","date":"21\/03\/2023","format":false,"excerpt":"Autor:\u00a0 GONZALEZ EDUARDO ISBN: 9789505005123 P\u00e1ginas: 112 Medidas: 11 x 17 cm","rel":"","context":"Entrada similar","block_context":{"text":"Entrada similar","link":""},"img":{"alt_text":"","src":"https:\/\/i0.wp.com\/libreriaguadalupe.com.ar\/libreria\/wp-content\/uploads\/2023\/03\/Celebrando-La-Palabra-Cuaresma-Y-Semana.jpeg?fit=374%2C500&ssl=1&resize=350%2C200","width":350,"height":200},"classes":[]}],"_links":{"self":[{"href":"https:\/\/libreriaguadalupe.com.ar\/libreria\/wp-json\/wp\/v2\/product\/12841","targetHints":{"allow":["GET"]}}],"collection":[{"href":"https:\/\/libreriaguadalupe.com.ar\/libreria\/wp-json\/wp\/v2\/product"}],"about":[{"href":"https:\/\/libreriaguadalupe.com.ar\/libreria\/wp-json\/wp\/v2\/types\/product"}],"replies":[{"embeddable":true,"href":"https:\/\/libreriaguadalupe.com.ar\/libreria\/wp-json\/wp\/v2\/comments?post=12841"}],"version-history":[{"count":3,"href":"https:\/\/libreriaguadalupe.com.ar\/libreria\/wp-json\/wp\/v2\/product\/12841\/revisions"}],"predecessor-version":[{"id":17068,"href":"https:\/\/libreriaguadalupe.com.ar\/libreria\/wp-json\/wp\/v2\/product\/12841\/revisions\/17068"}],"wp:featuredmedia":[{"embeddable":true,"href":"https:\/\/libreriaguadalupe.com.ar\/libreria\/wp-json\/wp\/v2\/media\/17067"}],"wp:attachment":[{"href":"https:\/\/libreriaguadalupe.com.ar\/libreria\/wp-json\/wp\/v2\/media?parent=12841"}],"wp:term":[{"taxonomy":"product_brand","embeddable":true,"href":"https:\/\/libreriaguadalupe.com.ar\/libreria\/wp-json\/wp\/v2\/product_brand?post=12841"},{"taxonomy":"product_cat","embeddable":true,"href":"https:\/\/libreriaguadalupe.com.ar\/libreria\/wp-json\/wp\/v2\/product_cat?post=12841"},{"taxonomy":"product_tag","embeddable":true,"href":"https:\/\/libreriaguadalupe.com.ar\/libreria\/wp-json\/wp\/v2\/product_tag?post=12841"}],"curies":[{"name":"wp","href":"https:\/\/api.w.org\/{rel}","templated":true}]}}