{"id":12835,"date":"2023-01-18T18:46:16","date_gmt":"2023-01-18T21:46:16","guid":{"rendered":"https:\/\/libreriaguadalupe.com.ar\/libreria\/?post_type=product&#038;p=12835"},"modified":"2025-01-17T14:04:27","modified_gmt":"2025-01-17T17:04:27","slug":"el-evangelio-de-marcos-etapas-de-su-redaccion","status":"publish","type":"product","link":"https:\/\/libreriaguadalupe.com.ar\/libreria\/producto\/el-evangelio-de-marcos-etapas-de-su-redaccion\/","title":{"rendered":"El evangelio de Marcos Etapas de su redaccion"},"content":{"rendered":"<p>De la comparaci\u00f3n minuciosa y exhaustiva del texto griego de dos de los c\u00f3dices unciales m\u00e1s antiguos de los evangelios, el Codex Vaticanus y el Codex Bezae Cantabrigiensis, ambos del siglo IV, se evidenci\u00f3 una anomal\u00eda en el uso del nombre de Jes\u00fas o del pronombre en las diversas secuencias que componen el evangelio de Marcos.Lo que en un principio podr\u00eda parecer un simple recurso literario, al comprobarse su uso diferenciado en los numerosos duplicados que se presentan en dicho evangelio, result\u00f3 ser la clave para distinguir dos sucesivas redacciones que Marcos habr\u00eda compuesto, la primera, en el seno de su propia comunidad de Jeros\u00f3lima (Hch 12,12), y la segunda en Roma o Alejandr\u00eda, acompa\u00f1ando a Bernab\u00e9 en la misi\u00f3n (Hch 15,39).En la primera redacci\u00f3n, por tratarse de un personaje que la mayor\u00eda de los miembros de su comunidad hab\u00edan conocido personalmente, Marcos utiliza el pronombre al referirse a Jes\u00fas; en cambio, en territorio pagano, al dirigirse a gente que lo hab\u00eda conocido solamente a trav\u00e9s de su predicaci\u00f3n, se refiere a \u00e9l por su nombre.Adem\u00e1s de la primera redacci\u00f3n, que ha resultado ser la mitad aproximadamente del actual evangelio can\u00f3nico, y de la segunda, una serie de rasgos comunes y distintivos de siete secuencias han permitido identificar la existencia de una tercera redacci\u00f3n. La identificaci\u00f3n de esas tres redacciones es de gran importancia para el conocimiento de la formaci\u00f3n de los evangelios y de las primeras comunidades.<\/p>\n","protected":false},"excerpt":{"rendered":"<h5 class=\"my-1 font-weight-normal\">Redacci\u00f3n jerosolimitana, refundici\u00f3n a partir de Chipre, redacci\u00f3n final en Roma o Alejandr\u00eda<\/h5>\n<p>Autor: Josep Rius Camps<strong><br \/>\n<\/strong>ISBN: 8481698220<br \/>\nDimensiones: 16 x 24 cm<br \/>\nP\u00e1ginas: 408<\/p>\n","protected":false},"featured_media":17059,"comment_status":"open","ping_status":"closed","template":"","meta":{"jetpack_publicize_message":"","jetpack_publicize_feature_enabled":true,"jetpack_social_post_already_shared":false,"jetpack_social_options":{"image_generator_settings":{"template":"highway","default_image_id":0,"font":"","enabled":false},"version":2}},"product_brand":[],"product_cat":[147],"product_tag":[127],"class_list":{"0":"post-12835","1":"product","2":"type-product","3":"status-publish","4":"has-post-thumbnail","6":"product_cat-evd","7":"product_tag-editorial-guadalupe-de-argentina","9":"first","10":"instock","11":"shipping-taxable","12":"purchasable","13":"product-type-simple"},"yoast_head":"<!-- This site is optimized with the Yoast SEO plugin v27.4 - https:\/\/yoast.com\/product\/yoast-seo-wordpress\/ -->\n<title>El evangelio de Marcos Etapas de su redaccion - Editorial Guadalupe de Argentina<\/title>\n<meta name=\"description\" content=\"De la comparaci\u00f3n minuciosa y exhaustiva del texto griego de dos de los c\u00f3dices unciales m\u00e1s antiguos de los evangelios, el Codex Vaticanus y el Codex Bezae Cantabrigiensis,\" \/>\n<meta name=\"robots\" content=\"index, follow, max-snippet:-1, max-image-preview:large, max-video-preview:-1\" \/>\n<link rel=\"canonical\" href=\"https:\/\/libreriaguadalupe.com.ar\/libreria\/producto\/el-evangelio-de-marcos-etapas-de-su-redaccion\/\" \/>\n<meta property=\"og:locale\" content=\"es_ES\" \/>\n<meta property=\"og:type\" content=\"article\" \/>\n<meta property=\"og:title\" content=\"El evangelio de Marcos Etapas de su redaccion - Editorial Guadalupe de Argentina\" \/>\n<meta property=\"og:description\" content=\"De la comparaci\u00f3n minuciosa y exhaustiva del texto griego de dos de los c\u00f3dices unciales m\u00e1s antiguos de los evangelios, el Codex Vaticanus y el Codex Bezae Cantabrigiensis,\" \/>\n<meta property=\"og:url\" content=\"https:\/\/libreriaguadalupe.com.ar\/libreria\/producto\/el-evangelio-de-marcos-etapas-de-su-redaccion\/\" \/>\n<meta property=\"og:site_name\" content=\"Editorial Guadalupe de Argentina\" \/>\n<meta property=\"article:publisher\" content=\"https:\/\/www.facebook.com\/LibreriaGuadalupeAR\/\" \/>\n<meta property=\"article:modified_time\" content=\"2025-01-17T17:04:27+00:00\" \/>\n<meta property=\"og:image\" content=\"https:\/\/libreriaguadalupe.com.ar\/libreria\/wp-content\/uploads\/2023\/01\/El-evangelio-de-Marcos-Etapas-de-su-redaccion.jpg\" \/>\n\t<meta property=\"og:image:width\" content=\"380\" \/>\n\t<meta property=\"og:image:height\" content=\"586\" \/>\n\t<meta property=\"og:image:type\" content=\"image\/jpeg\" \/>\n<meta name=\"twitter:card\" content=\"summary_large_image\" \/>\n<meta name=\"twitter:label1\" content=\"Tiempo de lectura\" \/>\n\t<meta name=\"twitter:data1\" content=\"2 minutos\" \/>\n<script type=\"application\/ld+json\" class=\"yoast-schema-graph\">{\"@context\":\"https:\\\/\\\/schema.org\",\"@graph\":[{\"@type\":\"WebPage\",\"@id\":\"https:\\\/\\\/libreriaguadalupe.com.ar\\\/libreria\\\/producto\\\/el-evangelio-de-marcos-etapas-de-su-redaccion\\\/\",\"url\":\"https:\\\/\\\/libreriaguadalupe.com.ar\\\/libreria\\\/producto\\\/el-evangelio-de-marcos-etapas-de-su-redaccion\\\/\",\"name\":\"El evangelio de Marcos Etapas de su redaccion - Editorial Guadalupe de Argentina\",\"isPartOf\":{\"@id\":\"https:\\\/\\\/libreriaguadalupe.com.ar\\\/libreria\\\/#website\"},\"primaryImageOfPage\":{\"@id\":\"https:\\\/\\\/libreriaguadalupe.com.ar\\\/libreria\\\/producto\\\/el-evangelio-de-marcos-etapas-de-su-redaccion\\\/#primaryimage\"},\"image\":{\"@id\":\"https:\\\/\\\/libreriaguadalupe.com.ar\\\/libreria\\\/producto\\\/el-evangelio-de-marcos-etapas-de-su-redaccion\\\/#primaryimage\"},\"thumbnailUrl\":\"https:\\\/\\\/i0.wp.com\\\/libreriaguadalupe.com.ar\\\/libreria\\\/wp-content\\\/uploads\\\/2023\\\/01\\\/El-evangelio-de-Marcos-Etapas-de-su-redaccion.jpg?fit=380%2C586&ssl=1\",\"datePublished\":\"2023-01-18T21:46:16+00:00\",\"dateModified\":\"2025-01-17T17:04:27+00:00\",\"description\":\"De la comparaci\u00f3n minuciosa y exhaustiva del texto griego de dos de los c\u00f3dices unciales m\u00e1s antiguos de los evangelios, el Codex Vaticanus y el Codex Bezae Cantabrigiensis,\",\"breadcrumb\":{\"@id\":\"https:\\\/\\\/libreriaguadalupe.com.ar\\\/libreria\\\/producto\\\/el-evangelio-de-marcos-etapas-de-su-redaccion\\\/#breadcrumb\"},\"inLanguage\":\"es\",\"potentialAction\":[{\"@type\":\"ReadAction\",\"target\":[\"https:\\\/\\\/libreriaguadalupe.com.ar\\\/libreria\\\/producto\\\/el-evangelio-de-marcos-etapas-de-su-redaccion\\\/\"]}]},{\"@type\":\"ImageObject\",\"inLanguage\":\"es\",\"@id\":\"https:\\\/\\\/libreriaguadalupe.com.ar\\\/libreria\\\/producto\\\/el-evangelio-de-marcos-etapas-de-su-redaccion\\\/#primaryimage\",\"url\":\"https:\\\/\\\/i0.wp.com\\\/libreriaguadalupe.com.ar\\\/libreria\\\/wp-content\\\/uploads\\\/2023\\\/01\\\/El-evangelio-de-Marcos-Etapas-de-su-redaccion.jpg?fit=380%2C586&ssl=1\",\"contentUrl\":\"https:\\\/\\\/i0.wp.com\\\/libreriaguadalupe.com.ar\\\/libreria\\\/wp-content\\\/uploads\\\/2023\\\/01\\\/El-evangelio-de-Marcos-Etapas-de-su-redaccion.jpg?fit=380%2C586&ssl=1\",\"width\":380,\"height\":586},{\"@type\":\"BreadcrumbList\",\"@id\":\"https:\\\/\\\/libreriaguadalupe.com.ar\\\/libreria\\\/producto\\\/el-evangelio-de-marcos-etapas-de-su-redaccion\\\/#breadcrumb\",\"itemListElement\":[{\"@type\":\"ListItem\",\"position\":1,\"name\":\"Portada\",\"item\":\"https:\\\/\\\/libreriaguadalupe.com.ar\\\/libreria\\\/\"},{\"@type\":\"ListItem\",\"position\":2,\"name\":\"Tienda\",\"item\":\"https:\\\/\\\/libreriaguadalupe.com.ar\\\/libreria\\\/\"},{\"@type\":\"ListItem\",\"position\":3,\"name\":\"El evangelio de Marcos Etapas de su redaccion\"}]},{\"@type\":\"WebSite\",\"@id\":\"https:\\\/\\\/libreriaguadalupe.com.ar\\\/libreria\\\/#website\",\"url\":\"https:\\\/\\\/libreriaguadalupe.com.ar\\\/libreria\\\/\",\"name\":\"Editorial Guadalupe de Argentina\",\"description\":\"Congregaci\u00f3n del Verbo Divino\",\"publisher\":{\"@id\":\"https:\\\/\\\/libreriaguadalupe.com.ar\\\/libreria\\\/#organization\"},\"alternateName\":\"Librer\u00eda Guadalupe\",\"potentialAction\":[{\"@type\":\"SearchAction\",\"target\":{\"@type\":\"EntryPoint\",\"urlTemplate\":\"https:\\\/\\\/libreriaguadalupe.com.ar\\\/libreria\\\/?s={search_term_string}\"},\"query-input\":{\"@type\":\"PropertyValueSpecification\",\"valueRequired\":true,\"valueName\":\"search_term_string\"}}],\"inLanguage\":\"es\"},{\"@type\":\"Organization\",\"@id\":\"https:\\\/\\\/libreriaguadalupe.com.ar\\\/libreria\\\/#organization\",\"name\":\"Editorial Guadalupe\",\"alternateName\":\"Librer\u00eda Guadalupe\",\"url\":\"https:\\\/\\\/libreriaguadalupe.com.ar\\\/libreria\\\/\",\"logo\":{\"@type\":\"ImageObject\",\"inLanguage\":\"es\",\"@id\":\"https:\\\/\\\/libreriaguadalupe.com.ar\\\/libreria\\\/#\\\/schema\\\/logo\\\/image\\\/\",\"url\":\"https:\\\/\\\/i0.wp.com\\\/libreriaguadalupe.com.ar\\\/libreria\\\/wp-content\\\/uploads\\\/2023\\\/01\\\/cropped-logo-editorial-guadalupe.webp?fit=500%2C100&ssl=1\",\"contentUrl\":\"https:\\\/\\\/i0.wp.com\\\/libreriaguadalupe.com.ar\\\/libreria\\\/wp-content\\\/uploads\\\/2023\\\/01\\\/cropped-logo-editorial-guadalupe.webp?fit=500%2C100&ssl=1\",\"width\":500,\"height\":100,\"caption\":\"Editorial Guadalupe\"},\"image\":{\"@id\":\"https:\\\/\\\/libreriaguadalupe.com.ar\\\/libreria\\\/#\\\/schema\\\/logo\\\/image\\\/\"},\"sameAs\":[\"https:\\\/\\\/www.facebook.com\\\/LibreriaGuadalupeAR\\\/\",\"https:\\\/\\\/www.instagram.com\\\/editorialguadalupe\\\/\",\"https:\\\/\\\/guadalupeeditorial.mercadoshops.com.ar\\\/\"]}]}<\/script>\n<!-- \/ Yoast SEO plugin. -->","yoast_head_json":{"title":"El evangelio de Marcos Etapas de su redaccion - Editorial Guadalupe de Argentina","description":"De la comparaci\u00f3n minuciosa y exhaustiva del texto griego de dos de los c\u00f3dices unciales m\u00e1s antiguos de los evangelios, el Codex Vaticanus y el Codex Bezae Cantabrigiensis,","robots":{"index":"index","follow":"follow","max-snippet":"max-snippet:-1","max-image-preview":"max-image-preview:large","max-video-preview":"max-video-preview:-1"},"canonical":"https:\/\/libreriaguadalupe.com.ar\/libreria\/producto\/el-evangelio-de-marcos-etapas-de-su-redaccion\/","og_locale":"es_ES","og_type":"article","og_title":"El evangelio de Marcos Etapas de su redaccion - Editorial Guadalupe de Argentina","og_description":"De la comparaci\u00f3n minuciosa y exhaustiva del texto griego de dos de los c\u00f3dices unciales m\u00e1s antiguos de los evangelios, el Codex Vaticanus y el Codex Bezae Cantabrigiensis,","og_url":"https:\/\/libreriaguadalupe.com.ar\/libreria\/producto\/el-evangelio-de-marcos-etapas-de-su-redaccion\/","og_site_name":"Editorial Guadalupe de Argentina","article_publisher":"https:\/\/www.facebook.com\/LibreriaGuadalupeAR\/","article_modified_time":"2025-01-17T17:04:27+00:00","og_image":[{"width":380,"height":586,"url":"https:\/\/libreriaguadalupe.com.ar\/libreria\/wp-content\/uploads\/2023\/01\/El-evangelio-de-Marcos-Etapas-de-su-redaccion.jpg","type":"image\/jpeg"}],"twitter_card":"summary_large_image","twitter_misc":{"Tiempo de lectura":"2 minutos"},"schema":{"@context":"https:\/\/schema.org","@graph":[{"@type":"WebPage","@id":"https:\/\/libreriaguadalupe.com.ar\/libreria\/producto\/el-evangelio-de-marcos-etapas-de-su-redaccion\/","url":"https:\/\/libreriaguadalupe.com.ar\/libreria\/producto\/el-evangelio-de-marcos-etapas-de-su-redaccion\/","name":"El evangelio de Marcos Etapas de su redaccion - Editorial Guadalupe de Argentina","isPartOf":{"@id":"https:\/\/libreriaguadalupe.com.ar\/libreria\/#website"},"primaryImageOfPage":{"@id":"https:\/\/libreriaguadalupe.com.ar\/libreria\/producto\/el-evangelio-de-marcos-etapas-de-su-redaccion\/#primaryimage"},"image":{"@id":"https:\/\/libreriaguadalupe.com.ar\/libreria\/producto\/el-evangelio-de-marcos-etapas-de-su-redaccion\/#primaryimage"},"thumbnailUrl":"https:\/\/i0.wp.com\/libreriaguadalupe.com.ar\/libreria\/wp-content\/uploads\/2023\/01\/El-evangelio-de-Marcos-Etapas-de-su-redaccion.jpg?fit=380%2C586&ssl=1","datePublished":"2023-01-18T21:46:16+00:00","dateModified":"2025-01-17T17:04:27+00:00","description":"De la comparaci\u00f3n minuciosa y exhaustiva del texto griego de dos de los c\u00f3dices unciales m\u00e1s antiguos de los evangelios, el Codex Vaticanus y el Codex Bezae Cantabrigiensis,","breadcrumb":{"@id":"https:\/\/libreriaguadalupe.com.ar\/libreria\/producto\/el-evangelio-de-marcos-etapas-de-su-redaccion\/#breadcrumb"},"inLanguage":"es","potentialAction":[{"@type":"ReadAction","target":["https:\/\/libreriaguadalupe.com.ar\/libreria\/producto\/el-evangelio-de-marcos-etapas-de-su-redaccion\/"]}]},{"@type":"ImageObject","inLanguage":"es","@id":"https:\/\/libreriaguadalupe.com.ar\/libreria\/producto\/el-evangelio-de-marcos-etapas-de-su-redaccion\/#primaryimage","url":"https:\/\/i0.wp.com\/libreriaguadalupe.com.ar\/libreria\/wp-content\/uploads\/2023\/01\/El-evangelio-de-Marcos-Etapas-de-su-redaccion.jpg?fit=380%2C586&ssl=1","contentUrl":"https:\/\/i0.wp.com\/libreriaguadalupe.com.ar\/libreria\/wp-content\/uploads\/2023\/01\/El-evangelio-de-Marcos-Etapas-de-su-redaccion.jpg?fit=380%2C586&ssl=1","width":380,"height":586},{"@type":"BreadcrumbList","@id":"https:\/\/libreriaguadalupe.com.ar\/libreria\/producto\/el-evangelio-de-marcos-etapas-de-su-redaccion\/#breadcrumb","itemListElement":[{"@type":"ListItem","position":1,"name":"Portada","item":"https:\/\/libreriaguadalupe.com.ar\/libreria\/"},{"@type":"ListItem","position":2,"name":"Tienda","item":"https:\/\/libreriaguadalupe.com.ar\/libreria\/"},{"@type":"ListItem","position":3,"name":"El evangelio de Marcos Etapas de su redaccion"}]},{"@type":"WebSite","@id":"https:\/\/libreriaguadalupe.com.ar\/libreria\/#website","url":"https:\/\/libreriaguadalupe.com.ar\/libreria\/","name":"Editorial Guadalupe de Argentina","description":"Congregaci\u00f3n del Verbo Divino","publisher":{"@id":"https:\/\/libreriaguadalupe.com.ar\/libreria\/#organization"},"alternateName":"Librer\u00eda Guadalupe","potentialAction":[{"@type":"SearchAction","target":{"@type":"EntryPoint","urlTemplate":"https:\/\/libreriaguadalupe.com.ar\/libreria\/?s={search_term_string}"},"query-input":{"@type":"PropertyValueSpecification","valueRequired":true,"valueName":"search_term_string"}}],"inLanguage":"es"},{"@type":"Organization","@id":"https:\/\/libreriaguadalupe.com.ar\/libreria\/#organization","name":"Editorial Guadalupe","alternateName":"Librer\u00eda Guadalupe","url":"https:\/\/libreriaguadalupe.com.ar\/libreria\/","logo":{"@type":"ImageObject","inLanguage":"es","@id":"https:\/\/libreriaguadalupe.com.ar\/libreria\/#\/schema\/logo\/image\/","url":"https:\/\/i0.wp.com\/libreriaguadalupe.com.ar\/libreria\/wp-content\/uploads\/2023\/01\/cropped-logo-editorial-guadalupe.webp?fit=500%2C100&ssl=1","contentUrl":"https:\/\/i0.wp.com\/libreriaguadalupe.com.ar\/libreria\/wp-content\/uploads\/2023\/01\/cropped-logo-editorial-guadalupe.webp?fit=500%2C100&ssl=1","width":500,"height":100,"caption":"Editorial Guadalupe"},"image":{"@id":"https:\/\/libreriaguadalupe.com.ar\/libreria\/#\/schema\/logo\/image\/"},"sameAs":["https:\/\/www.facebook.com\/LibreriaGuadalupeAR\/","https:\/\/www.instagram.com\/editorialguadalupe\/","https:\/\/guadalupeeditorial.mercadoshops.com.ar\/"]}]}},"jetpack_publicize_connections":[],"jetpack_sharing_enabled":true,"jetpack-related-posts":[{"id":12836,"url":"https:\/\/libreriaguadalupe.com.ar\/libreria\/producto\/el-evangelio-es-jesus\/","url_meta":{"origin":12835,"position":0},"title":"El Evangelio es Jesus","author":"admin","date":"18\/01\/2023","format":false,"excerpt":"Pautas para una nueva comprensi\u00f3n del evangelio seg\u00fan Juan Autor: Josep Oriol Tu\u00f1\u00ed Vancells ISBN: 8499451053 Dimensiones: 16 x 24 cm P\u00e1ginas: 260","rel":"","context":"Entrada similar","block_context":{"text":"Entrada similar","link":""},"img":{"alt_text":"","src":"https:\/\/i0.wp.com\/libreriaguadalupe.com.ar\/libreria\/wp-content\/uploads\/2023\/01\/El-Evangelio-es-Jesus.jpg?fit=380%2C586&ssl=1&resize=350%2C200","width":350,"height":200},"classes":[]},{"id":15509,"url":"https:\/\/libreriaguadalupe.com.ar\/libreria\/producto\/evangelio-de-marcos-pikaza-2\/","url_meta":{"origin":12835,"position":1},"title":"Evangelio de Marcos","author":"admin","date":"07\/02\/2023","format":false,"excerpt":"La Buena Noticia de Jes\u00fas AUTOR: EVD ISBN: 8499452258","rel":"","context":"Entrada similar","block_context":{"text":"Entrada similar","link":""},"img":{"alt_text":"","src":"https:\/\/i0.wp.com\/libreriaguadalupe.com.ar\/libreria\/wp-content\/uploads\/2023\/02\/Evangelio-de-Marcos.jpg?fit=380%2C586&ssl=1&resize=350%2C200","width":350,"height":200},"classes":[]},{"id":15268,"url":"https:\/\/libreriaguadalupe.com.ar\/libreria\/producto\/lectio-divina-para-la-vida-diaria-el-evangelio-de-marcos-2\/","url_meta":{"origin":12835,"position":2},"title":"Lectio divina para la vida diaria: El evangelio de Marcos","author":"admin","date":"07\/02\/2023","format":false,"excerpt":"","rel":"","context":"Entrada similar","block_context":{"text":"Entrada similar","link":""},"img":{"alt_text":"","src":"","width":0,"height":0},"classes":[]},{"id":15503,"url":"https:\/\/libreriaguadalupe.com.ar\/libreria\/producto\/y-vosotros-quien-decis-que-soy-yo-2\/","url_meta":{"origin":12835,"position":3},"title":"Y vosotros, quien decis que soy yo","author":"admin","date":"07\/02\/2023","format":false,"excerpt":"Semana b\u00edblica con el evangelio de Marcos Autor: EVD ISBN: 8499452388 Dimensiones: 20 x 20 cm P\u00e1ginas: 32","rel":"","context":"Entrada similar","block_context":{"text":"Entrada similar","link":""},"img":{"alt_text":"","src":"https:\/\/i0.wp.com\/libreriaguadalupe.com.ar\/libreria\/wp-content\/uploads\/2023\/02\/Y-vosotros-%C2%BFquien-decis-que-soy-yo.jpg?fit=380%2C586&ssl=1&resize=350%2C200","width":350,"height":200},"classes":[]},{"id":12965,"url":"https:\/\/libreriaguadalupe.com.ar\/libreria\/producto\/hemos-visto-su-estrella\/","url_meta":{"origin":12835,"position":4},"title":"Hemos visto su estrella","author":"admin","date":"18\/01\/2023","format":false,"excerpt":"Semana b\u00edblica con el evangelio de Mateo Autor: La Casa de la Biblia - Hermandad de Sacerdotes Operarios Diocesanos del Coraz\u00f3n de Jes\u00fas ISBN: 8481697636 Dimensiones: 20 x 20 cm P\u00e1ginas: 32","rel":"","context":"Entrada similar","block_context":{"text":"Entrada similar","link":""},"img":{"alt_text":"","src":"https:\/\/i0.wp.com\/libreriaguadalupe.com.ar\/libreria\/wp-content\/uploads\/2023\/01\/Hemos-visto-su-estrella.jpg?fit=380%2C586&ssl=1&resize=350%2C200","width":350,"height":200},"classes":[]},{"id":15984,"url":"https:\/\/libreriaguadalupe.com.ar\/libreria\/producto\/anunciar-el-evangelio-en-el-siglo-xxi\/","url_meta":{"origin":12835,"position":5},"title":"Anunciar El Evangelio En El Siglo XXI","author":"admin","date":"12\/02\/2023","format":false,"excerpt":"AUTOR: SAPORITI CARLOS ISBN: 9505007837","rel":"","context":"Entrada similar","block_context":{"text":"Entrada similar","link":""},"img":{"alt_text":"","src":"https:\/\/i0.wp.com\/libreriaguadalupe.com.ar\/libreria\/wp-content\/uploads\/2023\/02\/Anunciar-El-Evangelio-En-El-Siglo-XXI-1.jpg?fit=425%2C548&ssl=1&resize=350%2C200","width":350,"height":200},"classes":[]}],"_links":{"self":[{"href":"https:\/\/libreriaguadalupe.com.ar\/libreria\/wp-json\/wp\/v2\/product\/12835","targetHints":{"allow":["GET"]}}],"collection":[{"href":"https:\/\/libreriaguadalupe.com.ar\/libreria\/wp-json\/wp\/v2\/product"}],"about":[{"href":"https:\/\/libreriaguadalupe.com.ar\/libreria\/wp-json\/wp\/v2\/types\/product"}],"replies":[{"embeddable":true,"href":"https:\/\/libreriaguadalupe.com.ar\/libreria\/wp-json\/wp\/v2\/comments?post=12835"}],"version-history":[{"count":3,"href":"https:\/\/libreriaguadalupe.com.ar\/libreria\/wp-json\/wp\/v2\/product\/12835\/revisions"}],"predecessor-version":[{"id":17061,"href":"https:\/\/libreriaguadalupe.com.ar\/libreria\/wp-json\/wp\/v2\/product\/12835\/revisions\/17061"}],"wp:featuredmedia":[{"embeddable":true,"href":"https:\/\/libreriaguadalupe.com.ar\/libreria\/wp-json\/wp\/v2\/media\/17059"}],"wp:attachment":[{"href":"https:\/\/libreriaguadalupe.com.ar\/libreria\/wp-json\/wp\/v2\/media?parent=12835"}],"wp:term":[{"taxonomy":"product_brand","embeddable":true,"href":"https:\/\/libreriaguadalupe.com.ar\/libreria\/wp-json\/wp\/v2\/product_brand?post=12835"},{"taxonomy":"product_cat","embeddable":true,"href":"https:\/\/libreriaguadalupe.com.ar\/libreria\/wp-json\/wp\/v2\/product_cat?post=12835"},{"taxonomy":"product_tag","embeddable":true,"href":"https:\/\/libreriaguadalupe.com.ar\/libreria\/wp-json\/wp\/v2\/product_tag?post=12835"}],"curies":[{"name":"wp","href":"https:\/\/api.w.org\/{rel}","templated":true}]}}