{"id":12834,"date":"2023-01-18T18:46:16","date_gmt":"2023-01-18T21:46:16","guid":{"rendered":"https:\/\/libreriaguadalupe.com.ar\/libreria\/?post_type=product&#038;p=12834"},"modified":"2025-05-20T16:09:59","modified_gmt":"2025-05-20T19:09:59","slug":"efesios-y-colosenses-dos-cartas-de-pablo","status":"publish","type":"product","link":"https:\/\/libreriaguadalupe.com.ar\/libreria\/producto\/efesios-y-colosenses-dos-cartas-de-pablo\/","title":{"rendered":"Efesios y colosenses,  \u00bfdos cartas de Pablo?"},"content":{"rendered":"<p>Efesios y Colosenses, \u00bfdos cartas de Pablo? es un estudio detallado de la teolog\u00eda de ambas ep\u00edstolas en comparaci\u00f3n con las cartas indudables de Pablo y de ambasentre s\u00ed, pues no est\u00e1 un\u00e1nimemente aceptado que Efesios y Colosenses tengan un mismo autor. El estudio ayuda a ver Colosenses como una evoluci\u00f3n coherente de la teolog\u00eda de las cartas indudables, y Efesios como una evoluci\u00f3n coherente de la teolog\u00eda de Colosenses con un renovado recurso a las cartas indudables.<\/p>\n","protected":false},"excerpt":{"rendered":"<p>Autor: Jordi S\u00e1nchez Bosch<strong><br \/>\n<\/strong>ISBN: 8481699029<br \/>\nDimensiones: 14 x 22 cm<br \/>\nP\u00e1ginas: 276<\/p>\n","protected":false},"featured_media":17056,"comment_status":"open","ping_status":"closed","template":"","meta":{"jetpack_publicize_message":"","jetpack_publicize_feature_enabled":true,"jetpack_social_post_already_shared":false,"jetpack_social_options":{"image_generator_settings":{"template":"highway","default_image_id":0,"font":"","enabled":false},"version":2}},"product_brand":[],"product_cat":[109],"product_tag":[127],"class_list":{"0":"post-12834","1":"product","2":"type-product","3":"status-publish","4":"has-post-thumbnail","6":"product_cat-verbo-divino","7":"product_tag-editorial-guadalupe-de-argentina","9":"first","10":"instock","11":"shipping-taxable","12":"purchasable","13":"product-type-simple"},"yoast_head":"<!-- This site is optimized with the Yoast SEO plugin v27.4 - https:\/\/yoast.com\/product\/yoast-seo-wordpress\/ -->\n<title>Efesios y colosenses, \u00bfdos cartas de Pablo? - Editorial Guadalupe de Argentina<\/title>\n<meta name=\"description\" content=\"Efesios y Colosenses, \u00bfdos cartas de Pablo? es un estudio detallado de la teolog\u00eda de ambas ep\u00edstolas en comparaci\u00f3n con las cartas indudables de Pablo y de ambasentre s\u00ed, pues no est\u00e1 un\u00e1nimemente aceptado que Efesios y Colosenses tengan un mismo autor.\" \/>\n<meta name=\"robots\" content=\"index, follow, max-snippet:-1, max-image-preview:large, max-video-preview:-1\" \/>\n<link rel=\"canonical\" href=\"https:\/\/libreriaguadalupe.com.ar\/libreria\/producto\/efesios-y-colosenses-dos-cartas-de-pablo\/\" \/>\n<meta property=\"og:locale\" content=\"es_ES\" \/>\n<meta property=\"og:type\" content=\"article\" \/>\n<meta property=\"og:title\" content=\"Efesios y colosenses, \u00bfdos cartas de Pablo? - Editorial Guadalupe de Argentina\" \/>\n<meta property=\"og:description\" content=\"Efesios y Colosenses, \u00bfdos cartas de Pablo? es un estudio detallado de la teolog\u00eda de ambas ep\u00edstolas en comparaci\u00f3n con las cartas indudables de Pablo y de ambasentre s\u00ed, pues no est\u00e1 un\u00e1nimemente aceptado que Efesios y Colosenses tengan un mismo autor.\" \/>\n<meta property=\"og:url\" content=\"https:\/\/libreriaguadalupe.com.ar\/libreria\/producto\/efesios-y-colosenses-dos-cartas-de-pablo\/\" \/>\n<meta property=\"og:site_name\" content=\"Editorial Guadalupe de Argentina\" \/>\n<meta property=\"article:publisher\" content=\"https:\/\/www.facebook.com\/LibreriaGuadalupeAR\/\" \/>\n<meta property=\"article:modified_time\" content=\"2025-05-20T19:09:59+00:00\" \/>\n<meta property=\"og:image\" content=\"https:\/\/libreriaguadalupe.com.ar\/libreria\/wp-content\/uploads\/2023\/01\/Efesios-y-colosenses-dos-cartas-de-Pablo.jpg\" \/>\n\t<meta property=\"og:image:width\" content=\"380\" \/>\n\t<meta property=\"og:image:height\" content=\"586\" \/>\n\t<meta property=\"og:image:type\" content=\"image\/jpeg\" \/>\n<meta name=\"twitter:card\" content=\"summary_large_image\" \/>\n<meta name=\"twitter:label1\" content=\"Tiempo de lectura\" \/>\n\t<meta name=\"twitter:data1\" content=\"1 minuto\" \/>\n<script type=\"application\/ld+json\" class=\"yoast-schema-graph\">{\"@context\":\"https:\\\/\\\/schema.org\",\"@graph\":[{\"@type\":\"WebPage\",\"@id\":\"https:\\\/\\\/libreriaguadalupe.com.ar\\\/libreria\\\/producto\\\/efesios-y-colosenses-dos-cartas-de-pablo\\\/\",\"url\":\"https:\\\/\\\/libreriaguadalupe.com.ar\\\/libreria\\\/producto\\\/efesios-y-colosenses-dos-cartas-de-pablo\\\/\",\"name\":\"Efesios y colosenses, \u00bfdos cartas de Pablo? - Editorial Guadalupe de Argentina\",\"isPartOf\":{\"@id\":\"https:\\\/\\\/libreriaguadalupe.com.ar\\\/libreria\\\/#website\"},\"primaryImageOfPage\":{\"@id\":\"https:\\\/\\\/libreriaguadalupe.com.ar\\\/libreria\\\/producto\\\/efesios-y-colosenses-dos-cartas-de-pablo\\\/#primaryimage\"},\"image\":{\"@id\":\"https:\\\/\\\/libreriaguadalupe.com.ar\\\/libreria\\\/producto\\\/efesios-y-colosenses-dos-cartas-de-pablo\\\/#primaryimage\"},\"thumbnailUrl\":\"https:\\\/\\\/i0.wp.com\\\/libreriaguadalupe.com.ar\\\/libreria\\\/wp-content\\\/uploads\\\/2023\\\/01\\\/Efesios-y-colosenses-dos-cartas-de-Pablo.jpg?fit=380%2C586&ssl=1\",\"datePublished\":\"2023-01-18T21:46:16+00:00\",\"dateModified\":\"2025-05-20T19:09:59+00:00\",\"description\":\"Efesios y Colosenses, \u00bfdos cartas de Pablo? es un estudio detallado de la teolog\u00eda de ambas ep\u00edstolas en comparaci\u00f3n con las cartas indudables de Pablo y de ambasentre s\u00ed, pues no est\u00e1 un\u00e1nimemente aceptado que Efesios y Colosenses tengan un mismo autor.\",\"breadcrumb\":{\"@id\":\"https:\\\/\\\/libreriaguadalupe.com.ar\\\/libreria\\\/producto\\\/efesios-y-colosenses-dos-cartas-de-pablo\\\/#breadcrumb\"},\"inLanguage\":\"es\",\"potentialAction\":[{\"@type\":\"ReadAction\",\"target\":[\"https:\\\/\\\/libreriaguadalupe.com.ar\\\/libreria\\\/producto\\\/efesios-y-colosenses-dos-cartas-de-pablo\\\/\"]}]},{\"@type\":\"ImageObject\",\"inLanguage\":\"es\",\"@id\":\"https:\\\/\\\/libreriaguadalupe.com.ar\\\/libreria\\\/producto\\\/efesios-y-colosenses-dos-cartas-de-pablo\\\/#primaryimage\",\"url\":\"https:\\\/\\\/i0.wp.com\\\/libreriaguadalupe.com.ar\\\/libreria\\\/wp-content\\\/uploads\\\/2023\\\/01\\\/Efesios-y-colosenses-dos-cartas-de-Pablo.jpg?fit=380%2C586&ssl=1\",\"contentUrl\":\"https:\\\/\\\/i0.wp.com\\\/libreriaguadalupe.com.ar\\\/libreria\\\/wp-content\\\/uploads\\\/2023\\\/01\\\/Efesios-y-colosenses-dos-cartas-de-Pablo.jpg?fit=380%2C586&ssl=1\",\"width\":380,\"height\":586},{\"@type\":\"BreadcrumbList\",\"@id\":\"https:\\\/\\\/libreriaguadalupe.com.ar\\\/libreria\\\/producto\\\/efesios-y-colosenses-dos-cartas-de-pablo\\\/#breadcrumb\",\"itemListElement\":[{\"@type\":\"ListItem\",\"position\":1,\"name\":\"Portada\",\"item\":\"https:\\\/\\\/libreriaguadalupe.com.ar\\\/libreria\\\/\"},{\"@type\":\"ListItem\",\"position\":2,\"name\":\"Tienda\",\"item\":\"https:\\\/\\\/libreriaguadalupe.com.ar\\\/libreria\\\/\"},{\"@type\":\"ListItem\",\"position\":3,\"name\":\"Efesios y colosenses, \u00bfdos cartas de Pablo?\"}]},{\"@type\":\"WebSite\",\"@id\":\"https:\\\/\\\/libreriaguadalupe.com.ar\\\/libreria\\\/#website\",\"url\":\"https:\\\/\\\/libreriaguadalupe.com.ar\\\/libreria\\\/\",\"name\":\"Editorial Guadalupe de Argentina\",\"description\":\"Congregaci\u00f3n del Verbo Divino\",\"publisher\":{\"@id\":\"https:\\\/\\\/libreriaguadalupe.com.ar\\\/libreria\\\/#organization\"},\"alternateName\":\"Librer\u00eda Guadalupe\",\"potentialAction\":[{\"@type\":\"SearchAction\",\"target\":{\"@type\":\"EntryPoint\",\"urlTemplate\":\"https:\\\/\\\/libreriaguadalupe.com.ar\\\/libreria\\\/?s={search_term_string}\"},\"query-input\":{\"@type\":\"PropertyValueSpecification\",\"valueRequired\":true,\"valueName\":\"search_term_string\"}}],\"inLanguage\":\"es\"},{\"@type\":\"Organization\",\"@id\":\"https:\\\/\\\/libreriaguadalupe.com.ar\\\/libreria\\\/#organization\",\"name\":\"Editorial Guadalupe\",\"alternateName\":\"Librer\u00eda Guadalupe\",\"url\":\"https:\\\/\\\/libreriaguadalupe.com.ar\\\/libreria\\\/\",\"logo\":{\"@type\":\"ImageObject\",\"inLanguage\":\"es\",\"@id\":\"https:\\\/\\\/libreriaguadalupe.com.ar\\\/libreria\\\/#\\\/schema\\\/logo\\\/image\\\/\",\"url\":\"https:\\\/\\\/i0.wp.com\\\/libreriaguadalupe.com.ar\\\/libreria\\\/wp-content\\\/uploads\\\/2023\\\/01\\\/cropped-logo-editorial-guadalupe.webp?fit=500%2C100&ssl=1\",\"contentUrl\":\"https:\\\/\\\/i0.wp.com\\\/libreriaguadalupe.com.ar\\\/libreria\\\/wp-content\\\/uploads\\\/2023\\\/01\\\/cropped-logo-editorial-guadalupe.webp?fit=500%2C100&ssl=1\",\"width\":500,\"height\":100,\"caption\":\"Editorial Guadalupe\"},\"image\":{\"@id\":\"https:\\\/\\\/libreriaguadalupe.com.ar\\\/libreria\\\/#\\\/schema\\\/logo\\\/image\\\/\"},\"sameAs\":[\"https:\\\/\\\/www.facebook.com\\\/LibreriaGuadalupeAR\\\/\",\"https:\\\/\\\/www.instagram.com\\\/editorialguadalupe\\\/\",\"https:\\\/\\\/guadalupeeditorial.mercadoshops.com.ar\\\/\"]}]}<\/script>\n<!-- \/ Yoast SEO plugin. -->","yoast_head_json":{"title":"Efesios y colosenses, \u00bfdos cartas de Pablo? - Editorial Guadalupe de Argentina","description":"Efesios y Colosenses, \u00bfdos cartas de Pablo? es un estudio detallado de la teolog\u00eda de ambas ep\u00edstolas en comparaci\u00f3n con las cartas indudables de Pablo y de ambasentre s\u00ed, pues no est\u00e1 un\u00e1nimemente aceptado que Efesios y Colosenses tengan un mismo autor.","robots":{"index":"index","follow":"follow","max-snippet":"max-snippet:-1","max-image-preview":"max-image-preview:large","max-video-preview":"max-video-preview:-1"},"canonical":"https:\/\/libreriaguadalupe.com.ar\/libreria\/producto\/efesios-y-colosenses-dos-cartas-de-pablo\/","og_locale":"es_ES","og_type":"article","og_title":"Efesios y colosenses, \u00bfdos cartas de Pablo? - Editorial Guadalupe de Argentina","og_description":"Efesios y Colosenses, \u00bfdos cartas de Pablo? es un estudio detallado de la teolog\u00eda de ambas ep\u00edstolas en comparaci\u00f3n con las cartas indudables de Pablo y de ambasentre s\u00ed, pues no est\u00e1 un\u00e1nimemente aceptado que Efesios y Colosenses tengan un mismo autor.","og_url":"https:\/\/libreriaguadalupe.com.ar\/libreria\/producto\/efesios-y-colosenses-dos-cartas-de-pablo\/","og_site_name":"Editorial Guadalupe de Argentina","article_publisher":"https:\/\/www.facebook.com\/LibreriaGuadalupeAR\/","article_modified_time":"2025-05-20T19:09:59+00:00","og_image":[{"width":380,"height":586,"url":"https:\/\/libreriaguadalupe.com.ar\/libreria\/wp-content\/uploads\/2023\/01\/Efesios-y-colosenses-dos-cartas-de-Pablo.jpg","type":"image\/jpeg"}],"twitter_card":"summary_large_image","twitter_misc":{"Tiempo de lectura":"1 minuto"},"schema":{"@context":"https:\/\/schema.org","@graph":[{"@type":"WebPage","@id":"https:\/\/libreriaguadalupe.com.ar\/libreria\/producto\/efesios-y-colosenses-dos-cartas-de-pablo\/","url":"https:\/\/libreriaguadalupe.com.ar\/libreria\/producto\/efesios-y-colosenses-dos-cartas-de-pablo\/","name":"Efesios y colosenses, \u00bfdos cartas de Pablo? - Editorial Guadalupe de Argentina","isPartOf":{"@id":"https:\/\/libreriaguadalupe.com.ar\/libreria\/#website"},"primaryImageOfPage":{"@id":"https:\/\/libreriaguadalupe.com.ar\/libreria\/producto\/efesios-y-colosenses-dos-cartas-de-pablo\/#primaryimage"},"image":{"@id":"https:\/\/libreriaguadalupe.com.ar\/libreria\/producto\/efesios-y-colosenses-dos-cartas-de-pablo\/#primaryimage"},"thumbnailUrl":"https:\/\/i0.wp.com\/libreriaguadalupe.com.ar\/libreria\/wp-content\/uploads\/2023\/01\/Efesios-y-colosenses-dos-cartas-de-Pablo.jpg?fit=380%2C586&ssl=1","datePublished":"2023-01-18T21:46:16+00:00","dateModified":"2025-05-20T19:09:59+00:00","description":"Efesios y Colosenses, \u00bfdos cartas de Pablo? es un estudio detallado de la teolog\u00eda de ambas ep\u00edstolas en comparaci\u00f3n con las cartas indudables de Pablo y de ambasentre s\u00ed, pues no est\u00e1 un\u00e1nimemente aceptado que Efesios y Colosenses tengan un mismo autor.","breadcrumb":{"@id":"https:\/\/libreriaguadalupe.com.ar\/libreria\/producto\/efesios-y-colosenses-dos-cartas-de-pablo\/#breadcrumb"},"inLanguage":"es","potentialAction":[{"@type":"ReadAction","target":["https:\/\/libreriaguadalupe.com.ar\/libreria\/producto\/efesios-y-colosenses-dos-cartas-de-pablo\/"]}]},{"@type":"ImageObject","inLanguage":"es","@id":"https:\/\/libreriaguadalupe.com.ar\/libreria\/producto\/efesios-y-colosenses-dos-cartas-de-pablo\/#primaryimage","url":"https:\/\/i0.wp.com\/libreriaguadalupe.com.ar\/libreria\/wp-content\/uploads\/2023\/01\/Efesios-y-colosenses-dos-cartas-de-Pablo.jpg?fit=380%2C586&ssl=1","contentUrl":"https:\/\/i0.wp.com\/libreriaguadalupe.com.ar\/libreria\/wp-content\/uploads\/2023\/01\/Efesios-y-colosenses-dos-cartas-de-Pablo.jpg?fit=380%2C586&ssl=1","width":380,"height":586},{"@type":"BreadcrumbList","@id":"https:\/\/libreriaguadalupe.com.ar\/libreria\/producto\/efesios-y-colosenses-dos-cartas-de-pablo\/#breadcrumb","itemListElement":[{"@type":"ListItem","position":1,"name":"Portada","item":"https:\/\/libreriaguadalupe.com.ar\/libreria\/"},{"@type":"ListItem","position":2,"name":"Tienda","item":"https:\/\/libreriaguadalupe.com.ar\/libreria\/"},{"@type":"ListItem","position":3,"name":"Efesios y colosenses, \u00bfdos cartas de Pablo?"}]},{"@type":"WebSite","@id":"https:\/\/libreriaguadalupe.com.ar\/libreria\/#website","url":"https:\/\/libreriaguadalupe.com.ar\/libreria\/","name":"Editorial Guadalupe de Argentina","description":"Congregaci\u00f3n del Verbo Divino","publisher":{"@id":"https:\/\/libreriaguadalupe.com.ar\/libreria\/#organization"},"alternateName":"Librer\u00eda Guadalupe","potentialAction":[{"@type":"SearchAction","target":{"@type":"EntryPoint","urlTemplate":"https:\/\/libreriaguadalupe.com.ar\/libreria\/?s={search_term_string}"},"query-input":{"@type":"PropertyValueSpecification","valueRequired":true,"valueName":"search_term_string"}}],"inLanguage":"es"},{"@type":"Organization","@id":"https:\/\/libreriaguadalupe.com.ar\/libreria\/#organization","name":"Editorial Guadalupe","alternateName":"Librer\u00eda Guadalupe","url":"https:\/\/libreriaguadalupe.com.ar\/libreria\/","logo":{"@type":"ImageObject","inLanguage":"es","@id":"https:\/\/libreriaguadalupe.com.ar\/libreria\/#\/schema\/logo\/image\/","url":"https:\/\/i0.wp.com\/libreriaguadalupe.com.ar\/libreria\/wp-content\/uploads\/2023\/01\/cropped-logo-editorial-guadalupe.webp?fit=500%2C100&ssl=1","contentUrl":"https:\/\/i0.wp.com\/libreriaguadalupe.com.ar\/libreria\/wp-content\/uploads\/2023\/01\/cropped-logo-editorial-guadalupe.webp?fit=500%2C100&ssl=1","width":500,"height":100,"caption":"Editorial Guadalupe"},"image":{"@id":"https:\/\/libreriaguadalupe.com.ar\/libreria\/#\/schema\/logo\/image\/"},"sameAs":["https:\/\/www.facebook.com\/LibreriaGuadalupeAR\/","https:\/\/www.instagram.com\/editorialguadalupe\/","https:\/\/guadalupeeditorial.mercadoshops.com.ar\/"]}]}},"jetpack_publicize_connections":[],"jetpack_sharing_enabled":true,"jetpack-related-posts":[{"id":16823,"url":"https:\/\/libreriaguadalupe.com.ar\/libreria\/producto\/dios-es-imparcial\/","url_meta":{"origin":12834,"position":0},"title":"Dios Es Imparcial?","author":"admin","date":"22\/03\/2023","format":false,"excerpt":"Una lectura clave de la Carta a los Romanos Autor: DE LA SERNA EDUARDO ISBN: 9789505005802 Dimensiones: 20 x 20 cm P\u00e1ginas: 72","rel":"","context":"Entrada similar","block_context":{"text":"Entrada similar","link":""},"img":{"alt_text":"","src":"https:\/\/i0.wp.com\/libreriaguadalupe.com.ar\/libreria\/wp-content\/uploads\/2023\/03\/Dios-Es-Imparcial.jpeg?fit=500%2C447&ssl=1&resize=350%2C200","width":350,"height":200},"classes":[]},{"id":12937,"url":"https:\/\/libreriaguadalupe.com.ar\/libreria\/producto\/hasta-los-confines-de-la-tierra-parte-iii\/","url_meta":{"origin":12834,"position":1},"title":"Hasta los confines de la tierra Parte III","author":"admin","date":"18\/01\/2023","format":false,"excerpt":"La profec\u00eda Autor: Jos\u00e9 Luis Sicre D\u00edaz ISBN: 8481697452 Dimensiones: 14 x 21 cm P\u00e1ginas: 432","rel":"","context":"Entrada similar","block_context":{"text":"Entrada similar","link":""},"img":{"alt_text":"","src":"https:\/\/i0.wp.com\/libreriaguadalupe.com.ar\/libreria\/wp-content\/uploads\/2023\/01\/Hasta-los-confines-de-la-tierra-3.jpg?fit=380%2C586&ssl=1&resize=350%2C200","width":350,"height":200},"classes":[]},{"id":15551,"url":"https:\/\/libreriaguadalupe.com.ar\/libreria\/producto\/1-y-2-corintios-1-y-2-tesalonicenses-2\/","url_meta":{"origin":12834,"position":2},"title":"1 Y 2 CORINTIOS 1 Y 2 TESALONICENSES","author":"admin","date":"07\/02\/2023","format":false,"excerpt":"Autor: EDUARDO C\u00f3rdova Gonz\u00e1lez ISBN: 8490732212 Dimensiones: 14 x 21 cm P\u00e1ginas: 400","rel":"","context":"Entrada similar","block_context":{"text":"Entrada similar","link":""},"img":{"alt_text":"","src":"https:\/\/i0.wp.com\/libreriaguadalupe.com.ar\/libreria\/wp-content\/uploads\/2023\/01\/0.jpg?fit=337%2C500&ssl=1&resize=350%2C200","width":350,"height":200},"classes":[]},{"id":15471,"url":"https:\/\/libreriaguadalupe.com.ar\/libreria\/producto\/a-vueltas-con-la-parroquia-balance-y-perspectivas-2\/","url_meta":{"origin":12834,"position":3},"title":"A vueltas con la parroquia: balance y perspectivas","author":"admin","date":"07\/02\/2023","format":false,"excerpt":"XVIII Semana de estudios de Teolog\u00eda Pastoral Autor: Instituto Superior de Pastoral Universidad Pontificia de Salamanca ISBN: 8481697872 Dimensiones: 12,5 x 20 cm P\u00e1ginas: 400","rel":"","context":"Entrada similar","block_context":{"text":"Entrada similar","link":""},"img":{"alt_text":"","src":"https:\/\/i0.wp.com\/libreriaguadalupe.com.ar\/libreria\/wp-content\/uploads\/1674\/33\/1150.jpg?fit=227%2C380&ssl=1&resize=350%2C200","width":350,"height":200},"classes":[]},{"id":13097,"url":"https:\/\/libreriaguadalupe.com.ar\/libreria\/producto\/el-dios-que-esta-teologia-del-antiguo-testamento\/","url_meta":{"origin":12834,"position":4},"title":"El Dios que Esta","author":"admin","date":"18\/01\/2023","format":false,"excerpt":"Teolog\u00eda del Antiguo Testamento Autor: Pablo Rub\u00e9n Andi\u00f1ach ISBN: 8490730720 Dimensiones: 16 x 24 cm P\u00e1ginas: 416","rel":"","context":"Entrada similar","block_context":{"text":"Entrada similar","link":""},"img":{"alt_text":"","src":"https:\/\/i0.wp.com\/libreriaguadalupe.com.ar\/libreria\/wp-content\/uploads\/2023\/01\/El-Dios-que-Esta.jpg?fit=380%2C586&ssl=1&resize=350%2C200","width":350,"height":200},"classes":[]},{"id":15504,"url":"https:\/\/libreriaguadalupe.com.ar\/libreria\/producto\/mundo-en-crisis-fe-en-crisis-2\/","url_meta":{"origin":12834,"position":5},"title":"Mundo en Crisis, Fe en Crisis","author":"admin","date":"07\/02\/2023","format":false,"excerpt":"V Semana de estudios de Teolog\u00eda Pastoral AUTOR: EVD ISBN: 8481690866","rel":"","context":"Entrada similar","block_context":{"text":"Entrada similar","link":""},"img":{"alt_text":"","src":"","width":0,"height":0},"classes":[]}],"_links":{"self":[{"href":"https:\/\/libreriaguadalupe.com.ar\/libreria\/wp-json\/wp\/v2\/product\/12834","targetHints":{"allow":["GET"]}}],"collection":[{"href":"https:\/\/libreriaguadalupe.com.ar\/libreria\/wp-json\/wp\/v2\/product"}],"about":[{"href":"https:\/\/libreriaguadalupe.com.ar\/libreria\/wp-json\/wp\/v2\/types\/product"}],"replies":[{"embeddable":true,"href":"https:\/\/libreriaguadalupe.com.ar\/libreria\/wp-json\/wp\/v2\/comments?post=12834"}],"version-history":[{"count":3,"href":"https:\/\/libreriaguadalupe.com.ar\/libreria\/wp-json\/wp\/v2\/product\/12834\/revisions"}],"predecessor-version":[{"id":17058,"href":"https:\/\/libreriaguadalupe.com.ar\/libreria\/wp-json\/wp\/v2\/product\/12834\/revisions\/17058"}],"wp:featuredmedia":[{"embeddable":true,"href":"https:\/\/libreriaguadalupe.com.ar\/libreria\/wp-json\/wp\/v2\/media\/17056"}],"wp:attachment":[{"href":"https:\/\/libreriaguadalupe.com.ar\/libreria\/wp-json\/wp\/v2\/media?parent=12834"}],"wp:term":[{"taxonomy":"product_brand","embeddable":true,"href":"https:\/\/libreriaguadalupe.com.ar\/libreria\/wp-json\/wp\/v2\/product_brand?post=12834"},{"taxonomy":"product_cat","embeddable":true,"href":"https:\/\/libreriaguadalupe.com.ar\/libreria\/wp-json\/wp\/v2\/product_cat?post=12834"},{"taxonomy":"product_tag","embeddable":true,"href":"https:\/\/libreriaguadalupe.com.ar\/libreria\/wp-json\/wp\/v2\/product_tag?post=12834"}],"curies":[{"name":"wp","href":"https:\/\/api.w.org\/{rel}","templated":true}]}}