{"id":12815,"date":"2023-01-18T18:46:13","date_gmt":"2023-01-18T21:46:13","guid":{"rendered":"https:\/\/libreriaguadalupe.com.ar\/libreria\/?post_type=product&#038;p=12815"},"modified":"2024-07-01T12:17:24","modified_gmt":"2024-07-01T15:17:24","slug":"la-cruz-como-raiz-de-la-perfecta-alegria","status":"publish","type":"product","link":"https:\/\/libreriaguadalupe.com.ar\/libreria\/producto\/la-cruz-como-raiz-de-la-perfecta-alegria\/","title":{"rendered":"La cruz como raiz de la perfecta alegria"},"content":{"rendered":"<p>Dos grandes maestros, el padre Raniero Cantalamessa y el cardenal Carlo Maria Martini, vuelven a la figura de san Francisco de As\u00eds y, leyendo algunos pasajes b\u00edblicos, conducen al lector a redescubrir la ra\u00edz de la perfecta alegr\u00eda en la misteriosa belleza de la cruz.<\/p>\n","protected":false},"excerpt":{"rendered":"<h5 class=\"my-1 font-weight-normal\">Francisco de As\u00eds habla a los sacerdotes<\/h5>\n<p>Autor: Carlo Maria Martini,\u00a0Raniero Cantalamessa<strong><br \/>\n<\/strong>ISBN: 8481695748<br \/>\nDimensiones: 12 x 19 cm<br \/>\nP\u00e1ginas: 144<\/p>\n","protected":false},"featured_media":17053,"comment_status":"open","ping_status":"closed","template":"","meta":{"jetpack_publicize_message":"","jetpack_publicize_feature_enabled":true,"jetpack_social_post_already_shared":false,"jetpack_social_options":{"image_generator_settings":{"template":"highway","default_image_id":0,"font":"","enabled":false},"version":2}},"product_brand":[],"product_cat":[109],"product_tag":[127],"class_list":{"0":"post-12815","1":"product","2":"type-product","3":"status-publish","4":"has-post-thumbnail","6":"product_cat-verbo-divino","7":"product_tag-editorial-guadalupe-de-argentina","9":"first","10":"outofstock","11":"shipping-taxable","12":"purchasable","13":"product-type-simple"},"yoast_head":"<!-- This site is optimized with the Yoast SEO plugin v27.4 - https:\/\/yoast.com\/product\/yoast-seo-wordpress\/ -->\n<title>La cruz como raiz de la perfecta alegria - Editorial Guadalupe de Argentina<\/title>\n<meta name=\"description\" content=\"Dos grandes maestros, el padre Raniero Cantalamessa y el cardenal Carlo Maria Martini, vuelven a la figura de san Francisco de As\u00eds y, leyendo algunos pasajes b\u00edblicos, conducen al lector a redescubrir la ra\u00edz de la perfecta alegr\u00eda en la misteriosa belleza de la cruz.\" \/>\n<meta name=\"robots\" content=\"index, follow, max-snippet:-1, max-image-preview:large, max-video-preview:-1\" \/>\n<link rel=\"canonical\" href=\"https:\/\/libreriaguadalupe.com.ar\/libreria\/producto\/la-cruz-como-raiz-de-la-perfecta-alegria\/\" \/>\n<meta property=\"og:locale\" content=\"es_ES\" \/>\n<meta property=\"og:type\" content=\"article\" \/>\n<meta property=\"og:title\" content=\"La cruz como raiz de la perfecta alegria - Editorial Guadalupe de Argentina\" \/>\n<meta property=\"og:description\" content=\"Dos grandes maestros, el padre Raniero Cantalamessa y el cardenal Carlo Maria Martini, vuelven a la figura de san Francisco de As\u00eds y, leyendo algunos pasajes b\u00edblicos, conducen al lector a redescubrir la ra\u00edz de la perfecta alegr\u00eda en la misteriosa belleza de la cruz.\" \/>\n<meta property=\"og:url\" content=\"https:\/\/libreriaguadalupe.com.ar\/libreria\/producto\/la-cruz-como-raiz-de-la-perfecta-alegria\/\" \/>\n<meta property=\"og:site_name\" content=\"Editorial Guadalupe de Argentina\" \/>\n<meta property=\"article:publisher\" content=\"https:\/\/www.facebook.com\/LibreriaGuadalupeAR\/\" \/>\n<meta property=\"article:modified_time\" content=\"2024-07-01T15:17:24+00:00\" \/>\n<meta property=\"og:image\" content=\"https:\/\/libreriaguadalupe.com.ar\/libreria\/wp-content\/uploads\/2023\/01\/La-cruz-como-raiz-de-la-perfecta-alegria.jpg\" \/>\n\t<meta property=\"og:image:width\" content=\"380\" \/>\n\t<meta property=\"og:image:height\" content=\"586\" \/>\n\t<meta property=\"og:image:type\" content=\"image\/jpeg\" \/>\n<meta name=\"twitter:card\" content=\"summary_large_image\" \/>\n<meta name=\"twitter:label1\" content=\"Tiempo de lectura\" \/>\n\t<meta name=\"twitter:data1\" content=\"1 minuto\" \/>\n<script type=\"application\/ld+json\" class=\"yoast-schema-graph\">{\"@context\":\"https:\\\/\\\/schema.org\",\"@graph\":[{\"@type\":\"WebPage\",\"@id\":\"https:\\\/\\\/libreriaguadalupe.com.ar\\\/libreria\\\/producto\\\/la-cruz-como-raiz-de-la-perfecta-alegria\\\/\",\"url\":\"https:\\\/\\\/libreriaguadalupe.com.ar\\\/libreria\\\/producto\\\/la-cruz-como-raiz-de-la-perfecta-alegria\\\/\",\"name\":\"La cruz como raiz de la perfecta alegria - Editorial Guadalupe de Argentina\",\"isPartOf\":{\"@id\":\"https:\\\/\\\/libreriaguadalupe.com.ar\\\/libreria\\\/#website\"},\"primaryImageOfPage\":{\"@id\":\"https:\\\/\\\/libreriaguadalupe.com.ar\\\/libreria\\\/producto\\\/la-cruz-como-raiz-de-la-perfecta-alegria\\\/#primaryimage\"},\"image\":{\"@id\":\"https:\\\/\\\/libreriaguadalupe.com.ar\\\/libreria\\\/producto\\\/la-cruz-como-raiz-de-la-perfecta-alegria\\\/#primaryimage\"},\"thumbnailUrl\":\"https:\\\/\\\/i0.wp.com\\\/libreriaguadalupe.com.ar\\\/libreria\\\/wp-content\\\/uploads\\\/2023\\\/01\\\/La-cruz-como-raiz-de-la-perfecta-alegria.jpg?fit=380%2C586&ssl=1\",\"datePublished\":\"2023-01-18T21:46:13+00:00\",\"dateModified\":\"2024-07-01T15:17:24+00:00\",\"description\":\"Dos grandes maestros, el padre Raniero Cantalamessa y el cardenal Carlo Maria Martini, vuelven a la figura de san Francisco de As\u00eds y, leyendo algunos pasajes b\u00edblicos, conducen al lector a redescubrir la ra\u00edz de la perfecta alegr\u00eda en la misteriosa belleza de la cruz.\",\"breadcrumb\":{\"@id\":\"https:\\\/\\\/libreriaguadalupe.com.ar\\\/libreria\\\/producto\\\/la-cruz-como-raiz-de-la-perfecta-alegria\\\/#breadcrumb\"},\"inLanguage\":\"es\",\"potentialAction\":[{\"@type\":\"ReadAction\",\"target\":[\"https:\\\/\\\/libreriaguadalupe.com.ar\\\/libreria\\\/producto\\\/la-cruz-como-raiz-de-la-perfecta-alegria\\\/\"]}]},{\"@type\":\"ImageObject\",\"inLanguage\":\"es\",\"@id\":\"https:\\\/\\\/libreriaguadalupe.com.ar\\\/libreria\\\/producto\\\/la-cruz-como-raiz-de-la-perfecta-alegria\\\/#primaryimage\",\"url\":\"https:\\\/\\\/i0.wp.com\\\/libreriaguadalupe.com.ar\\\/libreria\\\/wp-content\\\/uploads\\\/2023\\\/01\\\/La-cruz-como-raiz-de-la-perfecta-alegria.jpg?fit=380%2C586&ssl=1\",\"contentUrl\":\"https:\\\/\\\/i0.wp.com\\\/libreriaguadalupe.com.ar\\\/libreria\\\/wp-content\\\/uploads\\\/2023\\\/01\\\/La-cruz-como-raiz-de-la-perfecta-alegria.jpg?fit=380%2C586&ssl=1\",\"width\":380,\"height\":586},{\"@type\":\"BreadcrumbList\",\"@id\":\"https:\\\/\\\/libreriaguadalupe.com.ar\\\/libreria\\\/producto\\\/la-cruz-como-raiz-de-la-perfecta-alegria\\\/#breadcrumb\",\"itemListElement\":[{\"@type\":\"ListItem\",\"position\":1,\"name\":\"Portada\",\"item\":\"https:\\\/\\\/libreriaguadalupe.com.ar\\\/libreria\\\/\"},{\"@type\":\"ListItem\",\"position\":2,\"name\":\"Tienda\",\"item\":\"https:\\\/\\\/libreriaguadalupe.com.ar\\\/libreria\\\/\"},{\"@type\":\"ListItem\",\"position\":3,\"name\":\"La cruz como raiz de la perfecta alegria\"}]},{\"@type\":\"WebSite\",\"@id\":\"https:\\\/\\\/libreriaguadalupe.com.ar\\\/libreria\\\/#website\",\"url\":\"https:\\\/\\\/libreriaguadalupe.com.ar\\\/libreria\\\/\",\"name\":\"Editorial Guadalupe de Argentina\",\"description\":\"Congregaci\u00f3n del Verbo Divino\",\"publisher\":{\"@id\":\"https:\\\/\\\/libreriaguadalupe.com.ar\\\/libreria\\\/#organization\"},\"alternateName\":\"Librer\u00eda Guadalupe\",\"potentialAction\":[{\"@type\":\"SearchAction\",\"target\":{\"@type\":\"EntryPoint\",\"urlTemplate\":\"https:\\\/\\\/libreriaguadalupe.com.ar\\\/libreria\\\/?s={search_term_string}\"},\"query-input\":{\"@type\":\"PropertyValueSpecification\",\"valueRequired\":true,\"valueName\":\"search_term_string\"}}],\"inLanguage\":\"es\"},{\"@type\":\"Organization\",\"@id\":\"https:\\\/\\\/libreriaguadalupe.com.ar\\\/libreria\\\/#organization\",\"name\":\"Editorial Guadalupe\",\"alternateName\":\"Librer\u00eda Guadalupe\",\"url\":\"https:\\\/\\\/libreriaguadalupe.com.ar\\\/libreria\\\/\",\"logo\":{\"@type\":\"ImageObject\",\"inLanguage\":\"es\",\"@id\":\"https:\\\/\\\/libreriaguadalupe.com.ar\\\/libreria\\\/#\\\/schema\\\/logo\\\/image\\\/\",\"url\":\"https:\\\/\\\/i0.wp.com\\\/libreriaguadalupe.com.ar\\\/libreria\\\/wp-content\\\/uploads\\\/2023\\\/01\\\/cropped-logo-editorial-guadalupe.webp?fit=500%2C100&ssl=1\",\"contentUrl\":\"https:\\\/\\\/i0.wp.com\\\/libreriaguadalupe.com.ar\\\/libreria\\\/wp-content\\\/uploads\\\/2023\\\/01\\\/cropped-logo-editorial-guadalupe.webp?fit=500%2C100&ssl=1\",\"width\":500,\"height\":100,\"caption\":\"Editorial Guadalupe\"},\"image\":{\"@id\":\"https:\\\/\\\/libreriaguadalupe.com.ar\\\/libreria\\\/#\\\/schema\\\/logo\\\/image\\\/\"},\"sameAs\":[\"https:\\\/\\\/www.facebook.com\\\/LibreriaGuadalupeAR\\\/\",\"https:\\\/\\\/www.instagram.com\\\/editorialguadalupe\\\/\",\"https:\\\/\\\/guadalupeeditorial.mercadoshops.com.ar\\\/\"]}]}<\/script>\n<!-- \/ Yoast SEO plugin. -->","yoast_head_json":{"title":"La cruz como raiz de la perfecta alegria - Editorial Guadalupe de Argentina","description":"Dos grandes maestros, el padre Raniero Cantalamessa y el cardenal Carlo Maria Martini, vuelven a la figura de san Francisco de As\u00eds y, leyendo algunos pasajes b\u00edblicos, conducen al lector a redescubrir la ra\u00edz de la perfecta alegr\u00eda en la misteriosa belleza de la cruz.","robots":{"index":"index","follow":"follow","max-snippet":"max-snippet:-1","max-image-preview":"max-image-preview:large","max-video-preview":"max-video-preview:-1"},"canonical":"https:\/\/libreriaguadalupe.com.ar\/libreria\/producto\/la-cruz-como-raiz-de-la-perfecta-alegria\/","og_locale":"es_ES","og_type":"article","og_title":"La cruz como raiz de la perfecta alegria - Editorial Guadalupe de Argentina","og_description":"Dos grandes maestros, el padre Raniero Cantalamessa y el cardenal Carlo Maria Martini, vuelven a la figura de san Francisco de As\u00eds y, leyendo algunos pasajes b\u00edblicos, conducen al lector a redescubrir la ra\u00edz de la perfecta alegr\u00eda en la misteriosa belleza de la cruz.","og_url":"https:\/\/libreriaguadalupe.com.ar\/libreria\/producto\/la-cruz-como-raiz-de-la-perfecta-alegria\/","og_site_name":"Editorial Guadalupe de Argentina","article_publisher":"https:\/\/www.facebook.com\/LibreriaGuadalupeAR\/","article_modified_time":"2024-07-01T15:17:24+00:00","og_image":[{"width":380,"height":586,"url":"https:\/\/libreriaguadalupe.com.ar\/libreria\/wp-content\/uploads\/2023\/01\/La-cruz-como-raiz-de-la-perfecta-alegria.jpg","type":"image\/jpeg"}],"twitter_card":"summary_large_image","twitter_misc":{"Tiempo de lectura":"1 minuto"},"schema":{"@context":"https:\/\/schema.org","@graph":[{"@type":"WebPage","@id":"https:\/\/libreriaguadalupe.com.ar\/libreria\/producto\/la-cruz-como-raiz-de-la-perfecta-alegria\/","url":"https:\/\/libreriaguadalupe.com.ar\/libreria\/producto\/la-cruz-como-raiz-de-la-perfecta-alegria\/","name":"La cruz como raiz de la perfecta alegria - Editorial Guadalupe de Argentina","isPartOf":{"@id":"https:\/\/libreriaguadalupe.com.ar\/libreria\/#website"},"primaryImageOfPage":{"@id":"https:\/\/libreriaguadalupe.com.ar\/libreria\/producto\/la-cruz-como-raiz-de-la-perfecta-alegria\/#primaryimage"},"image":{"@id":"https:\/\/libreriaguadalupe.com.ar\/libreria\/producto\/la-cruz-como-raiz-de-la-perfecta-alegria\/#primaryimage"},"thumbnailUrl":"https:\/\/i0.wp.com\/libreriaguadalupe.com.ar\/libreria\/wp-content\/uploads\/2023\/01\/La-cruz-como-raiz-de-la-perfecta-alegria.jpg?fit=380%2C586&ssl=1","datePublished":"2023-01-18T21:46:13+00:00","dateModified":"2024-07-01T15:17:24+00:00","description":"Dos grandes maestros, el padre Raniero Cantalamessa y el cardenal Carlo Maria Martini, vuelven a la figura de san Francisco de As\u00eds y, leyendo algunos pasajes b\u00edblicos, conducen al lector a redescubrir la ra\u00edz de la perfecta alegr\u00eda en la misteriosa belleza de la cruz.","breadcrumb":{"@id":"https:\/\/libreriaguadalupe.com.ar\/libreria\/producto\/la-cruz-como-raiz-de-la-perfecta-alegria\/#breadcrumb"},"inLanguage":"es","potentialAction":[{"@type":"ReadAction","target":["https:\/\/libreriaguadalupe.com.ar\/libreria\/producto\/la-cruz-como-raiz-de-la-perfecta-alegria\/"]}]},{"@type":"ImageObject","inLanguage":"es","@id":"https:\/\/libreriaguadalupe.com.ar\/libreria\/producto\/la-cruz-como-raiz-de-la-perfecta-alegria\/#primaryimage","url":"https:\/\/i0.wp.com\/libreriaguadalupe.com.ar\/libreria\/wp-content\/uploads\/2023\/01\/La-cruz-como-raiz-de-la-perfecta-alegria.jpg?fit=380%2C586&ssl=1","contentUrl":"https:\/\/i0.wp.com\/libreriaguadalupe.com.ar\/libreria\/wp-content\/uploads\/2023\/01\/La-cruz-como-raiz-de-la-perfecta-alegria.jpg?fit=380%2C586&ssl=1","width":380,"height":586},{"@type":"BreadcrumbList","@id":"https:\/\/libreriaguadalupe.com.ar\/libreria\/producto\/la-cruz-como-raiz-de-la-perfecta-alegria\/#breadcrumb","itemListElement":[{"@type":"ListItem","position":1,"name":"Portada","item":"https:\/\/libreriaguadalupe.com.ar\/libreria\/"},{"@type":"ListItem","position":2,"name":"Tienda","item":"https:\/\/libreriaguadalupe.com.ar\/libreria\/"},{"@type":"ListItem","position":3,"name":"La cruz como raiz de la perfecta alegria"}]},{"@type":"WebSite","@id":"https:\/\/libreriaguadalupe.com.ar\/libreria\/#website","url":"https:\/\/libreriaguadalupe.com.ar\/libreria\/","name":"Editorial Guadalupe de Argentina","description":"Congregaci\u00f3n del Verbo Divino","publisher":{"@id":"https:\/\/libreriaguadalupe.com.ar\/libreria\/#organization"},"alternateName":"Librer\u00eda Guadalupe","potentialAction":[{"@type":"SearchAction","target":{"@type":"EntryPoint","urlTemplate":"https:\/\/libreriaguadalupe.com.ar\/libreria\/?s={search_term_string}"},"query-input":{"@type":"PropertyValueSpecification","valueRequired":true,"valueName":"search_term_string"}}],"inLanguage":"es"},{"@type":"Organization","@id":"https:\/\/libreriaguadalupe.com.ar\/libreria\/#organization","name":"Editorial Guadalupe","alternateName":"Librer\u00eda Guadalupe","url":"https:\/\/libreriaguadalupe.com.ar\/libreria\/","logo":{"@type":"ImageObject","inLanguage":"es","@id":"https:\/\/libreriaguadalupe.com.ar\/libreria\/#\/schema\/logo\/image\/","url":"https:\/\/i0.wp.com\/libreriaguadalupe.com.ar\/libreria\/wp-content\/uploads\/2023\/01\/cropped-logo-editorial-guadalupe.webp?fit=500%2C100&ssl=1","contentUrl":"https:\/\/i0.wp.com\/libreriaguadalupe.com.ar\/libreria\/wp-content\/uploads\/2023\/01\/cropped-logo-editorial-guadalupe.webp?fit=500%2C100&ssl=1","width":500,"height":100,"caption":"Editorial Guadalupe"},"image":{"@id":"https:\/\/libreriaguadalupe.com.ar\/libreria\/#\/schema\/logo\/image\/"},"sameAs":["https:\/\/www.facebook.com\/LibreriaGuadalupeAR\/","https:\/\/www.instagram.com\/editorialguadalupe\/","https:\/\/guadalupeeditorial.mercadoshops.com.ar\/"]}]}},"jetpack_publicize_connections":[],"jetpack_sharing_enabled":true,"jetpack-related-posts":[{"id":15125,"url":"https:\/\/libreriaguadalupe.com.ar\/libreria\/producto\/la-cruz-como-raiz-de-la-perfecta-alegria-2\/","url_meta":{"origin":12815,"position":0},"title":"La cruz como raiz de la perfecta alegria","author":"admin","date":"07\/02\/2023","format":false,"excerpt":"","rel":"","context":"Entrada similar","block_context":{"text":"Entrada similar","link":""},"img":{"alt_text":"","src":"","width":0,"height":0},"classes":[]},{"id":18953,"url":"https:\/\/libreriaguadalupe.com.ar\/libreria\/producto\/eduardo-francisco-pironio-biografia-de-un-cristiano-latinoamericano\/","url_meta":{"origin":12815,"position":1},"title":"Eduardo Francisco Pironio &#8211; Biograf\u00eda de un cristiano latinoamericano","author":"Mariano Zuqui","date":"17\/06\/2025","format":false,"excerpt":"Autor: Gianni La Bella T\u00edtulo: \"Eduardo Francisco Pironio - Biograf\u00eda de un cristiano latinoamericano\" ISBN:978-950-500-956-5 Formato: 15.5\u00a0 (ancho) x 22.5 (alto) cms. Interior: 1\/1 color Papel: Bookcel 80 grs. N\u00ba de P\u00e1ginas: 366 Tapa:4 Colores - Cartulina 500 grs -laminado mate Encuadernaci\u00f3n: Binder \u00a0 \u00a0","rel":"","context":"Entrada similar","block_context":{"text":"Entrada similar","link":""},"img":{"alt_text":"","src":"https:\/\/i0.wp.com\/libreriaguadalupe.com.ar\/libreria\/wp-content\/uploads\/2025\/06\/1-2.png?fit=960%2C1200&ssl=1&resize=350%2C200","width":350,"height":200,"srcset":"https:\/\/i0.wp.com\/libreriaguadalupe.com.ar\/libreria\/wp-content\/uploads\/2025\/06\/1-2.png?fit=960%2C1200&ssl=1&resize=350%2C200 1x, https:\/\/i0.wp.com\/libreriaguadalupe.com.ar\/libreria\/wp-content\/uploads\/2025\/06\/1-2.png?fit=960%2C1200&ssl=1&resize=525%2C300 1.5x, https:\/\/i0.wp.com\/libreriaguadalupe.com.ar\/libreria\/wp-content\/uploads\/2025\/06\/1-2.png?fit=960%2C1200&ssl=1&resize=700%2C400 2x"},"classes":[]},{"id":13105,"url":"https:\/\/libreriaguadalupe.com.ar\/libreria\/producto\/invocar-al-padre-oraciones\/","url_meta":{"origin":12815,"position":2},"title":"Invocar al Padre: Oraciones","author":"admin","date":"18\/01\/2023","format":false,"excerpt":"AUTOR: Martini, Carlo ISBN 8499456119","rel":"","context":"Entrada similar","block_context":{"text":"Entrada similar","link":""},"img":{"alt_text":"","src":"https:\/\/i0.wp.com\/libreriaguadalupe.com.ar\/libreria\/wp-content\/uploads\/1674\/33\/1023.jpg?fit=389%2C619&ssl=1&resize=350%2C200","width":350,"height":200},"classes":[]},{"id":14924,"url":"https:\/\/libreriaguadalupe.com.ar\/libreria\/producto\/la-misericordia-100-mensajes-del-papa-francisco-2\/","url_meta":{"origin":12815,"position":3},"title":"La Misericordia. 100 mensajes del Papa Francisco","author":"admin","date":"07\/02\/2023","format":false,"excerpt":"48 p\u00e1g. 5.85X8.70 cm AUTOR:\u00a0BENAVIDES LUIS M. [ VER M\u00c1S OBRAS ] ISBN: 9505007295","rel":"","context":"Entrada similar","block_context":{"text":"Entrada similar","link":""},"img":{"alt_text":"La Misericordia. 100 mensajes del Papa Francisco","src":"https:\/\/i0.wp.com\/libreriaguadalupe.com.ar\/libreria\/wp-content\/uploads\/2023\/03\/LA-MISERICORDIA-100-mensajes-del-Papa-Francisco.png?fit=1000%2C1000&ssl=1&resize=350%2C200","width":350,"height":200,"srcset":"https:\/\/i0.wp.com\/libreriaguadalupe.com.ar\/libreria\/wp-content\/uploads\/2023\/03\/LA-MISERICORDIA-100-mensajes-del-Papa-Francisco.png?fit=1000%2C1000&ssl=1&resize=350%2C200 1x, https:\/\/i0.wp.com\/libreriaguadalupe.com.ar\/libreria\/wp-content\/uploads\/2023\/03\/LA-MISERICORDIA-100-mensajes-del-Papa-Francisco.png?fit=1000%2C1000&ssl=1&resize=525%2C300 1.5x, https:\/\/i0.wp.com\/libreriaguadalupe.com.ar\/libreria\/wp-content\/uploads\/2023\/03\/LA-MISERICORDIA-100-mensajes-del-Papa-Francisco.png?fit=1000%2C1000&ssl=1&resize=700%2C400 2x"},"classes":[]},{"id":16115,"url":"https:\/\/libreriaguadalupe.com.ar\/libreria\/producto\/diario-biblico-2023\/","url_meta":{"origin":12815,"position":4},"title":"Diario B\u00edblico 2023","author":"admin","date":"12\/02\/2023","format":false,"excerpt":"Mar\u00eda, madre del Evangelio Viviente, Manantial de alegr\u00eda para los peque\u00f1os, Ruega por nosotros. Am\u00e9n. Aleluya AUTOR: EQUIPO EDITORIAL ISBN: 0000000711","rel":"","context":"Entrada similar","block_context":{"text":"Entrada similar","link":""},"img":{"alt_text":"","src":"https:\/\/i0.wp.com\/libreriaguadalupe.com.ar\/libreria\/wp-content\/uploads\/2023\/02\/Diario-Biblico-2023-Tapa-Guadalupe-1-chico.jpg?fit=398%2C550&ssl=1&resize=350%2C200","width":350,"height":200},"classes":[]},{"id":17885,"url":"https:\/\/libreriaguadalupe.com.ar\/libreria\/producto\/mama-antula\/","url_meta":{"origin":12815,"position":5},"title":"Mama Antula","author":"admin","date":"14\/03\/2024","format":false,"excerpt":"La viajera que en sus pies solo llevaba la luna Autor: ANDREA CARLA CIANCAGLINI ISBN: 978-950-500-917-6 Dimensiones: 11 x 17 cm P\u00e1ginas: 20","rel":"","context":"Entrada similar","block_context":{"text":"Entrada similar","link":""},"img":{"alt_text":"","src":"https:\/\/i0.wp.com\/libreriaguadalupe.com.ar\/libreria\/wp-content\/uploads\/2024\/03\/NOVEDAD-TIENDA-FEBRERO.jpg?fit=470%2C470&ssl=1&resize=350%2C200","width":350,"height":200},"classes":[]}],"_links":{"self":[{"href":"https:\/\/libreriaguadalupe.com.ar\/libreria\/wp-json\/wp\/v2\/product\/12815","targetHints":{"allow":["GET"]}}],"collection":[{"href":"https:\/\/libreriaguadalupe.com.ar\/libreria\/wp-json\/wp\/v2\/product"}],"about":[{"href":"https:\/\/libreriaguadalupe.com.ar\/libreria\/wp-json\/wp\/v2\/types\/product"}],"replies":[{"embeddable":true,"href":"https:\/\/libreriaguadalupe.com.ar\/libreria\/wp-json\/wp\/v2\/comments?post=12815"}],"version-history":[{"count":3,"href":"https:\/\/libreriaguadalupe.com.ar\/libreria\/wp-json\/wp\/v2\/product\/12815\/revisions"}],"predecessor-version":[{"id":17055,"href":"https:\/\/libreriaguadalupe.com.ar\/libreria\/wp-json\/wp\/v2\/product\/12815\/revisions\/17055"}],"wp:featuredmedia":[{"embeddable":true,"href":"https:\/\/libreriaguadalupe.com.ar\/libreria\/wp-json\/wp\/v2\/media\/17053"}],"wp:attachment":[{"href":"https:\/\/libreriaguadalupe.com.ar\/libreria\/wp-json\/wp\/v2\/media?parent=12815"}],"wp:term":[{"taxonomy":"product_brand","embeddable":true,"href":"https:\/\/libreriaguadalupe.com.ar\/libreria\/wp-json\/wp\/v2\/product_brand?post=12815"},{"taxonomy":"product_cat","embeddable":true,"href":"https:\/\/libreriaguadalupe.com.ar\/libreria\/wp-json\/wp\/v2\/product_cat?post=12815"},{"taxonomy":"product_tag","embeddable":true,"href":"https:\/\/libreriaguadalupe.com.ar\/libreria\/wp-json\/wp\/v2\/product_tag?post=12815"}],"curies":[{"name":"wp","href":"https:\/\/api.w.org\/{rel}","templated":true}]}}