{"id":12765,"date":"2023-01-18T18:46:09","date_gmt":"2023-01-18T21:46:09","guid":{"rendered":"https:\/\/libreriaguadalupe.com.ar\/libreria\/?post_type=product&#038;p=12765"},"modified":"2024-07-01T12:19:08","modified_gmt":"2024-07-01T15:19:08","slug":"diccionario-abreviado-de-liturgia","status":"publish","type":"product","link":"https:\/\/libreriaguadalupe.com.ar\/libreria\/producto\/diccionario-abreviado-de-liturgia\/","title":{"rendered":"Diccionario abreviado de liturgia"},"content":{"rendered":"<p>Los aproximadamente 650 vocablos elegidos est\u00e1n redactados con mayor o menor brevedad de acuerdo a su importancia. Interesa destacar el significado actual de cada t\u00e9rmino con la mayor claridad posible y el lenguaje m\u00e1s cercano. El autor se sit\u00faa en el esp\u00edritu de la reforma lit\u00fargica del Vaticano II. El presente diccionario est\u00e1 pensado para profesores de religi\u00f3n, catequistas, estudiantes de teolog\u00eda, fieles que trabajan en un equipo de liturgia y miembros de comunidades cristianas o parroquias renovadas.<\/p>\n","protected":false},"excerpt":{"rendered":"<p>Autor: Casiano Florist\u00e1n Samanes<strong><br \/>\n<\/strong>ISBN: 8481694512<br \/>\nDimensiones: 10,3 x 21,5 cm<br \/>\nP\u00e1ginas: 324<\/p>\n","protected":false},"featured_media":17035,"comment_status":"open","ping_status":"closed","template":"","meta":{"jetpack_publicize_message":"","jetpack_publicize_feature_enabled":true,"jetpack_social_post_already_shared":false,"jetpack_social_options":{"image_generator_settings":{"template":"highway","default_image_id":0,"font":"","enabled":false},"version":2}},"product_brand":[],"product_cat":[109],"product_tag":[127],"class_list":{"0":"post-12765","1":"product","2":"type-product","3":"status-publish","4":"has-post-thumbnail","6":"product_cat-verbo-divino","7":"product_tag-editorial-guadalupe-de-argentina","9":"first","10":"instock","11":"shipping-taxable","12":"purchasable","13":"product-type-simple"},"yoast_head":"<!-- This site is optimized with the Yoast SEO plugin v27.4 - https:\/\/yoast.com\/product\/yoast-seo-wordpress\/ -->\n<title>Diccionario abreviado de liturgia - Editorial Guadalupe de Argentina<\/title>\n<meta name=\"description\" content=\"Los aproximadamente 650 vocablos elegidos est\u00e1n redactados con mayor o menor brevedad de acuerdo a su importancia. Interesa destacar el significado actual de cada t\u00e9rmino con la mayor claridad posible y el lenguaje m\u00e1s cercano.\" \/>\n<meta name=\"robots\" content=\"index, follow, max-snippet:-1, max-image-preview:large, max-video-preview:-1\" \/>\n<link rel=\"canonical\" href=\"https:\/\/libreriaguadalupe.com.ar\/libreria\/producto\/diccionario-abreviado-de-liturgia\/\" \/>\n<meta property=\"og:locale\" content=\"es_ES\" \/>\n<meta property=\"og:type\" content=\"article\" \/>\n<meta property=\"og:title\" content=\"Diccionario abreviado de liturgia - Editorial Guadalupe de Argentina\" \/>\n<meta property=\"og:description\" content=\"Los aproximadamente 650 vocablos elegidos est\u00e1n redactados con mayor o menor brevedad de acuerdo a su importancia. Interesa destacar el significado actual de cada t\u00e9rmino con la mayor claridad posible y el lenguaje m\u00e1s cercano.\" \/>\n<meta property=\"og:url\" content=\"https:\/\/libreriaguadalupe.com.ar\/libreria\/producto\/diccionario-abreviado-de-liturgia\/\" \/>\n<meta property=\"og:site_name\" content=\"Editorial Guadalupe de Argentina\" \/>\n<meta property=\"article:publisher\" content=\"https:\/\/www.facebook.com\/LibreriaGuadalupeAR\/\" \/>\n<meta property=\"article:modified_time\" content=\"2024-07-01T15:19:08+00:00\" \/>\n<meta property=\"og:image\" content=\"https:\/\/libreriaguadalupe.com.ar\/libreria\/wp-content\/uploads\/2023\/01\/Diccionario-abreviado-de-liturgia.jpg\" \/>\n\t<meta property=\"og:image:width\" content=\"380\" \/>\n\t<meta property=\"og:image:height\" content=\"586\" \/>\n\t<meta property=\"og:image:type\" content=\"image\/jpeg\" \/>\n<meta name=\"twitter:card\" content=\"summary_large_image\" \/>\n<meta name=\"twitter:label1\" content=\"Tiempo de lectura\" \/>\n\t<meta name=\"twitter:data1\" content=\"1 minuto\" \/>\n<script type=\"application\/ld+json\" class=\"yoast-schema-graph\">{\"@context\":\"https:\\\/\\\/schema.org\",\"@graph\":[{\"@type\":\"WebPage\",\"@id\":\"https:\\\/\\\/libreriaguadalupe.com.ar\\\/libreria\\\/producto\\\/diccionario-abreviado-de-liturgia\\\/\",\"url\":\"https:\\\/\\\/libreriaguadalupe.com.ar\\\/libreria\\\/producto\\\/diccionario-abreviado-de-liturgia\\\/\",\"name\":\"Diccionario abreviado de liturgia - Editorial Guadalupe de Argentina\",\"isPartOf\":{\"@id\":\"https:\\\/\\\/libreriaguadalupe.com.ar\\\/libreria\\\/#website\"},\"primaryImageOfPage\":{\"@id\":\"https:\\\/\\\/libreriaguadalupe.com.ar\\\/libreria\\\/producto\\\/diccionario-abreviado-de-liturgia\\\/#primaryimage\"},\"image\":{\"@id\":\"https:\\\/\\\/libreriaguadalupe.com.ar\\\/libreria\\\/producto\\\/diccionario-abreviado-de-liturgia\\\/#primaryimage\"},\"thumbnailUrl\":\"https:\\\/\\\/i0.wp.com\\\/libreriaguadalupe.com.ar\\\/libreria\\\/wp-content\\\/uploads\\\/2023\\\/01\\\/Diccionario-abreviado-de-liturgia.jpg?fit=380%2C586&ssl=1\",\"datePublished\":\"2023-01-18T21:46:09+00:00\",\"dateModified\":\"2024-07-01T15:19:08+00:00\",\"description\":\"Los aproximadamente 650 vocablos elegidos est\u00e1n redactados con mayor o menor brevedad de acuerdo a su importancia. Interesa destacar el significado actual de cada t\u00e9rmino con la mayor claridad posible y el lenguaje m\u00e1s cercano.\",\"breadcrumb\":{\"@id\":\"https:\\\/\\\/libreriaguadalupe.com.ar\\\/libreria\\\/producto\\\/diccionario-abreviado-de-liturgia\\\/#breadcrumb\"},\"inLanguage\":\"es\",\"potentialAction\":[{\"@type\":\"ReadAction\",\"target\":[\"https:\\\/\\\/libreriaguadalupe.com.ar\\\/libreria\\\/producto\\\/diccionario-abreviado-de-liturgia\\\/\"]}]},{\"@type\":\"ImageObject\",\"inLanguage\":\"es\",\"@id\":\"https:\\\/\\\/libreriaguadalupe.com.ar\\\/libreria\\\/producto\\\/diccionario-abreviado-de-liturgia\\\/#primaryimage\",\"url\":\"https:\\\/\\\/i0.wp.com\\\/libreriaguadalupe.com.ar\\\/libreria\\\/wp-content\\\/uploads\\\/2023\\\/01\\\/Diccionario-abreviado-de-liturgia.jpg?fit=380%2C586&ssl=1\",\"contentUrl\":\"https:\\\/\\\/i0.wp.com\\\/libreriaguadalupe.com.ar\\\/libreria\\\/wp-content\\\/uploads\\\/2023\\\/01\\\/Diccionario-abreviado-de-liturgia.jpg?fit=380%2C586&ssl=1\",\"width\":380,\"height\":586},{\"@type\":\"BreadcrumbList\",\"@id\":\"https:\\\/\\\/libreriaguadalupe.com.ar\\\/libreria\\\/producto\\\/diccionario-abreviado-de-liturgia\\\/#breadcrumb\",\"itemListElement\":[{\"@type\":\"ListItem\",\"position\":1,\"name\":\"Portada\",\"item\":\"https:\\\/\\\/libreriaguadalupe.com.ar\\\/libreria\\\/\"},{\"@type\":\"ListItem\",\"position\":2,\"name\":\"Tienda\",\"item\":\"https:\\\/\\\/libreriaguadalupe.com.ar\\\/libreria\\\/\"},{\"@type\":\"ListItem\",\"position\":3,\"name\":\"Diccionario abreviado de liturgia\"}]},{\"@type\":\"WebSite\",\"@id\":\"https:\\\/\\\/libreriaguadalupe.com.ar\\\/libreria\\\/#website\",\"url\":\"https:\\\/\\\/libreriaguadalupe.com.ar\\\/libreria\\\/\",\"name\":\"Editorial Guadalupe de Argentina\",\"description\":\"Congregaci\u00f3n del Verbo Divino\",\"publisher\":{\"@id\":\"https:\\\/\\\/libreriaguadalupe.com.ar\\\/libreria\\\/#organization\"},\"alternateName\":\"Librer\u00eda Guadalupe\",\"potentialAction\":[{\"@type\":\"SearchAction\",\"target\":{\"@type\":\"EntryPoint\",\"urlTemplate\":\"https:\\\/\\\/libreriaguadalupe.com.ar\\\/libreria\\\/?s={search_term_string}\"},\"query-input\":{\"@type\":\"PropertyValueSpecification\",\"valueRequired\":true,\"valueName\":\"search_term_string\"}}],\"inLanguage\":\"es\"},{\"@type\":\"Organization\",\"@id\":\"https:\\\/\\\/libreriaguadalupe.com.ar\\\/libreria\\\/#organization\",\"name\":\"Editorial Guadalupe\",\"alternateName\":\"Librer\u00eda Guadalupe\",\"url\":\"https:\\\/\\\/libreriaguadalupe.com.ar\\\/libreria\\\/\",\"logo\":{\"@type\":\"ImageObject\",\"inLanguage\":\"es\",\"@id\":\"https:\\\/\\\/libreriaguadalupe.com.ar\\\/libreria\\\/#\\\/schema\\\/logo\\\/image\\\/\",\"url\":\"https:\\\/\\\/i0.wp.com\\\/libreriaguadalupe.com.ar\\\/libreria\\\/wp-content\\\/uploads\\\/2023\\\/01\\\/cropped-logo-editorial-guadalupe.webp?fit=500%2C100&ssl=1\",\"contentUrl\":\"https:\\\/\\\/i0.wp.com\\\/libreriaguadalupe.com.ar\\\/libreria\\\/wp-content\\\/uploads\\\/2023\\\/01\\\/cropped-logo-editorial-guadalupe.webp?fit=500%2C100&ssl=1\",\"width\":500,\"height\":100,\"caption\":\"Editorial Guadalupe\"},\"image\":{\"@id\":\"https:\\\/\\\/libreriaguadalupe.com.ar\\\/libreria\\\/#\\\/schema\\\/logo\\\/image\\\/\"},\"sameAs\":[\"https:\\\/\\\/www.facebook.com\\\/LibreriaGuadalupeAR\\\/\",\"https:\\\/\\\/www.instagram.com\\\/editorialguadalupe\\\/\",\"https:\\\/\\\/guadalupeeditorial.mercadoshops.com.ar\\\/\"]}]}<\/script>\n<!-- \/ Yoast SEO plugin. -->","yoast_head_json":{"title":"Diccionario abreviado de liturgia - Editorial Guadalupe de Argentina","description":"Los aproximadamente 650 vocablos elegidos est\u00e1n redactados con mayor o menor brevedad de acuerdo a su importancia. Interesa destacar el significado actual de cada t\u00e9rmino con la mayor claridad posible y el lenguaje m\u00e1s cercano.","robots":{"index":"index","follow":"follow","max-snippet":"max-snippet:-1","max-image-preview":"max-image-preview:large","max-video-preview":"max-video-preview:-1"},"canonical":"https:\/\/libreriaguadalupe.com.ar\/libreria\/producto\/diccionario-abreviado-de-liturgia\/","og_locale":"es_ES","og_type":"article","og_title":"Diccionario abreviado de liturgia - Editorial Guadalupe de Argentina","og_description":"Los aproximadamente 650 vocablos elegidos est\u00e1n redactados con mayor o menor brevedad de acuerdo a su importancia. Interesa destacar el significado actual de cada t\u00e9rmino con la mayor claridad posible y el lenguaje m\u00e1s cercano.","og_url":"https:\/\/libreriaguadalupe.com.ar\/libreria\/producto\/diccionario-abreviado-de-liturgia\/","og_site_name":"Editorial Guadalupe de Argentina","article_publisher":"https:\/\/www.facebook.com\/LibreriaGuadalupeAR\/","article_modified_time":"2024-07-01T15:19:08+00:00","og_image":[{"width":380,"height":586,"url":"https:\/\/libreriaguadalupe.com.ar\/libreria\/wp-content\/uploads\/2023\/01\/Diccionario-abreviado-de-liturgia.jpg","type":"image\/jpeg"}],"twitter_card":"summary_large_image","twitter_misc":{"Tiempo de lectura":"1 minuto"},"schema":{"@context":"https:\/\/schema.org","@graph":[{"@type":"WebPage","@id":"https:\/\/libreriaguadalupe.com.ar\/libreria\/producto\/diccionario-abreviado-de-liturgia\/","url":"https:\/\/libreriaguadalupe.com.ar\/libreria\/producto\/diccionario-abreviado-de-liturgia\/","name":"Diccionario abreviado de liturgia - Editorial Guadalupe de Argentina","isPartOf":{"@id":"https:\/\/libreriaguadalupe.com.ar\/libreria\/#website"},"primaryImageOfPage":{"@id":"https:\/\/libreriaguadalupe.com.ar\/libreria\/producto\/diccionario-abreviado-de-liturgia\/#primaryimage"},"image":{"@id":"https:\/\/libreriaguadalupe.com.ar\/libreria\/producto\/diccionario-abreviado-de-liturgia\/#primaryimage"},"thumbnailUrl":"https:\/\/i0.wp.com\/libreriaguadalupe.com.ar\/libreria\/wp-content\/uploads\/2023\/01\/Diccionario-abreviado-de-liturgia.jpg?fit=380%2C586&ssl=1","datePublished":"2023-01-18T21:46:09+00:00","dateModified":"2024-07-01T15:19:08+00:00","description":"Los aproximadamente 650 vocablos elegidos est\u00e1n redactados con mayor o menor brevedad de acuerdo a su importancia. Interesa destacar el significado actual de cada t\u00e9rmino con la mayor claridad posible y el lenguaje m\u00e1s cercano.","breadcrumb":{"@id":"https:\/\/libreriaguadalupe.com.ar\/libreria\/producto\/diccionario-abreviado-de-liturgia\/#breadcrumb"},"inLanguage":"es","potentialAction":[{"@type":"ReadAction","target":["https:\/\/libreriaguadalupe.com.ar\/libreria\/producto\/diccionario-abreviado-de-liturgia\/"]}]},{"@type":"ImageObject","inLanguage":"es","@id":"https:\/\/libreriaguadalupe.com.ar\/libreria\/producto\/diccionario-abreviado-de-liturgia\/#primaryimage","url":"https:\/\/i0.wp.com\/libreriaguadalupe.com.ar\/libreria\/wp-content\/uploads\/2023\/01\/Diccionario-abreviado-de-liturgia.jpg?fit=380%2C586&ssl=1","contentUrl":"https:\/\/i0.wp.com\/libreriaguadalupe.com.ar\/libreria\/wp-content\/uploads\/2023\/01\/Diccionario-abreviado-de-liturgia.jpg?fit=380%2C586&ssl=1","width":380,"height":586},{"@type":"BreadcrumbList","@id":"https:\/\/libreriaguadalupe.com.ar\/libreria\/producto\/diccionario-abreviado-de-liturgia\/#breadcrumb","itemListElement":[{"@type":"ListItem","position":1,"name":"Portada","item":"https:\/\/libreriaguadalupe.com.ar\/libreria\/"},{"@type":"ListItem","position":2,"name":"Tienda","item":"https:\/\/libreriaguadalupe.com.ar\/libreria\/"},{"@type":"ListItem","position":3,"name":"Diccionario abreviado de liturgia"}]},{"@type":"WebSite","@id":"https:\/\/libreriaguadalupe.com.ar\/libreria\/#website","url":"https:\/\/libreriaguadalupe.com.ar\/libreria\/","name":"Editorial Guadalupe de Argentina","description":"Congregaci\u00f3n del Verbo Divino","publisher":{"@id":"https:\/\/libreriaguadalupe.com.ar\/libreria\/#organization"},"alternateName":"Librer\u00eda Guadalupe","potentialAction":[{"@type":"SearchAction","target":{"@type":"EntryPoint","urlTemplate":"https:\/\/libreriaguadalupe.com.ar\/libreria\/?s={search_term_string}"},"query-input":{"@type":"PropertyValueSpecification","valueRequired":true,"valueName":"search_term_string"}}],"inLanguage":"es"},{"@type":"Organization","@id":"https:\/\/libreriaguadalupe.com.ar\/libreria\/#organization","name":"Editorial Guadalupe","alternateName":"Librer\u00eda Guadalupe","url":"https:\/\/libreriaguadalupe.com.ar\/libreria\/","logo":{"@type":"ImageObject","inLanguage":"es","@id":"https:\/\/libreriaguadalupe.com.ar\/libreria\/#\/schema\/logo\/image\/","url":"https:\/\/i0.wp.com\/libreriaguadalupe.com.ar\/libreria\/wp-content\/uploads\/2023\/01\/cropped-logo-editorial-guadalupe.webp?fit=500%2C100&ssl=1","contentUrl":"https:\/\/i0.wp.com\/libreriaguadalupe.com.ar\/libreria\/wp-content\/uploads\/2023\/01\/cropped-logo-editorial-guadalupe.webp?fit=500%2C100&ssl=1","width":500,"height":100,"caption":"Editorial Guadalupe"},"image":{"@id":"https:\/\/libreriaguadalupe.com.ar\/libreria\/#\/schema\/logo\/image\/"},"sameAs":["https:\/\/www.facebook.com\/LibreriaGuadalupeAR\/","https:\/\/www.instagram.com\/editorialguadalupe\/","https:\/\/guadalupeeditorial.mercadoshops.com.ar\/"]}]}},"jetpack_publicize_connections":[],"jetpack_sharing_enabled":true,"jetpack-related-posts":[{"id":15082,"url":"https:\/\/libreriaguadalupe.com.ar\/libreria\/producto\/diccionario-abreviado-de-liturgia-2\/","url_meta":{"origin":12765,"position":0},"title":"Diccionario abreviado de liturgia","author":"admin","date":"07\/02\/2023","format":false,"excerpt":"","rel":"","context":"Entrada similar","block_context":{"text":"Entrada similar","link":""},"img":{"alt_text":"","src":"","width":0,"height":0},"classes":[]},{"id":12767,"url":"https:\/\/libreriaguadalupe.com.ar\/libreria\/producto\/diccionario-de-pensadores-cristianos\/","url_meta":{"origin":12765,"position":1},"title":"Diccionario de pensadores cristianos","author":"admin","date":"18\/01\/2023","format":false,"excerpt":"Autor:\u00a0Xabier Pikaza Ibarrondo ISBN: 8499451060 Dimensiones: 15,5 x 24 cm P\u00e1ginas: 992","rel":"","context":"Entrada similar","block_context":{"text":"Entrada similar","link":""},"img":{"alt_text":"","src":"https:\/\/i0.wp.com\/libreriaguadalupe.com.ar\/libreria\/wp-content\/uploads\/2023\/01\/Diccionario-de-pensadores-cristianos.jpg?fit=380%2C586&ssl=1&resize=350%2C200","width":350,"height":200},"classes":[]},{"id":15822,"url":"https:\/\/libreriaguadalupe.com.ar\/libreria\/producto\/diccionario-de-los-santos\/","url_meta":{"origin":12765,"position":2},"title":"Diccionario de los santos","author":"admin","date":"11\/02\/2023","format":false,"excerpt":"Autor: Mar\u00eda del Carmen Astruga P\u00e9rez, Pedro Rodr\u00edguez Santidri\u00e1n ISBN: 8481691016 Dimensiones: 15 x 22 cm P\u00e1ginas: 126","rel":"","context":"Entrada similar","block_context":{"text":"Entrada similar","link":""},"img":{"alt_text":"","src":"https:\/\/i0.wp.com\/libreriaguadalupe.com.ar\/libreria\/wp-content\/uploads\/2023\/02\/Diccionario-de-los-santos.jpg?fit=380%2C586&ssl=1&resize=350%2C200","width":350,"height":200},"classes":[]},{"id":13146,"url":"https:\/\/libreriaguadalupe.com.ar\/libreria\/producto\/diccionario-de-las-ciencias-humanas\/","url_meta":{"origin":12765,"position":3},"title":"Diccionario de las ciencias humanas","author":"admin","date":"18\/01\/2023","format":false,"excerpt":"Autor: Feliciano Bl\u00e1zquez Carmona ISBN: 8481691674 Dimensiones: 15,4 x 24 cm P\u00e1ginas: 528","rel":"","context":"Entrada similar","block_context":{"text":"Entrada similar","link":""},"img":{"alt_text":"","src":"https:\/\/i0.wp.com\/libreriaguadalupe.com.ar\/libreria\/wp-content\/uploads\/2023\/01\/Diccionario-de-las-ciencias-humanas-1.jpg?fit=299%2C470&ssl=1&resize=350%2C200","width":350,"height":200},"classes":[]},{"id":16839,"url":"https:\/\/libreriaguadalupe.com.ar\/libreria\/producto\/a-la-biblia-por-la-liturgia-comentarios\/","url_meta":{"origin":12765,"position":4},"title":"A la Biblia por la liturgia. Comentarios","author":"admin","date":"22\/03\/2023","format":false,"excerpt":"(A\u00f1o impar) Comentarios a las primeras lecturas de las misas del tiempo ordinario Autor: Antonio Rodr\u00edguez Carmona ISBN: 8490734735 Dimensiones: 15,5 x 24 cm P\u00e1ginas: 312","rel":"","context":"Entrada similar","block_context":{"text":"Entrada similar","link":""},"img":{"alt_text":"","src":"https:\/\/i0.wp.com\/libreriaguadalupe.com.ar\/libreria\/wp-content\/uploads\/2023\/03\/A-la-Biblia-por-la-liturgia.-Comentarios.jpg?fit=380%2C586&ssl=1&resize=350%2C200","width":350,"height":200},"classes":[]},{"id":12766,"url":"https:\/\/libreriaguadalupe.com.ar\/libreria\/producto\/diccionario-biblico-abreviado\/","url_meta":{"origin":12765,"position":5},"title":"Diccionario biblico abreviado","author":"admin","date":"18\/01\/2023","format":false,"excerpt":"Autor: EVD ISBN: 8490732939 Dimensiones: 10,3 x 21,5 cm P\u00e1ginas: 312","rel":"","context":"Entrada similar","block_context":{"text":"Entrada similar","link":""},"img":{"alt_text":"","src":"https:\/\/i0.wp.com\/libreriaguadalupe.com.ar\/libreria\/wp-content\/uploads\/2023\/01\/Diccionario-biblico-abreviado.jpg?fit=380%2C586&ssl=1&resize=350%2C200","width":350,"height":200},"classes":[]}],"_links":{"self":[{"href":"https:\/\/libreriaguadalupe.com.ar\/libreria\/wp-json\/wp\/v2\/product\/12765","targetHints":{"allow":["GET"]}}],"collection":[{"href":"https:\/\/libreriaguadalupe.com.ar\/libreria\/wp-json\/wp\/v2\/product"}],"about":[{"href":"https:\/\/libreriaguadalupe.com.ar\/libreria\/wp-json\/wp\/v2\/types\/product"}],"replies":[{"embeddable":true,"href":"https:\/\/libreriaguadalupe.com.ar\/libreria\/wp-json\/wp\/v2\/comments?post=12765"}],"version-history":[{"count":3,"href":"https:\/\/libreriaguadalupe.com.ar\/libreria\/wp-json\/wp\/v2\/product\/12765\/revisions"}],"predecessor-version":[{"id":17037,"href":"https:\/\/libreriaguadalupe.com.ar\/libreria\/wp-json\/wp\/v2\/product\/12765\/revisions\/17037"}],"wp:featuredmedia":[{"embeddable":true,"href":"https:\/\/libreriaguadalupe.com.ar\/libreria\/wp-json\/wp\/v2\/media\/17035"}],"wp:attachment":[{"href":"https:\/\/libreriaguadalupe.com.ar\/libreria\/wp-json\/wp\/v2\/media?parent=12765"}],"wp:term":[{"taxonomy":"product_brand","embeddable":true,"href":"https:\/\/libreriaguadalupe.com.ar\/libreria\/wp-json\/wp\/v2\/product_brand?post=12765"},{"taxonomy":"product_cat","embeddable":true,"href":"https:\/\/libreriaguadalupe.com.ar\/libreria\/wp-json\/wp\/v2\/product_cat?post=12765"},{"taxonomy":"product_tag","embeddable":true,"href":"https:\/\/libreriaguadalupe.com.ar\/libreria\/wp-json\/wp\/v2\/product_tag?post=12765"}],"curies":[{"name":"wp","href":"https:\/\/api.w.org\/{rel}","templated":true}]}}