{"id":12585,"date":"2023-01-18T18:45:34","date_gmt":"2023-01-18T21:45:34","guid":{"rendered":"https:\/\/libreriaguadalupe.com.ar\/libreria\/?post_type=product&#038;p=12585"},"modified":"2024-07-01T12:19:59","modified_gmt":"2024-07-01T15:19:59","slug":"comentario-biblico-latinoamericano-antiguo-testamento-ii","status":"publish","type":"product","link":"https:\/\/libreriaguadalupe.com.ar\/libreria\/producto\/comentario-biblico-latinoamericano-antiguo-testamento-ii\/","title":{"rendered":"Comentario Biblico Latinoamericano Antiguo Testamento II"},"content":{"rendered":"<p>El prop\u00f3sito fundamental de este Comentario es presentar el mensaje de las Escrituras de un modo relevante para la vida de nuestros pueblos, sin la pretensi\u00f3n de ofrecer f\u00f3rmulas m\u00e1gicas, capaces de transformar el mundo de un d\u00eda para otro. El t\u00edtulo de \u00ablatinoamericano\u00bb se debe a que ha sido redactado en su mayor parte por biblistas latinoamericanos. La generosa participaci\u00f3n de algunos colaboradores peninsulares quiere atestiguar la existencia de lazos fraternos que van m\u00e1s all\u00e1 de las fronteras continentales.Quiz\u00e1 llame la atenci\u00f3n la variedad de enfoques en la pr\u00e1ctica de la ex\u00e9gesis y la hermen\u00e9utica b\u00edblicas. Esta diversidad se debe, en parte, a que los pueblos latinoamericanos tienen muchos elementos b\u00e1sicos comunes, pero presentan tambi\u00e9n diferencias y matices propios de cada pa\u00eds (cf. Documento de Puebla, 51). Los distintos enfoques atestiguan, al mismo tiempo, la libertad con la que cada colaborador ha realizado su trabajo, siempre dentro de un compromiso de fidelidad a la Palabra de Dios.<\/p>\n","protected":false},"excerpt":{"rendered":"<p><strong>Libros prof\u00e9ticos y sapienciales<\/strong><\/p>\n<p>Autor: Armando J. Levoratti<strong><br \/>\n<\/strong>ISBN: 8481697208<br \/>\nDimensiones: 18 x 25 cm<br \/>\nP\u00e1ginas: 976<\/p>\n","protected":false},"featured_media":16907,"comment_status":"open","ping_status":"closed","template":"","meta":{"jetpack_publicize_message":"","jetpack_publicize_feature_enabled":true,"jetpack_social_post_already_shared":false,"jetpack_social_options":{"image_generator_settings":{"template":"highway","default_image_id":0,"font":"","enabled":false},"version":2}},"product_brand":[],"product_cat":[109],"product_tag":[127],"class_list":{"0":"post-12585","1":"product","2":"type-product","3":"status-publish","4":"has-post-thumbnail","6":"product_cat-verbo-divino","7":"product_tag-editorial-guadalupe-de-argentina","9":"first","10":"outofstock","11":"shipping-taxable","12":"purchasable","13":"product-type-simple"},"yoast_head":"<!-- This site is optimized with the Yoast SEO plugin v27.4 - https:\/\/yoast.com\/product\/yoast-seo-wordpress\/ -->\n<title>Comentario Biblico Latinoamericano Antiguo Testamento II - Editorial Guadalupe de Argentina<\/title>\n<meta name=\"description\" content=\"El prop\u00f3sito fundamental de este Comentario es presentar el mensaje de las Escrituras de un modo relevante para la vida de nuestros pueblos, sin la pretensi\u00f3n de ofrecer f\u00f3rmulas m\u00e1gicas, capaces de transformar el mundo de un d\u00eda para otro.\" \/>\n<meta name=\"robots\" content=\"index, follow, max-snippet:-1, max-image-preview:large, max-video-preview:-1\" \/>\n<link rel=\"canonical\" href=\"https:\/\/libreriaguadalupe.com.ar\/libreria\/producto\/comentario-biblico-latinoamericano-antiguo-testamento-ii\/\" \/>\n<meta property=\"og:locale\" content=\"es_ES\" \/>\n<meta property=\"og:type\" content=\"article\" \/>\n<meta property=\"og:title\" content=\"Comentario Biblico Latinoamericano Antiguo Testamento II - Editorial Guadalupe de Argentina\" \/>\n<meta property=\"og:description\" content=\"El prop\u00f3sito fundamental de este Comentario es presentar el mensaje de las Escrituras de un modo relevante para la vida de nuestros pueblos, sin la pretensi\u00f3n de ofrecer f\u00f3rmulas m\u00e1gicas, capaces de transformar el mundo de un d\u00eda para otro.\" \/>\n<meta property=\"og:url\" content=\"https:\/\/libreriaguadalupe.com.ar\/libreria\/producto\/comentario-biblico-latinoamericano-antiguo-testamento-ii\/\" \/>\n<meta property=\"og:site_name\" content=\"Editorial Guadalupe de Argentina\" \/>\n<meta property=\"article:publisher\" content=\"https:\/\/www.facebook.com\/LibreriaGuadalupeAR\/\" \/>\n<meta property=\"article:modified_time\" content=\"2024-07-01T15:19:59+00:00\" \/>\n<meta property=\"og:image\" content=\"https:\/\/libreriaguadalupe.com.ar\/libreria\/wp-content\/uploads\/2023\/01\/Comentario-Biblico-Latinoamericano-Antiguo-Testamento-II.jpg\" \/>\n\t<meta property=\"og:image:width\" content=\"380\" \/>\n\t<meta property=\"og:image:height\" content=\"586\" \/>\n\t<meta property=\"og:image:type\" content=\"image\/jpeg\" \/>\n<meta name=\"twitter:card\" content=\"summary_large_image\" \/>\n<meta name=\"twitter:label1\" content=\"Tiempo de lectura\" \/>\n\t<meta name=\"twitter:data1\" content=\"1 minuto\" \/>\n<script type=\"application\/ld+json\" class=\"yoast-schema-graph\">{\"@context\":\"https:\\\/\\\/schema.org\",\"@graph\":[{\"@type\":\"WebPage\",\"@id\":\"https:\\\/\\\/libreriaguadalupe.com.ar\\\/libreria\\\/producto\\\/comentario-biblico-latinoamericano-antiguo-testamento-ii\\\/\",\"url\":\"https:\\\/\\\/libreriaguadalupe.com.ar\\\/libreria\\\/producto\\\/comentario-biblico-latinoamericano-antiguo-testamento-ii\\\/\",\"name\":\"Comentario Biblico Latinoamericano Antiguo Testamento II - Editorial Guadalupe de Argentina\",\"isPartOf\":{\"@id\":\"https:\\\/\\\/libreriaguadalupe.com.ar\\\/libreria\\\/#website\"},\"primaryImageOfPage\":{\"@id\":\"https:\\\/\\\/libreriaguadalupe.com.ar\\\/libreria\\\/producto\\\/comentario-biblico-latinoamericano-antiguo-testamento-ii\\\/#primaryimage\"},\"image\":{\"@id\":\"https:\\\/\\\/libreriaguadalupe.com.ar\\\/libreria\\\/producto\\\/comentario-biblico-latinoamericano-antiguo-testamento-ii\\\/#primaryimage\"},\"thumbnailUrl\":\"https:\\\/\\\/i0.wp.com\\\/libreriaguadalupe.com.ar\\\/libreria\\\/wp-content\\\/uploads\\\/2023\\\/01\\\/Comentario-Biblico-Latinoamericano-Antiguo-Testamento-II.jpg?fit=380%2C586&ssl=1\",\"datePublished\":\"2023-01-18T21:45:34+00:00\",\"dateModified\":\"2024-07-01T15:19:59+00:00\",\"description\":\"El prop\u00f3sito fundamental de este Comentario es presentar el mensaje de las Escrituras de un modo relevante para la vida de nuestros pueblos, sin la pretensi\u00f3n de ofrecer f\u00f3rmulas m\u00e1gicas, capaces de transformar el mundo de un d\u00eda para otro.\",\"breadcrumb\":{\"@id\":\"https:\\\/\\\/libreriaguadalupe.com.ar\\\/libreria\\\/producto\\\/comentario-biblico-latinoamericano-antiguo-testamento-ii\\\/#breadcrumb\"},\"inLanguage\":\"es\",\"potentialAction\":[{\"@type\":\"ReadAction\",\"target\":[\"https:\\\/\\\/libreriaguadalupe.com.ar\\\/libreria\\\/producto\\\/comentario-biblico-latinoamericano-antiguo-testamento-ii\\\/\"]}]},{\"@type\":\"ImageObject\",\"inLanguage\":\"es\",\"@id\":\"https:\\\/\\\/libreriaguadalupe.com.ar\\\/libreria\\\/producto\\\/comentario-biblico-latinoamericano-antiguo-testamento-ii\\\/#primaryimage\",\"url\":\"https:\\\/\\\/i0.wp.com\\\/libreriaguadalupe.com.ar\\\/libreria\\\/wp-content\\\/uploads\\\/2023\\\/01\\\/Comentario-Biblico-Latinoamericano-Antiguo-Testamento-II.jpg?fit=380%2C586&ssl=1\",\"contentUrl\":\"https:\\\/\\\/i0.wp.com\\\/libreriaguadalupe.com.ar\\\/libreria\\\/wp-content\\\/uploads\\\/2023\\\/01\\\/Comentario-Biblico-Latinoamericano-Antiguo-Testamento-II.jpg?fit=380%2C586&ssl=1\",\"width\":380,\"height\":586,\"caption\":\"Religion\"},{\"@type\":\"BreadcrumbList\",\"@id\":\"https:\\\/\\\/libreriaguadalupe.com.ar\\\/libreria\\\/producto\\\/comentario-biblico-latinoamericano-antiguo-testamento-ii\\\/#breadcrumb\",\"itemListElement\":[{\"@type\":\"ListItem\",\"position\":1,\"name\":\"Portada\",\"item\":\"https:\\\/\\\/libreriaguadalupe.com.ar\\\/libreria\\\/\"},{\"@type\":\"ListItem\",\"position\":2,\"name\":\"Tienda\",\"item\":\"https:\\\/\\\/libreriaguadalupe.com.ar\\\/libreria\\\/\"},{\"@type\":\"ListItem\",\"position\":3,\"name\":\"Comentario Biblico Latinoamericano Antiguo Testamento II\"}]},{\"@type\":\"WebSite\",\"@id\":\"https:\\\/\\\/libreriaguadalupe.com.ar\\\/libreria\\\/#website\",\"url\":\"https:\\\/\\\/libreriaguadalupe.com.ar\\\/libreria\\\/\",\"name\":\"Editorial Guadalupe de Argentina\",\"description\":\"Congregaci\u00f3n del Verbo Divino\",\"publisher\":{\"@id\":\"https:\\\/\\\/libreriaguadalupe.com.ar\\\/libreria\\\/#organization\"},\"alternateName\":\"Librer\u00eda Guadalupe\",\"potentialAction\":[{\"@type\":\"SearchAction\",\"target\":{\"@type\":\"EntryPoint\",\"urlTemplate\":\"https:\\\/\\\/libreriaguadalupe.com.ar\\\/libreria\\\/?s={search_term_string}\"},\"query-input\":{\"@type\":\"PropertyValueSpecification\",\"valueRequired\":true,\"valueName\":\"search_term_string\"}}],\"inLanguage\":\"es\"},{\"@type\":\"Organization\",\"@id\":\"https:\\\/\\\/libreriaguadalupe.com.ar\\\/libreria\\\/#organization\",\"name\":\"Editorial Guadalupe\",\"alternateName\":\"Librer\u00eda Guadalupe\",\"url\":\"https:\\\/\\\/libreriaguadalupe.com.ar\\\/libreria\\\/\",\"logo\":{\"@type\":\"ImageObject\",\"inLanguage\":\"es\",\"@id\":\"https:\\\/\\\/libreriaguadalupe.com.ar\\\/libreria\\\/#\\\/schema\\\/logo\\\/image\\\/\",\"url\":\"https:\\\/\\\/i0.wp.com\\\/libreriaguadalupe.com.ar\\\/libreria\\\/wp-content\\\/uploads\\\/2023\\\/01\\\/cropped-logo-editorial-guadalupe.webp?fit=500%2C100&ssl=1\",\"contentUrl\":\"https:\\\/\\\/i0.wp.com\\\/libreriaguadalupe.com.ar\\\/libreria\\\/wp-content\\\/uploads\\\/2023\\\/01\\\/cropped-logo-editorial-guadalupe.webp?fit=500%2C100&ssl=1\",\"width\":500,\"height\":100,\"caption\":\"Editorial Guadalupe\"},\"image\":{\"@id\":\"https:\\\/\\\/libreriaguadalupe.com.ar\\\/libreria\\\/#\\\/schema\\\/logo\\\/image\\\/\"},\"sameAs\":[\"https:\\\/\\\/www.facebook.com\\\/LibreriaGuadalupeAR\\\/\",\"https:\\\/\\\/www.instagram.com\\\/editorialguadalupe\\\/\",\"https:\\\/\\\/guadalupeeditorial.mercadoshops.com.ar\\\/\"]}]}<\/script>\n<!-- \/ Yoast SEO plugin. -->","yoast_head_json":{"title":"Comentario Biblico Latinoamericano Antiguo Testamento II - Editorial Guadalupe de Argentina","description":"El prop\u00f3sito fundamental de este Comentario es presentar el mensaje de las Escrituras de un modo relevante para la vida de nuestros pueblos, sin la pretensi\u00f3n de ofrecer f\u00f3rmulas m\u00e1gicas, capaces de transformar el mundo de un d\u00eda para otro.","robots":{"index":"index","follow":"follow","max-snippet":"max-snippet:-1","max-image-preview":"max-image-preview:large","max-video-preview":"max-video-preview:-1"},"canonical":"https:\/\/libreriaguadalupe.com.ar\/libreria\/producto\/comentario-biblico-latinoamericano-antiguo-testamento-ii\/","og_locale":"es_ES","og_type":"article","og_title":"Comentario Biblico Latinoamericano Antiguo Testamento II - Editorial Guadalupe de Argentina","og_description":"El prop\u00f3sito fundamental de este Comentario es presentar el mensaje de las Escrituras de un modo relevante para la vida de nuestros pueblos, sin la pretensi\u00f3n de ofrecer f\u00f3rmulas m\u00e1gicas, capaces de transformar el mundo de un d\u00eda para otro.","og_url":"https:\/\/libreriaguadalupe.com.ar\/libreria\/producto\/comentario-biblico-latinoamericano-antiguo-testamento-ii\/","og_site_name":"Editorial Guadalupe de Argentina","article_publisher":"https:\/\/www.facebook.com\/LibreriaGuadalupeAR\/","article_modified_time":"2024-07-01T15:19:59+00:00","og_image":[{"width":380,"height":586,"url":"https:\/\/libreriaguadalupe.com.ar\/libreria\/wp-content\/uploads\/2023\/01\/Comentario-Biblico-Latinoamericano-Antiguo-Testamento-II.jpg","type":"image\/jpeg"}],"twitter_card":"summary_large_image","twitter_misc":{"Tiempo de lectura":"1 minuto"},"schema":{"@context":"https:\/\/schema.org","@graph":[{"@type":"WebPage","@id":"https:\/\/libreriaguadalupe.com.ar\/libreria\/producto\/comentario-biblico-latinoamericano-antiguo-testamento-ii\/","url":"https:\/\/libreriaguadalupe.com.ar\/libreria\/producto\/comentario-biblico-latinoamericano-antiguo-testamento-ii\/","name":"Comentario Biblico Latinoamericano Antiguo Testamento II - Editorial Guadalupe de Argentina","isPartOf":{"@id":"https:\/\/libreriaguadalupe.com.ar\/libreria\/#website"},"primaryImageOfPage":{"@id":"https:\/\/libreriaguadalupe.com.ar\/libreria\/producto\/comentario-biblico-latinoamericano-antiguo-testamento-ii\/#primaryimage"},"image":{"@id":"https:\/\/libreriaguadalupe.com.ar\/libreria\/producto\/comentario-biblico-latinoamericano-antiguo-testamento-ii\/#primaryimage"},"thumbnailUrl":"https:\/\/i0.wp.com\/libreriaguadalupe.com.ar\/libreria\/wp-content\/uploads\/2023\/01\/Comentario-Biblico-Latinoamericano-Antiguo-Testamento-II.jpg?fit=380%2C586&ssl=1","datePublished":"2023-01-18T21:45:34+00:00","dateModified":"2024-07-01T15:19:59+00:00","description":"El prop\u00f3sito fundamental de este Comentario es presentar el mensaje de las Escrituras de un modo relevante para la vida de nuestros pueblos, sin la pretensi\u00f3n de ofrecer f\u00f3rmulas m\u00e1gicas, capaces de transformar el mundo de un d\u00eda para otro.","breadcrumb":{"@id":"https:\/\/libreriaguadalupe.com.ar\/libreria\/producto\/comentario-biblico-latinoamericano-antiguo-testamento-ii\/#breadcrumb"},"inLanguage":"es","potentialAction":[{"@type":"ReadAction","target":["https:\/\/libreriaguadalupe.com.ar\/libreria\/producto\/comentario-biblico-latinoamericano-antiguo-testamento-ii\/"]}]},{"@type":"ImageObject","inLanguage":"es","@id":"https:\/\/libreriaguadalupe.com.ar\/libreria\/producto\/comentario-biblico-latinoamericano-antiguo-testamento-ii\/#primaryimage","url":"https:\/\/i0.wp.com\/libreriaguadalupe.com.ar\/libreria\/wp-content\/uploads\/2023\/01\/Comentario-Biblico-Latinoamericano-Antiguo-Testamento-II.jpg?fit=380%2C586&ssl=1","contentUrl":"https:\/\/i0.wp.com\/libreriaguadalupe.com.ar\/libreria\/wp-content\/uploads\/2023\/01\/Comentario-Biblico-Latinoamericano-Antiguo-Testamento-II.jpg?fit=380%2C586&ssl=1","width":380,"height":586,"caption":"Religion"},{"@type":"BreadcrumbList","@id":"https:\/\/libreriaguadalupe.com.ar\/libreria\/producto\/comentario-biblico-latinoamericano-antiguo-testamento-ii\/#breadcrumb","itemListElement":[{"@type":"ListItem","position":1,"name":"Portada","item":"https:\/\/libreriaguadalupe.com.ar\/libreria\/"},{"@type":"ListItem","position":2,"name":"Tienda","item":"https:\/\/libreriaguadalupe.com.ar\/libreria\/"},{"@type":"ListItem","position":3,"name":"Comentario Biblico Latinoamericano Antiguo Testamento II"}]},{"@type":"WebSite","@id":"https:\/\/libreriaguadalupe.com.ar\/libreria\/#website","url":"https:\/\/libreriaguadalupe.com.ar\/libreria\/","name":"Editorial Guadalupe de Argentina","description":"Congregaci\u00f3n del Verbo Divino","publisher":{"@id":"https:\/\/libreriaguadalupe.com.ar\/libreria\/#organization"},"alternateName":"Librer\u00eda Guadalupe","potentialAction":[{"@type":"SearchAction","target":{"@type":"EntryPoint","urlTemplate":"https:\/\/libreriaguadalupe.com.ar\/libreria\/?s={search_term_string}"},"query-input":{"@type":"PropertyValueSpecification","valueRequired":true,"valueName":"search_term_string"}}],"inLanguage":"es"},{"@type":"Organization","@id":"https:\/\/libreriaguadalupe.com.ar\/libreria\/#organization","name":"Editorial Guadalupe","alternateName":"Librer\u00eda Guadalupe","url":"https:\/\/libreriaguadalupe.com.ar\/libreria\/","logo":{"@type":"ImageObject","inLanguage":"es","@id":"https:\/\/libreriaguadalupe.com.ar\/libreria\/#\/schema\/logo\/image\/","url":"https:\/\/i0.wp.com\/libreriaguadalupe.com.ar\/libreria\/wp-content\/uploads\/2023\/01\/cropped-logo-editorial-guadalupe.webp?fit=500%2C100&ssl=1","contentUrl":"https:\/\/i0.wp.com\/libreriaguadalupe.com.ar\/libreria\/wp-content\/uploads\/2023\/01\/cropped-logo-editorial-guadalupe.webp?fit=500%2C100&ssl=1","width":500,"height":100,"caption":"Editorial Guadalupe"},"image":{"@id":"https:\/\/libreriaguadalupe.com.ar\/libreria\/#\/schema\/logo\/image\/"},"sameAs":["https:\/\/www.facebook.com\/LibreriaGuadalupeAR\/","https:\/\/www.instagram.com\/editorialguadalupe\/","https:\/\/guadalupeeditorial.mercadoshops.com.ar\/"]}]}},"jetpack_publicize_connections":[],"jetpack_sharing_enabled":true,"jetpack-related-posts":[{"id":12586,"url":"https:\/\/libreriaguadalupe.com.ar\/libreria\/producto\/comentario-biblico-latinoamericano-nuevo-testamento\/","url_meta":{"origin":12585,"position":0},"title":"Comentario biblico Latinoamericano Nuevo Testamento","author":"admin","date":"18\/01\/2023","format":false,"excerpt":"Autor: Armando J. Levoratti ISBN: 8481694690 Dimensiones: 18 x 25 cm P\u00e1ginas: 1248","rel":"","context":"Entrada similar","block_context":{"text":"Entrada similar","link":""},"img":{"alt_text":"","src":"https:\/\/i0.wp.com\/libreriaguadalupe.com.ar\/libreria\/wp-content\/uploads\/2023\/01\/Comentario-Biblico-Latinoamericano.jpg?fit=380%2C586&ssl=1&resize=350%2C200","width":350,"height":200},"classes":[]},{"id":14820,"url":"https:\/\/libreriaguadalupe.com.ar\/libreria\/producto\/comentario-biblico-latinoamericano-antiguo-testamento-i-2\/","url_meta":{"origin":12585,"position":1},"title":"Comentario biblico Latinoamericano Antiguo Testamento I","author":"admin","date":"07\/02\/2023","format":false,"excerpt":"Pentateuco y textos narrativos Autor: Armando J. Levoratti ISBN: 8481696111 Dimensiones: 18 x 25 cm P\u00e1ginas: 976","rel":"","context":"Entrada similar","block_context":{"text":"Entrada similar","link":""},"img":{"alt_text":"","src":"https:\/\/i0.wp.com\/libreriaguadalupe.com.ar\/libreria\/wp-content\/uploads\/2023\/02\/Comentario-Biblico-Latinoamericano-Antiguo-Testamento-I.jpg?fit=380%2C586&ssl=1&resize=350%2C200","width":350,"height":200},"classes":[]},{"id":15547,"url":"https:\/\/libreriaguadalupe.com.ar\/libreria\/producto\/ybiblia-2\/","url_meta":{"origin":12585,"position":2},"title":"Y-Biblia","author":"admin","date":"07\/02\/2023","format":false,"excerpt":"Biblia de la Iglesia cat\u00f3lica para los j\u00f3venes [Edici\u00f3n Latinoam\u00e9rica] AUTOR: EDV ISBN: 8490733103","rel":"","context":"Entrada similar","block_context":{"text":"Entrada similar","link":""},"img":{"alt_text":"","src":"https:\/\/i0.wp.com\/libreriaguadalupe.com.ar\/libreria\/wp-content\/uploads\/2023\/02\/MES-DE-LA-BIBLIA-2024-ybiblia.jpg?fit=470%2C470&ssl=1&resize=350%2C200","width":350,"height":200},"classes":[]},{"id":16725,"url":"https:\/\/libreriaguadalupe.com.ar\/libreria\/producto\/signos-en-la-iglesia-latinoamericana\/","url_meta":{"origin":12585,"position":3},"title":"Signos en la Iglesia Latinoamericana","author":"admin","date":"15\/03\/2023","format":false,"excerpt":"Evangelizaci\u00f3n y liberaci\u00f3n Colecci\u00f3n: Teolog\u00eda en camino Autor: PIRONIO EDUARDO ISBN: 9505006458","rel":"","context":"Entrada similar","block_context":{"text":"Entrada similar","link":""},"img":{"alt_text":"Signos en la Iglesia Latinoamericana","src":"https:\/\/i0.wp.com\/libreriaguadalupe.com.ar\/libreria\/wp-content\/uploads\/2023\/03\/Signos-de-la-Iglesia-Latinoamericana.jpg?fit=500%2C509&ssl=1&resize=350%2C200","width":350,"height":200},"classes":[]},{"id":16650,"url":"https:\/\/libreriaguadalupe.com.ar\/libreria\/producto\/la-biblia-catolica-para-la-fe-y-la-vida-cierre\/","url_meta":{"origin":12585,"position":4},"title":"La Biblia Cat\u00f3lica para la Fe y la Vida (cierre)","author":"admin","date":"14\/03\/2023","format":false,"excerpt":"[edici\u00f3n dos tintas \/ s\u00edmil piel con cremallera] Colecci\u00f3n La Biblia Cat\u00f3lica para la Fe y la Vida ISBN: 978-84-9073-421-6 Dimensiones: 24 x 15 cm P\u00e1ginas: 1920 Encuadernaci\u00f3n:\u00a0Cosida, tapa s\u00edmil piel impresa a 4 colores, con cabezadas, cinta registro, 42 u\u00f1eros, con cierre \u00a0 \u00a0","rel":"","context":"Entrada similar","block_context":{"text":"Entrada similar","link":""},"img":{"alt_text":"","src":"https:\/\/i0.wp.com\/libreriaguadalupe.com.ar\/libreria\/wp-content\/uploads\/2023\/03\/La-Biblia-Catolica-para-la-Fe-y-la-Vida-unero4.jpeg?fit=380%2C586&ssl=1&resize=350%2C200","width":350,"height":200},"classes":[]},{"id":16646,"url":"https:\/\/libreriaguadalupe.com.ar\/libreria\/producto\/la-biblia-catolica-para-la-fe-y-la-vida-tapa-dura\/","url_meta":{"origin":12585,"position":5},"title":"La Biblia Cat\u00f3lica para la Fe y la Vida tapa RUSTICA edici\u00f3n una tinta","author":"admin","date":"14\/03\/2023","format":false,"excerpt":"[edici\u00f3n dos tintas \/ carton\u00e9] Colecci\u00f3n La Biblia Cat\u00f3lica para la Fe y la Vida ISBN: 978-84-9073-420-9 Dimensiones: 24 x 15 cm P\u00e1ginas: 1920 Encuadernaci\u00f3n: tapa dura, cosida, tapa plastificada gofrada mate, con cinta registro, 42 u\u00f1eros \u00a0","rel":"","context":"Entrada similar","block_context":{"text":"Entrada similar","link":""},"img":{"alt_text":"","src":"https:\/\/i0.wp.com\/libreriaguadalupe.com.ar\/libreria\/wp-content\/uploads\/2023\/03\/La-Biblia-Catolica-para-la-Fe-y-la-Vida-unero1.jpeg?fit=380%2C586&ssl=1&resize=350%2C200","width":350,"height":200},"classes":[]}],"_links":{"self":[{"href":"https:\/\/libreriaguadalupe.com.ar\/libreria\/wp-json\/wp\/v2\/product\/12585","targetHints":{"allow":["GET"]}}],"collection":[{"href":"https:\/\/libreriaguadalupe.com.ar\/libreria\/wp-json\/wp\/v2\/product"}],"about":[{"href":"https:\/\/libreriaguadalupe.com.ar\/libreria\/wp-json\/wp\/v2\/types\/product"}],"replies":[{"embeddable":true,"href":"https:\/\/libreriaguadalupe.com.ar\/libreria\/wp-json\/wp\/v2\/comments?post=12585"}],"version-history":[{"count":3,"href":"https:\/\/libreriaguadalupe.com.ar\/libreria\/wp-json\/wp\/v2\/product\/12585\/revisions"}],"predecessor-version":[{"id":16909,"href":"https:\/\/libreriaguadalupe.com.ar\/libreria\/wp-json\/wp\/v2\/product\/12585\/revisions\/16909"}],"wp:featuredmedia":[{"embeddable":true,"href":"https:\/\/libreriaguadalupe.com.ar\/libreria\/wp-json\/wp\/v2\/media\/16907"}],"wp:attachment":[{"href":"https:\/\/libreriaguadalupe.com.ar\/libreria\/wp-json\/wp\/v2\/media?parent=12585"}],"wp:term":[{"taxonomy":"product_brand","embeddable":true,"href":"https:\/\/libreriaguadalupe.com.ar\/libreria\/wp-json\/wp\/v2\/product_brand?post=12585"},{"taxonomy":"product_cat","embeddable":true,"href":"https:\/\/libreriaguadalupe.com.ar\/libreria\/wp-json\/wp\/v2\/product_cat?post=12585"},{"taxonomy":"product_tag","embeddable":true,"href":"https:\/\/libreriaguadalupe.com.ar\/libreria\/wp-json\/wp\/v2\/product_tag?post=12585"}],"curies":[{"name":"wp","href":"https:\/\/api.w.org\/{rel}","templated":true}]}}