{"id":12567,"date":"2023-01-18T15:45:29","date_gmt":"2023-01-18T18:45:29","guid":{"rendered":"https:\/\/libreriaguadalupe.com.ar\/libreria\/?post_type=product&#038;p=12567"},"modified":"2024-07-01T12:33:42","modified_gmt":"2024-07-01T15:33:42","slug":"tened-cuidado-y-guardaos-de-toda-codicia","status":"publish","type":"product","link":"https:\/\/libreriaguadalupe.com.ar\/libreria\/producto\/tened-cuidado-y-guardaos-de-toda-codicia\/","title":{"rendered":"Tened Cuidado y guardaos de toda codicia"},"content":{"rendered":"<p>Una t\u00f3nica general en los comentarios, monograf\u00edas y art\u00edculos sobre el tema pobreza-riqueza en Lc-Hch ha sido la de presentar dicotom\u00edas: interpretaci\u00f3n literal o simb\u00f3lica, interpretaci\u00f3n social o religioso-espiritual, interpretaci\u00f3n desde los pobres y para ellos, o interpretaci\u00f3n para los ricos.Sin pretender dar una respuesta concreta a todas y cada una de las cuestiones planteadas en la interpretaci\u00f3n de la riqueza-pobreza en Lc-Hch, ni hacer un estudio de todos los textos que hablan del tema en la doble obra lucana, Pedro Cabello nos muestra en este libro, a partir del estudio pormenorizado de Lc 12,13-34, c\u00f3mo un di\u00e1logo fecundo entre diacron\u00eda y sincron\u00eda, entre texto y contexto, entre el m\u00e9todo hist\u00f3rico-cr\u00edtico cl\u00e1sico y los nuevos acercamientos de ex\u00e9gesis b\u00edblica, puede ofrecer una visi\u00f3n m\u00e1s equilibrada y conciliadora, sacando a la luz la riqueza de sentido y de matices que presenta este tema. Para esta finalidad, utiliza un an\u00e1lisis denominado socio-ret\u00f3rico, porque armoniza el estudio del texto a nivel ret\u00f3rico-literario, por un lado, y la investigaci\u00f3n de algunos aspectos significativos del contexto hist\u00f3rico-social de la \u00e9poca redaccional, por otro.<\/p>\n","protected":false},"excerpt":{"rendered":"<p class=\"my-1 font-weight-normal\"><strong>Hacia una interpretaci\u00f3n conciliadora del tema riqueza-pobreza en Lc-Hch a partir del an\u00e1lisis socio-ret\u00f3rico de Lc 12,13-34<\/strong><\/p>\n<p>Autor: Pedro Vicente Cabello Morales<strong><br \/>\n<\/strong>ISBN: 8499451503<br \/>\nDimensiones: 16 x 24 cm<br \/>\nP\u00e1ginas: 448<\/p>\n","protected":false},"featured_media":17214,"comment_status":"open","ping_status":"closed","template":"","meta":{"jetpack_publicize_message":"","jetpack_publicize_feature_enabled":true,"jetpack_social_post_already_shared":false,"jetpack_social_options":{"image_generator_settings":{"template":"highway","default_image_id":0,"font":"","enabled":false},"version":2}},"product_brand":[],"product_cat":[109],"product_tag":[127],"class_list":{"0":"post-12567","1":"product","2":"type-product","3":"status-publish","4":"has-post-thumbnail","6":"product_cat-verbo-divino","7":"product_tag-editorial-guadalupe-de-argentina","9":"first","10":"instock","11":"shipping-taxable","12":"purchasable","13":"product-type-simple"},"yoast_head":"<!-- This site is optimized with the Yoast SEO plugin v27.4 - https:\/\/yoast.com\/product\/yoast-seo-wordpress\/ -->\n<title>Tened Cuidado y guardaos de toda codicia - Editorial Guadalupe de Argentina<\/title>\n<meta name=\"description\" content=\"Una t\u00f3nica general en los comentarios, monograf\u00edas y art\u00edculos sobre el tema pobreza-riqueza en Lc-Hch ha sido la de presentar dicotom\u00edas\" \/>\n<meta name=\"robots\" content=\"index, follow, max-snippet:-1, max-image-preview:large, max-video-preview:-1\" \/>\n<link rel=\"canonical\" href=\"https:\/\/libreriaguadalupe.com.ar\/libreria\/producto\/tened-cuidado-y-guardaos-de-toda-codicia\/\" \/>\n<meta property=\"og:locale\" content=\"es_ES\" \/>\n<meta property=\"og:type\" content=\"article\" \/>\n<meta property=\"og:title\" content=\"Tened Cuidado y guardaos de toda codicia - Editorial Guadalupe de Argentina\" \/>\n<meta property=\"og:description\" content=\"Una t\u00f3nica general en los comentarios, monograf\u00edas y art\u00edculos sobre el tema pobreza-riqueza en Lc-Hch ha sido la de presentar dicotom\u00edas\" \/>\n<meta property=\"og:url\" content=\"https:\/\/libreriaguadalupe.com.ar\/libreria\/producto\/tened-cuidado-y-guardaos-de-toda-codicia\/\" \/>\n<meta property=\"og:site_name\" content=\"Editorial Guadalupe de Argentina\" \/>\n<meta property=\"article:publisher\" content=\"https:\/\/www.facebook.com\/LibreriaGuadalupeAR\/\" \/>\n<meta property=\"article:modified_time\" content=\"2024-07-01T15:33:42+00:00\" \/>\n<meta property=\"og:image\" content=\"https:\/\/libreriaguadalupe.com.ar\/libreria\/wp-content\/uploads\/2023\/01\/Tened-cuidado-y-guardaos-de-toda-codicia.jpg\" \/>\n\t<meta property=\"og:image:width\" content=\"380\" \/>\n\t<meta property=\"og:image:height\" content=\"586\" \/>\n\t<meta property=\"og:image:type\" content=\"image\/jpeg\" \/>\n<meta name=\"twitter:card\" content=\"summary_large_image\" \/>\n<meta name=\"twitter:label1\" content=\"Tiempo de lectura\" \/>\n\t<meta name=\"twitter:data1\" content=\"1 minuto\" \/>\n<script type=\"application\/ld+json\" class=\"yoast-schema-graph\">{\"@context\":\"https:\\\/\\\/schema.org\",\"@graph\":[{\"@type\":\"WebPage\",\"@id\":\"https:\\\/\\\/libreriaguadalupe.com.ar\\\/libreria\\\/producto\\\/tened-cuidado-y-guardaos-de-toda-codicia\\\/\",\"url\":\"https:\\\/\\\/libreriaguadalupe.com.ar\\\/libreria\\\/producto\\\/tened-cuidado-y-guardaos-de-toda-codicia\\\/\",\"name\":\"Tened Cuidado y guardaos de toda codicia - Editorial Guadalupe de Argentina\",\"isPartOf\":{\"@id\":\"https:\\\/\\\/libreriaguadalupe.com.ar\\\/libreria\\\/#website\"},\"primaryImageOfPage\":{\"@id\":\"https:\\\/\\\/libreriaguadalupe.com.ar\\\/libreria\\\/producto\\\/tened-cuidado-y-guardaos-de-toda-codicia\\\/#primaryimage\"},\"image\":{\"@id\":\"https:\\\/\\\/libreriaguadalupe.com.ar\\\/libreria\\\/producto\\\/tened-cuidado-y-guardaos-de-toda-codicia\\\/#primaryimage\"},\"thumbnailUrl\":\"https:\\\/\\\/i0.wp.com\\\/libreriaguadalupe.com.ar\\\/libreria\\\/wp-content\\\/uploads\\\/2023\\\/01\\\/Tened-cuidado-y-guardaos-de-toda-codicia.jpg?fit=380%2C586&ssl=1\",\"datePublished\":\"2023-01-18T18:45:29+00:00\",\"dateModified\":\"2024-07-01T15:33:42+00:00\",\"description\":\"Una t\u00f3nica general en los comentarios, monograf\u00edas y art\u00edculos sobre el tema pobreza-riqueza en Lc-Hch ha sido la de presentar dicotom\u00edas\",\"breadcrumb\":{\"@id\":\"https:\\\/\\\/libreriaguadalupe.com.ar\\\/libreria\\\/producto\\\/tened-cuidado-y-guardaos-de-toda-codicia\\\/#breadcrumb\"},\"inLanguage\":\"es\",\"potentialAction\":[{\"@type\":\"ReadAction\",\"target\":[\"https:\\\/\\\/libreriaguadalupe.com.ar\\\/libreria\\\/producto\\\/tened-cuidado-y-guardaos-de-toda-codicia\\\/\"]}]},{\"@type\":\"ImageObject\",\"inLanguage\":\"es\",\"@id\":\"https:\\\/\\\/libreriaguadalupe.com.ar\\\/libreria\\\/producto\\\/tened-cuidado-y-guardaos-de-toda-codicia\\\/#primaryimage\",\"url\":\"https:\\\/\\\/i0.wp.com\\\/libreriaguadalupe.com.ar\\\/libreria\\\/wp-content\\\/uploads\\\/2023\\\/01\\\/Tened-cuidado-y-guardaos-de-toda-codicia.jpg?fit=380%2C586&ssl=1\",\"contentUrl\":\"https:\\\/\\\/i0.wp.com\\\/libreriaguadalupe.com.ar\\\/libreria\\\/wp-content\\\/uploads\\\/2023\\\/01\\\/Tened-cuidado-y-guardaos-de-toda-codicia.jpg?fit=380%2C586&ssl=1\",\"width\":380,\"height\":586},{\"@type\":\"BreadcrumbList\",\"@id\":\"https:\\\/\\\/libreriaguadalupe.com.ar\\\/libreria\\\/producto\\\/tened-cuidado-y-guardaos-de-toda-codicia\\\/#breadcrumb\",\"itemListElement\":[{\"@type\":\"ListItem\",\"position\":1,\"name\":\"Portada\",\"item\":\"https:\\\/\\\/libreriaguadalupe.com.ar\\\/libreria\\\/\"},{\"@type\":\"ListItem\",\"position\":2,\"name\":\"Tienda\",\"item\":\"https:\\\/\\\/libreriaguadalupe.com.ar\\\/libreria\\\/\"},{\"@type\":\"ListItem\",\"position\":3,\"name\":\"Tened Cuidado y guardaos de toda codicia\"}]},{\"@type\":\"WebSite\",\"@id\":\"https:\\\/\\\/libreriaguadalupe.com.ar\\\/libreria\\\/#website\",\"url\":\"https:\\\/\\\/libreriaguadalupe.com.ar\\\/libreria\\\/\",\"name\":\"Editorial Guadalupe de Argentina\",\"description\":\"Congregaci\u00f3n del Verbo Divino\",\"publisher\":{\"@id\":\"https:\\\/\\\/libreriaguadalupe.com.ar\\\/libreria\\\/#organization\"},\"alternateName\":\"Librer\u00eda Guadalupe\",\"potentialAction\":[{\"@type\":\"SearchAction\",\"target\":{\"@type\":\"EntryPoint\",\"urlTemplate\":\"https:\\\/\\\/libreriaguadalupe.com.ar\\\/libreria\\\/?s={search_term_string}\"},\"query-input\":{\"@type\":\"PropertyValueSpecification\",\"valueRequired\":true,\"valueName\":\"search_term_string\"}}],\"inLanguage\":\"es\"},{\"@type\":\"Organization\",\"@id\":\"https:\\\/\\\/libreriaguadalupe.com.ar\\\/libreria\\\/#organization\",\"name\":\"Editorial Guadalupe\",\"alternateName\":\"Librer\u00eda Guadalupe\",\"url\":\"https:\\\/\\\/libreriaguadalupe.com.ar\\\/libreria\\\/\",\"logo\":{\"@type\":\"ImageObject\",\"inLanguage\":\"es\",\"@id\":\"https:\\\/\\\/libreriaguadalupe.com.ar\\\/libreria\\\/#\\\/schema\\\/logo\\\/image\\\/\",\"url\":\"https:\\\/\\\/i0.wp.com\\\/libreriaguadalupe.com.ar\\\/libreria\\\/wp-content\\\/uploads\\\/2023\\\/01\\\/cropped-logo-editorial-guadalupe.webp?fit=500%2C100&ssl=1\",\"contentUrl\":\"https:\\\/\\\/i0.wp.com\\\/libreriaguadalupe.com.ar\\\/libreria\\\/wp-content\\\/uploads\\\/2023\\\/01\\\/cropped-logo-editorial-guadalupe.webp?fit=500%2C100&ssl=1\",\"width\":500,\"height\":100,\"caption\":\"Editorial Guadalupe\"},\"image\":{\"@id\":\"https:\\\/\\\/libreriaguadalupe.com.ar\\\/libreria\\\/#\\\/schema\\\/logo\\\/image\\\/\"},\"sameAs\":[\"https:\\\/\\\/www.facebook.com\\\/LibreriaGuadalupeAR\\\/\",\"https:\\\/\\\/www.instagram.com\\\/editorialguadalupe\\\/\",\"https:\\\/\\\/guadalupeeditorial.mercadoshops.com.ar\\\/\"]}]}<\/script>\n<!-- \/ Yoast SEO plugin. -->","yoast_head_json":{"title":"Tened Cuidado y guardaos de toda codicia - Editorial Guadalupe de Argentina","description":"Una t\u00f3nica general en los comentarios, monograf\u00edas y art\u00edculos sobre el tema pobreza-riqueza en Lc-Hch ha sido la de presentar dicotom\u00edas","robots":{"index":"index","follow":"follow","max-snippet":"max-snippet:-1","max-image-preview":"max-image-preview:large","max-video-preview":"max-video-preview:-1"},"canonical":"https:\/\/libreriaguadalupe.com.ar\/libreria\/producto\/tened-cuidado-y-guardaos-de-toda-codicia\/","og_locale":"es_ES","og_type":"article","og_title":"Tened Cuidado y guardaos de toda codicia - Editorial Guadalupe de Argentina","og_description":"Una t\u00f3nica general en los comentarios, monograf\u00edas y art\u00edculos sobre el tema pobreza-riqueza en Lc-Hch ha sido la de presentar dicotom\u00edas","og_url":"https:\/\/libreriaguadalupe.com.ar\/libreria\/producto\/tened-cuidado-y-guardaos-de-toda-codicia\/","og_site_name":"Editorial Guadalupe de Argentina","article_publisher":"https:\/\/www.facebook.com\/LibreriaGuadalupeAR\/","article_modified_time":"2024-07-01T15:33:42+00:00","og_image":[{"width":380,"height":586,"url":"https:\/\/libreriaguadalupe.com.ar\/libreria\/wp-content\/uploads\/2023\/01\/Tened-cuidado-y-guardaos-de-toda-codicia.jpg","type":"image\/jpeg"}],"twitter_card":"summary_large_image","twitter_misc":{"Tiempo de lectura":"1 minuto"},"schema":{"@context":"https:\/\/schema.org","@graph":[{"@type":"WebPage","@id":"https:\/\/libreriaguadalupe.com.ar\/libreria\/producto\/tened-cuidado-y-guardaos-de-toda-codicia\/","url":"https:\/\/libreriaguadalupe.com.ar\/libreria\/producto\/tened-cuidado-y-guardaos-de-toda-codicia\/","name":"Tened Cuidado y guardaos de toda codicia - Editorial Guadalupe de Argentina","isPartOf":{"@id":"https:\/\/libreriaguadalupe.com.ar\/libreria\/#website"},"primaryImageOfPage":{"@id":"https:\/\/libreriaguadalupe.com.ar\/libreria\/producto\/tened-cuidado-y-guardaos-de-toda-codicia\/#primaryimage"},"image":{"@id":"https:\/\/libreriaguadalupe.com.ar\/libreria\/producto\/tened-cuidado-y-guardaos-de-toda-codicia\/#primaryimage"},"thumbnailUrl":"https:\/\/i0.wp.com\/libreriaguadalupe.com.ar\/libreria\/wp-content\/uploads\/2023\/01\/Tened-cuidado-y-guardaos-de-toda-codicia.jpg?fit=380%2C586&ssl=1","datePublished":"2023-01-18T18:45:29+00:00","dateModified":"2024-07-01T15:33:42+00:00","description":"Una t\u00f3nica general en los comentarios, monograf\u00edas y art\u00edculos sobre el tema pobreza-riqueza en Lc-Hch ha sido la de presentar dicotom\u00edas","breadcrumb":{"@id":"https:\/\/libreriaguadalupe.com.ar\/libreria\/producto\/tened-cuidado-y-guardaos-de-toda-codicia\/#breadcrumb"},"inLanguage":"es","potentialAction":[{"@type":"ReadAction","target":["https:\/\/libreriaguadalupe.com.ar\/libreria\/producto\/tened-cuidado-y-guardaos-de-toda-codicia\/"]}]},{"@type":"ImageObject","inLanguage":"es","@id":"https:\/\/libreriaguadalupe.com.ar\/libreria\/producto\/tened-cuidado-y-guardaos-de-toda-codicia\/#primaryimage","url":"https:\/\/i0.wp.com\/libreriaguadalupe.com.ar\/libreria\/wp-content\/uploads\/2023\/01\/Tened-cuidado-y-guardaos-de-toda-codicia.jpg?fit=380%2C586&ssl=1","contentUrl":"https:\/\/i0.wp.com\/libreriaguadalupe.com.ar\/libreria\/wp-content\/uploads\/2023\/01\/Tened-cuidado-y-guardaos-de-toda-codicia.jpg?fit=380%2C586&ssl=1","width":380,"height":586},{"@type":"BreadcrumbList","@id":"https:\/\/libreriaguadalupe.com.ar\/libreria\/producto\/tened-cuidado-y-guardaos-de-toda-codicia\/#breadcrumb","itemListElement":[{"@type":"ListItem","position":1,"name":"Portada","item":"https:\/\/libreriaguadalupe.com.ar\/libreria\/"},{"@type":"ListItem","position":2,"name":"Tienda","item":"https:\/\/libreriaguadalupe.com.ar\/libreria\/"},{"@type":"ListItem","position":3,"name":"Tened Cuidado y guardaos de toda codicia"}]},{"@type":"WebSite","@id":"https:\/\/libreriaguadalupe.com.ar\/libreria\/#website","url":"https:\/\/libreriaguadalupe.com.ar\/libreria\/","name":"Editorial Guadalupe de Argentina","description":"Congregaci\u00f3n del Verbo Divino","publisher":{"@id":"https:\/\/libreriaguadalupe.com.ar\/libreria\/#organization"},"alternateName":"Librer\u00eda Guadalupe","potentialAction":[{"@type":"SearchAction","target":{"@type":"EntryPoint","urlTemplate":"https:\/\/libreriaguadalupe.com.ar\/libreria\/?s={search_term_string}"},"query-input":{"@type":"PropertyValueSpecification","valueRequired":true,"valueName":"search_term_string"}}],"inLanguage":"es"},{"@type":"Organization","@id":"https:\/\/libreriaguadalupe.com.ar\/libreria\/#organization","name":"Editorial Guadalupe","alternateName":"Librer\u00eda Guadalupe","url":"https:\/\/libreriaguadalupe.com.ar\/libreria\/","logo":{"@type":"ImageObject","inLanguage":"es","@id":"https:\/\/libreriaguadalupe.com.ar\/libreria\/#\/schema\/logo\/image\/","url":"https:\/\/i0.wp.com\/libreriaguadalupe.com.ar\/libreria\/wp-content\/uploads\/2023\/01\/cropped-logo-editorial-guadalupe.webp?fit=500%2C100&ssl=1","contentUrl":"https:\/\/i0.wp.com\/libreriaguadalupe.com.ar\/libreria\/wp-content\/uploads\/2023\/01\/cropped-logo-editorial-guadalupe.webp?fit=500%2C100&ssl=1","width":500,"height":100,"caption":"Editorial Guadalupe"},"image":{"@id":"https:\/\/libreriaguadalupe.com.ar\/libreria\/#\/schema\/logo\/image\/"},"sameAs":["https:\/\/www.facebook.com\/LibreriaGuadalupeAR\/","https:\/\/www.instagram.com\/editorialguadalupe\/","https:\/\/guadalupeeditorial.mercadoshops.com.ar\/"]}]}},"jetpack_publicize_connections":[],"jetpack_sharing_enabled":true,"jetpack-related-posts":[{"id":16859,"url":"https:\/\/libreriaguadalupe.com.ar\/libreria\/producto\/apocalipsis-vision-de-un-mundo-justo\/","url_meta":{"origin":12567,"position":0},"title":"Apocalipsis Visi\u00f3n de un mundo justo","author":"admin","date":"22\/03\/2023","format":false,"excerpt":"Visi\u00f3n de un mundo justo Autor: Elisabeth Sch\u00fcssler Fiorenza ISBN: 8499451350 Dimensiones: 15 x 23 cm P\u00e1ginas: 220","rel":"","context":"Entrada similar","block_context":{"text":"Entrada similar","link":""},"img":{"alt_text":"","src":"https:\/\/i0.wp.com\/libreriaguadalupe.com.ar\/libreria\/wp-content\/uploads\/2023\/03\/Apocalipsis.jpg?fit=380%2C586&ssl=1&resize=350%2C200","width":350,"height":200},"classes":[]},{"id":12835,"url":"https:\/\/libreriaguadalupe.com.ar\/libreria\/producto\/el-evangelio-de-marcos-etapas-de-su-redaccion\/","url_meta":{"origin":12567,"position":1},"title":"El evangelio de Marcos Etapas de su redaccion","author":"admin","date":"18\/01\/2023","format":false,"excerpt":"Redacci\u00f3n jerosolimitana, refundici\u00f3n a partir de Chipre, redacci\u00f3n final en Roma o Alejandr\u00eda Autor: Josep Rius Camps ISBN: 8481698220 Dimensiones: 16 x 24 cm P\u00e1ginas: 408","rel":"","context":"Entrada similar","block_context":{"text":"Entrada similar","link":""},"img":{"alt_text":"","src":"https:\/\/i0.wp.com\/libreriaguadalupe.com.ar\/libreria\/wp-content\/uploads\/2023\/01\/El-evangelio-de-Marcos-Etapas-de-su-redaccion.jpg?fit=380%2C586&ssl=1&resize=350%2C200","width":350,"height":200},"classes":[]},{"id":16924,"url":"https:\/\/libreriaguadalupe.com.ar\/libreria\/producto\/dibujo-de-la-figura-humana-en-los-ninos\/","url_meta":{"origin":12567,"position":2},"title":"Dibujo De La Figura Humana En Los Ni\u00f1os","author":"admin","date":"23\/03\/2023","format":false,"excerpt":"Autor: Koppitz, Elizabeth ISBN: 9505000235 Dimensiones: 16 x 23 cm P\u00e1ginas: 416","rel":"","context":"Entrada similar","block_context":{"text":"Entrada similar","link":""},"img":{"alt_text":"","src":"https:\/\/i0.wp.com\/libreriaguadalupe.com.ar\/libreria\/wp-content\/uploads\/2023\/03\/Dibujo-De-La-Figura-Humana-En-Los-Ninos.jpeg?fit=347%2C500&ssl=1&resize=350%2C200","width":350,"height":200},"classes":[]},{"id":12802,"url":"https:\/\/libreriaguadalupe.com.ar\/libreria\/producto\/tradiciones-populares-judias-y-musulmanas\/","url_meta":{"origin":12567,"position":3},"title":"Tradiciones populares judias y musulmanas","author":"admin","date":"18\/01\/2023","format":false,"excerpt":"Ad\u00e1n - Abraham - Mois\u00e9s Autor: Concepci\u00f3n Castillo Castillo, Miguel P\u00e9rez Fern\u00e1ndez ISBN: 8481699845 Dimensiones: 17 x 24 cm P\u00e1ginas: 344","rel":"","context":"Entrada similar","block_context":{"text":"Entrada similar","link":""},"img":{"alt_text":"","src":"https:\/\/i0.wp.com\/libreriaguadalupe.com.ar\/libreria\/wp-content\/uploads\/2023\/01\/Tradiciones-populares-judias-y-musulmanas.jpg?fit=380%2C586&ssl=1&resize=350%2C200","width":350,"height":200},"classes":[]},{"id":16823,"url":"https:\/\/libreriaguadalupe.com.ar\/libreria\/producto\/dios-es-imparcial\/","url_meta":{"origin":12567,"position":4},"title":"Dios Es Imparcial?","author":"admin","date":"22\/03\/2023","format":false,"excerpt":"Una lectura clave de la Carta a los Romanos Autor: DE LA SERNA EDUARDO ISBN: 9789505005802 Dimensiones: 20 x 20 cm P\u00e1ginas: 72","rel":"","context":"Entrada similar","block_context":{"text":"Entrada similar","link":""},"img":{"alt_text":"","src":"https:\/\/i0.wp.com\/libreriaguadalupe.com.ar\/libreria\/wp-content\/uploads\/2023\/03\/Dios-Es-Imparcial.jpeg?fit=500%2C447&ssl=1&resize=350%2C200","width":350,"height":200},"classes":[]},{"id":12772,"url":"https:\/\/libreriaguadalupe.com.ar\/libreria\/producto\/en-el-origen-de-la-palabra-cristiana\/","url_meta":{"origin":12567,"position":5},"title":"En el origen de la palabra cristiana","author":"admin","date":"18\/01\/2023","format":false,"excerpt":"Tradici\u00f3n y escrituras en el siglo II Autor: Francine Culdaut ISBN: 8471518500 Dimensiones: 20,5 x 19 cm P\u00e1ginas: 200","rel":"","context":"Entrada similar","block_context":{"text":"Entrada similar","link":""},"img":{"alt_text":"","src":"https:\/\/i0.wp.com\/libreriaguadalupe.com.ar\/libreria\/wp-content\/uploads\/2023\/01\/En-el-origen-de-la-palabra-cristiana.jpg?fit=380%2C586&ssl=1&resize=350%2C200","width":350,"height":200},"classes":[]}],"_links":{"self":[{"href":"https:\/\/libreriaguadalupe.com.ar\/libreria\/wp-json\/wp\/v2\/product\/12567","targetHints":{"allow":["GET"]}}],"collection":[{"href":"https:\/\/libreriaguadalupe.com.ar\/libreria\/wp-json\/wp\/v2\/product"}],"about":[{"href":"https:\/\/libreriaguadalupe.com.ar\/libreria\/wp-json\/wp\/v2\/types\/product"}],"replies":[{"embeddable":true,"href":"https:\/\/libreriaguadalupe.com.ar\/libreria\/wp-json\/wp\/v2\/comments?post=12567"}],"version-history":[{"count":3,"href":"https:\/\/libreriaguadalupe.com.ar\/libreria\/wp-json\/wp\/v2\/product\/12567\/revisions"}],"predecessor-version":[{"id":17216,"href":"https:\/\/libreriaguadalupe.com.ar\/libreria\/wp-json\/wp\/v2\/product\/12567\/revisions\/17216"}],"wp:featuredmedia":[{"embeddable":true,"href":"https:\/\/libreriaguadalupe.com.ar\/libreria\/wp-json\/wp\/v2\/media\/17214"}],"wp:attachment":[{"href":"https:\/\/libreriaguadalupe.com.ar\/libreria\/wp-json\/wp\/v2\/media?parent=12567"}],"wp:term":[{"taxonomy":"product_brand","embeddable":true,"href":"https:\/\/libreriaguadalupe.com.ar\/libreria\/wp-json\/wp\/v2\/product_brand?post=12567"},{"taxonomy":"product_cat","embeddable":true,"href":"https:\/\/libreriaguadalupe.com.ar\/libreria\/wp-json\/wp\/v2\/product_cat?post=12567"},{"taxonomy":"product_tag","embeddable":true,"href":"https:\/\/libreriaguadalupe.com.ar\/libreria\/wp-json\/wp\/v2\/product_tag?post=12567"}],"curies":[{"name":"wp","href":"https:\/\/api.w.org\/{rel}","templated":true}]}}