{"id":12525,"date":"2023-01-18T15:45:25","date_gmt":"2023-01-18T18:45:25","guid":{"rendered":"https:\/\/libreriaguadalupe.com.ar\/libreria\/?post_type=product&#038;p=12525"},"modified":"2026-04-06T15:17:05","modified_gmt":"2026-04-06T18:17:05","slug":"la-biblia-libro-del-pueblo-de-dios-edicion-simil-piel-bitono-con-cierre","status":"publish","type":"product","link":"https:\/\/libreriaguadalupe.com.ar\/libreria\/producto\/la-biblia-libro-del-pueblo-de-dios-edicion-simil-piel-bitono-con-cierre\/","title":{"rendered":"La Biblia. Libro del Pueblo de Dios"},"content":{"rendered":"","protected":false},"excerpt":{"rendered":"<p>Edici\u00f3n s\u00edmil piel bitono con cierre<\/p>\n<p>ISBN: 8490731451<\/p>\n","protected":false},"featured_media":18305,"comment_status":"open","ping_status":"closed","template":"","meta":{"jetpack_publicize_message":"","jetpack_publicize_feature_enabled":true,"jetpack_social_post_already_shared":false,"jetpack_social_options":{"image_generator_settings":{"template":"highway","default_image_id":0,"font":"","enabled":false},"version":2}},"product_brand":[],"product_cat":[63,149],"product_tag":[131],"class_list":{"0":"post-12525","1":"product","2":"type-product","3":"status-publish","4":"has-post-thumbnail","6":"product_cat-biblias","7":"product_cat-mes-de-la-biblia","8":"product_tag-verbo-divino","10":"first","11":"instock","12":"shipping-taxable","13":"purchasable","14":"product-type-simple"},"yoast_head":"<!-- This site is optimized with the Yoast SEO plugin v27.4 - https:\/\/yoast.com\/product\/yoast-seo-wordpress\/ -->\n<title>La Biblia. Libro del Pueblo de Dios - Editorial Guadalupe de Argentina<\/title>\n<meta name=\"robots\" content=\"index, follow, max-snippet:-1, max-image-preview:large, max-video-preview:-1\" \/>\n<link rel=\"canonical\" href=\"https:\/\/libreriaguadalupe.com.ar\/libreria\/producto\/la-biblia-libro-del-pueblo-de-dios-edicion-simil-piel-bitono-con-cierre\/\" \/>\n<meta property=\"og:locale\" content=\"es_ES\" \/>\n<meta property=\"og:type\" content=\"article\" \/>\n<meta property=\"og:title\" content=\"La Biblia. Libro del Pueblo de Dios - Editorial Guadalupe de Argentina\" \/>\n<meta property=\"og:description\" content=\"Edici\u00f3n s\u00edmil piel bitono con cierre  ISBN: 8490731451\" \/>\n<meta property=\"og:url\" content=\"https:\/\/libreriaguadalupe.com.ar\/libreria\/producto\/la-biblia-libro-del-pueblo-de-dios-edicion-simil-piel-bitono-con-cierre\/\" \/>\n<meta property=\"og:site_name\" content=\"Editorial Guadalupe de Argentina\" \/>\n<meta property=\"article:publisher\" content=\"https:\/\/www.facebook.com\/LibreriaGuadalupeAR\/\" \/>\n<meta property=\"article:modified_time\" content=\"2026-04-06T18:17:05+00:00\" \/>\n<meta property=\"og:image\" content=\"https:\/\/libreriaguadalupe.com.ar\/libreria\/wp-content\/uploads\/2023\/01\/MES-DE-LA-BIBLIA-2024-lpd1.jpg\" \/>\n\t<meta property=\"og:image:width\" content=\"470\" \/>\n\t<meta property=\"og:image:height\" content=\"470\" \/>\n\t<meta property=\"og:image:type\" content=\"image\/jpeg\" \/>\n<meta name=\"twitter:card\" content=\"summary_large_image\" \/>\n<meta name=\"twitter:label1\" content=\"Tiempo de lectura\" \/>\n\t<meta name=\"twitter:data1\" content=\"1 minuto\" \/>\n<script type=\"application\/ld+json\" class=\"yoast-schema-graph\">{\"@context\":\"https:\\\/\\\/schema.org\",\"@graph\":[{\"@type\":\"WebPage\",\"@id\":\"https:\\\/\\\/libreriaguadalupe.com.ar\\\/libreria\\\/producto\\\/la-biblia-libro-del-pueblo-de-dios-edicion-simil-piel-bitono-con-cierre\\\/\",\"url\":\"https:\\\/\\\/libreriaguadalupe.com.ar\\\/libreria\\\/producto\\\/la-biblia-libro-del-pueblo-de-dios-edicion-simil-piel-bitono-con-cierre\\\/\",\"name\":\"La Biblia. Libro del Pueblo de Dios - Editorial Guadalupe de Argentina\",\"isPartOf\":{\"@id\":\"https:\\\/\\\/libreriaguadalupe.com.ar\\\/libreria\\\/#website\"},\"primaryImageOfPage\":{\"@id\":\"https:\\\/\\\/libreriaguadalupe.com.ar\\\/libreria\\\/producto\\\/la-biblia-libro-del-pueblo-de-dios-edicion-simil-piel-bitono-con-cierre\\\/#primaryimage\"},\"image\":{\"@id\":\"https:\\\/\\\/libreriaguadalupe.com.ar\\\/libreria\\\/producto\\\/la-biblia-libro-del-pueblo-de-dios-edicion-simil-piel-bitono-con-cierre\\\/#primaryimage\"},\"thumbnailUrl\":\"https:\\\/\\\/i0.wp.com\\\/libreriaguadalupe.com.ar\\\/libreria\\\/wp-content\\\/uploads\\\/2023\\\/01\\\/MES-DE-LA-BIBLIA-2024-lpd1.jpg?fit=470%2C470&ssl=1\",\"datePublished\":\"2023-01-18T18:45:25+00:00\",\"dateModified\":\"2026-04-06T18:17:05+00:00\",\"breadcrumb\":{\"@id\":\"https:\\\/\\\/libreriaguadalupe.com.ar\\\/libreria\\\/producto\\\/la-biblia-libro-del-pueblo-de-dios-edicion-simil-piel-bitono-con-cierre\\\/#breadcrumb\"},\"inLanguage\":\"es\",\"potentialAction\":[{\"@type\":\"ReadAction\",\"target\":[\"https:\\\/\\\/libreriaguadalupe.com.ar\\\/libreria\\\/producto\\\/la-biblia-libro-del-pueblo-de-dios-edicion-simil-piel-bitono-con-cierre\\\/\"]}]},{\"@type\":\"ImageObject\",\"inLanguage\":\"es\",\"@id\":\"https:\\\/\\\/libreriaguadalupe.com.ar\\\/libreria\\\/producto\\\/la-biblia-libro-del-pueblo-de-dios-edicion-simil-piel-bitono-con-cierre\\\/#primaryimage\",\"url\":\"https:\\\/\\\/i0.wp.com\\\/libreriaguadalupe.com.ar\\\/libreria\\\/wp-content\\\/uploads\\\/2023\\\/01\\\/MES-DE-LA-BIBLIA-2024-lpd1.jpg?fit=470%2C470&ssl=1\",\"contentUrl\":\"https:\\\/\\\/i0.wp.com\\\/libreriaguadalupe.com.ar\\\/libreria\\\/wp-content\\\/uploads\\\/2023\\\/01\\\/MES-DE-LA-BIBLIA-2024-lpd1.jpg?fit=470%2C470&ssl=1\",\"width\":470,\"height\":470},{\"@type\":\"BreadcrumbList\",\"@id\":\"https:\\\/\\\/libreriaguadalupe.com.ar\\\/libreria\\\/producto\\\/la-biblia-libro-del-pueblo-de-dios-edicion-simil-piel-bitono-con-cierre\\\/#breadcrumb\",\"itemListElement\":[{\"@type\":\"ListItem\",\"position\":1,\"name\":\"Portada\",\"item\":\"https:\\\/\\\/libreriaguadalupe.com.ar\\\/libreria\\\/\"},{\"@type\":\"ListItem\",\"position\":2,\"name\":\"Tienda\",\"item\":\"https:\\\/\\\/libreriaguadalupe.com.ar\\\/libreria\\\/\"},{\"@type\":\"ListItem\",\"position\":3,\"name\":\"La Biblia. Libro del Pueblo de Dios\"}]},{\"@type\":\"WebSite\",\"@id\":\"https:\\\/\\\/libreriaguadalupe.com.ar\\\/libreria\\\/#website\",\"url\":\"https:\\\/\\\/libreriaguadalupe.com.ar\\\/libreria\\\/\",\"name\":\"Editorial Guadalupe de Argentina\",\"description\":\"Congregaci\u00f3n del Verbo Divino\",\"publisher\":{\"@id\":\"https:\\\/\\\/libreriaguadalupe.com.ar\\\/libreria\\\/#organization\"},\"alternateName\":\"Librer\u00eda Guadalupe\",\"potentialAction\":[{\"@type\":\"SearchAction\",\"target\":{\"@type\":\"EntryPoint\",\"urlTemplate\":\"https:\\\/\\\/libreriaguadalupe.com.ar\\\/libreria\\\/?s={search_term_string}\"},\"query-input\":{\"@type\":\"PropertyValueSpecification\",\"valueRequired\":true,\"valueName\":\"search_term_string\"}}],\"inLanguage\":\"es\"},{\"@type\":\"Organization\",\"@id\":\"https:\\\/\\\/libreriaguadalupe.com.ar\\\/libreria\\\/#organization\",\"name\":\"Editorial Guadalupe\",\"alternateName\":\"Librer\u00eda Guadalupe\",\"url\":\"https:\\\/\\\/libreriaguadalupe.com.ar\\\/libreria\\\/\",\"logo\":{\"@type\":\"ImageObject\",\"inLanguage\":\"es\",\"@id\":\"https:\\\/\\\/libreriaguadalupe.com.ar\\\/libreria\\\/#\\\/schema\\\/logo\\\/image\\\/\",\"url\":\"https:\\\/\\\/i0.wp.com\\\/libreriaguadalupe.com.ar\\\/libreria\\\/wp-content\\\/uploads\\\/2023\\\/01\\\/cropped-logo-editorial-guadalupe.webp?fit=500%2C100&ssl=1\",\"contentUrl\":\"https:\\\/\\\/i0.wp.com\\\/libreriaguadalupe.com.ar\\\/libreria\\\/wp-content\\\/uploads\\\/2023\\\/01\\\/cropped-logo-editorial-guadalupe.webp?fit=500%2C100&ssl=1\",\"width\":500,\"height\":100,\"caption\":\"Editorial Guadalupe\"},\"image\":{\"@id\":\"https:\\\/\\\/libreriaguadalupe.com.ar\\\/libreria\\\/#\\\/schema\\\/logo\\\/image\\\/\"},\"sameAs\":[\"https:\\\/\\\/www.facebook.com\\\/LibreriaGuadalupeAR\\\/\",\"https:\\\/\\\/www.instagram.com\\\/editorialguadalupe\\\/\",\"https:\\\/\\\/guadalupeeditorial.mercadoshops.com.ar\\\/\"]}]}<\/script>\n<!-- \/ Yoast SEO plugin. -->","yoast_head_json":{"title":"La Biblia. Libro del Pueblo de Dios - Editorial Guadalupe de Argentina","robots":{"index":"index","follow":"follow","max-snippet":"max-snippet:-1","max-image-preview":"max-image-preview:large","max-video-preview":"max-video-preview:-1"},"canonical":"https:\/\/libreriaguadalupe.com.ar\/libreria\/producto\/la-biblia-libro-del-pueblo-de-dios-edicion-simil-piel-bitono-con-cierre\/","og_locale":"es_ES","og_type":"article","og_title":"La Biblia. Libro del Pueblo de Dios - Editorial Guadalupe de Argentina","og_description":"Edici\u00f3n s\u00edmil piel bitono con cierre  ISBN: 8490731451","og_url":"https:\/\/libreriaguadalupe.com.ar\/libreria\/producto\/la-biblia-libro-del-pueblo-de-dios-edicion-simil-piel-bitono-con-cierre\/","og_site_name":"Editorial Guadalupe de Argentina","article_publisher":"https:\/\/www.facebook.com\/LibreriaGuadalupeAR\/","article_modified_time":"2026-04-06T18:17:05+00:00","og_image":[{"width":470,"height":470,"url":"https:\/\/libreriaguadalupe.com.ar\/libreria\/wp-content\/uploads\/2023\/01\/MES-DE-LA-BIBLIA-2024-lpd1.jpg","type":"image\/jpeg"}],"twitter_card":"summary_large_image","twitter_misc":{"Tiempo de lectura":"1 minuto"},"schema":{"@context":"https:\/\/schema.org","@graph":[{"@type":"WebPage","@id":"https:\/\/libreriaguadalupe.com.ar\/libreria\/producto\/la-biblia-libro-del-pueblo-de-dios-edicion-simil-piel-bitono-con-cierre\/","url":"https:\/\/libreriaguadalupe.com.ar\/libreria\/producto\/la-biblia-libro-del-pueblo-de-dios-edicion-simil-piel-bitono-con-cierre\/","name":"La Biblia. Libro del Pueblo de Dios - Editorial Guadalupe de Argentina","isPartOf":{"@id":"https:\/\/libreriaguadalupe.com.ar\/libreria\/#website"},"primaryImageOfPage":{"@id":"https:\/\/libreriaguadalupe.com.ar\/libreria\/producto\/la-biblia-libro-del-pueblo-de-dios-edicion-simil-piel-bitono-con-cierre\/#primaryimage"},"image":{"@id":"https:\/\/libreriaguadalupe.com.ar\/libreria\/producto\/la-biblia-libro-del-pueblo-de-dios-edicion-simil-piel-bitono-con-cierre\/#primaryimage"},"thumbnailUrl":"https:\/\/i0.wp.com\/libreriaguadalupe.com.ar\/libreria\/wp-content\/uploads\/2023\/01\/MES-DE-LA-BIBLIA-2024-lpd1.jpg?fit=470%2C470&ssl=1","datePublished":"2023-01-18T18:45:25+00:00","dateModified":"2026-04-06T18:17:05+00:00","breadcrumb":{"@id":"https:\/\/libreriaguadalupe.com.ar\/libreria\/producto\/la-biblia-libro-del-pueblo-de-dios-edicion-simil-piel-bitono-con-cierre\/#breadcrumb"},"inLanguage":"es","potentialAction":[{"@type":"ReadAction","target":["https:\/\/libreriaguadalupe.com.ar\/libreria\/producto\/la-biblia-libro-del-pueblo-de-dios-edicion-simil-piel-bitono-con-cierre\/"]}]},{"@type":"ImageObject","inLanguage":"es","@id":"https:\/\/libreriaguadalupe.com.ar\/libreria\/producto\/la-biblia-libro-del-pueblo-de-dios-edicion-simil-piel-bitono-con-cierre\/#primaryimage","url":"https:\/\/i0.wp.com\/libreriaguadalupe.com.ar\/libreria\/wp-content\/uploads\/2023\/01\/MES-DE-LA-BIBLIA-2024-lpd1.jpg?fit=470%2C470&ssl=1","contentUrl":"https:\/\/i0.wp.com\/libreriaguadalupe.com.ar\/libreria\/wp-content\/uploads\/2023\/01\/MES-DE-LA-BIBLIA-2024-lpd1.jpg?fit=470%2C470&ssl=1","width":470,"height":470},{"@type":"BreadcrumbList","@id":"https:\/\/libreriaguadalupe.com.ar\/libreria\/producto\/la-biblia-libro-del-pueblo-de-dios-edicion-simil-piel-bitono-con-cierre\/#breadcrumb","itemListElement":[{"@type":"ListItem","position":1,"name":"Portada","item":"https:\/\/libreriaguadalupe.com.ar\/libreria\/"},{"@type":"ListItem","position":2,"name":"Tienda","item":"https:\/\/libreriaguadalupe.com.ar\/libreria\/"},{"@type":"ListItem","position":3,"name":"La Biblia. Libro del Pueblo de Dios"}]},{"@type":"WebSite","@id":"https:\/\/libreriaguadalupe.com.ar\/libreria\/#website","url":"https:\/\/libreriaguadalupe.com.ar\/libreria\/","name":"Editorial Guadalupe de Argentina","description":"Congregaci\u00f3n del Verbo Divino","publisher":{"@id":"https:\/\/libreriaguadalupe.com.ar\/libreria\/#organization"},"alternateName":"Librer\u00eda Guadalupe","potentialAction":[{"@type":"SearchAction","target":{"@type":"EntryPoint","urlTemplate":"https:\/\/libreriaguadalupe.com.ar\/libreria\/?s={search_term_string}"},"query-input":{"@type":"PropertyValueSpecification","valueRequired":true,"valueName":"search_term_string"}}],"inLanguage":"es"},{"@type":"Organization","@id":"https:\/\/libreriaguadalupe.com.ar\/libreria\/#organization","name":"Editorial Guadalupe","alternateName":"Librer\u00eda Guadalupe","url":"https:\/\/libreriaguadalupe.com.ar\/libreria\/","logo":{"@type":"ImageObject","inLanguage":"es","@id":"https:\/\/libreriaguadalupe.com.ar\/libreria\/#\/schema\/logo\/image\/","url":"https:\/\/i0.wp.com\/libreriaguadalupe.com.ar\/libreria\/wp-content\/uploads\/2023\/01\/cropped-logo-editorial-guadalupe.webp?fit=500%2C100&ssl=1","contentUrl":"https:\/\/i0.wp.com\/libreriaguadalupe.com.ar\/libreria\/wp-content\/uploads\/2023\/01\/cropped-logo-editorial-guadalupe.webp?fit=500%2C100&ssl=1","width":500,"height":100,"caption":"Editorial Guadalupe"},"image":{"@id":"https:\/\/libreriaguadalupe.com.ar\/libreria\/#\/schema\/logo\/image\/"},"sameAs":["https:\/\/www.facebook.com\/LibreriaGuadalupeAR\/","https:\/\/www.instagram.com\/editorialguadalupe\/","https:\/\/guadalupeeditorial.mercadoshops.com.ar\/"]}]}},"jetpack_publicize_connections":[],"jetpack_sharing_enabled":true,"jetpack-related-posts":[{"id":16685,"url":"https:\/\/libreriaguadalupe.com.ar\/libreria\/producto\/la-biblia-libro-del-pueblo-de-dios-simil-piel-bitono-con-unero\/","url_meta":{"origin":12525,"position":0},"title":"La Biblia. Libro del Pueblo de Dios (simil piel bitono con u\u00f1ero)","author":"admin","date":"15\/03\/2023","format":false,"excerpt":"Edici\u00f3n simil piel bitono con u\u00f1eros Colecci\u00f3n La Biblia. Libro del Pueblo de Dios ISBN: 978-84-9073-132-1 Dimensiones: 22 x 15 cm P\u00e1ginas: 2288 Encuadernaci\u00f3n: cosida, flexible, tapa en s\u00edmil piel bitono marr\u00f3n, estampada oro en frente y lomo, con cinta registro y 42 u\u00f1eros","rel":"","context":"Entrada similar","block_context":{"text":"Entrada similar","link":""},"img":{"alt_text":"","src":"https:\/\/i0.wp.com\/libreriaguadalupe.com.ar\/libreria\/wp-content\/uploads\/2023\/03\/MES-DE-LA-BIBLIA-2024-lpd3.jpg?fit=470%2C470&ssl=1&resize=350%2C200","width":350,"height":200},"classes":[]},{"id":16693,"url":"https:\/\/libreriaguadalupe.com.ar\/libreria\/producto\/nuevo-testamento-del-pueblo-de-dios-simil-piel-bitono-mapa-america\/","url_meta":{"origin":12525,"position":1},"title":"Nuevo Testamento del Pueblo de Dios (simil piel bitono mapa am\u00e9rica)","author":"admin","date":"15\/03\/2023","format":false,"excerpt":"Edici\u00f3n comentada [s\u00edmil piel mapa Am\u00e9rica, impresi\u00f3n bitono] Colecci\u00f3n La Biblia. Libro del Pueblo de Dios Autor: Armando J. Levoratti ISBN: 978-84-9073-468-1 Dimensiones: 18 x 12 cm P\u00e1ginas: 680 Encuadernaci\u00f3n: Fexible, cosida, tapa s\u00edmil-piel impresa, con cabezadas, esquinas y lomo redondeados","rel":"","context":"Entrada similar","block_context":{"text":"Entrada similar","link":""},"img":{"alt_text":"","src":"https:\/\/i0.wp.com\/libreriaguadalupe.com.ar\/libreria\/wp-content\/uploads\/2023\/03\/MES-DE-LA-BIBLIA-2024-ntpd2.jpg?fit=470%2C470&ssl=1&resize=350%2C200","width":350,"height":200},"classes":[]},{"id":16697,"url":"https:\/\/libreriaguadalupe.com.ar\/libreria\/producto\/nuevo-testamento-del-pueblo-de-dios-simil-piel-marron-bitono\/","url_meta":{"origin":12525,"position":2},"title":"Nuevo Testamento del Pueblo de Dios (simil piel marr\u00f3n bitono)","author":"admin","date":"15\/03\/2023","format":false,"excerpt":"Edici\u00f3n comentada [s\u00edmil piel marr\u00f3n impresi\u00f3n bitono] Colecci\u00f3n La Biblia. Libro del Pueblo de Dios Autor: Armando J. Levoratti ISBN: 978-84-9073-470-4 Dimensiones: 18 x 12 cm P\u00e1ginas: 680 Encuadernaci\u00f3n: Flexible, cosida, tapa s\u00edmil piel marr\u00f3n, impresa oro en frente, lomo y trasera, con cabezadas, lomo y esquinas redondeadas","rel":"","context":"Entrada similar","block_context":{"text":"Entrada similar","link":""},"img":{"alt_text":"","src":"https:\/\/i0.wp.com\/libreriaguadalupe.com.ar\/libreria\/wp-content\/uploads\/2023\/03\/MES-DE-LA-BIBLIA-2024-ntpd3.jpg?fit=470%2C470&ssl=1&resize=350%2C200","width":350,"height":200},"classes":[]},{"id":16681,"url":"https:\/\/libreriaguadalupe.com.ar\/libreria\/producto\/la-biblia-libro-del-pueblo-de-dios-simil-piel-con-unero\/","url_meta":{"origin":12525,"position":3},"title":"La Biblia. Libro del Pueblo de Dios (simil piel con u\u00f1ero)","author":"admin","date":"15\/03\/2023","format":false,"excerpt":"Edici\u00f3n simil piel con u\u00f1eros Colecci\u00f3n La Biblia. Libro del Pueblo de Dios ISBN: 978-84-9073-131-4 Dimensiones: 22 x 15 cm P\u00e1ginas: 2288 Encuadernaci\u00f3n: cosida, flexible, tapa en s\u00edmil piel marr\u00f3n, estampada oro en frente y lomo, con cinta registro y 42 u\u00f1eros","rel":"","context":"Entrada similar","block_context":{"text":"Entrada similar","link":""},"img":{"alt_text":"","src":"https:\/\/i0.wp.com\/libreriaguadalupe.com.ar\/libreria\/wp-content\/uploads\/2023\/03\/MES-DE-LA-BIBLIA-2024-lpd2.jpg?fit=470%2C470&ssl=1&resize=350%2C200","width":350,"height":200},"classes":[]},{"id":16650,"url":"https:\/\/libreriaguadalupe.com.ar\/libreria\/producto\/la-biblia-catolica-para-la-fe-y-la-vida-cierre\/","url_meta":{"origin":12525,"position":4},"title":"La Biblia Cat\u00f3lica para la Fe y la Vida (cierre)","author":"admin","date":"14\/03\/2023","format":false,"excerpt":"[edici\u00f3n dos tintas \/ s\u00edmil piel con cremallera] Colecci\u00f3n La Biblia Cat\u00f3lica para la Fe y la Vida ISBN: 978-84-9073-421-6 Dimensiones: 24 x 15 cm P\u00e1ginas: 1920 Encuadernaci\u00f3n:\u00a0Cosida, tapa s\u00edmil piel impresa a 4 colores, con cabezadas, cinta registro, 42 u\u00f1eros, con cierre \u00a0 \u00a0","rel":"","context":"Entrada similar","block_context":{"text":"Entrada similar","link":""},"img":{"alt_text":"","src":"https:\/\/i0.wp.com\/libreriaguadalupe.com.ar\/libreria\/wp-content\/uploads\/2023\/03\/La-Biblia-Catolica-para-la-Fe-y-la-Vida-unero4.jpeg?fit=380%2C586&ssl=1&resize=350%2C200","width":350,"height":200},"classes":[]},{"id":16654,"url":"https:\/\/libreriaguadalupe.com.ar\/libreria\/producto\/la-biblia-catolica-para-jovenes-cierre\/","url_meta":{"origin":12525,"position":5},"title":"La Biblia Cat\u00f3lica para J\u00f3venes (cierre)","author":"admin","date":"14\/03\/2023","format":false,"excerpt":"edici\u00f3n dos tintas - Junior [s\u00edmil piel azul con cremallera] Colecci\u00f3n Biblia Cat\u00f3lica para J\u00f3venes ISBN: 978-84-9073-794-1 Dimensiones: 19 x 13 cm P\u00e1ginas: 1776 Encuadernaci\u00f3n: Cosida, tapa s\u00edmil piel impresa a 4 colores, con cabezadas, cinta registro, 21 u\u00f1eros, con cierre \u00a0","rel":"","context":"Entrada similar","block_context":{"text":"Entrada similar","link":""},"img":{"alt_text":"","src":"https:\/\/i0.wp.com\/libreriaguadalupe.com.ar\/libreria\/wp-content\/uploads\/2023\/03\/MES-DE-LA-BIBLIA-2024-jovenes2.jpg?fit=470%2C470&ssl=1&resize=350%2C200","width":350,"height":200},"classes":[]}],"_links":{"self":[{"href":"https:\/\/libreriaguadalupe.com.ar\/libreria\/wp-json\/wp\/v2\/product\/12525","targetHints":{"allow":["GET"]}}],"collection":[{"href":"https:\/\/libreriaguadalupe.com.ar\/libreria\/wp-json\/wp\/v2\/product"}],"about":[{"href":"https:\/\/libreriaguadalupe.com.ar\/libreria\/wp-json\/wp\/v2\/types\/product"}],"replies":[{"embeddable":true,"href":"https:\/\/libreriaguadalupe.com.ar\/libreria\/wp-json\/wp\/v2\/comments?post=12525"}],"version-history":[{"count":3,"href":"https:\/\/libreriaguadalupe.com.ar\/libreria\/wp-json\/wp\/v2\/product\/12525\/revisions"}],"predecessor-version":[{"id":16676,"href":"https:\/\/libreriaguadalupe.com.ar\/libreria\/wp-json\/wp\/v2\/product\/12525\/revisions\/16676"}],"wp:featuredmedia":[{"embeddable":true,"href":"https:\/\/libreriaguadalupe.com.ar\/libreria\/wp-json\/wp\/v2\/media\/18305"}],"wp:attachment":[{"href":"https:\/\/libreriaguadalupe.com.ar\/libreria\/wp-json\/wp\/v2\/media?parent=12525"}],"wp:term":[{"taxonomy":"product_brand","embeddable":true,"href":"https:\/\/libreriaguadalupe.com.ar\/libreria\/wp-json\/wp\/v2\/product_brand?post=12525"},{"taxonomy":"product_cat","embeddable":true,"href":"https:\/\/libreriaguadalupe.com.ar\/libreria\/wp-json\/wp\/v2\/product_cat?post=12525"},{"taxonomy":"product_tag","embeddable":true,"href":"https:\/\/libreriaguadalupe.com.ar\/libreria\/wp-json\/wp\/v2\/product_tag?post=12525"}],"curies":[{"name":"wp","href":"https:\/\/api.w.org\/{rel}","templated":true}]}}